{"id":23034,"date":"2024-04-12T07:44:04","date_gmt":"2024-04-12T07:44:04","guid":{"rendered":"https:\/\/nauti-parts.com\/shop\/unkategorisiert\/jobe-infinity-seascooter-paket\/"},"modified":"2024-04-12T07:44:04","modified_gmt":"2024-04-12T07:44:04","slug":"jobe-infinity-seascooter-paket","status":"publish","type":"product","link":"https:\/\/nauti-parts.com\/de\/shop\/wasserspielzeug\/seascooter\/jobe-infinity-seascooter-paket\/","title":{"rendered":"Jobe Infinity Seascooter Paket"},"content":{"rendered":"<p>Mit diesem selbstschwimmenden, elektrisch betriebenen Unterwasser-Scooter k\u00f6nnen Sie die Untiefen bis zu 30 Metern erkunden. Mit einer langen Batterie k\u00f6nnen Sie die Tiefen bis zu 40 Minuten lang erkunden. Und mit zwei mitgelieferten Batterien k\u00f6nnen Sie doppelt so lange erkunden! Au\u00dferdem verf\u00fcgt der Infinity Sea Scooter \u00fcber drei Geschwindigkeiten, mit denen Sie langsam oder z\u00fcgig fahren k\u00f6nnen! Halten Sie mit der integrierten GoPro-Halterung die Aussicht fest wie nie zuvor, damit Ihre Erinnerungen f\u00fcr immer bleiben.    <\/p>\n<p><img loading=\"lazy\" decoding=\"async\" class=\"aligncenter size-full wp-image-18122\" src=\"https:\/\/nauti-parts.com\/wp-content\/uploads\/2024\/04\/jobe-infinity-seascooter.jpg\" alt=\"\" width=\"2000\" height=\"2000\" srcset=\"https:\/\/nauti-parts.com\/wp-content\/uploads\/2024\/04\/jobe-infinity-seascooter.jpg 2000w, https:\/\/nauti-parts.com\/wp-content\/uploads\/2024\/04\/jobe-infinity-seascooter-150x150.jpg 150w, https:\/\/nauti-parts.com\/wp-content\/uploads\/2024\/04\/jobe-infinity-seascooter-300x300.jpg 300w, https:\/\/nauti-parts.com\/wp-content\/uploads\/2024\/04\/jobe-infinity-seascooter-768x768.jpg 768w, https:\/\/nauti-parts.com\/wp-content\/uploads\/2024\/04\/jobe-infinity-seascooter-1024x1024.jpg 1024w, https:\/\/nauti-parts.com\/wp-content\/uploads\/2024\/04\/jobe-infinity-seascooter-1536x1536.jpg 1536w, https:\/\/nauti-parts.com\/wp-content\/uploads\/2024\/04\/jobe-infinity-seascooter-350x350.jpg 350w, https:\/\/nauti-parts.com\/wp-content\/uploads\/2024\/04\/jobe-infinity-seascooter-920x920.jpg 920w, https:\/\/nauti-parts.com\/wp-content\/uploads\/2024\/04\/jobe-infinity-seascooter-100x100.jpg 100w\" sizes=\"auto, (max-width: 2000px) 100vw, 2000px\" \/><\/p>\n<hr>\n<div class=\"col-12 paragraph mt20\">\n<h2 class=\"title-3 fs24 mt20 boldTitleFont grey normal np\">Jobe Infinity Seascooter Paket<\/h2>\n<div class=\"col-12 paragraph mt20\">\n<ul class=\"autoColumn checkListSmall blackCheck\">\n<li>Reinigen Sie den Seascooter und die Batterie nach dem Gebrauch immer mit frischem Wasser. Lesen Sie vor der Benutzung die Anleitung! <\/li>\n<li>Packen Sie den Akku und den Seascooter separat ein, wenn Sie in ein Flugzeug steigen. Lesen Sie das Handbuch, bevor Sie ein Flugzeug besteigen. <\/li>\n<li>Selbstschwimmendes Design<\/li>\n<li>3 Geschwindigkeitsstufen bis zu: 5 Km\/h | 3,1 Mp\/h | 2,7 Knoten<\/li>\n<li>Ladedauer 4 Stunden pro Akku<\/li>\n<li>Abmessungen: 58cm x 24cm x 13cm | 23&#8243; x 9&#8243; x 8&#8243;<\/li>\n<li>Tauchen Sie bis zu 30m | 98ft.<\/li>\n<li>GoPro-Halterung an der Oberseite, um Ihre Unterwassererlebnisse festzuhalten<\/li>\n<li>Maximale Schubkraft 9KG<\/li>\n<li>Gepolsterte Tasche<\/li>\n<li>Schnorchelset Temperaturgrenzen: min: -10\u00b0C | 14\u00b0F, max: 45\u00b0C | 113\u00b0F Gesamt<\/li>\n<li>Gewicht: 3,5 kg | 7,7 lbs<\/li>\n<li>Laufzeit bis zu 2 x 37,5 Minuten Zwei Li-Ionen (25,2V \/ 5Ah)<\/li>\n<li class=\"productManual\"><a contenteditable=\"false\" href=\"https:\/\/jobesports.com\/uploads\/product\/manual\/INFINITY%20SEASCOOTER%20(PRO)-manual-142x205mm_5DEC2023%201.pdf\" target=\"blank\" rel=\"noopener\">Produkthandbuch herunterladen<\/a><\/li>\n<\/ul>\n<\/div>\n<\/div>\n","protected":false},"excerpt":{"rendered":"<p>Der Jobe Infinity Unterwasser-Scooter Pro mit Tasche und Schnorchel erfindet den Spa\u00df unter der Wasseroberfl\u00e4che neu!<\/p>\n<ul>\n<li><strong>2 x 500W Motoren<\/strong><\/li>\n<li><strong>3 Geschwindigkeitsstufen bis zu: 5 Km\/h | 3,1 Mp\/h | 2,7 Knoten<\/strong><\/li>\n<li><strong>Ladedauer 4 Stunden pro Akku<\/strong><\/li>\n<li><strong>Tauchen Sie bis zu 30m | 98ft.<\/strong><\/li>\n<li><strong>GoPro-Halterung zur Aufnahme Ihrer Unterwassererlebnisse<\/strong><\/li>\n<li><strong>Selbstschwimmendes Design<\/strong><\/li>\n<li><strong>Schnorchelset<\/strong><\/li>\n<\/ul>\n","protected":false},"featured_media":18121,"comment_status":"open","ping_status":"closed","template":"","meta":{"_acf_changed":false},"product_brand":[],"product_cat":[348,245,205],"product_tag":[],"class_list":{"0":"post-23034","1":"product","2":"type-product","3":"status-publish","4":"has-post-thumbnail","6":"product_cat-jobe-unendlichkeit","7":"product_cat-seascooter","8":"product_cat-wasserspielzeug","9":"repupress_customize_woocommerce_productom_class","11":"first","12":"instock","13":"taxable","14":"shipping-taxable","15":"purchasable","16":"product-type-simple"},"acf":[],"yoast_head":"<!-- This site is optimized with the Yoast SEO plugin v27.2 - https:\/\/yoast.com\/product\/yoast-seo-wordpress\/ -->\n<title>Jobe Infinity Seascooter Paket | Nauti Parts<\/title>\n<meta name=\"robots\" content=\"index, follow, max-snippet:-1, max-image-preview:large, max-video-preview:-1\" \/>\n<link rel=\"canonical\" href=\"https:\/\/nauti-parts.com\/de\/shop\/wasserspielzeug\/seascooter\/jobe-infinity-seascooter-paket\/\" \/>\n<meta property=\"og:locale\" content=\"de_DE\" \/>\n<meta property=\"og:type\" content=\"article\" \/>\n<meta property=\"og:title\" content=\"Jobe Infinity Seascooter Paket | Nauti Parts\" \/>\n<meta property=\"og:description\" content=\"Der Jobe Infinity Unterwasser-Scooter Pro mit Tasche und Schnorchel erfindet den Spa\u00df unter der Wasseroberfl\u00e4che neu!  2 x 500W Motoren  3 Geschwindigkeitsstufen bis zu: 5 Km\/h | 3,1 Mp\/h | 2,7 Knoten  Ladedauer 4 Stunden pro Akku  Tauchen Sie bis zu 30m | 98ft.  GoPro-Halterung zur Aufnahme Ihrer Unterwassererlebnisse  Selbstschwimmendes Design  Schnorchelset\" \/>\n<meta property=\"og:url\" content=\"https:\/\/nauti-parts.com\/de\/shop\/wasserspielzeug\/seascooter\/jobe-infinity-seascooter-paket\/\" \/>\n<meta property=\"og:site_name\" content=\"Nauti Parts\" \/>\n<meta property=\"article:publisher\" content=\"https:\/\/www.facebook.com\/nautipartsspain\/\" \/>\n<meta property=\"og:image\" content=\"https:\/\/nauti-parts.com\/wp-content\/uploads\/2024\/04\/281024014-zoom.jpg\" \/>\n\t<meta property=\"og:image:width\" content=\"1500\" \/>\n\t<meta property=\"og:image:height\" content=\"1500\" \/>\n\t<meta property=\"og:image:type\" content=\"image\/jpeg\" \/>\n<meta name=\"twitter:card\" content=\"summary_large_image\" \/>\n<meta name=\"twitter:label1\" content=\"Gesch\u00e4tzte Lesezeit\" \/>\n\t<meta name=\"twitter:data1\" content=\"1\u00a0Minute\" \/>\n<script type=\"application\/ld+json\" class=\"yoast-schema-graph\">{\"@context\":\"https:\/\/schema.org\",\"@graph\":[{\"@type\":\"WebPage\",\"@id\":\"https:\/\/nauti-parts.com\/de\/shop\/wasserspielzeug\/seascooter\/jobe-infinity-seascooter-paket\/\",\"url\":\"https:\/\/nauti-parts.com\/de\/shop\/wasserspielzeug\/seascooter\/jobe-infinity-seascooter-paket\/\",\"name\":\"Jobe Infinity Seascooter Paket | Nauti Parts\",\"isPartOf\":{\"@id\":\"https:\/\/nauti-parts.com\/de\/#website\"},\"primaryImageOfPage\":{\"@id\":\"https:\/\/nauti-parts.com\/de\/shop\/wasserspielzeug\/seascooter\/jobe-infinity-seascooter-paket\/#primaryimage\"},\"image\":{\"@id\":\"https:\/\/nauti-parts.com\/de\/shop\/wasserspielzeug\/seascooter\/jobe-infinity-seascooter-paket\/#primaryimage\"},\"thumbnailUrl\":\"https:\/\/nauti-parts.com\/wp-content\/uploads\/2024\/04\/281024014-zoom.jpg\",\"datePublished\":\"2024-04-12T07:44:04+00:00\",\"breadcrumb\":{\"@id\":\"https:\/\/nauti-parts.com\/de\/shop\/wasserspielzeug\/seascooter\/jobe-infinity-seascooter-paket\/#breadcrumb\"},\"inLanguage\":\"de\",\"potentialAction\":[{\"@type\":\"ReadAction\",\"target\":[\"https:\/\/nauti-parts.com\/de\/shop\/wasserspielzeug\/seascooter\/jobe-infinity-seascooter-paket\/\"]}]},{\"@type\":\"ImageObject\",\"inLanguage\":\"de\",\"@id\":\"https:\/\/nauti-parts.com\/de\/shop\/wasserspielzeug\/seascooter\/jobe-infinity-seascooter-paket\/#primaryimage\",\"url\":\"https:\/\/nauti-parts.com\/wp-content\/uploads\/2024\/04\/281024014-zoom.jpg\",\"contentUrl\":\"https:\/\/nauti-parts.com\/wp-content\/uploads\/2024\/04\/281024014-zoom.jpg\",\"width\":1500,\"height\":1500},{\"@type\":\"BreadcrumbList\",\"@id\":\"https:\/\/nauti-parts.com\/de\/shop\/wasserspielzeug\/seascooter\/jobe-infinity-seascooter-paket\/#breadcrumb\",\"itemListElement\":[{\"@type\":\"ListItem\",\"position\":1,\"name\":\"Shop\",\"item\":\"https:\/\/nauti-parts.com\/de\/shop\/\"},{\"@type\":\"ListItem\",\"position\":2,\"name\":\"Jobe Infinity Seascooter Paket\"}]},{\"@type\":\"WebSite\",\"@id\":\"https:\/\/nauti-parts.com\/de\/#website\",\"url\":\"https:\/\/nauti-parts.com\/de\/\",\"name\":\"Nauti Parts\",\"description\":\"Sea-Doo Jet Ski - Seabob Dealer and Rentals | Water Toys Mallorca\",\"publisher\":{\"@id\":\"https:\/\/nauti-parts.com\/de\/#organization\"},\"potentialAction\":[{\"@type\":\"SearchAction\",\"target\":{\"@type\":\"EntryPoint\",\"urlTemplate\":\"https:\/\/nauti-parts.com\/de\/?s={search_term_string}\"},\"query-input\":{\"@type\":\"PropertyValueSpecification\",\"valueRequired\":true,\"valueName\":\"search_term_string\"}}],\"inLanguage\":\"de\"},{\"@type\":\"Organization\",\"@id\":\"https:\/\/nauti-parts.com\/de\/#organization\",\"name\":\"Nauti Teile\",\"url\":\"https:\/\/nauti-parts.com\/de\/\",\"logo\":{\"@type\":\"ImageObject\",\"inLanguage\":\"de\",\"@id\":\"https:\/\/nauti-parts.com\/de\/#\/schema\/logo\/image\/\",\"url\":\"https:\/\/nauti-parts.com\/wp-content\/uploads\/2023\/10\/np-logo-black.png\",\"contentUrl\":\"https:\/\/nauti-parts.com\/wp-content\/uploads\/2023\/10\/np-logo-black.png\",\"width\":253,\"height\":100,\"caption\":\"Nauti Teile\"},\"image\":{\"@id\":\"https:\/\/nauti-parts.com\/de\/#\/schema\/logo\/image\/\"},\"sameAs\":[\"https:\/\/www.facebook.com\/nautipartsspain\/\",\"https:\/\/www.instagram.com\/nautiparts\/\"]}]}<\/script>\n<!-- \/ Yoast SEO plugin. -->","yoast_head_json":{"title":"Jobe Infinity Seascooter Paket | Nauti Parts","robots":{"index":"index","follow":"follow","max-snippet":"max-snippet:-1","max-image-preview":"max-image-preview:large","max-video-preview":"max-video-preview:-1"},"canonical":"https:\/\/nauti-parts.com\/de\/shop\/wasserspielzeug\/seascooter\/jobe-infinity-seascooter-paket\/","og_locale":"de_DE","og_type":"article","og_title":"Jobe Infinity Seascooter Paket | Nauti Parts","og_description":"Der Jobe Infinity Unterwasser-Scooter Pro mit Tasche und Schnorchel erfindet den Spa\u00df unter der Wasseroberfl\u00e4che neu!  2 x 500W Motoren  3 Geschwindigkeitsstufen bis zu: 5 Km\/h | 3,1 Mp\/h | 2,7 Knoten  Ladedauer 4 Stunden pro Akku  Tauchen Sie bis zu 30m | 98ft.  GoPro-Halterung zur Aufnahme Ihrer Unterwassererlebnisse  Selbstschwimmendes Design  Schnorchelset","og_url":"https:\/\/nauti-parts.com\/de\/shop\/wasserspielzeug\/seascooter\/jobe-infinity-seascooter-paket\/","og_site_name":"Nauti Parts","article_publisher":"https:\/\/www.facebook.com\/nautipartsspain\/","og_image":[{"width":1500,"height":1500,"url":"https:\/\/nauti-parts.com\/wp-content\/uploads\/2024\/04\/281024014-zoom.jpg","type":"image\/jpeg"}],"twitter_card":"summary_large_image","twitter_misc":{"Gesch\u00e4tzte Lesezeit":"1\u00a0Minute"},"schema":{"@context":"https:\/\/schema.org","@graph":[{"@type":"WebPage","@id":"https:\/\/nauti-parts.com\/de\/shop\/wasserspielzeug\/seascooter\/jobe-infinity-seascooter-paket\/","url":"https:\/\/nauti-parts.com\/de\/shop\/wasserspielzeug\/seascooter\/jobe-infinity-seascooter-paket\/","name":"Jobe Infinity Seascooter Paket | Nauti Parts","isPartOf":{"@id":"https:\/\/nauti-parts.com\/de\/#website"},"primaryImageOfPage":{"@id":"https:\/\/nauti-parts.com\/de\/shop\/wasserspielzeug\/seascooter\/jobe-infinity-seascooter-paket\/#primaryimage"},"image":{"@id":"https:\/\/nauti-parts.com\/de\/shop\/wasserspielzeug\/seascooter\/jobe-infinity-seascooter-paket\/#primaryimage"},"thumbnailUrl":"https:\/\/nauti-parts.com\/wp-content\/uploads\/2024\/04\/281024014-zoom.jpg","datePublished":"2024-04-12T07:44:04+00:00","breadcrumb":{"@id":"https:\/\/nauti-parts.com\/de\/shop\/wasserspielzeug\/seascooter\/jobe-infinity-seascooter-paket\/#breadcrumb"},"inLanguage":"de","potentialAction":[{"@type":"ReadAction","target":["https:\/\/nauti-parts.com\/de\/shop\/wasserspielzeug\/seascooter\/jobe-infinity-seascooter-paket\/"]}]},{"@type":"ImageObject","inLanguage":"de","@id":"https:\/\/nauti-parts.com\/de\/shop\/wasserspielzeug\/seascooter\/jobe-infinity-seascooter-paket\/#primaryimage","url":"https:\/\/nauti-parts.com\/wp-content\/uploads\/2024\/04\/281024014-zoom.jpg","contentUrl":"https:\/\/nauti-parts.com\/wp-content\/uploads\/2024\/04\/281024014-zoom.jpg","width":1500,"height":1500},{"@type":"BreadcrumbList","@id":"https:\/\/nauti-parts.com\/de\/shop\/wasserspielzeug\/seascooter\/jobe-infinity-seascooter-paket\/#breadcrumb","itemListElement":[{"@type":"ListItem","position":1,"name":"Shop","item":"https:\/\/nauti-parts.com\/de\/shop\/"},{"@type":"ListItem","position":2,"name":"Jobe Infinity Seascooter Paket"}]},{"@type":"WebSite","@id":"https:\/\/nauti-parts.com\/de\/#website","url":"https:\/\/nauti-parts.com\/de\/","name":"Nauti Parts","description":"Sea-Doo Jet Ski - Seabob Dealer and Rentals | Water Toys Mallorca","publisher":{"@id":"https:\/\/nauti-parts.com\/de\/#organization"},"potentialAction":[{"@type":"SearchAction","target":{"@type":"EntryPoint","urlTemplate":"https:\/\/nauti-parts.com\/de\/?s={search_term_string}"},"query-input":{"@type":"PropertyValueSpecification","valueRequired":true,"valueName":"search_term_string"}}],"inLanguage":"de"},{"@type":"Organization","@id":"https:\/\/nauti-parts.com\/de\/#organization","name":"Nauti Teile","url":"https:\/\/nauti-parts.com\/de\/","logo":{"@type":"ImageObject","inLanguage":"de","@id":"https:\/\/nauti-parts.com\/de\/#\/schema\/logo\/image\/","url":"https:\/\/nauti-parts.com\/wp-content\/uploads\/2023\/10\/np-logo-black.png","contentUrl":"https:\/\/nauti-parts.com\/wp-content\/uploads\/2023\/10\/np-logo-black.png","width":253,"height":100,"caption":"Nauti Teile"},"image":{"@id":"https:\/\/nauti-parts.com\/de\/#\/schema\/logo\/image\/"},"sameAs":["https:\/\/www.facebook.com\/nautipartsspain\/","https:\/\/www.instagram.com\/nautiparts\/"]}]}},"_links":{"self":[{"href":"https:\/\/nauti-parts.com\/de\/wp-json\/wp\/v2\/product\/23034","targetHints":{"allow":["GET"]}}],"collection":[{"href":"https:\/\/nauti-parts.com\/de\/wp-json\/wp\/v2\/product"}],"about":[{"href":"https:\/\/nauti-parts.com\/de\/wp-json\/wp\/v2\/types\/product"}],"replies":[{"embeddable":true,"href":"https:\/\/nauti-parts.com\/de\/wp-json\/wp\/v2\/comments?post=23034"}],"wp:featuredmedia":[{"embeddable":true,"href":"https:\/\/nauti-parts.com\/de\/wp-json\/wp\/v2\/media\/18121"}],"wp:attachment":[{"href":"https:\/\/nauti-parts.com\/de\/wp-json\/wp\/v2\/media?parent=23034"}],"wp:term":[{"taxonomy":"product_brand","embeddable":true,"href":"https:\/\/nauti-parts.com\/de\/wp-json\/wp\/v2\/product_brand?post=23034"},{"taxonomy":"product_cat","embeddable":true,"href":"https:\/\/nauti-parts.com\/de\/wp-json\/wp\/v2\/product_cat?post=23034"},{"taxonomy":"product_tag","embeddable":true,"href":"https:\/\/nauti-parts.com\/de\/wp-json\/wp\/v2\/product_tag?post=23034"}],"curies":[{"name":"wp","href":"https:\/\/api.w.org\/{rel}","templated":true}]}}