{"id":22904,"date":"2022-03-15T12:21:15","date_gmt":"2022-03-15T12:21:15","guid":{"rendered":"https:\/\/nauti-parts.com\/shop\/unkategorisiert\/fliteboard-air\/"},"modified":"2022-03-15T12:21:15","modified_gmt":"2022-03-15T12:21:15","slug":"fliteboard-air","status":"publish","type":"product","link":"https:\/\/nauti-parts.com\/de\/shop\/bretter-skier\/e-folien\/fliteboard\/fliteboard-air\/","title":{"rendered":"Fliteboard Air"},"content":{"rendered":"<p class=\"p1\">Fliteboard AIR ist das schwimmf\u00e4higste, stabilste und haltbarste Board. Das perfekte eFoil f\u00fcr Yachten, Fliteschulen und Resorts. <\/p>\n<div class=\"Grid__Cell 1\/2--phone 1\/3--tablet-and-up 1\/3--desk\">\n<div class=\"details-block pb-1\">\n<div class=\"details-block-content-air-info-grid-text\">\n<p class=\"block-heading-air-info-grid-text\">Das <b>aufblasbare<br \/>\n<\/b>Fliteboard AIR hat ein aufblasbares \u00c4u\u00dferes, wodurch es leichter zu benutzen und f\u00fcr den Transport und die Aufbewahrung einfach zusammenzurollen ist.<\/p>\n<\/div>\n<\/div>\n<\/div>\n<div class=\"details-block pb-1\">\n<div class=\"details-block-content-air-info-grid-text\">\n<p class=\"block-heading-air-info-grid-text\">Das <b>robuste<br \/>\n<\/b>Fliteboard AIR ist daf\u00fcr gemacht, benutzt zu werden! Ob in der Flugschule oder auf der Yacht, es ist robust genug, um immer Spa\u00df zu machen. <\/p>\n<\/div>\n<\/div>\n<div class=\"details-block pb-1\">\n<div class=\"details-block-content-air-info-grid-text\">\n<p class=\"block-heading-air-info-grid-text\"><b>Schwimmf\u00e4hig<br \/>\n<\/b>Mit einer Gewichtskapazit\u00e4t von 100 kg und 150 Litern Volumen k\u00f6nnen schwerere Fahrer m\u00fchelos liegen, knien und stehen<\/p>\n<\/div>\n<\/div>\n<div class=\"details-block pb-1\">\n<div class=\"details-block-content-air-info-grid-text\">\n<p class=\"block-heading-air-info-grid-text\"><b>Stabil<br \/>\n<\/b>Die zus\u00e4tzliche Breite und L\u00e4nge bedeutet, dass es eine sichere und stabile Plattform ist, um die Kunst des eFoiling zu erlernen.<\/p>\n<\/div>\n<\/div>\n<div class=\"details-block pb-1\">\n<div class=\"details-block-content-air-info-grid-text\">\n<p class=\"block-heading-air-info-grid-text\"><b>Leichtg\u00e4ngig<br \/>\n<\/b>Das Fliteboard AIR hat einen k\u00fcrzeren Mast. Mit einer L\u00e4nge von 60 cm erm\u00f6glicht er ein fehlerverzeihendes und entspanntes Fahren. <\/p>\n<\/div>\n<\/div>\n<div class=\"Grid__Cell 1\/2--phone 1\/3--tablet-and-up 1\/3--desk\">\n<div class=\"details-block pb-1\">\n<div class=\"details-block-content-air-info-grid-text\">\n<p class=\"block-heading-air-info-grid-text\"><b>Teilen Sie die Freude<br \/>\n<\/b>Wenn Sie zum ersten Mal auf einem eFoil sind, macht Fliteboard AIR es Freunden und Familie leicht, es zu lernen.<\/p>\n<\/div>\n<\/div>\n<\/div>\n<hr>\n<p>DER ANGEGEBENE PREIS BEINHALTET DATEIZELLE, FOLIE UND FL\u00dcGEL, FLITE JET, STANDARD-LADEGER\u00c4T, FLITE CONTROLLER + EINFUHRGEB\u00dcHREN, Z\u00d6LLE &amp; STEUERN, VERSAND &amp; SCHULUNG<\/p>\n","protected":false},"excerpt":{"rendered":"<h3 class=\"sub-heading-air-info-hero hidden-phone h2\">Gebaut f\u00fcr die h\u00e4rtesten Abenteuer. Sogar lernen. <\/h3>\n<p>DER ANGEGEBENE PREIS BEINHALTET ARBEITEN, IMPORTGEB\u00dcHREN, Z\u00d6LLE UND STEUERN, VERSAND UND SCHULUNG<\/p>\n","protected":false},"featured_media":18225,"comment_status":"open","ping_status":"closed","template":"","meta":{"_acf_changed":false},"product_brand":[],"product_cat":[214,222,223],"product_tag":[],"class_list":{"0":"post-22904","1":"product","2":"type-product","3":"status-publish","4":"has-post-thumbnail","6":"product_cat-bretter-skier","7":"product_cat-e-folien","8":"product_cat-fliteboard","9":"repupress_customize_woocommerce_productom_class","11":"first","12":"instock","13":"featured","14":"taxable","15":"shipping-taxable","16":"purchasable","17":"product-type-variable"},"acf":[],"yoast_head":"<!-- This site is optimized with the Yoast SEO plugin v27.5 - https:\/\/yoast.com\/product\/yoast-seo-wordpress\/ -->\n<title>Fliteboard Air | Nauti Parts<\/title>\n<meta name=\"robots\" content=\"index, follow, max-snippet:-1, max-image-preview:large, max-video-preview:-1\" \/>\n<link rel=\"canonical\" href=\"https:\/\/nauti-parts.com\/de\/shop\/bretter-skier\/e-folien\/fliteboard\/fliteboard-air\/\" \/>\n<meta property=\"og:locale\" content=\"de_DE\" \/>\n<meta property=\"og:type\" content=\"article\" \/>\n<meta property=\"og:title\" content=\"Fliteboard Air | Nauti Parts\" \/>\n<meta property=\"og:description\" content=\"Gebaut f\u00fcr die h\u00e4rtesten Abenteuer. Sogar lernen. DER ANGEGEBENE PREIS BEINHALTET ARBEITEN, IMPORTGEB\u00dcHREN, Z\u00d6LLE UND STEUERN, VERSAND UND SCHULUNG\" \/>\n<meta property=\"og:url\" content=\"https:\/\/nauti-parts.com\/de\/shop\/bretter-skier\/e-folien\/fliteboard\/fliteboard-air\/\" \/>\n<meta property=\"og:site_name\" content=\"Nauti Parts\" \/>\n<meta property=\"article:publisher\" content=\"https:\/\/www.facebook.com\/nautipartsspain\/\" \/>\n<meta property=\"og:image\" content=\"https:\/\/nauti-parts.com\/wp-content\/uploads\/2022\/03\/flite-air-acai.png\" \/>\n\t<meta property=\"og:image:width\" content=\"1024\" \/>\n\t<meta property=\"og:image:height\" content=\"1024\" \/>\n\t<meta property=\"og:image:type\" content=\"image\/png\" \/>\n<meta name=\"twitter:card\" content=\"summary_large_image\" \/>\n<meta name=\"twitter:label1\" content=\"Gesch\u00e4tzte Lesezeit\" \/>\n\t<meta name=\"twitter:data1\" content=\"1\u00a0Minute\" \/>\n<script type=\"application\/ld+json\" class=\"yoast-schema-graph\">{\"@context\":\"https:\\\/\\\/schema.org\",\"@graph\":[{\"@type\":\"WebPage\",\"@id\":\"https:\\\/\\\/nauti-parts.com\\\/de\\\/shop\\\/bretter-skier\\\/e-folien\\\/fliteboard\\\/fliteboard-air\\\/\",\"url\":\"https:\\\/\\\/nauti-parts.com\\\/de\\\/shop\\\/bretter-skier\\\/e-folien\\\/fliteboard\\\/fliteboard-air\\\/\",\"name\":\"Fliteboard Air | Nauti Parts\",\"isPartOf\":{\"@id\":\"https:\\\/\\\/nauti-parts.com\\\/de\\\/#website\"},\"primaryImageOfPage\":{\"@id\":\"https:\\\/\\\/nauti-parts.com\\\/de\\\/shop\\\/bretter-skier\\\/e-folien\\\/fliteboard\\\/fliteboard-air\\\/#primaryimage\"},\"image\":{\"@id\":\"https:\\\/\\\/nauti-parts.com\\\/de\\\/shop\\\/bretter-skier\\\/e-folien\\\/fliteboard\\\/fliteboard-air\\\/#primaryimage\"},\"thumbnailUrl\":\"https:\\\/\\\/nauti-parts.com\\\/wp-content\\\/uploads\\\/2022\\\/03\\\/flite-air-acai.png\",\"datePublished\":\"2022-03-15T12:21:15+00:00\",\"breadcrumb\":{\"@id\":\"https:\\\/\\\/nauti-parts.com\\\/de\\\/shop\\\/bretter-skier\\\/e-folien\\\/fliteboard\\\/fliteboard-air\\\/#breadcrumb\"},\"inLanguage\":\"de\",\"potentialAction\":[{\"@type\":\"ReadAction\",\"target\":[\"https:\\\/\\\/nauti-parts.com\\\/de\\\/shop\\\/bretter-skier\\\/e-folien\\\/fliteboard\\\/fliteboard-air\\\/\"]}]},{\"@type\":\"ImageObject\",\"inLanguage\":\"de\",\"@id\":\"https:\\\/\\\/nauti-parts.com\\\/de\\\/shop\\\/bretter-skier\\\/e-folien\\\/fliteboard\\\/fliteboard-air\\\/#primaryimage\",\"url\":\"https:\\\/\\\/nauti-parts.com\\\/wp-content\\\/uploads\\\/2022\\\/03\\\/flite-air-acai.png\",\"contentUrl\":\"https:\\\/\\\/nauti-parts.com\\\/wp-content\\\/uploads\\\/2022\\\/03\\\/flite-air-acai.png\",\"width\":1024,\"height\":1024},{\"@type\":\"BreadcrumbList\",\"@id\":\"https:\\\/\\\/nauti-parts.com\\\/de\\\/shop\\\/bretter-skier\\\/e-folien\\\/fliteboard\\\/fliteboard-air\\\/#breadcrumb\",\"itemListElement\":[{\"@type\":\"ListItem\",\"position\":1,\"name\":\"Shop\",\"item\":\"https:\\\/\\\/nauti-parts.com\\\/de\\\/shop\\\/\"},{\"@type\":\"ListItem\",\"position\":2,\"name\":\"Fliteboard Air\"}]},{\"@type\":\"WebSite\",\"@id\":\"https:\\\/\\\/nauti-parts.com\\\/de\\\/#website\",\"url\":\"https:\\\/\\\/nauti-parts.com\\\/de\\\/\",\"name\":\"Nauti Parts\",\"description\":\"Sea-Doo Jet Ski - Seabob Dealer and Rentals | Water Toys Mallorca\",\"publisher\":{\"@id\":\"https:\\\/\\\/nauti-parts.com\\\/de\\\/#organization\"},\"potentialAction\":[{\"@type\":\"SearchAction\",\"target\":{\"@type\":\"EntryPoint\",\"urlTemplate\":\"https:\\\/\\\/nauti-parts.com\\\/de\\\/?s={search_term_string}\"},\"query-input\":{\"@type\":\"PropertyValueSpecification\",\"valueRequired\":true,\"valueName\":\"search_term_string\"}}],\"inLanguage\":\"de\"},{\"@type\":\"Organization\",\"@id\":\"https:\\\/\\\/nauti-parts.com\\\/de\\\/#organization\",\"name\":\"Nauti Teile\",\"url\":\"https:\\\/\\\/nauti-parts.com\\\/de\\\/\",\"logo\":{\"@type\":\"ImageObject\",\"inLanguage\":\"de\",\"@id\":\"https:\\\/\\\/nauti-parts.com\\\/de\\\/#\\\/schema\\\/logo\\\/image\\\/\",\"url\":\"https:\\\/\\\/nauti-parts.com\\\/wp-content\\\/uploads\\\/2023\\\/10\\\/np-logo-black.png\",\"contentUrl\":\"https:\\\/\\\/nauti-parts.com\\\/wp-content\\\/uploads\\\/2023\\\/10\\\/np-logo-black.png\",\"width\":253,\"height\":100,\"caption\":\"Nauti Teile\"},\"image\":{\"@id\":\"https:\\\/\\\/nauti-parts.com\\\/de\\\/#\\\/schema\\\/logo\\\/image\\\/\"},\"sameAs\":[\"https:\\\/\\\/www.facebook.com\\\/nautipartsspain\\\/\",\"https:\\\/\\\/www.instagram.com\\\/nautiparts\\\/\"]}]}<\/script>\n<!-- \/ Yoast SEO plugin. -->","yoast_head_json":{"title":"Fliteboard Air | Nauti Parts","robots":{"index":"index","follow":"follow","max-snippet":"max-snippet:-1","max-image-preview":"max-image-preview:large","max-video-preview":"max-video-preview:-1"},"canonical":"https:\/\/nauti-parts.com\/de\/shop\/bretter-skier\/e-folien\/fliteboard\/fliteboard-air\/","og_locale":"de_DE","og_type":"article","og_title":"Fliteboard Air | Nauti Parts","og_description":"Gebaut f\u00fcr die h\u00e4rtesten Abenteuer. Sogar lernen. DER ANGEGEBENE PREIS BEINHALTET ARBEITEN, IMPORTGEB\u00dcHREN, Z\u00d6LLE UND STEUERN, VERSAND UND SCHULUNG","og_url":"https:\/\/nauti-parts.com\/de\/shop\/bretter-skier\/e-folien\/fliteboard\/fliteboard-air\/","og_site_name":"Nauti Parts","article_publisher":"https:\/\/www.facebook.com\/nautipartsspain\/","og_image":[{"width":1024,"height":1024,"url":"https:\/\/nauti-parts.com\/wp-content\/uploads\/2022\/03\/flite-air-acai.png","type":"image\/png"}],"twitter_card":"summary_large_image","twitter_misc":{"Gesch\u00e4tzte Lesezeit":"1\u00a0Minute"},"schema":{"@context":"https:\/\/schema.org","@graph":[{"@type":"WebPage","@id":"https:\/\/nauti-parts.com\/de\/shop\/bretter-skier\/e-folien\/fliteboard\/fliteboard-air\/","url":"https:\/\/nauti-parts.com\/de\/shop\/bretter-skier\/e-folien\/fliteboard\/fliteboard-air\/","name":"Fliteboard Air | Nauti Parts","isPartOf":{"@id":"https:\/\/nauti-parts.com\/de\/#website"},"primaryImageOfPage":{"@id":"https:\/\/nauti-parts.com\/de\/shop\/bretter-skier\/e-folien\/fliteboard\/fliteboard-air\/#primaryimage"},"image":{"@id":"https:\/\/nauti-parts.com\/de\/shop\/bretter-skier\/e-folien\/fliteboard\/fliteboard-air\/#primaryimage"},"thumbnailUrl":"https:\/\/nauti-parts.com\/wp-content\/uploads\/2022\/03\/flite-air-acai.png","datePublished":"2022-03-15T12:21:15+00:00","breadcrumb":{"@id":"https:\/\/nauti-parts.com\/de\/shop\/bretter-skier\/e-folien\/fliteboard\/fliteboard-air\/#breadcrumb"},"inLanguage":"de","potentialAction":[{"@type":"ReadAction","target":["https:\/\/nauti-parts.com\/de\/shop\/bretter-skier\/e-folien\/fliteboard\/fliteboard-air\/"]}]},{"@type":"ImageObject","inLanguage":"de","@id":"https:\/\/nauti-parts.com\/de\/shop\/bretter-skier\/e-folien\/fliteboard\/fliteboard-air\/#primaryimage","url":"https:\/\/nauti-parts.com\/wp-content\/uploads\/2022\/03\/flite-air-acai.png","contentUrl":"https:\/\/nauti-parts.com\/wp-content\/uploads\/2022\/03\/flite-air-acai.png","width":1024,"height":1024},{"@type":"BreadcrumbList","@id":"https:\/\/nauti-parts.com\/de\/shop\/bretter-skier\/e-folien\/fliteboard\/fliteboard-air\/#breadcrumb","itemListElement":[{"@type":"ListItem","position":1,"name":"Shop","item":"https:\/\/nauti-parts.com\/de\/shop\/"},{"@type":"ListItem","position":2,"name":"Fliteboard Air"}]},{"@type":"WebSite","@id":"https:\/\/nauti-parts.com\/de\/#website","url":"https:\/\/nauti-parts.com\/de\/","name":"Nauti Parts","description":"Sea-Doo Jet Ski - Seabob Dealer and Rentals | Water Toys Mallorca","publisher":{"@id":"https:\/\/nauti-parts.com\/de\/#organization"},"potentialAction":[{"@type":"SearchAction","target":{"@type":"EntryPoint","urlTemplate":"https:\/\/nauti-parts.com\/de\/?s={search_term_string}"},"query-input":{"@type":"PropertyValueSpecification","valueRequired":true,"valueName":"search_term_string"}}],"inLanguage":"de"},{"@type":"Organization","@id":"https:\/\/nauti-parts.com\/de\/#organization","name":"Nauti Teile","url":"https:\/\/nauti-parts.com\/de\/","logo":{"@type":"ImageObject","inLanguage":"de","@id":"https:\/\/nauti-parts.com\/de\/#\/schema\/logo\/image\/","url":"https:\/\/nauti-parts.com\/wp-content\/uploads\/2023\/10\/np-logo-black.png","contentUrl":"https:\/\/nauti-parts.com\/wp-content\/uploads\/2023\/10\/np-logo-black.png","width":253,"height":100,"caption":"Nauti Teile"},"image":{"@id":"https:\/\/nauti-parts.com\/de\/#\/schema\/logo\/image\/"},"sameAs":["https:\/\/www.facebook.com\/nautipartsspain\/","https:\/\/www.instagram.com\/nautiparts\/"]}]}},"_links":{"self":[{"href":"https:\/\/nauti-parts.com\/de\/wp-json\/wp\/v2\/product\/22904","targetHints":{"allow":["GET"]}}],"collection":[{"href":"https:\/\/nauti-parts.com\/de\/wp-json\/wp\/v2\/product"}],"about":[{"href":"https:\/\/nauti-parts.com\/de\/wp-json\/wp\/v2\/types\/product"}],"replies":[{"embeddable":true,"href":"https:\/\/nauti-parts.com\/de\/wp-json\/wp\/v2\/comments?post=22904"}],"wp:featuredmedia":[{"embeddable":true,"href":"https:\/\/nauti-parts.com\/de\/wp-json\/wp\/v2\/media\/18225"}],"wp:attachment":[{"href":"https:\/\/nauti-parts.com\/de\/wp-json\/wp\/v2\/media?parent=22904"}],"wp:term":[{"taxonomy":"product_brand","embeddable":true,"href":"https:\/\/nauti-parts.com\/de\/wp-json\/wp\/v2\/product_brand?post=22904"},{"taxonomy":"product_cat","embeddable":true,"href":"https:\/\/nauti-parts.com\/de\/wp-json\/wp\/v2\/product_cat?post=22904"},{"taxonomy":"product_tag","embeddable":true,"href":"https:\/\/nauti-parts.com\/de\/wp-json\/wp\/v2\/product_tag?post=22904"}],"curies":[{"name":"wp","href":"https:\/\/api.w.org\/{rel}","templated":true}]}}