{"id":22855,"date":"2022-08-27T08:29:42","date_gmt":"2022-08-27T08:29:42","guid":{"rendered":"https:\/\/nauti-parts.com\/shop\/unkategorisiert\/troepfchen-1p\/"},"modified":"2022-08-27T08:29:42","modified_gmt":"2022-08-27T08:29:42","slug":"troepfchen-1p","status":"publish","type":"product","link":"https:\/\/nauti-parts.com\/de\/shop\/wasserspielzeug\/abschleppwagen\/jobe\/troepfchen-1p\/","title":{"rendered":"Tr\u00f6pfchen 1P"},"content":{"rendered":"<div class=\"col-12 paragraph\">Dieses Droplet k\u00fchlt einen gl\u00fccklichen Fahrer im Handumdrehen ab! Das Droplet ist vollst\u00e4ndig mit doppelt gen\u00e4htem Nylon \u00fcber strapazierf\u00e4higen PVC-Blasen \u00fcberzogen. Ein praktischer Schnellverschluss erm\u00f6glicht ein einfaches Anschlie\u00dfen und Abnehmen des Seils. Sie werden den Komfort der 4 Griffe mit dem bequemen Neoprenkn\u00f6chelschutz und die Schnelligkeit des Einweg-Boston-Ventils zu sch\u00e4tzen wissen.   <\/div>\n<div class=\"col-12 paragraph mt20\">\n<ul class=\"autoColumn checkListSmall blackCheck\">\n<li><a href=\"https:\/\/www.jobesports.com\/en\/happycustomers\/\" target=\"_blank\" rel=\"noopener\">3 Jahre Garantie nach Registrierung<\/a><\/li>\n<li>4 Griffe mit Kn\u00f6chelschutz aus Neopren<\/li>\n<li>Doppelt gen\u00e4htes Nylon<\/li>\n<li>Einwegventil Boston<\/li>\n<li>Schnellanschluss f\u00fcr einfaches Abschleppen<\/li>\n<\/ul>\n<\/div>\n","protected":false},"excerpt":{"rendered":"<p>F\u00fchlen Sie sich hei\u00df?<\/p>\n","protected":false},"featured_media":16619,"comment_status":"open","ping_status":"closed","template":"","meta":{"_acf_changed":false},"product_brand":[],"product_cat":[206,207,205],"product_tag":[],"class_list":{"0":"post-22855","1":"product","2":"type-product","3":"status-publish","4":"has-post-thumbnail","6":"product_cat-abschleppwagen","7":"product_cat-jobe","8":"product_cat-wasserspielzeug","9":"repupress_customize_woocommerce_productom_class","11":"first","12":"instock","13":"taxable","14":"shipping-taxable","15":"purchasable","16":"product-type-simple"},"acf":[],"yoast_head":"<!-- This site is optimized with the Yoast SEO plugin v27.5 - https:\/\/yoast.com\/product\/yoast-seo-wordpress\/ -->\n<title>Tr\u00f6pfchen 1P | Nauti Parts<\/title>\n<meta name=\"robots\" content=\"index, follow, max-snippet:-1, max-image-preview:large, max-video-preview:-1\" \/>\n<link rel=\"canonical\" href=\"https:\/\/nauti-parts.com\/de\/shop\/wasserspielzeug\/abschleppwagen\/jobe\/troepfchen-1p\/\" \/>\n<meta property=\"og:locale\" content=\"de_DE\" \/>\n<meta property=\"og:type\" content=\"article\" \/>\n<meta property=\"og:title\" content=\"Tr\u00f6pfchen 1P | Nauti Parts\" \/>\n<meta property=\"og:description\" content=\"F\u00fchlen Sie sich hei\u00df?\" \/>\n<meta property=\"og:url\" content=\"https:\/\/nauti-parts.com\/de\/shop\/wasserspielzeug\/abschleppwagen\/jobe\/troepfchen-1p\/\" \/>\n<meta property=\"og:site_name\" content=\"Nauti Parts\" \/>\n<meta property=\"article:publisher\" content=\"https:\/\/www.facebook.com\/nautipartsspain\/\" \/>\n<meta property=\"og:image\" content=\"https:\/\/nauti-parts.com\/wp-content\/uploads\/2022\/08\/jobe-droplet.jpeg\" \/>\n\t<meta property=\"og:image:width\" content=\"960\" \/>\n\t<meta property=\"og:image:height\" content=\"1200\" \/>\n\t<meta property=\"og:image:type\" content=\"image\/jpeg\" \/>\n<meta name=\"twitter:card\" content=\"summary_large_image\" \/>\n<script type=\"application\/ld+json\" class=\"yoast-schema-graph\">{\"@context\":\"https:\\\/\\\/schema.org\",\"@graph\":[{\"@type\":\"WebPage\",\"@id\":\"https:\\\/\\\/nauti-parts.com\\\/de\\\/shop\\\/wasserspielzeug\\\/abschleppwagen\\\/jobe\\\/troepfchen-1p\\\/\",\"url\":\"https:\\\/\\\/nauti-parts.com\\\/de\\\/shop\\\/wasserspielzeug\\\/abschleppwagen\\\/jobe\\\/troepfchen-1p\\\/\",\"name\":\"Tr\u00f6pfchen 1P | Nauti Parts\",\"isPartOf\":{\"@id\":\"https:\\\/\\\/nauti-parts.com\\\/de\\\/#website\"},\"primaryImageOfPage\":{\"@id\":\"https:\\\/\\\/nauti-parts.com\\\/de\\\/shop\\\/wasserspielzeug\\\/abschleppwagen\\\/jobe\\\/troepfchen-1p\\\/#primaryimage\"},\"image\":{\"@id\":\"https:\\\/\\\/nauti-parts.com\\\/de\\\/shop\\\/wasserspielzeug\\\/abschleppwagen\\\/jobe\\\/troepfchen-1p\\\/#primaryimage\"},\"thumbnailUrl\":\"https:\\\/\\\/nauti-parts.com\\\/wp-content\\\/uploads\\\/2022\\\/08\\\/jobe-droplet.jpeg\",\"datePublished\":\"2022-08-27T08:29:42+00:00\",\"breadcrumb\":{\"@id\":\"https:\\\/\\\/nauti-parts.com\\\/de\\\/shop\\\/wasserspielzeug\\\/abschleppwagen\\\/jobe\\\/troepfchen-1p\\\/#breadcrumb\"},\"inLanguage\":\"de\",\"potentialAction\":[{\"@type\":\"ReadAction\",\"target\":[\"https:\\\/\\\/nauti-parts.com\\\/de\\\/shop\\\/wasserspielzeug\\\/abschleppwagen\\\/jobe\\\/troepfchen-1p\\\/\"]}]},{\"@type\":\"ImageObject\",\"inLanguage\":\"de\",\"@id\":\"https:\\\/\\\/nauti-parts.com\\\/de\\\/shop\\\/wasserspielzeug\\\/abschleppwagen\\\/jobe\\\/troepfchen-1p\\\/#primaryimage\",\"url\":\"https:\\\/\\\/nauti-parts.com\\\/wp-content\\\/uploads\\\/2022\\\/08\\\/jobe-droplet.jpeg\",\"contentUrl\":\"https:\\\/\\\/nauti-parts.com\\\/wp-content\\\/uploads\\\/2022\\\/08\\\/jobe-droplet.jpeg\",\"width\":960,\"height\":1200},{\"@type\":\"BreadcrumbList\",\"@id\":\"https:\\\/\\\/nauti-parts.com\\\/de\\\/shop\\\/wasserspielzeug\\\/abschleppwagen\\\/jobe\\\/troepfchen-1p\\\/#breadcrumb\",\"itemListElement\":[{\"@type\":\"ListItem\",\"position\":1,\"name\":\"Shop\",\"item\":\"https:\\\/\\\/nauti-parts.com\\\/de\\\/shop\\\/\"},{\"@type\":\"ListItem\",\"position\":2,\"name\":\"Tr\u00f6pfchen 1P\"}]},{\"@type\":\"WebSite\",\"@id\":\"https:\\\/\\\/nauti-parts.com\\\/de\\\/#website\",\"url\":\"https:\\\/\\\/nauti-parts.com\\\/de\\\/\",\"name\":\"Nauti Parts\",\"description\":\"Sea-Doo Jet Ski - Seabob Dealer and Rentals | Water Toys Mallorca\",\"publisher\":{\"@id\":\"https:\\\/\\\/nauti-parts.com\\\/de\\\/#organization\"},\"potentialAction\":[{\"@type\":\"SearchAction\",\"target\":{\"@type\":\"EntryPoint\",\"urlTemplate\":\"https:\\\/\\\/nauti-parts.com\\\/de\\\/?s={search_term_string}\"},\"query-input\":{\"@type\":\"PropertyValueSpecification\",\"valueRequired\":true,\"valueName\":\"search_term_string\"}}],\"inLanguage\":\"de\"},{\"@type\":\"Organization\",\"@id\":\"https:\\\/\\\/nauti-parts.com\\\/de\\\/#organization\",\"name\":\"Nauti Teile\",\"url\":\"https:\\\/\\\/nauti-parts.com\\\/de\\\/\",\"logo\":{\"@type\":\"ImageObject\",\"inLanguage\":\"de\",\"@id\":\"https:\\\/\\\/nauti-parts.com\\\/de\\\/#\\\/schema\\\/logo\\\/image\\\/\",\"url\":\"https:\\\/\\\/nauti-parts.com\\\/wp-content\\\/uploads\\\/2023\\\/10\\\/np-logo-black.png\",\"contentUrl\":\"https:\\\/\\\/nauti-parts.com\\\/wp-content\\\/uploads\\\/2023\\\/10\\\/np-logo-black.png\",\"width\":253,\"height\":100,\"caption\":\"Nauti Teile\"},\"image\":{\"@id\":\"https:\\\/\\\/nauti-parts.com\\\/de\\\/#\\\/schema\\\/logo\\\/image\\\/\"},\"sameAs\":[\"https:\\\/\\\/www.facebook.com\\\/nautipartsspain\\\/\",\"https:\\\/\\\/www.instagram.com\\\/nautiparts\\\/\"]}]}<\/script>\n<!-- \/ Yoast SEO plugin. -->","yoast_head_json":{"title":"Tr\u00f6pfchen 1P | Nauti Parts","robots":{"index":"index","follow":"follow","max-snippet":"max-snippet:-1","max-image-preview":"max-image-preview:large","max-video-preview":"max-video-preview:-1"},"canonical":"https:\/\/nauti-parts.com\/de\/shop\/wasserspielzeug\/abschleppwagen\/jobe\/troepfchen-1p\/","og_locale":"de_DE","og_type":"article","og_title":"Tr\u00f6pfchen 1P | Nauti Parts","og_description":"F\u00fchlen Sie sich hei\u00df?","og_url":"https:\/\/nauti-parts.com\/de\/shop\/wasserspielzeug\/abschleppwagen\/jobe\/troepfchen-1p\/","og_site_name":"Nauti Parts","article_publisher":"https:\/\/www.facebook.com\/nautipartsspain\/","og_image":[{"width":960,"height":1200,"url":"https:\/\/nauti-parts.com\/wp-content\/uploads\/2022\/08\/jobe-droplet.jpeg","type":"image\/jpeg"}],"twitter_card":"summary_large_image","schema":{"@context":"https:\/\/schema.org","@graph":[{"@type":"WebPage","@id":"https:\/\/nauti-parts.com\/de\/shop\/wasserspielzeug\/abschleppwagen\/jobe\/troepfchen-1p\/","url":"https:\/\/nauti-parts.com\/de\/shop\/wasserspielzeug\/abschleppwagen\/jobe\/troepfchen-1p\/","name":"Tr\u00f6pfchen 1P | Nauti Parts","isPartOf":{"@id":"https:\/\/nauti-parts.com\/de\/#website"},"primaryImageOfPage":{"@id":"https:\/\/nauti-parts.com\/de\/shop\/wasserspielzeug\/abschleppwagen\/jobe\/troepfchen-1p\/#primaryimage"},"image":{"@id":"https:\/\/nauti-parts.com\/de\/shop\/wasserspielzeug\/abschleppwagen\/jobe\/troepfchen-1p\/#primaryimage"},"thumbnailUrl":"https:\/\/nauti-parts.com\/wp-content\/uploads\/2022\/08\/jobe-droplet.jpeg","datePublished":"2022-08-27T08:29:42+00:00","breadcrumb":{"@id":"https:\/\/nauti-parts.com\/de\/shop\/wasserspielzeug\/abschleppwagen\/jobe\/troepfchen-1p\/#breadcrumb"},"inLanguage":"de","potentialAction":[{"@type":"ReadAction","target":["https:\/\/nauti-parts.com\/de\/shop\/wasserspielzeug\/abschleppwagen\/jobe\/troepfchen-1p\/"]}]},{"@type":"ImageObject","inLanguage":"de","@id":"https:\/\/nauti-parts.com\/de\/shop\/wasserspielzeug\/abschleppwagen\/jobe\/troepfchen-1p\/#primaryimage","url":"https:\/\/nauti-parts.com\/wp-content\/uploads\/2022\/08\/jobe-droplet.jpeg","contentUrl":"https:\/\/nauti-parts.com\/wp-content\/uploads\/2022\/08\/jobe-droplet.jpeg","width":960,"height":1200},{"@type":"BreadcrumbList","@id":"https:\/\/nauti-parts.com\/de\/shop\/wasserspielzeug\/abschleppwagen\/jobe\/troepfchen-1p\/#breadcrumb","itemListElement":[{"@type":"ListItem","position":1,"name":"Shop","item":"https:\/\/nauti-parts.com\/de\/shop\/"},{"@type":"ListItem","position":2,"name":"Tr\u00f6pfchen 1P"}]},{"@type":"WebSite","@id":"https:\/\/nauti-parts.com\/de\/#website","url":"https:\/\/nauti-parts.com\/de\/","name":"Nauti Parts","description":"Sea-Doo Jet Ski - Seabob Dealer and Rentals | Water Toys Mallorca","publisher":{"@id":"https:\/\/nauti-parts.com\/de\/#organization"},"potentialAction":[{"@type":"SearchAction","target":{"@type":"EntryPoint","urlTemplate":"https:\/\/nauti-parts.com\/de\/?s={search_term_string}"},"query-input":{"@type":"PropertyValueSpecification","valueRequired":true,"valueName":"search_term_string"}}],"inLanguage":"de"},{"@type":"Organization","@id":"https:\/\/nauti-parts.com\/de\/#organization","name":"Nauti Teile","url":"https:\/\/nauti-parts.com\/de\/","logo":{"@type":"ImageObject","inLanguage":"de","@id":"https:\/\/nauti-parts.com\/de\/#\/schema\/logo\/image\/","url":"https:\/\/nauti-parts.com\/wp-content\/uploads\/2023\/10\/np-logo-black.png","contentUrl":"https:\/\/nauti-parts.com\/wp-content\/uploads\/2023\/10\/np-logo-black.png","width":253,"height":100,"caption":"Nauti Teile"},"image":{"@id":"https:\/\/nauti-parts.com\/de\/#\/schema\/logo\/image\/"},"sameAs":["https:\/\/www.facebook.com\/nautipartsspain\/","https:\/\/www.instagram.com\/nautiparts\/"]}]}},"_links":{"self":[{"href":"https:\/\/nauti-parts.com\/de\/wp-json\/wp\/v2\/product\/22855","targetHints":{"allow":["GET"]}}],"collection":[{"href":"https:\/\/nauti-parts.com\/de\/wp-json\/wp\/v2\/product"}],"about":[{"href":"https:\/\/nauti-parts.com\/de\/wp-json\/wp\/v2\/types\/product"}],"replies":[{"embeddable":true,"href":"https:\/\/nauti-parts.com\/de\/wp-json\/wp\/v2\/comments?post=22855"}],"wp:featuredmedia":[{"embeddable":true,"href":"https:\/\/nauti-parts.com\/de\/wp-json\/wp\/v2\/media\/16619"}],"wp:attachment":[{"href":"https:\/\/nauti-parts.com\/de\/wp-json\/wp\/v2\/media?parent=22855"}],"wp:term":[{"taxonomy":"product_brand","embeddable":true,"href":"https:\/\/nauti-parts.com\/de\/wp-json\/wp\/v2\/product_brand?post=22855"},{"taxonomy":"product_cat","embeddable":true,"href":"https:\/\/nauti-parts.com\/de\/wp-json\/wp\/v2\/product_cat?post=22855"},{"taxonomy":"product_tag","embeddable":true,"href":"https:\/\/nauti-parts.com\/de\/wp-json\/wp\/v2\/product_tag?post=22855"}],"curies":[{"name":"wp","href":"https:\/\/api.w.org\/{rel}","templated":true}]}}