{"id":22799,"date":"2023-05-19T08:12:55","date_gmt":"2023-05-19T08:12:55","guid":{"rendered":"https:\/\/nauti-parts.com\/shop\/unkategorisiert\/gocycle-g4i-2\/"},"modified":"2023-05-19T08:12:55","modified_gmt":"2023-05-19T08:12:55","slug":"gocycle-g4i-2","status":"publish","type":"product","link":"https:\/\/nauti-parts.com\/de\/shop\/zubehor\/gocycle\/gocycle-g4i-2\/","title":{"rendered":"Gocycle G4i"},"content":{"rendered":"<p>Die Gocycle G4i Modelle verf\u00fcgen \u00fcber aktualisierte Versionen der branchenf\u00fchrenden, auf den Fahrer ausgerichteten Technologien von Gocycle. Dazu geh\u00f6ren das von der Formel 1 inspirierte Fahrer-Cockpit der Marke, die vorausschauende elektronische Gangschaltung und das patentierte, von der Automobilindustrie inspirierte Tagfahrlicht (DRL), das die Sicherheit des Fahrers erh\u00f6ht, indem es daf\u00fcr sorgt, dass er von weiter weg gesehen wird. Viele der einzigartigen, auf den Fahrer zugeschnittenen Einstellungen sind jetzt \u00fcber die GocycleConnect App einstellbar.  <\/p>\n<p>Das Gocycle G4i wird von dem brandneuen G4drive\u2122 Elektromotor angetrieben. Der G4drive\u2122 sorgt f\u00fcr ein sanftes und leises Fahrverhalten und bietet gleichzeitig mehr Drehmoment und die M\u00f6glichkeit, bei niedriger Geschwindigkeit anzufahren &#8211; und das alles in einem kompakten Paket, das in seiner Klasse f\u00fchrend ist. Der propriet\u00e4re G4drive\u2122 und das Getriebe wurden \u00fcber mehrere Jahre hinweg entwickelt und in der Forschungs- und Entwicklungsabteilung von Gocycle vielen, vielen Testkilometern unterzogen, um sicherzustellen, dass sie die hohen Zuverl\u00e4ssigkeitsstandards des G4i erf\u00fcllen.  <\/p>\n<p>Eine v\u00f6llig neue einseitige Vorderradgabel aus Karbonfaser beherbergt den vollst\u00e4ndig integrierten G4drive\u2122-Elektromotor und verbindet das Gocycle G4i-Chassis mit der Stra\u00dfe. Ihre glatten und flie\u00dfenden Linien sorgen f\u00fcr eine reine \u00c4sthetik und helfen gleichzeitig, die Belastung und das Gesamtgewicht zu reduzieren. Sie wurde mit mehr vertikaler Nachgiebigkeit f\u00fcr mehr Komfort entwickelt, w\u00e4hrend die Richtungssteifigkeit f\u00fcr ein sicheres Lenkverhalten in den Kurven erhalten bleibt.  <\/p>\n<p>Die renommierten Fahreigenschaften von Gocycle werden durch die Einf\u00fchrung eines neuen, leichteren und pr\u00e4ziseren Mittelrahmens aus Kohlefaser, der das Gocycle G4i Monocoque-Chassis bildet, weiter verbessert. Er bietet einen starken Kern und hat die wichtige Aufgabe, den hydrogeformten Aluminium-Vorderrahmen und den patentierten Magnesium-Cleandrive von Gocycle zu verbinden. Drei verschiedene Komponenten, drei verschiedene Materialien, die jeweils f\u00fcr drei verschiedene Aufgaben optimiert sind.  <\/p>\n","protected":false},"excerpt":{"rendered":"<p>Ma\u00dfgeschneidertes, von der F1 inspiriertes Fahrer-Cockpit, pr\u00e4diktive elektronische Schaltung und patentiertes, von der Automobilindustrie inspiriertes Tagfahrlicht (DRL)<\/p>\n<p> Kotfl\u00fcgel<strong>und Scheinwerfer sind jetzt serienm\u00e4\u00dfig enthalten.<\/strong><\/p>\n","protected":false},"featured_media":16966,"comment_status":"open","ping_status":"closed","template":"","meta":{"_acf_changed":false},"product_brand":[],"product_cat":[236,235],"product_tag":[],"class_list":{"0":"post-22799","1":"product","2":"type-product","3":"status-publish","4":"has-post-thumbnail","6":"product_cat-gocycle","8":"repupress_customize_woocommerce_productom_class","10":"first","11":"instock","12":"taxable","13":"shipping-taxable","14":"purchasable","15":"product-type-variable"},"acf":[],"yoast_head":"<!-- This site is optimized with the Yoast SEO plugin v27.2 - https:\/\/yoast.com\/product\/yoast-seo-wordpress\/ -->\n<title>Gocycle G4i | Nauti Parts<\/title>\n<meta name=\"robots\" content=\"index, follow, max-snippet:-1, max-image-preview:large, max-video-preview:-1\" \/>\n<link rel=\"canonical\" href=\"https:\/\/nauti-parts.com\/de\/shop\/zubehor\/gocycle\/gocycle-g4i-2\/\" \/>\n<meta property=\"og:locale\" content=\"de_DE\" \/>\n<meta property=\"og:type\" content=\"article\" \/>\n<meta property=\"og:title\" content=\"Gocycle G4i | Nauti Parts\" \/>\n<meta property=\"og:description\" content=\"Ma\u00dfgeschneidertes, von der F1 inspiriertes Fahrer-Cockpit, pr\u00e4diktive elektronische Schaltung und patentiertes, von der Automobilindustrie inspiriertes Tagfahrlicht (DRL)  Kotfl\u00fcgelund Scheinwerfer sind jetzt serienm\u00e4\u00dfig enthalten.\" \/>\n<meta property=\"og:url\" content=\"https:\/\/nauti-parts.com\/de\/shop\/zubehor\/gocycle\/gocycle-g4i-2\/\" \/>\n<meta property=\"og:site_name\" content=\"Nauti Parts\" \/>\n<meta property=\"article:publisher\" content=\"https:\/\/www.facebook.com\/nautipartsspain\/\" \/>\n<meta property=\"og:image\" content=\"https:\/\/nauti-parts.com\/wp-content\/uploads\/2023\/05\/2022-Gocycle-G4i-black-14_webstore.jpg\" \/>\n\t<meta property=\"og:image:width\" content=\"1920\" \/>\n\t<meta property=\"og:image:height\" content=\"1920\" \/>\n\t<meta property=\"og:image:type\" content=\"image\/jpeg\" \/>\n<meta name=\"twitter:card\" content=\"summary_large_image\" \/>\n<meta name=\"twitter:label1\" content=\"Gesch\u00e4tzte Lesezeit\" \/>\n\t<meta name=\"twitter:data1\" content=\"2\u00a0Minuten\" \/>\n<script type=\"application\/ld+json\" class=\"yoast-schema-graph\">{\"@context\":\"https:\/\/schema.org\",\"@graph\":[{\"@type\":\"WebPage\",\"@id\":\"https:\/\/nauti-parts.com\/de\/shop\/zubehor\/gocycle\/gocycle-g4i-2\/\",\"url\":\"https:\/\/nauti-parts.com\/de\/shop\/zubehor\/gocycle\/gocycle-g4i-2\/\",\"name\":\"Gocycle G4i | Nauti Parts\",\"isPartOf\":{\"@id\":\"https:\/\/nauti-parts.com\/de\/#website\"},\"primaryImageOfPage\":{\"@id\":\"https:\/\/nauti-parts.com\/de\/shop\/zubehor\/gocycle\/gocycle-g4i-2\/#primaryimage\"},\"image\":{\"@id\":\"https:\/\/nauti-parts.com\/de\/shop\/zubehor\/gocycle\/gocycle-g4i-2\/#primaryimage\"},\"thumbnailUrl\":\"https:\/\/nauti-parts.com\/wp-content\/uploads\/2023\/05\/2022-Gocycle-G4i-black-14_webstore.jpg\",\"datePublished\":\"2023-05-19T08:12:55+00:00\",\"breadcrumb\":{\"@id\":\"https:\/\/nauti-parts.com\/de\/shop\/zubehor\/gocycle\/gocycle-g4i-2\/#breadcrumb\"},\"inLanguage\":\"de\",\"potentialAction\":[{\"@type\":\"ReadAction\",\"target\":[\"https:\/\/nauti-parts.com\/de\/shop\/zubehor\/gocycle\/gocycle-g4i-2\/\"]}]},{\"@type\":\"ImageObject\",\"inLanguage\":\"de\",\"@id\":\"https:\/\/nauti-parts.com\/de\/shop\/zubehor\/gocycle\/gocycle-g4i-2\/#primaryimage\",\"url\":\"https:\/\/nauti-parts.com\/wp-content\/uploads\/2023\/05\/2022-Gocycle-G4i-black-14_webstore.jpg\",\"contentUrl\":\"https:\/\/nauti-parts.com\/wp-content\/uploads\/2023\/05\/2022-Gocycle-G4i-black-14_webstore.jpg\",\"width\":1920,\"height\":1920},{\"@type\":\"BreadcrumbList\",\"@id\":\"https:\/\/nauti-parts.com\/de\/shop\/zubehor\/gocycle\/gocycle-g4i-2\/#breadcrumb\",\"itemListElement\":[{\"@type\":\"ListItem\",\"position\":1,\"name\":\"Shop\",\"item\":\"https:\/\/nauti-parts.com\/de\/shop\/\"},{\"@type\":\"ListItem\",\"position\":2,\"name\":\"Gocycle G4i\"}]},{\"@type\":\"WebSite\",\"@id\":\"https:\/\/nauti-parts.com\/de\/#website\",\"url\":\"https:\/\/nauti-parts.com\/de\/\",\"name\":\"Nauti Parts\",\"description\":\"Sea-Doo Jet Ski - Seabob Dealer and Rentals | Water Toys Mallorca\",\"publisher\":{\"@id\":\"https:\/\/nauti-parts.com\/de\/#organization\"},\"potentialAction\":[{\"@type\":\"SearchAction\",\"target\":{\"@type\":\"EntryPoint\",\"urlTemplate\":\"https:\/\/nauti-parts.com\/de\/?s={search_term_string}\"},\"query-input\":{\"@type\":\"PropertyValueSpecification\",\"valueRequired\":true,\"valueName\":\"search_term_string\"}}],\"inLanguage\":\"de\"},{\"@type\":\"Organization\",\"@id\":\"https:\/\/nauti-parts.com\/de\/#organization\",\"name\":\"Nauti Teile\",\"url\":\"https:\/\/nauti-parts.com\/de\/\",\"logo\":{\"@type\":\"ImageObject\",\"inLanguage\":\"de\",\"@id\":\"https:\/\/nauti-parts.com\/de\/#\/schema\/logo\/image\/\",\"url\":\"https:\/\/nauti-parts.com\/wp-content\/uploads\/2023\/10\/np-logo-black.png\",\"contentUrl\":\"https:\/\/nauti-parts.com\/wp-content\/uploads\/2023\/10\/np-logo-black.png\",\"width\":253,\"height\":100,\"caption\":\"Nauti Teile\"},\"image\":{\"@id\":\"https:\/\/nauti-parts.com\/de\/#\/schema\/logo\/image\/\"},\"sameAs\":[\"https:\/\/www.facebook.com\/nautipartsspain\/\",\"https:\/\/www.instagram.com\/nautiparts\/\"]}]}<\/script>\n<!-- \/ Yoast SEO plugin. -->","yoast_head_json":{"title":"Gocycle G4i | Nauti Parts","robots":{"index":"index","follow":"follow","max-snippet":"max-snippet:-1","max-image-preview":"max-image-preview:large","max-video-preview":"max-video-preview:-1"},"canonical":"https:\/\/nauti-parts.com\/de\/shop\/zubehor\/gocycle\/gocycle-g4i-2\/","og_locale":"de_DE","og_type":"article","og_title":"Gocycle G4i | Nauti Parts","og_description":"Ma\u00dfgeschneidertes, von der F1 inspiriertes Fahrer-Cockpit, pr\u00e4diktive elektronische Schaltung und patentiertes, von der Automobilindustrie inspiriertes Tagfahrlicht (DRL)  Kotfl\u00fcgelund Scheinwerfer sind jetzt serienm\u00e4\u00dfig enthalten.","og_url":"https:\/\/nauti-parts.com\/de\/shop\/zubehor\/gocycle\/gocycle-g4i-2\/","og_site_name":"Nauti Parts","article_publisher":"https:\/\/www.facebook.com\/nautipartsspain\/","og_image":[{"width":1920,"height":1920,"url":"https:\/\/nauti-parts.com\/wp-content\/uploads\/2023\/05\/2022-Gocycle-G4i-black-14_webstore.jpg","type":"image\/jpeg"}],"twitter_card":"summary_large_image","twitter_misc":{"Gesch\u00e4tzte Lesezeit":"2\u00a0Minuten"},"schema":{"@context":"https:\/\/schema.org","@graph":[{"@type":"WebPage","@id":"https:\/\/nauti-parts.com\/de\/shop\/zubehor\/gocycle\/gocycle-g4i-2\/","url":"https:\/\/nauti-parts.com\/de\/shop\/zubehor\/gocycle\/gocycle-g4i-2\/","name":"Gocycle G4i | Nauti Parts","isPartOf":{"@id":"https:\/\/nauti-parts.com\/de\/#website"},"primaryImageOfPage":{"@id":"https:\/\/nauti-parts.com\/de\/shop\/zubehor\/gocycle\/gocycle-g4i-2\/#primaryimage"},"image":{"@id":"https:\/\/nauti-parts.com\/de\/shop\/zubehor\/gocycle\/gocycle-g4i-2\/#primaryimage"},"thumbnailUrl":"https:\/\/nauti-parts.com\/wp-content\/uploads\/2023\/05\/2022-Gocycle-G4i-black-14_webstore.jpg","datePublished":"2023-05-19T08:12:55+00:00","breadcrumb":{"@id":"https:\/\/nauti-parts.com\/de\/shop\/zubehor\/gocycle\/gocycle-g4i-2\/#breadcrumb"},"inLanguage":"de","potentialAction":[{"@type":"ReadAction","target":["https:\/\/nauti-parts.com\/de\/shop\/zubehor\/gocycle\/gocycle-g4i-2\/"]}]},{"@type":"ImageObject","inLanguage":"de","@id":"https:\/\/nauti-parts.com\/de\/shop\/zubehor\/gocycle\/gocycle-g4i-2\/#primaryimage","url":"https:\/\/nauti-parts.com\/wp-content\/uploads\/2023\/05\/2022-Gocycle-G4i-black-14_webstore.jpg","contentUrl":"https:\/\/nauti-parts.com\/wp-content\/uploads\/2023\/05\/2022-Gocycle-G4i-black-14_webstore.jpg","width":1920,"height":1920},{"@type":"BreadcrumbList","@id":"https:\/\/nauti-parts.com\/de\/shop\/zubehor\/gocycle\/gocycle-g4i-2\/#breadcrumb","itemListElement":[{"@type":"ListItem","position":1,"name":"Shop","item":"https:\/\/nauti-parts.com\/de\/shop\/"},{"@type":"ListItem","position":2,"name":"Gocycle G4i"}]},{"@type":"WebSite","@id":"https:\/\/nauti-parts.com\/de\/#website","url":"https:\/\/nauti-parts.com\/de\/","name":"Nauti Parts","description":"Sea-Doo Jet Ski - Seabob Dealer and Rentals | Water Toys Mallorca","publisher":{"@id":"https:\/\/nauti-parts.com\/de\/#organization"},"potentialAction":[{"@type":"SearchAction","target":{"@type":"EntryPoint","urlTemplate":"https:\/\/nauti-parts.com\/de\/?s={search_term_string}"},"query-input":{"@type":"PropertyValueSpecification","valueRequired":true,"valueName":"search_term_string"}}],"inLanguage":"de"},{"@type":"Organization","@id":"https:\/\/nauti-parts.com\/de\/#organization","name":"Nauti Teile","url":"https:\/\/nauti-parts.com\/de\/","logo":{"@type":"ImageObject","inLanguage":"de","@id":"https:\/\/nauti-parts.com\/de\/#\/schema\/logo\/image\/","url":"https:\/\/nauti-parts.com\/wp-content\/uploads\/2023\/10\/np-logo-black.png","contentUrl":"https:\/\/nauti-parts.com\/wp-content\/uploads\/2023\/10\/np-logo-black.png","width":253,"height":100,"caption":"Nauti Teile"},"image":{"@id":"https:\/\/nauti-parts.com\/de\/#\/schema\/logo\/image\/"},"sameAs":["https:\/\/www.facebook.com\/nautipartsspain\/","https:\/\/www.instagram.com\/nautiparts\/"]}]}},"_links":{"self":[{"href":"https:\/\/nauti-parts.com\/de\/wp-json\/wp\/v2\/product\/22799","targetHints":{"allow":["GET"]}}],"collection":[{"href":"https:\/\/nauti-parts.com\/de\/wp-json\/wp\/v2\/product"}],"about":[{"href":"https:\/\/nauti-parts.com\/de\/wp-json\/wp\/v2\/types\/product"}],"replies":[{"embeddable":true,"href":"https:\/\/nauti-parts.com\/de\/wp-json\/wp\/v2\/comments?post=22799"}],"wp:featuredmedia":[{"embeddable":true,"href":"https:\/\/nauti-parts.com\/de\/wp-json\/wp\/v2\/media\/16966"}],"wp:attachment":[{"href":"https:\/\/nauti-parts.com\/de\/wp-json\/wp\/v2\/media?parent=22799"}],"wp:term":[{"taxonomy":"product_brand","embeddable":true,"href":"https:\/\/nauti-parts.com\/de\/wp-json\/wp\/v2\/product_brand?post=22799"},{"taxonomy":"product_cat","embeddable":true,"href":"https:\/\/nauti-parts.com\/de\/wp-json\/wp\/v2\/product_cat?post=22799"},{"taxonomy":"product_tag","embeddable":true,"href":"https:\/\/nauti-parts.com\/de\/wp-json\/wp\/v2\/product_tag?post=22799"}],"curies":[{"name":"wp","href":"https:\/\/api.w.org\/{rel}","templated":true}]}}