{"id":22796,"date":"2023-03-10T15:39:04","date_gmt":"2023-03-10T15:39:04","guid":{"rendered":"https:\/\/nauti-parts.com\/shop\/unkategorisiert\/yachtbeach-3m-x-1-6m-plattform\/"},"modified":"2023-03-10T15:39:04","modified_gmt":"2023-03-10T15:39:04","slug":"yachtbeach-3m-x-1-6m-plattform","status":"publish","type":"product","link":"https:\/\/nauti-parts.com\/de\/shop\/aufblasbare-waren\/yacht-strand\/yachtbeach-3m-x-1-6m-plattform\/","title":{"rendered":"YachtBeach 3m x 1.6m Plattform"},"content":{"rendered":"<p>Mit diesen neuen und <strong>innovativen<\/strong> Yachtplattformen von YachtBeach k\u00f6nnen Sie Ihren eigenen Privatstrand direkt an Ihrem Boot anlegen. Diese Premium-Plattform wurde f\u00fcr leistungsliebende Yachtbesitzer entwickelt. Jetzt k\u00f6nnen Sie und Ihre G\u00e4ste die perfekte Insel zum Lesen, Entspannen oder Tauchen im und aus dem Wasser genie\u00dfen. YachtBeach kann eine Plattform f\u00fcr Fitness, Yoga und Achtsamkeit sein oder als schwimmende Party-Lounge f\u00fcr die besten Sessions und lustigsten Erinnerungen dienen.   <\/p>\n<p>Das 3 x 1,6 m gro\u00dfe St\u00fcck Freiheit kann auf <strong>verschiedene<\/strong> Weise kombiniert werden. Mit dem einzigartigen 10-Punkt-Griff-Verbindungssystem k\u00f6nnen Sie <strong>ganz einfach<\/strong> Ihre ideale Dockingstation f\u00fcr Ihren Jet Ski, Ihr Beiboot, Ihren Seabob, Ihr SUP und vieles mehr bauen. <\/p>\n<p>\u00c4sthetisch weiche, rutschfeste, strapazierf\u00e4hige, salzwasser- und UV-best\u00e4ndige Materialien garantieren luxuri\u00f6sen und lang anhaltenden Komfort.<\/p>\n<hr>\n<p><strong>Ma\u00dfe:  <\/strong><\/p>\n<ul>\n<li>300x 160 x 20cm<\/li>\n<li>Gewicht mit Tasche und Pumpe: 25kg &#8211; 55lbs<\/li>\n<li>Packma\u00df: 178 x 37 x 37cm<\/li>\n<\/ul>\n<p><strong>Beschreibung:<\/strong><\/p>\n<ul>\n<li>Hergestellt aus 20 cm verst\u00e4rktem, doppellagigem Dropstich<\/li>\n<li>2 Ballasts\u00e4cke<\/li>\n<li>Kunstleder Top Diamond Pearlwhite<\/li>\n<li>10 YACHTBEACH Griffe,<\/li>\n<li>Inklusive Badeleiterhalterung. <\/li>\n<\/ul>\n<hr>\n<div class=\" elementor-element elementor-element-e83f680 elementor-widget elementor-widget-heading\" data-id=\"e83f680\" data-element_type=\"widget\" data-widget_type=\"heading.default\">\n<div class=\"elementor-widget-container\">\n<h4 class=\"elementor-heading-title elementor-size-default\">Ihr klassischer schwimmender Strand<\/h4>\n<\/div>\n<\/div>\n<div class=\" elementor-element elementor-element-222f1ae0 elementor-widget elementor-widget-text-editor\" data-id=\"222f1ae0\" data-element_type=\"widget\" data-widget_type=\"text-editor.default\">\n<div class=\"elementor-widget-container\">\n<p>Der YachtBeach Classic 3.0 ist der perfekte Einstieg f\u00fcr Ihren privaten Yachtstrandbereich. Aus hochwertigem Dropstich-Material gefertigt, vergr\u00f6\u00dfern Sie den Lebensraum auf Ihrem Boot oder Ihrer Yacht im Handumdrehen. <\/p>\n<p>Mit der 3.0 Plattform schaffen Sie Ihren perfekten Platz f\u00fcr Jet Ski, Beiboot, Seabob, SUP oder Party. Modulare Konnektivit\u00e4t mit dem 10-Punkt YachtBeach Handle Connection System. <\/p>\n<p>Sie k\u00f6nnen verschiedene Konfigurationen bauen, wie z.B. eine L-Form, eine T-Form oder eine H-Form und vieles mehr. Bauen Sie ganz einfach Ihre ideale Andockstation f\u00fcr all Ihre lustigen Spielzeuge wie Ihren Jet Ski, Ihr Beiboot, Ihren Seabob, Ihr SUP und vieles mehr, oder erstellen Sie Ihr Lieblings-Setup f\u00fcr Ihre Trainings-, Entspannungs- und Partyzone.<br \/>\nDie 3.0 Plattform ist der einfachste Weg, Ihren privaten Platz zu schaffen. <\/p>\n<\/div>\n<\/div>\n","protected":false},"excerpt":{"rendered":"<h3>Schaffen Sie Ihren eigenen Privatstrand mit YachtBeach schwimmenden Plattformen<\/h3>\n","protected":false},"featured_media":16766,"comment_status":"open","ping_status":"closed","template":"","meta":{"_acf_changed":false},"product_brand":[],"product_cat":[239,243,240],"product_tag":[],"class_list":{"0":"post-22796","1":"product","2":"type-product","3":"status-publish","4":"has-post-thumbnail","6":"product_cat-aufblasbare-waren","7":"product_cat-plattformen","8":"product_cat-yacht-strand","9":"repupress_customize_woocommerce_productom_class","11":"first","12":"instock","13":"taxable","14":"shipping-taxable","15":"purchasable","16":"product-type-simple"},"acf":[],"yoast_head":"<!-- This site is optimized with the Yoast SEO plugin v27.5 - https:\/\/yoast.com\/product\/yoast-seo-wordpress\/ -->\n<title>YachtBeach 3m x 1.6m Plattform | Nauti Parts<\/title>\n<meta name=\"robots\" content=\"index, follow, max-snippet:-1, max-image-preview:large, max-video-preview:-1\" \/>\n<link rel=\"canonical\" href=\"https:\/\/nauti-parts.com\/de\/shop\/aufblasbare-waren\/yacht-strand\/yachtbeach-3m-x-1-6m-plattform\/\" \/>\n<meta property=\"og:locale\" content=\"de_DE\" \/>\n<meta property=\"og:type\" content=\"article\" \/>\n<meta property=\"og:title\" content=\"YachtBeach 3m x 1.6m Plattform | Nauti Parts\" \/>\n<meta property=\"og:description\" content=\"Schaffen Sie Ihren eigenen Privatstrand mit YachtBeach schwimmenden Plattformen\" \/>\n<meta property=\"og:url\" content=\"https:\/\/nauti-parts.com\/de\/shop\/aufblasbare-waren\/yacht-strand\/yachtbeach-3m-x-1-6m-plattform\/\" \/>\n<meta property=\"og:site_name\" content=\"Nauti Parts\" \/>\n<meta property=\"article:publisher\" content=\"https:\/\/www.facebook.com\/nautipartsspain\/\" \/>\n<meta property=\"og:image\" content=\"https:\/\/nauti-parts.com\/wp-content\/uploads\/2023\/03\/w1971004_yb_3.0_diamond.png\" \/>\n\t<meta property=\"og:image:width\" content=\"1920\" \/>\n\t<meta property=\"og:image:height\" content=\"1080\" \/>\n\t<meta property=\"og:image:type\" content=\"image\/png\" \/>\n<meta name=\"twitter:card\" content=\"summary_large_image\" \/>\n<meta name=\"twitter:label1\" content=\"Gesch\u00e4tzte Lesezeit\" \/>\n\t<meta name=\"twitter:data1\" content=\"1\u00a0Minute\" \/>\n<script type=\"application\/ld+json\" class=\"yoast-schema-graph\">{\"@context\":\"https:\\\/\\\/schema.org\",\"@graph\":[{\"@type\":\"WebPage\",\"@id\":\"https:\\\/\\\/nauti-parts.com\\\/de\\\/shop\\\/aufblasbare-waren\\\/yacht-strand\\\/yachtbeach-3m-x-1-6m-plattform\\\/\",\"url\":\"https:\\\/\\\/nauti-parts.com\\\/de\\\/shop\\\/aufblasbare-waren\\\/yacht-strand\\\/yachtbeach-3m-x-1-6m-plattform\\\/\",\"name\":\"YachtBeach 3m x 1.6m Plattform | Nauti Parts\",\"isPartOf\":{\"@id\":\"https:\\\/\\\/nauti-parts.com\\\/de\\\/#website\"},\"primaryImageOfPage\":{\"@id\":\"https:\\\/\\\/nauti-parts.com\\\/de\\\/shop\\\/aufblasbare-waren\\\/yacht-strand\\\/yachtbeach-3m-x-1-6m-plattform\\\/#primaryimage\"},\"image\":{\"@id\":\"https:\\\/\\\/nauti-parts.com\\\/de\\\/shop\\\/aufblasbare-waren\\\/yacht-strand\\\/yachtbeach-3m-x-1-6m-plattform\\\/#primaryimage\"},\"thumbnailUrl\":\"https:\\\/\\\/nauti-parts.com\\\/wp-content\\\/uploads\\\/2023\\\/03\\\/w1971004_yb_3.0_diamond.png\",\"datePublished\":\"2023-03-10T15:39:04+00:00\",\"breadcrumb\":{\"@id\":\"https:\\\/\\\/nauti-parts.com\\\/de\\\/shop\\\/aufblasbare-waren\\\/yacht-strand\\\/yachtbeach-3m-x-1-6m-plattform\\\/#breadcrumb\"},\"inLanguage\":\"de\",\"potentialAction\":[{\"@type\":\"ReadAction\",\"target\":[\"https:\\\/\\\/nauti-parts.com\\\/de\\\/shop\\\/aufblasbare-waren\\\/yacht-strand\\\/yachtbeach-3m-x-1-6m-plattform\\\/\"]}]},{\"@type\":\"ImageObject\",\"inLanguage\":\"de\",\"@id\":\"https:\\\/\\\/nauti-parts.com\\\/de\\\/shop\\\/aufblasbare-waren\\\/yacht-strand\\\/yachtbeach-3m-x-1-6m-plattform\\\/#primaryimage\",\"url\":\"https:\\\/\\\/nauti-parts.com\\\/wp-content\\\/uploads\\\/2023\\\/03\\\/w1971004_yb_3.0_diamond.png\",\"contentUrl\":\"https:\\\/\\\/nauti-parts.com\\\/wp-content\\\/uploads\\\/2023\\\/03\\\/w1971004_yb_3.0_diamond.png\",\"width\":1920,\"height\":1080},{\"@type\":\"BreadcrumbList\",\"@id\":\"https:\\\/\\\/nauti-parts.com\\\/de\\\/shop\\\/aufblasbare-waren\\\/yacht-strand\\\/yachtbeach-3m-x-1-6m-plattform\\\/#breadcrumb\",\"itemListElement\":[{\"@type\":\"ListItem\",\"position\":1,\"name\":\"Shop\",\"item\":\"https:\\\/\\\/nauti-parts.com\\\/de\\\/shop\\\/\"},{\"@type\":\"ListItem\",\"position\":2,\"name\":\"YachtBeach 3m x 1.6m Plattform\"}]},{\"@type\":\"WebSite\",\"@id\":\"https:\\\/\\\/nauti-parts.com\\\/de\\\/#website\",\"url\":\"https:\\\/\\\/nauti-parts.com\\\/de\\\/\",\"name\":\"Nauti Parts\",\"description\":\"Sea-Doo Jet Ski - Seabob Dealer and Rentals | Water Toys Mallorca\",\"publisher\":{\"@id\":\"https:\\\/\\\/nauti-parts.com\\\/de\\\/#organization\"},\"potentialAction\":[{\"@type\":\"SearchAction\",\"target\":{\"@type\":\"EntryPoint\",\"urlTemplate\":\"https:\\\/\\\/nauti-parts.com\\\/de\\\/?s={search_term_string}\"},\"query-input\":{\"@type\":\"PropertyValueSpecification\",\"valueRequired\":true,\"valueName\":\"search_term_string\"}}],\"inLanguage\":\"de\"},{\"@type\":\"Organization\",\"@id\":\"https:\\\/\\\/nauti-parts.com\\\/de\\\/#organization\",\"name\":\"Nauti Teile\",\"url\":\"https:\\\/\\\/nauti-parts.com\\\/de\\\/\",\"logo\":{\"@type\":\"ImageObject\",\"inLanguage\":\"de\",\"@id\":\"https:\\\/\\\/nauti-parts.com\\\/de\\\/#\\\/schema\\\/logo\\\/image\\\/\",\"url\":\"https:\\\/\\\/nauti-parts.com\\\/wp-content\\\/uploads\\\/2023\\\/10\\\/np-logo-black.png\",\"contentUrl\":\"https:\\\/\\\/nauti-parts.com\\\/wp-content\\\/uploads\\\/2023\\\/10\\\/np-logo-black.png\",\"width\":253,\"height\":100,\"caption\":\"Nauti Teile\"},\"image\":{\"@id\":\"https:\\\/\\\/nauti-parts.com\\\/de\\\/#\\\/schema\\\/logo\\\/image\\\/\"},\"sameAs\":[\"https:\\\/\\\/www.facebook.com\\\/nautipartsspain\\\/\",\"https:\\\/\\\/www.instagram.com\\\/nautiparts\\\/\"]}]}<\/script>\n<!-- \/ Yoast SEO plugin. -->","yoast_head_json":{"title":"YachtBeach 3m x 1.6m Plattform | Nauti Parts","robots":{"index":"index","follow":"follow","max-snippet":"max-snippet:-1","max-image-preview":"max-image-preview:large","max-video-preview":"max-video-preview:-1"},"canonical":"https:\/\/nauti-parts.com\/de\/shop\/aufblasbare-waren\/yacht-strand\/yachtbeach-3m-x-1-6m-plattform\/","og_locale":"de_DE","og_type":"article","og_title":"YachtBeach 3m x 1.6m Plattform | Nauti Parts","og_description":"Schaffen Sie Ihren eigenen Privatstrand mit YachtBeach schwimmenden Plattformen","og_url":"https:\/\/nauti-parts.com\/de\/shop\/aufblasbare-waren\/yacht-strand\/yachtbeach-3m-x-1-6m-plattform\/","og_site_name":"Nauti Parts","article_publisher":"https:\/\/www.facebook.com\/nautipartsspain\/","og_image":[{"width":1920,"height":1080,"url":"https:\/\/nauti-parts.com\/wp-content\/uploads\/2023\/03\/w1971004_yb_3.0_diamond.png","type":"image\/png"}],"twitter_card":"summary_large_image","twitter_misc":{"Gesch\u00e4tzte Lesezeit":"1\u00a0Minute"},"schema":{"@context":"https:\/\/schema.org","@graph":[{"@type":"WebPage","@id":"https:\/\/nauti-parts.com\/de\/shop\/aufblasbare-waren\/yacht-strand\/yachtbeach-3m-x-1-6m-plattform\/","url":"https:\/\/nauti-parts.com\/de\/shop\/aufblasbare-waren\/yacht-strand\/yachtbeach-3m-x-1-6m-plattform\/","name":"YachtBeach 3m x 1.6m Plattform | Nauti Parts","isPartOf":{"@id":"https:\/\/nauti-parts.com\/de\/#website"},"primaryImageOfPage":{"@id":"https:\/\/nauti-parts.com\/de\/shop\/aufblasbare-waren\/yacht-strand\/yachtbeach-3m-x-1-6m-plattform\/#primaryimage"},"image":{"@id":"https:\/\/nauti-parts.com\/de\/shop\/aufblasbare-waren\/yacht-strand\/yachtbeach-3m-x-1-6m-plattform\/#primaryimage"},"thumbnailUrl":"https:\/\/nauti-parts.com\/wp-content\/uploads\/2023\/03\/w1971004_yb_3.0_diamond.png","datePublished":"2023-03-10T15:39:04+00:00","breadcrumb":{"@id":"https:\/\/nauti-parts.com\/de\/shop\/aufblasbare-waren\/yacht-strand\/yachtbeach-3m-x-1-6m-plattform\/#breadcrumb"},"inLanguage":"de","potentialAction":[{"@type":"ReadAction","target":["https:\/\/nauti-parts.com\/de\/shop\/aufblasbare-waren\/yacht-strand\/yachtbeach-3m-x-1-6m-plattform\/"]}]},{"@type":"ImageObject","inLanguage":"de","@id":"https:\/\/nauti-parts.com\/de\/shop\/aufblasbare-waren\/yacht-strand\/yachtbeach-3m-x-1-6m-plattform\/#primaryimage","url":"https:\/\/nauti-parts.com\/wp-content\/uploads\/2023\/03\/w1971004_yb_3.0_diamond.png","contentUrl":"https:\/\/nauti-parts.com\/wp-content\/uploads\/2023\/03\/w1971004_yb_3.0_diamond.png","width":1920,"height":1080},{"@type":"BreadcrumbList","@id":"https:\/\/nauti-parts.com\/de\/shop\/aufblasbare-waren\/yacht-strand\/yachtbeach-3m-x-1-6m-plattform\/#breadcrumb","itemListElement":[{"@type":"ListItem","position":1,"name":"Shop","item":"https:\/\/nauti-parts.com\/de\/shop\/"},{"@type":"ListItem","position":2,"name":"YachtBeach 3m x 1.6m Plattform"}]},{"@type":"WebSite","@id":"https:\/\/nauti-parts.com\/de\/#website","url":"https:\/\/nauti-parts.com\/de\/","name":"Nauti Parts","description":"Sea-Doo Jet Ski - Seabob Dealer and Rentals | Water Toys Mallorca","publisher":{"@id":"https:\/\/nauti-parts.com\/de\/#organization"},"potentialAction":[{"@type":"SearchAction","target":{"@type":"EntryPoint","urlTemplate":"https:\/\/nauti-parts.com\/de\/?s={search_term_string}"},"query-input":{"@type":"PropertyValueSpecification","valueRequired":true,"valueName":"search_term_string"}}],"inLanguage":"de"},{"@type":"Organization","@id":"https:\/\/nauti-parts.com\/de\/#organization","name":"Nauti Teile","url":"https:\/\/nauti-parts.com\/de\/","logo":{"@type":"ImageObject","inLanguage":"de","@id":"https:\/\/nauti-parts.com\/de\/#\/schema\/logo\/image\/","url":"https:\/\/nauti-parts.com\/wp-content\/uploads\/2023\/10\/np-logo-black.png","contentUrl":"https:\/\/nauti-parts.com\/wp-content\/uploads\/2023\/10\/np-logo-black.png","width":253,"height":100,"caption":"Nauti Teile"},"image":{"@id":"https:\/\/nauti-parts.com\/de\/#\/schema\/logo\/image\/"},"sameAs":["https:\/\/www.facebook.com\/nautipartsspain\/","https:\/\/www.instagram.com\/nautiparts\/"]}]}},"_links":{"self":[{"href":"https:\/\/nauti-parts.com\/de\/wp-json\/wp\/v2\/product\/22796","targetHints":{"allow":["GET"]}}],"collection":[{"href":"https:\/\/nauti-parts.com\/de\/wp-json\/wp\/v2\/product"}],"about":[{"href":"https:\/\/nauti-parts.com\/de\/wp-json\/wp\/v2\/types\/product"}],"replies":[{"embeddable":true,"href":"https:\/\/nauti-parts.com\/de\/wp-json\/wp\/v2\/comments?post=22796"}],"wp:featuredmedia":[{"embeddable":true,"href":"https:\/\/nauti-parts.com\/de\/wp-json\/wp\/v2\/media\/16766"}],"wp:attachment":[{"href":"https:\/\/nauti-parts.com\/de\/wp-json\/wp\/v2\/media?parent=22796"}],"wp:term":[{"taxonomy":"product_brand","embeddable":true,"href":"https:\/\/nauti-parts.com\/de\/wp-json\/wp\/v2\/product_brand?post=22796"},{"taxonomy":"product_cat","embeddable":true,"href":"https:\/\/nauti-parts.com\/de\/wp-json\/wp\/v2\/product_cat?post=22796"},{"taxonomy":"product_tag","embeddable":true,"href":"https:\/\/nauti-parts.com\/de\/wp-json\/wp\/v2\/product_tag?post=22796"}],"curies":[{"name":"wp","href":"https:\/\/api.w.org\/{rel}","templated":true}]}}