{"id":22794,"date":"2023-05-19T08:29:24","date_gmt":"2023-05-19T08:29:24","guid":{"rendered":"https:\/\/nauti-parts.com\/shop\/unkategorisiert\/infinity-island-kleines-paket\/"},"modified":"2023-05-19T08:29:24","modified_gmt":"2023-05-19T08:29:24","slug":"infinity-island-kleines-paket","status":"publish","type":"product","link":"https:\/\/nauti-parts.com\/de\/shop\/aufblasbare-waren\/plattformen\/infinity-island-kleines-paket\/","title":{"rendered":"Infinity Island Kleines Paket"},"content":{"rendered":"<p>Unser neues Infinity Island Small Package ist modular aufgebaut, so dass Sie Ihre Yacht bis ins Unendliche erweitern k\u00f6nnen. Schaffen Sie einen einzigartigen Spielplatz f\u00fcr die Familie: ideal zum Sonnenbaden, f\u00fcr Yoga, zum Spielen oder zum Anlegen Ihres Jetskis oder Stand Up Paddle Boards. Mit einer Gr\u00f6\u00dfe von 250 x 150 Zentimetern hat diese Plattform eine Fl\u00e4che von 3,75m2. Das 5 mm dicke, rutschfeste EVA-Deckpad sorgt daf\u00fcr, dass Sie es auf dem Wasser bequem haben. Die 4 eingebauten Ballasts\u00e4cke mit einem einfachen Drainagesystem halten die Infinity Island an ihrem Platz. Und zu guter Letzt erhalten Sie auf dieses Produkt 3 Jahre Garantie nach der Registrierung!     <\/p>\n<p><strong>Jobe Infinity Insel Klein ohne Pumpe<\/strong><\/p>\n<ul class=\"autoColumn checkListSmall blackCheck\">\n<li>3 Jahre Garantie<\/li>\n<li><a href=\"https:\/\/www.jobesports.com\/en\/newsflash\/heat-bonded-technology-warm-sup-2678\/\" target=\"_blank\" rel=\"noopener\">W\u00e4rmegebundene Technologie: mehr Schichtqualit\u00e4t und Sicherheit<\/a><\/li>\n<li>Halkey Roberts Ventil<\/li>\n<li>10 Tragegriffe<\/li>\n<li>4 Ballasts\u00e4cke mit einfachem Drainagesystem<\/li>\n<li>5 mm dickes, rutschfestes, komfortables und langlebiges EVA-Deck<\/li>\n<li>8 gro\u00dfe einzelne D-Ringe und 4 Klettverschl\u00fcsse, um die Plattformen miteinander zu verbinden<\/li>\n<li>Druck: bis zu 20PSI (empfohlen: 6PSI)<\/li>\n<\/ul>\n","protected":false},"excerpt":{"rendered":"<p><strong>Wir haben alles, was Sie von unserer urspr\u00fcnglichen Jobe Infinity Island kennen und lieben, in eine neue, ultra-transportable Gr\u00f6\u00dfe gebracht!<\/strong><\/p>\n<ul class=\"autoColumn checkListSmall blackCheck\">\n<li>Gewichtskapazit\u00e4t: 200kg<\/li>\n<li>Gewicht: 26 kg<\/li>\n<li>Abmessungen im aufgeblasenen Zustand: 250 x 150 x 15cm<\/li>\n<li>Ma\u00dfe in gefaltetem Zustand: 164 x 40 x 22cm<\/li>\n<li>Volumen: 600 l<\/li>\n<li>Das Paket enth\u00e4lt: Aufblasbare Infinity Island klein, Badeleiter aus Edelstahl, Pumpe mit Batterie, PVC-Aufbewahrungstasche<\/li>\n<\/ul>\n","protected":false},"featured_media":16974,"comment_status":"open","ping_status":"closed","template":"","meta":{"_acf_changed":false},"product_brand":[],"product_cat":[239,243,205],"product_tag":[],"class_list":{"0":"post-22794","1":"product","2":"type-product","3":"status-publish","4":"has-post-thumbnail","6":"product_cat-aufblasbare-waren","7":"product_cat-plattformen","8":"product_cat-wasserspielzeug","9":"repupress_customize_woocommerce_productom_class","11":"first","12":"instock","13":"taxable","14":"shipping-taxable","15":"purchasable","16":"product-type-simple"},"acf":[],"yoast_head":"<!-- This site is optimized with the Yoast SEO plugin v27.5 - https:\/\/yoast.com\/product\/yoast-seo-wordpress\/ -->\n<title>Infinity Island Kleines Paket | Nauti Parts<\/title>\n<meta name=\"robots\" content=\"index, follow, max-snippet:-1, max-image-preview:large, max-video-preview:-1\" \/>\n<link rel=\"canonical\" href=\"https:\/\/nauti-parts.com\/de\/shop\/aufblasbare-waren\/plattformen\/infinity-island-kleines-paket\/\" \/>\n<meta property=\"og:locale\" content=\"de_DE\" \/>\n<meta property=\"og:type\" content=\"article\" \/>\n<meta property=\"og:title\" content=\"Infinity Island Kleines Paket | Nauti Parts\" \/>\n<meta property=\"og:description\" content=\"Wir haben alles, was Sie von unserer urspr\u00fcnglichen Jobe Infinity Island kennen und lieben, in eine neue, ultra-transportable Gr\u00f6\u00dfe gebracht!  Gewichtskapazit\u00e4t: 200kg  Gewicht: 26 kg  Abmessungen im aufgeblasenen Zustand: 250 x 150 x 15cm  Ma\u00dfe in gefaltetem Zustand: 164 x 40 x 22cm  Volumen: 600 l  Das Paket enth\u00e4lt: Aufblasbare Infinity Island klein, Badeleiter aus Edelstahl, Pumpe mit Batterie, PVC-Aufbewahrungstasche\" \/>\n<meta property=\"og:url\" content=\"https:\/\/nauti-parts.com\/de\/shop\/aufblasbare-waren\/plattformen\/infinity-island-kleines-paket\/\" \/>\n<meta property=\"og:site_name\" content=\"Nauti Parts\" \/>\n<meta property=\"article:publisher\" content=\"https:\/\/www.facebook.com\/nautipartsspain\/\" \/>\n<meta property=\"og:image\" content=\"https:\/\/nauti-parts.com\/wp-content\/uploads\/2023\/05\/288822001-zoom.jpg\" \/>\n\t<meta property=\"og:image:width\" content=\"1500\" \/>\n\t<meta property=\"og:image:height\" content=\"1500\" \/>\n\t<meta property=\"og:image:type\" content=\"image\/jpeg\" \/>\n<meta name=\"twitter:card\" content=\"summary_large_image\" \/>\n<meta name=\"twitter:label1\" content=\"Gesch\u00e4tzte Lesezeit\" \/>\n\t<meta name=\"twitter:data1\" content=\"1\u00a0Minute\" \/>\n<script type=\"application\/ld+json\" class=\"yoast-schema-graph\">{\"@context\":\"https:\\\/\\\/schema.org\",\"@graph\":[{\"@type\":\"WebPage\",\"@id\":\"https:\\\/\\\/nauti-parts.com\\\/de\\\/shop\\\/aufblasbare-waren\\\/plattformen\\\/infinity-island-kleines-paket\\\/\",\"url\":\"https:\\\/\\\/nauti-parts.com\\\/de\\\/shop\\\/aufblasbare-waren\\\/plattformen\\\/infinity-island-kleines-paket\\\/\",\"name\":\"Infinity Island Kleines Paket | Nauti Parts\",\"isPartOf\":{\"@id\":\"https:\\\/\\\/nauti-parts.com\\\/de\\\/#website\"},\"primaryImageOfPage\":{\"@id\":\"https:\\\/\\\/nauti-parts.com\\\/de\\\/shop\\\/aufblasbare-waren\\\/plattformen\\\/infinity-island-kleines-paket\\\/#primaryimage\"},\"image\":{\"@id\":\"https:\\\/\\\/nauti-parts.com\\\/de\\\/shop\\\/aufblasbare-waren\\\/plattformen\\\/infinity-island-kleines-paket\\\/#primaryimage\"},\"thumbnailUrl\":\"https:\\\/\\\/nauti-parts.com\\\/wp-content\\\/uploads\\\/2023\\\/05\\\/288822001-zoom.jpg\",\"datePublished\":\"2023-05-19T08:29:24+00:00\",\"breadcrumb\":{\"@id\":\"https:\\\/\\\/nauti-parts.com\\\/de\\\/shop\\\/aufblasbare-waren\\\/plattformen\\\/infinity-island-kleines-paket\\\/#breadcrumb\"},\"inLanguage\":\"de\",\"potentialAction\":[{\"@type\":\"ReadAction\",\"target\":[\"https:\\\/\\\/nauti-parts.com\\\/de\\\/shop\\\/aufblasbare-waren\\\/plattformen\\\/infinity-island-kleines-paket\\\/\"]}]},{\"@type\":\"ImageObject\",\"inLanguage\":\"de\",\"@id\":\"https:\\\/\\\/nauti-parts.com\\\/de\\\/shop\\\/aufblasbare-waren\\\/plattformen\\\/infinity-island-kleines-paket\\\/#primaryimage\",\"url\":\"https:\\\/\\\/nauti-parts.com\\\/wp-content\\\/uploads\\\/2023\\\/05\\\/288822001-zoom.jpg\",\"contentUrl\":\"https:\\\/\\\/nauti-parts.com\\\/wp-content\\\/uploads\\\/2023\\\/05\\\/288822001-zoom.jpg\",\"width\":1500,\"height\":1500},{\"@type\":\"BreadcrumbList\",\"@id\":\"https:\\\/\\\/nauti-parts.com\\\/de\\\/shop\\\/aufblasbare-waren\\\/plattformen\\\/infinity-island-kleines-paket\\\/#breadcrumb\",\"itemListElement\":[{\"@type\":\"ListItem\",\"position\":1,\"name\":\"Shop\",\"item\":\"https:\\\/\\\/nauti-parts.com\\\/de\\\/shop\\\/\"},{\"@type\":\"ListItem\",\"position\":2,\"name\":\"Infinity Island Kleines Paket\"}]},{\"@type\":\"WebSite\",\"@id\":\"https:\\\/\\\/nauti-parts.com\\\/de\\\/#website\",\"url\":\"https:\\\/\\\/nauti-parts.com\\\/de\\\/\",\"name\":\"Nauti Parts\",\"description\":\"Sea-Doo Jet Ski - Seabob Dealer and Rentals | Water Toys Mallorca\",\"publisher\":{\"@id\":\"https:\\\/\\\/nauti-parts.com\\\/de\\\/#organization\"},\"potentialAction\":[{\"@type\":\"SearchAction\",\"target\":{\"@type\":\"EntryPoint\",\"urlTemplate\":\"https:\\\/\\\/nauti-parts.com\\\/de\\\/?s={search_term_string}\"},\"query-input\":{\"@type\":\"PropertyValueSpecification\",\"valueRequired\":true,\"valueName\":\"search_term_string\"}}],\"inLanguage\":\"de\"},{\"@type\":\"Organization\",\"@id\":\"https:\\\/\\\/nauti-parts.com\\\/de\\\/#organization\",\"name\":\"Nauti Teile\",\"url\":\"https:\\\/\\\/nauti-parts.com\\\/de\\\/\",\"logo\":{\"@type\":\"ImageObject\",\"inLanguage\":\"de\",\"@id\":\"https:\\\/\\\/nauti-parts.com\\\/de\\\/#\\\/schema\\\/logo\\\/image\\\/\",\"url\":\"https:\\\/\\\/nauti-parts.com\\\/wp-content\\\/uploads\\\/2023\\\/10\\\/np-logo-black.png\",\"contentUrl\":\"https:\\\/\\\/nauti-parts.com\\\/wp-content\\\/uploads\\\/2023\\\/10\\\/np-logo-black.png\",\"width\":253,\"height\":100,\"caption\":\"Nauti Teile\"},\"image\":{\"@id\":\"https:\\\/\\\/nauti-parts.com\\\/de\\\/#\\\/schema\\\/logo\\\/image\\\/\"},\"sameAs\":[\"https:\\\/\\\/www.facebook.com\\\/nautipartsspain\\\/\",\"https:\\\/\\\/www.instagram.com\\\/nautiparts\\\/\"]}]}<\/script>\n<!-- \/ Yoast SEO plugin. -->","yoast_head_json":{"title":"Infinity Island Kleines Paket | Nauti Parts","robots":{"index":"index","follow":"follow","max-snippet":"max-snippet:-1","max-image-preview":"max-image-preview:large","max-video-preview":"max-video-preview:-1"},"canonical":"https:\/\/nauti-parts.com\/de\/shop\/aufblasbare-waren\/plattformen\/infinity-island-kleines-paket\/","og_locale":"de_DE","og_type":"article","og_title":"Infinity Island Kleines Paket | Nauti Parts","og_description":"Wir haben alles, was Sie von unserer urspr\u00fcnglichen Jobe Infinity Island kennen und lieben, in eine neue, ultra-transportable Gr\u00f6\u00dfe gebracht!  Gewichtskapazit\u00e4t: 200kg  Gewicht: 26 kg  Abmessungen im aufgeblasenen Zustand: 250 x 150 x 15cm  Ma\u00dfe in gefaltetem Zustand: 164 x 40 x 22cm  Volumen: 600 l  Das Paket enth\u00e4lt: Aufblasbare Infinity Island klein, Badeleiter aus Edelstahl, Pumpe mit Batterie, PVC-Aufbewahrungstasche","og_url":"https:\/\/nauti-parts.com\/de\/shop\/aufblasbare-waren\/plattformen\/infinity-island-kleines-paket\/","og_site_name":"Nauti Parts","article_publisher":"https:\/\/www.facebook.com\/nautipartsspain\/","og_image":[{"width":1500,"height":1500,"url":"https:\/\/nauti-parts.com\/wp-content\/uploads\/2023\/05\/288822001-zoom.jpg","type":"image\/jpeg"}],"twitter_card":"summary_large_image","twitter_misc":{"Gesch\u00e4tzte Lesezeit":"1\u00a0Minute"},"schema":{"@context":"https:\/\/schema.org","@graph":[{"@type":"WebPage","@id":"https:\/\/nauti-parts.com\/de\/shop\/aufblasbare-waren\/plattformen\/infinity-island-kleines-paket\/","url":"https:\/\/nauti-parts.com\/de\/shop\/aufblasbare-waren\/plattformen\/infinity-island-kleines-paket\/","name":"Infinity Island Kleines Paket | Nauti Parts","isPartOf":{"@id":"https:\/\/nauti-parts.com\/de\/#website"},"primaryImageOfPage":{"@id":"https:\/\/nauti-parts.com\/de\/shop\/aufblasbare-waren\/plattformen\/infinity-island-kleines-paket\/#primaryimage"},"image":{"@id":"https:\/\/nauti-parts.com\/de\/shop\/aufblasbare-waren\/plattformen\/infinity-island-kleines-paket\/#primaryimage"},"thumbnailUrl":"https:\/\/nauti-parts.com\/wp-content\/uploads\/2023\/05\/288822001-zoom.jpg","datePublished":"2023-05-19T08:29:24+00:00","breadcrumb":{"@id":"https:\/\/nauti-parts.com\/de\/shop\/aufblasbare-waren\/plattformen\/infinity-island-kleines-paket\/#breadcrumb"},"inLanguage":"de","potentialAction":[{"@type":"ReadAction","target":["https:\/\/nauti-parts.com\/de\/shop\/aufblasbare-waren\/plattformen\/infinity-island-kleines-paket\/"]}]},{"@type":"ImageObject","inLanguage":"de","@id":"https:\/\/nauti-parts.com\/de\/shop\/aufblasbare-waren\/plattformen\/infinity-island-kleines-paket\/#primaryimage","url":"https:\/\/nauti-parts.com\/wp-content\/uploads\/2023\/05\/288822001-zoom.jpg","contentUrl":"https:\/\/nauti-parts.com\/wp-content\/uploads\/2023\/05\/288822001-zoom.jpg","width":1500,"height":1500},{"@type":"BreadcrumbList","@id":"https:\/\/nauti-parts.com\/de\/shop\/aufblasbare-waren\/plattformen\/infinity-island-kleines-paket\/#breadcrumb","itemListElement":[{"@type":"ListItem","position":1,"name":"Shop","item":"https:\/\/nauti-parts.com\/de\/shop\/"},{"@type":"ListItem","position":2,"name":"Infinity Island Kleines Paket"}]},{"@type":"WebSite","@id":"https:\/\/nauti-parts.com\/de\/#website","url":"https:\/\/nauti-parts.com\/de\/","name":"Nauti Parts","description":"Sea-Doo Jet Ski - Seabob Dealer and Rentals | Water Toys Mallorca","publisher":{"@id":"https:\/\/nauti-parts.com\/de\/#organization"},"potentialAction":[{"@type":"SearchAction","target":{"@type":"EntryPoint","urlTemplate":"https:\/\/nauti-parts.com\/de\/?s={search_term_string}"},"query-input":{"@type":"PropertyValueSpecification","valueRequired":true,"valueName":"search_term_string"}}],"inLanguage":"de"},{"@type":"Organization","@id":"https:\/\/nauti-parts.com\/de\/#organization","name":"Nauti Teile","url":"https:\/\/nauti-parts.com\/de\/","logo":{"@type":"ImageObject","inLanguage":"de","@id":"https:\/\/nauti-parts.com\/de\/#\/schema\/logo\/image\/","url":"https:\/\/nauti-parts.com\/wp-content\/uploads\/2023\/10\/np-logo-black.png","contentUrl":"https:\/\/nauti-parts.com\/wp-content\/uploads\/2023\/10\/np-logo-black.png","width":253,"height":100,"caption":"Nauti Teile"},"image":{"@id":"https:\/\/nauti-parts.com\/de\/#\/schema\/logo\/image\/"},"sameAs":["https:\/\/www.facebook.com\/nautipartsspain\/","https:\/\/www.instagram.com\/nautiparts\/"]}]}},"_links":{"self":[{"href":"https:\/\/nauti-parts.com\/de\/wp-json\/wp\/v2\/product\/22794","targetHints":{"allow":["GET"]}}],"collection":[{"href":"https:\/\/nauti-parts.com\/de\/wp-json\/wp\/v2\/product"}],"about":[{"href":"https:\/\/nauti-parts.com\/de\/wp-json\/wp\/v2\/types\/product"}],"replies":[{"embeddable":true,"href":"https:\/\/nauti-parts.com\/de\/wp-json\/wp\/v2\/comments?post=22794"}],"wp:featuredmedia":[{"embeddable":true,"href":"https:\/\/nauti-parts.com\/de\/wp-json\/wp\/v2\/media\/16974"}],"wp:attachment":[{"href":"https:\/\/nauti-parts.com\/de\/wp-json\/wp\/v2\/media?parent=22794"}],"wp:term":[{"taxonomy":"product_brand","embeddable":true,"href":"https:\/\/nauti-parts.com\/de\/wp-json\/wp\/v2\/product_brand?post=22794"},{"taxonomy":"product_cat","embeddable":true,"href":"https:\/\/nauti-parts.com\/de\/wp-json\/wp\/v2\/product_cat?post=22794"},{"taxonomy":"product_tag","embeddable":true,"href":"https:\/\/nauti-parts.com\/de\/wp-json\/wp\/v2\/product_tag?post=22794"}],"curies":[{"name":"wp","href":"https:\/\/api.w.org\/{rel}","templated":true}]}}