{"id":22538,"date":"2017-09-19T10:57:25","date_gmt":"2017-09-19T10:57:25","guid":{"rendered":"https:\/\/nauti-parts.com\/shop\/unkategorisiert\/flyboard-pro-serie\/"},"modified":"2017-09-19T10:57:25","modified_gmt":"2017-09-19T10:57:25","slug":"flyboard-pro-serie","status":"publish","type":"product","link":"https:\/\/nauti-parts.com\/de\/shop\/wasserspielzeug\/zapata\/flyboard-pro-serie\/","title":{"rendered":"Flyboard Pro Serie"},"content":{"rendered":"<p>Das Flyboard\u00ae Pro wurde von Grund auf entwickelt, um Ihnen eine \u00fcberragende Kontrolle und pr\u00e4zise Man\u00f6vrierf\u00e4higkeit zu bieten, und ist einfach genug, um es beim ersten Mal zu erlernen. Leichter und effizienter mit verbesserten Funktionen und mehr Innovation macht das Flyboard\u00ae perfekt f\u00fcr Anf\u00e4nger und Experten. <\/p>\n<p>Das Flyboard\u00ae Pro Series ist der Hydroflyer, der von Spitzensportlern auf der ganzen Welt wegen seiner Leistungsvorteile bevorzugt wird. Dank der drehbaren Grundplatte, die es dem Flyboard\u00ae erm\u00f6glicht, sich um bis zu 20 Grad um die eigene Achse zu drehen, erreichen Leistung und Trickf\u00e4higkeit die n\u00e4chste Stufe. <\/p>\n<hr>\n<p><strong>Im Kit enthalten:<\/strong><br \/>\nFlyboard Deck \/ Bindungen \/ Schlauch \/ Schlauchklemmen \/ Pumpenanschluss \/ Dual Swivel U-Pipe<br \/>\n<img loading=\"lazy\" decoding=\"async\" class=\"size-full wp-image-1645 alignleft\" src=\"https:\/\/nauti-parts.com\/wp-content\/uploads\/2017\/08\/flyboard-legend.jpg\" alt=\"\" width=\"458\" height=\"458\" srcset=\"https:\/\/nauti-parts.com\/wp-content\/uploads\/2017\/08\/flyboard-legend.jpg 458w, https:\/\/nauti-parts.com\/wp-content\/uploads\/2017\/08\/flyboard-legend-350x350.jpg 350w, https:\/\/nauti-parts.com\/wp-content\/uploads\/2017\/08\/flyboard-legend-100x100.jpg 100w, https:\/\/nauti-parts.com\/wp-content\/uploads\/2017\/08\/flyboard-legend-150x150.jpg 150w, https:\/\/nauti-parts.com\/wp-content\/uploads\/2017\/08\/flyboard-legend-300x300.jpg 300w\" sizes=\"auto, (max-width: 458px) 100vw, 458px\" \/><\/p>\n","protected":false},"excerpt":{"rendered":"<h3>Entfesseln Sie die Macht des Fluges<\/h3>\n<p><strong>Das Flyboard\u00ae erm\u00f6glicht jedem die F\u00e4higkeit zu fliegen.<\/strong><\/p>\n<p>&nbsp;<\/p>\n","protected":false},"featured_media":1674,"comment_status":"open","ping_status":"closed","template":"","meta":{"_acf_changed":false},"product_brand":[],"product_cat":[205,362],"product_tag":[],"class_list":{"0":"post-22538","1":"product","2":"type-product","3":"status-publish","4":"has-post-thumbnail","6":"product_cat-wasserspielzeug","7":"product_cat-zapata","8":"repupress_customize_woocommerce_productom_class","10":"first","11":"instock","12":"taxable","13":"shipping-taxable","14":"purchasable","15":"product-type-simple"},"acf":[],"yoast_head":"<!-- This site is optimized with the Yoast SEO plugin v27.2 - https:\/\/yoast.com\/product\/yoast-seo-wordpress\/ -->\n<title>Flyboard Pro Serie | Nauti Parts<\/title>\n<meta name=\"robots\" content=\"index, follow, max-snippet:-1, max-image-preview:large, max-video-preview:-1\" \/>\n<link rel=\"canonical\" href=\"https:\/\/nauti-parts.com\/de\/shop\/wasserspielzeug\/zapata\/flyboard-pro-serie\/\" \/>\n<meta property=\"og:locale\" content=\"de_DE\" \/>\n<meta property=\"og:type\" content=\"article\" \/>\n<meta property=\"og:title\" content=\"Flyboard Pro Serie | Nauti Parts\" \/>\n<meta property=\"og:description\" content=\"Entfesseln Sie die Macht des Fluges Das Flyboard\u00ae erm\u00f6glicht jedem die F\u00e4higkeit zu fliegen. &nbsp;\" \/>\n<meta property=\"og:url\" content=\"https:\/\/nauti-parts.com\/de\/shop\/wasserspielzeug\/zapata\/flyboard-pro-serie\/\" \/>\n<meta property=\"og:site_name\" content=\"Nauti Parts\" \/>\n<meta property=\"article:publisher\" content=\"https:\/\/www.facebook.com\/nautipartsspain\/\" \/>\n<meta property=\"og:image\" content=\"https:\/\/nauti-parts.com\/wp-content\/uploads\/2017\/09\/flyboard-pro.jpg\" \/>\n\t<meta property=\"og:image:width\" content=\"527\" \/>\n\t<meta property=\"og:image:height\" content=\"400\" \/>\n\t<meta property=\"og:image:type\" content=\"image\/jpeg\" \/>\n<meta name=\"twitter:card\" content=\"summary_large_image\" \/>\n<meta name=\"twitter:label1\" content=\"Gesch\u00e4tzte Lesezeit\" \/>\n\t<meta name=\"twitter:data1\" content=\"1\u00a0Minute\" \/>\n<script type=\"application\/ld+json\" class=\"yoast-schema-graph\">{\"@context\":\"https:\/\/schema.org\",\"@graph\":[{\"@type\":\"WebPage\",\"@id\":\"https:\/\/nauti-parts.com\/de\/shop\/wasserspielzeug\/zapata\/flyboard-pro-serie\/\",\"url\":\"https:\/\/nauti-parts.com\/de\/shop\/wasserspielzeug\/zapata\/flyboard-pro-serie\/\",\"name\":\"Flyboard Pro Serie | Nauti Parts\",\"isPartOf\":{\"@id\":\"https:\/\/nauti-parts.com\/de\/#website\"},\"primaryImageOfPage\":{\"@id\":\"https:\/\/nauti-parts.com\/de\/shop\/wasserspielzeug\/zapata\/flyboard-pro-serie\/#primaryimage\"},\"image\":{\"@id\":\"https:\/\/nauti-parts.com\/de\/shop\/wasserspielzeug\/zapata\/flyboard-pro-serie\/#primaryimage\"},\"thumbnailUrl\":\"https:\/\/nauti-parts.com\/wp-content\/uploads\/2017\/09\/flyboard-pro.jpg\",\"datePublished\":\"2017-09-19T10:57:25+00:00\",\"breadcrumb\":{\"@id\":\"https:\/\/nauti-parts.com\/de\/shop\/wasserspielzeug\/zapata\/flyboard-pro-serie\/#breadcrumb\"},\"inLanguage\":\"de\",\"potentialAction\":[{\"@type\":\"ReadAction\",\"target\":[\"https:\/\/nauti-parts.com\/de\/shop\/wasserspielzeug\/zapata\/flyboard-pro-serie\/\"]}]},{\"@type\":\"ImageObject\",\"inLanguage\":\"de\",\"@id\":\"https:\/\/nauti-parts.com\/de\/shop\/wasserspielzeug\/zapata\/flyboard-pro-serie\/#primaryimage\",\"url\":\"https:\/\/nauti-parts.com\/wp-content\/uploads\/2017\/09\/flyboard-pro.jpg\",\"contentUrl\":\"https:\/\/nauti-parts.com\/wp-content\/uploads\/2017\/09\/flyboard-pro.jpg\",\"width\":527,\"height\":400},{\"@type\":\"BreadcrumbList\",\"@id\":\"https:\/\/nauti-parts.com\/de\/shop\/wasserspielzeug\/zapata\/flyboard-pro-serie\/#breadcrumb\",\"itemListElement\":[{\"@type\":\"ListItem\",\"position\":1,\"name\":\"Shop\",\"item\":\"https:\/\/nauti-parts.com\/de\/shop\/\"},{\"@type\":\"ListItem\",\"position\":2,\"name\":\"Flyboard Pro Serie\"}]},{\"@type\":\"WebSite\",\"@id\":\"https:\/\/nauti-parts.com\/de\/#website\",\"url\":\"https:\/\/nauti-parts.com\/de\/\",\"name\":\"Nauti Parts\",\"description\":\"Sea-Doo Jet Ski - Seabob Dealer and Rentals | Water Toys Mallorca\",\"publisher\":{\"@id\":\"https:\/\/nauti-parts.com\/de\/#organization\"},\"potentialAction\":[{\"@type\":\"SearchAction\",\"target\":{\"@type\":\"EntryPoint\",\"urlTemplate\":\"https:\/\/nauti-parts.com\/de\/?s={search_term_string}\"},\"query-input\":{\"@type\":\"PropertyValueSpecification\",\"valueRequired\":true,\"valueName\":\"search_term_string\"}}],\"inLanguage\":\"de\"},{\"@type\":\"Organization\",\"@id\":\"https:\/\/nauti-parts.com\/de\/#organization\",\"name\":\"Nauti Teile\",\"url\":\"https:\/\/nauti-parts.com\/de\/\",\"logo\":{\"@type\":\"ImageObject\",\"inLanguage\":\"de\",\"@id\":\"https:\/\/nauti-parts.com\/de\/#\/schema\/logo\/image\/\",\"url\":\"https:\/\/nauti-parts.com\/wp-content\/uploads\/2023\/10\/np-logo-black.png\",\"contentUrl\":\"https:\/\/nauti-parts.com\/wp-content\/uploads\/2023\/10\/np-logo-black.png\",\"width\":253,\"height\":100,\"caption\":\"Nauti Teile\"},\"image\":{\"@id\":\"https:\/\/nauti-parts.com\/de\/#\/schema\/logo\/image\/\"},\"sameAs\":[\"https:\/\/www.facebook.com\/nautipartsspain\/\",\"https:\/\/www.instagram.com\/nautiparts\/\"]}]}<\/script>\n<!-- \/ Yoast SEO plugin. -->","yoast_head_json":{"title":"Flyboard Pro Serie | Nauti Parts","robots":{"index":"index","follow":"follow","max-snippet":"max-snippet:-1","max-image-preview":"max-image-preview:large","max-video-preview":"max-video-preview:-1"},"canonical":"https:\/\/nauti-parts.com\/de\/shop\/wasserspielzeug\/zapata\/flyboard-pro-serie\/","og_locale":"de_DE","og_type":"article","og_title":"Flyboard Pro Serie | Nauti Parts","og_description":"Entfesseln Sie die Macht des Fluges Das Flyboard\u00ae erm\u00f6glicht jedem die F\u00e4higkeit zu fliegen. &nbsp;","og_url":"https:\/\/nauti-parts.com\/de\/shop\/wasserspielzeug\/zapata\/flyboard-pro-serie\/","og_site_name":"Nauti Parts","article_publisher":"https:\/\/www.facebook.com\/nautipartsspain\/","og_image":[{"width":527,"height":400,"url":"https:\/\/nauti-parts.com\/wp-content\/uploads\/2017\/09\/flyboard-pro.jpg","type":"image\/jpeg"}],"twitter_card":"summary_large_image","twitter_misc":{"Gesch\u00e4tzte Lesezeit":"1\u00a0Minute"},"schema":{"@context":"https:\/\/schema.org","@graph":[{"@type":"WebPage","@id":"https:\/\/nauti-parts.com\/de\/shop\/wasserspielzeug\/zapata\/flyboard-pro-serie\/","url":"https:\/\/nauti-parts.com\/de\/shop\/wasserspielzeug\/zapata\/flyboard-pro-serie\/","name":"Flyboard Pro Serie | Nauti Parts","isPartOf":{"@id":"https:\/\/nauti-parts.com\/de\/#website"},"primaryImageOfPage":{"@id":"https:\/\/nauti-parts.com\/de\/shop\/wasserspielzeug\/zapata\/flyboard-pro-serie\/#primaryimage"},"image":{"@id":"https:\/\/nauti-parts.com\/de\/shop\/wasserspielzeug\/zapata\/flyboard-pro-serie\/#primaryimage"},"thumbnailUrl":"https:\/\/nauti-parts.com\/wp-content\/uploads\/2017\/09\/flyboard-pro.jpg","datePublished":"2017-09-19T10:57:25+00:00","breadcrumb":{"@id":"https:\/\/nauti-parts.com\/de\/shop\/wasserspielzeug\/zapata\/flyboard-pro-serie\/#breadcrumb"},"inLanguage":"de","potentialAction":[{"@type":"ReadAction","target":["https:\/\/nauti-parts.com\/de\/shop\/wasserspielzeug\/zapata\/flyboard-pro-serie\/"]}]},{"@type":"ImageObject","inLanguage":"de","@id":"https:\/\/nauti-parts.com\/de\/shop\/wasserspielzeug\/zapata\/flyboard-pro-serie\/#primaryimage","url":"https:\/\/nauti-parts.com\/wp-content\/uploads\/2017\/09\/flyboard-pro.jpg","contentUrl":"https:\/\/nauti-parts.com\/wp-content\/uploads\/2017\/09\/flyboard-pro.jpg","width":527,"height":400},{"@type":"BreadcrumbList","@id":"https:\/\/nauti-parts.com\/de\/shop\/wasserspielzeug\/zapata\/flyboard-pro-serie\/#breadcrumb","itemListElement":[{"@type":"ListItem","position":1,"name":"Shop","item":"https:\/\/nauti-parts.com\/de\/shop\/"},{"@type":"ListItem","position":2,"name":"Flyboard Pro Serie"}]},{"@type":"WebSite","@id":"https:\/\/nauti-parts.com\/de\/#website","url":"https:\/\/nauti-parts.com\/de\/","name":"Nauti Parts","description":"Sea-Doo Jet Ski - Seabob Dealer and Rentals | Water Toys Mallorca","publisher":{"@id":"https:\/\/nauti-parts.com\/de\/#organization"},"potentialAction":[{"@type":"SearchAction","target":{"@type":"EntryPoint","urlTemplate":"https:\/\/nauti-parts.com\/de\/?s={search_term_string}"},"query-input":{"@type":"PropertyValueSpecification","valueRequired":true,"valueName":"search_term_string"}}],"inLanguage":"de"},{"@type":"Organization","@id":"https:\/\/nauti-parts.com\/de\/#organization","name":"Nauti Teile","url":"https:\/\/nauti-parts.com\/de\/","logo":{"@type":"ImageObject","inLanguage":"de","@id":"https:\/\/nauti-parts.com\/de\/#\/schema\/logo\/image\/","url":"https:\/\/nauti-parts.com\/wp-content\/uploads\/2023\/10\/np-logo-black.png","contentUrl":"https:\/\/nauti-parts.com\/wp-content\/uploads\/2023\/10\/np-logo-black.png","width":253,"height":100,"caption":"Nauti Teile"},"image":{"@id":"https:\/\/nauti-parts.com\/de\/#\/schema\/logo\/image\/"},"sameAs":["https:\/\/www.facebook.com\/nautipartsspain\/","https:\/\/www.instagram.com\/nautiparts\/"]}]}},"_links":{"self":[{"href":"https:\/\/nauti-parts.com\/de\/wp-json\/wp\/v2\/product\/22538","targetHints":{"allow":["GET"]}}],"collection":[{"href":"https:\/\/nauti-parts.com\/de\/wp-json\/wp\/v2\/product"}],"about":[{"href":"https:\/\/nauti-parts.com\/de\/wp-json\/wp\/v2\/types\/product"}],"replies":[{"embeddable":true,"href":"https:\/\/nauti-parts.com\/de\/wp-json\/wp\/v2\/comments?post=22538"}],"wp:featuredmedia":[{"embeddable":true,"href":"https:\/\/nauti-parts.com\/de\/wp-json\/wp\/v2\/media\/1674"}],"wp:attachment":[{"href":"https:\/\/nauti-parts.com\/de\/wp-json\/wp\/v2\/media?parent=22538"}],"wp:term":[{"taxonomy":"product_brand","embeddable":true,"href":"https:\/\/nauti-parts.com\/de\/wp-json\/wp\/v2\/product_brand?post=22538"},{"taxonomy":"product_cat","embeddable":true,"href":"https:\/\/nauti-parts.com\/de\/wp-json\/wp\/v2\/product_cat?post=22538"},{"taxonomy":"product_tag","embeddable":true,"href":"https:\/\/nauti-parts.com\/de\/wp-json\/wp\/v2\/product_tag?post=22538"}],"curies":[{"name":"wp","href":"https:\/\/api.w.org\/{rel}","templated":true}]}}