{"id":22533,"date":"2017-04-19T13:33:27","date_gmt":"2017-04-19T13:33:27","guid":{"rendered":"https:\/\/nauti-parts.com\/shop\/unkategorisiert\/rad-5\/"},"modified":"2017-04-19T13:33:27","modified_gmt":"2017-04-19T13:33:27","slug":"rad-5","status":"publish","type":"product","link":"https:\/\/nauti-parts.com\/de\/shop\/bretter-skier\/multi-position-boards\/rad-5\/","title":{"rendered":"Rad 5"},"content":{"rendered":"<p>Gro\u00dfvater nahm ein St\u00fcck Sperrholz mit in seine Werkstatt und schnitt es in eine runde Form. Die Familie wechselte sich zwischen den Wasserski-Sets mit dem &#8216;Diskusfahren&#8217; ab. Es war eine gro\u00dfartige M\u00f6glichkeit, die Leute an das Fahren hinter dem Boot heranzuf\u00fchren, ohne dass sie das Wasserskifahren lernen mussten. 50 Jahre sp\u00e4ter haben wir die Nostalgie der Vergangenheit mit den fortschrittlichen Materialien und Konstruktionsmethoden von heute kombiniert, um Ihnen die neuen RAD-Discs zu bieten.Die Round Aquatic Devices (RADs) erm\u00f6glichen es jedem, unabh\u00e4ngig von seinen F\u00e4higkeiten, an einem Tag hinter dem Boot teilzunehmen. Auf die 5&#8242; RAD kommt garantiert jeder rauf&#8230; Sie k\u00f6nnen den Griff in den Griffhaken stecken, sitzen, stehen oder knien und los geht&#8217;s. Wenn Sie etwas fortgeschrittener sind, nehmen Sie das 4&#8242; RAD oder die noch kleinere 3&#8242; RAD Scheibe. Die Fahrm\u00f6glichkeiten sind endlos und er\u00f6ffnen Ihren Freunden und Ihrer Familie eine Welt der reinen Fantasie. Die RADs sind ein Spa\u00df f\u00fcr alle Altersgruppen und werden diesen Sommer auf Ihrem See garantiert f\u00fcr Aufsehen sorgen.<\/p>\n","protected":false},"excerpt":{"rendered":"<h4 class=\"left-text small-centered-text subheading\">DAS VIELSEITIGSTE RUNDE WASSERGER\u00c4T<\/h4>\n<p>Bevor das Wakeboarden erfunden wurde, experimentierten die Wassersportpioniere der 1960er Jahre mit Gegenst\u00e4nden, die man hinter dem Boot fahren konnte. Einige der erfolgreichsten Fahrger\u00e4te waren Holzscheiben. <\/p>\n","protected":false},"featured_media":1349,"comment_status":"open","ping_status":"closed","template":"","meta":{"_acf_changed":false},"product_brand":[],"product_cat":[214,360],"product_tag":[],"class_list":{"0":"post-22533","1":"product","2":"type-product","3":"status-publish","4":"has-post-thumbnail","6":"product_cat-bretter-skier","7":"product_cat-multi-position-boards","8":"repupress_customize_woocommerce_productom_class","10":"first","11":"instock","12":"taxable","13":"shipping-taxable","14":"purchasable","15":"product-type-simple"},"acf":[],"yoast_head":"<!-- This site is optimized with the Yoast SEO plugin v27.5 - https:\/\/yoast.com\/product\/yoast-seo-wordpress\/ -->\n<title>Rad 5 | Nauti Parts<\/title>\n<meta name=\"robots\" content=\"index, follow, max-snippet:-1, max-image-preview:large, max-video-preview:-1\" \/>\n<link rel=\"canonical\" href=\"https:\/\/nauti-parts.com\/de\/shop\/bretter-skier\/multi-position-boards\/rad-5\/\" \/>\n<meta property=\"og:locale\" content=\"de_DE\" \/>\n<meta property=\"og:type\" content=\"article\" \/>\n<meta property=\"og:title\" content=\"Rad 5 | Nauti Parts\" \/>\n<meta property=\"og:description\" content=\"DAS VIELSEITIGSTE RUNDE WASSERGER\u00c4T Bevor das Wakeboarden erfunden wurde, experimentierten die Wassersportpioniere der 1960er Jahre mit Gegenst\u00e4nden, die man hinter dem Boot fahren konnte. Einige der erfolgreichsten Fahrger\u00e4te waren Holzscheiben.\" \/>\n<meta property=\"og:url\" content=\"https:\/\/nauti-parts.com\/de\/shop\/bretter-skier\/multi-position-boards\/rad-5\/\" \/>\n<meta property=\"og:site_name\" content=\"Nauti Parts\" \/>\n<meta property=\"article:publisher\" content=\"https:\/\/www.facebook.com\/nautipartsspain\/\" \/>\n<meta property=\"og:image\" content=\"https:\/\/nauti-parts.com\/wp-content\/uploads\/2017\/04\/rad5-1024x1024.png\" \/>\n\t<meta property=\"og:image:width\" content=\"1024\" \/>\n\t<meta property=\"og:image:height\" content=\"1024\" \/>\n\t<meta property=\"og:image:type\" content=\"image\/png\" \/>\n<meta name=\"twitter:card\" content=\"summary_large_image\" \/>\n<meta name=\"twitter:label1\" content=\"Gesch\u00e4tzte Lesezeit\" \/>\n\t<meta name=\"twitter:data1\" content=\"1\u00a0Minute\" \/>\n<script type=\"application\/ld+json\" class=\"yoast-schema-graph\">{\"@context\":\"https:\\\/\\\/schema.org\",\"@graph\":[{\"@type\":\"WebPage\",\"@id\":\"https:\\\/\\\/nauti-parts.com\\\/de\\\/shop\\\/bretter-skier\\\/multi-position-boards\\\/rad-5\\\/\",\"url\":\"https:\\\/\\\/nauti-parts.com\\\/de\\\/shop\\\/bretter-skier\\\/multi-position-boards\\\/rad-5\\\/\",\"name\":\"Rad 5 | Nauti Parts\",\"isPartOf\":{\"@id\":\"https:\\\/\\\/nauti-parts.com\\\/de\\\/#website\"},\"primaryImageOfPage\":{\"@id\":\"https:\\\/\\\/nauti-parts.com\\\/de\\\/shop\\\/bretter-skier\\\/multi-position-boards\\\/rad-5\\\/#primaryimage\"},\"image\":{\"@id\":\"https:\\\/\\\/nauti-parts.com\\\/de\\\/shop\\\/bretter-skier\\\/multi-position-boards\\\/rad-5\\\/#primaryimage\"},\"thumbnailUrl\":\"https:\\\/\\\/nauti-parts.com\\\/wp-content\\\/uploads\\\/2017\\\/04\\\/rad5.png\",\"datePublished\":\"2017-04-19T13:33:27+00:00\",\"breadcrumb\":{\"@id\":\"https:\\\/\\\/nauti-parts.com\\\/de\\\/shop\\\/bretter-skier\\\/multi-position-boards\\\/rad-5\\\/#breadcrumb\"},\"inLanguage\":\"de\",\"potentialAction\":[{\"@type\":\"ReadAction\",\"target\":[\"https:\\\/\\\/nauti-parts.com\\\/de\\\/shop\\\/bretter-skier\\\/multi-position-boards\\\/rad-5\\\/\"]}]},{\"@type\":\"ImageObject\",\"inLanguage\":\"de\",\"@id\":\"https:\\\/\\\/nauti-parts.com\\\/de\\\/shop\\\/bretter-skier\\\/multi-position-boards\\\/rad-5\\\/#primaryimage\",\"url\":\"https:\\\/\\\/nauti-parts.com\\\/wp-content\\\/uploads\\\/2017\\\/04\\\/rad5.png\",\"contentUrl\":\"https:\\\/\\\/nauti-parts.com\\\/wp-content\\\/uploads\\\/2017\\\/04\\\/rad5.png\",\"width\":1500,\"height\":1500},{\"@type\":\"BreadcrumbList\",\"@id\":\"https:\\\/\\\/nauti-parts.com\\\/de\\\/shop\\\/bretter-skier\\\/multi-position-boards\\\/rad-5\\\/#breadcrumb\",\"itemListElement\":[{\"@type\":\"ListItem\",\"position\":1,\"name\":\"Shop\",\"item\":\"https:\\\/\\\/nauti-parts.com\\\/de\\\/shop\\\/\"},{\"@type\":\"ListItem\",\"position\":2,\"name\":\"Rad 5\"}]},{\"@type\":\"WebSite\",\"@id\":\"https:\\\/\\\/nauti-parts.com\\\/de\\\/#website\",\"url\":\"https:\\\/\\\/nauti-parts.com\\\/de\\\/\",\"name\":\"Nauti Parts\",\"description\":\"Sea-Doo Jet Ski - Seabob Dealer and Rentals | Water Toys Mallorca\",\"publisher\":{\"@id\":\"https:\\\/\\\/nauti-parts.com\\\/de\\\/#organization\"},\"potentialAction\":[{\"@type\":\"SearchAction\",\"target\":{\"@type\":\"EntryPoint\",\"urlTemplate\":\"https:\\\/\\\/nauti-parts.com\\\/de\\\/?s={search_term_string}\"},\"query-input\":{\"@type\":\"PropertyValueSpecification\",\"valueRequired\":true,\"valueName\":\"search_term_string\"}}],\"inLanguage\":\"de\"},{\"@type\":\"Organization\",\"@id\":\"https:\\\/\\\/nauti-parts.com\\\/de\\\/#organization\",\"name\":\"Nauti Teile\",\"url\":\"https:\\\/\\\/nauti-parts.com\\\/de\\\/\",\"logo\":{\"@type\":\"ImageObject\",\"inLanguage\":\"de\",\"@id\":\"https:\\\/\\\/nauti-parts.com\\\/de\\\/#\\\/schema\\\/logo\\\/image\\\/\",\"url\":\"https:\\\/\\\/nauti-parts.com\\\/wp-content\\\/uploads\\\/2023\\\/10\\\/np-logo-black.png\",\"contentUrl\":\"https:\\\/\\\/nauti-parts.com\\\/wp-content\\\/uploads\\\/2023\\\/10\\\/np-logo-black.png\",\"width\":253,\"height\":100,\"caption\":\"Nauti Teile\"},\"image\":{\"@id\":\"https:\\\/\\\/nauti-parts.com\\\/de\\\/#\\\/schema\\\/logo\\\/image\\\/\"},\"sameAs\":[\"https:\\\/\\\/www.facebook.com\\\/nautipartsspain\\\/\",\"https:\\\/\\\/www.instagram.com\\\/nautiparts\\\/\"]}]}<\/script>\n<!-- \/ Yoast SEO plugin. -->","yoast_head_json":{"title":"Rad 5 | Nauti Parts","robots":{"index":"index","follow":"follow","max-snippet":"max-snippet:-1","max-image-preview":"max-image-preview:large","max-video-preview":"max-video-preview:-1"},"canonical":"https:\/\/nauti-parts.com\/de\/shop\/bretter-skier\/multi-position-boards\/rad-5\/","og_locale":"de_DE","og_type":"article","og_title":"Rad 5 | Nauti Parts","og_description":"DAS VIELSEITIGSTE RUNDE WASSERGER\u00c4T Bevor das Wakeboarden erfunden wurde, experimentierten die Wassersportpioniere der 1960er Jahre mit Gegenst\u00e4nden, die man hinter dem Boot fahren konnte. Einige der erfolgreichsten Fahrger\u00e4te waren Holzscheiben.","og_url":"https:\/\/nauti-parts.com\/de\/shop\/bretter-skier\/multi-position-boards\/rad-5\/","og_site_name":"Nauti Parts","article_publisher":"https:\/\/www.facebook.com\/nautipartsspain\/","og_image":[{"width":1024,"height":1024,"url":"https:\/\/nauti-parts.com\/wp-content\/uploads\/2017\/04\/rad5-1024x1024.png","type":"image\/png"}],"twitter_card":"summary_large_image","twitter_misc":{"Gesch\u00e4tzte Lesezeit":"1\u00a0Minute"},"schema":{"@context":"https:\/\/schema.org","@graph":[{"@type":"WebPage","@id":"https:\/\/nauti-parts.com\/de\/shop\/bretter-skier\/multi-position-boards\/rad-5\/","url":"https:\/\/nauti-parts.com\/de\/shop\/bretter-skier\/multi-position-boards\/rad-5\/","name":"Rad 5 | Nauti Parts","isPartOf":{"@id":"https:\/\/nauti-parts.com\/de\/#website"},"primaryImageOfPage":{"@id":"https:\/\/nauti-parts.com\/de\/shop\/bretter-skier\/multi-position-boards\/rad-5\/#primaryimage"},"image":{"@id":"https:\/\/nauti-parts.com\/de\/shop\/bretter-skier\/multi-position-boards\/rad-5\/#primaryimage"},"thumbnailUrl":"https:\/\/nauti-parts.com\/wp-content\/uploads\/2017\/04\/rad5.png","datePublished":"2017-04-19T13:33:27+00:00","breadcrumb":{"@id":"https:\/\/nauti-parts.com\/de\/shop\/bretter-skier\/multi-position-boards\/rad-5\/#breadcrumb"},"inLanguage":"de","potentialAction":[{"@type":"ReadAction","target":["https:\/\/nauti-parts.com\/de\/shop\/bretter-skier\/multi-position-boards\/rad-5\/"]}]},{"@type":"ImageObject","inLanguage":"de","@id":"https:\/\/nauti-parts.com\/de\/shop\/bretter-skier\/multi-position-boards\/rad-5\/#primaryimage","url":"https:\/\/nauti-parts.com\/wp-content\/uploads\/2017\/04\/rad5.png","contentUrl":"https:\/\/nauti-parts.com\/wp-content\/uploads\/2017\/04\/rad5.png","width":1500,"height":1500},{"@type":"BreadcrumbList","@id":"https:\/\/nauti-parts.com\/de\/shop\/bretter-skier\/multi-position-boards\/rad-5\/#breadcrumb","itemListElement":[{"@type":"ListItem","position":1,"name":"Shop","item":"https:\/\/nauti-parts.com\/de\/shop\/"},{"@type":"ListItem","position":2,"name":"Rad 5"}]},{"@type":"WebSite","@id":"https:\/\/nauti-parts.com\/de\/#website","url":"https:\/\/nauti-parts.com\/de\/","name":"Nauti Parts","description":"Sea-Doo Jet Ski - Seabob Dealer and Rentals | Water Toys Mallorca","publisher":{"@id":"https:\/\/nauti-parts.com\/de\/#organization"},"potentialAction":[{"@type":"SearchAction","target":{"@type":"EntryPoint","urlTemplate":"https:\/\/nauti-parts.com\/de\/?s={search_term_string}"},"query-input":{"@type":"PropertyValueSpecification","valueRequired":true,"valueName":"search_term_string"}}],"inLanguage":"de"},{"@type":"Organization","@id":"https:\/\/nauti-parts.com\/de\/#organization","name":"Nauti Teile","url":"https:\/\/nauti-parts.com\/de\/","logo":{"@type":"ImageObject","inLanguage":"de","@id":"https:\/\/nauti-parts.com\/de\/#\/schema\/logo\/image\/","url":"https:\/\/nauti-parts.com\/wp-content\/uploads\/2023\/10\/np-logo-black.png","contentUrl":"https:\/\/nauti-parts.com\/wp-content\/uploads\/2023\/10\/np-logo-black.png","width":253,"height":100,"caption":"Nauti Teile"},"image":{"@id":"https:\/\/nauti-parts.com\/de\/#\/schema\/logo\/image\/"},"sameAs":["https:\/\/www.facebook.com\/nautipartsspain\/","https:\/\/www.instagram.com\/nautiparts\/"]}]}},"_links":{"self":[{"href":"https:\/\/nauti-parts.com\/de\/wp-json\/wp\/v2\/product\/22533","targetHints":{"allow":["GET"]}}],"collection":[{"href":"https:\/\/nauti-parts.com\/de\/wp-json\/wp\/v2\/product"}],"about":[{"href":"https:\/\/nauti-parts.com\/de\/wp-json\/wp\/v2\/types\/product"}],"replies":[{"embeddable":true,"href":"https:\/\/nauti-parts.com\/de\/wp-json\/wp\/v2\/comments?post=22533"}],"wp:featuredmedia":[{"embeddable":true,"href":"https:\/\/nauti-parts.com\/de\/wp-json\/wp\/v2\/media\/1349"}],"wp:attachment":[{"href":"https:\/\/nauti-parts.com\/de\/wp-json\/wp\/v2\/media?parent=22533"}],"wp:term":[{"taxonomy":"product_brand","embeddable":true,"href":"https:\/\/nauti-parts.com\/de\/wp-json\/wp\/v2\/product_brand?post=22533"},{"taxonomy":"product_cat","embeddable":true,"href":"https:\/\/nauti-parts.com\/de\/wp-json\/wp\/v2\/product_cat?post=22533"},{"taxonomy":"product_tag","embeddable":true,"href":"https:\/\/nauti-parts.com\/de\/wp-json\/wp\/v2\/product_tag?post=22533"}],"curies":[{"name":"wp","href":"https:\/\/api.w.org\/{rel}","templated":true}]}}