{"id":22336,"date":"2024-11-22T12:35:44","date_gmt":"2024-11-22T12:35:44","guid":{"rendered":"https:\/\/nauti-parts.com\/shop\/unkategorisiert\/fish-pro-apex\/"},"modified":"2026-03-30T10:29:12","modified_gmt":"2026-03-30T10:29:12","slug":"fish-pro-apex","status":"publish","type":"product","link":"https:\/\/nauti-parts.com\/de\/shop\/wasserspielzeug\/sea-doo-jet-skis\/sportfischen\/fish-pro-apex\/","title":{"rendered":"Fish Pro Apex"},"content":{"rendered":"<div class=\"wpb-content-wrapper\"><p>[vc_row full_width=&#8221;stretch_row_content&#8221; equal_height=&#8221;yes&#8221; content_placement=&#8221;middle&#8221; css=&#8221;.vc_custom_1728641328627{margin-top: 30px !important;margin-right: 30px !important;margin-left: 30px !important;padding-top: 30px !important;padding-right: 30px !important;padding-bottom: 30px !important;padding-left: 30px !important;background-color: #B6CDCB42 !important;}&#8221;][vc_column][vc_row_inner content_placement=&#8221;middle&#8221;][vc_column_inner width=&#8221;1\/2&#8243;][vc_single_image image=&#8221;22341&#8243; img_size=&#8221;full&#8221; alignment=&#8221;center&#8221; css=&#8221;&#8221;][\/vc_column_inner][vc_column_inner width=&#8221;1\/2&#8243;][vc_column_text css=&#8221;&#8221;]<\/p>\n<h3 style=\"font-size: 34px;\">Nur f\u00fcr ernsthafte Angler<\/h3>\n<hr>\n<p>Das ist Angeln mit dem Wasserfahrzeug in seiner besten und exklusivsten Form. Der Apex ist der speziellste FishPro, den wir je hergestellt haben, aber er ist nur dieses Jahr f\u00fcr Sie erh\u00e4ltlich. \u00dcberlegen Sie? Keine Zeit.   <\/p>\n<hr>\n<ul class=\"list-group list-group-flush\">\n<li class=\"list-group-item\">Branchenf\u00fchrende Stabilit\u00e4t und Kontrolle<\/li>\n<li class=\"list-group-item\">Rotax\u00ae 1630 ACE\u2122 &#8211; 300 PS<\/li>\n<li class=\"list-group-item\">Apex-Paket: Nur ein Jahr g\u00fcltige Sonderedition, exklusive Farbgebung und Plaketten, inklusive Fahrzeugabdeckung und mehr<\/li>\n<li class=\"list-group-item\">Ausstattung zum Fischen: 7 Angelrutenhalter, 9&#8243; Garmin Fish Finder &amp; GPS, drehbarer Sitz, Quick Connect Livewell, Trolling-Modus, Fu\u00dfrasten am Dollbord und Ankersystem.<\/li>\n<li class=\"list-group-item\">Technik-Paket: BRP Audio &#8211; Premium System &amp; 7,8&#8243; gro\u00dfes Farbdisplay, USB-Anschluss<\/li>\n<\/ul>\n<p>[\/vc_column_text][vc_btn title=&#8221;Kontaktieren Sie uns f\u00fcr ein Angebot und weitere Informationen&#8221; style=&#8221;flat&#8221; shape=&#8221;round&#8221; color=&#8221;turquoise&#8221; size=&#8221;lg&#8221; css=&#8221;&#8221; link=&#8221;url:https%3A%2F%2Fnauti-parts.com%2Fcontact%2F|title:Kontakt|&#8221;][\/vc_column_inner][\/vc_row_inner][\/vc_column][\/vc_row][vc_row][vc_column][vc_column_text css=&#8221;&#8221;]<\/p>\n<h3 style=\"text-align: center; font-size: 28PX;\">SPEZIFIKATIONEN<\/h3>\n<p>[\/vc_column_text][\/vc_column][\/vc_row][vc_row full_width=&#8221;stretch_row_content&#8221;][vc_column width=&#8221;1\/6&#8243;][vc_icon icon_fontawesome=&#8221;fas fa-tachometer-alt&#8221; color=&#8221;turquoise&#8221; align=&#8221;center&#8221; css=&#8221;.vc_custom_1728639098189{margin-bottom: 0px !important;}&#8221;][vc_column_text css=&#8221;&#8221;]<\/p>\n<p style=\"text-align: center;\"><strong>Motor<\/strong><br \/>\nRotax 1630 ACE\u2122 &#8211; 300<\/p>\n<p>[\/vc_column_text][\/vc_column][vc_column width=&#8221;1\/6&#8243;][vc_icon icon_fontawesome=&#8221;fas fa-gas-pump&#8221; color=&#8221;turquoise&#8221; align=&#8221;center&#8221; css=&#8221;.vc_custom_1728639125285{margin-bottom: 0px !important;}&#8221;][vc_column_text css=&#8221;&#8221;]<\/p>\n<p style=\"text-align: center;\"><strong>Kraftstoffkapazit\u00e4t<br \/>\n<\/strong>70 L (18,5 gal)<\/p>\n<p>[\/vc_column_text][\/vc_column][vc_column width=&#8221;1\/6&#8243;][vc_icon icon_fontawesome=&#8221;fas fa-box-open&#8221; color=&#8221;turquoise&#8221; align=&#8221;center&#8221; css=&#8221;.vc_custom_1728639206255{margin-bottom: 0px !important;}&#8221;][vc_column_text css=&#8221;&#8221;]<\/p>\n<p style=\"text-align: center;\"><strong>Speicherkapazit\u00e4t<br \/>\n<\/strong>Insgesamt 149,9 L (39,6 gal)<\/p>\n<p>[\/vc_column_text][\/vc_column][vc_column width=&#8221;1\/6&#8243;][vc_icon icon_fontawesome=&#8221;fas fa-user-friends&#8221; color=&#8221;turquoise&#8221; align=&#8221;center&#8221; css=&#8221;.vc_custom_1728639277552{margin-bottom: 0px !important;}&#8221;][vc_column_text css=&#8221;&#8221;]<\/p>\n<p style=\"text-align: center;\"><strong>Reiter Kapazit\u00e4t<br \/>\n<\/strong>3<\/p>\n<p>[\/vc_column_text][\/vc_column][vc_column width=&#8221;1\/6&#8243;][vc_icon icon_fontawesome=&#8221;fas fa-ship&#8221; color=&#8221;turquoise&#8221; align=&#8221;center&#8221; css=&#8221;.vc_custom_1728639325853{margin-bottom: 0px !important;}&#8221;][vc_column_text css=&#8221;&#8221;]<\/p>\n<p style=\"text-align: center;\"><strong>Rumpfmaterial<br \/>\n<\/strong>Fiberglas<\/p>\n<p>[\/vc_column_text][\/vc_column][vc_column width=&#8221;1\/6&#8243;][vc_icon icon_fontawesome=&#8221;fas fa-file-pdf&#8221; color=&#8221;turquoise&#8221; align=&#8221;center&#8221; css=&#8221;.vc_custom_1728639402686{margin-bottom: 0px !important;}&#8221;][vc_column_text css=&#8221;&#8221;]<\/p>\n<p style=\"text-align: center;\"><strong>Spezifikationen<br \/>\n<\/strong><a href=\"https:\/\/nauti-parts.com\/wp-content\/uploads\/2024\/11\/SEA-MY25-FISH-FPAEX-SPEC-ENNA-Page-PDFx1.pdf\">Herunterladen<\/a><\/p>\n<p>[\/vc_column_text][\/vc_column][\/vc_row][vc_row][vc_column][vc_column_text]<\/p>\n<p>[\/vc_column_text][\/vc_column][\/vc_row][vc_row full_width=&#8221;stretch_row_content&#8221; css=&#8221;.vc_custom_1728642462100{border-bottom-width: 1px !important;padding-top: 6% !important;padding-bottom: 4% !important;background-position: center !important;background-repeat: no-repeat !important;background-size: cover !important;border-bottom-style: none !important;border-color: #dddddd !important;}&#8221; background_style=&#8221;normal&#8221;][vc_column][vc_empty_space height=&#8221;30px&#8221;][vc_column_text css=&#8221;.vc_custom_1479828377370{margin-bottom: 20px !important;}&#8221;]<\/p>\n<h2 style=\"text-align: center;\"><strong>M\u00f6chten Sie mehr erfahren?<\/strong><\/h2>\n<p>[\/vc_column_text][vc_column_text]<\/p>\n<p style=\"text-align: center;\">Nehmen Sie noch heute Kontakt mit uns auf, wenn Sie weitere Informationen zu unseren Produkten oder Dienstleistungen w\u00fcnschen!<\/p>\n<p>[\/vc_column_text][vc_btn title=&#8221;Nehmen Sie Kontakt mit uns auf&#8221; style=&#8221;flat&#8221; shape=&#8221;square&#8221; color=&#8221;black&#8221; size=&#8221;lg&#8221; align=&#8221;center&#8221; link=&#8221;url:https%3A%2F%2Fnauti-parts.com%2Fcontact%2F|&#8221;][vc_empty_space height=&#8221;30px&#8221;][vc_row_inner css=&#8221;.vc_custom_1681398940617{margin-top: 70px !important;padding-bottom: 40px !important;background-color: #f4f4f4 !important;}&#8221;][vc_column_inner width=&#8221;1\/3&#8243;][vc_column_text]<\/p>\n<h3 style=\"text-align: center;\"><strong>Nauti Parts Shop<br \/>\nPortals Nous<\/strong><\/h3>\n<hr>\n<p style=\"text-align: center;\"><strong>Telefon: <a href=\"tel:0034971677730\">(+34) 971 67 77 30<\/a><br \/>\nE-Mail: <a href=\"mailto:nautiparts@yahoo.com\">nautiparts@yahoo.com<\/a><\/strong><\/p>\n<p style=\"text-align: center;\">C\/ Benito Geronimo Feijoo 2<br \/>\nLocal 5, Portals Nous<br \/>\n07181, Calvia, Mallorca<\/p>\n<p style=\"text-align: center;\"><strong>\u00d6ffnungszeiten:<\/strong><br \/>\nMontag bis Freitag: 9:00 &#8211; 18:00<br \/>\nSamstag: 09:30 &#8211; 13:30<br \/>\nSonntag geschlossen<\/p>\n<hr>\n<p style=\"text-align: center;\"><strong><a href=\"https:\/\/www.google.es\/maps\/place\/Nauti+Parts\/@39.5332679,2.5649517,17z\/data=!3m1!4b1!4m5!3m4!1s0x12978e9980b7b797:0xc4113de6c9bf0e9c!8m2!3d39.5332679!4d2.5671404\" target=\"_blank\" rel=\"noopener noreferrer\">ANFAHRTSBESCHREIBUNG ERHALTEN<\/a><\/strong><\/p>\n<p>[\/vc_column_text][vc_gmaps link=&#8221;#E-8_JTNDaWZyYW1lJTIwc3JjJTNEJTIyaHR0cHMlM0ElMkYlMkZ3d3cuZ29vZ2xlLmNvbSUyRm1hcHMlMkZlbWJlZCUzRnBiJTNEJTIxMW0xOCUyMTFtMTIlMjExbTMlMjExZDMwNzcuMTY5MTI4MzI4MDY4JTIxMmQyLjU2NzIxMzU5OTk5OTk5OTclMjEzZDM5LjUzMzIzODQ5OTk5OTk5NiUyMTJtMyUyMTFmMCUyMTJmMCUyMTNmMCUyMTNtMiUyMTFpMTAyNCUyMTJpNzY4JTIxNGYxMy4xJTIxM20zJTIxMW0yJTIxMXMweDEyOTc4ZTk5ODBiN2I3OTclMjUzQTB4YzQxMTNkZTZjOWJmMGU5YyUyMTJzTmF1dGklMjUyMFBhcnRzJTIxNWUwJTIxM20yJTIxMXNlbiUyMTJzZXMlMjE0djE2ODEzOTg3OTk1MjUlMjE1bTIlMjExc2VuJTIxMnNlcyUyMiUyMHdpZHRoJTNEJTIyNjAwJTIyJTIwaGVpZ2h0JTNEJTIyNDUwJTIyJTIwc3R5bGUlM0QlMjJib3JkZXIlM0EwJTNCJTIyJTIwYWxsb3dmdWxsc2NyZWVuJTNEJTIyJTIyJTIwbG9hZGluZyUzRCUyMmxhenklMjIlMjByZWZlcnJlcnBvbGljeSUzRCUyMm5vLXJlZmVycmVyLXdoZW4tZG93bmdyYWRlJTIyJTNFJTNDJTJGaWZyYW1lJTNF&#8221; size=&#8221;&#8221; css=&#8221;.vc_custom_1681399002178{padding-right: 15px !important;padding-left: 15px !important;}&#8221;][\/vc_column_inner][vc_column_inner width=&#8221;1\/3&#8243;][vc_column_text]<\/p>\n<h3 style=\"text-align: center;\"><strong>Nauti Parts Shop<br \/>\nPort Adriano<\/strong><\/h3>\n<hr>\n<p style=\"text-align: center;\"><strong>Telefon: <a href=\"tel:0034971237482\">(+34) 971 23 74 82<\/a><br \/>\nE-Mail: <a href=\"mailto:nautiparts@yahoo.com\">nautiparts@yahoo.com<\/a><\/strong><\/p>\n<p style=\"text-align: center;\">Port Adriano, Local C2.1<br \/>\nUrb El Toro S\/N<br \/>\n07180, Calvia, Mallorca<\/p>\n<p style=\"text-align: center;\"><strong>\u00d6ffnungszeiten:<\/strong><br \/>\nMontag bis Freitag: 9:00 &#8211; 18:00<br \/>\nSamstag: 10:00 &#8211; 14:00<br \/>\nSonntag: 10:00 &#8211; 14:00<\/p>\n<hr>\n<p style=\"text-align: center;\"><strong><a href=\"https:\/\/www.google.es\/maps\/place\/Nauti+Parts+Port+Adriano\/@39.4988314,2.4433721,13z\/data=!4m8!1m2!2m1!1snauti+parts+adriano!3m4!1s0x12978839ac35935b:0x4f39ed91edca6cd8!8m2!3d39.489068!4d2.47749\" target=\"_blank\" rel=\"noopener noreferrer\">ANFAHRTSBESCHREIBUNG ERHALTEN<\/a><\/strong><\/p>\n<p>[\/vc_column_text][vc_gmaps link=&#8221;#E-8_JTNDaWZyYW1lJTIwc3JjJTNEJTIyaHR0cHMlM0ElMkYlMkZ3d3cuZ29vZ2xlLmNvbSUyRm1hcHMlMkZlbWJlZCUzRnBiJTNEJTIxMW0xNCUyMTFtOCUyMTFtMyUyMTFkNDkyNTkuMDk4NTYxNDczNjM1JTIxMmQyLjQ0MzM3MjElMjEzZDM5LjQ5ODgzMTQlMjEzbTIlMjExaTEwMjQlMjEyaTc2OCUyMTRmMTMuMSUyMTNtMyUyMTFtMiUyMTFzMHgxMjk3ODgzOWFjMzU5MzViJTI1M0EweDRmMzllZDkxZWRjYTZjZDglMjEyc05hdXRpJTI1MjBQYXJ0cyUyNTIwUG9ydCUyNTIwQWRyaWFubyUyMTVlMCUyMTNtMiUyMTFzZW4lMjEyc2VzJTIxNHYxNjgxMzk4ODI0MTg5JTIxNW0yJTIxMXNlbiUyMTJzZXMlMjIlMjB3aWR0aCUzRCUyMjYwMCUyMiUyMGhlaWdodCUzRCUyMjQ1MCUyMiUyMHN0eWxlJTNEJTIyYm9yZGVyJTNBMCUzQiUyMiUyMGFsbG93ZnVsbHNjcmVlbiUzRCUyMiUyMiUyMGxvYWRpbmclM0QlMjJsYXp5JTIyJTIwcmVmZXJyZXJwb2xpY3klM0QlMjJuby1yZWZlcnJlci13aGVuLWRvd25ncmFkZSUyMiUzRSUzQyUyRmlmcmFtZSUzRQ==&#8221; size=&#8221;&#8221; css=&#8221;.vc_custom_1681399011964{padding-right: 15px !important;padding-left: 15px !important;}&#8221;][\/vc_column_inner][vc_column_inner width=&#8221;1\/3&#8243;][vc_column_text]<\/p>\n<h3 style=\"text-align: center;\"><strong>Nauti Parts<br \/>\nServicezentrum<\/strong><\/h3>\n<hr>\n<p style=\"text-align: center;\"><strong>Telefon: <a href=\"tel:0034971696644\">(+34) 971 69 66 44<\/a><br \/>\nE-Mail: <a href=\"mailto:nautiparts@yahoo.com\">nautiparts@yahoo.com<\/a><br \/>\n<\/strong><\/p>\n<p style=\"text-align: center;\">Poligono Son Bugadelles<br \/>\nC\/ Alicante, Nave 15A<br \/>\n07180, Calvia, Mallorca<\/p>\n<p style=\"text-align: center;\"><strong>\u00d6ffnungszeiten:<\/strong><br \/>\nMontag bis Freitag: 09:00 &#8211; 13:00 \/ 15:00 &#8211; 18:00<br \/>\nSamstag 09:30 &#8211; 13:30<br \/>\nSonntag: Geschlossen<\/p>\n<hr>\n<p style=\"text-align: center;\"><strong><a href=\"https:\/\/www.google.es\/maps\/place\/Nauti+Parts+Jet+Centre\/@39.528493,2.5057545,18z\/data=!3m1!4b1!4m5!3m4!1s0x129789710e312171:0xc4de77cc7a632f27!8m2!3d39.528493!4d2.5068515\" target=\"_blank\" rel=\"noopener noreferrer\">ANFAHRTSBESCHREIBUNG ERHALTEN<\/a><\/strong><\/p>\n<p>[\/vc_column_text][vc_gmaps link=&#8221;#E-8_JTNDaWZyYW1lJTIwc3JjJTNEJTIyaHR0cHMlM0ElMkYlMkZ3d3cuZ29vZ2xlLmNvbSUyRm1hcHMlMkZlbWJlZCUzRnBiJTNEJTIxMW0xOCUyMTFtMTIlMjExbTMlMjExZDE1MzguNzEyNzg3ODcwNDcxJTIxMmQyLjUwNDgzMTQwMDAwMDAwMDUlMjEzZDM5LjUyNzQ1MjQ5OTk5OTk5NSUyMTJtMyUyMTFmMCUyMTJmMCUyMTNmMCUyMTNtMiUyMTFpMTAyNCUyMTJpNzY4JTIxNGYxMy4xJTIxM20zJTIxMW0yJTIxMXMweDEyOTc4OTcxMGUzMTIxNzElMjUzQTB4YzRkZTc3Y2M3YTYzMmYyNyUyMTJzTmF1dGklMjUyMFBhcnRzJTIxNWUwJTIxM20yJTIxMXNlbiUyMTJzZXMlMjE0djE2ODEzOTg4NDgwNjYlMjE1bTIlMjExc2VuJTIxMnNlcyUyMiUyMHdpZHRoJTNEJTIyNjAwJTIyJTIwaGVpZ2h0JTNEJTIyNDUwJTIyJTIwc3R5bGUlM0QlMjJib3JkZXIlM0EwJTNCJTIyJTIwYWxsb3dmdWxsc2NyZWVuJTNEJTIyJTIyJTIwbG9hZGluZyUzRCUyMmxhenklMjIlMjByZWZlcnJlcnBvbGljeSUzRCUyMm5vLXJlZmVycmVyLXdoZW4tZG93bmdyYWRlJTIyJTNFJTNDJTJGaWZyYW1lJTNF&#8221; size=&#8221;&#8221; css=&#8221;.vc_custom_1681399019212{padding-right: 15px !important;padding-left: 15px !important;}&#8221;][\/vc_column_inner][\/vc_row_inner][\/vc_column][\/vc_row]<\/p>\n<\/div>","protected":false},"excerpt":{"rendered":"<div class=\"cmp-teaser__content\">\n<h3 class=\"cmp-teaser__subtitle\">Der Gipfel der Wassermotorr\u00e4der f\u00fcr die Fischerei<\/h3>\n<\/div>\n<p class=\"p1\" style=\"margin-bottom: 30px;\">Was passiert, wenn ein Wasserfahrzeug, das an der Spitze seiner Klasse steht, noch besser wird? Es erreicht den Scheitelpunkt. Es ist exklusiv. Es ist widerstandsf\u00e4hig. Es ist High-End. Es ist das FishPro Apex und seine speziellen Angelfunktionen machen es zum Wunschobjekt eines jeden begeisterten Anglers.     <\/p>\n<h6>Der angegebene Preis beinhaltet IVA und Lieferung, ohne Immatrikulation<\/h6>\n","protected":false},"featured_media":18971,"comment_status":"open","ping_status":"closed","template":"","meta":{"_acf_changed":false},"product_brand":[],"product_cat":[255,359,205],"product_tag":[],"class_list":{"0":"post-22336","1":"product","2":"type-product","3":"status-publish","4":"has-post-thumbnail","6":"product_cat-sea-doo-jet-skis","7":"product_cat-sportfischen","8":"product_cat-wasserspielzeug","9":"repupress_customize_woocommerce_productom_class","11":"first","12":"outofstock","13":"taxable","14":"shipping-taxable","15":"purchasable","16":"product-type-simple"},"acf":[],"yoast_head":"<!-- This site is optimized with the Yoast SEO plugin v27.5 - https:\/\/yoast.com\/product\/yoast-seo-wordpress\/ -->\n<title>Fish Pro Apex | Nauti Parts<\/title>\n<meta name=\"robots\" content=\"index, follow, max-snippet:-1, max-image-preview:large, max-video-preview:-1\" \/>\n<link rel=\"canonical\" href=\"https:\/\/nauti-parts.com\/de\/shop\/wasserspielzeug\/sea-doo-jet-skis\/sportfischen\/fish-pro-apex\/\" \/>\n<meta property=\"og:locale\" content=\"de_DE\" \/>\n<meta property=\"og:type\" content=\"article\" \/>\n<meta property=\"og:title\" content=\"Fish Pro Apex | Nauti Parts\" \/>\n<meta property=\"og:description\" content=\"Der Gipfel der Wassermotorr\u00e4der f\u00fcr die Fischerei Was passiert, wenn ein Wasserfahrzeug, das an der Spitze seiner Klasse steht, noch besser wird? Es erreicht den Scheitelpunkt. Es ist exklusiv. Es ist widerstandsf\u00e4hig. Es ist High-End. Es ist das FishPro Apex und seine speziellen Angelfunktionen machen es zum Wunschobjekt eines jeden begeisterten Anglers.    Der angegebene Preis beinhaltet IVA und Lieferung, ohne Immatrikulation\" \/>\n<meta property=\"og:url\" content=\"https:\/\/nauti-parts.com\/de\/shop\/wasserspielzeug\/sea-doo-jet-skis\/sportfischen\/fish-pro-apex\/\" \/>\n<meta property=\"og:site_name\" content=\"Nauti Parts\" \/>\n<meta property=\"article:publisher\" content=\"https:\/\/www.facebook.com\/nautipartsspain\/\" \/>\n<meta property=\"article:modified_time\" content=\"2026-03-30T10:29:12+00:00\" \/>\n<meta property=\"og:image\" content=\"https:\/\/nauti-parts.com\/wp-content\/uploads\/2019\/05\/Sea-Doo-jetskis-mallorca.jpg\" \/>\n\t<meta property=\"og:image:width\" content=\"900\" \/>\n\t<meta property=\"og:image:height\" content=\"500\" \/>\n\t<meta property=\"og:image:type\" content=\"image\/jpeg\" \/>\n<meta name=\"twitter:card\" content=\"summary_large_image\" \/>\n<meta name=\"twitter:label1\" content=\"Gesch\u00e4tzte Lesezeit\" \/>\n\t<meta name=\"twitter:data1\" content=\"5\u00a0Minuten\" \/>\n<script type=\"application\/ld+json\" class=\"yoast-schema-graph\">{\"@context\":\"https:\\\/\\\/schema.org\",\"@graph\":[{\"@type\":\"WebPage\",\"@id\":\"https:\\\/\\\/nauti-parts.com\\\/de\\\/shop\\\/wasserspielzeug\\\/sea-doo-jet-skis\\\/sportfischen\\\/fish-pro-apex\\\/\",\"url\":\"https:\\\/\\\/nauti-parts.com\\\/de\\\/shop\\\/wasserspielzeug\\\/sea-doo-jet-skis\\\/sportfischen\\\/fish-pro-apex\\\/\",\"name\":\"Fish Pro Apex | Nauti Parts\",\"isPartOf\":{\"@id\":\"https:\\\/\\\/nauti-parts.com\\\/de\\\/#website\"},\"primaryImageOfPage\":{\"@id\":\"https:\\\/\\\/nauti-parts.com\\\/de\\\/shop\\\/wasserspielzeug\\\/sea-doo-jet-skis\\\/sportfischen\\\/fish-pro-apex\\\/#primaryimage\"},\"image\":{\"@id\":\"https:\\\/\\\/nauti-parts.com\\\/de\\\/shop\\\/wasserspielzeug\\\/sea-doo-jet-skis\\\/sportfischen\\\/fish-pro-apex\\\/#primaryimage\"},\"thumbnailUrl\":\"https:\\\/\\\/nauti-parts.com\\\/wp-content\\\/uploads\\\/2024\\\/11\\\/sea-my25-fishpro-apex-integrated100w-m300-flint-grey-00027sc00-studio-34fr-cu.avif\",\"datePublished\":\"2024-11-22T12:35:44+00:00\",\"dateModified\":\"2026-03-30T10:29:12+00:00\",\"breadcrumb\":{\"@id\":\"https:\\\/\\\/nauti-parts.com\\\/de\\\/shop\\\/wasserspielzeug\\\/sea-doo-jet-skis\\\/sportfischen\\\/fish-pro-apex\\\/#breadcrumb\"},\"inLanguage\":\"de\",\"potentialAction\":[{\"@type\":\"ReadAction\",\"target\":[\"https:\\\/\\\/nauti-parts.com\\\/de\\\/shop\\\/wasserspielzeug\\\/sea-doo-jet-skis\\\/sportfischen\\\/fish-pro-apex\\\/\"]}]},{\"@type\":\"ImageObject\",\"inLanguage\":\"de\",\"@id\":\"https:\\\/\\\/nauti-parts.com\\\/de\\\/shop\\\/wasserspielzeug\\\/sea-doo-jet-skis\\\/sportfischen\\\/fish-pro-apex\\\/#primaryimage\",\"url\":\"https:\\\/\\\/nauti-parts.com\\\/wp-content\\\/uploads\\\/2024\\\/11\\\/sea-my25-fishpro-apex-integrated100w-m300-flint-grey-00027sc00-studio-34fr-cu.avif\",\"contentUrl\":\"https:\\\/\\\/nauti-parts.com\\\/wp-content\\\/uploads\\\/2024\\\/11\\\/sea-my25-fishpro-apex-integrated100w-m300-flint-grey-00027sc00-studio-34fr-cu.avif\",\"width\":661,\"height\":480,\"caption\":\"Sea-Doo FishPro Apex 300\"},{\"@type\":\"BreadcrumbList\",\"@id\":\"https:\\\/\\\/nauti-parts.com\\\/de\\\/shop\\\/wasserspielzeug\\\/sea-doo-jet-skis\\\/sportfischen\\\/fish-pro-apex\\\/#breadcrumb\",\"itemListElement\":[{\"@type\":\"ListItem\",\"position\":1,\"name\":\"Shop\",\"item\":\"https:\\\/\\\/nauti-parts.com\\\/de\\\/shop\\\/\"},{\"@type\":\"ListItem\",\"position\":2,\"name\":\"Fish Pro Apex\"}]},{\"@type\":\"WebSite\",\"@id\":\"https:\\\/\\\/nauti-parts.com\\\/de\\\/#website\",\"url\":\"https:\\\/\\\/nauti-parts.com\\\/de\\\/\",\"name\":\"Nauti Parts\",\"description\":\"Sea-Doo Jet Ski - Seabob Dealer and Rentals | Water Toys Mallorca\",\"publisher\":{\"@id\":\"https:\\\/\\\/nauti-parts.com\\\/de\\\/#organization\"},\"potentialAction\":[{\"@type\":\"SearchAction\",\"target\":{\"@type\":\"EntryPoint\",\"urlTemplate\":\"https:\\\/\\\/nauti-parts.com\\\/de\\\/?s={search_term_string}\"},\"query-input\":{\"@type\":\"PropertyValueSpecification\",\"valueRequired\":true,\"valueName\":\"search_term_string\"}}],\"inLanguage\":\"de\"},{\"@type\":\"Organization\",\"@id\":\"https:\\\/\\\/nauti-parts.com\\\/de\\\/#organization\",\"name\":\"Nauti Teile\",\"url\":\"https:\\\/\\\/nauti-parts.com\\\/de\\\/\",\"logo\":{\"@type\":\"ImageObject\",\"inLanguage\":\"de\",\"@id\":\"https:\\\/\\\/nauti-parts.com\\\/de\\\/#\\\/schema\\\/logo\\\/image\\\/\",\"url\":\"https:\\\/\\\/nauti-parts.com\\\/wp-content\\\/uploads\\\/2023\\\/10\\\/np-logo-black.png\",\"contentUrl\":\"https:\\\/\\\/nauti-parts.com\\\/wp-content\\\/uploads\\\/2023\\\/10\\\/np-logo-black.png\",\"width\":253,\"height\":100,\"caption\":\"Nauti Teile\"},\"image\":{\"@id\":\"https:\\\/\\\/nauti-parts.com\\\/de\\\/#\\\/schema\\\/logo\\\/image\\\/\"},\"sameAs\":[\"https:\\\/\\\/www.facebook.com\\\/nautipartsspain\\\/\",\"https:\\\/\\\/www.instagram.com\\\/nautiparts\\\/\"]}]}<\/script>\n<!-- \/ Yoast SEO plugin. -->","yoast_head_json":{"title":"Fish Pro Apex | Nauti Parts","robots":{"index":"index","follow":"follow","max-snippet":"max-snippet:-1","max-image-preview":"max-image-preview:large","max-video-preview":"max-video-preview:-1"},"canonical":"https:\/\/nauti-parts.com\/de\/shop\/wasserspielzeug\/sea-doo-jet-skis\/sportfischen\/fish-pro-apex\/","og_locale":"de_DE","og_type":"article","og_title":"Fish Pro Apex | Nauti Parts","og_description":"Der Gipfel der Wassermotorr\u00e4der f\u00fcr die Fischerei Was passiert, wenn ein Wasserfahrzeug, das an der Spitze seiner Klasse steht, noch besser wird? Es erreicht den Scheitelpunkt. Es ist exklusiv. Es ist widerstandsf\u00e4hig. Es ist High-End. Es ist das FishPro Apex und seine speziellen Angelfunktionen machen es zum Wunschobjekt eines jeden begeisterten Anglers.    Der angegebene Preis beinhaltet IVA und Lieferung, ohne Immatrikulation","og_url":"https:\/\/nauti-parts.com\/de\/shop\/wasserspielzeug\/sea-doo-jet-skis\/sportfischen\/fish-pro-apex\/","og_site_name":"Nauti Parts","article_publisher":"https:\/\/www.facebook.com\/nautipartsspain\/","article_modified_time":"2026-03-30T10:29:12+00:00","og_image":[{"width":900,"height":500,"url":"https:\/\/nauti-parts.com\/wp-content\/uploads\/2019\/05\/Sea-Doo-jetskis-mallorca.jpg","type":"image\/jpeg"}],"twitter_card":"summary_large_image","twitter_misc":{"Gesch\u00e4tzte Lesezeit":"5\u00a0Minuten"},"schema":{"@context":"https:\/\/schema.org","@graph":[{"@type":"WebPage","@id":"https:\/\/nauti-parts.com\/de\/shop\/wasserspielzeug\/sea-doo-jet-skis\/sportfischen\/fish-pro-apex\/","url":"https:\/\/nauti-parts.com\/de\/shop\/wasserspielzeug\/sea-doo-jet-skis\/sportfischen\/fish-pro-apex\/","name":"Fish Pro Apex | Nauti Parts","isPartOf":{"@id":"https:\/\/nauti-parts.com\/de\/#website"},"primaryImageOfPage":{"@id":"https:\/\/nauti-parts.com\/de\/shop\/wasserspielzeug\/sea-doo-jet-skis\/sportfischen\/fish-pro-apex\/#primaryimage"},"image":{"@id":"https:\/\/nauti-parts.com\/de\/shop\/wasserspielzeug\/sea-doo-jet-skis\/sportfischen\/fish-pro-apex\/#primaryimage"},"thumbnailUrl":"https:\/\/nauti-parts.com\/wp-content\/uploads\/2024\/11\/sea-my25-fishpro-apex-integrated100w-m300-flint-grey-00027sc00-studio-34fr-cu.avif","datePublished":"2024-11-22T12:35:44+00:00","dateModified":"2026-03-30T10:29:12+00:00","breadcrumb":{"@id":"https:\/\/nauti-parts.com\/de\/shop\/wasserspielzeug\/sea-doo-jet-skis\/sportfischen\/fish-pro-apex\/#breadcrumb"},"inLanguage":"de","potentialAction":[{"@type":"ReadAction","target":["https:\/\/nauti-parts.com\/de\/shop\/wasserspielzeug\/sea-doo-jet-skis\/sportfischen\/fish-pro-apex\/"]}]},{"@type":"ImageObject","inLanguage":"de","@id":"https:\/\/nauti-parts.com\/de\/shop\/wasserspielzeug\/sea-doo-jet-skis\/sportfischen\/fish-pro-apex\/#primaryimage","url":"https:\/\/nauti-parts.com\/wp-content\/uploads\/2024\/11\/sea-my25-fishpro-apex-integrated100w-m300-flint-grey-00027sc00-studio-34fr-cu.avif","contentUrl":"https:\/\/nauti-parts.com\/wp-content\/uploads\/2024\/11\/sea-my25-fishpro-apex-integrated100w-m300-flint-grey-00027sc00-studio-34fr-cu.avif","width":661,"height":480,"caption":"Sea-Doo FishPro Apex 300"},{"@type":"BreadcrumbList","@id":"https:\/\/nauti-parts.com\/de\/shop\/wasserspielzeug\/sea-doo-jet-skis\/sportfischen\/fish-pro-apex\/#breadcrumb","itemListElement":[{"@type":"ListItem","position":1,"name":"Shop","item":"https:\/\/nauti-parts.com\/de\/shop\/"},{"@type":"ListItem","position":2,"name":"Fish Pro Apex"}]},{"@type":"WebSite","@id":"https:\/\/nauti-parts.com\/de\/#website","url":"https:\/\/nauti-parts.com\/de\/","name":"Nauti Parts","description":"Sea-Doo Jet Ski - Seabob Dealer and Rentals | Water Toys Mallorca","publisher":{"@id":"https:\/\/nauti-parts.com\/de\/#organization"},"potentialAction":[{"@type":"SearchAction","target":{"@type":"EntryPoint","urlTemplate":"https:\/\/nauti-parts.com\/de\/?s={search_term_string}"},"query-input":{"@type":"PropertyValueSpecification","valueRequired":true,"valueName":"search_term_string"}}],"inLanguage":"de"},{"@type":"Organization","@id":"https:\/\/nauti-parts.com\/de\/#organization","name":"Nauti Teile","url":"https:\/\/nauti-parts.com\/de\/","logo":{"@type":"ImageObject","inLanguage":"de","@id":"https:\/\/nauti-parts.com\/de\/#\/schema\/logo\/image\/","url":"https:\/\/nauti-parts.com\/wp-content\/uploads\/2023\/10\/np-logo-black.png","contentUrl":"https:\/\/nauti-parts.com\/wp-content\/uploads\/2023\/10\/np-logo-black.png","width":253,"height":100,"caption":"Nauti Teile"},"image":{"@id":"https:\/\/nauti-parts.com\/de\/#\/schema\/logo\/image\/"},"sameAs":["https:\/\/www.facebook.com\/nautipartsspain\/","https:\/\/www.instagram.com\/nautiparts\/"]}]}},"_links":{"self":[{"href":"https:\/\/nauti-parts.com\/de\/wp-json\/wp\/v2\/product\/22336","targetHints":{"allow":["GET"]}}],"collection":[{"href":"https:\/\/nauti-parts.com\/de\/wp-json\/wp\/v2\/product"}],"about":[{"href":"https:\/\/nauti-parts.com\/de\/wp-json\/wp\/v2\/types\/product"}],"replies":[{"embeddable":true,"href":"https:\/\/nauti-parts.com\/de\/wp-json\/wp\/v2\/comments?post=22336"}],"wp:featuredmedia":[{"embeddable":true,"href":"https:\/\/nauti-parts.com\/de\/wp-json\/wp\/v2\/media\/18971"}],"wp:attachment":[{"href":"https:\/\/nauti-parts.com\/de\/wp-json\/wp\/v2\/media?parent=22336"}],"wp:term":[{"taxonomy":"product_brand","embeddable":true,"href":"https:\/\/nauti-parts.com\/de\/wp-json\/wp\/v2\/product_brand?post=22336"},{"taxonomy":"product_cat","embeddable":true,"href":"https:\/\/nauti-parts.com\/de\/wp-json\/wp\/v2\/product_cat?post=22336"},{"taxonomy":"product_tag","embeddable":true,"href":"https:\/\/nauti-parts.com\/de\/wp-json\/wp\/v2\/product_tag?post=22336"}],"curies":[{"name":"wp","href":"https:\/\/api.w.org\/{rel}","templated":true}]}}