{"id":22188,"date":"2025-05-16T10:10:51","date_gmt":"2025-05-16T10:10:51","guid":{"rendered":"https:\/\/nauti-parts.com\/shop\/unkategorisiert\/waydoo-flyer-evo-max-folie\/"},"modified":"2025-05-16T10:10:51","modified_gmt":"2025-05-16T10:10:51","slug":"waydoo-flyer-evo-max-folie","status":"publish","type":"product","link":"https:\/\/nauti-parts.com\/de\/shop\/bretter-skier\/e-folien\/waydoo\/waydoo-flyer-evo-max-folie\/","title":{"rendered":"Waydoo Flyer EVO MAX Folie"},"content":{"rendered":"<h3><strong><span class=\"selected\">Wir stellen den Waydoo Flyer EVO MAX vor: Die Zukunft des E-Foilings ist da!<\/span><\/strong><\/h3>\n<p><span class=\"selected\">Die mit Spannung erwarteten neuen Waydoo Boards sind da und bieten eine Welle bahnbrechender Neuerungen! Erleben Sie eine verbesserte Leistung, m\u00fchelosen Transport mit den innovativen Plug &amp; Play-R\u00e4dern und ein noch nie dagewesenes Ma\u00df an Individualisierung. Mit un\u00fcbertroffener Leistung, einem schlanken, futuristischen Design und den f\u00fcr Waydoo typischen wettbewerbsf\u00e4higen Preisen ist das EVO MAX bereit, das E-Foiling-Erlebnis f\u00fcr Enthusiasten \u00fcberall neu zu definieren.  <\/span><\/p>\n<p><span class=\"selected\">Die robuste EPP-Konstruktion des EVO MAX bietet dank ihrer au\u00dfergew\u00f6hnlichen Sto\u00dfd\u00e4mpfung eine kosteneffiziente L\u00f6sung ohne Kompromisse bei der Sicherheit. F\u00fcr Fahrer, die die ultimative intelligente Kontrolle suchen, ist das EVO MAX Plus mit fortschrittlichen internen Sensoren ausgestattet, die eine verfeinerte Pr\u00e4zision durch das Waydoo Flight Management System erm\u00f6glichen. <\/span><\/p>\n<hr>\n<h3><strong><span class=\"selected\">Antrieb: Entwickelte Leistung, vielf\u00e4ltige Optionen<\/span><\/strong><\/h3>\n<p><span class=\"selected\">Der Waydoo Flyer EVO bietet drei leistungsstarke Antriebsvarianten, die zu Ihrem Fahrstil passen: 6 kW (Performance und Elite) und 4 kW (Standard). Der Performance-Antrieb liefert eine berauschende Leistung f\u00fcr Fahrer bis zu 170 kg und erreicht Geschwindigkeiten bis zu 45 km\/h. Das Elite-Modell hat die gleiche Leistung wie der Performance-Antrieb, ist aber mit seinem pr\u00e4zisionsgefertigten CNC-gefr\u00e4sten Geh\u00e4use noch einen Hauch raffinierter. Die Standard-Option bietet dieselbe aufregende Geschwindigkeit f\u00fcr Fahrer bis zu 130 kg.   <\/span><\/p>\n<p><span class=\"selected\">Alle Antriebssysteme verf\u00fcgen \u00fcber ein branchenf\u00fchrendes modulares Design. Dieses einzigartige System erm\u00f6glicht ein einfaches Abnehmen vom Mast, was die Anpassungsf\u00e4higkeit, Portabilit\u00e4t und Sicherheit erh\u00f6ht und gleichzeitig die Wartungskosten minimiert. Die EVO-Antriebseinheit stellt eine bahnbrechende Kombination aus Qualit\u00e4t, Vielseitigkeit und benutzerfreundlicher Wartung dar.  <\/span><\/p>\n<hr>\n<h3><strong><span class=\"selected\">Batterie: Agilit\u00e4t trifft auf Ausdauer<\/span><\/strong><\/h3>\n<p><span class=\"selected\">Versorgen Sie Ihre Abenteuer mit dem Powerflight-Akku des Waydoo Flyer EVO, der in den Kapazit\u00e4ten 36Ah und 45Ah erh\u00e4ltlich ist. Diese Batterien sind in einem robusten Geh\u00e4use aus einer Aluminiumlegierung untergebracht und halten auch anspruchsvollen Bedingungen stand. Bei der 36Ah-Batterie steht die Gewichtsreduzierung im Vordergrund, um die Agilit\u00e4t und Man\u00f6vrierf\u00e4higkeit zu verbessern, w\u00e4hrend die 45Ah-Batterie f\u00fcr l\u00e4ngere Fahrten ausgelegt ist und bis zu 135 Minuten Fahrzeit bietet.  <\/span><\/p>\n<p><span class=\"selected\">Beide Batterien verf\u00fcgen \u00fcber ein intuitives LCD-Display f\u00fcr klare Statusaktualisierungen und sind nach IP68 wasserdicht. Eine vereinfachte Verbindung \u00fcber Lichtsignal\u00fcbertragung, Warnungen bei Auslaufen, intelligentes W\u00e4rmemanagement und dynamische Ladeanpassung sorgen f\u00fcr maximale Sicherheit, Langlebigkeit und ein optimiertes Benutzererlebnis. <\/span><\/p>\n<hr>\n<h3><strong><span class=\"selected\">Mast: Passen Sie Ihr Fahrzeug mit drei Gr\u00f6\u00dfenoptionen an<\/span><\/strong><\/h3>\n<p><span class=\"selected\">Das Waydoo Flyer EVO bietet drei Mastl\u00e4ngen, die perfekt zu Ihrem Fahrstil und Ihrer Erfahrung passen: 69 cm und 89 cm, gefertigt aus einer haltbaren Aluminiumlegierung, und eine 79 cm lange Option aus robuster, leichter Kohlefaser. Erleben Sie mehr Kontrolle und Stabilit\u00e4t mit den k\u00fcrzeren Masten, die ideal sind, um die Grundlagen zu erlernen. Die l\u00e4ngeren Masten erm\u00f6glichen es erfahrenen Fahrern, anspruchsvolle Wellen zu erobern und maximale Agilit\u00e4t zu erreichen.  <\/span><\/p>\n<p><span class=\"selected\">Das revolution\u00e4re modulare Design erm\u00f6glicht die einfache Trennung des Mastes von der Antriebseinheit, was die Tragbarkeit erheblich verbessert und die Wartung vereinfacht. Ein integriertes, programmierbares Farb-LED-Licht im oberen Mast sorgt f\u00fcr ein beeindruckendes visuelles Element, insbesondere bei Nachtfahrten. <\/span><\/p>\n<ul>\n<li><strong><span class=\"selected\">Wichtiger Hinweis:<\/span><\/strong><span class=\"selected\"> F\u00fcr die Kompatibilit\u00e4t mit dem Waydoo Au\u00dfenbordmotor-Adapter wird ein l\u00e4ngerer Mast empfohlen.<\/span><\/li>\n<\/ul>\n<hr>\n<h3><strong><span class=\"selected\">Aufr\u00fcstbare Funktionen: Unbegrenztes Potenzial freisetzen<\/span><\/strong><\/h3>\n<p><span class=\"selected\">Erweitern Sie Ihr E-Foiling-Erlebnis mit dem umfangreichen Angebot an Aufr\u00fcstungsoptionen von Waydoo. Von praktischen Transportr\u00e4dern und Au\u00dfenbordmotor-Halterungen f\u00fcr Ihr Schlauchboot bis hin zu einem leistungsstarken 1500 W Wechselrichter f\u00fcr all Ihre Ger\u00e4te &#8211; Waydoo bietet Ihnen die Werkzeuge, um Ihre Fahrt individuell zu gestalten. <\/span><\/p>\n<p><span class=\"selected\">Verwandeln Sie Ihr E-Foil in ein vielseitiges Antriebssystem, das f\u00fcr jedes Abenteuer auf dem Wasser bereit ist. Bezwingen Sie alle Bedingungen und maximieren Sie Ihren Spa\u00df, selbst bei rauer See. Mit den Upgrade-Optionen von Waydoo sind die M\u00f6glichkeiten wirklich grenzenlos.  <\/span><\/p>\n","protected":false},"excerpt":{"rendered":"<h3>Das Evo MAX ist ein gro\u00dfes, volumin\u00f6ses und stabiles Board, das sich f\u00fcr alle Fahrer eignet und ideal f\u00fcr Charteryachten ist.<\/h3>\n<p>Spezifikationen:<\/p>\n<p class=\"p1\">BODENGEWICHT:  <span class=\"s1\">14.9 KG<br \/>\n<\/span>ABMESSUNGEN (LXB):  <span class=\"s1\">177 x 75 x 16cm<br \/>\n<\/span>VOLUME:  <span class=\"s1\">130 L<br \/>\n<\/span>RIDER GEWICHT:  <span class=\"s1\">170 KG<br \/>\n<\/span>BATTERIE LEBENSDAUER:  <span class=\"s1\">BIS ZU 140 MIN<br \/>\n<\/span>LADEDAUER:  <span class=\"s1\">2.5 H<br \/>\n<\/span>GESCHWINDIGKEIT:  <span class=\"s1\">BIS ZU 45 KM\/H<br \/>\n<\/span>MAX POWER:  <span class=\"s1\">6000W<br \/>\n<\/span>MATERIAL:  <span class=\"s1\">EPP<br \/>\n<\/span><span class=\"s2\">BATTERIE: <\/span>WIEDERAUFLADBARER LITHIUM-IONEN-AKKU 1800W<\/p>\n<p>Der angegebene Preis beinhaltet die IVA und schlie\u00dft die Lieferung aus.<\/p>\n","protected":false},"featured_media":22189,"comment_status":"open","ping_status":"closed","template":"","meta":{"_acf_changed":false},"product_brand":[],"product_cat":[222,353],"product_tag":[],"class_list":{"0":"post-22188","1":"product","2":"type-product","3":"status-publish","4":"has-post-thumbnail","6":"product_cat-e-folien","7":"product_cat-waydoo","8":"repupress_customize_woocommerce_productom_class","10":"first","11":"instock","12":"taxable","13":"shipping-taxable","14":"purchasable","15":"product-type-simple"},"acf":[],"yoast_head":"<!-- This site is optimized with the Yoast SEO plugin v27.5 - https:\/\/yoast.com\/product\/yoast-seo-wordpress\/ -->\n<title>Waydoo Flyer EVO MAX Folie | Nauti Parts<\/title>\n<meta name=\"robots\" content=\"index, follow, max-snippet:-1, max-image-preview:large, max-video-preview:-1\" \/>\n<link rel=\"canonical\" href=\"https:\/\/nauti-parts.com\/de\/shop\/bretter-skier\/e-folien\/waydoo\/waydoo-flyer-evo-max-folie\/\" \/>\n<meta property=\"og:locale\" content=\"de_DE\" \/>\n<meta property=\"og:type\" content=\"article\" \/>\n<meta property=\"og:title\" content=\"Waydoo Flyer EVO MAX Folie | Nauti Parts\" \/>\n<meta property=\"og:description\" content=\"Das Evo MAX ist ein gro\u00dfes, volumin\u00f6ses und stabiles Board, das sich f\u00fcr alle Fahrer eignet und ideal f\u00fcr Charteryachten ist. Spezifikationen: BODENGEWICHT: 14.9 KG ABMESSUNGEN (LXB): 177 x 75 x 16cm VOLUME: 130 L RIDER GEWICHT: 170 KG BATTERIE LEBENSDAUER: BIS ZU 140 MIN LADEDAUER: 2.5 H GESCHWINDIGKEIT: BIS ZU 45 KM\/H MAX POWER: 6000W MATERIAL: EPP BATTERIE: WIEDERAUFLADBARER LITHIUM-IONEN-AKKU 1800W Der angegebene Preis beinhaltet die IVA und schlie\u00dft die Lieferung aus.\" \/>\n<meta property=\"og:url\" content=\"https:\/\/nauti-parts.com\/de\/shop\/bretter-skier\/e-folien\/waydoo\/waydoo-flyer-evo-max-folie\/\" \/>\n<meta property=\"og:site_name\" content=\"Nauti Parts\" \/>\n<meta property=\"article:publisher\" content=\"https:\/\/www.facebook.com\/nautipartsspain\/\" \/>\n<meta property=\"og:image\" content=\"https:\/\/nauti-parts.com\/wp-content\/uploads\/2025\/05\/waydoo-max-plus.jpg\" \/>\n\t<meta property=\"og:image:width\" content=\"1600\" \/>\n\t<meta property=\"og:image:height\" content=\"1600\" \/>\n\t<meta property=\"og:image:type\" content=\"image\/jpeg\" \/>\n<meta name=\"twitter:card\" content=\"summary_large_image\" \/>\n<meta name=\"twitter:label1\" content=\"Gesch\u00e4tzte Lesezeit\" \/>\n\t<meta name=\"twitter:data1\" content=\"3\u00a0Minuten\" \/>\n<script type=\"application\/ld+json\" class=\"yoast-schema-graph\">{\"@context\":\"https:\\\/\\\/schema.org\",\"@graph\":[{\"@type\":\"WebPage\",\"@id\":\"https:\\\/\\\/nauti-parts.com\\\/de\\\/shop\\\/bretter-skier\\\/e-folien\\\/waydoo\\\/waydoo-flyer-evo-max-folie\\\/\",\"url\":\"https:\\\/\\\/nauti-parts.com\\\/de\\\/shop\\\/bretter-skier\\\/e-folien\\\/waydoo\\\/waydoo-flyer-evo-max-folie\\\/\",\"name\":\"Waydoo Flyer EVO MAX Folie | Nauti Parts\",\"isPartOf\":{\"@id\":\"https:\\\/\\\/nauti-parts.com\\\/de\\\/#website\"},\"primaryImageOfPage\":{\"@id\":\"https:\\\/\\\/nauti-parts.com\\\/de\\\/shop\\\/bretter-skier\\\/e-folien\\\/waydoo\\\/waydoo-flyer-evo-max-folie\\\/#primaryimage\"},\"image\":{\"@id\":\"https:\\\/\\\/nauti-parts.com\\\/de\\\/shop\\\/bretter-skier\\\/e-folien\\\/waydoo\\\/waydoo-flyer-evo-max-folie\\\/#primaryimage\"},\"thumbnailUrl\":\"https:\\\/\\\/nauti-parts.com\\\/wp-content\\\/uploads\\\/2025\\\/05\\\/waydoo-max-plus.jpg\",\"datePublished\":\"2025-05-16T10:10:51+00:00\",\"breadcrumb\":{\"@id\":\"https:\\\/\\\/nauti-parts.com\\\/de\\\/shop\\\/bretter-skier\\\/e-folien\\\/waydoo\\\/waydoo-flyer-evo-max-folie\\\/#breadcrumb\"},\"inLanguage\":\"de\",\"potentialAction\":[{\"@type\":\"ReadAction\",\"target\":[\"https:\\\/\\\/nauti-parts.com\\\/de\\\/shop\\\/bretter-skier\\\/e-folien\\\/waydoo\\\/waydoo-flyer-evo-max-folie\\\/\"]}]},{\"@type\":\"ImageObject\",\"inLanguage\":\"de\",\"@id\":\"https:\\\/\\\/nauti-parts.com\\\/de\\\/shop\\\/bretter-skier\\\/e-folien\\\/waydoo\\\/waydoo-flyer-evo-max-folie\\\/#primaryimage\",\"url\":\"https:\\\/\\\/nauti-parts.com\\\/wp-content\\\/uploads\\\/2025\\\/05\\\/waydoo-max-plus.jpg\",\"contentUrl\":\"https:\\\/\\\/nauti-parts.com\\\/wp-content\\\/uploads\\\/2025\\\/05\\\/waydoo-max-plus.jpg\",\"width\":1600,\"height\":1600},{\"@type\":\"BreadcrumbList\",\"@id\":\"https:\\\/\\\/nauti-parts.com\\\/de\\\/shop\\\/bretter-skier\\\/e-folien\\\/waydoo\\\/waydoo-flyer-evo-max-folie\\\/#breadcrumb\",\"itemListElement\":[{\"@type\":\"ListItem\",\"position\":1,\"name\":\"Shop\",\"item\":\"https:\\\/\\\/nauti-parts.com\\\/de\\\/shop\\\/\"},{\"@type\":\"ListItem\",\"position\":2,\"name\":\"Waydoo Flyer EVO MAX Folie\"}]},{\"@type\":\"WebSite\",\"@id\":\"https:\\\/\\\/nauti-parts.com\\\/de\\\/#website\",\"url\":\"https:\\\/\\\/nauti-parts.com\\\/de\\\/\",\"name\":\"Nauti Parts\",\"description\":\"Sea-Doo Jet Ski - Seabob Dealer and Rentals | Water Toys Mallorca\",\"publisher\":{\"@id\":\"https:\\\/\\\/nauti-parts.com\\\/de\\\/#organization\"},\"potentialAction\":[{\"@type\":\"SearchAction\",\"target\":{\"@type\":\"EntryPoint\",\"urlTemplate\":\"https:\\\/\\\/nauti-parts.com\\\/de\\\/?s={search_term_string}\"},\"query-input\":{\"@type\":\"PropertyValueSpecification\",\"valueRequired\":true,\"valueName\":\"search_term_string\"}}],\"inLanguage\":\"de\"},{\"@type\":\"Organization\",\"@id\":\"https:\\\/\\\/nauti-parts.com\\\/de\\\/#organization\",\"name\":\"Nauti Teile\",\"url\":\"https:\\\/\\\/nauti-parts.com\\\/de\\\/\",\"logo\":{\"@type\":\"ImageObject\",\"inLanguage\":\"de\",\"@id\":\"https:\\\/\\\/nauti-parts.com\\\/de\\\/#\\\/schema\\\/logo\\\/image\\\/\",\"url\":\"https:\\\/\\\/nauti-parts.com\\\/wp-content\\\/uploads\\\/2023\\\/10\\\/np-logo-black.png\",\"contentUrl\":\"https:\\\/\\\/nauti-parts.com\\\/wp-content\\\/uploads\\\/2023\\\/10\\\/np-logo-black.png\",\"width\":253,\"height\":100,\"caption\":\"Nauti Teile\"},\"image\":{\"@id\":\"https:\\\/\\\/nauti-parts.com\\\/de\\\/#\\\/schema\\\/logo\\\/image\\\/\"},\"sameAs\":[\"https:\\\/\\\/www.facebook.com\\\/nautipartsspain\\\/\",\"https:\\\/\\\/www.instagram.com\\\/nautiparts\\\/\"]}]}<\/script>\n<!-- \/ Yoast SEO plugin. -->","yoast_head_json":{"title":"Waydoo Flyer EVO MAX Folie | Nauti Parts","robots":{"index":"index","follow":"follow","max-snippet":"max-snippet:-1","max-image-preview":"max-image-preview:large","max-video-preview":"max-video-preview:-1"},"canonical":"https:\/\/nauti-parts.com\/de\/shop\/bretter-skier\/e-folien\/waydoo\/waydoo-flyer-evo-max-folie\/","og_locale":"de_DE","og_type":"article","og_title":"Waydoo Flyer EVO MAX Folie | Nauti Parts","og_description":"Das Evo MAX ist ein gro\u00dfes, volumin\u00f6ses und stabiles Board, das sich f\u00fcr alle Fahrer eignet und ideal f\u00fcr Charteryachten ist. Spezifikationen: BODENGEWICHT: 14.9 KG ABMESSUNGEN (LXB): 177 x 75 x 16cm VOLUME: 130 L RIDER GEWICHT: 170 KG BATTERIE LEBENSDAUER: BIS ZU 140 MIN LADEDAUER: 2.5 H GESCHWINDIGKEIT: BIS ZU 45 KM\/H MAX POWER: 6000W MATERIAL: EPP BATTERIE: WIEDERAUFLADBARER LITHIUM-IONEN-AKKU 1800W Der angegebene Preis beinhaltet die IVA und schlie\u00dft die Lieferung aus.","og_url":"https:\/\/nauti-parts.com\/de\/shop\/bretter-skier\/e-folien\/waydoo\/waydoo-flyer-evo-max-folie\/","og_site_name":"Nauti Parts","article_publisher":"https:\/\/www.facebook.com\/nautipartsspain\/","og_image":[{"width":1600,"height":1600,"url":"https:\/\/nauti-parts.com\/wp-content\/uploads\/2025\/05\/waydoo-max-plus.jpg","type":"image\/jpeg"}],"twitter_card":"summary_large_image","twitter_misc":{"Gesch\u00e4tzte Lesezeit":"3\u00a0Minuten"},"schema":{"@context":"https:\/\/schema.org","@graph":[{"@type":"WebPage","@id":"https:\/\/nauti-parts.com\/de\/shop\/bretter-skier\/e-folien\/waydoo\/waydoo-flyer-evo-max-folie\/","url":"https:\/\/nauti-parts.com\/de\/shop\/bretter-skier\/e-folien\/waydoo\/waydoo-flyer-evo-max-folie\/","name":"Waydoo Flyer EVO MAX Folie | Nauti Parts","isPartOf":{"@id":"https:\/\/nauti-parts.com\/de\/#website"},"primaryImageOfPage":{"@id":"https:\/\/nauti-parts.com\/de\/shop\/bretter-skier\/e-folien\/waydoo\/waydoo-flyer-evo-max-folie\/#primaryimage"},"image":{"@id":"https:\/\/nauti-parts.com\/de\/shop\/bretter-skier\/e-folien\/waydoo\/waydoo-flyer-evo-max-folie\/#primaryimage"},"thumbnailUrl":"https:\/\/nauti-parts.com\/wp-content\/uploads\/2025\/05\/waydoo-max-plus.jpg","datePublished":"2025-05-16T10:10:51+00:00","breadcrumb":{"@id":"https:\/\/nauti-parts.com\/de\/shop\/bretter-skier\/e-folien\/waydoo\/waydoo-flyer-evo-max-folie\/#breadcrumb"},"inLanguage":"de","potentialAction":[{"@type":"ReadAction","target":["https:\/\/nauti-parts.com\/de\/shop\/bretter-skier\/e-folien\/waydoo\/waydoo-flyer-evo-max-folie\/"]}]},{"@type":"ImageObject","inLanguage":"de","@id":"https:\/\/nauti-parts.com\/de\/shop\/bretter-skier\/e-folien\/waydoo\/waydoo-flyer-evo-max-folie\/#primaryimage","url":"https:\/\/nauti-parts.com\/wp-content\/uploads\/2025\/05\/waydoo-max-plus.jpg","contentUrl":"https:\/\/nauti-parts.com\/wp-content\/uploads\/2025\/05\/waydoo-max-plus.jpg","width":1600,"height":1600},{"@type":"BreadcrumbList","@id":"https:\/\/nauti-parts.com\/de\/shop\/bretter-skier\/e-folien\/waydoo\/waydoo-flyer-evo-max-folie\/#breadcrumb","itemListElement":[{"@type":"ListItem","position":1,"name":"Shop","item":"https:\/\/nauti-parts.com\/de\/shop\/"},{"@type":"ListItem","position":2,"name":"Waydoo Flyer EVO MAX Folie"}]},{"@type":"WebSite","@id":"https:\/\/nauti-parts.com\/de\/#website","url":"https:\/\/nauti-parts.com\/de\/","name":"Nauti Parts","description":"Sea-Doo Jet Ski - Seabob Dealer and Rentals | Water Toys Mallorca","publisher":{"@id":"https:\/\/nauti-parts.com\/de\/#organization"},"potentialAction":[{"@type":"SearchAction","target":{"@type":"EntryPoint","urlTemplate":"https:\/\/nauti-parts.com\/de\/?s={search_term_string}"},"query-input":{"@type":"PropertyValueSpecification","valueRequired":true,"valueName":"search_term_string"}}],"inLanguage":"de"},{"@type":"Organization","@id":"https:\/\/nauti-parts.com\/de\/#organization","name":"Nauti Teile","url":"https:\/\/nauti-parts.com\/de\/","logo":{"@type":"ImageObject","inLanguage":"de","@id":"https:\/\/nauti-parts.com\/de\/#\/schema\/logo\/image\/","url":"https:\/\/nauti-parts.com\/wp-content\/uploads\/2023\/10\/np-logo-black.png","contentUrl":"https:\/\/nauti-parts.com\/wp-content\/uploads\/2023\/10\/np-logo-black.png","width":253,"height":100,"caption":"Nauti Teile"},"image":{"@id":"https:\/\/nauti-parts.com\/de\/#\/schema\/logo\/image\/"},"sameAs":["https:\/\/www.facebook.com\/nautipartsspain\/","https:\/\/www.instagram.com\/nautiparts\/"]}]}},"_links":{"self":[{"href":"https:\/\/nauti-parts.com\/de\/wp-json\/wp\/v2\/product\/22188","targetHints":{"allow":["GET"]}}],"collection":[{"href":"https:\/\/nauti-parts.com\/de\/wp-json\/wp\/v2\/product"}],"about":[{"href":"https:\/\/nauti-parts.com\/de\/wp-json\/wp\/v2\/types\/product"}],"replies":[{"embeddable":true,"href":"https:\/\/nauti-parts.com\/de\/wp-json\/wp\/v2\/comments?post=22188"}],"wp:featuredmedia":[{"embeddable":true,"href":"https:\/\/nauti-parts.com\/de\/wp-json\/wp\/v2\/media\/22189"}],"wp:attachment":[{"href":"https:\/\/nauti-parts.com\/de\/wp-json\/wp\/v2\/media?parent=22188"}],"wp:term":[{"taxonomy":"product_brand","embeddable":true,"href":"https:\/\/nauti-parts.com\/de\/wp-json\/wp\/v2\/product_brand?post=22188"},{"taxonomy":"product_cat","embeddable":true,"href":"https:\/\/nauti-parts.com\/de\/wp-json\/wp\/v2\/product_cat?post=22188"},{"taxonomy":"product_tag","embeddable":true,"href":"https:\/\/nauti-parts.com\/de\/wp-json\/wp\/v2\/product_tag?post=22188"}],"curies":[{"name":"wp","href":"https:\/\/api.w.org\/{rel}","templated":true}]}}