{"id":22173,"date":"2025-01-20T10:16:57","date_gmt":"2025-01-20T10:16:57","guid":{"rendered":"https:\/\/nauti-parts.com\/shop\/unkategorisiert\/jobe-aero-varna-sup-board-11-0-paket\/"},"modified":"2025-01-20T10:16:57","modified_gmt":"2025-01-20T10:16:57","slug":"jobe-aero-varna-sup-board-11-0-paket","status":"publish","type":"product","link":"https:\/\/nauti-parts.com\/de\/shop\/bretter-skier\/sup\/jobe-aero-varna-sup-board-11-0-paket\/","title":{"rendered":"Jobe Aero Varna SUP Board 11.0 Paket"},"content":{"rendered":"<h2 class=\"title-3 fs24 mt20 boldTitleFont grey normal np\">Jobe Aero Varna SUP Board 11.0 Paket<\/h2>\n<div class=\"col-12 paragraph\">Entdecken Sie die perfekte Mischung aus Leistung und Vielseitigkeit mit dem Jobe Aero Varna SUP Board 11.0 Paket. Es ist ideal f\u00fcr Allround-Paddeln und Touren und verf\u00fcgt \u00fcber ein 3 mm dickes, rutschfestes Deckpad aus EVA-Schaumstoff f\u00fcr au\u00dfergew\u00f6hnlichen Komfort. Die leichte vertikale Dropstitching-Konstruktion und das Halkey Roberts Ventil machen die Handhabung und das Aufpumpen m\u00fchelos. Die 8-Zoll-Flosse und der 9-Zoll-Nose-Rocker sorgen f\u00fcr Stabilit\u00e4t und reibungslose Navigation und machen das Boot f\u00fcr verschiedene Wasserbedingungen geeignet. Mit einem maximalen Fahrergewicht von 100 kg (220 lbs) und den Ma\u00dfen 11&#8217;0&#8243; x 30&#8243; x 6&#8243; bietet dieses Board reichlich Platz und Balance. Mit einem Gewicht von nur 8,5 kg (18,7 lbs) ist es leicht zu transportieren. Zum Lieferumfang geh\u00f6ren ein verstellbares 3-teiliges Glasfaserpaddel, ein Nylonrucksack, eine Single-Action-Pumpe und eine 10 Fu\u00df lange Leine, auf die wir 5 Jahre Garantie gew\u00e4hren. Perfekt f\u00fcr Ihre Allround-Abenteuer und Touring-Ausfl\u00fcge.       <\/div>\n<div><\/div>\n<div>\n<ul class=\"autoColumn checkListSmall blackCheck\">\n<li>5 Jahre Garantie<\/li>\n<li>9&#8221; Flosse<\/li>\n<li>Abmessungen im aufgeblasenen Zustand: 11&#8217;0&#8243; x 30&#8243; x 6&#8243;<\/li>\n<li>Leichte vertikale einlagige Dropstitching-Konstruktion<\/li>\n<li>Rutschfestes EVA-Schaumstoffmuster: 3mm dickes, weiches Deckpad f\u00fcr komfortables SUPing<\/li>\n<li>Das Paket enth\u00e4lt: Aero Varna SUP Board 11.0, verstellbares 3-teiliges Fiberglas-Paddel, Nylon-Rucksack, Single-Action-Pumpe, 10ft \/ 3,04m gespulte Leash<\/li>\n<li>Volumen: 315 l<\/li>\n<li>Halkey Roberts Ventil<\/li>\n<li>Hilfe bei Ventilpatches<\/li>\n<li>Nose Rocker: 9&#8243;, Tail Rocker: 0&#8243;<\/li>\n<li>Max. Gewicht des Fahrers 100kg | 220,5 Ibs<\/li>\n<li>Gewicht des Boards: 9,3kg | 20,5lbs<\/li>\n<li>Paketgewicht: 13,9kg | 30.9lbs<\/li>\n<\/ul>\n<\/div>\n","protected":false},"excerpt":{"rendered":"<div class=\"col-12 paragraph\">Entdecken Sie die perfekte Mischung aus Leistung und Vielseitigkeit mit dem Jobe Aero Varna SUP Board 11.0 Paket.<\/div>\n","protected":false},"featured_media":19242,"comment_status":"open","ping_status":"closed","template":"","meta":{"_acf_changed":false},"product_brand":[],"product_cat":[214,215],"product_tag":[],"class_list":{"0":"post-22173","1":"product","2":"type-product","3":"status-publish","4":"has-post-thumbnail","6":"product_cat-bretter-skier","7":"product_cat-sup","8":"repupress_customize_woocommerce_productom_class","10":"first","11":"instock","12":"taxable","13":"shipping-taxable","14":"purchasable","15":"product-type-simple"},"acf":[],"yoast_head":"<!-- This site is optimized with the Yoast SEO plugin v27.5 - https:\/\/yoast.com\/product\/yoast-seo-wordpress\/ -->\n<title>Jobe Aero Varna SUP Board 11.0 Paket | Nauti Parts<\/title>\n<meta name=\"robots\" content=\"index, follow, max-snippet:-1, max-image-preview:large, max-video-preview:-1\" \/>\n<link rel=\"canonical\" href=\"https:\/\/nauti-parts.com\/de\/shop\/bretter-skier\/sup\/jobe-aero-varna-sup-board-11-0-paket\/\" \/>\n<meta property=\"og:locale\" content=\"de_DE\" \/>\n<meta property=\"og:type\" content=\"article\" \/>\n<meta property=\"og:title\" content=\"Jobe Aero Varna SUP Board 11.0 Paket | Nauti Parts\" \/>\n<meta property=\"og:description\" content=\"Entdecken Sie die perfekte Mischung aus Leistung und Vielseitigkeit mit dem Jobe Aero Varna SUP Board 11.0 Paket.\" \/>\n<meta property=\"og:url\" content=\"https:\/\/nauti-parts.com\/de\/shop\/bretter-skier\/sup\/jobe-aero-varna-sup-board-11-0-paket\/\" \/>\n<meta property=\"og:site_name\" content=\"Nauti Parts\" \/>\n<meta property=\"article:publisher\" content=\"https:\/\/www.facebook.com\/nautipartsspain\/\" \/>\n<meta property=\"og:image\" content=\"https:\/\/nauti-parts.com\/wp-content\/uploads\/2025\/01\/jobe-aero-sup-varna-1-3.jpg\" \/>\n\t<meta property=\"og:image:width\" content=\"1500\" \/>\n\t<meta property=\"og:image:height\" content=\"1500\" \/>\n\t<meta property=\"og:image:type\" content=\"image\/jpeg\" \/>\n<meta name=\"twitter:card\" content=\"summary_large_image\" \/>\n<meta name=\"twitter:label1\" content=\"Gesch\u00e4tzte Lesezeit\" \/>\n\t<meta name=\"twitter:data1\" content=\"1\u00a0Minute\" \/>\n<script type=\"application\/ld+json\" class=\"yoast-schema-graph\">{\"@context\":\"https:\\\/\\\/schema.org\",\"@graph\":[{\"@type\":\"WebPage\",\"@id\":\"https:\\\/\\\/nauti-parts.com\\\/de\\\/shop\\\/bretter-skier\\\/sup\\\/jobe-aero-varna-sup-board-11-0-paket\\\/\",\"url\":\"https:\\\/\\\/nauti-parts.com\\\/de\\\/shop\\\/bretter-skier\\\/sup\\\/jobe-aero-varna-sup-board-11-0-paket\\\/\",\"name\":\"Jobe Aero Varna SUP Board 11.0 Paket | Nauti Parts\",\"isPartOf\":{\"@id\":\"https:\\\/\\\/nauti-parts.com\\\/de\\\/#website\"},\"primaryImageOfPage\":{\"@id\":\"https:\\\/\\\/nauti-parts.com\\\/de\\\/shop\\\/bretter-skier\\\/sup\\\/jobe-aero-varna-sup-board-11-0-paket\\\/#primaryimage\"},\"image\":{\"@id\":\"https:\\\/\\\/nauti-parts.com\\\/de\\\/shop\\\/bretter-skier\\\/sup\\\/jobe-aero-varna-sup-board-11-0-paket\\\/#primaryimage\"},\"thumbnailUrl\":\"https:\\\/\\\/nauti-parts.com\\\/wp-content\\\/uploads\\\/2025\\\/01\\\/jobe-aero-sup-varna-1-3.jpg\",\"datePublished\":\"2025-01-20T10:16:57+00:00\",\"breadcrumb\":{\"@id\":\"https:\\\/\\\/nauti-parts.com\\\/de\\\/shop\\\/bretter-skier\\\/sup\\\/jobe-aero-varna-sup-board-11-0-paket\\\/#breadcrumb\"},\"inLanguage\":\"de\",\"potentialAction\":[{\"@type\":\"ReadAction\",\"target\":[\"https:\\\/\\\/nauti-parts.com\\\/de\\\/shop\\\/bretter-skier\\\/sup\\\/jobe-aero-varna-sup-board-11-0-paket\\\/\"]}]},{\"@type\":\"ImageObject\",\"inLanguage\":\"de\",\"@id\":\"https:\\\/\\\/nauti-parts.com\\\/de\\\/shop\\\/bretter-skier\\\/sup\\\/jobe-aero-varna-sup-board-11-0-paket\\\/#primaryimage\",\"url\":\"https:\\\/\\\/nauti-parts.com\\\/wp-content\\\/uploads\\\/2025\\\/01\\\/jobe-aero-sup-varna-1-3.jpg\",\"contentUrl\":\"https:\\\/\\\/nauti-parts.com\\\/wp-content\\\/uploads\\\/2025\\\/01\\\/jobe-aero-sup-varna-1-3.jpg\",\"width\":1500,\"height\":1500},{\"@type\":\"BreadcrumbList\",\"@id\":\"https:\\\/\\\/nauti-parts.com\\\/de\\\/shop\\\/bretter-skier\\\/sup\\\/jobe-aero-varna-sup-board-11-0-paket\\\/#breadcrumb\",\"itemListElement\":[{\"@type\":\"ListItem\",\"position\":1,\"name\":\"Shop\",\"item\":\"https:\\\/\\\/nauti-parts.com\\\/de\\\/shop\\\/\"},{\"@type\":\"ListItem\",\"position\":2,\"name\":\"Jobe Aero Varna SUP Board 11.0 Paket\"}]},{\"@type\":\"WebSite\",\"@id\":\"https:\\\/\\\/nauti-parts.com\\\/de\\\/#website\",\"url\":\"https:\\\/\\\/nauti-parts.com\\\/de\\\/\",\"name\":\"Nauti Parts\",\"description\":\"Sea-Doo Jet Ski - Seabob Dealer and Rentals | Water Toys Mallorca\",\"publisher\":{\"@id\":\"https:\\\/\\\/nauti-parts.com\\\/de\\\/#organization\"},\"potentialAction\":[{\"@type\":\"SearchAction\",\"target\":{\"@type\":\"EntryPoint\",\"urlTemplate\":\"https:\\\/\\\/nauti-parts.com\\\/de\\\/?s={search_term_string}\"},\"query-input\":{\"@type\":\"PropertyValueSpecification\",\"valueRequired\":true,\"valueName\":\"search_term_string\"}}],\"inLanguage\":\"de\"},{\"@type\":\"Organization\",\"@id\":\"https:\\\/\\\/nauti-parts.com\\\/de\\\/#organization\",\"name\":\"Nauti Teile\",\"url\":\"https:\\\/\\\/nauti-parts.com\\\/de\\\/\",\"logo\":{\"@type\":\"ImageObject\",\"inLanguage\":\"de\",\"@id\":\"https:\\\/\\\/nauti-parts.com\\\/de\\\/#\\\/schema\\\/logo\\\/image\\\/\",\"url\":\"https:\\\/\\\/nauti-parts.com\\\/wp-content\\\/uploads\\\/2023\\\/10\\\/np-logo-black.png\",\"contentUrl\":\"https:\\\/\\\/nauti-parts.com\\\/wp-content\\\/uploads\\\/2023\\\/10\\\/np-logo-black.png\",\"width\":253,\"height\":100,\"caption\":\"Nauti Teile\"},\"image\":{\"@id\":\"https:\\\/\\\/nauti-parts.com\\\/de\\\/#\\\/schema\\\/logo\\\/image\\\/\"},\"sameAs\":[\"https:\\\/\\\/www.facebook.com\\\/nautipartsspain\\\/\",\"https:\\\/\\\/www.instagram.com\\\/nautiparts\\\/\"]}]}<\/script>\n<!-- \/ Yoast SEO plugin. -->","yoast_head_json":{"title":"Jobe Aero Varna SUP Board 11.0 Paket | Nauti Parts","robots":{"index":"index","follow":"follow","max-snippet":"max-snippet:-1","max-image-preview":"max-image-preview:large","max-video-preview":"max-video-preview:-1"},"canonical":"https:\/\/nauti-parts.com\/de\/shop\/bretter-skier\/sup\/jobe-aero-varna-sup-board-11-0-paket\/","og_locale":"de_DE","og_type":"article","og_title":"Jobe Aero Varna SUP Board 11.0 Paket | Nauti Parts","og_description":"Entdecken Sie die perfekte Mischung aus Leistung und Vielseitigkeit mit dem Jobe Aero Varna SUP Board 11.0 Paket.","og_url":"https:\/\/nauti-parts.com\/de\/shop\/bretter-skier\/sup\/jobe-aero-varna-sup-board-11-0-paket\/","og_site_name":"Nauti Parts","article_publisher":"https:\/\/www.facebook.com\/nautipartsspain\/","og_image":[{"width":1500,"height":1500,"url":"https:\/\/nauti-parts.com\/wp-content\/uploads\/2025\/01\/jobe-aero-sup-varna-1-3.jpg","type":"image\/jpeg"}],"twitter_card":"summary_large_image","twitter_misc":{"Gesch\u00e4tzte Lesezeit":"1\u00a0Minute"},"schema":{"@context":"https:\/\/schema.org","@graph":[{"@type":"WebPage","@id":"https:\/\/nauti-parts.com\/de\/shop\/bretter-skier\/sup\/jobe-aero-varna-sup-board-11-0-paket\/","url":"https:\/\/nauti-parts.com\/de\/shop\/bretter-skier\/sup\/jobe-aero-varna-sup-board-11-0-paket\/","name":"Jobe Aero Varna SUP Board 11.0 Paket | Nauti Parts","isPartOf":{"@id":"https:\/\/nauti-parts.com\/de\/#website"},"primaryImageOfPage":{"@id":"https:\/\/nauti-parts.com\/de\/shop\/bretter-skier\/sup\/jobe-aero-varna-sup-board-11-0-paket\/#primaryimage"},"image":{"@id":"https:\/\/nauti-parts.com\/de\/shop\/bretter-skier\/sup\/jobe-aero-varna-sup-board-11-0-paket\/#primaryimage"},"thumbnailUrl":"https:\/\/nauti-parts.com\/wp-content\/uploads\/2025\/01\/jobe-aero-sup-varna-1-3.jpg","datePublished":"2025-01-20T10:16:57+00:00","breadcrumb":{"@id":"https:\/\/nauti-parts.com\/de\/shop\/bretter-skier\/sup\/jobe-aero-varna-sup-board-11-0-paket\/#breadcrumb"},"inLanguage":"de","potentialAction":[{"@type":"ReadAction","target":["https:\/\/nauti-parts.com\/de\/shop\/bretter-skier\/sup\/jobe-aero-varna-sup-board-11-0-paket\/"]}]},{"@type":"ImageObject","inLanguage":"de","@id":"https:\/\/nauti-parts.com\/de\/shop\/bretter-skier\/sup\/jobe-aero-varna-sup-board-11-0-paket\/#primaryimage","url":"https:\/\/nauti-parts.com\/wp-content\/uploads\/2025\/01\/jobe-aero-sup-varna-1-3.jpg","contentUrl":"https:\/\/nauti-parts.com\/wp-content\/uploads\/2025\/01\/jobe-aero-sup-varna-1-3.jpg","width":1500,"height":1500},{"@type":"BreadcrumbList","@id":"https:\/\/nauti-parts.com\/de\/shop\/bretter-skier\/sup\/jobe-aero-varna-sup-board-11-0-paket\/#breadcrumb","itemListElement":[{"@type":"ListItem","position":1,"name":"Shop","item":"https:\/\/nauti-parts.com\/de\/shop\/"},{"@type":"ListItem","position":2,"name":"Jobe Aero Varna SUP Board 11.0 Paket"}]},{"@type":"WebSite","@id":"https:\/\/nauti-parts.com\/de\/#website","url":"https:\/\/nauti-parts.com\/de\/","name":"Nauti Parts","description":"Sea-Doo Jet Ski - Seabob Dealer and Rentals | Water Toys Mallorca","publisher":{"@id":"https:\/\/nauti-parts.com\/de\/#organization"},"potentialAction":[{"@type":"SearchAction","target":{"@type":"EntryPoint","urlTemplate":"https:\/\/nauti-parts.com\/de\/?s={search_term_string}"},"query-input":{"@type":"PropertyValueSpecification","valueRequired":true,"valueName":"search_term_string"}}],"inLanguage":"de"},{"@type":"Organization","@id":"https:\/\/nauti-parts.com\/de\/#organization","name":"Nauti Teile","url":"https:\/\/nauti-parts.com\/de\/","logo":{"@type":"ImageObject","inLanguage":"de","@id":"https:\/\/nauti-parts.com\/de\/#\/schema\/logo\/image\/","url":"https:\/\/nauti-parts.com\/wp-content\/uploads\/2023\/10\/np-logo-black.png","contentUrl":"https:\/\/nauti-parts.com\/wp-content\/uploads\/2023\/10\/np-logo-black.png","width":253,"height":100,"caption":"Nauti Teile"},"image":{"@id":"https:\/\/nauti-parts.com\/de\/#\/schema\/logo\/image\/"},"sameAs":["https:\/\/www.facebook.com\/nautipartsspain\/","https:\/\/www.instagram.com\/nautiparts\/"]}]}},"_links":{"self":[{"href":"https:\/\/nauti-parts.com\/de\/wp-json\/wp\/v2\/product\/22173","targetHints":{"allow":["GET"]}}],"collection":[{"href":"https:\/\/nauti-parts.com\/de\/wp-json\/wp\/v2\/product"}],"about":[{"href":"https:\/\/nauti-parts.com\/de\/wp-json\/wp\/v2\/types\/product"}],"replies":[{"embeddable":true,"href":"https:\/\/nauti-parts.com\/de\/wp-json\/wp\/v2\/comments?post=22173"}],"wp:featuredmedia":[{"embeddable":true,"href":"https:\/\/nauti-parts.com\/de\/wp-json\/wp\/v2\/media\/19242"}],"wp:attachment":[{"href":"https:\/\/nauti-parts.com\/de\/wp-json\/wp\/v2\/media?parent=22173"}],"wp:term":[{"taxonomy":"product_brand","embeddable":true,"href":"https:\/\/nauti-parts.com\/de\/wp-json\/wp\/v2\/product_brand?post=22173"},{"taxonomy":"product_cat","embeddable":true,"href":"https:\/\/nauti-parts.com\/de\/wp-json\/wp\/v2\/product_cat?post=22173"},{"taxonomy":"product_tag","embeddable":true,"href":"https:\/\/nauti-parts.com\/de\/wp-json\/wp\/v2\/product_tag?post=22173"}],"curies":[{"name":"wp","href":"https:\/\/api.w.org\/{rel}","templated":true}]}}