{"id":22138,"date":"2025-02-14T15:14:07","date_gmt":"2025-02-14T15:14:07","guid":{"rendered":"https:\/\/nauti-parts.com\/shop\/unkategorisiert\/yachtbeach-yachtstep-small-medium-und-large\/"},"modified":"2025-02-14T15:14:07","modified_gmt":"2025-02-14T15:14:07","slug":"yachtbeach-yachtstep-small-medium-und-large","status":"publish","type":"product","link":"https:\/\/nauti-parts.com\/de\/shop\/aufblasbare-waren\/yacht-strand\/yachtbeach-yachtstep-small-medium-und-large\/","title":{"rendered":"YachtBeach YachtStep Small, Medium und Large"},"content":{"rendered":"<div class=\"elementor-element elementor-element-9ce1e20 elementor-widget elementor-widget-heading\" data-id=\"9ce1e20\" data-element_type=\"widget\" data-widget_type=\"heading.default\">\n<div class=\"elementor-widget-container\">\n<h4 class=\"elementor-heading-title elementor-size-default\">Step System von Yachtbeach<\/h4>\n<\/div>\n<\/div>\n<div class=\"elementor-element elementor-element-d3e2819 elementor-widget elementor-widget-text-editor\" data-id=\"d3e2819\" data-element_type=\"widget\" data-widget_type=\"text-editor.default\">\n<div class=\"elementor-widget-container\">\n<p>Mit der Yachtbeach Yachtstep Large k\u00f6nnen Sie m\u00fchelos den Unterschied zwischen Ihrer Yacht und der Plattform \u00fcberwinden. Der komfortable Yachtstep Large<br \/>\nbesteht aus 3 aufblasbaren 20 cm hohen Fallstoppstufen, die miteinander verklebt sind. Die hochwertige EVA-Teak-Oberfl\u00e4che sorgt f\u00fcr einen eleganten Look, maximalen Komfort und Sicherheit.  <\/p>\n<p><strong><img loading=\"lazy\" decoding=\"async\" class=\"aligncenter size-full wp-image-19258\" src=\"https:\/\/nauti-parts.com\/wp-content\/uploads\/2025\/02\/steps1.webp\" alt=\"\" width=\"2000\" height=\"2000\" srcset=\"https:\/\/nauti-parts.com\/wp-content\/uploads\/2025\/02\/steps1.webp 2000w, https:\/\/nauti-parts.com\/wp-content\/uploads\/2025\/02\/steps1-150x150.webp 150w, https:\/\/nauti-parts.com\/wp-content\/uploads\/2025\/02\/steps1-300x300.webp 300w, https:\/\/nauti-parts.com\/wp-content\/uploads\/2025\/02\/steps1-768x768.webp 768w, https:\/\/nauti-parts.com\/wp-content\/uploads\/2025\/02\/steps1-1024x1024.webp 1024w, https:\/\/nauti-parts.com\/wp-content\/uploads\/2025\/02\/steps1-1536x1536.webp 1536w, https:\/\/nauti-parts.com\/wp-content\/uploads\/2025\/02\/steps1-350x350.webp 350w, https:\/\/nauti-parts.com\/wp-content\/uploads\/2025\/02\/steps1-920x920.webp 920w, https:\/\/nauti-parts.com\/wp-content\/uploads\/2025\/02\/steps1-100x100.webp 100w\" sizes=\"auto, (max-width: 2000px) 100vw, 2000px\" \/>Ma\u00dfe<\/strong>:<br \/>\nUntere Stufe: 343 x 140 x 60 cm &#8211; 135,04? x 55,12? x 23,62?<br \/>\nMittlere Stufe: 276 x 95 cm &#8211; 108,66? x 37,40?<br \/>\nObere Stufe: 173 x 50 cm &#8211; 68,11? x 19,69? <\/p>\n<\/div>\n<\/div>\n<p>YACHTSTEP LARGE<br \/>\n&#8211; Untere Stufe: 343 x 140 cm<br \/>\n&#8211; Mittlere Stufe: 276 x 95 cm<br \/>\n&#8211; Obere Stufe: 173 x 50 cm<br \/>\n&#8211; H\u00f6he: 60cm<\/p>\n<p>YACHTSTEP MEDIUM<br \/>\n&#8211; Untere Stufe: 276 x 95 cm<br \/>\n&#8211; Obere Stufe: 173 x 50 cm<br \/>\n&#8211; H\u00f6he: 40cm<\/p>\n<p>YACHTSTEP SMALL<br \/>\n&#8211; Obere Stufe: 158 x 70 x 20 cm<br \/>\n&#8211; H\u00f6he: 20cm<\/p>\n","protected":false},"excerpt":{"rendered":"<p>Step System von Yachtbeach Mit der Yachtbeach Yachtstep Large k\u00f6nnen Sie m\u00fchelos den Unterschied zwischen Ihrer Yacht und der Plattform \u00fcberwinden. Der komfortable Yachtstep Large besteht aus 3 aufblasbaren 20 cm hohen Fallstoppstufen, die miteinander verklebt sind. Die hochwertige EVA-Teak-Oberfl\u00e4che sorgt f\u00fcr einen eleganten Look, maximalen Komfort und Sicherheit. Ma\u00dfe: Untere Stufe: 343 x 140 [&hellip;]<\/p>\n","protected":false},"featured_media":19257,"comment_status":"open","ping_status":"closed","template":"","meta":{"_acf_changed":false},"product_brand":[],"product_cat":[240],"product_tag":[],"class_list":{"0":"post-22138","1":"product","2":"type-product","3":"status-publish","4":"has-post-thumbnail","6":"product_cat-yacht-strand","7":"repupress_customize_woocommerce_productom_class","9":"first","10":"instock","11":"taxable","12":"shipping-taxable","13":"purchasable","14":"product-type-variable"},"acf":[],"yoast_head":"<!-- This site is optimized with the Yoast SEO plugin v27.5 - https:\/\/yoast.com\/product\/yoast-seo-wordpress\/ -->\n<title>YachtBeach YachtStep Small, Medium und Large | Nauti Parts<\/title>\n<meta name=\"robots\" content=\"index, follow, max-snippet:-1, max-image-preview:large, max-video-preview:-1\" \/>\n<link rel=\"canonical\" href=\"https:\/\/nauti-parts.com\/de\/shop\/aufblasbare-waren\/yacht-strand\/yachtbeach-yachtstep-small-medium-und-large\/\" \/>\n<meta property=\"og:locale\" content=\"de_DE\" \/>\n<meta property=\"og:type\" content=\"article\" \/>\n<meta property=\"og:title\" content=\"YachtBeach YachtStep Small, Medium und Large | Nauti Parts\" \/>\n<meta property=\"og:description\" content=\"Step System von Yachtbeach Mit der Yachtbeach Yachtstep Large k\u00f6nnen Sie m\u00fchelos den Unterschied zwischen Ihrer Yacht und der Plattform \u00fcberwinden. Der komfortable Yachtstep Large besteht aus 3 aufblasbaren 20 cm hohen Fallstoppstufen, die miteinander verklebt sind. Die hochwertige EVA-Teak-Oberfl\u00e4che sorgt f\u00fcr einen eleganten Look, maximalen Komfort und Sicherheit. Ma\u00dfe: Untere Stufe: 343 x 140 [&hellip;]\" \/>\n<meta property=\"og:url\" content=\"https:\/\/nauti-parts.com\/de\/shop\/aufblasbare-waren\/yacht-strand\/yachtbeach-yachtstep-small-medium-und-large\/\" \/>\n<meta property=\"og:site_name\" content=\"Nauti Parts\" \/>\n<meta property=\"article:publisher\" content=\"https:\/\/www.facebook.com\/nautipartsspain\/\" \/>\n<meta property=\"og:image\" content=\"https:\/\/nauti-parts.com\/wp-content\/uploads\/2025\/02\/25110-s-step.jpg\" \/>\n\t<meta property=\"og:image:width\" content=\"2000\" \/>\n\t<meta property=\"og:image:height\" content=\"2000\" \/>\n\t<meta property=\"og:image:type\" content=\"image\/jpeg\" \/>\n<meta name=\"twitter:card\" content=\"summary_large_image\" \/>\n<meta name=\"twitter:label1\" content=\"Gesch\u00e4tzte Lesezeit\" \/>\n\t<meta name=\"twitter:data1\" content=\"1\u00a0Minute\" \/>\n<script type=\"application\/ld+json\" class=\"yoast-schema-graph\">{\"@context\":\"https:\\\/\\\/schema.org\",\"@graph\":[{\"@type\":\"WebPage\",\"@id\":\"https:\\\/\\\/nauti-parts.com\\\/de\\\/shop\\\/aufblasbare-waren\\\/yacht-strand\\\/yachtbeach-yachtstep-small-medium-und-large\\\/\",\"url\":\"https:\\\/\\\/nauti-parts.com\\\/de\\\/shop\\\/aufblasbare-waren\\\/yacht-strand\\\/yachtbeach-yachtstep-small-medium-und-large\\\/\",\"name\":\"YachtBeach YachtStep Small, Medium und Large | Nauti Parts\",\"isPartOf\":{\"@id\":\"https:\\\/\\\/nauti-parts.com\\\/de\\\/#website\"},\"primaryImageOfPage\":{\"@id\":\"https:\\\/\\\/nauti-parts.com\\\/de\\\/shop\\\/aufblasbare-waren\\\/yacht-strand\\\/yachtbeach-yachtstep-small-medium-und-large\\\/#primaryimage\"},\"image\":{\"@id\":\"https:\\\/\\\/nauti-parts.com\\\/de\\\/shop\\\/aufblasbare-waren\\\/yacht-strand\\\/yachtbeach-yachtstep-small-medium-und-large\\\/#primaryimage\"},\"thumbnailUrl\":\"https:\\\/\\\/nauti-parts.com\\\/wp-content\\\/uploads\\\/2025\\\/02\\\/25110-s-step.jpg\",\"datePublished\":\"2025-02-14T15:14:07+00:00\",\"breadcrumb\":{\"@id\":\"https:\\\/\\\/nauti-parts.com\\\/de\\\/shop\\\/aufblasbare-waren\\\/yacht-strand\\\/yachtbeach-yachtstep-small-medium-und-large\\\/#breadcrumb\"},\"inLanguage\":\"de\",\"potentialAction\":[{\"@type\":\"ReadAction\",\"target\":[\"https:\\\/\\\/nauti-parts.com\\\/de\\\/shop\\\/aufblasbare-waren\\\/yacht-strand\\\/yachtbeach-yachtstep-small-medium-und-large\\\/\"]}]},{\"@type\":\"ImageObject\",\"inLanguage\":\"de\",\"@id\":\"https:\\\/\\\/nauti-parts.com\\\/de\\\/shop\\\/aufblasbare-waren\\\/yacht-strand\\\/yachtbeach-yachtstep-small-medium-und-large\\\/#primaryimage\",\"url\":\"https:\\\/\\\/nauti-parts.com\\\/wp-content\\\/uploads\\\/2025\\\/02\\\/25110-s-step.jpg\",\"contentUrl\":\"https:\\\/\\\/nauti-parts.com\\\/wp-content\\\/uploads\\\/2025\\\/02\\\/25110-s-step.jpg\",\"width\":2000,\"height\":2000},{\"@type\":\"BreadcrumbList\",\"@id\":\"https:\\\/\\\/nauti-parts.com\\\/de\\\/shop\\\/aufblasbare-waren\\\/yacht-strand\\\/yachtbeach-yachtstep-small-medium-und-large\\\/#breadcrumb\",\"itemListElement\":[{\"@type\":\"ListItem\",\"position\":1,\"name\":\"Shop\",\"item\":\"https:\\\/\\\/nauti-parts.com\\\/de\\\/shop\\\/\"},{\"@type\":\"ListItem\",\"position\":2,\"name\":\"YachtBeach YachtStep Small, Medium und Large\"}]},{\"@type\":\"WebSite\",\"@id\":\"https:\\\/\\\/nauti-parts.com\\\/de\\\/#website\",\"url\":\"https:\\\/\\\/nauti-parts.com\\\/de\\\/\",\"name\":\"Nauti Parts\",\"description\":\"Sea-Doo Jet Ski - Seabob Dealer and Rentals | Water Toys Mallorca\",\"publisher\":{\"@id\":\"https:\\\/\\\/nauti-parts.com\\\/de\\\/#organization\"},\"potentialAction\":[{\"@type\":\"SearchAction\",\"target\":{\"@type\":\"EntryPoint\",\"urlTemplate\":\"https:\\\/\\\/nauti-parts.com\\\/de\\\/?s={search_term_string}\"},\"query-input\":{\"@type\":\"PropertyValueSpecification\",\"valueRequired\":true,\"valueName\":\"search_term_string\"}}],\"inLanguage\":\"de\"},{\"@type\":\"Organization\",\"@id\":\"https:\\\/\\\/nauti-parts.com\\\/de\\\/#organization\",\"name\":\"Nauti Teile\",\"url\":\"https:\\\/\\\/nauti-parts.com\\\/de\\\/\",\"logo\":{\"@type\":\"ImageObject\",\"inLanguage\":\"de\",\"@id\":\"https:\\\/\\\/nauti-parts.com\\\/de\\\/#\\\/schema\\\/logo\\\/image\\\/\",\"url\":\"https:\\\/\\\/nauti-parts.com\\\/wp-content\\\/uploads\\\/2023\\\/10\\\/np-logo-black.png\",\"contentUrl\":\"https:\\\/\\\/nauti-parts.com\\\/wp-content\\\/uploads\\\/2023\\\/10\\\/np-logo-black.png\",\"width\":253,\"height\":100,\"caption\":\"Nauti Teile\"},\"image\":{\"@id\":\"https:\\\/\\\/nauti-parts.com\\\/de\\\/#\\\/schema\\\/logo\\\/image\\\/\"},\"sameAs\":[\"https:\\\/\\\/www.facebook.com\\\/nautipartsspain\\\/\",\"https:\\\/\\\/www.instagram.com\\\/nautiparts\\\/\"]}]}<\/script>\n<!-- \/ Yoast SEO plugin. -->","yoast_head_json":{"title":"YachtBeach YachtStep Small, Medium und Large | Nauti Parts","robots":{"index":"index","follow":"follow","max-snippet":"max-snippet:-1","max-image-preview":"max-image-preview:large","max-video-preview":"max-video-preview:-1"},"canonical":"https:\/\/nauti-parts.com\/de\/shop\/aufblasbare-waren\/yacht-strand\/yachtbeach-yachtstep-small-medium-und-large\/","og_locale":"de_DE","og_type":"article","og_title":"YachtBeach YachtStep Small, Medium und Large | Nauti Parts","og_description":"Step System von Yachtbeach Mit der Yachtbeach Yachtstep Large k\u00f6nnen Sie m\u00fchelos den Unterschied zwischen Ihrer Yacht und der Plattform \u00fcberwinden. Der komfortable Yachtstep Large besteht aus 3 aufblasbaren 20 cm hohen Fallstoppstufen, die miteinander verklebt sind. Die hochwertige EVA-Teak-Oberfl\u00e4che sorgt f\u00fcr einen eleganten Look, maximalen Komfort und Sicherheit. Ma\u00dfe: Untere Stufe: 343 x 140 [&hellip;]","og_url":"https:\/\/nauti-parts.com\/de\/shop\/aufblasbare-waren\/yacht-strand\/yachtbeach-yachtstep-small-medium-und-large\/","og_site_name":"Nauti Parts","article_publisher":"https:\/\/www.facebook.com\/nautipartsspain\/","og_image":[{"width":2000,"height":2000,"url":"https:\/\/nauti-parts.com\/wp-content\/uploads\/2025\/02\/25110-s-step.jpg","type":"image\/jpeg"}],"twitter_card":"summary_large_image","twitter_misc":{"Gesch\u00e4tzte Lesezeit":"1\u00a0Minute"},"schema":{"@context":"https:\/\/schema.org","@graph":[{"@type":"WebPage","@id":"https:\/\/nauti-parts.com\/de\/shop\/aufblasbare-waren\/yacht-strand\/yachtbeach-yachtstep-small-medium-und-large\/","url":"https:\/\/nauti-parts.com\/de\/shop\/aufblasbare-waren\/yacht-strand\/yachtbeach-yachtstep-small-medium-und-large\/","name":"YachtBeach YachtStep Small, Medium und Large | Nauti Parts","isPartOf":{"@id":"https:\/\/nauti-parts.com\/de\/#website"},"primaryImageOfPage":{"@id":"https:\/\/nauti-parts.com\/de\/shop\/aufblasbare-waren\/yacht-strand\/yachtbeach-yachtstep-small-medium-und-large\/#primaryimage"},"image":{"@id":"https:\/\/nauti-parts.com\/de\/shop\/aufblasbare-waren\/yacht-strand\/yachtbeach-yachtstep-small-medium-und-large\/#primaryimage"},"thumbnailUrl":"https:\/\/nauti-parts.com\/wp-content\/uploads\/2025\/02\/25110-s-step.jpg","datePublished":"2025-02-14T15:14:07+00:00","breadcrumb":{"@id":"https:\/\/nauti-parts.com\/de\/shop\/aufblasbare-waren\/yacht-strand\/yachtbeach-yachtstep-small-medium-und-large\/#breadcrumb"},"inLanguage":"de","potentialAction":[{"@type":"ReadAction","target":["https:\/\/nauti-parts.com\/de\/shop\/aufblasbare-waren\/yacht-strand\/yachtbeach-yachtstep-small-medium-und-large\/"]}]},{"@type":"ImageObject","inLanguage":"de","@id":"https:\/\/nauti-parts.com\/de\/shop\/aufblasbare-waren\/yacht-strand\/yachtbeach-yachtstep-small-medium-und-large\/#primaryimage","url":"https:\/\/nauti-parts.com\/wp-content\/uploads\/2025\/02\/25110-s-step.jpg","contentUrl":"https:\/\/nauti-parts.com\/wp-content\/uploads\/2025\/02\/25110-s-step.jpg","width":2000,"height":2000},{"@type":"BreadcrumbList","@id":"https:\/\/nauti-parts.com\/de\/shop\/aufblasbare-waren\/yacht-strand\/yachtbeach-yachtstep-small-medium-und-large\/#breadcrumb","itemListElement":[{"@type":"ListItem","position":1,"name":"Shop","item":"https:\/\/nauti-parts.com\/de\/shop\/"},{"@type":"ListItem","position":2,"name":"YachtBeach YachtStep Small, Medium und Large"}]},{"@type":"WebSite","@id":"https:\/\/nauti-parts.com\/de\/#website","url":"https:\/\/nauti-parts.com\/de\/","name":"Nauti Parts","description":"Sea-Doo Jet Ski - Seabob Dealer and Rentals | Water Toys Mallorca","publisher":{"@id":"https:\/\/nauti-parts.com\/de\/#organization"},"potentialAction":[{"@type":"SearchAction","target":{"@type":"EntryPoint","urlTemplate":"https:\/\/nauti-parts.com\/de\/?s={search_term_string}"},"query-input":{"@type":"PropertyValueSpecification","valueRequired":true,"valueName":"search_term_string"}}],"inLanguage":"de"},{"@type":"Organization","@id":"https:\/\/nauti-parts.com\/de\/#organization","name":"Nauti Teile","url":"https:\/\/nauti-parts.com\/de\/","logo":{"@type":"ImageObject","inLanguage":"de","@id":"https:\/\/nauti-parts.com\/de\/#\/schema\/logo\/image\/","url":"https:\/\/nauti-parts.com\/wp-content\/uploads\/2023\/10\/np-logo-black.png","contentUrl":"https:\/\/nauti-parts.com\/wp-content\/uploads\/2023\/10\/np-logo-black.png","width":253,"height":100,"caption":"Nauti Teile"},"image":{"@id":"https:\/\/nauti-parts.com\/de\/#\/schema\/logo\/image\/"},"sameAs":["https:\/\/www.facebook.com\/nautipartsspain\/","https:\/\/www.instagram.com\/nautiparts\/"]}]}},"_links":{"self":[{"href":"https:\/\/nauti-parts.com\/de\/wp-json\/wp\/v2\/product\/22138","targetHints":{"allow":["GET"]}}],"collection":[{"href":"https:\/\/nauti-parts.com\/de\/wp-json\/wp\/v2\/product"}],"about":[{"href":"https:\/\/nauti-parts.com\/de\/wp-json\/wp\/v2\/types\/product"}],"replies":[{"embeddable":true,"href":"https:\/\/nauti-parts.com\/de\/wp-json\/wp\/v2\/comments?post=22138"}],"wp:featuredmedia":[{"embeddable":true,"href":"https:\/\/nauti-parts.com\/de\/wp-json\/wp\/v2\/media\/19257"}],"wp:attachment":[{"href":"https:\/\/nauti-parts.com\/de\/wp-json\/wp\/v2\/media?parent=22138"}],"wp:term":[{"taxonomy":"product_brand","embeddable":true,"href":"https:\/\/nauti-parts.com\/de\/wp-json\/wp\/v2\/product_brand?post=22138"},{"taxonomy":"product_cat","embeddable":true,"href":"https:\/\/nauti-parts.com\/de\/wp-json\/wp\/v2\/product_cat?post=22138"},{"taxonomy":"product_tag","embeddable":true,"href":"https:\/\/nauti-parts.com\/de\/wp-json\/wp\/v2\/product_tag?post=22138"}],"curies":[{"name":"wp","href":"https:\/\/api.w.org\/{rel}","templated":true}]}}