{"id":22125,"date":"2025-05-28T09:12:00","date_gmt":"2025-05-28T09:12:00","guid":{"rendered":"https:\/\/nauti-parts.com\/shop\/unkategorisiert\/audi-hyperfly-folie\/"},"modified":"2025-05-28T09:12:00","modified_gmt":"2025-05-28T09:12:00","slug":"audi-hyperfly-folie","status":"publish","type":"product","link":"https:\/\/nauti-parts.com\/de\/shop\/bretter-skier\/e-folien\/audi\/audi-hyperfly-folie\/","title":{"rendered":"Audi Hyperfly-Folie"},"content":{"rendered":"<p><strong>Spezifikationen:<\/strong><\/p>\n<ul>\n<li>Option Farbe: Cyber-Grau<\/li>\n<li>Volumen: 230 l<\/li>\n<li>Abmessungen: 2,20 x 0,95 x 0,15 m<\/li>\n<li>Bis zu 2 Stunden mit Ausdauer-Akku<\/li>\n<li>H\u00f6chstgeschwindigkeit: 35 &#8211; 50 km\/h je nach Fl\u00fcgelsatz<\/li>\n<li>F\u00fcr Reiter bis zu 120 kg<\/li>\n<li>Ausgestattet mit Hyperdrive ABS 60cm<\/li>\n<li><strong>Gro\u00dfer Ausdauer-Akku<\/strong><\/li>\n<li><strong>Schnell-Ladeger\u00e4t<\/strong><\/li>\n<li>Wing 2000, Stabilizer 510Der aufblasbare elektrische Hydrofoil-Wasserscooter von <a href=\"https:\/\/e-surfer.com\/en\/brands\/aerofoils\/\">Aerofoils<\/a> verf\u00fcgt \u00fcber ein <strong>marktf\u00fchrendes Griffkonzept<\/strong>, Optionen zum Anbringen Ihrer Ausr\u00fcstung und ein intuitives Design. Und mehr noch &#8211; Sie k\u00f6nnen den Griff auch abnehmen, das Board an die klassische Fernsteuerung anschlie\u00dfen und als eFoil fahren. <\/li>\n<\/ul>\n<p>Egal, ob Sie Anf\u00e4nger oder Profi sind, der HyperFly sorgt f\u00fcr ein m\u00fcheloses und aufregendes Flugerlebnis bei jeder Wasserexpedition.<\/p>\n<p><strong>Unser Preis beinhaltet den gro\u00dfen Endurance-Akku und das Schnellladeger\u00e4t.<\/strong>  Andere Konfigurationen auf Anfrage.<\/p>\n<h2>Anti-Bruch-System<\/h2>\n<p>Eine bahnbrechende Innovation von Aerofoils: das Anti Breach System. Es verhindert, dass das Board unerwartet hochschie\u00dft und hebt die <strong>Fahrsicherheit<\/strong> auf ein neues Niveau. Es nutzt das volle Potenzial des Mastes und sorgt daf\u00fcr, dass die Fahrt agil und kompromisslos bleibt. Vor allem aber st\u00e4rkt es Ihr Selbstvertrauen und erm\u00f6glicht eine sanfte und dennoch schnelle Fahrt!   <\/p>\n<h2>Lenker<\/h2>\n<p>Steuern Sie Ihre Geschwindigkeit mit dem rechten Zeigefinger und wechseln Sie die G\u00e4nge mit dem linken Daumen. Ihre Fahrdaten werden auf dem <strong>Farbdisplay<\/strong> jederzeit deutlich angezeigt. Die Lenkstange kann abgenommen werden, um den HyperFly Scooter als normales eFoil zu verwenden.  <\/p>\n<p>Auch ohne Erfahrung<strong> werden Sie in wenigen Minuten in der Lage sein, eFoil zu fahren<\/strong>. Der HyperFly eFoil Scooter er\u00f6ffnet eine Welt voller Spa\u00df f\u00fcr jedermann. Perfekt f\u00fcr Yachten, Resorts, Familien und nat\u00fcrlich zum Mieten.  <\/p>\n<h2>Sicherheit<\/h2>\n<p>Ein Jet-Antrieb, ein kurzer Mast und ein <strong>Sicherheitsschl\u00fcssel<\/strong> machen dieses eFoil mit Lenker noch sicherer. Der magnetische Sicherheitsschl\u00fcssel erkennt, wenn Sie nicht auf dem Board sind und schaltet den Motor sofort ab. <\/p>\n","protected":false},"excerpt":{"rendered":"<h3 class=\"p1\">Der HyperFly eFoil Scooter mit Lenkstangen. Eine v\u00f6llig neue Form des Foilings, die jeder in wenigen Minuten erlernen kann. Ideal f\u00fcr den Verleih!  <\/h3>\n","protected":false},"featured_media":19588,"comment_status":"open","ping_status":"closed","template":"","meta":{"_acf_changed":false},"product_brand":[],"product_cat":[244,214,222],"product_tag":[],"class_list":{"0":"post-22125","1":"product","2":"type-product","3":"status-publish","4":"has-post-thumbnail","6":"product_cat-audi","7":"product_cat-bretter-skier","8":"product_cat-e-folien","9":"repupress_customize_woocommerce_productom_class","11":"first","12":"instock","13":"taxable","14":"shipping-taxable","15":"purchasable","16":"product-type-simple"},"acf":[],"yoast_head":"<!-- This site is optimized with the Yoast SEO plugin v27.5 - https:\/\/yoast.com\/product\/yoast-seo-wordpress\/ -->\n<title>Audi Hyperfly-Folie | Nauti Parts<\/title>\n<meta name=\"robots\" content=\"index, follow, max-snippet:-1, max-image-preview:large, max-video-preview:-1\" \/>\n<link rel=\"canonical\" href=\"https:\/\/nauti-parts.com\/de\/shop\/bretter-skier\/e-folien\/audi\/audi-hyperfly-folie\/\" \/>\n<meta property=\"og:locale\" content=\"de_DE\" \/>\n<meta property=\"og:type\" content=\"article\" \/>\n<meta property=\"og:title\" content=\"Audi Hyperfly-Folie | Nauti Parts\" \/>\n<meta property=\"og:description\" content=\"Der HyperFly eFoil Scooter mit Lenkstangen. Eine v\u00f6llig neue Form des Foilings, die jeder in wenigen Minuten erlernen kann. Ideal f\u00fcr den Verleih!\" \/>\n<meta property=\"og:url\" content=\"https:\/\/nauti-parts.com\/de\/shop\/bretter-skier\/e-folien\/audi\/audi-hyperfly-folie\/\" \/>\n<meta property=\"og:site_name\" content=\"Nauti Parts\" \/>\n<meta property=\"article:publisher\" content=\"https:\/\/www.facebook.com\/nautipartsspain\/\" \/>\n<meta property=\"og:image\" content=\"https:\/\/nauti-parts.com\/wp-content\/uploads\/2025\/05\/audi-hyperfly.png\" \/>\n\t<meta property=\"og:image:width\" content=\"1000\" \/>\n\t<meta property=\"og:image:height\" content=\"1000\" \/>\n\t<meta property=\"og:image:type\" content=\"image\/png\" \/>\n<meta name=\"twitter:card\" content=\"summary_large_image\" \/>\n<meta name=\"twitter:label1\" content=\"Gesch\u00e4tzte Lesezeit\" \/>\n\t<meta name=\"twitter:data1\" content=\"2\u00a0Minuten\" \/>\n<script type=\"application\/ld+json\" class=\"yoast-schema-graph\">{\"@context\":\"https:\\\/\\\/schema.org\",\"@graph\":[{\"@type\":\"WebPage\",\"@id\":\"https:\\\/\\\/nauti-parts.com\\\/de\\\/shop\\\/bretter-skier\\\/e-folien\\\/audi\\\/audi-hyperfly-folie\\\/\",\"url\":\"https:\\\/\\\/nauti-parts.com\\\/de\\\/shop\\\/bretter-skier\\\/e-folien\\\/audi\\\/audi-hyperfly-folie\\\/\",\"name\":\"Audi Hyperfly-Folie | Nauti Parts\",\"isPartOf\":{\"@id\":\"https:\\\/\\\/nauti-parts.com\\\/de\\\/#website\"},\"primaryImageOfPage\":{\"@id\":\"https:\\\/\\\/nauti-parts.com\\\/de\\\/shop\\\/bretter-skier\\\/e-folien\\\/audi\\\/audi-hyperfly-folie\\\/#primaryimage\"},\"image\":{\"@id\":\"https:\\\/\\\/nauti-parts.com\\\/de\\\/shop\\\/bretter-skier\\\/e-folien\\\/audi\\\/audi-hyperfly-folie\\\/#primaryimage\"},\"thumbnailUrl\":\"https:\\\/\\\/nauti-parts.com\\\/wp-content\\\/uploads\\\/2025\\\/05\\\/audi-hyperfly.png\",\"datePublished\":\"2025-05-28T09:12:00+00:00\",\"breadcrumb\":{\"@id\":\"https:\\\/\\\/nauti-parts.com\\\/de\\\/shop\\\/bretter-skier\\\/e-folien\\\/audi\\\/audi-hyperfly-folie\\\/#breadcrumb\"},\"inLanguage\":\"de\",\"potentialAction\":[{\"@type\":\"ReadAction\",\"target\":[\"https:\\\/\\\/nauti-parts.com\\\/de\\\/shop\\\/bretter-skier\\\/e-folien\\\/audi\\\/audi-hyperfly-folie\\\/\"]}]},{\"@type\":\"ImageObject\",\"inLanguage\":\"de\",\"@id\":\"https:\\\/\\\/nauti-parts.com\\\/de\\\/shop\\\/bretter-skier\\\/e-folien\\\/audi\\\/audi-hyperfly-folie\\\/#primaryimage\",\"url\":\"https:\\\/\\\/nauti-parts.com\\\/wp-content\\\/uploads\\\/2025\\\/05\\\/audi-hyperfly.png\",\"contentUrl\":\"https:\\\/\\\/nauti-parts.com\\\/wp-content\\\/uploads\\\/2025\\\/05\\\/audi-hyperfly.png\",\"width\":1000,\"height\":1000},{\"@type\":\"BreadcrumbList\",\"@id\":\"https:\\\/\\\/nauti-parts.com\\\/de\\\/shop\\\/bretter-skier\\\/e-folien\\\/audi\\\/audi-hyperfly-folie\\\/#breadcrumb\",\"itemListElement\":[{\"@type\":\"ListItem\",\"position\":1,\"name\":\"Shop\",\"item\":\"https:\\\/\\\/nauti-parts.com\\\/de\\\/shop\\\/\"},{\"@type\":\"ListItem\",\"position\":2,\"name\":\"Audi Hyperfly-Folie\"}]},{\"@type\":\"WebSite\",\"@id\":\"https:\\\/\\\/nauti-parts.com\\\/de\\\/#website\",\"url\":\"https:\\\/\\\/nauti-parts.com\\\/de\\\/\",\"name\":\"Nauti Parts\",\"description\":\"Sea-Doo Jet Ski - Seabob Dealer and Rentals | Water Toys Mallorca\",\"publisher\":{\"@id\":\"https:\\\/\\\/nauti-parts.com\\\/de\\\/#organization\"},\"potentialAction\":[{\"@type\":\"SearchAction\",\"target\":{\"@type\":\"EntryPoint\",\"urlTemplate\":\"https:\\\/\\\/nauti-parts.com\\\/de\\\/?s={search_term_string}\"},\"query-input\":{\"@type\":\"PropertyValueSpecification\",\"valueRequired\":true,\"valueName\":\"search_term_string\"}}],\"inLanguage\":\"de\"},{\"@type\":\"Organization\",\"@id\":\"https:\\\/\\\/nauti-parts.com\\\/de\\\/#organization\",\"name\":\"Nauti Teile\",\"url\":\"https:\\\/\\\/nauti-parts.com\\\/de\\\/\",\"logo\":{\"@type\":\"ImageObject\",\"inLanguage\":\"de\",\"@id\":\"https:\\\/\\\/nauti-parts.com\\\/de\\\/#\\\/schema\\\/logo\\\/image\\\/\",\"url\":\"https:\\\/\\\/nauti-parts.com\\\/wp-content\\\/uploads\\\/2023\\\/10\\\/np-logo-black.png\",\"contentUrl\":\"https:\\\/\\\/nauti-parts.com\\\/wp-content\\\/uploads\\\/2023\\\/10\\\/np-logo-black.png\",\"width\":253,\"height\":100,\"caption\":\"Nauti Teile\"},\"image\":{\"@id\":\"https:\\\/\\\/nauti-parts.com\\\/de\\\/#\\\/schema\\\/logo\\\/image\\\/\"},\"sameAs\":[\"https:\\\/\\\/www.facebook.com\\\/nautipartsspain\\\/\",\"https:\\\/\\\/www.instagram.com\\\/nautiparts\\\/\"]}]}<\/script>\n<!-- \/ Yoast SEO plugin. -->","yoast_head_json":{"title":"Audi Hyperfly-Folie | Nauti Parts","robots":{"index":"index","follow":"follow","max-snippet":"max-snippet:-1","max-image-preview":"max-image-preview:large","max-video-preview":"max-video-preview:-1"},"canonical":"https:\/\/nauti-parts.com\/de\/shop\/bretter-skier\/e-folien\/audi\/audi-hyperfly-folie\/","og_locale":"de_DE","og_type":"article","og_title":"Audi Hyperfly-Folie | Nauti Parts","og_description":"Der HyperFly eFoil Scooter mit Lenkstangen. Eine v\u00f6llig neue Form des Foilings, die jeder in wenigen Minuten erlernen kann. Ideal f\u00fcr den Verleih!","og_url":"https:\/\/nauti-parts.com\/de\/shop\/bretter-skier\/e-folien\/audi\/audi-hyperfly-folie\/","og_site_name":"Nauti Parts","article_publisher":"https:\/\/www.facebook.com\/nautipartsspain\/","og_image":[{"width":1000,"height":1000,"url":"https:\/\/nauti-parts.com\/wp-content\/uploads\/2025\/05\/audi-hyperfly.png","type":"image\/png"}],"twitter_card":"summary_large_image","twitter_misc":{"Gesch\u00e4tzte Lesezeit":"2\u00a0Minuten"},"schema":{"@context":"https:\/\/schema.org","@graph":[{"@type":"WebPage","@id":"https:\/\/nauti-parts.com\/de\/shop\/bretter-skier\/e-folien\/audi\/audi-hyperfly-folie\/","url":"https:\/\/nauti-parts.com\/de\/shop\/bretter-skier\/e-folien\/audi\/audi-hyperfly-folie\/","name":"Audi Hyperfly-Folie | Nauti Parts","isPartOf":{"@id":"https:\/\/nauti-parts.com\/de\/#website"},"primaryImageOfPage":{"@id":"https:\/\/nauti-parts.com\/de\/shop\/bretter-skier\/e-folien\/audi\/audi-hyperfly-folie\/#primaryimage"},"image":{"@id":"https:\/\/nauti-parts.com\/de\/shop\/bretter-skier\/e-folien\/audi\/audi-hyperfly-folie\/#primaryimage"},"thumbnailUrl":"https:\/\/nauti-parts.com\/wp-content\/uploads\/2025\/05\/audi-hyperfly.png","datePublished":"2025-05-28T09:12:00+00:00","breadcrumb":{"@id":"https:\/\/nauti-parts.com\/de\/shop\/bretter-skier\/e-folien\/audi\/audi-hyperfly-folie\/#breadcrumb"},"inLanguage":"de","potentialAction":[{"@type":"ReadAction","target":["https:\/\/nauti-parts.com\/de\/shop\/bretter-skier\/e-folien\/audi\/audi-hyperfly-folie\/"]}]},{"@type":"ImageObject","inLanguage":"de","@id":"https:\/\/nauti-parts.com\/de\/shop\/bretter-skier\/e-folien\/audi\/audi-hyperfly-folie\/#primaryimage","url":"https:\/\/nauti-parts.com\/wp-content\/uploads\/2025\/05\/audi-hyperfly.png","contentUrl":"https:\/\/nauti-parts.com\/wp-content\/uploads\/2025\/05\/audi-hyperfly.png","width":1000,"height":1000},{"@type":"BreadcrumbList","@id":"https:\/\/nauti-parts.com\/de\/shop\/bretter-skier\/e-folien\/audi\/audi-hyperfly-folie\/#breadcrumb","itemListElement":[{"@type":"ListItem","position":1,"name":"Shop","item":"https:\/\/nauti-parts.com\/de\/shop\/"},{"@type":"ListItem","position":2,"name":"Audi Hyperfly-Folie"}]},{"@type":"WebSite","@id":"https:\/\/nauti-parts.com\/de\/#website","url":"https:\/\/nauti-parts.com\/de\/","name":"Nauti Parts","description":"Sea-Doo Jet Ski - Seabob Dealer and Rentals | Water Toys Mallorca","publisher":{"@id":"https:\/\/nauti-parts.com\/de\/#organization"},"potentialAction":[{"@type":"SearchAction","target":{"@type":"EntryPoint","urlTemplate":"https:\/\/nauti-parts.com\/de\/?s={search_term_string}"},"query-input":{"@type":"PropertyValueSpecification","valueRequired":true,"valueName":"search_term_string"}}],"inLanguage":"de"},{"@type":"Organization","@id":"https:\/\/nauti-parts.com\/de\/#organization","name":"Nauti Teile","url":"https:\/\/nauti-parts.com\/de\/","logo":{"@type":"ImageObject","inLanguage":"de","@id":"https:\/\/nauti-parts.com\/de\/#\/schema\/logo\/image\/","url":"https:\/\/nauti-parts.com\/wp-content\/uploads\/2023\/10\/np-logo-black.png","contentUrl":"https:\/\/nauti-parts.com\/wp-content\/uploads\/2023\/10\/np-logo-black.png","width":253,"height":100,"caption":"Nauti Teile"},"image":{"@id":"https:\/\/nauti-parts.com\/de\/#\/schema\/logo\/image\/"},"sameAs":["https:\/\/www.facebook.com\/nautipartsspain\/","https:\/\/www.instagram.com\/nautiparts\/"]}]}},"_links":{"self":[{"href":"https:\/\/nauti-parts.com\/de\/wp-json\/wp\/v2\/product\/22125","targetHints":{"allow":["GET"]}}],"collection":[{"href":"https:\/\/nauti-parts.com\/de\/wp-json\/wp\/v2\/product"}],"about":[{"href":"https:\/\/nauti-parts.com\/de\/wp-json\/wp\/v2\/types\/product"}],"replies":[{"embeddable":true,"href":"https:\/\/nauti-parts.com\/de\/wp-json\/wp\/v2\/comments?post=22125"}],"wp:featuredmedia":[{"embeddable":true,"href":"https:\/\/nauti-parts.com\/de\/wp-json\/wp\/v2\/media\/19588"}],"wp:attachment":[{"href":"https:\/\/nauti-parts.com\/de\/wp-json\/wp\/v2\/media?parent=22125"}],"wp:term":[{"taxonomy":"product_brand","embeddable":true,"href":"https:\/\/nauti-parts.com\/de\/wp-json\/wp\/v2\/product_brand?post=22125"},{"taxonomy":"product_cat","embeddable":true,"href":"https:\/\/nauti-parts.com\/de\/wp-json\/wp\/v2\/product_cat?post=22125"},{"taxonomy":"product_tag","embeddable":true,"href":"https:\/\/nauti-parts.com\/de\/wp-json\/wp\/v2\/product_tag?post=22125"}],"curies":[{"name":"wp","href":"https:\/\/api.w.org\/{rel}","templated":true}]}}