{"id":22108,"date":"2025-07-04T11:10:47","date_gmt":"2025-07-04T11:10:47","guid":{"rendered":"https:\/\/nauti-parts.com\/shop\/unkategorisiert\/waydoo-subnado-seescooter\/"},"modified":"2025-07-04T11:10:47","modified_gmt":"2025-07-04T11:10:47","slug":"waydoo-subnado-seescooter","status":"publish","type":"product","link":"https:\/\/nauti-parts.com\/de\/shop\/bretter-skier\/e-folien\/waydoo\/waydoo-subnado-seescooter\/","title":{"rendered":"Waydoo Subnado Seescooter"},"content":{"rendered":"<div id=\"model-response-message-contentr_90fe792d02e382e1\" class=\"markdown markdown-main-panel enable-updated-hr-color\" dir=\"ltr\">\n<h2>Waydoo Subnado Unterwasser-Scooter: Leichtes &amp; tragbares Design<\/h2>\n<p>Der Subnado Unterwasserscooter kann Sie fast \u00fcberall hin begleiten. Er wiegt nur <b>1,4 kg<\/b> und misst ungef\u00e4hr <b>38 x 6 cm<\/b>, so dass der Transport kein Problem ist! Werfen Sie ihn einfach in Ihren Rucksack oder Ihre Reisetasche und nehmen Sie ihn mit auf Ihre n\u00e4chste Reise. Au\u00dferdem hat der Akku des Ger\u00e4ts eine <b>Kapazit\u00e4t von 98 Wh<\/b>, so dass Sie es sogar mit ins Flugzeug nehmen k\u00f6nnen. Reisen Sie, wohin und wie Sie wollen &#8211; mit Subnado werden Sie alle Einschr\u00e4nkungen vergessen.    <\/p>\n<h2>Intuitive Steuerung<\/h2>\n<p>Machen Sie Ihre H\u00e4nde frei und begeben Sie sich auf ein Unterwasserabenteuer. Das innovative Design des Scooters erm\u00f6glicht es Ihnen, ihn ganz einfach mit Ihren Fingern zu steuern. Entdecken Sie, wie einfach und bequem das ist. Es ist kein spezielles Training erforderlich; ein wenig \u00dcbung gen\u00fcgt! Mit Subnado macht das Erkunden von Unterwasserr\u00e4umen mehr Spa\u00df denn je. Sie haben nicht die richtigen Voraussetzungen und Zertifizierungen f\u00fcr das Tauchen? Oder vielleicht m\u00f6chten Sie einfach nur aktive Zeit mit Ihren Kindern verbringen? Kein Problem: Subnado ist auch perfekt f\u00fcr einen normalen Pool geeignet und macht das Schwimmen einfach und unglaublich spa\u00dfig. Auch zum Schnorcheln ist er ideal. Und das Wichtigste: Der Scooter kann auch von Kindern sicher benutzt werden.         <\/p>\n<h2>Schnellmontage-System: Unendliche M\u00f6glichkeiten<\/h2>\n<p>Vergessen Sie die komplizierte und zeitaufw\u00e4ndige Installation der Ausr\u00fcstung! Dank seines Schnellmontagesystems ist der Subnado Scooter im Handumdrehen einsatzbereit und macht Sie in wenigen Augenblicken fit f\u00fcr Ihr n\u00e4chstes Unterwasserabenteuer. Es gibt auch eine Vielzahl von Adaptern, mit denen Sie das Ger\u00e4t zum Beispiel an Ihren Armen oder Beinen befestigen k\u00f6nnen. Sie haben die Wahl!   <\/p>\n<h2>Halten Sie Erinnerungen an Ihr Unterwasserabenteuer fest<\/h2>\n<p>Halten Sie Ihr Unterwasserabenteuer fest und erleben Sie die sch\u00f6nsten Momente nicht nur in Ihren Erinnerungen! Sie verf\u00fcgen \u00fcber eine spezielle Halterung (1\/4-20 UNC), mit der Sie bis zu <b>3 Zubeh\u00f6rteile<\/b> an Ihrem Scooter befestigen k\u00f6nnen, wie zum Beispiel eine GoPro-Kamera und eine zus\u00e4tzliche Beleuchtung. Nutzen Sie diese M\u00f6glichkeit und erstellen Sie einzigartige Aufnahmen.  <\/p>\n<h2>Tauchen Sie noch tiefer ein: Verbessertes Energiesystem<\/h2>\n<p>Schwimmen Sie m\u00fchelos mit oder gegen die Str\u00f6mung. Der Subnado ist mit einem <b>Geh\u00e4use aus einer Aluminiumlegierung<\/b> und einem verbesserten Antriebssystem ausgestattet, mit dem er Geschwindigkeiten von bis zu <b>1,4 m\/s (vorw\u00e4rts)<\/b> erreichen kann. Entfesseln Sie eine beeindruckende Geschwindigkeit und erleben Sie den Nervenkitzel!  <\/p>\n<p>Aber das ist noch nicht alles: Der Scooter erlaubt es Ihnen, bis zu <b>60 m tief<\/b> zu tauchen, so dass auch fortgeschrittene Taucher ihn erfolgreich nutzen k\u00f6nnen. Was macht den Subnado zu einer so hervorragenden Leistung? Der Scooter verwendet einen <b>4-Blatt-Propeller<\/b>, der im Vergleich zu herk\u00f6mmlichen 3-Blatt-L\u00f6sungen eine um bis zu <b>23% h\u00f6here Effizienz<\/b> bietet. Au\u00dferdem wurde er mit speziell entwickelten <b>Statorbl\u00e4ttern<\/b> ausgestattet, was die Leistungsf\u00e4higkeit des Antriebssystems um etwa 5 % erh\u00f6ht.   <\/p>\n<h2>Schnelles Aufladen &amp; Powerbank-Funktion<\/h2>\n<p>Dank der patentierten Technologie von Waydoo dauert es nur etwa <b>1,2 Stunden<\/b>, um den Scooter von 0% auf 100% aufzuladen. Sie werden nicht lange warten m\u00fcssen, bis er f\u00fcr Ihre n\u00e4chste Unterwasser-Expedition bereit ist! Die Betriebszeit wiederum betr\u00e4gt bis zu <b>56 Minuten<\/b>. Aber das ist noch nicht alles: Das Ger\u00e4t kann auch als Powerbank fungieren. Mit seiner Hilfe k\u00f6nnen Sie Ihr Smartphone oder Ihren Laptop mit einer <b>Leistung von bis zu 100 Watt<\/b> aufladen.    <\/p>\n<hr>\n<h2>Waydoo Subnado Scooter Spezifikationen<\/h2>\n<ul>\n<li><b>Name:<\/b> Subnado-Unterwasser-Roller<\/li>\n<li><b>Modell:<\/b> 5010000035<\/li>\n<li><b>Gewicht:<\/b> 1,4 kg<\/li>\n<li><b>Geschwindigkeitsstufen:<\/b> 3<\/li>\n<li><b>Maximale Geschwindigkeit:<\/b> 1,4 m\/s<\/li>\n<li><b>Maximale Betriebsdauer:<\/b> 56 min<\/li>\n<li><b>Maximale Tiefe:<\/b> 60 m<\/li>\n<li><b>Wasserdichtigkeit:<\/b> IP68, bis zu 60 m<\/li>\n<li><b>Akku-Typ:<\/b> Li-Ion<\/li>\n<li><b>Akku-Kapazit\u00e4t:<\/b> 98 Wh<\/li>\n<li><b>Ladezeit:<\/b> Ca. 1,2 h <\/li>\n<li><b>Material:<\/b> EPP, Aluminiumlegierung, Harz<\/li>\n<li><b>Abmessungen:<\/b> 377 x 70 x 70 mm<\/li>\n<\/ul>\n<hr>\n<h2>In der Box:<\/h2>\n<ul>\n<li>Subnado Unterwasser-Roller<\/li>\n<li>Zubeh\u00f6r-Montageaufsatz<\/li>\n<li>Standard-Daumen-Controller<\/li>\n<li>Fingerschutz<\/li>\n<li>Schultermontage<\/li>\n<li>Handgriff<\/li>\n<li>Handgriff Halterung<\/li>\n<li>Antriebskomponente<\/li>\n<li>M4X8 Schraube<\/li>\n<li>Ersatz O-Ring Dichtung 8\u00d72.4<\/li>\n<li>4 Ersatz-O-Ring-Dichtungen 7.5 x1<\/li>\n<li>2 Ersatz-O-Ring-Dichtungen 26 x2<\/li>\n<\/ul>\n<\/div>\n","protected":false},"excerpt":{"rendered":"<p>Erkunden Sie die faszinierende Unterwasserwelt mit dem <b>Waydoo Subnado Scooter<\/b> auf eine ganz neue Art! Dieser Unterwasser-Scooter wird Ihnen ein unvergessliches Erlebnis im Wasser bescheren. <\/p>\n","protected":false},"featured_media":22113,"comment_status":"open","ping_status":"closed","template":"","meta":{"_acf_changed":false},"product_brand":[],"product_cat":[245,205,353],"product_tag":[],"class_list":{"0":"post-22108","1":"product","2":"type-product","3":"status-publish","4":"has-post-thumbnail","6":"product_cat-seascooter","7":"product_cat-wasserspielzeug","8":"product_cat-waydoo","9":"repupress_customize_woocommerce_productom_class","11":"first","12":"instock","13":"taxable","14":"shipping-taxable","15":"purchasable","16":"product-type-simple"},"acf":[],"yoast_head":"<!-- This site is optimized with the Yoast SEO plugin v27.5 - https:\/\/yoast.com\/product\/yoast-seo-wordpress\/ -->\n<title>Waydoo Subnado Seescooter | Nauti Parts<\/title>\n<meta name=\"robots\" content=\"index, follow, max-snippet:-1, max-image-preview:large, max-video-preview:-1\" \/>\n<link rel=\"canonical\" href=\"https:\/\/nauti-parts.com\/de\/shop\/bretter-skier\/e-folien\/waydoo\/waydoo-subnado-seescooter\/\" \/>\n<meta property=\"og:locale\" content=\"de_DE\" \/>\n<meta property=\"og:type\" content=\"article\" \/>\n<meta property=\"og:title\" content=\"Waydoo Subnado Seescooter | Nauti Parts\" \/>\n<meta property=\"og:description\" content=\"Erkunden Sie die faszinierende Unterwasserwelt mit dem Waydoo Subnado Scooter auf eine ganz neue Art! Dieser Unterwasser-Scooter wird Ihnen ein unvergessliches Erlebnis im Wasser bescheren.\" \/>\n<meta property=\"og:url\" content=\"https:\/\/nauti-parts.com\/de\/shop\/bretter-skier\/e-folien\/waydoo\/waydoo-subnado-seescooter\/\" \/>\n<meta property=\"og:site_name\" content=\"Nauti Parts\" \/>\n<meta property=\"article:publisher\" content=\"https:\/\/www.facebook.com\/nautipartsspain\/\" \/>\n<meta property=\"og:image\" content=\"https:\/\/nauti-parts.com\/wp-content\/uploads\/2025\/07\/scooter-waydoo-subnado-4.jpg\" \/>\n\t<meta property=\"og:image:width\" content=\"800\" \/>\n\t<meta property=\"og:image:height\" content=\"800\" \/>\n\t<meta property=\"og:image:type\" content=\"image\/jpeg\" \/>\n<meta name=\"twitter:card\" content=\"summary_large_image\" \/>\n<meta name=\"twitter:label1\" content=\"Gesch\u00e4tzte Lesezeit\" \/>\n\t<meta name=\"twitter:data1\" content=\"3\u00a0Minuten\" \/>\n<script type=\"application\/ld+json\" class=\"yoast-schema-graph\">{\"@context\":\"https:\\\/\\\/schema.org\",\"@graph\":[{\"@type\":\"WebPage\",\"@id\":\"https:\\\/\\\/nauti-parts.com\\\/de\\\/shop\\\/bretter-skier\\\/e-folien\\\/waydoo\\\/waydoo-subnado-seescooter\\\/\",\"url\":\"https:\\\/\\\/nauti-parts.com\\\/de\\\/shop\\\/bretter-skier\\\/e-folien\\\/waydoo\\\/waydoo-subnado-seescooter\\\/\",\"name\":\"Waydoo Subnado Seescooter | Nauti Parts\",\"isPartOf\":{\"@id\":\"https:\\\/\\\/nauti-parts.com\\\/de\\\/#website\"},\"primaryImageOfPage\":{\"@id\":\"https:\\\/\\\/nauti-parts.com\\\/de\\\/shop\\\/bretter-skier\\\/e-folien\\\/waydoo\\\/waydoo-subnado-seescooter\\\/#primaryimage\"},\"image\":{\"@id\":\"https:\\\/\\\/nauti-parts.com\\\/de\\\/shop\\\/bretter-skier\\\/e-folien\\\/waydoo\\\/waydoo-subnado-seescooter\\\/#primaryimage\"},\"thumbnailUrl\":\"https:\\\/\\\/nauti-parts.com\\\/wp-content\\\/uploads\\\/2025\\\/07\\\/scooter-waydoo-subnado-4.jpg\",\"datePublished\":\"2025-07-04T11:10:47+00:00\",\"breadcrumb\":{\"@id\":\"https:\\\/\\\/nauti-parts.com\\\/de\\\/shop\\\/bretter-skier\\\/e-folien\\\/waydoo\\\/waydoo-subnado-seescooter\\\/#breadcrumb\"},\"inLanguage\":\"de\",\"potentialAction\":[{\"@type\":\"ReadAction\",\"target\":[\"https:\\\/\\\/nauti-parts.com\\\/de\\\/shop\\\/bretter-skier\\\/e-folien\\\/waydoo\\\/waydoo-subnado-seescooter\\\/\"]}]},{\"@type\":\"ImageObject\",\"inLanguage\":\"de\",\"@id\":\"https:\\\/\\\/nauti-parts.com\\\/de\\\/shop\\\/bretter-skier\\\/e-folien\\\/waydoo\\\/waydoo-subnado-seescooter\\\/#primaryimage\",\"url\":\"https:\\\/\\\/nauti-parts.com\\\/wp-content\\\/uploads\\\/2025\\\/07\\\/scooter-waydoo-subnado-4.jpg\",\"contentUrl\":\"https:\\\/\\\/nauti-parts.com\\\/wp-content\\\/uploads\\\/2025\\\/07\\\/scooter-waydoo-subnado-4.jpg\",\"width\":800,\"height\":800},{\"@type\":\"BreadcrumbList\",\"@id\":\"https:\\\/\\\/nauti-parts.com\\\/de\\\/shop\\\/bretter-skier\\\/e-folien\\\/waydoo\\\/waydoo-subnado-seescooter\\\/#breadcrumb\",\"itemListElement\":[{\"@type\":\"ListItem\",\"position\":1,\"name\":\"Shop\",\"item\":\"https:\\\/\\\/nauti-parts.com\\\/de\\\/shop\\\/\"},{\"@type\":\"ListItem\",\"position\":2,\"name\":\"Waydoo Subnado Seescooter\"}]},{\"@type\":\"WebSite\",\"@id\":\"https:\\\/\\\/nauti-parts.com\\\/de\\\/#website\",\"url\":\"https:\\\/\\\/nauti-parts.com\\\/de\\\/\",\"name\":\"Nauti Parts\",\"description\":\"Sea-Doo Jet Ski - Seabob Dealer and Rentals | Water Toys Mallorca\",\"publisher\":{\"@id\":\"https:\\\/\\\/nauti-parts.com\\\/de\\\/#organization\"},\"potentialAction\":[{\"@type\":\"SearchAction\",\"target\":{\"@type\":\"EntryPoint\",\"urlTemplate\":\"https:\\\/\\\/nauti-parts.com\\\/de\\\/?s={search_term_string}\"},\"query-input\":{\"@type\":\"PropertyValueSpecification\",\"valueRequired\":true,\"valueName\":\"search_term_string\"}}],\"inLanguage\":\"de\"},{\"@type\":\"Organization\",\"@id\":\"https:\\\/\\\/nauti-parts.com\\\/de\\\/#organization\",\"name\":\"Nauti Teile\",\"url\":\"https:\\\/\\\/nauti-parts.com\\\/de\\\/\",\"logo\":{\"@type\":\"ImageObject\",\"inLanguage\":\"de\",\"@id\":\"https:\\\/\\\/nauti-parts.com\\\/de\\\/#\\\/schema\\\/logo\\\/image\\\/\",\"url\":\"https:\\\/\\\/nauti-parts.com\\\/wp-content\\\/uploads\\\/2023\\\/10\\\/np-logo-black.png\",\"contentUrl\":\"https:\\\/\\\/nauti-parts.com\\\/wp-content\\\/uploads\\\/2023\\\/10\\\/np-logo-black.png\",\"width\":253,\"height\":100,\"caption\":\"Nauti Teile\"},\"image\":{\"@id\":\"https:\\\/\\\/nauti-parts.com\\\/de\\\/#\\\/schema\\\/logo\\\/image\\\/\"},\"sameAs\":[\"https:\\\/\\\/www.facebook.com\\\/nautipartsspain\\\/\",\"https:\\\/\\\/www.instagram.com\\\/nautiparts\\\/\"]}]}<\/script>\n<!-- \/ Yoast SEO plugin. -->","yoast_head_json":{"title":"Waydoo Subnado Seescooter | Nauti Parts","robots":{"index":"index","follow":"follow","max-snippet":"max-snippet:-1","max-image-preview":"max-image-preview:large","max-video-preview":"max-video-preview:-1"},"canonical":"https:\/\/nauti-parts.com\/de\/shop\/bretter-skier\/e-folien\/waydoo\/waydoo-subnado-seescooter\/","og_locale":"de_DE","og_type":"article","og_title":"Waydoo Subnado Seescooter | Nauti Parts","og_description":"Erkunden Sie die faszinierende Unterwasserwelt mit dem Waydoo Subnado Scooter auf eine ganz neue Art! Dieser Unterwasser-Scooter wird Ihnen ein unvergessliches Erlebnis im Wasser bescheren.","og_url":"https:\/\/nauti-parts.com\/de\/shop\/bretter-skier\/e-folien\/waydoo\/waydoo-subnado-seescooter\/","og_site_name":"Nauti Parts","article_publisher":"https:\/\/www.facebook.com\/nautipartsspain\/","og_image":[{"width":800,"height":800,"url":"https:\/\/nauti-parts.com\/wp-content\/uploads\/2025\/07\/scooter-waydoo-subnado-4.jpg","type":"image\/jpeg"}],"twitter_card":"summary_large_image","twitter_misc":{"Gesch\u00e4tzte Lesezeit":"3\u00a0Minuten"},"schema":{"@context":"https:\/\/schema.org","@graph":[{"@type":"WebPage","@id":"https:\/\/nauti-parts.com\/de\/shop\/bretter-skier\/e-folien\/waydoo\/waydoo-subnado-seescooter\/","url":"https:\/\/nauti-parts.com\/de\/shop\/bretter-skier\/e-folien\/waydoo\/waydoo-subnado-seescooter\/","name":"Waydoo Subnado Seescooter | Nauti Parts","isPartOf":{"@id":"https:\/\/nauti-parts.com\/de\/#website"},"primaryImageOfPage":{"@id":"https:\/\/nauti-parts.com\/de\/shop\/bretter-skier\/e-folien\/waydoo\/waydoo-subnado-seescooter\/#primaryimage"},"image":{"@id":"https:\/\/nauti-parts.com\/de\/shop\/bretter-skier\/e-folien\/waydoo\/waydoo-subnado-seescooter\/#primaryimage"},"thumbnailUrl":"https:\/\/nauti-parts.com\/wp-content\/uploads\/2025\/07\/scooter-waydoo-subnado-4.jpg","datePublished":"2025-07-04T11:10:47+00:00","breadcrumb":{"@id":"https:\/\/nauti-parts.com\/de\/shop\/bretter-skier\/e-folien\/waydoo\/waydoo-subnado-seescooter\/#breadcrumb"},"inLanguage":"de","potentialAction":[{"@type":"ReadAction","target":["https:\/\/nauti-parts.com\/de\/shop\/bretter-skier\/e-folien\/waydoo\/waydoo-subnado-seescooter\/"]}]},{"@type":"ImageObject","inLanguage":"de","@id":"https:\/\/nauti-parts.com\/de\/shop\/bretter-skier\/e-folien\/waydoo\/waydoo-subnado-seescooter\/#primaryimage","url":"https:\/\/nauti-parts.com\/wp-content\/uploads\/2025\/07\/scooter-waydoo-subnado-4.jpg","contentUrl":"https:\/\/nauti-parts.com\/wp-content\/uploads\/2025\/07\/scooter-waydoo-subnado-4.jpg","width":800,"height":800},{"@type":"BreadcrumbList","@id":"https:\/\/nauti-parts.com\/de\/shop\/bretter-skier\/e-folien\/waydoo\/waydoo-subnado-seescooter\/#breadcrumb","itemListElement":[{"@type":"ListItem","position":1,"name":"Shop","item":"https:\/\/nauti-parts.com\/de\/shop\/"},{"@type":"ListItem","position":2,"name":"Waydoo Subnado Seescooter"}]},{"@type":"WebSite","@id":"https:\/\/nauti-parts.com\/de\/#website","url":"https:\/\/nauti-parts.com\/de\/","name":"Nauti Parts","description":"Sea-Doo Jet Ski - Seabob Dealer and Rentals | Water Toys Mallorca","publisher":{"@id":"https:\/\/nauti-parts.com\/de\/#organization"},"potentialAction":[{"@type":"SearchAction","target":{"@type":"EntryPoint","urlTemplate":"https:\/\/nauti-parts.com\/de\/?s={search_term_string}"},"query-input":{"@type":"PropertyValueSpecification","valueRequired":true,"valueName":"search_term_string"}}],"inLanguage":"de"},{"@type":"Organization","@id":"https:\/\/nauti-parts.com\/de\/#organization","name":"Nauti Teile","url":"https:\/\/nauti-parts.com\/de\/","logo":{"@type":"ImageObject","inLanguage":"de","@id":"https:\/\/nauti-parts.com\/de\/#\/schema\/logo\/image\/","url":"https:\/\/nauti-parts.com\/wp-content\/uploads\/2023\/10\/np-logo-black.png","contentUrl":"https:\/\/nauti-parts.com\/wp-content\/uploads\/2023\/10\/np-logo-black.png","width":253,"height":100,"caption":"Nauti Teile"},"image":{"@id":"https:\/\/nauti-parts.com\/de\/#\/schema\/logo\/image\/"},"sameAs":["https:\/\/www.facebook.com\/nautipartsspain\/","https:\/\/www.instagram.com\/nautiparts\/"]}]}},"_links":{"self":[{"href":"https:\/\/nauti-parts.com\/de\/wp-json\/wp\/v2\/product\/22108","targetHints":{"allow":["GET"]}}],"collection":[{"href":"https:\/\/nauti-parts.com\/de\/wp-json\/wp\/v2\/product"}],"about":[{"href":"https:\/\/nauti-parts.com\/de\/wp-json\/wp\/v2\/types\/product"}],"replies":[{"embeddable":true,"href":"https:\/\/nauti-parts.com\/de\/wp-json\/wp\/v2\/comments?post=22108"}],"wp:featuredmedia":[{"embeddable":true,"href":"https:\/\/nauti-parts.com\/de\/wp-json\/wp\/v2\/media\/22113"}],"wp:attachment":[{"href":"https:\/\/nauti-parts.com\/de\/wp-json\/wp\/v2\/media?parent=22108"}],"wp:term":[{"taxonomy":"product_brand","embeddable":true,"href":"https:\/\/nauti-parts.com\/de\/wp-json\/wp\/v2\/product_brand?post=22108"},{"taxonomy":"product_cat","embeddable":true,"href":"https:\/\/nauti-parts.com\/de\/wp-json\/wp\/v2\/product_cat?post=22108"},{"taxonomy":"product_tag","embeddable":true,"href":"https:\/\/nauti-parts.com\/de\/wp-json\/wp\/v2\/product_tag?post=22108"}],"curies":[{"name":"wp","href":"https:\/\/api.w.org\/{rel}","templated":true}]}}