{"id":22024,"date":"2025-05-12T07:52:01","date_gmt":"2025-05-12T07:52:01","guid":{"rendered":"https:\/\/nauti-parts.com\/shop\/unkategorisiert\/sublue-vapor-schnell-ladegeraet\/"},"modified":"2025-05-12T07:52:01","modified_gmt":"2025-05-12T07:52:01","slug":"sublue-vapor-schnell-ladegeraet","status":"publish","type":"product","link":"https:\/\/nauti-parts.com\/de\/shop\/wasserspielzeug\/seascooter\/sublue\/sublue-vapor-schnell-ladegeraet\/","title":{"rendered":"Sublue Vapor Schnell-Ladeger\u00e4t"},"content":{"rendered":"<p>Mit einer gewaltigen Leistung von 436 W verk\u00fcrzt es die Ladezeit und bringt Ihren Vapor Scooter in nur einer Stunde wieder auf 85% &#8211; eine volle Ladung ist in nur 90 Minuten fertig! Das ist mehr als doppelt so schnell wie ein Standard-Ladeger\u00e4t, so dass Ihr n\u00e4chstes Abenteuer nie weit entfernt ist. <\/p>\n<p>Dieses Ladeger\u00e4t ist robust und reisetauglich und h\u00e4lt den Elementen stand. Sein 2 kg schweres, robustes Geh\u00e4use und der Schnellverschluss erm\u00f6glichen ein m\u00fcheloses Aufladen. Dank der weltweiten Kompatibilit\u00e4t (100-240 V AC) und dem weiten Betriebstemperaturbereich (-10\u00b0C bis 40\u00b0C) kann es \u00fcberall mitgenommen werden. <\/p>\n<p>Seien Sie versichert, dass bei der Konstruktion dieses Ladeger\u00e4ts auf Sicherheit geachtet wurde. Es ist zertifiziert, um eine ganze Reihe von globalen Standards zu erf\u00fcllen, und wurde rigoros gegen Vibrationen und Salzspr\u00fchnebel getestet, um die Leistung Ihres Rollers mit absoluter Zuverl\u00e4ssigkeit zu gew\u00e4hrleisten. <\/p>\n<p>Lassen Sie nicht zu, dass ein langsamer Ladevorgang Ihren Tag unterbricht. Holen Sie sich den Vapor Fast Charger und tauchen Sie wieder ein, fr\u00fcher. <\/p>\n<p><b>Kompatibilit\u00e4t:<\/b> Dieses Ladeger\u00e4t ist nur mit dem <b>VAPOR<\/b> Unterwasserscooter kompatibel. Es ist nicht kompatibel mit den Modellen Mix, Mix Pro, Navbow, Navbow +, Swii, Hagul oder Tini. <\/p>\n","protected":false},"excerpt":{"rendered":"<p>Sind Sie bereit f\u00fcr einen weiteren Tauchgang? Der Vapor Fast Charger ist Ihr Ticket f\u00fcr mehr Zeit im Wasser und weniger Zeit auf dem Dock. <\/p>\n","protected":false},"featured_media":19716,"comment_status":"open","ping_status":"closed","template":"","meta":{"_acf_changed":false},"product_brand":[],"product_cat":[245,246],"product_tag":[],"class_list":{"0":"post-22024","1":"product","2":"type-product","3":"status-publish","4":"has-post-thumbnail","6":"product_cat-seascooter","7":"product_cat-sublue","8":"repupress_customize_woocommerce_productom_class","10":"first","11":"instock","12":"taxable","13":"shipping-taxable","14":"purchasable","15":"product-type-simple"},"acf":[],"yoast_head":"<!-- This site is optimized with the Yoast SEO plugin v27.5 - https:\/\/yoast.com\/product\/yoast-seo-wordpress\/ -->\n<title>Sublue Vapor Schnell-Ladeger\u00e4t | Nauti Parts<\/title>\n<meta name=\"robots\" content=\"index, follow, max-snippet:-1, max-image-preview:large, max-video-preview:-1\" \/>\n<link rel=\"canonical\" href=\"https:\/\/nauti-parts.com\/de\/shop\/wasserspielzeug\/seascooter\/sublue\/sublue-vapor-schnell-ladegeraet\/\" \/>\n<meta property=\"og:locale\" content=\"de_DE\" \/>\n<meta property=\"og:type\" content=\"article\" \/>\n<meta property=\"og:title\" content=\"Sublue Vapor Schnell-Ladeger\u00e4t | Nauti Parts\" \/>\n<meta property=\"og:description\" content=\"Sind Sie bereit f\u00fcr einen weiteren Tauchgang? Der Vapor Fast Charger ist Ihr Ticket f\u00fcr mehr Zeit im Wasser und weniger Zeit auf dem Dock.\" \/>\n<meta property=\"og:url\" content=\"https:\/\/nauti-parts.com\/de\/shop\/wasserspielzeug\/seascooter\/sublue\/sublue-vapor-schnell-ladegeraet\/\" \/>\n<meta property=\"og:site_name\" content=\"Nauti Parts\" \/>\n<meta property=\"article:publisher\" content=\"https:\/\/www.facebook.com\/nautipartsspain\/\" \/>\n<meta property=\"og:image\" content=\"https:\/\/nauti-parts.com\/wp-content\/uploads\/2025\/09\/vapor-fast-charger.webp\" \/>\n\t<meta property=\"og:image:width\" content=\"700\" \/>\n\t<meta property=\"og:image:height\" content=\"600\" \/>\n\t<meta property=\"og:image:type\" content=\"image\/webp\" \/>\n<meta name=\"twitter:card\" content=\"summary_large_image\" \/>\n<meta name=\"twitter:label1\" content=\"Gesch\u00e4tzte Lesezeit\" \/>\n\t<meta name=\"twitter:data1\" content=\"1\u00a0Minute\" \/>\n<script type=\"application\/ld+json\" class=\"yoast-schema-graph\">{\"@context\":\"https:\\\/\\\/schema.org\",\"@graph\":[{\"@type\":\"WebPage\",\"@id\":\"https:\\\/\\\/nauti-parts.com\\\/de\\\/shop\\\/wasserspielzeug\\\/seascooter\\\/sublue\\\/sublue-vapor-schnell-ladegeraet\\\/\",\"url\":\"https:\\\/\\\/nauti-parts.com\\\/de\\\/shop\\\/wasserspielzeug\\\/seascooter\\\/sublue\\\/sublue-vapor-schnell-ladegeraet\\\/\",\"name\":\"Sublue Vapor Schnell-Ladeger\u00e4t | Nauti Parts\",\"isPartOf\":{\"@id\":\"https:\\\/\\\/nauti-parts.com\\\/de\\\/#website\"},\"primaryImageOfPage\":{\"@id\":\"https:\\\/\\\/nauti-parts.com\\\/de\\\/shop\\\/wasserspielzeug\\\/seascooter\\\/sublue\\\/sublue-vapor-schnell-ladegeraet\\\/#primaryimage\"},\"image\":{\"@id\":\"https:\\\/\\\/nauti-parts.com\\\/de\\\/shop\\\/wasserspielzeug\\\/seascooter\\\/sublue\\\/sublue-vapor-schnell-ladegeraet\\\/#primaryimage\"},\"thumbnailUrl\":\"https:\\\/\\\/nauti-parts.com\\\/wp-content\\\/uploads\\\/2025\\\/09\\\/vapor-fast-charger.webp\",\"datePublished\":\"2025-05-12T07:52:01+00:00\",\"breadcrumb\":{\"@id\":\"https:\\\/\\\/nauti-parts.com\\\/de\\\/shop\\\/wasserspielzeug\\\/seascooter\\\/sublue\\\/sublue-vapor-schnell-ladegeraet\\\/#breadcrumb\"},\"inLanguage\":\"de\",\"potentialAction\":[{\"@type\":\"ReadAction\",\"target\":[\"https:\\\/\\\/nauti-parts.com\\\/de\\\/shop\\\/wasserspielzeug\\\/seascooter\\\/sublue\\\/sublue-vapor-schnell-ladegeraet\\\/\"]}]},{\"@type\":\"ImageObject\",\"inLanguage\":\"de\",\"@id\":\"https:\\\/\\\/nauti-parts.com\\\/de\\\/shop\\\/wasserspielzeug\\\/seascooter\\\/sublue\\\/sublue-vapor-schnell-ladegeraet\\\/#primaryimage\",\"url\":\"https:\\\/\\\/nauti-parts.com\\\/wp-content\\\/uploads\\\/2025\\\/09\\\/vapor-fast-charger.webp\",\"contentUrl\":\"https:\\\/\\\/nauti-parts.com\\\/wp-content\\\/uploads\\\/2025\\\/09\\\/vapor-fast-charger.webp\",\"width\":700,\"height\":600},{\"@type\":\"BreadcrumbList\",\"@id\":\"https:\\\/\\\/nauti-parts.com\\\/de\\\/shop\\\/wasserspielzeug\\\/seascooter\\\/sublue\\\/sublue-vapor-schnell-ladegeraet\\\/#breadcrumb\",\"itemListElement\":[{\"@type\":\"ListItem\",\"position\":1,\"name\":\"Shop\",\"item\":\"https:\\\/\\\/nauti-parts.com\\\/de\\\/shop\\\/\"},{\"@type\":\"ListItem\",\"position\":2,\"name\":\"Sublue Vapor Schnell-Ladeger\u00e4t\"}]},{\"@type\":\"WebSite\",\"@id\":\"https:\\\/\\\/nauti-parts.com\\\/de\\\/#website\",\"url\":\"https:\\\/\\\/nauti-parts.com\\\/de\\\/\",\"name\":\"Nauti Parts\",\"description\":\"Sea-Doo Jet Ski - Seabob Dealer and Rentals | Water Toys Mallorca\",\"publisher\":{\"@id\":\"https:\\\/\\\/nauti-parts.com\\\/de\\\/#organization\"},\"potentialAction\":[{\"@type\":\"SearchAction\",\"target\":{\"@type\":\"EntryPoint\",\"urlTemplate\":\"https:\\\/\\\/nauti-parts.com\\\/de\\\/?s={search_term_string}\"},\"query-input\":{\"@type\":\"PropertyValueSpecification\",\"valueRequired\":true,\"valueName\":\"search_term_string\"}}],\"inLanguage\":\"de\"},{\"@type\":\"Organization\",\"@id\":\"https:\\\/\\\/nauti-parts.com\\\/de\\\/#organization\",\"name\":\"Nauti Teile\",\"url\":\"https:\\\/\\\/nauti-parts.com\\\/de\\\/\",\"logo\":{\"@type\":\"ImageObject\",\"inLanguage\":\"de\",\"@id\":\"https:\\\/\\\/nauti-parts.com\\\/de\\\/#\\\/schema\\\/logo\\\/image\\\/\",\"url\":\"https:\\\/\\\/nauti-parts.com\\\/wp-content\\\/uploads\\\/2023\\\/10\\\/np-logo-black.png\",\"contentUrl\":\"https:\\\/\\\/nauti-parts.com\\\/wp-content\\\/uploads\\\/2023\\\/10\\\/np-logo-black.png\",\"width\":253,\"height\":100,\"caption\":\"Nauti Teile\"},\"image\":{\"@id\":\"https:\\\/\\\/nauti-parts.com\\\/de\\\/#\\\/schema\\\/logo\\\/image\\\/\"},\"sameAs\":[\"https:\\\/\\\/www.facebook.com\\\/nautipartsspain\\\/\",\"https:\\\/\\\/www.instagram.com\\\/nautiparts\\\/\"]}]}<\/script>\n<!-- \/ Yoast SEO plugin. -->","yoast_head_json":{"title":"Sublue Vapor Schnell-Ladeger\u00e4t | Nauti Parts","robots":{"index":"index","follow":"follow","max-snippet":"max-snippet:-1","max-image-preview":"max-image-preview:large","max-video-preview":"max-video-preview:-1"},"canonical":"https:\/\/nauti-parts.com\/de\/shop\/wasserspielzeug\/seascooter\/sublue\/sublue-vapor-schnell-ladegeraet\/","og_locale":"de_DE","og_type":"article","og_title":"Sublue Vapor Schnell-Ladeger\u00e4t | Nauti Parts","og_description":"Sind Sie bereit f\u00fcr einen weiteren Tauchgang? Der Vapor Fast Charger ist Ihr Ticket f\u00fcr mehr Zeit im Wasser und weniger Zeit auf dem Dock.","og_url":"https:\/\/nauti-parts.com\/de\/shop\/wasserspielzeug\/seascooter\/sublue\/sublue-vapor-schnell-ladegeraet\/","og_site_name":"Nauti Parts","article_publisher":"https:\/\/www.facebook.com\/nautipartsspain\/","og_image":[{"width":700,"height":600,"url":"https:\/\/nauti-parts.com\/wp-content\/uploads\/2025\/09\/vapor-fast-charger.webp","type":"image\/webp"}],"twitter_card":"summary_large_image","twitter_misc":{"Gesch\u00e4tzte Lesezeit":"1\u00a0Minute"},"schema":{"@context":"https:\/\/schema.org","@graph":[{"@type":"WebPage","@id":"https:\/\/nauti-parts.com\/de\/shop\/wasserspielzeug\/seascooter\/sublue\/sublue-vapor-schnell-ladegeraet\/","url":"https:\/\/nauti-parts.com\/de\/shop\/wasserspielzeug\/seascooter\/sublue\/sublue-vapor-schnell-ladegeraet\/","name":"Sublue Vapor Schnell-Ladeger\u00e4t | Nauti Parts","isPartOf":{"@id":"https:\/\/nauti-parts.com\/de\/#website"},"primaryImageOfPage":{"@id":"https:\/\/nauti-parts.com\/de\/shop\/wasserspielzeug\/seascooter\/sublue\/sublue-vapor-schnell-ladegeraet\/#primaryimage"},"image":{"@id":"https:\/\/nauti-parts.com\/de\/shop\/wasserspielzeug\/seascooter\/sublue\/sublue-vapor-schnell-ladegeraet\/#primaryimage"},"thumbnailUrl":"https:\/\/nauti-parts.com\/wp-content\/uploads\/2025\/09\/vapor-fast-charger.webp","datePublished":"2025-05-12T07:52:01+00:00","breadcrumb":{"@id":"https:\/\/nauti-parts.com\/de\/shop\/wasserspielzeug\/seascooter\/sublue\/sublue-vapor-schnell-ladegeraet\/#breadcrumb"},"inLanguage":"de","potentialAction":[{"@type":"ReadAction","target":["https:\/\/nauti-parts.com\/de\/shop\/wasserspielzeug\/seascooter\/sublue\/sublue-vapor-schnell-ladegeraet\/"]}]},{"@type":"ImageObject","inLanguage":"de","@id":"https:\/\/nauti-parts.com\/de\/shop\/wasserspielzeug\/seascooter\/sublue\/sublue-vapor-schnell-ladegeraet\/#primaryimage","url":"https:\/\/nauti-parts.com\/wp-content\/uploads\/2025\/09\/vapor-fast-charger.webp","contentUrl":"https:\/\/nauti-parts.com\/wp-content\/uploads\/2025\/09\/vapor-fast-charger.webp","width":700,"height":600},{"@type":"BreadcrumbList","@id":"https:\/\/nauti-parts.com\/de\/shop\/wasserspielzeug\/seascooter\/sublue\/sublue-vapor-schnell-ladegeraet\/#breadcrumb","itemListElement":[{"@type":"ListItem","position":1,"name":"Shop","item":"https:\/\/nauti-parts.com\/de\/shop\/"},{"@type":"ListItem","position":2,"name":"Sublue Vapor Schnell-Ladeger\u00e4t"}]},{"@type":"WebSite","@id":"https:\/\/nauti-parts.com\/de\/#website","url":"https:\/\/nauti-parts.com\/de\/","name":"Nauti Parts","description":"Sea-Doo Jet Ski - Seabob Dealer and Rentals | Water Toys Mallorca","publisher":{"@id":"https:\/\/nauti-parts.com\/de\/#organization"},"potentialAction":[{"@type":"SearchAction","target":{"@type":"EntryPoint","urlTemplate":"https:\/\/nauti-parts.com\/de\/?s={search_term_string}"},"query-input":{"@type":"PropertyValueSpecification","valueRequired":true,"valueName":"search_term_string"}}],"inLanguage":"de"},{"@type":"Organization","@id":"https:\/\/nauti-parts.com\/de\/#organization","name":"Nauti Teile","url":"https:\/\/nauti-parts.com\/de\/","logo":{"@type":"ImageObject","inLanguage":"de","@id":"https:\/\/nauti-parts.com\/de\/#\/schema\/logo\/image\/","url":"https:\/\/nauti-parts.com\/wp-content\/uploads\/2023\/10\/np-logo-black.png","contentUrl":"https:\/\/nauti-parts.com\/wp-content\/uploads\/2023\/10\/np-logo-black.png","width":253,"height":100,"caption":"Nauti Teile"},"image":{"@id":"https:\/\/nauti-parts.com\/de\/#\/schema\/logo\/image\/"},"sameAs":["https:\/\/www.facebook.com\/nautipartsspain\/","https:\/\/www.instagram.com\/nautiparts\/"]}]}},"_links":{"self":[{"href":"https:\/\/nauti-parts.com\/de\/wp-json\/wp\/v2\/product\/22024","targetHints":{"allow":["GET"]}}],"collection":[{"href":"https:\/\/nauti-parts.com\/de\/wp-json\/wp\/v2\/product"}],"about":[{"href":"https:\/\/nauti-parts.com\/de\/wp-json\/wp\/v2\/types\/product"}],"replies":[{"embeddable":true,"href":"https:\/\/nauti-parts.com\/de\/wp-json\/wp\/v2\/comments?post=22024"}],"wp:featuredmedia":[{"embeddable":true,"href":"https:\/\/nauti-parts.com\/de\/wp-json\/wp\/v2\/media\/19716"}],"wp:attachment":[{"href":"https:\/\/nauti-parts.com\/de\/wp-json\/wp\/v2\/media?parent=22024"}],"wp:term":[{"taxonomy":"product_brand","embeddable":true,"href":"https:\/\/nauti-parts.com\/de\/wp-json\/wp\/v2\/product_brand?post=22024"},{"taxonomy":"product_cat","embeddable":true,"href":"https:\/\/nauti-parts.com\/de\/wp-json\/wp\/v2\/product_cat?post=22024"},{"taxonomy":"product_tag","embeddable":true,"href":"https:\/\/nauti-parts.com\/de\/wp-json\/wp\/v2\/product_tag?post=22024"}],"curies":[{"name":"wp","href":"https:\/\/api.w.org\/{rel}","templated":true}]}}