{"id":21940,"date":"2025-10-15T12:38:03","date_gmt":"2025-10-15T12:38:03","guid":{"rendered":"https:\/\/nauti-parts.com\/shop\/unkategorisiert\/jobe-unendlicher-pool\/"},"modified":"2025-10-15T12:38:03","modified_gmt":"2025-10-15T12:38:03","slug":"jobe-unendlicher-pool","status":"publish","type":"product","link":"https:\/\/nauti-parts.com\/de\/shop\/aufblasbare-waren\/plattformen\/jobe-unendlicher-pool\/","title":{"rendered":"Jobe Unendlicher Pool"},"content":{"rendered":"<p>Unendlicher Pool: L\u00e4nge: 3,72 m | 12&#8217;2&#8243; &#8211; Breite: 5,63 m | 18&#8217;6&#8243; &#8211; Dicke: 20 cm | 8&#8243; &#8211; Volumen: 1283 L &#8211; Gewicht: 35 kg | 77 lbs &#8211; Netztiefe: 2 m | 6.5&#8243; &#8211; Maximales Gewicht<br \/>\n: 500 kg | 1102 lbs &#8211; Druck: 6 PSI &#8211; 2 Halkey Roberts Ventile &#8211; Leichter einlagiger Fallstich &#8211; 5 mm dickes rutschfestes, komfortables und strapazierf\u00e4higes EVA-Deck<br \/>\n&#8211; 10 Tragegriffe &#8211; 7 gro\u00dfe Einzel-D-Ringe und 5 kleine Doppel-D-Ringe, um die Plattformen miteinander zu verbinden &#8211; Klettverschluss-Verbindungslaschen, um die Plattformen<br \/>\nsicher miteinander zu verbinden &#8211; 4 kleine Doppel-D-Ringe, um sie mit dem Infinity-Sto\u00dff\u00e4nger zu verbinden &#8211; 2 PVC-Verbindungsst\u00fccke, um die (Stahl-)Badeleiter zu installieren &#8211; Inklusive PVC-Aufbewahrungstasche &#8211; 3 Jahre<br \/>\nGarantie<\/p>\n<p>Infinity Pumpe 12v: Pumpe auf Batterie (bis zu 11,2 psi) &#8211; Halkey roberts D\u00fcse &#8211; Ladezeit 8 Stunden &#8211; Passend f\u00fcr den Infinity Pool, Island, island small, island small + pool,<br \/>\ntransom bumper und defenders &#8211; Tragetasche &#8211; Pumpe kann auf 12v und 220 Volt geladen werden &#8211; L\u00e4nge: 30 cm | 11.7&#8243; &#8211; Breite: 20 cm | 7.8&#8221; &#8211; H\u00f6he: 18 cm | 7&#8243;<\/p>\n","protected":false},"excerpt":{"rendered":"<p>Denn alle Inseln sind einzigartig! <\/p>\n<p>Abmessungen: 372 x 563 x 20 cm \/ 2 Meter Tiefe<\/p>\n<p>Inklusive Leiter und Pumpe<\/p>\n","protected":false},"featured_media":19946,"comment_status":"open","ping_status":"closed","template":"","meta":{"_acf_changed":false},"product_brand":[],"product_cat":[239,349,348,243],"product_tag":[],"class_list":{"0":"post-21940","1":"product","2":"type-product","3":"status-publish","4":"has-post-thumbnail","6":"product_cat-aufblasbare-waren","7":"product_cat-jobe-unendlichkeit","9":"product_cat-plattformen","10":"repupress_customize_woocommerce_productom_class","12":"first","13":"instock","14":"taxable","15":"shipping-taxable","16":"purchasable","17":"product-type-simple"},"acf":[],"yoast_head":"<!-- This site is optimized with the Yoast SEO plugin v27.5 - https:\/\/yoast.com\/product\/yoast-seo-wordpress\/ -->\n<title>Jobe Unendlicher Pool | Nauti Parts<\/title>\n<meta name=\"robots\" content=\"index, follow, max-snippet:-1, max-image-preview:large, max-video-preview:-1\" \/>\n<link rel=\"canonical\" href=\"https:\/\/nauti-parts.com\/de\/shop\/aufblasbare-waren\/plattformen\/jobe-unendlicher-pool\/\" \/>\n<meta property=\"og:locale\" content=\"de_DE\" \/>\n<meta property=\"og:type\" content=\"article\" \/>\n<meta property=\"og:title\" content=\"Jobe Unendlicher Pool | Nauti Parts\" \/>\n<meta property=\"og:description\" content=\"Denn alle Inseln sind einzigartig!  Abmessungen: 372 x 563 x 20 cm \/ 2 Meter Tiefe Inklusive Leiter und Pumpe\" \/>\n<meta property=\"og:url\" content=\"https:\/\/nauti-parts.com\/de\/shop\/aufblasbare-waren\/plattformen\/jobe-unendlicher-pool\/\" \/>\n<meta property=\"og:site_name\" content=\"Nauti Parts\" \/>\n<meta property=\"article:publisher\" content=\"https:\/\/www.facebook.com\/nautipartsspain\/\" \/>\n<meta property=\"og:image\" content=\"https:\/\/nauti-parts.com\/wp-content\/uploads\/2025\/10\/jobe-infinity-pool-2026-3.jpg\" \/>\n\t<meta property=\"og:image:width\" content=\"339\" \/>\n\t<meta property=\"og:image:height\" content=\"296\" \/>\n\t<meta property=\"og:image:type\" content=\"image\/jpeg\" \/>\n<meta name=\"twitter:card\" content=\"summary_large_image\" \/>\n<meta name=\"twitter:label1\" content=\"Gesch\u00e4tzte Lesezeit\" \/>\n\t<meta name=\"twitter:data1\" content=\"1\u00a0Minute\" \/>\n<script type=\"application\/ld+json\" class=\"yoast-schema-graph\">{\"@context\":\"https:\\\/\\\/schema.org\",\"@graph\":[{\"@type\":\"WebPage\",\"@id\":\"https:\\\/\\\/nauti-parts.com\\\/de\\\/shop\\\/aufblasbare-waren\\\/plattformen\\\/jobe-unendlicher-pool\\\/\",\"url\":\"https:\\\/\\\/nauti-parts.com\\\/de\\\/shop\\\/aufblasbare-waren\\\/plattformen\\\/jobe-unendlicher-pool\\\/\",\"name\":\"Jobe Unendlicher Pool | Nauti Parts\",\"isPartOf\":{\"@id\":\"https:\\\/\\\/nauti-parts.com\\\/de\\\/#website\"},\"primaryImageOfPage\":{\"@id\":\"https:\\\/\\\/nauti-parts.com\\\/de\\\/shop\\\/aufblasbare-waren\\\/plattformen\\\/jobe-unendlicher-pool\\\/#primaryimage\"},\"image\":{\"@id\":\"https:\\\/\\\/nauti-parts.com\\\/de\\\/shop\\\/aufblasbare-waren\\\/plattformen\\\/jobe-unendlicher-pool\\\/#primaryimage\"},\"thumbnailUrl\":\"https:\\\/\\\/nauti-parts.com\\\/wp-content\\\/uploads\\\/2025\\\/10\\\/jobe-infinity-pool-2026-3.jpg\",\"datePublished\":\"2025-10-15T12:38:03+00:00\",\"breadcrumb\":{\"@id\":\"https:\\\/\\\/nauti-parts.com\\\/de\\\/shop\\\/aufblasbare-waren\\\/plattformen\\\/jobe-unendlicher-pool\\\/#breadcrumb\"},\"inLanguage\":\"de\",\"potentialAction\":[{\"@type\":\"ReadAction\",\"target\":[\"https:\\\/\\\/nauti-parts.com\\\/de\\\/shop\\\/aufblasbare-waren\\\/plattformen\\\/jobe-unendlicher-pool\\\/\"]}]},{\"@type\":\"ImageObject\",\"inLanguage\":\"de\",\"@id\":\"https:\\\/\\\/nauti-parts.com\\\/de\\\/shop\\\/aufblasbare-waren\\\/plattformen\\\/jobe-unendlicher-pool\\\/#primaryimage\",\"url\":\"https:\\\/\\\/nauti-parts.com\\\/wp-content\\\/uploads\\\/2025\\\/10\\\/jobe-infinity-pool-2026-3.jpg\",\"contentUrl\":\"https:\\\/\\\/nauti-parts.com\\\/wp-content\\\/uploads\\\/2025\\\/10\\\/jobe-infinity-pool-2026-3.jpg\",\"width\":339,\"height\":296},{\"@type\":\"BreadcrumbList\",\"@id\":\"https:\\\/\\\/nauti-parts.com\\\/de\\\/shop\\\/aufblasbare-waren\\\/plattformen\\\/jobe-unendlicher-pool\\\/#breadcrumb\",\"itemListElement\":[{\"@type\":\"ListItem\",\"position\":1,\"name\":\"Shop\",\"item\":\"https:\\\/\\\/nauti-parts.com\\\/de\\\/shop\\\/\"},{\"@type\":\"ListItem\",\"position\":2,\"name\":\"Jobe Unendlicher Pool\"}]},{\"@type\":\"WebSite\",\"@id\":\"https:\\\/\\\/nauti-parts.com\\\/de\\\/#website\",\"url\":\"https:\\\/\\\/nauti-parts.com\\\/de\\\/\",\"name\":\"Nauti Parts\",\"description\":\"Sea-Doo Jet Ski - Seabob Dealer and Rentals | Water Toys Mallorca\",\"publisher\":{\"@id\":\"https:\\\/\\\/nauti-parts.com\\\/de\\\/#organization\"},\"potentialAction\":[{\"@type\":\"SearchAction\",\"target\":{\"@type\":\"EntryPoint\",\"urlTemplate\":\"https:\\\/\\\/nauti-parts.com\\\/de\\\/?s={search_term_string}\"},\"query-input\":{\"@type\":\"PropertyValueSpecification\",\"valueRequired\":true,\"valueName\":\"search_term_string\"}}],\"inLanguage\":\"de\"},{\"@type\":\"Organization\",\"@id\":\"https:\\\/\\\/nauti-parts.com\\\/de\\\/#organization\",\"name\":\"Nauti Teile\",\"url\":\"https:\\\/\\\/nauti-parts.com\\\/de\\\/\",\"logo\":{\"@type\":\"ImageObject\",\"inLanguage\":\"de\",\"@id\":\"https:\\\/\\\/nauti-parts.com\\\/de\\\/#\\\/schema\\\/logo\\\/image\\\/\",\"url\":\"https:\\\/\\\/nauti-parts.com\\\/wp-content\\\/uploads\\\/2023\\\/10\\\/np-logo-black.png\",\"contentUrl\":\"https:\\\/\\\/nauti-parts.com\\\/wp-content\\\/uploads\\\/2023\\\/10\\\/np-logo-black.png\",\"width\":253,\"height\":100,\"caption\":\"Nauti Teile\"},\"image\":{\"@id\":\"https:\\\/\\\/nauti-parts.com\\\/de\\\/#\\\/schema\\\/logo\\\/image\\\/\"},\"sameAs\":[\"https:\\\/\\\/www.facebook.com\\\/nautipartsspain\\\/\",\"https:\\\/\\\/www.instagram.com\\\/nautiparts\\\/\"]}]}<\/script>\n<!-- \/ Yoast SEO plugin. -->","yoast_head_json":{"title":"Jobe Unendlicher Pool | Nauti Parts","robots":{"index":"index","follow":"follow","max-snippet":"max-snippet:-1","max-image-preview":"max-image-preview:large","max-video-preview":"max-video-preview:-1"},"canonical":"https:\/\/nauti-parts.com\/de\/shop\/aufblasbare-waren\/plattformen\/jobe-unendlicher-pool\/","og_locale":"de_DE","og_type":"article","og_title":"Jobe Unendlicher Pool | Nauti Parts","og_description":"Denn alle Inseln sind einzigartig!  Abmessungen: 372 x 563 x 20 cm \/ 2 Meter Tiefe Inklusive Leiter und Pumpe","og_url":"https:\/\/nauti-parts.com\/de\/shop\/aufblasbare-waren\/plattformen\/jobe-unendlicher-pool\/","og_site_name":"Nauti Parts","article_publisher":"https:\/\/www.facebook.com\/nautipartsspain\/","og_image":[{"width":339,"height":296,"url":"https:\/\/nauti-parts.com\/wp-content\/uploads\/2025\/10\/jobe-infinity-pool-2026-3.jpg","type":"image\/jpeg"}],"twitter_card":"summary_large_image","twitter_misc":{"Gesch\u00e4tzte Lesezeit":"1\u00a0Minute"},"schema":{"@context":"https:\/\/schema.org","@graph":[{"@type":"WebPage","@id":"https:\/\/nauti-parts.com\/de\/shop\/aufblasbare-waren\/plattformen\/jobe-unendlicher-pool\/","url":"https:\/\/nauti-parts.com\/de\/shop\/aufblasbare-waren\/plattformen\/jobe-unendlicher-pool\/","name":"Jobe Unendlicher Pool | Nauti Parts","isPartOf":{"@id":"https:\/\/nauti-parts.com\/de\/#website"},"primaryImageOfPage":{"@id":"https:\/\/nauti-parts.com\/de\/shop\/aufblasbare-waren\/plattformen\/jobe-unendlicher-pool\/#primaryimage"},"image":{"@id":"https:\/\/nauti-parts.com\/de\/shop\/aufblasbare-waren\/plattformen\/jobe-unendlicher-pool\/#primaryimage"},"thumbnailUrl":"https:\/\/nauti-parts.com\/wp-content\/uploads\/2025\/10\/jobe-infinity-pool-2026-3.jpg","datePublished":"2025-10-15T12:38:03+00:00","breadcrumb":{"@id":"https:\/\/nauti-parts.com\/de\/shop\/aufblasbare-waren\/plattformen\/jobe-unendlicher-pool\/#breadcrumb"},"inLanguage":"de","potentialAction":[{"@type":"ReadAction","target":["https:\/\/nauti-parts.com\/de\/shop\/aufblasbare-waren\/plattformen\/jobe-unendlicher-pool\/"]}]},{"@type":"ImageObject","inLanguage":"de","@id":"https:\/\/nauti-parts.com\/de\/shop\/aufblasbare-waren\/plattformen\/jobe-unendlicher-pool\/#primaryimage","url":"https:\/\/nauti-parts.com\/wp-content\/uploads\/2025\/10\/jobe-infinity-pool-2026-3.jpg","contentUrl":"https:\/\/nauti-parts.com\/wp-content\/uploads\/2025\/10\/jobe-infinity-pool-2026-3.jpg","width":339,"height":296},{"@type":"BreadcrumbList","@id":"https:\/\/nauti-parts.com\/de\/shop\/aufblasbare-waren\/plattformen\/jobe-unendlicher-pool\/#breadcrumb","itemListElement":[{"@type":"ListItem","position":1,"name":"Shop","item":"https:\/\/nauti-parts.com\/de\/shop\/"},{"@type":"ListItem","position":2,"name":"Jobe Unendlicher Pool"}]},{"@type":"WebSite","@id":"https:\/\/nauti-parts.com\/de\/#website","url":"https:\/\/nauti-parts.com\/de\/","name":"Nauti Parts","description":"Sea-Doo Jet Ski - Seabob Dealer and Rentals | Water Toys Mallorca","publisher":{"@id":"https:\/\/nauti-parts.com\/de\/#organization"},"potentialAction":[{"@type":"SearchAction","target":{"@type":"EntryPoint","urlTemplate":"https:\/\/nauti-parts.com\/de\/?s={search_term_string}"},"query-input":{"@type":"PropertyValueSpecification","valueRequired":true,"valueName":"search_term_string"}}],"inLanguage":"de"},{"@type":"Organization","@id":"https:\/\/nauti-parts.com\/de\/#organization","name":"Nauti Teile","url":"https:\/\/nauti-parts.com\/de\/","logo":{"@type":"ImageObject","inLanguage":"de","@id":"https:\/\/nauti-parts.com\/de\/#\/schema\/logo\/image\/","url":"https:\/\/nauti-parts.com\/wp-content\/uploads\/2023\/10\/np-logo-black.png","contentUrl":"https:\/\/nauti-parts.com\/wp-content\/uploads\/2023\/10\/np-logo-black.png","width":253,"height":100,"caption":"Nauti Teile"},"image":{"@id":"https:\/\/nauti-parts.com\/de\/#\/schema\/logo\/image\/"},"sameAs":["https:\/\/www.facebook.com\/nautipartsspain\/","https:\/\/www.instagram.com\/nautiparts\/"]}]}},"_links":{"self":[{"href":"https:\/\/nauti-parts.com\/de\/wp-json\/wp\/v2\/product\/21940","targetHints":{"allow":["GET"]}}],"collection":[{"href":"https:\/\/nauti-parts.com\/de\/wp-json\/wp\/v2\/product"}],"about":[{"href":"https:\/\/nauti-parts.com\/de\/wp-json\/wp\/v2\/types\/product"}],"replies":[{"embeddable":true,"href":"https:\/\/nauti-parts.com\/de\/wp-json\/wp\/v2\/comments?post=21940"}],"wp:featuredmedia":[{"embeddable":true,"href":"https:\/\/nauti-parts.com\/de\/wp-json\/wp\/v2\/media\/19946"}],"wp:attachment":[{"href":"https:\/\/nauti-parts.com\/de\/wp-json\/wp\/v2\/media?parent=21940"}],"wp:term":[{"taxonomy":"product_brand","embeddable":true,"href":"https:\/\/nauti-parts.com\/de\/wp-json\/wp\/v2\/product_brand?post=21940"},{"taxonomy":"product_cat","embeddable":true,"href":"https:\/\/nauti-parts.com\/de\/wp-json\/wp\/v2\/product_cat?post=21940"},{"taxonomy":"product_tag","embeddable":true,"href":"https:\/\/nauti-parts.com\/de\/wp-json\/wp\/v2\/product_tag?post=21940"}],"curies":[{"name":"wp","href":"https:\/\/api.w.org\/{rel}","templated":true}]}}