{"id":21900,"date":"2025-10-24T11:08:45","date_gmt":"2025-10-24T11:08:45","guid":{"rendered":"https:\/\/nauti-parts.com\/shop\/unkategorisiert\/spinera-boating-twin-aussenborder-dock-3-08\/"},"modified":"2025-10-24T11:08:45","modified_gmt":"2025-10-24T11:08:45","slug":"spinera-boating-twin-aussenborder-dock-3-08","status":"publish","type":"product","link":"https:\/\/nauti-parts.com\/de\/shop\/aufblasbare-waren\/plattformen\/spinera-boating-twin-aussenborder-dock-3-08\/","title":{"rendered":"Spinera Boating Twin Au\u00dfenborder Dock 3.08"},"content":{"rendered":"<p class=\"p1\">Mit dem Spinera Boating Twin Outboard Dock k\u00f6nnen Sie eine stabile und vielseitige Plattform direkt hinter Ihrem Boot schaffen. Dank der gro\u00dfen Motormulde ist diese Anlegestelle speziell f\u00fcr Boote mit zwei Au\u00dfenbordmotoren konzipiert. <\/p>\n<p class=\"p1\">Gleichzeitig kann er auch f\u00fcr Innenbordboote oder einfach als zus\u00e4tzlicher Entspannungsbereich genutzt werden &#8211; maximale Flexibilit\u00e4t f\u00fcr jeden Zweck.<\/p>\n<p class=\"p2\">Die robuste 15 cm HDDS Dropstitch-Konstruktion sorgt f\u00fcr maximale Stabilit\u00e4t und Haltbarkeit. Mehrere Plattformen lassen sich mit den mitgelieferten Nockenschnallengurten ganz einfach miteinander verbinden, so dass Sie Ihre ganz eigene Wasserlounge gestalten k\u00f6nnen &#8211; ob als Schwimmplattform, Einstiegsdock oder komfortable Sonnenliegefl\u00e4che. <\/p>\n<p><strong>Spezifikationen:<\/strong><\/p>\n<ul>\n<li class=\"p2\">Gr\u00f6\u00dfe: 308 x 205 cm<\/li>\n<li class=\"p2\">Material: 15 cm HDDS Dropstitch Plattform<\/li>\n<li class=\"p2\">Ventil: 1 Hochdruckventil<\/li>\n<li class=\"p2\">Anbringung: 7 D-Ringe (#316 rostfreier Stahl)<\/li>\n<li class=\"p2\">Tragekomfort: 7 seitliche Griffe &#8211; f\u00fcr einfache Handhabung und flexible Verbindung mit anderen Docks, z.B. Spinera oder YACHTBEACH<\/li>\n<li class=\"p2\">Au\u00dfenbordmotor L\u00fccke: 135 x 75 cm<\/li>\n<li class=\"p2\">Gr\u00f6\u00dfe der Aufbewahrung: 79 x 49 x 29 cm<\/li>\n<li class=\"p2\">Gewicht: 25 kg<\/li>\n<\/ul>\n<p class=\"p1\"><strong>Das Paket enth\u00e4lt:<\/strong><\/p>\n<ul>\n<li class=\"p1\">1x Basic Tragetasche<\/li>\n<li class=\"p1\">2x Cam Buckle Straps zur Verbindung mit zus\u00e4tzlichen Plattformen<\/li>\n<li class=\"p2\">1x Reparatur-Set<\/li>\n<\/ul>\n","protected":false},"excerpt":{"rendered":"<p><b>Die perfekte Anlegeplattform f\u00fcr Boote mit zwei Au\u00dfenbordmotoren  <\/b><\/p>\n","protected":false},"featured_media":20110,"comment_status":"open","ping_status":"closed","template":"","meta":{"_acf_changed":false},"product_brand":[],"product_cat":[239,243],"product_tag":[],"class_list":{"0":"post-21900","1":"product","2":"type-product","3":"status-publish","4":"has-post-thumbnail","6":"product_cat-aufblasbare-waren","7":"product_cat-plattformen","8":"repupress_customize_woocommerce_productom_class","10":"first","11":"instock","12":"taxable","13":"shipping-taxable","14":"purchasable","15":"product-type-variable"},"acf":[],"yoast_head":"<!-- This site is optimized with the Yoast SEO plugin v27.5 - https:\/\/yoast.com\/product\/yoast-seo-wordpress\/ -->\n<title>Spinera Boating Twin Au\u00dfenborder Dock 3.08 | Nauti Parts<\/title>\n<meta name=\"robots\" content=\"index, follow, max-snippet:-1, max-image-preview:large, max-video-preview:-1\" \/>\n<link rel=\"canonical\" href=\"https:\/\/nauti-parts.com\/de\/shop\/aufblasbare-waren\/plattformen\/spinera-boating-twin-aussenborder-dock-3-08\/\" \/>\n<meta property=\"og:locale\" content=\"de_DE\" \/>\n<meta property=\"og:type\" content=\"article\" \/>\n<meta property=\"og:title\" content=\"Spinera Boating Twin Au\u00dfenborder Dock 3.08 | Nauti Parts\" \/>\n<meta property=\"og:description\" content=\"Die perfekte Anlegeplattform f\u00fcr Boote mit zwei Au\u00dfenbordmotoren\" \/>\n<meta property=\"og:url\" content=\"https:\/\/nauti-parts.com\/de\/shop\/aufblasbare-waren\/plattformen\/spinera-boating-twin-aussenborder-dock-3-08\/\" \/>\n<meta property=\"og:site_name\" content=\"Nauti Parts\" \/>\n<meta property=\"article:publisher\" content=\"https:\/\/www.facebook.com\/nautipartsspain\/\" \/>\n<meta property=\"og:image\" content=\"https:\/\/nauti-parts.com\/wp-content\/uploads\/2025\/10\/twin-dock-1.jpg\" \/>\n\t<meta property=\"og:image:width\" content=\"680\" \/>\n\t<meta property=\"og:image:height\" content=\"680\" \/>\n\t<meta property=\"og:image:type\" content=\"image\/jpeg\" \/>\n<meta name=\"twitter:card\" content=\"summary_large_image\" \/>\n<meta name=\"twitter:label1\" content=\"Gesch\u00e4tzte Lesezeit\" \/>\n\t<meta name=\"twitter:data1\" content=\"1\u00a0Minute\" \/>\n<script type=\"application\/ld+json\" class=\"yoast-schema-graph\">{\"@context\":\"https:\\\/\\\/schema.org\",\"@graph\":[{\"@type\":\"WebPage\",\"@id\":\"https:\\\/\\\/nauti-parts.com\\\/de\\\/shop\\\/aufblasbare-waren\\\/plattformen\\\/spinera-boating-twin-aussenborder-dock-3-08\\\/\",\"url\":\"https:\\\/\\\/nauti-parts.com\\\/de\\\/shop\\\/aufblasbare-waren\\\/plattformen\\\/spinera-boating-twin-aussenborder-dock-3-08\\\/\",\"name\":\"Spinera Boating Twin Au\u00dfenborder Dock 3.08 | Nauti Parts\",\"isPartOf\":{\"@id\":\"https:\\\/\\\/nauti-parts.com\\\/de\\\/#website\"},\"primaryImageOfPage\":{\"@id\":\"https:\\\/\\\/nauti-parts.com\\\/de\\\/shop\\\/aufblasbare-waren\\\/plattformen\\\/spinera-boating-twin-aussenborder-dock-3-08\\\/#primaryimage\"},\"image\":{\"@id\":\"https:\\\/\\\/nauti-parts.com\\\/de\\\/shop\\\/aufblasbare-waren\\\/plattformen\\\/spinera-boating-twin-aussenborder-dock-3-08\\\/#primaryimage\"},\"thumbnailUrl\":\"https:\\\/\\\/nauti-parts.com\\\/wp-content\\\/uploads\\\/2025\\\/10\\\/twin-dock-1.jpg\",\"datePublished\":\"2025-10-24T11:08:45+00:00\",\"breadcrumb\":{\"@id\":\"https:\\\/\\\/nauti-parts.com\\\/de\\\/shop\\\/aufblasbare-waren\\\/plattformen\\\/spinera-boating-twin-aussenborder-dock-3-08\\\/#breadcrumb\"},\"inLanguage\":\"de\",\"potentialAction\":[{\"@type\":\"ReadAction\",\"target\":[\"https:\\\/\\\/nauti-parts.com\\\/de\\\/shop\\\/aufblasbare-waren\\\/plattformen\\\/spinera-boating-twin-aussenborder-dock-3-08\\\/\"]}]},{\"@type\":\"ImageObject\",\"inLanguage\":\"de\",\"@id\":\"https:\\\/\\\/nauti-parts.com\\\/de\\\/shop\\\/aufblasbare-waren\\\/plattformen\\\/spinera-boating-twin-aussenborder-dock-3-08\\\/#primaryimage\",\"url\":\"https:\\\/\\\/nauti-parts.com\\\/wp-content\\\/uploads\\\/2025\\\/10\\\/twin-dock-1.jpg\",\"contentUrl\":\"https:\\\/\\\/nauti-parts.com\\\/wp-content\\\/uploads\\\/2025\\\/10\\\/twin-dock-1.jpg\",\"width\":680,\"height\":680,\"caption\":\"Spinera Twin Dock\"},{\"@type\":\"BreadcrumbList\",\"@id\":\"https:\\\/\\\/nauti-parts.com\\\/de\\\/shop\\\/aufblasbare-waren\\\/plattformen\\\/spinera-boating-twin-aussenborder-dock-3-08\\\/#breadcrumb\",\"itemListElement\":[{\"@type\":\"ListItem\",\"position\":1,\"name\":\"Shop\",\"item\":\"https:\\\/\\\/nauti-parts.com\\\/de\\\/shop\\\/\"},{\"@type\":\"ListItem\",\"position\":2,\"name\":\"Spinera Boating Twin Au\u00dfenborder Dock 3.08\"}]},{\"@type\":\"WebSite\",\"@id\":\"https:\\\/\\\/nauti-parts.com\\\/de\\\/#website\",\"url\":\"https:\\\/\\\/nauti-parts.com\\\/de\\\/\",\"name\":\"Nauti Parts\",\"description\":\"Sea-Doo Jet Ski - Seabob Dealer and Rentals | Water Toys Mallorca\",\"publisher\":{\"@id\":\"https:\\\/\\\/nauti-parts.com\\\/de\\\/#organization\"},\"potentialAction\":[{\"@type\":\"SearchAction\",\"target\":{\"@type\":\"EntryPoint\",\"urlTemplate\":\"https:\\\/\\\/nauti-parts.com\\\/de\\\/?s={search_term_string}\"},\"query-input\":{\"@type\":\"PropertyValueSpecification\",\"valueRequired\":true,\"valueName\":\"search_term_string\"}}],\"inLanguage\":\"de\"},{\"@type\":\"Organization\",\"@id\":\"https:\\\/\\\/nauti-parts.com\\\/de\\\/#organization\",\"name\":\"Nauti Teile\",\"url\":\"https:\\\/\\\/nauti-parts.com\\\/de\\\/\",\"logo\":{\"@type\":\"ImageObject\",\"inLanguage\":\"de\",\"@id\":\"https:\\\/\\\/nauti-parts.com\\\/de\\\/#\\\/schema\\\/logo\\\/image\\\/\",\"url\":\"https:\\\/\\\/nauti-parts.com\\\/wp-content\\\/uploads\\\/2023\\\/10\\\/np-logo-black.png\",\"contentUrl\":\"https:\\\/\\\/nauti-parts.com\\\/wp-content\\\/uploads\\\/2023\\\/10\\\/np-logo-black.png\",\"width\":253,\"height\":100,\"caption\":\"Nauti Teile\"},\"image\":{\"@id\":\"https:\\\/\\\/nauti-parts.com\\\/de\\\/#\\\/schema\\\/logo\\\/image\\\/\"},\"sameAs\":[\"https:\\\/\\\/www.facebook.com\\\/nautipartsspain\\\/\",\"https:\\\/\\\/www.instagram.com\\\/nautiparts\\\/\"]}]}<\/script>\n<!-- \/ Yoast SEO plugin. -->","yoast_head_json":{"title":"Spinera Boating Twin Au\u00dfenborder Dock 3.08 | Nauti Parts","robots":{"index":"index","follow":"follow","max-snippet":"max-snippet:-1","max-image-preview":"max-image-preview:large","max-video-preview":"max-video-preview:-1"},"canonical":"https:\/\/nauti-parts.com\/de\/shop\/aufblasbare-waren\/plattformen\/spinera-boating-twin-aussenborder-dock-3-08\/","og_locale":"de_DE","og_type":"article","og_title":"Spinera Boating Twin Au\u00dfenborder Dock 3.08 | Nauti Parts","og_description":"Die perfekte Anlegeplattform f\u00fcr Boote mit zwei Au\u00dfenbordmotoren","og_url":"https:\/\/nauti-parts.com\/de\/shop\/aufblasbare-waren\/plattformen\/spinera-boating-twin-aussenborder-dock-3-08\/","og_site_name":"Nauti Parts","article_publisher":"https:\/\/www.facebook.com\/nautipartsspain\/","og_image":[{"width":680,"height":680,"url":"https:\/\/nauti-parts.com\/wp-content\/uploads\/2025\/10\/twin-dock-1.jpg","type":"image\/jpeg"}],"twitter_card":"summary_large_image","twitter_misc":{"Gesch\u00e4tzte Lesezeit":"1\u00a0Minute"},"schema":{"@context":"https:\/\/schema.org","@graph":[{"@type":"WebPage","@id":"https:\/\/nauti-parts.com\/de\/shop\/aufblasbare-waren\/plattformen\/spinera-boating-twin-aussenborder-dock-3-08\/","url":"https:\/\/nauti-parts.com\/de\/shop\/aufblasbare-waren\/plattformen\/spinera-boating-twin-aussenborder-dock-3-08\/","name":"Spinera Boating Twin Au\u00dfenborder Dock 3.08 | Nauti Parts","isPartOf":{"@id":"https:\/\/nauti-parts.com\/de\/#website"},"primaryImageOfPage":{"@id":"https:\/\/nauti-parts.com\/de\/shop\/aufblasbare-waren\/plattformen\/spinera-boating-twin-aussenborder-dock-3-08\/#primaryimage"},"image":{"@id":"https:\/\/nauti-parts.com\/de\/shop\/aufblasbare-waren\/plattformen\/spinera-boating-twin-aussenborder-dock-3-08\/#primaryimage"},"thumbnailUrl":"https:\/\/nauti-parts.com\/wp-content\/uploads\/2025\/10\/twin-dock-1.jpg","datePublished":"2025-10-24T11:08:45+00:00","breadcrumb":{"@id":"https:\/\/nauti-parts.com\/de\/shop\/aufblasbare-waren\/plattformen\/spinera-boating-twin-aussenborder-dock-3-08\/#breadcrumb"},"inLanguage":"de","potentialAction":[{"@type":"ReadAction","target":["https:\/\/nauti-parts.com\/de\/shop\/aufblasbare-waren\/plattformen\/spinera-boating-twin-aussenborder-dock-3-08\/"]}]},{"@type":"ImageObject","inLanguage":"de","@id":"https:\/\/nauti-parts.com\/de\/shop\/aufblasbare-waren\/plattformen\/spinera-boating-twin-aussenborder-dock-3-08\/#primaryimage","url":"https:\/\/nauti-parts.com\/wp-content\/uploads\/2025\/10\/twin-dock-1.jpg","contentUrl":"https:\/\/nauti-parts.com\/wp-content\/uploads\/2025\/10\/twin-dock-1.jpg","width":680,"height":680,"caption":"Spinera Twin Dock"},{"@type":"BreadcrumbList","@id":"https:\/\/nauti-parts.com\/de\/shop\/aufblasbare-waren\/plattformen\/spinera-boating-twin-aussenborder-dock-3-08\/#breadcrumb","itemListElement":[{"@type":"ListItem","position":1,"name":"Shop","item":"https:\/\/nauti-parts.com\/de\/shop\/"},{"@type":"ListItem","position":2,"name":"Spinera Boating Twin Au\u00dfenborder Dock 3.08"}]},{"@type":"WebSite","@id":"https:\/\/nauti-parts.com\/de\/#website","url":"https:\/\/nauti-parts.com\/de\/","name":"Nauti Parts","description":"Sea-Doo Jet Ski - Seabob Dealer and Rentals | Water Toys Mallorca","publisher":{"@id":"https:\/\/nauti-parts.com\/de\/#organization"},"potentialAction":[{"@type":"SearchAction","target":{"@type":"EntryPoint","urlTemplate":"https:\/\/nauti-parts.com\/de\/?s={search_term_string}"},"query-input":{"@type":"PropertyValueSpecification","valueRequired":true,"valueName":"search_term_string"}}],"inLanguage":"de"},{"@type":"Organization","@id":"https:\/\/nauti-parts.com\/de\/#organization","name":"Nauti Teile","url":"https:\/\/nauti-parts.com\/de\/","logo":{"@type":"ImageObject","inLanguage":"de","@id":"https:\/\/nauti-parts.com\/de\/#\/schema\/logo\/image\/","url":"https:\/\/nauti-parts.com\/wp-content\/uploads\/2023\/10\/np-logo-black.png","contentUrl":"https:\/\/nauti-parts.com\/wp-content\/uploads\/2023\/10\/np-logo-black.png","width":253,"height":100,"caption":"Nauti Teile"},"image":{"@id":"https:\/\/nauti-parts.com\/de\/#\/schema\/logo\/image\/"},"sameAs":["https:\/\/www.facebook.com\/nautipartsspain\/","https:\/\/www.instagram.com\/nautiparts\/"]}]}},"_links":{"self":[{"href":"https:\/\/nauti-parts.com\/de\/wp-json\/wp\/v2\/product\/21900","targetHints":{"allow":["GET"]}}],"collection":[{"href":"https:\/\/nauti-parts.com\/de\/wp-json\/wp\/v2\/product"}],"about":[{"href":"https:\/\/nauti-parts.com\/de\/wp-json\/wp\/v2\/types\/product"}],"replies":[{"embeddable":true,"href":"https:\/\/nauti-parts.com\/de\/wp-json\/wp\/v2\/comments?post=21900"}],"wp:featuredmedia":[{"embeddable":true,"href":"https:\/\/nauti-parts.com\/de\/wp-json\/wp\/v2\/media\/20110"}],"wp:attachment":[{"href":"https:\/\/nauti-parts.com\/de\/wp-json\/wp\/v2\/media?parent=21900"}],"wp:term":[{"taxonomy":"product_brand","embeddable":true,"href":"https:\/\/nauti-parts.com\/de\/wp-json\/wp\/v2\/product_brand?post=21900"},{"taxonomy":"product_cat","embeddable":true,"href":"https:\/\/nauti-parts.com\/de\/wp-json\/wp\/v2\/product_cat?post=21900"},{"taxonomy":"product_tag","embeddable":true,"href":"https:\/\/nauti-parts.com\/de\/wp-json\/wp\/v2\/product_tag?post=21900"}],"curies":[{"name":"wp","href":"https:\/\/api.w.org\/{rel}","templated":true}]}}