{"id":21777,"date":"2026-03-20T09:52:45","date_gmt":"2026-03-20T09:52:45","guid":{"rendered":"https:\/\/nauti-parts.com\/shop\/unkategorisiert\/agilis-280e-electric-jet-tender-leiser-nachhaltiger-luxus\/"},"modified":"2026-03-20T09:52:45","modified_gmt":"2026-03-20T09:52:45","slug":"agilis-280e-electric-jet-tender-leiser-nachhaltiger-luxus","status":"publish","type":"product","link":"https:\/\/nauti-parts.com\/de\/shop\/agilis-ausschreibungen\/agilis-280e-electric-jet-tender-leiser-nachhaltiger-luxus\/","title":{"rendered":"Agilis 280E Electric Jet Tender &#8211; Leiser, nachhaltiger Luxus"},"content":{"rendered":"<p data-path-to-node=\"8\"><b data-path-to-node=\"8\" data-index-in-node=\"0\">Die elektrische Revolution: Sanfter, intelligenter, umweltfreundlicher<\/b> Der Agilis 280E ist die ultimative L\u00f6sung f\u00fcr den modernen Yachteigner. Angetrieben durch das innovative ZeroJet Elektrod\u00fcsensystem bietet dieses Beiboot ein sofortiges Drehmoment und pr\u00e4zises Handling und ist dabei fl\u00fcsterleise. Ganz gleich, ob Sie durch ein unber\u00fchrtes Naturschutzgebiet navigieren oder einen n\u00e4chtlichen Transfer von Schiff zu Land machen, der 280E sorgt daf\u00fcr, dass Sie die Umwelt so wenig wie m\u00f6glich belasten.  <\/p>\n<p data-path-to-node=\"9\"><b data-path-to-node=\"9\" data-index-in-node=\"0\">Null Wartung, maximale Zuverl\u00e4ssigkeit<\/b> Da der 280E \u00fcber eine vollst\u00e4ndig geschlossene elektrische Antriebseinheit und ein geschlossenes K\u00fchlsystem verf\u00fcgt, gibt es praktisch keine Wartung. Kein \u00d6lwechsel, kein Kraftstofffilter und keine \u00dcberwinterung &#8211; einfach einstecken, aufladen und genie\u00dfen. Die 10-kWh-Batterie bietet ausreichend Energie f\u00fcr den t\u00e4glichen G\u00e4stetransfer und die Erkundung der K\u00fcste.  <\/p>\n<p data-path-to-node=\"10\"><b data-path-to-node=\"10\" data-index-in-node=\"0\">Kompromissloses Design und Komfort<\/b> Trotz seines umweltfreundlichen Kerns beh\u00e4lt der 280E die klassische Sitzanordnung und die luxuri\u00f6sen Oberfl\u00e4chen bei, f\u00fcr die Agilis ber\u00fchmt ist. Er bietet bequem Platz f\u00fcr drei Passagiere mit einem ergonomischen Design, das sich viel ger\u00e4umiger anf\u00fchlt, als seine L\u00e4nge von 2,80 m vermuten l\u00e4sst. Alle Komponenten werden sorgf\u00e4ltig aus Europa bezogen und in Deutschland zusammengebaut, um h\u00f6chste Qualit\u00e4t zu garantieren.  <\/p>\n<p data-path-to-node=\"11\"><b data-path-to-node=\"11\" data-index-in-node=\"0\">Ma\u00dfgeschneiderte Anpassung<\/b> Wie alle Agilis-Modelle, die \u00fcber Nauti-Parts erh\u00e4ltlich sind, ist auch die 280E eine Leinwand f\u00fcr Ihren pers\u00f6nlichen Stil. W\u00e4hlen Sie aus einer breiten Palette hochwertiger ORCA\u00ae-Stoffe, Rumpffarben und High-Tech-Optionen ein Beiboot aus, das perfekt zu Ihrem Mutterschiff passt. <\/p>\n<p data-path-to-node=\"11\"><a href=\"https:\/\/nauti-parts.com\/wp-content\/uploads\/2026\/03\/agilis-280e.pdf\"><strong>Spezifikationen herunterladen<\/strong><\/a><\/p>\n<div style=\"width: 900px;\" class=\"wp-video\"><video class=\"wp-video-shortcode\" id=\"video-21777-1\" width=\"900\" height=\"900\" preload=\"metadata\" controls=\"controls\"><source type=\"video\/mp4\" src=\"https:\/\/nauti-parts.com\/wp-content\/uploads\/2026\/03\/280-illustration-gif.mp4?_=1\" \/><a href=\"https:\/\/nauti-parts.com\/wp-content\/uploads\/2026\/03\/280-illustration-gif.mp4\">https:\/\/nauti-parts.com\/wp-content\/uploads\/2026\/03\/280-illustration-gif.mp4<\/a><\/video><\/div>\n","protected":false},"excerpt":{"rendered":"<p data-path-to-node=\"4\">Erleben Sie die Zukunft des Jachtsports mit dem <b data-path-to-node=\"4\" data-index-in-node=\"43\">Agilis 280E<\/b>, dem weltweit fortschrittlichsten elektrischen Kompakt-Jet-Tender. Der 280E ist emissionsfrei und nahezu ger\u00e4uschlos und kombiniert deutsche Pr\u00e4zision mit dem in Neuseeland hergestellten elektrischen <b data-path-to-node=\"4\" data-index-in-node=\"203\">ZeroJet-Antriebssystem<\/b>. Er eignet sich perfekt f\u00fcr umweltbewusste Eigner und restriktive Wasserstra\u00dfen und bietet eine sanfte, kraftvolle Leistung ohne den L\u00e4rm oder die Abgase eines herk\u00f6mmlichen Motors.  <\/p>\n<ul data-path-to-node=\"5\">\n<li>\n<p data-path-to-node=\"5,1,0\"><b data-path-to-node=\"5,1,0\" data-index-in-node=\"0\">Antriebssystem:<\/b> 18kW ZeroJet Electric System<\/p>\n<\/li>\n<li>\n<p data-path-to-node=\"5,2,0\"><b data-path-to-node=\"5,2,0\" data-index-in-node=\"0\">Laufzeit:<\/b> Leistungsstarke 10kWh Batterie<\/p>\n<\/li>\n<li>\n<p data-path-to-node=\"5,3,0\"><b data-path-to-node=\"5,3,0\" data-index-in-node=\"0\">Null Emissionen:<\/b> Ger\u00e4uschloser, umweltfreundlicher Betrieb<\/p>\n<\/li>\n<\/ul>\n","protected":false},"featured_media":20421,"comment_status":"open","ping_status":"closed","template":"","meta":{"_acf_changed":false},"product_brand":[],"product_cat":[281],"product_tag":[],"class_list":{"0":"post-21777","1":"product","2":"type-product","3":"status-publish","4":"has-post-thumbnail","6":"product_cat-agilis-ausschreibungen","7":"repupress_customize_woocommerce_productom_class","9":"first","10":"instock","11":"taxable","12":"shipping-taxable","13":"product-type-simple"},"acf":[],"yoast_head":"<!-- This site is optimized with the Yoast SEO plugin v27.5 - https:\/\/yoast.com\/product\/yoast-seo-wordpress\/ -->\n<title>Agilis 280E Electric Jet Tender - Leiser, nachhaltiger Luxus | Nauti Parts<\/title>\n<meta name=\"robots\" content=\"index, follow, max-snippet:-1, max-image-preview:large, max-video-preview:-1\" \/>\n<link rel=\"canonical\" href=\"https:\/\/nauti-parts.com\/de\/shop\/agilis-ausschreibungen\/agilis-280e-electric-jet-tender-leiser-nachhaltiger-luxus\/\" \/>\n<meta property=\"og:locale\" content=\"de_DE\" \/>\n<meta property=\"og:type\" content=\"article\" \/>\n<meta property=\"og:title\" content=\"Agilis 280E Electric Jet Tender - Leiser, nachhaltiger Luxus | Nauti Parts\" \/>\n<meta property=\"og:description\" content=\"Erleben Sie die Zukunft des Jachtsports mit dem Agilis 280E, dem weltweit fortschrittlichsten elektrischen Kompakt-Jet-Tender. Der 280E ist emissionsfrei und nahezu ger\u00e4uschlos und kombiniert deutsche Pr\u00e4zision mit dem in Neuseeland hergestellten elektrischen ZeroJet-Antriebssystem. Er eignet sich perfekt f\u00fcr umweltbewusste Eigner und restriktive Wasserstra\u00dfen und bietet eine sanfte, kraftvolle Leistung ohne den L\u00e4rm oder die Abgase eines herk\u00f6mmlichen Motors.    Antriebssystem: 18kW ZeroJet Electric System   Laufzeit: Leistungsstarke 10kWh Batterie   Null Emissionen: Ger\u00e4uschloser, umweltfreundlicher Betrieb\" \/>\n<meta property=\"og:url\" content=\"https:\/\/nauti-parts.com\/de\/shop\/agilis-ausschreibungen\/agilis-280e-electric-jet-tender-leiser-nachhaltiger-luxus\/\" \/>\n<meta property=\"og:site_name\" content=\"Nauti Parts\" \/>\n<meta property=\"article:publisher\" content=\"https:\/\/www.facebook.com\/nautipartsspain\/\" \/>\n<meta property=\"og:image\" content=\"https:\/\/nauti-parts.com\/wp-content\/uploads\/2026\/03\/280e.jpg\" \/>\n\t<meta property=\"og:image:width\" content=\"768\" \/>\n\t<meta property=\"og:image:height\" content=\"576\" \/>\n\t<meta property=\"og:image:type\" content=\"image\/jpeg\" \/>\n<meta name=\"twitter:card\" content=\"summary_large_image\" \/>\n<meta name=\"twitter:label1\" content=\"Gesch\u00e4tzte Lesezeit\" \/>\n\t<meta name=\"twitter:data1\" content=\"1\u00a0Minute\" \/>\n<script type=\"application\/ld+json\" class=\"yoast-schema-graph\">{\"@context\":\"https:\\\/\\\/schema.org\",\"@graph\":[{\"@type\":\"WebPage\",\"@id\":\"https:\\\/\\\/nauti-parts.com\\\/de\\\/shop\\\/agilis-ausschreibungen\\\/agilis-280e-electric-jet-tender-leiser-nachhaltiger-luxus\\\/\",\"url\":\"https:\\\/\\\/nauti-parts.com\\\/de\\\/shop\\\/agilis-ausschreibungen\\\/agilis-280e-electric-jet-tender-leiser-nachhaltiger-luxus\\\/\",\"name\":\"Agilis 280E Electric Jet Tender - Leiser, nachhaltiger Luxus | Nauti Parts\",\"isPartOf\":{\"@id\":\"https:\\\/\\\/nauti-parts.com\\\/de\\\/#website\"},\"primaryImageOfPage\":{\"@id\":\"https:\\\/\\\/nauti-parts.com\\\/de\\\/shop\\\/agilis-ausschreibungen\\\/agilis-280e-electric-jet-tender-leiser-nachhaltiger-luxus\\\/#primaryimage\"},\"image\":{\"@id\":\"https:\\\/\\\/nauti-parts.com\\\/de\\\/shop\\\/agilis-ausschreibungen\\\/agilis-280e-electric-jet-tender-leiser-nachhaltiger-luxus\\\/#primaryimage\"},\"thumbnailUrl\":\"https:\\\/\\\/nauti-parts.com\\\/wp-content\\\/uploads\\\/2026\\\/03\\\/280e.jpg\",\"datePublished\":\"2026-03-20T09:52:45+00:00\",\"breadcrumb\":{\"@id\":\"https:\\\/\\\/nauti-parts.com\\\/de\\\/shop\\\/agilis-ausschreibungen\\\/agilis-280e-electric-jet-tender-leiser-nachhaltiger-luxus\\\/#breadcrumb\"},\"inLanguage\":\"de\",\"potentialAction\":[{\"@type\":\"ReadAction\",\"target\":[\"https:\\\/\\\/nauti-parts.com\\\/de\\\/shop\\\/agilis-ausschreibungen\\\/agilis-280e-electric-jet-tender-leiser-nachhaltiger-luxus\\\/\"]}]},{\"@type\":\"ImageObject\",\"inLanguage\":\"de\",\"@id\":\"https:\\\/\\\/nauti-parts.com\\\/de\\\/shop\\\/agilis-ausschreibungen\\\/agilis-280e-electric-jet-tender-leiser-nachhaltiger-luxus\\\/#primaryimage\",\"url\":\"https:\\\/\\\/nauti-parts.com\\\/wp-content\\\/uploads\\\/2026\\\/03\\\/280e.jpg\",\"contentUrl\":\"https:\\\/\\\/nauti-parts.com\\\/wp-content\\\/uploads\\\/2026\\\/03\\\/280e.jpg\",\"width\":768,\"height\":576},{\"@type\":\"BreadcrumbList\",\"@id\":\"https:\\\/\\\/nauti-parts.com\\\/de\\\/shop\\\/agilis-ausschreibungen\\\/agilis-280e-electric-jet-tender-leiser-nachhaltiger-luxus\\\/#breadcrumb\",\"itemListElement\":[{\"@type\":\"ListItem\",\"position\":1,\"name\":\"Shop\",\"item\":\"https:\\\/\\\/nauti-parts.com\\\/de\\\/shop\\\/\"},{\"@type\":\"ListItem\",\"position\":2,\"name\":\"Agilis 280E Electric Jet Tender &#8211; Leiser, nachhaltiger Luxus\"}]},{\"@type\":\"WebSite\",\"@id\":\"https:\\\/\\\/nauti-parts.com\\\/de\\\/#website\",\"url\":\"https:\\\/\\\/nauti-parts.com\\\/de\\\/\",\"name\":\"Nauti Parts\",\"description\":\"Sea-Doo Jet Ski - Seabob Dealer and Rentals | Water Toys Mallorca\",\"publisher\":{\"@id\":\"https:\\\/\\\/nauti-parts.com\\\/de\\\/#organization\"},\"potentialAction\":[{\"@type\":\"SearchAction\",\"target\":{\"@type\":\"EntryPoint\",\"urlTemplate\":\"https:\\\/\\\/nauti-parts.com\\\/de\\\/?s={search_term_string}\"},\"query-input\":{\"@type\":\"PropertyValueSpecification\",\"valueRequired\":true,\"valueName\":\"search_term_string\"}}],\"inLanguage\":\"de\"},{\"@type\":\"Organization\",\"@id\":\"https:\\\/\\\/nauti-parts.com\\\/de\\\/#organization\",\"name\":\"Nauti Teile\",\"url\":\"https:\\\/\\\/nauti-parts.com\\\/de\\\/\",\"logo\":{\"@type\":\"ImageObject\",\"inLanguage\":\"de\",\"@id\":\"https:\\\/\\\/nauti-parts.com\\\/de\\\/#\\\/schema\\\/logo\\\/image\\\/\",\"url\":\"https:\\\/\\\/nauti-parts.com\\\/wp-content\\\/uploads\\\/2023\\\/10\\\/np-logo-black.png\",\"contentUrl\":\"https:\\\/\\\/nauti-parts.com\\\/wp-content\\\/uploads\\\/2023\\\/10\\\/np-logo-black.png\",\"width\":253,\"height\":100,\"caption\":\"Nauti Teile\"},\"image\":{\"@id\":\"https:\\\/\\\/nauti-parts.com\\\/de\\\/#\\\/schema\\\/logo\\\/image\\\/\"},\"sameAs\":[\"https:\\\/\\\/www.facebook.com\\\/nautipartsspain\\\/\",\"https:\\\/\\\/www.instagram.com\\\/nautiparts\\\/\"]}]}<\/script>\n<!-- \/ Yoast SEO plugin. -->","yoast_head_json":{"title":"Agilis 280E Electric Jet Tender - Leiser, nachhaltiger Luxus | Nauti Parts","robots":{"index":"index","follow":"follow","max-snippet":"max-snippet:-1","max-image-preview":"max-image-preview:large","max-video-preview":"max-video-preview:-1"},"canonical":"https:\/\/nauti-parts.com\/de\/shop\/agilis-ausschreibungen\/agilis-280e-electric-jet-tender-leiser-nachhaltiger-luxus\/","og_locale":"de_DE","og_type":"article","og_title":"Agilis 280E Electric Jet Tender - Leiser, nachhaltiger Luxus | Nauti Parts","og_description":"Erleben Sie die Zukunft des Jachtsports mit dem Agilis 280E, dem weltweit fortschrittlichsten elektrischen Kompakt-Jet-Tender. Der 280E ist emissionsfrei und nahezu ger\u00e4uschlos und kombiniert deutsche Pr\u00e4zision mit dem in Neuseeland hergestellten elektrischen ZeroJet-Antriebssystem. Er eignet sich perfekt f\u00fcr umweltbewusste Eigner und restriktive Wasserstra\u00dfen und bietet eine sanfte, kraftvolle Leistung ohne den L\u00e4rm oder die Abgase eines herk\u00f6mmlichen Motors.    Antriebssystem: 18kW ZeroJet Electric System   Laufzeit: Leistungsstarke 10kWh Batterie   Null Emissionen: Ger\u00e4uschloser, umweltfreundlicher Betrieb","og_url":"https:\/\/nauti-parts.com\/de\/shop\/agilis-ausschreibungen\/agilis-280e-electric-jet-tender-leiser-nachhaltiger-luxus\/","og_site_name":"Nauti Parts","article_publisher":"https:\/\/www.facebook.com\/nautipartsspain\/","og_image":[{"width":768,"height":576,"url":"https:\/\/nauti-parts.com\/wp-content\/uploads\/2026\/03\/280e.jpg","type":"image\/jpeg"}],"twitter_card":"summary_large_image","twitter_misc":{"Gesch\u00e4tzte Lesezeit":"1\u00a0Minute"},"schema":{"@context":"https:\/\/schema.org","@graph":[{"@type":"WebPage","@id":"https:\/\/nauti-parts.com\/de\/shop\/agilis-ausschreibungen\/agilis-280e-electric-jet-tender-leiser-nachhaltiger-luxus\/","url":"https:\/\/nauti-parts.com\/de\/shop\/agilis-ausschreibungen\/agilis-280e-electric-jet-tender-leiser-nachhaltiger-luxus\/","name":"Agilis 280E Electric Jet Tender - Leiser, nachhaltiger Luxus | Nauti Parts","isPartOf":{"@id":"https:\/\/nauti-parts.com\/de\/#website"},"primaryImageOfPage":{"@id":"https:\/\/nauti-parts.com\/de\/shop\/agilis-ausschreibungen\/agilis-280e-electric-jet-tender-leiser-nachhaltiger-luxus\/#primaryimage"},"image":{"@id":"https:\/\/nauti-parts.com\/de\/shop\/agilis-ausschreibungen\/agilis-280e-electric-jet-tender-leiser-nachhaltiger-luxus\/#primaryimage"},"thumbnailUrl":"https:\/\/nauti-parts.com\/wp-content\/uploads\/2026\/03\/280e.jpg","datePublished":"2026-03-20T09:52:45+00:00","breadcrumb":{"@id":"https:\/\/nauti-parts.com\/de\/shop\/agilis-ausschreibungen\/agilis-280e-electric-jet-tender-leiser-nachhaltiger-luxus\/#breadcrumb"},"inLanguage":"de","potentialAction":[{"@type":"ReadAction","target":["https:\/\/nauti-parts.com\/de\/shop\/agilis-ausschreibungen\/agilis-280e-electric-jet-tender-leiser-nachhaltiger-luxus\/"]}]},{"@type":"ImageObject","inLanguage":"de","@id":"https:\/\/nauti-parts.com\/de\/shop\/agilis-ausschreibungen\/agilis-280e-electric-jet-tender-leiser-nachhaltiger-luxus\/#primaryimage","url":"https:\/\/nauti-parts.com\/wp-content\/uploads\/2026\/03\/280e.jpg","contentUrl":"https:\/\/nauti-parts.com\/wp-content\/uploads\/2026\/03\/280e.jpg","width":768,"height":576},{"@type":"BreadcrumbList","@id":"https:\/\/nauti-parts.com\/de\/shop\/agilis-ausschreibungen\/agilis-280e-electric-jet-tender-leiser-nachhaltiger-luxus\/#breadcrumb","itemListElement":[{"@type":"ListItem","position":1,"name":"Shop","item":"https:\/\/nauti-parts.com\/de\/shop\/"},{"@type":"ListItem","position":2,"name":"Agilis 280E Electric Jet Tender &#8211; Leiser, nachhaltiger Luxus"}]},{"@type":"WebSite","@id":"https:\/\/nauti-parts.com\/de\/#website","url":"https:\/\/nauti-parts.com\/de\/","name":"Nauti Parts","description":"Sea-Doo Jet Ski - Seabob Dealer and Rentals | Water Toys Mallorca","publisher":{"@id":"https:\/\/nauti-parts.com\/de\/#organization"},"potentialAction":[{"@type":"SearchAction","target":{"@type":"EntryPoint","urlTemplate":"https:\/\/nauti-parts.com\/de\/?s={search_term_string}"},"query-input":{"@type":"PropertyValueSpecification","valueRequired":true,"valueName":"search_term_string"}}],"inLanguage":"de"},{"@type":"Organization","@id":"https:\/\/nauti-parts.com\/de\/#organization","name":"Nauti Teile","url":"https:\/\/nauti-parts.com\/de\/","logo":{"@type":"ImageObject","inLanguage":"de","@id":"https:\/\/nauti-parts.com\/de\/#\/schema\/logo\/image\/","url":"https:\/\/nauti-parts.com\/wp-content\/uploads\/2023\/10\/np-logo-black.png","contentUrl":"https:\/\/nauti-parts.com\/wp-content\/uploads\/2023\/10\/np-logo-black.png","width":253,"height":100,"caption":"Nauti Teile"},"image":{"@id":"https:\/\/nauti-parts.com\/de\/#\/schema\/logo\/image\/"},"sameAs":["https:\/\/www.facebook.com\/nautipartsspain\/","https:\/\/www.instagram.com\/nautiparts\/"]}]}},"_links":{"self":[{"href":"https:\/\/nauti-parts.com\/de\/wp-json\/wp\/v2\/product\/21777","targetHints":{"allow":["GET"]}}],"collection":[{"href":"https:\/\/nauti-parts.com\/de\/wp-json\/wp\/v2\/product"}],"about":[{"href":"https:\/\/nauti-parts.com\/de\/wp-json\/wp\/v2\/types\/product"}],"replies":[{"embeddable":true,"href":"https:\/\/nauti-parts.com\/de\/wp-json\/wp\/v2\/comments?post=21777"}],"wp:featuredmedia":[{"embeddable":true,"href":"https:\/\/nauti-parts.com\/de\/wp-json\/wp\/v2\/media\/20421"}],"wp:attachment":[{"href":"https:\/\/nauti-parts.com\/de\/wp-json\/wp\/v2\/media?parent=21777"}],"wp:term":[{"taxonomy":"product_brand","embeddable":true,"href":"https:\/\/nauti-parts.com\/de\/wp-json\/wp\/v2\/product_brand?post=21777"},{"taxonomy":"product_cat","embeddable":true,"href":"https:\/\/nauti-parts.com\/de\/wp-json\/wp\/v2\/product_cat?post=21777"},{"taxonomy":"product_tag","embeddable":true,"href":"https:\/\/nauti-parts.com\/de\/wp-json\/wp\/v2\/product_tag?post=21777"}],"curies":[{"name":"wp","href":"https:\/\/api.w.org\/{rel}","templated":true}]}}