{"id":21751,"date":"2026-03-20T09:57:59","date_gmt":"2026-03-20T09:57:59","guid":{"rendered":"https:\/\/nauti-parts.com\/shop\/unkategorisiert\/agilis-330c-jet-tender-leistungsstarke-vielseitigkeit\/"},"modified":"2026-03-20T09:57:59","modified_gmt":"2026-03-20T09:57:59","slug":"agilis-330c-jet-tender-leistungsstarke-vielseitigkeit","status":"publish","type":"product","link":"https:\/\/nauti-parts.com\/de\/shop\/agilis-ausschreibungen\/agilis-330c-jet-tender-leistungsstarke-vielseitigkeit\/","title":{"rendered":"Agilis 330C Jet Tender &#8211; Leistungsstarke Vielseitigkeit"},"content":{"rendered":"<p data-path-to-node=\"9\"><b data-path-to-node=\"9\" data-index-in-node=\"0\">Der ultimative Allesk\u00f6nner<\/b><\/p>\n<p data-path-to-node=\"9\">Die Agilis 330C wurde f\u00fcr Yachteigner entwickelt, die ein Beiboot suchen, das alles kann. Ob Sie einen trockenen G\u00e4stetransfer zu einem Beach Club durchf\u00fchren oder einen Wakeboarder durch eine ruhige Bucht schleppen, das 330C erledigt jede Aufgabe mit deutscher Pr\u00e4zision. Sein im Vergleich zum 305C etwas gr\u00f6\u00dferer Rumpf sorgt f\u00fcr sp\u00fcrbar besseren Auftrieb und besseres Handling bei kabbeligen Bedingungen.  <\/p>\n<p id=\"p-rc_33f094157e5a2cea-30\" data-path-to-node=\"10\"><b data-path-to-node=\"10\" data-index-in-node=\"0\">Luxus in jedem Detail<\/b><\/p>\n<p id=\"p-rc_33f094157e5a2cea-30\" data-path-to-node=\"10\">Wie die gesamte Agilis-Reihe verf\u00fcgt auch der 330C \u00fcber eine traditionelle Sitzanordnung, die den Fahrgastkomfort maximiert.  <span class=\"citation-24 citation-end-24\">Hochwertige Materialien, darunter ORCA\u00ae Hypalon-Rohre und erstklassige Schiffspolsterung, sorgen daf\u00fcr, dass das Beiboot so repr\u00e4sentativ aussieht wie das Mutterschiff, dem es dient.<\/span> <span class=\"citation-23 citation-end-23\">Der Steuerstand ist intuitiv bedienbar und bietet eine \u00fcbersichtliche Instrumentenanordnung und eine reaktionsschnelle Steuerung.<\/span><\/p>\n<p id=\"p-rc_33f094157e5a2cea-31\" data-path-to-node=\"11\"><b data-path-to-node=\"11\" data-index-in-node=\"0\">Sicher, leistungsf\u00e4hig und verl\u00e4sslich<\/b><\/p>\n<p id=\"p-rc_33f094157e5a2cea-31\" data-path-to-node=\"11\">Angetrieben von dem weltber\u00fchmten Rotax 900 ACE Motor bietet der 330C zuverl\u00e4ssige, kraftstoffsparende Leistung.  <span class=\"citation-22 citation-end-22\">Das Jet-Antriebssystem sorgt daf\u00fcr, dass es keine freiliegenden Propeller gibt, was es zur sichersten Option f\u00fcr Familien mit Kindern und Schwimmern macht.<\/span>  Das geschlossene K\u00fchlsystem sch\u00fctzt den Motor vor Salzwasserkorrosion und sorgt f\u00fcr Langlebigkeit und geringere Wartungskosten.<\/p>\n<p data-path-to-node=\"12\"><b data-path-to-node=\"12\" data-index-in-node=\"0\">Ihre Vision, verwirklicht<\/b><\/p>\n<p data-path-to-node=\"12\">Bei Nauti-Parts helfen wir Ihnen, die Agilis 330C genau nach Ihren W\u00fcnschen zu gestalten. Von der Anpassung der Rumpffarbe an den Farbcode Ihrer Yacht bis hin zur Auswahl ma\u00dfgeschneiderter N\u00e4hte f\u00fcr die Sitze &#8211; die 330C ist eine vollst\u00e4ndig anpassbare Plattform, die Ihren pers\u00f6nlichen Stil widerspiegelt. <\/p>\n<p data-path-to-node=\"11\"><a href=\"https:\/\/nauti-parts.com\/wp-content\/uploads\/2026\/03\/agilis-330.pdf\"><strong>Spezifikationen herunterladen<\/strong><\/a><\/p>\n<div style=\"width: 900px;\" class=\"wp-video\"><video class=\"wp-video-shortcode\" id=\"video-21751-1\" width=\"900\" height=\"900\" preload=\"metadata\" controls=\"controls\"><source type=\"video\/mp4\" src=\"https:\/\/nauti-parts.com\/wp-content\/uploads\/2026\/03\/330-illustraion-gif.mp4?_=1\" \/><a href=\"https:\/\/nauti-parts.com\/wp-content\/uploads\/2026\/03\/330-illustraion-gif.mp4\">https:\/\/nauti-parts.com\/wp-content\/uploads\/2026\/03\/330-illustraion-gif.mp4<\/a><\/video><\/div>\n","protected":false},"excerpt":{"rendered":"<p data-path-to-node=\"5\">Die <b data-path-to-node=\"5\" data-index-in-node=\"4\">Agilis 330C<\/b> ist ein Hochleistungs-Jet-Tender, der f\u00fcr diejenigen entwickelt wurde, die mehr Platz, mehr Leistung und mehr Abenteuer verlangen. Mit einer L\u00e4nge von 3,30 Metern bietet es die perfekte Balance zwischen einem luxuri\u00f6sen G\u00e4steschiff und einem hochoktanigen Wassersportboot.   <span class=\"citation-27 citation-end-27\">Ausgestattet mit einem 90 PS starken Rotax-Motor, bietet der 330C berauschende Geschwindigkeit und felsenfeste Stabilit\u00e4t f\u00fcr bis zu 4 Passagiere.<\/span><\/p>\n<div class=\"source-inline-chip-container ng-star-inserted\"><\/div>\n<ul data-path-to-node=\"6\">\n<li>\n<p data-path-to-node=\"6,0,0\"><b data-path-to-node=\"6,0,0\" data-index-in-node=\"0\">Kapazit\u00e4t:<\/b> 4 Personen<\/p>\n<\/li>\n<li>\n<p data-path-to-node=\"6,1,0\"><b data-path-to-node=\"6,1,0\" data-index-in-node=\"0\"><span class=\"citation-26\">Motor:<\/span><\/b><span class=\"citation-26 citation-end-26\"> 900cc &#8211; 90HP Rotax<\/span><\/p>\n<div class=\"source-inline-chip-container ng-star-inserted\"><\/div>\n<\/li>\n<li>\n<p data-path-to-node=\"6,2,0\"><b data-path-to-node=\"6,2,0\" data-index-in-node=\"0\"><span class=\"citation-25\">H\u00f6chstgeschwindigkeit:<\/span><\/b><span class=\"citation-25 citation-end-25\"> 38 Knoten<\/span><\/p>\n<div class=\"source-inline-chip-container ng-star-inserted\"><\/div>\n<\/li>\n<li>\n<p data-path-to-node=\"6,3,0\"><b data-path-to-node=\"6,3,0\" data-index-in-node=\"0\">Wichtigstes Merkmal:<\/b> Verbesserte Stabilit\u00e4t f\u00fcr Wassersport und K\u00fcstenkreuzfahrten<\/p>\n<\/li>\n<\/ul>\n","protected":false},"featured_media":20447,"comment_status":"open","ping_status":"closed","template":"","meta":{"_acf_changed":false},"product_brand":[],"product_cat":[281],"product_tag":[],"class_list":{"0":"post-21751","1":"product","2":"type-product","3":"status-publish","4":"has-post-thumbnail","6":"product_cat-agilis-ausschreibungen","7":"repupress_customize_woocommerce_productom_class","9":"first","10":"instock","11":"taxable","12":"shipping-taxable","13":"product-type-simple"},"acf":[],"yoast_head":"<!-- This site is optimized with the Yoast SEO plugin v27.5 - https:\/\/yoast.com\/product\/yoast-seo-wordpress\/ -->\n<title>Agilis 330C Jet Tender - Leistungsstarke Vielseitigkeit | Nauti Parts<\/title>\n<meta name=\"robots\" content=\"index, follow, max-snippet:-1, max-image-preview:large, max-video-preview:-1\" \/>\n<link rel=\"canonical\" href=\"https:\/\/nauti-parts.com\/de\/shop\/agilis-ausschreibungen\/agilis-330c-jet-tender-leistungsstarke-vielseitigkeit\/\" \/>\n<meta property=\"og:locale\" content=\"de_DE\" \/>\n<meta property=\"og:type\" content=\"article\" \/>\n<meta property=\"og:title\" content=\"Agilis 330C Jet Tender - Leistungsstarke Vielseitigkeit | Nauti Parts\" \/>\n<meta property=\"og:description\" content=\"Die Agilis 330C ist ein Hochleistungs-Jet-Tender, der f\u00fcr diejenigen entwickelt wurde, die mehr Platz, mehr Leistung und mehr Abenteuer verlangen. Mit einer L\u00e4nge von 3,30 Metern bietet es die perfekte Balance zwischen einem luxuri\u00f6sen G\u00e4steschiff und einem hochoktanigen Wassersportboot.  Ausgestattet mit einem 90 PS starken Rotax-Motor, bietet der 330C berauschende Geschwindigkeit und felsenfeste Stabilit\u00e4t f\u00fcr bis zu 4 Passagiere.    Kapazit\u00e4t: 4 Personen   Motor: 900cc - 90HP Rotax   H\u00f6chstgeschwindigkeit: 38 Knoten   Wichtigstes Merkmal: Verbesserte Stabilit\u00e4t f\u00fcr Wassersport und K\u00fcstenkreuzfahrten\" \/>\n<meta property=\"og:url\" content=\"https:\/\/nauti-parts.com\/de\/shop\/agilis-ausschreibungen\/agilis-330c-jet-tender-leistungsstarke-vielseitigkeit\/\" \/>\n<meta property=\"og:site_name\" content=\"Nauti Parts\" \/>\n<meta property=\"article:publisher\" content=\"https:\/\/www.facebook.com\/nautipartsspain\/\" \/>\n<meta property=\"og:image\" content=\"https:\/\/nauti-parts.com\/wp-content\/uploads\/2026\/03\/330c.jpg\" \/>\n\t<meta property=\"og:image:width\" content=\"768\" \/>\n\t<meta property=\"og:image:height\" content=\"576\" \/>\n\t<meta property=\"og:image:type\" content=\"image\/jpeg\" \/>\n<meta name=\"twitter:card\" content=\"summary_large_image\" \/>\n<meta name=\"twitter:label1\" content=\"Gesch\u00e4tzte Lesezeit\" \/>\n\t<meta name=\"twitter:data1\" content=\"1\u00a0Minute\" \/>\n<script type=\"application\/ld+json\" class=\"yoast-schema-graph\">{\"@context\":\"https:\\\/\\\/schema.org\",\"@graph\":[{\"@type\":\"WebPage\",\"@id\":\"https:\\\/\\\/nauti-parts.com\\\/de\\\/shop\\\/agilis-ausschreibungen\\\/agilis-330c-jet-tender-leistungsstarke-vielseitigkeit\\\/\",\"url\":\"https:\\\/\\\/nauti-parts.com\\\/de\\\/shop\\\/agilis-ausschreibungen\\\/agilis-330c-jet-tender-leistungsstarke-vielseitigkeit\\\/\",\"name\":\"Agilis 330C Jet Tender - Leistungsstarke Vielseitigkeit | Nauti Parts\",\"isPartOf\":{\"@id\":\"https:\\\/\\\/nauti-parts.com\\\/de\\\/#website\"},\"primaryImageOfPage\":{\"@id\":\"https:\\\/\\\/nauti-parts.com\\\/de\\\/shop\\\/agilis-ausschreibungen\\\/agilis-330c-jet-tender-leistungsstarke-vielseitigkeit\\\/#primaryimage\"},\"image\":{\"@id\":\"https:\\\/\\\/nauti-parts.com\\\/de\\\/shop\\\/agilis-ausschreibungen\\\/agilis-330c-jet-tender-leistungsstarke-vielseitigkeit\\\/#primaryimage\"},\"thumbnailUrl\":\"https:\\\/\\\/nauti-parts.com\\\/wp-content\\\/uploads\\\/2026\\\/03\\\/330c.jpg\",\"datePublished\":\"2026-03-20T09:57:59+00:00\",\"breadcrumb\":{\"@id\":\"https:\\\/\\\/nauti-parts.com\\\/de\\\/shop\\\/agilis-ausschreibungen\\\/agilis-330c-jet-tender-leistungsstarke-vielseitigkeit\\\/#breadcrumb\"},\"inLanguage\":\"de\",\"potentialAction\":[{\"@type\":\"ReadAction\",\"target\":[\"https:\\\/\\\/nauti-parts.com\\\/de\\\/shop\\\/agilis-ausschreibungen\\\/agilis-330c-jet-tender-leistungsstarke-vielseitigkeit\\\/\"]}]},{\"@type\":\"ImageObject\",\"inLanguage\":\"de\",\"@id\":\"https:\\\/\\\/nauti-parts.com\\\/de\\\/shop\\\/agilis-ausschreibungen\\\/agilis-330c-jet-tender-leistungsstarke-vielseitigkeit\\\/#primaryimage\",\"url\":\"https:\\\/\\\/nauti-parts.com\\\/wp-content\\\/uploads\\\/2026\\\/03\\\/330c.jpg\",\"contentUrl\":\"https:\\\/\\\/nauti-parts.com\\\/wp-content\\\/uploads\\\/2026\\\/03\\\/330c.jpg\",\"width\":768,\"height\":576},{\"@type\":\"BreadcrumbList\",\"@id\":\"https:\\\/\\\/nauti-parts.com\\\/de\\\/shop\\\/agilis-ausschreibungen\\\/agilis-330c-jet-tender-leistungsstarke-vielseitigkeit\\\/#breadcrumb\",\"itemListElement\":[{\"@type\":\"ListItem\",\"position\":1,\"name\":\"Shop\",\"item\":\"https:\\\/\\\/nauti-parts.com\\\/de\\\/shop\\\/\"},{\"@type\":\"ListItem\",\"position\":2,\"name\":\"Agilis 330C Jet Tender &#8211; Leistungsstarke Vielseitigkeit\"}]},{\"@type\":\"WebSite\",\"@id\":\"https:\\\/\\\/nauti-parts.com\\\/de\\\/#website\",\"url\":\"https:\\\/\\\/nauti-parts.com\\\/de\\\/\",\"name\":\"Nauti Parts\",\"description\":\"Sea-Doo Jet Ski - Seabob Dealer and Rentals | Water Toys Mallorca\",\"publisher\":{\"@id\":\"https:\\\/\\\/nauti-parts.com\\\/de\\\/#organization\"},\"potentialAction\":[{\"@type\":\"SearchAction\",\"target\":{\"@type\":\"EntryPoint\",\"urlTemplate\":\"https:\\\/\\\/nauti-parts.com\\\/de\\\/?s={search_term_string}\"},\"query-input\":{\"@type\":\"PropertyValueSpecification\",\"valueRequired\":true,\"valueName\":\"search_term_string\"}}],\"inLanguage\":\"de\"},{\"@type\":\"Organization\",\"@id\":\"https:\\\/\\\/nauti-parts.com\\\/de\\\/#organization\",\"name\":\"Nauti Teile\",\"url\":\"https:\\\/\\\/nauti-parts.com\\\/de\\\/\",\"logo\":{\"@type\":\"ImageObject\",\"inLanguage\":\"de\",\"@id\":\"https:\\\/\\\/nauti-parts.com\\\/de\\\/#\\\/schema\\\/logo\\\/image\\\/\",\"url\":\"https:\\\/\\\/nauti-parts.com\\\/wp-content\\\/uploads\\\/2023\\\/10\\\/np-logo-black.png\",\"contentUrl\":\"https:\\\/\\\/nauti-parts.com\\\/wp-content\\\/uploads\\\/2023\\\/10\\\/np-logo-black.png\",\"width\":253,\"height\":100,\"caption\":\"Nauti Teile\"},\"image\":{\"@id\":\"https:\\\/\\\/nauti-parts.com\\\/de\\\/#\\\/schema\\\/logo\\\/image\\\/\"},\"sameAs\":[\"https:\\\/\\\/www.facebook.com\\\/nautipartsspain\\\/\",\"https:\\\/\\\/www.instagram.com\\\/nautiparts\\\/\"]}]}<\/script>\n<!-- \/ Yoast SEO plugin. -->","yoast_head_json":{"title":"Agilis 330C Jet Tender - Leistungsstarke Vielseitigkeit | Nauti Parts","robots":{"index":"index","follow":"follow","max-snippet":"max-snippet:-1","max-image-preview":"max-image-preview:large","max-video-preview":"max-video-preview:-1"},"canonical":"https:\/\/nauti-parts.com\/de\/shop\/agilis-ausschreibungen\/agilis-330c-jet-tender-leistungsstarke-vielseitigkeit\/","og_locale":"de_DE","og_type":"article","og_title":"Agilis 330C Jet Tender - Leistungsstarke Vielseitigkeit | Nauti Parts","og_description":"Die Agilis 330C ist ein Hochleistungs-Jet-Tender, der f\u00fcr diejenigen entwickelt wurde, die mehr Platz, mehr Leistung und mehr Abenteuer verlangen. Mit einer L\u00e4nge von 3,30 Metern bietet es die perfekte Balance zwischen einem luxuri\u00f6sen G\u00e4steschiff und einem hochoktanigen Wassersportboot.  Ausgestattet mit einem 90 PS starken Rotax-Motor, bietet der 330C berauschende Geschwindigkeit und felsenfeste Stabilit\u00e4t f\u00fcr bis zu 4 Passagiere.    Kapazit\u00e4t: 4 Personen   Motor: 900cc - 90HP Rotax   H\u00f6chstgeschwindigkeit: 38 Knoten   Wichtigstes Merkmal: Verbesserte Stabilit\u00e4t f\u00fcr Wassersport und K\u00fcstenkreuzfahrten","og_url":"https:\/\/nauti-parts.com\/de\/shop\/agilis-ausschreibungen\/agilis-330c-jet-tender-leistungsstarke-vielseitigkeit\/","og_site_name":"Nauti Parts","article_publisher":"https:\/\/www.facebook.com\/nautipartsspain\/","og_image":[{"width":768,"height":576,"url":"https:\/\/nauti-parts.com\/wp-content\/uploads\/2026\/03\/330c.jpg","type":"image\/jpeg"}],"twitter_card":"summary_large_image","twitter_misc":{"Gesch\u00e4tzte Lesezeit":"1\u00a0Minute"},"schema":{"@context":"https:\/\/schema.org","@graph":[{"@type":"WebPage","@id":"https:\/\/nauti-parts.com\/de\/shop\/agilis-ausschreibungen\/agilis-330c-jet-tender-leistungsstarke-vielseitigkeit\/","url":"https:\/\/nauti-parts.com\/de\/shop\/agilis-ausschreibungen\/agilis-330c-jet-tender-leistungsstarke-vielseitigkeit\/","name":"Agilis 330C Jet Tender - Leistungsstarke Vielseitigkeit | Nauti Parts","isPartOf":{"@id":"https:\/\/nauti-parts.com\/de\/#website"},"primaryImageOfPage":{"@id":"https:\/\/nauti-parts.com\/de\/shop\/agilis-ausschreibungen\/agilis-330c-jet-tender-leistungsstarke-vielseitigkeit\/#primaryimage"},"image":{"@id":"https:\/\/nauti-parts.com\/de\/shop\/agilis-ausschreibungen\/agilis-330c-jet-tender-leistungsstarke-vielseitigkeit\/#primaryimage"},"thumbnailUrl":"https:\/\/nauti-parts.com\/wp-content\/uploads\/2026\/03\/330c.jpg","datePublished":"2026-03-20T09:57:59+00:00","breadcrumb":{"@id":"https:\/\/nauti-parts.com\/de\/shop\/agilis-ausschreibungen\/agilis-330c-jet-tender-leistungsstarke-vielseitigkeit\/#breadcrumb"},"inLanguage":"de","potentialAction":[{"@type":"ReadAction","target":["https:\/\/nauti-parts.com\/de\/shop\/agilis-ausschreibungen\/agilis-330c-jet-tender-leistungsstarke-vielseitigkeit\/"]}]},{"@type":"ImageObject","inLanguage":"de","@id":"https:\/\/nauti-parts.com\/de\/shop\/agilis-ausschreibungen\/agilis-330c-jet-tender-leistungsstarke-vielseitigkeit\/#primaryimage","url":"https:\/\/nauti-parts.com\/wp-content\/uploads\/2026\/03\/330c.jpg","contentUrl":"https:\/\/nauti-parts.com\/wp-content\/uploads\/2026\/03\/330c.jpg","width":768,"height":576},{"@type":"BreadcrumbList","@id":"https:\/\/nauti-parts.com\/de\/shop\/agilis-ausschreibungen\/agilis-330c-jet-tender-leistungsstarke-vielseitigkeit\/#breadcrumb","itemListElement":[{"@type":"ListItem","position":1,"name":"Shop","item":"https:\/\/nauti-parts.com\/de\/shop\/"},{"@type":"ListItem","position":2,"name":"Agilis 330C Jet Tender &#8211; Leistungsstarke Vielseitigkeit"}]},{"@type":"WebSite","@id":"https:\/\/nauti-parts.com\/de\/#website","url":"https:\/\/nauti-parts.com\/de\/","name":"Nauti Parts","description":"Sea-Doo Jet Ski - Seabob Dealer and Rentals | Water Toys Mallorca","publisher":{"@id":"https:\/\/nauti-parts.com\/de\/#organization"},"potentialAction":[{"@type":"SearchAction","target":{"@type":"EntryPoint","urlTemplate":"https:\/\/nauti-parts.com\/de\/?s={search_term_string}"},"query-input":{"@type":"PropertyValueSpecification","valueRequired":true,"valueName":"search_term_string"}}],"inLanguage":"de"},{"@type":"Organization","@id":"https:\/\/nauti-parts.com\/de\/#organization","name":"Nauti Teile","url":"https:\/\/nauti-parts.com\/de\/","logo":{"@type":"ImageObject","inLanguage":"de","@id":"https:\/\/nauti-parts.com\/de\/#\/schema\/logo\/image\/","url":"https:\/\/nauti-parts.com\/wp-content\/uploads\/2023\/10\/np-logo-black.png","contentUrl":"https:\/\/nauti-parts.com\/wp-content\/uploads\/2023\/10\/np-logo-black.png","width":253,"height":100,"caption":"Nauti Teile"},"image":{"@id":"https:\/\/nauti-parts.com\/de\/#\/schema\/logo\/image\/"},"sameAs":["https:\/\/www.facebook.com\/nautipartsspain\/","https:\/\/www.instagram.com\/nautiparts\/"]}]}},"_links":{"self":[{"href":"https:\/\/nauti-parts.com\/de\/wp-json\/wp\/v2\/product\/21751","targetHints":{"allow":["GET"]}}],"collection":[{"href":"https:\/\/nauti-parts.com\/de\/wp-json\/wp\/v2\/product"}],"about":[{"href":"https:\/\/nauti-parts.com\/de\/wp-json\/wp\/v2\/types\/product"}],"replies":[{"embeddable":true,"href":"https:\/\/nauti-parts.com\/de\/wp-json\/wp\/v2\/comments?post=21751"}],"wp:featuredmedia":[{"embeddable":true,"href":"https:\/\/nauti-parts.com\/de\/wp-json\/wp\/v2\/media\/20447"}],"wp:attachment":[{"href":"https:\/\/nauti-parts.com\/de\/wp-json\/wp\/v2\/media?parent=21751"}],"wp:term":[{"taxonomy":"product_brand","embeddable":true,"href":"https:\/\/nauti-parts.com\/de\/wp-json\/wp\/v2\/product_brand?post=21751"},{"taxonomy":"product_cat","embeddable":true,"href":"https:\/\/nauti-parts.com\/de\/wp-json\/wp\/v2\/product_cat?post=21751"},{"taxonomy":"product_tag","embeddable":true,"href":"https:\/\/nauti-parts.com\/de\/wp-json\/wp\/v2\/product_tag?post=21751"}],"curies":[{"name":"wp","href":"https:\/\/api.w.org\/{rel}","templated":true}]}}