{"id":21728,"date":"2026-03-20T09:44:26","date_gmt":"2026-03-20T09:44:26","guid":{"rendered":"https:\/\/nauti-parts.com\/shop\/unkategorisiert\/agilis-280-jet-tender-luxurioese-kompakte-leistung\/"},"modified":"2026-03-20T09:44:26","modified_gmt":"2026-03-20T09:44:26","slug":"agilis-280-jet-tender-luxurioese-kompakte-leistung","status":"publish","type":"product","link":"https:\/\/nauti-parts.com\/de\/shop\/agilis-ausschreibungen\/agilis-280-jet-tender-luxurioese-kompakte-leistung\/","title":{"rendered":"Agilis 280 Jet Tender &#8211; Luxuri\u00f6se kompakte Leistung"},"content":{"rendered":"<p data-path-to-node=\"8\"><b data-path-to-node=\"8\" data-index-in-node=\"0\">Die<\/b> Agilis 280 ist das kleinste Modell der Agilis-Reihe und geht dennoch keine Kompromisse bei Luxus und Leistung ein, f\u00fcr die die Marke bekannt ist. Die 280 ist so einzigartig wie die Yacht, die sie bedient, und bietet ein unvergleichliches Ma\u00df an Personalisierung und technischer Pr\u00e4zision. <\/p>\n<p data-path-to-node=\"9\"><b data-path-to-node=\"9\" data-index-in-node=\"0\">Klassischer Komfort, modernes Design<\/b> Im Gegensatz zu vielen anderen Beibooten dieser Gr\u00f6\u00dfenklasse verf\u00fcgt die Agilis 280 \u00fcber eine intelligente Sitzanordnung, bei der die Ergonomie im Vordergrund steht. Sie bietet bis zu drei Passagieren ein komfortables und sicheres Erlebnis, das den Transfer vom Schiff zum Land zu einem Vergn\u00fcgen und nicht zu einer l\u00e4stigen Pflicht macht. <\/p>\n<p data-path-to-node=\"10\"><b data-path-to-node=\"10\" data-index-in-node=\"0\">Deutsche Pr\u00e4zisionstechnik<\/b> Jeder Agilis-Tender wird in Deutschland entwickelt und hergestellt, um unvergleichliche Zuverl\u00e4ssigkeit zu gew\u00e4hrleisten. Angetrieben von einem 903cc-Motor mit 60 PS, ist das 280 wendig, schnell und unglaublich sicher. Da es keine freiliegenden Propeller hat, ist es die ideale Wahl f\u00fcr Familien, Schwimmer und Wassersportbegeisterte.  <\/p>\n<p data-path-to-node=\"11\"><b data-path-to-node=\"11\" data-index-in-node=\"0\">Ma\u00dfgeschneidert ohne Grenzen<\/b> Wir bei Nauti-Parts glauben, dass Ihr Beiboot Ihre Visionen widerspiegeln sollte. Die Agilis 280 ist vollst\u00e4ndig anpassbar, von der Rumpffarbe und der hochwertigen Polsterung bis hin zu integrierten Technologiepaketen. Setzen Sie sich mit dem Team von Nauti-Parts in Verbindung, um Ihre ma\u00dfgeschneiderte Konfiguration zu beginnen.  <\/p>\n<p data-path-to-node=\"11\"><a href=\"https:\/\/nauti-parts.com\/wp-content\/uploads\/2026\/03\/agilis-280.pdf\"><strong>Spezifikationen herunterladen<\/strong><\/a><\/p>\n<div style=\"width: 900px;\" class=\"wp-video\"><video class=\"wp-video-shortcode\" id=\"video-21728-1\" width=\"900\" height=\"900\" preload=\"metadata\" controls=\"controls\"><source type=\"video\/mp4\" src=\"https:\/\/nauti-parts.com\/wp-content\/uploads\/2026\/03\/280-illustration-gif-1.mp4?_=1\" \/><a href=\"https:\/\/nauti-parts.com\/wp-content\/uploads\/2026\/03\/280-illustration-gif-1.mp4\">https:\/\/nauti-parts.com\/wp-content\/uploads\/2026\/03\/280-illustration-gif-1.mp4<\/a><\/video><\/div>\n","protected":false},"excerpt":{"rendered":"<p data-path-to-node=\"4\">Die Agilis 280 ist das ultimative kompakte Jet-Tender und beweist, dass Gr\u00f6\u00dfe niemals eine Einschr\u00e4nkung ist. Dieses in Deutschland entworfene und gebaute 2,80 m lange Kraftpaket kombiniert Weltklasse-Technik mit Luxus der Spitzenklasse. Die Agilis 280 hat die perfekte Gr\u00f6\u00dfe f\u00fcr kleinere Yachtgaragen und bietet un\u00fcbertroffene Stabilit\u00e4t, eine traditionelle Sitzanordnung f\u00fcr drei Personen und eine aufregende H\u00f6chstgeschwindigkeit von 36 Knoten.  <\/p>\n<ul data-path-to-node=\"5\">\n<li>\n<p data-path-to-node=\"5,1,0\"><b data-path-to-node=\"5,1,0\" data-index-in-node=\"0\">Kapazit\u00e4t:<\/b> 3 Personen<\/p>\n<\/li>\n<li>\n<p data-path-to-node=\"5,2,0\"><b data-path-to-node=\"5,2,0\" data-index-in-node=\"0\">Motor:<\/b> 60HP Jet-Antrieb<\/p>\n<\/li>\n<li>\n<p data-path-to-node=\"5,3,0\"><b data-path-to-node=\"5,3,0\" data-index-in-node=\"0\">Herkunft:<\/b> Pr\u00e4zisionsgefertigt in Deutschland<\/p>\n<\/li>\n<\/ul>\n","protected":false},"featured_media":20420,"comment_status":"open","ping_status":"closed","template":"","meta":{"_acf_changed":false},"product_brand":[],"product_cat":[281],"product_tag":[],"class_list":{"0":"post-21728","1":"product","2":"type-product","3":"status-publish","4":"has-post-thumbnail","6":"product_cat-agilis-ausschreibungen","7":"repupress_customize_woocommerce_productom_class","9":"first","10":"instock","11":"taxable","12":"shipping-taxable","13":"product-type-simple"},"acf":[],"yoast_head":"<!-- This site is optimized with the Yoast SEO plugin v27.5 - https:\/\/yoast.com\/product\/yoast-seo-wordpress\/ -->\n<title>Agilis 280 Jet Tender - Luxuri\u00f6se kompakte Leistung | Nauti Parts<\/title>\n<meta name=\"robots\" content=\"index, follow, max-snippet:-1, max-image-preview:large, max-video-preview:-1\" \/>\n<link rel=\"canonical\" href=\"https:\/\/nauti-parts.com\/de\/shop\/agilis-ausschreibungen\/agilis-280-jet-tender-luxurioese-kompakte-leistung\/\" \/>\n<meta property=\"og:locale\" content=\"de_DE\" \/>\n<meta property=\"og:type\" content=\"article\" \/>\n<meta property=\"og:title\" content=\"Agilis 280 Jet Tender - Luxuri\u00f6se kompakte Leistung | Nauti Parts\" \/>\n<meta property=\"og:description\" content=\"Die Agilis 280 ist das ultimative kompakte Jet-Tender und beweist, dass Gr\u00f6\u00dfe niemals eine Einschr\u00e4nkung ist. Dieses in Deutschland entworfene und gebaute 2,80 m lange Kraftpaket kombiniert Weltklasse-Technik mit Luxus der Spitzenklasse. Die Agilis 280 hat die perfekte Gr\u00f6\u00dfe f\u00fcr kleinere Yachtgaragen und bietet un\u00fcbertroffene Stabilit\u00e4t, eine traditionelle Sitzanordnung f\u00fcr drei Personen und eine aufregende H\u00f6chstgeschwindigkeit von 36 Knoten.    Kapazit\u00e4t: 3 Personen   Motor: 60HP Jet-Antrieb   Herkunft: Pr\u00e4zisionsgefertigt in Deutschland\" \/>\n<meta property=\"og:url\" content=\"https:\/\/nauti-parts.com\/de\/shop\/agilis-ausschreibungen\/agilis-280-jet-tender-luxurioese-kompakte-leistung\/\" \/>\n<meta property=\"og:site_name\" content=\"Nauti Parts\" \/>\n<meta property=\"article:publisher\" content=\"https:\/\/www.facebook.com\/nautipartsspain\/\" \/>\n<meta property=\"og:image\" content=\"https:\/\/nauti-parts.com\/wp-content\/uploads\/2026\/03\/280p.jpg\" \/>\n\t<meta property=\"og:image:width\" content=\"768\" \/>\n\t<meta property=\"og:image:height\" content=\"576\" \/>\n\t<meta property=\"og:image:type\" content=\"image\/jpeg\" \/>\n<meta name=\"twitter:card\" content=\"summary_large_image\" \/>\n<meta name=\"twitter:label1\" content=\"Gesch\u00e4tzte Lesezeit\" \/>\n\t<meta name=\"twitter:data1\" content=\"1\u00a0Minute\" \/>\n<script type=\"application\/ld+json\" class=\"yoast-schema-graph\">{\"@context\":\"https:\\\/\\\/schema.org\",\"@graph\":[{\"@type\":\"WebPage\",\"@id\":\"https:\\\/\\\/nauti-parts.com\\\/de\\\/shop\\\/agilis-ausschreibungen\\\/agilis-280-jet-tender-luxurioese-kompakte-leistung\\\/\",\"url\":\"https:\\\/\\\/nauti-parts.com\\\/de\\\/shop\\\/agilis-ausschreibungen\\\/agilis-280-jet-tender-luxurioese-kompakte-leistung\\\/\",\"name\":\"Agilis 280 Jet Tender - Luxuri\u00f6se kompakte Leistung | Nauti Parts\",\"isPartOf\":{\"@id\":\"https:\\\/\\\/nauti-parts.com\\\/de\\\/#website\"},\"primaryImageOfPage\":{\"@id\":\"https:\\\/\\\/nauti-parts.com\\\/de\\\/shop\\\/agilis-ausschreibungen\\\/agilis-280-jet-tender-luxurioese-kompakte-leistung\\\/#primaryimage\"},\"image\":{\"@id\":\"https:\\\/\\\/nauti-parts.com\\\/de\\\/shop\\\/agilis-ausschreibungen\\\/agilis-280-jet-tender-luxurioese-kompakte-leistung\\\/#primaryimage\"},\"thumbnailUrl\":\"https:\\\/\\\/nauti-parts.com\\\/wp-content\\\/uploads\\\/2026\\\/03\\\/280p.jpg\",\"datePublished\":\"2026-03-20T09:44:26+00:00\",\"breadcrumb\":{\"@id\":\"https:\\\/\\\/nauti-parts.com\\\/de\\\/shop\\\/agilis-ausschreibungen\\\/agilis-280-jet-tender-luxurioese-kompakte-leistung\\\/#breadcrumb\"},\"inLanguage\":\"de\",\"potentialAction\":[{\"@type\":\"ReadAction\",\"target\":[\"https:\\\/\\\/nauti-parts.com\\\/de\\\/shop\\\/agilis-ausschreibungen\\\/agilis-280-jet-tender-luxurioese-kompakte-leistung\\\/\"]}]},{\"@type\":\"ImageObject\",\"inLanguage\":\"de\",\"@id\":\"https:\\\/\\\/nauti-parts.com\\\/de\\\/shop\\\/agilis-ausschreibungen\\\/agilis-280-jet-tender-luxurioese-kompakte-leistung\\\/#primaryimage\",\"url\":\"https:\\\/\\\/nauti-parts.com\\\/wp-content\\\/uploads\\\/2026\\\/03\\\/280p.jpg\",\"contentUrl\":\"https:\\\/\\\/nauti-parts.com\\\/wp-content\\\/uploads\\\/2026\\\/03\\\/280p.jpg\",\"width\":768,\"height\":576},{\"@type\":\"BreadcrumbList\",\"@id\":\"https:\\\/\\\/nauti-parts.com\\\/de\\\/shop\\\/agilis-ausschreibungen\\\/agilis-280-jet-tender-luxurioese-kompakte-leistung\\\/#breadcrumb\",\"itemListElement\":[{\"@type\":\"ListItem\",\"position\":1,\"name\":\"Shop\",\"item\":\"https:\\\/\\\/nauti-parts.com\\\/de\\\/shop\\\/\"},{\"@type\":\"ListItem\",\"position\":2,\"name\":\"Agilis 280 Jet Tender &#8211; Luxuri\u00f6se kompakte Leistung\"}]},{\"@type\":\"WebSite\",\"@id\":\"https:\\\/\\\/nauti-parts.com\\\/de\\\/#website\",\"url\":\"https:\\\/\\\/nauti-parts.com\\\/de\\\/\",\"name\":\"Nauti Parts\",\"description\":\"Sea-Doo Jet Ski - Seabob Dealer and Rentals | Water Toys Mallorca\",\"publisher\":{\"@id\":\"https:\\\/\\\/nauti-parts.com\\\/de\\\/#organization\"},\"potentialAction\":[{\"@type\":\"SearchAction\",\"target\":{\"@type\":\"EntryPoint\",\"urlTemplate\":\"https:\\\/\\\/nauti-parts.com\\\/de\\\/?s={search_term_string}\"},\"query-input\":{\"@type\":\"PropertyValueSpecification\",\"valueRequired\":true,\"valueName\":\"search_term_string\"}}],\"inLanguage\":\"de\"},{\"@type\":\"Organization\",\"@id\":\"https:\\\/\\\/nauti-parts.com\\\/de\\\/#organization\",\"name\":\"Nauti Teile\",\"url\":\"https:\\\/\\\/nauti-parts.com\\\/de\\\/\",\"logo\":{\"@type\":\"ImageObject\",\"inLanguage\":\"de\",\"@id\":\"https:\\\/\\\/nauti-parts.com\\\/de\\\/#\\\/schema\\\/logo\\\/image\\\/\",\"url\":\"https:\\\/\\\/nauti-parts.com\\\/wp-content\\\/uploads\\\/2023\\\/10\\\/np-logo-black.png\",\"contentUrl\":\"https:\\\/\\\/nauti-parts.com\\\/wp-content\\\/uploads\\\/2023\\\/10\\\/np-logo-black.png\",\"width\":253,\"height\":100,\"caption\":\"Nauti Teile\"},\"image\":{\"@id\":\"https:\\\/\\\/nauti-parts.com\\\/de\\\/#\\\/schema\\\/logo\\\/image\\\/\"},\"sameAs\":[\"https:\\\/\\\/www.facebook.com\\\/nautipartsspain\\\/\",\"https:\\\/\\\/www.instagram.com\\\/nautiparts\\\/\"]}]}<\/script>\n<!-- \/ Yoast SEO plugin. -->","yoast_head_json":{"title":"Agilis 280 Jet Tender - Luxuri\u00f6se kompakte Leistung | Nauti Parts","robots":{"index":"index","follow":"follow","max-snippet":"max-snippet:-1","max-image-preview":"max-image-preview:large","max-video-preview":"max-video-preview:-1"},"canonical":"https:\/\/nauti-parts.com\/de\/shop\/agilis-ausschreibungen\/agilis-280-jet-tender-luxurioese-kompakte-leistung\/","og_locale":"de_DE","og_type":"article","og_title":"Agilis 280 Jet Tender - Luxuri\u00f6se kompakte Leistung | Nauti Parts","og_description":"Die Agilis 280 ist das ultimative kompakte Jet-Tender und beweist, dass Gr\u00f6\u00dfe niemals eine Einschr\u00e4nkung ist. Dieses in Deutschland entworfene und gebaute 2,80 m lange Kraftpaket kombiniert Weltklasse-Technik mit Luxus der Spitzenklasse. Die Agilis 280 hat die perfekte Gr\u00f6\u00dfe f\u00fcr kleinere Yachtgaragen und bietet un\u00fcbertroffene Stabilit\u00e4t, eine traditionelle Sitzanordnung f\u00fcr drei Personen und eine aufregende H\u00f6chstgeschwindigkeit von 36 Knoten.    Kapazit\u00e4t: 3 Personen   Motor: 60HP Jet-Antrieb   Herkunft: Pr\u00e4zisionsgefertigt in Deutschland","og_url":"https:\/\/nauti-parts.com\/de\/shop\/agilis-ausschreibungen\/agilis-280-jet-tender-luxurioese-kompakte-leistung\/","og_site_name":"Nauti Parts","article_publisher":"https:\/\/www.facebook.com\/nautipartsspain\/","og_image":[{"width":768,"height":576,"url":"https:\/\/nauti-parts.com\/wp-content\/uploads\/2026\/03\/280p.jpg","type":"image\/jpeg"}],"twitter_card":"summary_large_image","twitter_misc":{"Gesch\u00e4tzte Lesezeit":"1\u00a0Minute"},"schema":{"@context":"https:\/\/schema.org","@graph":[{"@type":"WebPage","@id":"https:\/\/nauti-parts.com\/de\/shop\/agilis-ausschreibungen\/agilis-280-jet-tender-luxurioese-kompakte-leistung\/","url":"https:\/\/nauti-parts.com\/de\/shop\/agilis-ausschreibungen\/agilis-280-jet-tender-luxurioese-kompakte-leistung\/","name":"Agilis 280 Jet Tender - Luxuri\u00f6se kompakte Leistung | Nauti Parts","isPartOf":{"@id":"https:\/\/nauti-parts.com\/de\/#website"},"primaryImageOfPage":{"@id":"https:\/\/nauti-parts.com\/de\/shop\/agilis-ausschreibungen\/agilis-280-jet-tender-luxurioese-kompakte-leistung\/#primaryimage"},"image":{"@id":"https:\/\/nauti-parts.com\/de\/shop\/agilis-ausschreibungen\/agilis-280-jet-tender-luxurioese-kompakte-leistung\/#primaryimage"},"thumbnailUrl":"https:\/\/nauti-parts.com\/wp-content\/uploads\/2026\/03\/280p.jpg","datePublished":"2026-03-20T09:44:26+00:00","breadcrumb":{"@id":"https:\/\/nauti-parts.com\/de\/shop\/agilis-ausschreibungen\/agilis-280-jet-tender-luxurioese-kompakte-leistung\/#breadcrumb"},"inLanguage":"de","potentialAction":[{"@type":"ReadAction","target":["https:\/\/nauti-parts.com\/de\/shop\/agilis-ausschreibungen\/agilis-280-jet-tender-luxurioese-kompakte-leistung\/"]}]},{"@type":"ImageObject","inLanguage":"de","@id":"https:\/\/nauti-parts.com\/de\/shop\/agilis-ausschreibungen\/agilis-280-jet-tender-luxurioese-kompakte-leistung\/#primaryimage","url":"https:\/\/nauti-parts.com\/wp-content\/uploads\/2026\/03\/280p.jpg","contentUrl":"https:\/\/nauti-parts.com\/wp-content\/uploads\/2026\/03\/280p.jpg","width":768,"height":576},{"@type":"BreadcrumbList","@id":"https:\/\/nauti-parts.com\/de\/shop\/agilis-ausschreibungen\/agilis-280-jet-tender-luxurioese-kompakte-leistung\/#breadcrumb","itemListElement":[{"@type":"ListItem","position":1,"name":"Shop","item":"https:\/\/nauti-parts.com\/de\/shop\/"},{"@type":"ListItem","position":2,"name":"Agilis 280 Jet Tender &#8211; Luxuri\u00f6se kompakte Leistung"}]},{"@type":"WebSite","@id":"https:\/\/nauti-parts.com\/de\/#website","url":"https:\/\/nauti-parts.com\/de\/","name":"Nauti Parts","description":"Sea-Doo Jet Ski - Seabob Dealer and Rentals | Water Toys Mallorca","publisher":{"@id":"https:\/\/nauti-parts.com\/de\/#organization"},"potentialAction":[{"@type":"SearchAction","target":{"@type":"EntryPoint","urlTemplate":"https:\/\/nauti-parts.com\/de\/?s={search_term_string}"},"query-input":{"@type":"PropertyValueSpecification","valueRequired":true,"valueName":"search_term_string"}}],"inLanguage":"de"},{"@type":"Organization","@id":"https:\/\/nauti-parts.com\/de\/#organization","name":"Nauti Teile","url":"https:\/\/nauti-parts.com\/de\/","logo":{"@type":"ImageObject","inLanguage":"de","@id":"https:\/\/nauti-parts.com\/de\/#\/schema\/logo\/image\/","url":"https:\/\/nauti-parts.com\/wp-content\/uploads\/2023\/10\/np-logo-black.png","contentUrl":"https:\/\/nauti-parts.com\/wp-content\/uploads\/2023\/10\/np-logo-black.png","width":253,"height":100,"caption":"Nauti Teile"},"image":{"@id":"https:\/\/nauti-parts.com\/de\/#\/schema\/logo\/image\/"},"sameAs":["https:\/\/www.facebook.com\/nautipartsspain\/","https:\/\/www.instagram.com\/nautiparts\/"]}]}},"_links":{"self":[{"href":"https:\/\/nauti-parts.com\/de\/wp-json\/wp\/v2\/product\/21728","targetHints":{"allow":["GET"]}}],"collection":[{"href":"https:\/\/nauti-parts.com\/de\/wp-json\/wp\/v2\/product"}],"about":[{"href":"https:\/\/nauti-parts.com\/de\/wp-json\/wp\/v2\/types\/product"}],"replies":[{"embeddable":true,"href":"https:\/\/nauti-parts.com\/de\/wp-json\/wp\/v2\/comments?post=21728"}],"wp:featuredmedia":[{"embeddable":true,"href":"https:\/\/nauti-parts.com\/de\/wp-json\/wp\/v2\/media\/20420"}],"wp:attachment":[{"href":"https:\/\/nauti-parts.com\/de\/wp-json\/wp\/v2\/media?parent=21728"}],"wp:term":[{"taxonomy":"product_brand","embeddable":true,"href":"https:\/\/nauti-parts.com\/de\/wp-json\/wp\/v2\/product_brand?post=21728"},{"taxonomy":"product_cat","embeddable":true,"href":"https:\/\/nauti-parts.com\/de\/wp-json\/wp\/v2\/product_cat?post=21728"},{"taxonomy":"product_tag","embeddable":true,"href":"https:\/\/nauti-parts.com\/de\/wp-json\/wp\/v2\/product_tag?post=21728"}],"curies":[{"name":"wp","href":"https:\/\/api.w.org\/{rel}","templated":true}]}}