{"id":21704,"date":"2026-03-20T10:00:37","date_gmt":"2026-03-20T10:00:37","guid":{"rendered":"https:\/\/nauti-parts.com\/shop\/unkategorisiert\/agilis-355c-jet-tender-luxus-und-leistung-mit-hohem-fassungsvermoegen\/"},"modified":"2026-03-20T10:00:37","modified_gmt":"2026-03-20T10:00:37","slug":"agilis-355c-jet-tender-luxus-und-leistung-mit-hohem-fassungsvermoegen","status":"publish","type":"product","link":"https:\/\/nauti-parts.com\/de\/shop\/agilis-ausschreibungen\/agilis-355c-jet-tender-luxus-und-leistung-mit-hohem-fassungsvermoegen\/","title":{"rendered":"Agilis 355C Jet Tender &#8211; Luxus und Leistung mit hohem Fassungsverm\u00f6gen"},"content":{"rendered":"<p data-path-to-node=\"9\"><b data-path-to-node=\"9\" data-index-in-node=\"0\">Das ultimative G\u00e4steshuttle<\/b> Die Agilis 355C wurde f\u00fcr den Yachteigner entwickelt, der Wert auf die G\u00e4stelogistik legt. <span class=\"citation-57 citation-end-57\">Bei einer Gr\u00f6\u00dfe, die in viele mittelgro\u00dfe bis gro\u00dfe Yachtgaragen passt, erweitert sie den Innenraum f\u00fcr bis zu sechs Passagiere.<\/span> Ob es sich um einen Familienausflug zu einem versteckten Strand handelt oder um den Transport einer Dinnerparty zum Kai, die 355C sorgt daf\u00fcr, dass alle stilvoll und bequem ankommen.<\/p>\n<p data-path-to-node=\"10\"><b data-path-to-node=\"10\" data-index-in-node=\"0\">\u00dcberlegene Stabilit\u00e4t und Komfort<\/b> Mit einer gr\u00f6\u00dferen Breite und einem erh\u00f6hten Auftrieb bietet die 355C eine felsenfeste Plattform auf dem Wasser. Das intelligente Deckslayout zeichnet sich durch eine traditionelle Sitzanordnung aus, die allen Passagieren Sicherheit bietet, selbst bei einer H\u00f6chstgeschwindigkeit von 38 Knoten. Der ergonomische Steuerstand ist mit erstklassigen Instrumenten ausgestattet, die dem Fahrer bei allen Seebedingungen absolute Kontrolle und Vertrauen geben.  <\/p>\n<p data-path-to-node=\"11\"><b data-path-to-node=\"11\" data-index-in-node=\"0\">Effizienz trifft Leistung<\/b> <span class=\"citation-56 citation-end-56\">Unter der Motorhaube sitzt der zuverl\u00e4ssige Rotax 900 ACE Motor.<\/span> Dieser Motor ist f\u00fcr seine Kraftstoffeffizienz und seine geringen Emissionen bekannt und liefert das sofortige Drehmoment, das f\u00fcr eine schnelle Beschleunigung und m\u00fcheloses Schleppen erforderlich ist. Das Jet-Antriebssystem sorgt daf\u00fcr, dass es keine freiliegenden Propeller gibt, so dass Sie beim Schwimmen oder Einsteigen aus dem Wasser keine Bedenken haben m\u00fcssen. <\/p>\n<p id=\"p-rc_d9e92187efaf6d67-47\" data-path-to-node=\"12\"><b data-path-to-node=\"12\" data-index-in-node=\"0\">Deutsche Handwerkskunst, vollst\u00e4ndig personalisiert<\/b> <span class=\"citation-55 citation-end-55\">Das 355C wird in Deutschland nach den anspruchsvollsten Standards gebaut und verwendet nur die besten Materialien, darunter ORCA\u00ae Hypalon und Edelstahl in Marinequalit\u00e4t.<\/span> Bei Nauti-Parts bieten wir Ihnen die M\u00f6glichkeit, das 355C ganz individuell zu gestalten &#8211; w\u00e4hlen Sie aus Hunderten von Farbkombinationen f\u00fcr die Rohre, den Rumpf und die Polsterung, damit Ihr Beiboot perfekt zu Ihrem Mutterschiff passt.<\/p>\n<p data-path-to-node=\"11\"><a href=\"https:\/\/nauti-parts.com\/wp-content\/uploads\/2026\/03\/agilis-355c.pdf\"><strong>Spezifikationen herunterladen<\/strong><\/a><\/p>\n<div style=\"width: 900px;\" class=\"wp-video\"><video class=\"wp-video-shortcode\" id=\"video-21704-1\" width=\"900\" height=\"900\" preload=\"metadata\" controls=\"controls\"><source type=\"video\/mp4\" src=\"https:\/\/nauti-parts.com\/wp-content\/uploads\/2026\/03\/355c-illustration-gif.mp4?_=1\" \/><a href=\"https:\/\/nauti-parts.com\/wp-content\/uploads\/2026\/03\/355c-illustration-gif.mp4\">https:\/\/nauti-parts.com\/wp-content\/uploads\/2026\/03\/355c-illustration-gif.mp4<\/a><\/video><\/div>\n","protected":false},"excerpt":{"rendered":"<p id=\"p-rc_d9e92187efaf6d67-42\" data-path-to-node=\"5\"><span class=\"citation-62\">Die <\/span><b data-path-to-node=\"5\" data-index-in-node=\"4\"><span class=\"citation-62\">Agilis 355C<\/span><\/b><span class=\"citation-62 citation-end-62\"> ist das ultimative Luxus-Shuttle f\u00fcr alle, die mehr Platz ben\u00f6tigen, ohne auf die Wendigkeit eines Jet-Tenders verzichten zu m\u00fcssen.<\/span> <span class=\"citation-61\">Mit einer L\u00e4nge von 3,55 Metern ist es das erste Modell der Reihe, das bequem Platz bietet f\u00fcr <\/span><b data-path-to-node=\"5\" data-index-in-node=\"207\"><span class=\"citation-61\">6 Passagiere<\/span><\/b><span class=\"citation-61 citation-end-61\">und ist damit der perfekte Partner f\u00fcr gr\u00f6\u00dfere Yachten.<\/span> <span class=\"citation-60 citation-end-60\">Angetrieben von einem 90 PS starken Rotax-Motor bietet es eine ruhige, stabile und trockene Fahrt, selbst wenn es voll beladen ist.<\/span><\/p>\n<ul data-path-to-node=\"6\">\n<li>\n<p id=\"p-rc_d9e92187efaf6d67-43\" data-path-to-node=\"6,0,0\"><b data-path-to-node=\"6,0,0\" data-index-in-node=\"0\"><span class=\"citation-59\">Kapazit\u00e4t:<\/span><\/b><span class=\"citation-59 citation-end-59\"> 6 Personen<\/span><\/p>\n<\/li>\n<li>\n<p id=\"p-rc_d9e92187efaf6d67-44\" data-path-to-node=\"6,1,0\"><b data-path-to-node=\"6,1,0\" data-index-in-node=\"0\"><span class=\"citation-58\">Motor:<\/span><\/b><span class=\"citation-58 citation-end-58\"> 900cc &#8211; 90HP Rotax<\/span><\/p>\n<\/li>\n<li>\n<p data-path-to-node=\"6,2,0\"><b data-path-to-node=\"6,2,0\" data-index-in-node=\"0\">H\u00f6chstgeschwindigkeit:<\/b> 38 Knoten<\/p>\n<\/li>\n<li>\n<p data-path-to-node=\"6,3,0\"><b data-path-to-node=\"6,3,0\" data-index-in-node=\"0\">Hauptmerkmal:<\/b> Gro\u00dfz\u00fcgige Sitzpl\u00e4tze in einem kompakten 3,5 m langen Rumpf<\/p>\n<\/li>\n<\/ul>\n","protected":false},"featured_media":20461,"comment_status":"open","ping_status":"closed","template":"","meta":{"_acf_changed":false},"product_brand":[],"product_cat":[281],"product_tag":[],"class_list":{"0":"post-21704","1":"product","2":"type-product","3":"status-publish","4":"has-post-thumbnail","6":"product_cat-agilis-ausschreibungen","7":"repupress_customize_woocommerce_productom_class","9":"first","10":"instock","11":"taxable","12":"shipping-taxable","13":"product-type-simple"},"acf":[],"yoast_head":"<!-- This site is optimized with the Yoast SEO plugin v27.5 - https:\/\/yoast.com\/product\/yoast-seo-wordpress\/ -->\n<title>Agilis 355C Jet Tender - Luxus und Leistung mit hohem Fassungsverm\u00f6gen | Nauti Parts<\/title>\n<meta name=\"robots\" content=\"index, follow, max-snippet:-1, max-image-preview:large, max-video-preview:-1\" \/>\n<link rel=\"canonical\" href=\"https:\/\/nauti-parts.com\/de\/shop\/agilis-ausschreibungen\/agilis-355c-jet-tender-luxus-und-leistung-mit-hohem-fassungsvermoegen\/\" \/>\n<meta property=\"og:locale\" content=\"de_DE\" \/>\n<meta property=\"og:type\" content=\"article\" \/>\n<meta property=\"og:title\" content=\"Agilis 355C Jet Tender - Luxus und Leistung mit hohem Fassungsverm\u00f6gen | Nauti Parts\" \/>\n<meta property=\"og:description\" content=\"Die Agilis 355C ist das ultimative Luxus-Shuttle f\u00fcr alle, die mehr Platz ben\u00f6tigen, ohne auf die Wendigkeit eines Jet-Tenders verzichten zu m\u00fcssen. Mit einer L\u00e4nge von 3,55 Metern ist es das erste Modell der Reihe, das bequem Platz bietet f\u00fcr 6 Passagiereund ist damit der perfekte Partner f\u00fcr gr\u00f6\u00dfere Yachten. Angetrieben von einem 90 PS starken Rotax-Motor bietet es eine ruhige, stabile und trockene Fahrt, selbst wenn es voll beladen ist.   Kapazit\u00e4t: 6 Personen   Motor: 900cc - 90HP Rotax   H\u00f6chstgeschwindigkeit: 38 Knoten   Hauptmerkmal: Gro\u00dfz\u00fcgige Sitzpl\u00e4tze in einem kompakten 3,5 m langen Rumpf\" \/>\n<meta property=\"og:url\" content=\"https:\/\/nauti-parts.com\/de\/shop\/agilis-ausschreibungen\/agilis-355c-jet-tender-luxus-und-leistung-mit-hohem-fassungsvermoegen\/\" \/>\n<meta property=\"og:site_name\" content=\"Nauti Parts\" \/>\n<meta property=\"article:publisher\" content=\"https:\/\/www.facebook.com\/nautipartsspain\/\" \/>\n<meta property=\"og:image\" content=\"https:\/\/nauti-parts.com\/wp-content\/uploads\/2026\/03\/355c.jpg\" \/>\n\t<meta property=\"og:image:width\" content=\"768\" \/>\n\t<meta property=\"og:image:height\" content=\"576\" \/>\n\t<meta property=\"og:image:type\" content=\"image\/jpeg\" \/>\n<meta name=\"twitter:card\" content=\"summary_large_image\" \/>\n<meta name=\"twitter:label1\" content=\"Gesch\u00e4tzte Lesezeit\" \/>\n\t<meta name=\"twitter:data1\" content=\"1\u00a0Minute\" \/>\n<script type=\"application\/ld+json\" class=\"yoast-schema-graph\">{\"@context\":\"https:\\\/\\\/schema.org\",\"@graph\":[{\"@type\":\"WebPage\",\"@id\":\"https:\\\/\\\/nauti-parts.com\\\/de\\\/shop\\\/agilis-ausschreibungen\\\/agilis-355c-jet-tender-luxus-und-leistung-mit-hohem-fassungsvermoegen\\\/\",\"url\":\"https:\\\/\\\/nauti-parts.com\\\/de\\\/shop\\\/agilis-ausschreibungen\\\/agilis-355c-jet-tender-luxus-und-leistung-mit-hohem-fassungsvermoegen\\\/\",\"name\":\"Agilis 355C Jet Tender - Luxus und Leistung mit hohem Fassungsverm\u00f6gen | Nauti Parts\",\"isPartOf\":{\"@id\":\"https:\\\/\\\/nauti-parts.com\\\/de\\\/#website\"},\"primaryImageOfPage\":{\"@id\":\"https:\\\/\\\/nauti-parts.com\\\/de\\\/shop\\\/agilis-ausschreibungen\\\/agilis-355c-jet-tender-luxus-und-leistung-mit-hohem-fassungsvermoegen\\\/#primaryimage\"},\"image\":{\"@id\":\"https:\\\/\\\/nauti-parts.com\\\/de\\\/shop\\\/agilis-ausschreibungen\\\/agilis-355c-jet-tender-luxus-und-leistung-mit-hohem-fassungsvermoegen\\\/#primaryimage\"},\"thumbnailUrl\":\"https:\\\/\\\/nauti-parts.com\\\/wp-content\\\/uploads\\\/2026\\\/03\\\/355c.jpg\",\"datePublished\":\"2026-03-20T10:00:37+00:00\",\"breadcrumb\":{\"@id\":\"https:\\\/\\\/nauti-parts.com\\\/de\\\/shop\\\/agilis-ausschreibungen\\\/agilis-355c-jet-tender-luxus-und-leistung-mit-hohem-fassungsvermoegen\\\/#breadcrumb\"},\"inLanguage\":\"de\",\"potentialAction\":[{\"@type\":\"ReadAction\",\"target\":[\"https:\\\/\\\/nauti-parts.com\\\/de\\\/shop\\\/agilis-ausschreibungen\\\/agilis-355c-jet-tender-luxus-und-leistung-mit-hohem-fassungsvermoegen\\\/\"]}]},{\"@type\":\"ImageObject\",\"inLanguage\":\"de\",\"@id\":\"https:\\\/\\\/nauti-parts.com\\\/de\\\/shop\\\/agilis-ausschreibungen\\\/agilis-355c-jet-tender-luxus-und-leistung-mit-hohem-fassungsvermoegen\\\/#primaryimage\",\"url\":\"https:\\\/\\\/nauti-parts.com\\\/wp-content\\\/uploads\\\/2026\\\/03\\\/355c.jpg\",\"contentUrl\":\"https:\\\/\\\/nauti-parts.com\\\/wp-content\\\/uploads\\\/2026\\\/03\\\/355c.jpg\",\"width\":768,\"height\":576},{\"@type\":\"BreadcrumbList\",\"@id\":\"https:\\\/\\\/nauti-parts.com\\\/de\\\/shop\\\/agilis-ausschreibungen\\\/agilis-355c-jet-tender-luxus-und-leistung-mit-hohem-fassungsvermoegen\\\/#breadcrumb\",\"itemListElement\":[{\"@type\":\"ListItem\",\"position\":1,\"name\":\"Shop\",\"item\":\"https:\\\/\\\/nauti-parts.com\\\/de\\\/shop\\\/\"},{\"@type\":\"ListItem\",\"position\":2,\"name\":\"Agilis 355C Jet Tender &#8211; Luxus und Leistung mit hohem Fassungsverm\u00f6gen\"}]},{\"@type\":\"WebSite\",\"@id\":\"https:\\\/\\\/nauti-parts.com\\\/de\\\/#website\",\"url\":\"https:\\\/\\\/nauti-parts.com\\\/de\\\/\",\"name\":\"Nauti Parts\",\"description\":\"Sea-Doo Jet Ski - Seabob Dealer and Rentals | Water Toys Mallorca\",\"publisher\":{\"@id\":\"https:\\\/\\\/nauti-parts.com\\\/de\\\/#organization\"},\"potentialAction\":[{\"@type\":\"SearchAction\",\"target\":{\"@type\":\"EntryPoint\",\"urlTemplate\":\"https:\\\/\\\/nauti-parts.com\\\/de\\\/?s={search_term_string}\"},\"query-input\":{\"@type\":\"PropertyValueSpecification\",\"valueRequired\":true,\"valueName\":\"search_term_string\"}}],\"inLanguage\":\"de\"},{\"@type\":\"Organization\",\"@id\":\"https:\\\/\\\/nauti-parts.com\\\/de\\\/#organization\",\"name\":\"Nauti Teile\",\"url\":\"https:\\\/\\\/nauti-parts.com\\\/de\\\/\",\"logo\":{\"@type\":\"ImageObject\",\"inLanguage\":\"de\",\"@id\":\"https:\\\/\\\/nauti-parts.com\\\/de\\\/#\\\/schema\\\/logo\\\/image\\\/\",\"url\":\"https:\\\/\\\/nauti-parts.com\\\/wp-content\\\/uploads\\\/2023\\\/10\\\/np-logo-black.png\",\"contentUrl\":\"https:\\\/\\\/nauti-parts.com\\\/wp-content\\\/uploads\\\/2023\\\/10\\\/np-logo-black.png\",\"width\":253,\"height\":100,\"caption\":\"Nauti Teile\"},\"image\":{\"@id\":\"https:\\\/\\\/nauti-parts.com\\\/de\\\/#\\\/schema\\\/logo\\\/image\\\/\"},\"sameAs\":[\"https:\\\/\\\/www.facebook.com\\\/nautipartsspain\\\/\",\"https:\\\/\\\/www.instagram.com\\\/nautiparts\\\/\"]}]}<\/script>\n<!-- \/ Yoast SEO plugin. -->","yoast_head_json":{"title":"Agilis 355C Jet Tender - Luxus und Leistung mit hohem Fassungsverm\u00f6gen | Nauti Parts","robots":{"index":"index","follow":"follow","max-snippet":"max-snippet:-1","max-image-preview":"max-image-preview:large","max-video-preview":"max-video-preview:-1"},"canonical":"https:\/\/nauti-parts.com\/de\/shop\/agilis-ausschreibungen\/agilis-355c-jet-tender-luxus-und-leistung-mit-hohem-fassungsvermoegen\/","og_locale":"de_DE","og_type":"article","og_title":"Agilis 355C Jet Tender - Luxus und Leistung mit hohem Fassungsverm\u00f6gen | Nauti Parts","og_description":"Die Agilis 355C ist das ultimative Luxus-Shuttle f\u00fcr alle, die mehr Platz ben\u00f6tigen, ohne auf die Wendigkeit eines Jet-Tenders verzichten zu m\u00fcssen. Mit einer L\u00e4nge von 3,55 Metern ist es das erste Modell der Reihe, das bequem Platz bietet f\u00fcr 6 Passagiereund ist damit der perfekte Partner f\u00fcr gr\u00f6\u00dfere Yachten. Angetrieben von einem 90 PS starken Rotax-Motor bietet es eine ruhige, stabile und trockene Fahrt, selbst wenn es voll beladen ist.   Kapazit\u00e4t: 6 Personen   Motor: 900cc - 90HP Rotax   H\u00f6chstgeschwindigkeit: 38 Knoten   Hauptmerkmal: Gro\u00dfz\u00fcgige Sitzpl\u00e4tze in einem kompakten 3,5 m langen Rumpf","og_url":"https:\/\/nauti-parts.com\/de\/shop\/agilis-ausschreibungen\/agilis-355c-jet-tender-luxus-und-leistung-mit-hohem-fassungsvermoegen\/","og_site_name":"Nauti Parts","article_publisher":"https:\/\/www.facebook.com\/nautipartsspain\/","og_image":[{"width":768,"height":576,"url":"https:\/\/nauti-parts.com\/wp-content\/uploads\/2026\/03\/355c.jpg","type":"image\/jpeg"}],"twitter_card":"summary_large_image","twitter_misc":{"Gesch\u00e4tzte Lesezeit":"1\u00a0Minute"},"schema":{"@context":"https:\/\/schema.org","@graph":[{"@type":"WebPage","@id":"https:\/\/nauti-parts.com\/de\/shop\/agilis-ausschreibungen\/agilis-355c-jet-tender-luxus-und-leistung-mit-hohem-fassungsvermoegen\/","url":"https:\/\/nauti-parts.com\/de\/shop\/agilis-ausschreibungen\/agilis-355c-jet-tender-luxus-und-leistung-mit-hohem-fassungsvermoegen\/","name":"Agilis 355C Jet Tender - Luxus und Leistung mit hohem Fassungsverm\u00f6gen | Nauti Parts","isPartOf":{"@id":"https:\/\/nauti-parts.com\/de\/#website"},"primaryImageOfPage":{"@id":"https:\/\/nauti-parts.com\/de\/shop\/agilis-ausschreibungen\/agilis-355c-jet-tender-luxus-und-leistung-mit-hohem-fassungsvermoegen\/#primaryimage"},"image":{"@id":"https:\/\/nauti-parts.com\/de\/shop\/agilis-ausschreibungen\/agilis-355c-jet-tender-luxus-und-leistung-mit-hohem-fassungsvermoegen\/#primaryimage"},"thumbnailUrl":"https:\/\/nauti-parts.com\/wp-content\/uploads\/2026\/03\/355c.jpg","datePublished":"2026-03-20T10:00:37+00:00","breadcrumb":{"@id":"https:\/\/nauti-parts.com\/de\/shop\/agilis-ausschreibungen\/agilis-355c-jet-tender-luxus-und-leistung-mit-hohem-fassungsvermoegen\/#breadcrumb"},"inLanguage":"de","potentialAction":[{"@type":"ReadAction","target":["https:\/\/nauti-parts.com\/de\/shop\/agilis-ausschreibungen\/agilis-355c-jet-tender-luxus-und-leistung-mit-hohem-fassungsvermoegen\/"]}]},{"@type":"ImageObject","inLanguage":"de","@id":"https:\/\/nauti-parts.com\/de\/shop\/agilis-ausschreibungen\/agilis-355c-jet-tender-luxus-und-leistung-mit-hohem-fassungsvermoegen\/#primaryimage","url":"https:\/\/nauti-parts.com\/wp-content\/uploads\/2026\/03\/355c.jpg","contentUrl":"https:\/\/nauti-parts.com\/wp-content\/uploads\/2026\/03\/355c.jpg","width":768,"height":576},{"@type":"BreadcrumbList","@id":"https:\/\/nauti-parts.com\/de\/shop\/agilis-ausschreibungen\/agilis-355c-jet-tender-luxus-und-leistung-mit-hohem-fassungsvermoegen\/#breadcrumb","itemListElement":[{"@type":"ListItem","position":1,"name":"Shop","item":"https:\/\/nauti-parts.com\/de\/shop\/"},{"@type":"ListItem","position":2,"name":"Agilis 355C Jet Tender &#8211; Luxus und Leistung mit hohem Fassungsverm\u00f6gen"}]},{"@type":"WebSite","@id":"https:\/\/nauti-parts.com\/de\/#website","url":"https:\/\/nauti-parts.com\/de\/","name":"Nauti Parts","description":"Sea-Doo Jet Ski - Seabob Dealer and Rentals | Water Toys Mallorca","publisher":{"@id":"https:\/\/nauti-parts.com\/de\/#organization"},"potentialAction":[{"@type":"SearchAction","target":{"@type":"EntryPoint","urlTemplate":"https:\/\/nauti-parts.com\/de\/?s={search_term_string}"},"query-input":{"@type":"PropertyValueSpecification","valueRequired":true,"valueName":"search_term_string"}}],"inLanguage":"de"},{"@type":"Organization","@id":"https:\/\/nauti-parts.com\/de\/#organization","name":"Nauti Teile","url":"https:\/\/nauti-parts.com\/de\/","logo":{"@type":"ImageObject","inLanguage":"de","@id":"https:\/\/nauti-parts.com\/de\/#\/schema\/logo\/image\/","url":"https:\/\/nauti-parts.com\/wp-content\/uploads\/2023\/10\/np-logo-black.png","contentUrl":"https:\/\/nauti-parts.com\/wp-content\/uploads\/2023\/10\/np-logo-black.png","width":253,"height":100,"caption":"Nauti Teile"},"image":{"@id":"https:\/\/nauti-parts.com\/de\/#\/schema\/logo\/image\/"},"sameAs":["https:\/\/www.facebook.com\/nautipartsspain\/","https:\/\/www.instagram.com\/nautiparts\/"]}]}},"_links":{"self":[{"href":"https:\/\/nauti-parts.com\/de\/wp-json\/wp\/v2\/product\/21704","targetHints":{"allow":["GET"]}}],"collection":[{"href":"https:\/\/nauti-parts.com\/de\/wp-json\/wp\/v2\/product"}],"about":[{"href":"https:\/\/nauti-parts.com\/de\/wp-json\/wp\/v2\/types\/product"}],"replies":[{"embeddable":true,"href":"https:\/\/nauti-parts.com\/de\/wp-json\/wp\/v2\/comments?post=21704"}],"wp:featuredmedia":[{"embeddable":true,"href":"https:\/\/nauti-parts.com\/de\/wp-json\/wp\/v2\/media\/20461"}],"wp:attachment":[{"href":"https:\/\/nauti-parts.com\/de\/wp-json\/wp\/v2\/media?parent=21704"}],"wp:term":[{"taxonomy":"product_brand","embeddable":true,"href":"https:\/\/nauti-parts.com\/de\/wp-json\/wp\/v2\/product_brand?post=21704"},{"taxonomy":"product_cat","embeddable":true,"href":"https:\/\/nauti-parts.com\/de\/wp-json\/wp\/v2\/product_cat?post=21704"},{"taxonomy":"product_tag","embeddable":true,"href":"https:\/\/nauti-parts.com\/de\/wp-json\/wp\/v2\/product_tag?post=21704"}],"curies":[{"name":"wp","href":"https:\/\/api.w.org\/{rel}","templated":true}]}}