{"id":21691,"date":"2026-03-20T10:10:56","date_gmt":"2026-03-20T10:10:56","guid":{"rendered":"https:\/\/nauti-parts.com\/shop\/unkategorisiert\/agilis-400d-diesel-jet-tender-hochleistungs-diesel-effizienz\/"},"modified":"2026-03-20T10:10:56","modified_gmt":"2026-03-20T10:10:56","slug":"agilis-400d-diesel-jet-tender-hochleistungs-diesel-effizienz","status":"publish","type":"product","link":"https:\/\/nauti-parts.com\/de\/shop\/agilis-ausschreibungen\/agilis-400d-diesel-jet-tender-hochleistungs-diesel-effizienz\/","title":{"rendered":"Agilis 400D Diesel Jet Tender &#8211; Hochleistungs-Diesel-Effizienz"},"content":{"rendered":"<p data-path-to-node=\"9\"><b data-path-to-node=\"9\" data-index-in-node=\"0\">Die<\/b> Agilis 400D l\u00f6st die h\u00e4ufigste Herausforderung f\u00fcr mittelgro\u00dfe Yachten: den Bedarf an einem Dieselbeiboot mit hoher Kapazit\u00e4t, das die Gewichtsgrenzen f\u00fcr Kran oder Plattform nicht \u00fcberschreitet. Durch den Einsatz eines kompakten, drehmomentstarken 110-PS-Dieselmotors bietet das 400D die n\u00f6tige Leistung, um sieben Passagiere bequem zu transportieren, und ist gleichzeitig leicht genug, um m\u00fchelos zu handhaben und zu Wasser zu lassen. <\/p>\n<p data-path-to-node=\"10\"><b data-path-to-node=\"10\" data-index-in-node=\"0\">Der Mono-Fuel-Vorteil<\/b> Tanken war noch nie so einfach. Der Agilis 400D erm\u00f6glicht es Ihnen, den Kraftstoff direkt aus dem Dieselvorrat Ihrer Yacht zu beziehen, so dass Sie keine gef\u00e4hrlichen Benzinkanister mehr an Bord mitf\u00fchren m\u00fcssen. Dieses &#8220;Mono-Fuel&#8221;-System erh\u00f6ht nicht nur die Sicherheit, sondern vereinfacht auch die Logistik bei Langstreckenfahrten. Mit einem 60-Liter-Treibstofftank und einer au\u00dfergew\u00f6hnlichen Treibstoff\u00f6konomie ist die 400D f\u00fcr ausgedehnte Reisen und mehrere Landtransfers mit einer einzigen Tankf\u00fcllung ausgelegt.   <\/p>\n<p data-path-to-node=\"11\"><b data-path-to-node=\"11\" data-index-in-node=\"0\">Intuitive Steuerung und Man\u00f6vrierf\u00e4higkeit<\/b> Lassen Sie sich von der Dieselkraft nicht t\u00e4uschen &#8211; der 400D ist bemerkenswert wendig. Er verf\u00fcgt \u00fcber ein fortschrittliches elektronisches R\u00fcckfahrsystem, das nahtlose \u00dcberg\u00e4nge zwischen Vorw\u00e4rts-, Neutral- und R\u00fcckw\u00e4rtsfahrt erm\u00f6glicht. Ganz gleich, ob Sie durch einen \u00fcberf\u00fcllten Yachthafen navigieren oder an die Badeplattform einer Yacht heranfahren, der 400D bietet die pr\u00e4zise Kontrolle bei niedriger Geschwindigkeit, die Sie f\u00fcr ein stressfreies Anlegen ben\u00f6tigen.  <\/p>\n<p data-path-to-node=\"12\"><b data-path-to-node=\"12\" data-index-in-node=\"0\">Ma\u00dfgeschneiderter Luxus, in Deutschland gebaut<\/b> Jedes Agilis 400D ist ein Meisterwerk der deutschen Ingenieurskunst. Es wird aus hochwertigem ORCA\u00ae Hypalon und Komponenten in Marinequalit\u00e4t gebaut und ist f\u00fcr eine lange Lebensdauer unter den h\u00e4rtesten Bedingungen auf See ausgelegt. Bei Nauti-Parts bieten wir Ihnen die M\u00f6glichkeit der individuellen Anpassung, damit Ihr Beiboot den Stil Ihrer Yacht widerspiegelt &#8211; w\u00e4hlen Sie aus ma\u00dfgeschneiderten Farben, Beleuchtungspaketen und hochwertigen Polsterungen, um Ihr perfektes Schiff-zu-Land-Shuttle zu kreieren.  <\/p>\n<p data-path-to-node=\"11\"><a href=\"https:\/\/nauti-parts.com\/wp-content\/uploads\/2026\/03\/agilis-400d.pdf\"><strong>Spezifikationen herunterladen<\/strong><\/a><\/p>\n<div style=\"width: 900px;\" class=\"wp-video\"><video class=\"wp-video-shortcode\" id=\"video-21691-1\" width=\"900\" height=\"900\" preload=\"metadata\" controls=\"controls\"><source type=\"video\/mp4\" src=\"https:\/\/nauti-parts.com\/wp-content\/uploads\/2026\/03\/400d-illustration-gif.mp4?_=1\" \/><a href=\"https:\/\/nauti-parts.com\/wp-content\/uploads\/2026\/03\/400d-illustration-gif.mp4\">https:\/\/nauti-parts.com\/wp-content\/uploads\/2026\/03\/400d-illustration-gif.mp4<\/a><\/video><\/div>\n","protected":false},"excerpt":{"rendered":"<p data-path-to-node=\"5\">Der <b data-path-to-node=\"5\" data-index-in-node=\"4\">Agilis 400D<\/b> ist das ultimative Leichtgewicht unter den Dieselbeibooten. Er bietet eine ger\u00e4umige <b data-path-to-node=\"5\" data-index-in-node=\"79\">Kapazit\u00e4t f\u00fcr 7 Personen<\/b>, ohne den Gewichtsnachteil, der typischerweise mit Dieselmotoren verbunden ist. Mit einem Gewicht von nur 600 kg ist es deutlich leichter als seine Konkurrenten und bietet eine \u00fcberragende Wendigkeit und Kraftstoffeffizienz. Angetrieben von einem 110-PS-Dieselmotor erreicht es eine Geschwindigkeit von bis zu 38 Knoten und kann direkt von den Haupttanks Ihrer Yacht aus betankt werden.  <\/p>\n<ul data-path-to-node=\"6\">\n<li>\n<p data-path-to-node=\"6,0,0\"><b data-path-to-node=\"6,0,0\" data-index-in-node=\"0\">Kapazit\u00e4t:<\/b> 7 Personen<\/p>\n<\/li>\n<li>\n<p data-path-to-node=\"6,1,0\"><b data-path-to-node=\"6,1,0\" data-index-in-node=\"0\">Motor:<\/b> 110PS Diesel-Jet-Antrieb<\/p>\n<\/li>\n<li>\n<p data-path-to-node=\"6,2,0\"><b data-path-to-node=\"6,2,0\" data-index-in-node=\"0\">H\u00f6chstgeschwindigkeit:<\/b> 38 Knoten<\/p>\n<\/li>\n<li>\n<p data-path-to-node=\"6,3,0\"><b data-path-to-node=\"6,3,0\" data-index-in-node=\"0\">Wichtigstes Merkmal:<\/b> Leichtbauweise (ca. 200kg leichter als vergleichbare 4m-Diesel-Tender)<\/p>\n<\/li>\n<\/ul>\n","protected":false},"featured_media":20502,"comment_status":"open","ping_status":"closed","template":"","meta":{"_acf_changed":false},"product_brand":[],"product_cat":[281],"product_tag":[],"class_list":{"0":"post-21691","1":"product","2":"type-product","3":"status-publish","4":"has-post-thumbnail","6":"product_cat-agilis-ausschreibungen","7":"repupress_customize_woocommerce_productom_class","9":"first","10":"instock","11":"taxable","12":"shipping-taxable","13":"product-type-simple"},"acf":[],"yoast_head":"<!-- This site is optimized with the Yoast SEO plugin v27.5 - https:\/\/yoast.com\/product\/yoast-seo-wordpress\/ -->\n<title>Agilis 400D Diesel Jet Tender - Hochleistungs-Diesel-Effizienz | Nauti Parts<\/title>\n<meta name=\"robots\" content=\"index, follow, max-snippet:-1, max-image-preview:large, max-video-preview:-1\" \/>\n<link rel=\"canonical\" href=\"https:\/\/nauti-parts.com\/de\/shop\/agilis-ausschreibungen\/agilis-400d-diesel-jet-tender-hochleistungs-diesel-effizienz\/\" \/>\n<meta property=\"og:locale\" content=\"de_DE\" \/>\n<meta property=\"og:type\" content=\"article\" \/>\n<meta property=\"og:title\" content=\"Agilis 400D Diesel Jet Tender - Hochleistungs-Diesel-Effizienz | Nauti Parts\" \/>\n<meta property=\"og:description\" content=\"Der Agilis 400D ist das ultimative Leichtgewicht unter den Dieselbeibooten. Er bietet eine ger\u00e4umige Kapazit\u00e4t f\u00fcr 7 Personen, ohne den Gewichtsnachteil, der typischerweise mit Dieselmotoren verbunden ist. Mit einem Gewicht von nur 600 kg ist es deutlich leichter als seine Konkurrenten und bietet eine \u00fcberragende Wendigkeit und Kraftstoffeffizienz. Angetrieben von einem 110-PS-Dieselmotor erreicht es eine Geschwindigkeit von bis zu 38 Knoten und kann direkt von den Haupttanks Ihrer Yacht aus betankt werden.    Kapazit\u00e4t: 7 Personen   Motor: 110PS Diesel-Jet-Antrieb   H\u00f6chstgeschwindigkeit: 38 Knoten   Wichtigstes Merkmal: Leichtbauweise (ca. 200kg leichter als vergleichbare 4m-Diesel-Tender)\" \/>\n<meta property=\"og:url\" content=\"https:\/\/nauti-parts.com\/de\/shop\/agilis-ausschreibungen\/agilis-400d-diesel-jet-tender-hochleistungs-diesel-effizienz\/\" \/>\n<meta property=\"og:site_name\" content=\"Nauti Parts\" \/>\n<meta property=\"article:publisher\" content=\"https:\/\/www.facebook.com\/nautipartsspain\/\" \/>\n<meta property=\"og:image\" content=\"https:\/\/nauti-parts.com\/wp-content\/uploads\/2026\/03\/400d.jpg\" \/>\n\t<meta property=\"og:image:width\" content=\"768\" \/>\n\t<meta property=\"og:image:height\" content=\"576\" \/>\n\t<meta property=\"og:image:type\" content=\"image\/jpeg\" \/>\n<meta name=\"twitter:card\" content=\"summary_large_image\" \/>\n<meta name=\"twitter:label1\" content=\"Gesch\u00e4tzte Lesezeit\" \/>\n\t<meta name=\"twitter:data1\" content=\"2\u00a0Minuten\" \/>\n<script type=\"application\/ld+json\" class=\"yoast-schema-graph\">{\"@context\":\"https:\\\/\\\/schema.org\",\"@graph\":[{\"@type\":\"WebPage\",\"@id\":\"https:\\\/\\\/nauti-parts.com\\\/de\\\/shop\\\/agilis-ausschreibungen\\\/agilis-400d-diesel-jet-tender-hochleistungs-diesel-effizienz\\\/\",\"url\":\"https:\\\/\\\/nauti-parts.com\\\/de\\\/shop\\\/agilis-ausschreibungen\\\/agilis-400d-diesel-jet-tender-hochleistungs-diesel-effizienz\\\/\",\"name\":\"Agilis 400D Diesel Jet Tender - Hochleistungs-Diesel-Effizienz | Nauti Parts\",\"isPartOf\":{\"@id\":\"https:\\\/\\\/nauti-parts.com\\\/de\\\/#website\"},\"primaryImageOfPage\":{\"@id\":\"https:\\\/\\\/nauti-parts.com\\\/de\\\/shop\\\/agilis-ausschreibungen\\\/agilis-400d-diesel-jet-tender-hochleistungs-diesel-effizienz\\\/#primaryimage\"},\"image\":{\"@id\":\"https:\\\/\\\/nauti-parts.com\\\/de\\\/shop\\\/agilis-ausschreibungen\\\/agilis-400d-diesel-jet-tender-hochleistungs-diesel-effizienz\\\/#primaryimage\"},\"thumbnailUrl\":\"https:\\\/\\\/nauti-parts.com\\\/wp-content\\\/uploads\\\/2026\\\/03\\\/400d.jpg\",\"datePublished\":\"2026-03-20T10:10:56+00:00\",\"breadcrumb\":{\"@id\":\"https:\\\/\\\/nauti-parts.com\\\/de\\\/shop\\\/agilis-ausschreibungen\\\/agilis-400d-diesel-jet-tender-hochleistungs-diesel-effizienz\\\/#breadcrumb\"},\"inLanguage\":\"de\",\"potentialAction\":[{\"@type\":\"ReadAction\",\"target\":[\"https:\\\/\\\/nauti-parts.com\\\/de\\\/shop\\\/agilis-ausschreibungen\\\/agilis-400d-diesel-jet-tender-hochleistungs-diesel-effizienz\\\/\"]}]},{\"@type\":\"ImageObject\",\"inLanguage\":\"de\",\"@id\":\"https:\\\/\\\/nauti-parts.com\\\/de\\\/shop\\\/agilis-ausschreibungen\\\/agilis-400d-diesel-jet-tender-hochleistungs-diesel-effizienz\\\/#primaryimage\",\"url\":\"https:\\\/\\\/nauti-parts.com\\\/wp-content\\\/uploads\\\/2026\\\/03\\\/400d.jpg\",\"contentUrl\":\"https:\\\/\\\/nauti-parts.com\\\/wp-content\\\/uploads\\\/2026\\\/03\\\/400d.jpg\",\"width\":768,\"height\":576},{\"@type\":\"BreadcrumbList\",\"@id\":\"https:\\\/\\\/nauti-parts.com\\\/de\\\/shop\\\/agilis-ausschreibungen\\\/agilis-400d-diesel-jet-tender-hochleistungs-diesel-effizienz\\\/#breadcrumb\",\"itemListElement\":[{\"@type\":\"ListItem\",\"position\":1,\"name\":\"Shop\",\"item\":\"https:\\\/\\\/nauti-parts.com\\\/de\\\/shop\\\/\"},{\"@type\":\"ListItem\",\"position\":2,\"name\":\"Agilis 400D Diesel Jet Tender &#8211; Hochleistungs-Diesel-Effizienz\"}]},{\"@type\":\"WebSite\",\"@id\":\"https:\\\/\\\/nauti-parts.com\\\/de\\\/#website\",\"url\":\"https:\\\/\\\/nauti-parts.com\\\/de\\\/\",\"name\":\"Nauti Parts\",\"description\":\"Sea-Doo Jet Ski - Seabob Dealer and Rentals | Water Toys Mallorca\",\"publisher\":{\"@id\":\"https:\\\/\\\/nauti-parts.com\\\/de\\\/#organization\"},\"potentialAction\":[{\"@type\":\"SearchAction\",\"target\":{\"@type\":\"EntryPoint\",\"urlTemplate\":\"https:\\\/\\\/nauti-parts.com\\\/de\\\/?s={search_term_string}\"},\"query-input\":{\"@type\":\"PropertyValueSpecification\",\"valueRequired\":true,\"valueName\":\"search_term_string\"}}],\"inLanguage\":\"de\"},{\"@type\":\"Organization\",\"@id\":\"https:\\\/\\\/nauti-parts.com\\\/de\\\/#organization\",\"name\":\"Nauti Teile\",\"url\":\"https:\\\/\\\/nauti-parts.com\\\/de\\\/\",\"logo\":{\"@type\":\"ImageObject\",\"inLanguage\":\"de\",\"@id\":\"https:\\\/\\\/nauti-parts.com\\\/de\\\/#\\\/schema\\\/logo\\\/image\\\/\",\"url\":\"https:\\\/\\\/nauti-parts.com\\\/wp-content\\\/uploads\\\/2023\\\/10\\\/np-logo-black.png\",\"contentUrl\":\"https:\\\/\\\/nauti-parts.com\\\/wp-content\\\/uploads\\\/2023\\\/10\\\/np-logo-black.png\",\"width\":253,\"height\":100,\"caption\":\"Nauti Teile\"},\"image\":{\"@id\":\"https:\\\/\\\/nauti-parts.com\\\/de\\\/#\\\/schema\\\/logo\\\/image\\\/\"},\"sameAs\":[\"https:\\\/\\\/www.facebook.com\\\/nautipartsspain\\\/\",\"https:\\\/\\\/www.instagram.com\\\/nautiparts\\\/\"]}]}<\/script>\n<!-- \/ Yoast SEO plugin. -->","yoast_head_json":{"title":"Agilis 400D Diesel Jet Tender - Hochleistungs-Diesel-Effizienz | Nauti Parts","robots":{"index":"index","follow":"follow","max-snippet":"max-snippet:-1","max-image-preview":"max-image-preview:large","max-video-preview":"max-video-preview:-1"},"canonical":"https:\/\/nauti-parts.com\/de\/shop\/agilis-ausschreibungen\/agilis-400d-diesel-jet-tender-hochleistungs-diesel-effizienz\/","og_locale":"de_DE","og_type":"article","og_title":"Agilis 400D Diesel Jet Tender - Hochleistungs-Diesel-Effizienz | Nauti Parts","og_description":"Der Agilis 400D ist das ultimative Leichtgewicht unter den Dieselbeibooten. Er bietet eine ger\u00e4umige Kapazit\u00e4t f\u00fcr 7 Personen, ohne den Gewichtsnachteil, der typischerweise mit Dieselmotoren verbunden ist. Mit einem Gewicht von nur 600 kg ist es deutlich leichter als seine Konkurrenten und bietet eine \u00fcberragende Wendigkeit und Kraftstoffeffizienz. Angetrieben von einem 110-PS-Dieselmotor erreicht es eine Geschwindigkeit von bis zu 38 Knoten und kann direkt von den Haupttanks Ihrer Yacht aus betankt werden.    Kapazit\u00e4t: 7 Personen   Motor: 110PS Diesel-Jet-Antrieb   H\u00f6chstgeschwindigkeit: 38 Knoten   Wichtigstes Merkmal: Leichtbauweise (ca. 200kg leichter als vergleichbare 4m-Diesel-Tender)","og_url":"https:\/\/nauti-parts.com\/de\/shop\/agilis-ausschreibungen\/agilis-400d-diesel-jet-tender-hochleistungs-diesel-effizienz\/","og_site_name":"Nauti Parts","article_publisher":"https:\/\/www.facebook.com\/nautipartsspain\/","og_image":[{"width":768,"height":576,"url":"https:\/\/nauti-parts.com\/wp-content\/uploads\/2026\/03\/400d.jpg","type":"image\/jpeg"}],"twitter_card":"summary_large_image","twitter_misc":{"Gesch\u00e4tzte Lesezeit":"2\u00a0Minuten"},"schema":{"@context":"https:\/\/schema.org","@graph":[{"@type":"WebPage","@id":"https:\/\/nauti-parts.com\/de\/shop\/agilis-ausschreibungen\/agilis-400d-diesel-jet-tender-hochleistungs-diesel-effizienz\/","url":"https:\/\/nauti-parts.com\/de\/shop\/agilis-ausschreibungen\/agilis-400d-diesel-jet-tender-hochleistungs-diesel-effizienz\/","name":"Agilis 400D Diesel Jet Tender - Hochleistungs-Diesel-Effizienz | Nauti Parts","isPartOf":{"@id":"https:\/\/nauti-parts.com\/de\/#website"},"primaryImageOfPage":{"@id":"https:\/\/nauti-parts.com\/de\/shop\/agilis-ausschreibungen\/agilis-400d-diesel-jet-tender-hochleistungs-diesel-effizienz\/#primaryimage"},"image":{"@id":"https:\/\/nauti-parts.com\/de\/shop\/agilis-ausschreibungen\/agilis-400d-diesel-jet-tender-hochleistungs-diesel-effizienz\/#primaryimage"},"thumbnailUrl":"https:\/\/nauti-parts.com\/wp-content\/uploads\/2026\/03\/400d.jpg","datePublished":"2026-03-20T10:10:56+00:00","breadcrumb":{"@id":"https:\/\/nauti-parts.com\/de\/shop\/agilis-ausschreibungen\/agilis-400d-diesel-jet-tender-hochleistungs-diesel-effizienz\/#breadcrumb"},"inLanguage":"de","potentialAction":[{"@type":"ReadAction","target":["https:\/\/nauti-parts.com\/de\/shop\/agilis-ausschreibungen\/agilis-400d-diesel-jet-tender-hochleistungs-diesel-effizienz\/"]}]},{"@type":"ImageObject","inLanguage":"de","@id":"https:\/\/nauti-parts.com\/de\/shop\/agilis-ausschreibungen\/agilis-400d-diesel-jet-tender-hochleistungs-diesel-effizienz\/#primaryimage","url":"https:\/\/nauti-parts.com\/wp-content\/uploads\/2026\/03\/400d.jpg","contentUrl":"https:\/\/nauti-parts.com\/wp-content\/uploads\/2026\/03\/400d.jpg","width":768,"height":576},{"@type":"BreadcrumbList","@id":"https:\/\/nauti-parts.com\/de\/shop\/agilis-ausschreibungen\/agilis-400d-diesel-jet-tender-hochleistungs-diesel-effizienz\/#breadcrumb","itemListElement":[{"@type":"ListItem","position":1,"name":"Shop","item":"https:\/\/nauti-parts.com\/de\/shop\/"},{"@type":"ListItem","position":2,"name":"Agilis 400D Diesel Jet Tender &#8211; Hochleistungs-Diesel-Effizienz"}]},{"@type":"WebSite","@id":"https:\/\/nauti-parts.com\/de\/#website","url":"https:\/\/nauti-parts.com\/de\/","name":"Nauti Parts","description":"Sea-Doo Jet Ski - Seabob Dealer and Rentals | Water Toys Mallorca","publisher":{"@id":"https:\/\/nauti-parts.com\/de\/#organization"},"potentialAction":[{"@type":"SearchAction","target":{"@type":"EntryPoint","urlTemplate":"https:\/\/nauti-parts.com\/de\/?s={search_term_string}"},"query-input":{"@type":"PropertyValueSpecification","valueRequired":true,"valueName":"search_term_string"}}],"inLanguage":"de"},{"@type":"Organization","@id":"https:\/\/nauti-parts.com\/de\/#organization","name":"Nauti Teile","url":"https:\/\/nauti-parts.com\/de\/","logo":{"@type":"ImageObject","inLanguage":"de","@id":"https:\/\/nauti-parts.com\/de\/#\/schema\/logo\/image\/","url":"https:\/\/nauti-parts.com\/wp-content\/uploads\/2023\/10\/np-logo-black.png","contentUrl":"https:\/\/nauti-parts.com\/wp-content\/uploads\/2023\/10\/np-logo-black.png","width":253,"height":100,"caption":"Nauti Teile"},"image":{"@id":"https:\/\/nauti-parts.com\/de\/#\/schema\/logo\/image\/"},"sameAs":["https:\/\/www.facebook.com\/nautipartsspain\/","https:\/\/www.instagram.com\/nautiparts\/"]}]}},"_links":{"self":[{"href":"https:\/\/nauti-parts.com\/de\/wp-json\/wp\/v2\/product\/21691","targetHints":{"allow":["GET"]}}],"collection":[{"href":"https:\/\/nauti-parts.com\/de\/wp-json\/wp\/v2\/product"}],"about":[{"href":"https:\/\/nauti-parts.com\/de\/wp-json\/wp\/v2\/types\/product"}],"replies":[{"embeddable":true,"href":"https:\/\/nauti-parts.com\/de\/wp-json\/wp\/v2\/comments?post=21691"}],"wp:featuredmedia":[{"embeddable":true,"href":"https:\/\/nauti-parts.com\/de\/wp-json\/wp\/v2\/media\/20502"}],"wp:attachment":[{"href":"https:\/\/nauti-parts.com\/de\/wp-json\/wp\/v2\/media?parent=21691"}],"wp:term":[{"taxonomy":"product_brand","embeddable":true,"href":"https:\/\/nauti-parts.com\/de\/wp-json\/wp\/v2\/product_brand?post=21691"},{"taxonomy":"product_cat","embeddable":true,"href":"https:\/\/nauti-parts.com\/de\/wp-json\/wp\/v2\/product_cat?post=21691"},{"taxonomy":"product_tag","embeddable":true,"href":"https:\/\/nauti-parts.com\/de\/wp-json\/wp\/v2\/product_tag?post=21691"}],"curies":[{"name":"wp","href":"https:\/\/api.w.org\/{rel}","templated":true}]}}