{"id":21665,"date":"2026-03-20T10:18:09","date_gmt":"2026-03-20T10:18:09","guid":{"rendered":"https:\/\/nauti-parts.com\/shop\/unkategorisiert\/agilis-560d-diesel-jet-tender-das-ultimative-flaggschiff-unter-den-luxus-tendern\/"},"modified":"2026-03-20T10:18:09","modified_gmt":"2026-03-20T10:18:09","slug":"agilis-560d-diesel-jet-tender-das-ultimative-flaggschiff-unter-den-luxus-tendern","status":"publish","type":"product","link":"https:\/\/nauti-parts.com\/de\/shop\/agilis-ausschreibungen\/agilis-560d-diesel-jet-tender-das-ultimative-flaggschiff-unter-den-luxus-tendern\/","title":{"rendered":"Agilis 560D Diesel Jet Tender &#8211; Das ultimative Flaggschiff unter den Luxus-Tendern"},"content":{"rendered":"<p data-path-to-node=\"9\"><b data-path-to-node=\"9\" data-index-in-node=\"0\">Der Superyacht-Standard<\/b><br \/>\nDas Agilis 560D ist das gr\u00f6\u00dfte und luxuri\u00f6seste Modell der Serie, das speziell f\u00fcr den Einsatz als Hauptbeiboot f\u00fcr Weltklasse-Superyachten entwickelt wurde. Durch die Verwendung eines &#8220;D-f\u00f6rmigen&#8221; Schlauchprofils hat Agilis einen Raum an Deck geschaffen, der sich deutlich gr\u00f6\u00dfer anf\u00fchlt als bei herk\u00f6mmlichen 5,6 m langen RIBs. So k\u00f6nnen bis zu 10 Passagiere in vollem Komfort reisen, ohne sich eingeengt zu f\u00fchlen. <\/p>\n<p data-path-to-node=\"10\"><b data-path-to-node=\"10\" data-index-in-node=\"0\">Einzigartiges G\u00e4steerlebnis<\/b><br \/>\nJeder Gast an Bord des 560D genie\u00dft ein erstklassiges Erlebnis. Der Tender verf\u00fcgt \u00fcber ein durchgehendes Layout und eine einzigartige flach aufklappbare Heckt\u00fcr, die das Heck in eine stabile Badeplattform verwandelt. Ganz gleich, ob Sie einen VIP-Transfer zu einer abgelegenen Insel durchf\u00fchren oder das Beiboot als Basis f\u00fcr Tauch- und Schnorchelausfl\u00fcge nutzen, das 560D bietet einen Grad an N\u00fctzlichkeit und Luxus, den man selten bei einem Jet-Tender findet.  <\/p>\n<p data-path-to-node=\"11\"><b data-path-to-node=\"11\" data-index-in-node=\"0\">Beherrschende Dieselkraft<\/b><br \/>\nAusgestattet mit einem 2.0L Mercury Dieselmotor bietet der 560D das Drehmoment und die Zuverl\u00e4ssigkeit, die f\u00fcr schwere Lasten und Langstreckenfahrten erforderlich sind. Das Tanken ist ein Kinderspiel, denn es erfolgt direkt \u00fcber die Hauptdieselversorgung Ihrer Yacht. Der Motor ist fl\u00fcsterleise und vibrationsfrei und sorgt daf\u00fcr, dass Sie sich an Bord auch bei hohen Geschwindigkeiten m\u00fchelos unterhalten k\u00f6nnen.  <\/p>\n<p data-path-to-node=\"12\"><b data-path-to-node=\"12\" data-index-in-node=\"0\">Meisterhaft gefertigt &amp; vollst\u00e4ndig ma\u00dfgeschneidert<\/b><br \/>\nMit deutscher Pr\u00e4zision gebaut, ist der 560D ein Meisterwerk der maritimen Technik. Von der digitalen Hightech-Steuerung bis hin zum handgefertigten Teakholz-Deck und den hochwertigen ORCA\u00ae Hypalon-Schl\u00e4uchen wurde kein Detail \u00fcbersehen. Wir von Nauti-Parts laden Sie ein, jeden Aspekt Ihres 560D individuell zu gestalten &#8211; von den Farbcodes \u00fcber die N\u00e4hte der Polsterung bis hin zur Unterwasserbeleuchtung &#8211; um sicherzustellen, dass er ein perfektes Spiegelbild Ihres Mutterschiffs ist.  <\/p>\n<p data-path-to-node=\"11\"><a href=\"https:\/\/nauti-parts.com\/wp-content\/uploads\/2026\/03\/agilis-560d.pdf\"><strong>Spezifikationen herunterladen<\/strong><\/a><\/p>\n<div style=\"width: 900px;\" class=\"wp-video\"><video class=\"wp-video-shortcode\" id=\"video-21665-1\" width=\"900\" height=\"900\" preload=\"metadata\" controls=\"controls\"><source type=\"video\/mp4\" src=\"https:\/\/nauti-parts.com\/wp-content\/uploads\/2026\/03\/560D.mp4?_=1\" \/><a href=\"https:\/\/nauti-parts.com\/wp-content\/uploads\/2026\/03\/560D.mp4\">https:\/\/nauti-parts.com\/wp-content\/uploads\/2026\/03\/560D.mp4<\/a><\/video><\/div>\n","protected":false},"excerpt":{"rendered":"<p data-path-to-node=\"5\">Die <b data-path-to-node=\"5\" data-index-in-node=\"4\">Agilis 560D<\/b> ist das gro\u00dfe Flaggschiff der Agilis-Flotte. Mit einer L\u00e4nge von 5,60 Metern und einem leistungsstarken <b data-path-to-node=\"5\" data-index-in-node=\"115\">170-PS-Mercury-Dieselmotor<\/b> wurde sie f\u00fcr Superyachten entwickelt, die das Beste in Sachen G\u00e4stetransport und Wassersport verlangen. Mit einer gewaltigen <b data-path-to-node=\"5\" data-index-in-node=\"253\">Kapazit\u00e4t f\u00fcr 10 Personen<\/b>, einem einzigartigen &#8220;D-f\u00f6rmigen&#8221; Rohrdesign f\u00fcr maximales Innenvolumen und einem klappbaren Heckspiegel f\u00fcr einen Wasserzugang im Beach-Club-Stil ist die 560D eine Klasse f\u00fcr sich.  <\/p>\n<ul data-path-to-node=\"6\">\n<li>\n<p data-path-to-node=\"6,0,0\"><b data-path-to-node=\"6,0,0\" data-index-in-node=\"0\">Kapazit\u00e4t:<\/b> 10 Personen<\/p>\n<\/li>\n<li>\n<p data-path-to-node=\"6,1,0\"><b data-path-to-node=\"6,1,0\" data-index-in-node=\"0\">Motor:<\/b> 2.0L Mercury Diesel (170PS)<\/p>\n<\/li>\n<li>\n<p data-path-to-node=\"6,2,0\"><b data-path-to-node=\"6,2,0\" data-index-in-node=\"0\">H\u00f6chstgeschwindigkeit:<\/b> 32-35 Knoten<\/p>\n<\/li>\n<li>\n<p data-path-to-node=\"6,3,0\"><b data-path-to-node=\"6,3,0\" data-index-in-node=\"0\">Wichtigstes Merkmal:<\/b> Kapazit\u00e4t f\u00fcr 10 Personen mit extra breitem &#8220;D-Rohr&#8221;-Innenraum<\/p>\n<\/li>\n<\/ul>\n","protected":false},"featured_media":20530,"comment_status":"open","ping_status":"closed","template":"","meta":{"_acf_changed":false},"product_brand":[],"product_cat":[281],"product_tag":[],"class_list":{"0":"post-21665","1":"product","2":"type-product","3":"status-publish","4":"has-post-thumbnail","6":"product_cat-agilis-ausschreibungen","7":"repupress_customize_woocommerce_productom_class","9":"first","10":"instock","11":"taxable","12":"shipping-taxable","13":"product-type-simple"},"acf":[],"yoast_head":"<!-- This site is optimized with the Yoast SEO plugin v27.5 - https:\/\/yoast.com\/product\/yoast-seo-wordpress\/ -->\n<title>Agilis 560D Diesel Jet Tender - Das ultimative Flaggschiff unter den Luxus-Tendern | Nauti Parts<\/title>\n<meta name=\"robots\" content=\"index, follow, max-snippet:-1, max-image-preview:large, max-video-preview:-1\" \/>\n<link rel=\"canonical\" href=\"https:\/\/nauti-parts.com\/de\/shop\/agilis-ausschreibungen\/agilis-560d-diesel-jet-tender-das-ultimative-flaggschiff-unter-den-luxus-tendern\/\" \/>\n<meta property=\"og:locale\" content=\"de_DE\" \/>\n<meta property=\"og:type\" content=\"article\" \/>\n<meta property=\"og:title\" content=\"Agilis 560D Diesel Jet Tender - Das ultimative Flaggschiff unter den Luxus-Tendern | Nauti Parts\" \/>\n<meta property=\"og:description\" content=\"Die Agilis 560D ist das gro\u00dfe Flaggschiff der Agilis-Flotte. Mit einer L\u00e4nge von 5,60 Metern und einem leistungsstarken 170-PS-Mercury-Dieselmotor wurde sie f\u00fcr Superyachten entwickelt, die das Beste in Sachen G\u00e4stetransport und Wassersport verlangen. Mit einer gewaltigen Kapazit\u00e4t f\u00fcr 10 Personen, einem einzigartigen &quot;D-f\u00f6rmigen&quot; Rohrdesign f\u00fcr maximales Innenvolumen und einem klappbaren Heckspiegel f\u00fcr einen Wasserzugang im Beach-Club-Stil ist die 560D eine Klasse f\u00fcr sich.    Kapazit\u00e4t: 10 Personen   Motor: 2.0L Mercury Diesel (170PS)   H\u00f6chstgeschwindigkeit: 32-35 Knoten   Wichtigstes Merkmal: Kapazit\u00e4t f\u00fcr 10 Personen mit extra breitem &quot;D-Rohr&quot;-Innenraum\" \/>\n<meta property=\"og:url\" content=\"https:\/\/nauti-parts.com\/de\/shop\/agilis-ausschreibungen\/agilis-560d-diesel-jet-tender-das-ultimative-flaggschiff-unter-den-luxus-tendern\/\" \/>\n<meta property=\"og:site_name\" content=\"Nauti Parts\" \/>\n<meta property=\"article:publisher\" content=\"https:\/\/www.facebook.com\/nautipartsspain\/\" \/>\n<meta property=\"og:image\" content=\"https:\/\/nauti-parts.com\/wp-content\/uploads\/2026\/03\/580d.jpg\" \/>\n\t<meta property=\"og:image:width\" content=\"768\" \/>\n\t<meta property=\"og:image:height\" content=\"576\" \/>\n\t<meta property=\"og:image:type\" content=\"image\/jpeg\" \/>\n<meta name=\"twitter:card\" content=\"summary_large_image\" \/>\n<meta name=\"twitter:label1\" content=\"Gesch\u00e4tzte Lesezeit\" \/>\n\t<meta name=\"twitter:data1\" content=\"2\u00a0Minuten\" \/>\n<script type=\"application\/ld+json\" class=\"yoast-schema-graph\">{\"@context\":\"https:\\\/\\\/schema.org\",\"@graph\":[{\"@type\":\"WebPage\",\"@id\":\"https:\\\/\\\/nauti-parts.com\\\/de\\\/shop\\\/agilis-ausschreibungen\\\/agilis-560d-diesel-jet-tender-das-ultimative-flaggschiff-unter-den-luxus-tendern\\\/\",\"url\":\"https:\\\/\\\/nauti-parts.com\\\/de\\\/shop\\\/agilis-ausschreibungen\\\/agilis-560d-diesel-jet-tender-das-ultimative-flaggschiff-unter-den-luxus-tendern\\\/\",\"name\":\"Agilis 560D Diesel Jet Tender - Das ultimative Flaggschiff unter den Luxus-Tendern | Nauti Parts\",\"isPartOf\":{\"@id\":\"https:\\\/\\\/nauti-parts.com\\\/de\\\/#website\"},\"primaryImageOfPage\":{\"@id\":\"https:\\\/\\\/nauti-parts.com\\\/de\\\/shop\\\/agilis-ausschreibungen\\\/agilis-560d-diesel-jet-tender-das-ultimative-flaggschiff-unter-den-luxus-tendern\\\/#primaryimage\"},\"image\":{\"@id\":\"https:\\\/\\\/nauti-parts.com\\\/de\\\/shop\\\/agilis-ausschreibungen\\\/agilis-560d-diesel-jet-tender-das-ultimative-flaggschiff-unter-den-luxus-tendern\\\/#primaryimage\"},\"thumbnailUrl\":\"https:\\\/\\\/nauti-parts.com\\\/wp-content\\\/uploads\\\/2026\\\/03\\\/580d.jpg\",\"datePublished\":\"2026-03-20T10:18:09+00:00\",\"breadcrumb\":{\"@id\":\"https:\\\/\\\/nauti-parts.com\\\/de\\\/shop\\\/agilis-ausschreibungen\\\/agilis-560d-diesel-jet-tender-das-ultimative-flaggschiff-unter-den-luxus-tendern\\\/#breadcrumb\"},\"inLanguage\":\"de\",\"potentialAction\":[{\"@type\":\"ReadAction\",\"target\":[\"https:\\\/\\\/nauti-parts.com\\\/de\\\/shop\\\/agilis-ausschreibungen\\\/agilis-560d-diesel-jet-tender-das-ultimative-flaggschiff-unter-den-luxus-tendern\\\/\"]}]},{\"@type\":\"ImageObject\",\"inLanguage\":\"de\",\"@id\":\"https:\\\/\\\/nauti-parts.com\\\/de\\\/shop\\\/agilis-ausschreibungen\\\/agilis-560d-diesel-jet-tender-das-ultimative-flaggschiff-unter-den-luxus-tendern\\\/#primaryimage\",\"url\":\"https:\\\/\\\/nauti-parts.com\\\/wp-content\\\/uploads\\\/2026\\\/03\\\/580d.jpg\",\"contentUrl\":\"https:\\\/\\\/nauti-parts.com\\\/wp-content\\\/uploads\\\/2026\\\/03\\\/580d.jpg\",\"width\":768,\"height\":576},{\"@type\":\"BreadcrumbList\",\"@id\":\"https:\\\/\\\/nauti-parts.com\\\/de\\\/shop\\\/agilis-ausschreibungen\\\/agilis-560d-diesel-jet-tender-das-ultimative-flaggschiff-unter-den-luxus-tendern\\\/#breadcrumb\",\"itemListElement\":[{\"@type\":\"ListItem\",\"position\":1,\"name\":\"Shop\",\"item\":\"https:\\\/\\\/nauti-parts.com\\\/de\\\/shop\\\/\"},{\"@type\":\"ListItem\",\"position\":2,\"name\":\"Agilis 560D Diesel Jet Tender &#8211; Das ultimative Flaggschiff unter den Luxus-Tendern\"}]},{\"@type\":\"WebSite\",\"@id\":\"https:\\\/\\\/nauti-parts.com\\\/de\\\/#website\",\"url\":\"https:\\\/\\\/nauti-parts.com\\\/de\\\/\",\"name\":\"Nauti Parts\",\"description\":\"Sea-Doo Jet Ski - Seabob Dealer and Rentals | Water Toys Mallorca\",\"publisher\":{\"@id\":\"https:\\\/\\\/nauti-parts.com\\\/de\\\/#organization\"},\"potentialAction\":[{\"@type\":\"SearchAction\",\"target\":{\"@type\":\"EntryPoint\",\"urlTemplate\":\"https:\\\/\\\/nauti-parts.com\\\/de\\\/?s={search_term_string}\"},\"query-input\":{\"@type\":\"PropertyValueSpecification\",\"valueRequired\":true,\"valueName\":\"search_term_string\"}}],\"inLanguage\":\"de\"},{\"@type\":\"Organization\",\"@id\":\"https:\\\/\\\/nauti-parts.com\\\/de\\\/#organization\",\"name\":\"Nauti Teile\",\"url\":\"https:\\\/\\\/nauti-parts.com\\\/de\\\/\",\"logo\":{\"@type\":\"ImageObject\",\"inLanguage\":\"de\",\"@id\":\"https:\\\/\\\/nauti-parts.com\\\/de\\\/#\\\/schema\\\/logo\\\/image\\\/\",\"url\":\"https:\\\/\\\/nauti-parts.com\\\/wp-content\\\/uploads\\\/2023\\\/10\\\/np-logo-black.png\",\"contentUrl\":\"https:\\\/\\\/nauti-parts.com\\\/wp-content\\\/uploads\\\/2023\\\/10\\\/np-logo-black.png\",\"width\":253,\"height\":100,\"caption\":\"Nauti Teile\"},\"image\":{\"@id\":\"https:\\\/\\\/nauti-parts.com\\\/de\\\/#\\\/schema\\\/logo\\\/image\\\/\"},\"sameAs\":[\"https:\\\/\\\/www.facebook.com\\\/nautipartsspain\\\/\",\"https:\\\/\\\/www.instagram.com\\\/nautiparts\\\/\"]}]}<\/script>\n<!-- \/ Yoast SEO plugin. -->","yoast_head_json":{"title":"Agilis 560D Diesel Jet Tender - Das ultimative Flaggschiff unter den Luxus-Tendern | Nauti Parts","robots":{"index":"index","follow":"follow","max-snippet":"max-snippet:-1","max-image-preview":"max-image-preview:large","max-video-preview":"max-video-preview:-1"},"canonical":"https:\/\/nauti-parts.com\/de\/shop\/agilis-ausschreibungen\/agilis-560d-diesel-jet-tender-das-ultimative-flaggschiff-unter-den-luxus-tendern\/","og_locale":"de_DE","og_type":"article","og_title":"Agilis 560D Diesel Jet Tender - Das ultimative Flaggschiff unter den Luxus-Tendern | Nauti Parts","og_description":"Die Agilis 560D ist das gro\u00dfe Flaggschiff der Agilis-Flotte. Mit einer L\u00e4nge von 5,60 Metern und einem leistungsstarken 170-PS-Mercury-Dieselmotor wurde sie f\u00fcr Superyachten entwickelt, die das Beste in Sachen G\u00e4stetransport und Wassersport verlangen. Mit einer gewaltigen Kapazit\u00e4t f\u00fcr 10 Personen, einem einzigartigen \"D-f\u00f6rmigen\" Rohrdesign f\u00fcr maximales Innenvolumen und einem klappbaren Heckspiegel f\u00fcr einen Wasserzugang im Beach-Club-Stil ist die 560D eine Klasse f\u00fcr sich.    Kapazit\u00e4t: 10 Personen   Motor: 2.0L Mercury Diesel (170PS)   H\u00f6chstgeschwindigkeit: 32-35 Knoten   Wichtigstes Merkmal: Kapazit\u00e4t f\u00fcr 10 Personen mit extra breitem \"D-Rohr\"-Innenraum","og_url":"https:\/\/nauti-parts.com\/de\/shop\/agilis-ausschreibungen\/agilis-560d-diesel-jet-tender-das-ultimative-flaggschiff-unter-den-luxus-tendern\/","og_site_name":"Nauti Parts","article_publisher":"https:\/\/www.facebook.com\/nautipartsspain\/","og_image":[{"width":768,"height":576,"url":"https:\/\/nauti-parts.com\/wp-content\/uploads\/2026\/03\/580d.jpg","type":"image\/jpeg"}],"twitter_card":"summary_large_image","twitter_misc":{"Gesch\u00e4tzte Lesezeit":"2\u00a0Minuten"},"schema":{"@context":"https:\/\/schema.org","@graph":[{"@type":"WebPage","@id":"https:\/\/nauti-parts.com\/de\/shop\/agilis-ausschreibungen\/agilis-560d-diesel-jet-tender-das-ultimative-flaggschiff-unter-den-luxus-tendern\/","url":"https:\/\/nauti-parts.com\/de\/shop\/agilis-ausschreibungen\/agilis-560d-diesel-jet-tender-das-ultimative-flaggschiff-unter-den-luxus-tendern\/","name":"Agilis 560D Diesel Jet Tender - Das ultimative Flaggschiff unter den Luxus-Tendern | Nauti Parts","isPartOf":{"@id":"https:\/\/nauti-parts.com\/de\/#website"},"primaryImageOfPage":{"@id":"https:\/\/nauti-parts.com\/de\/shop\/agilis-ausschreibungen\/agilis-560d-diesel-jet-tender-das-ultimative-flaggschiff-unter-den-luxus-tendern\/#primaryimage"},"image":{"@id":"https:\/\/nauti-parts.com\/de\/shop\/agilis-ausschreibungen\/agilis-560d-diesel-jet-tender-das-ultimative-flaggschiff-unter-den-luxus-tendern\/#primaryimage"},"thumbnailUrl":"https:\/\/nauti-parts.com\/wp-content\/uploads\/2026\/03\/580d.jpg","datePublished":"2026-03-20T10:18:09+00:00","breadcrumb":{"@id":"https:\/\/nauti-parts.com\/de\/shop\/agilis-ausschreibungen\/agilis-560d-diesel-jet-tender-das-ultimative-flaggschiff-unter-den-luxus-tendern\/#breadcrumb"},"inLanguage":"de","potentialAction":[{"@type":"ReadAction","target":["https:\/\/nauti-parts.com\/de\/shop\/agilis-ausschreibungen\/agilis-560d-diesel-jet-tender-das-ultimative-flaggschiff-unter-den-luxus-tendern\/"]}]},{"@type":"ImageObject","inLanguage":"de","@id":"https:\/\/nauti-parts.com\/de\/shop\/agilis-ausschreibungen\/agilis-560d-diesel-jet-tender-das-ultimative-flaggschiff-unter-den-luxus-tendern\/#primaryimage","url":"https:\/\/nauti-parts.com\/wp-content\/uploads\/2026\/03\/580d.jpg","contentUrl":"https:\/\/nauti-parts.com\/wp-content\/uploads\/2026\/03\/580d.jpg","width":768,"height":576},{"@type":"BreadcrumbList","@id":"https:\/\/nauti-parts.com\/de\/shop\/agilis-ausschreibungen\/agilis-560d-diesel-jet-tender-das-ultimative-flaggschiff-unter-den-luxus-tendern\/#breadcrumb","itemListElement":[{"@type":"ListItem","position":1,"name":"Shop","item":"https:\/\/nauti-parts.com\/de\/shop\/"},{"@type":"ListItem","position":2,"name":"Agilis 560D Diesel Jet Tender &#8211; Das ultimative Flaggschiff unter den Luxus-Tendern"}]},{"@type":"WebSite","@id":"https:\/\/nauti-parts.com\/de\/#website","url":"https:\/\/nauti-parts.com\/de\/","name":"Nauti Parts","description":"Sea-Doo Jet Ski - Seabob Dealer and Rentals | Water Toys Mallorca","publisher":{"@id":"https:\/\/nauti-parts.com\/de\/#organization"},"potentialAction":[{"@type":"SearchAction","target":{"@type":"EntryPoint","urlTemplate":"https:\/\/nauti-parts.com\/de\/?s={search_term_string}"},"query-input":{"@type":"PropertyValueSpecification","valueRequired":true,"valueName":"search_term_string"}}],"inLanguage":"de"},{"@type":"Organization","@id":"https:\/\/nauti-parts.com\/de\/#organization","name":"Nauti Teile","url":"https:\/\/nauti-parts.com\/de\/","logo":{"@type":"ImageObject","inLanguage":"de","@id":"https:\/\/nauti-parts.com\/de\/#\/schema\/logo\/image\/","url":"https:\/\/nauti-parts.com\/wp-content\/uploads\/2023\/10\/np-logo-black.png","contentUrl":"https:\/\/nauti-parts.com\/wp-content\/uploads\/2023\/10\/np-logo-black.png","width":253,"height":100,"caption":"Nauti Teile"},"image":{"@id":"https:\/\/nauti-parts.com\/de\/#\/schema\/logo\/image\/"},"sameAs":["https:\/\/www.facebook.com\/nautipartsspain\/","https:\/\/www.instagram.com\/nautiparts\/"]}]}},"_links":{"self":[{"href":"https:\/\/nauti-parts.com\/de\/wp-json\/wp\/v2\/product\/21665","targetHints":{"allow":["GET"]}}],"collection":[{"href":"https:\/\/nauti-parts.com\/de\/wp-json\/wp\/v2\/product"}],"about":[{"href":"https:\/\/nauti-parts.com\/de\/wp-json\/wp\/v2\/types\/product"}],"replies":[{"embeddable":true,"href":"https:\/\/nauti-parts.com\/de\/wp-json\/wp\/v2\/comments?post=21665"}],"wp:featuredmedia":[{"embeddable":true,"href":"https:\/\/nauti-parts.com\/de\/wp-json\/wp\/v2\/media\/20530"}],"wp:attachment":[{"href":"https:\/\/nauti-parts.com\/de\/wp-json\/wp\/v2\/media?parent=21665"}],"wp:term":[{"taxonomy":"product_brand","embeddable":true,"href":"https:\/\/nauti-parts.com\/de\/wp-json\/wp\/v2\/product_brand?post=21665"},{"taxonomy":"product_cat","embeddable":true,"href":"https:\/\/nauti-parts.com\/de\/wp-json\/wp\/v2\/product_cat?post=21665"},{"taxonomy":"product_tag","embeddable":true,"href":"https:\/\/nauti-parts.com\/de\/wp-json\/wp\/v2\/product_tag?post=21665"}],"curies":[{"name":"wp","href":"https:\/\/api.w.org\/{rel}","templated":true}]}}