{"id":21447,"date":"2024-01-31T11:18:45","date_gmt":"2024-01-31T11:18:45","guid":{"rendered":"https:\/\/nauti-parts.com\/shop\/unkategorisiert\/yachtbeach-toy-dock-6-16m-x-4-1m\/"},"modified":"2024-01-31T11:18:45","modified_gmt":"2024-01-31T11:18:45","slug":"yachtbeach-toy-dock-6-16m-x-4-1m","status":"publish","type":"product","link":"https:\/\/nauti-parts.com\/de\/shop\/aufblasbare-waren\/yacht-strand\/yachtbeach-toy-dock-6-16m-x-4-1m\/","title":{"rendered":"YachtBeach Toy Dock 6.16m x 4.1m"},"content":{"rendered":"<p>Dieses <strong>innovative<\/strong> Spielzeugdock mit den Ma\u00dfen 6,16 x 2,05 m definiert Vielseitigkeit neu und bietet viel Platz f\u00fcr 2 Jet Skis und 2 Seabobs gleichzeitig. Aber das ist noch nicht alles, was begeistert! Das Besondere an diesem Dock ist seine nahtlose <strong>Kompatibilit\u00e4t<\/strong> mit allen anderen Yachtbeach Plattformen, Docks und Pools. Diese bahnbrechende Funktion erm\u00f6glicht es Ihnen, <strong>einen dynamischen<\/strong> Wasserraum <strong>zu schaffen<\/strong>, der ganz auf Ihre Bed\u00fcrfnisse zugeschnitten ist. Ganz gleich, ob Sie auf der Suche nach <strong>aufregenden<\/strong> Wassersportabenteuern oder einem ruhigen R\u00fcckzugsort auf dem offenen Meer sind, das Yachtbeach Toy Dock wurde entwickelt, um Ihren Yachting-Lifestyle zu erg\u00e4nzen. Tauchen Sie ein in eine Welt, in der Luxus auf Funktionalit\u00e4t trifft und in der die M\u00f6glichkeiten f\u00fcr Wassersportvergn\u00fcgen grenzenlos sind. Verbessern Sie Ihr Yachting-Erlebnis mit dem Yachtbeach Toy Dock &#8211; wo <strong>Innovation<\/strong> und <strong>Entspannung<\/strong> auf dem Wasser zusammenkommen.      <\/p>\n<p><strong>Ma\u00dfe:<\/strong><\/p>\n<p>Au\u00dfenma\u00dfe: 616x205cm &#8211; 242?x80?<br \/>\nGewicht inkl. Tasche: 49kg &#8211; 108lbs<br \/>\nPackma\u00df: 220x45x35cm &#8211; 86?x17?x13? <\/p>\n<p><strong>Materialst\u00e4rke:<\/strong><br \/>\nverst\u00e4rkte Fallnaht mit einer St\u00e4rke von 20cm<\/p>\n<p><strong>Schaumstoffplatte:<br \/>\n<\/strong>mit flexiblem EVA-Teak \u00fcberzogen<\/p>\n","protected":false},"excerpt":{"rendered":"<p>Gen\u00fcgend Platz f\u00fcr 2 Jet Skis und 2 Seabobs gleichzeitig. Aber das ist noch nicht alles &#8211; das Besondere an diesem Dock ist seine nahtlose <strong>Kompatibilit\u00e4t<\/strong> mit allen anderen Yachtbeach-Plattformen <\/p>\n","protected":false},"featured_media":17651,"comment_status":"open","ping_status":"closed","template":"","meta":{"_acf_changed":false},"product_brand":[],"product_cat":[239,243,240],"product_tag":[],"class_list":{"0":"post-21447","1":"product","2":"type-product","3":"status-publish","4":"has-post-thumbnail","6":"product_cat-aufblasbare-waren","7":"product_cat-plattformen","8":"product_cat-yacht-strand","9":"repupress_customize_woocommerce_productom_class","11":"first","12":"instock","13":"taxable","14":"shipping-taxable","15":"purchasable","16":"product-type-simple"},"acf":[],"yoast_head":"<!-- This site is optimized with the Yoast SEO plugin v27.5 - https:\/\/yoast.com\/product\/yoast-seo-wordpress\/ -->\n<title>YachtBeach Toy Dock 6.16m x 4.1m | Nauti Parts<\/title>\n<meta name=\"robots\" content=\"index, follow, max-snippet:-1, max-image-preview:large, max-video-preview:-1\" \/>\n<link rel=\"canonical\" href=\"https:\/\/nauti-parts.com\/de\/shop\/aufblasbare-waren\/yacht-strand\/yachtbeach-toy-dock-6-16m-x-4-1m\/\" \/>\n<meta property=\"og:locale\" content=\"de_DE\" \/>\n<meta property=\"og:type\" content=\"article\" \/>\n<meta property=\"og:title\" content=\"YachtBeach Toy Dock 6.16m x 4.1m | Nauti Parts\" \/>\n<meta property=\"og:description\" content=\"Gen\u00fcgend Platz f\u00fcr 2 Jet Skis und 2 Seabobs gleichzeitig. Aber das ist noch nicht alles - das Besondere an diesem Dock ist seine nahtlose Kompatibilit\u00e4t mit allen anderen Yachtbeach-Plattformen\" \/>\n<meta property=\"og:url\" content=\"https:\/\/nauti-parts.com\/de\/shop\/aufblasbare-waren\/yacht-strand\/yachtbeach-toy-dock-6-16m-x-4-1m\/\" \/>\n<meta property=\"og:site_name\" content=\"Nauti Parts\" \/>\n<meta property=\"article:publisher\" content=\"https:\/\/www.facebook.com\/nautipartsspain\/\" \/>\n<meta property=\"og:image\" content=\"https:\/\/nauti-parts.com\/wp-content\/uploads\/2024\/01\/w24285-00-yachtbeach-toy-dock-616.webp\" \/>\n\t<meta property=\"og:image:width\" content=\"1199\" \/>\n\t<meta property=\"og:image:height\" content=\"1200\" \/>\n\t<meta property=\"og:image:type\" content=\"image\/webp\" \/>\n<meta name=\"twitter:card\" content=\"summary_large_image\" \/>\n<meta name=\"twitter:label1\" content=\"Gesch\u00e4tzte Lesezeit\" \/>\n\t<meta name=\"twitter:data1\" content=\"1\u00a0Minute\" \/>\n<script type=\"application\/ld+json\" class=\"yoast-schema-graph\">{\"@context\":\"https:\\\/\\\/schema.org\",\"@graph\":[{\"@type\":\"WebPage\",\"@id\":\"https:\\\/\\\/nauti-parts.com\\\/de\\\/shop\\\/aufblasbare-waren\\\/yacht-strand\\\/yachtbeach-toy-dock-6-16m-x-4-1m\\\/\",\"url\":\"https:\\\/\\\/nauti-parts.com\\\/de\\\/shop\\\/aufblasbare-waren\\\/yacht-strand\\\/yachtbeach-toy-dock-6-16m-x-4-1m\\\/\",\"name\":\"YachtBeach Toy Dock 6.16m x 4.1m | Nauti Parts\",\"isPartOf\":{\"@id\":\"https:\\\/\\\/nauti-parts.com\\\/de\\\/#website\"},\"primaryImageOfPage\":{\"@id\":\"https:\\\/\\\/nauti-parts.com\\\/de\\\/shop\\\/aufblasbare-waren\\\/yacht-strand\\\/yachtbeach-toy-dock-6-16m-x-4-1m\\\/#primaryimage\"},\"image\":{\"@id\":\"https:\\\/\\\/nauti-parts.com\\\/de\\\/shop\\\/aufblasbare-waren\\\/yacht-strand\\\/yachtbeach-toy-dock-6-16m-x-4-1m\\\/#primaryimage\"},\"thumbnailUrl\":\"https:\\\/\\\/nauti-parts.com\\\/wp-content\\\/uploads\\\/2024\\\/01\\\/w24285-00-yachtbeach-toy-dock-616.webp\",\"datePublished\":\"2024-01-31T11:18:45+00:00\",\"breadcrumb\":{\"@id\":\"https:\\\/\\\/nauti-parts.com\\\/de\\\/shop\\\/aufblasbare-waren\\\/yacht-strand\\\/yachtbeach-toy-dock-6-16m-x-4-1m\\\/#breadcrumb\"},\"inLanguage\":\"de\",\"potentialAction\":[{\"@type\":\"ReadAction\",\"target\":[\"https:\\\/\\\/nauti-parts.com\\\/de\\\/shop\\\/aufblasbare-waren\\\/yacht-strand\\\/yachtbeach-toy-dock-6-16m-x-4-1m\\\/\"]}]},{\"@type\":\"ImageObject\",\"inLanguage\":\"de\",\"@id\":\"https:\\\/\\\/nauti-parts.com\\\/de\\\/shop\\\/aufblasbare-waren\\\/yacht-strand\\\/yachtbeach-toy-dock-6-16m-x-4-1m\\\/#primaryimage\",\"url\":\"https:\\\/\\\/nauti-parts.com\\\/wp-content\\\/uploads\\\/2024\\\/01\\\/w24285-00-yachtbeach-toy-dock-616.webp\",\"contentUrl\":\"https:\\\/\\\/nauti-parts.com\\\/wp-content\\\/uploads\\\/2024\\\/01\\\/w24285-00-yachtbeach-toy-dock-616.webp\",\"width\":1199,\"height\":1200},{\"@type\":\"BreadcrumbList\",\"@id\":\"https:\\\/\\\/nauti-parts.com\\\/de\\\/shop\\\/aufblasbare-waren\\\/yacht-strand\\\/yachtbeach-toy-dock-6-16m-x-4-1m\\\/#breadcrumb\",\"itemListElement\":[{\"@type\":\"ListItem\",\"position\":1,\"name\":\"Shop\",\"item\":\"https:\\\/\\\/nauti-parts.com\\\/de\\\/shop\\\/\"},{\"@type\":\"ListItem\",\"position\":2,\"name\":\"YachtBeach Toy Dock 6.16m x 4.1m\"}]},{\"@type\":\"WebSite\",\"@id\":\"https:\\\/\\\/nauti-parts.com\\\/de\\\/#website\",\"url\":\"https:\\\/\\\/nauti-parts.com\\\/de\\\/\",\"name\":\"Nauti Parts\",\"description\":\"Sea-Doo Jet Ski - Seabob Dealer and Rentals | Water Toys Mallorca\",\"publisher\":{\"@id\":\"https:\\\/\\\/nauti-parts.com\\\/de\\\/#organization\"},\"potentialAction\":[{\"@type\":\"SearchAction\",\"target\":{\"@type\":\"EntryPoint\",\"urlTemplate\":\"https:\\\/\\\/nauti-parts.com\\\/de\\\/?s={search_term_string}\"},\"query-input\":{\"@type\":\"PropertyValueSpecification\",\"valueRequired\":true,\"valueName\":\"search_term_string\"}}],\"inLanguage\":\"de\"},{\"@type\":\"Organization\",\"@id\":\"https:\\\/\\\/nauti-parts.com\\\/de\\\/#organization\",\"name\":\"Nauti Teile\",\"url\":\"https:\\\/\\\/nauti-parts.com\\\/de\\\/\",\"logo\":{\"@type\":\"ImageObject\",\"inLanguage\":\"de\",\"@id\":\"https:\\\/\\\/nauti-parts.com\\\/de\\\/#\\\/schema\\\/logo\\\/image\\\/\",\"url\":\"https:\\\/\\\/nauti-parts.com\\\/wp-content\\\/uploads\\\/2023\\\/10\\\/np-logo-black.png\",\"contentUrl\":\"https:\\\/\\\/nauti-parts.com\\\/wp-content\\\/uploads\\\/2023\\\/10\\\/np-logo-black.png\",\"width\":253,\"height\":100,\"caption\":\"Nauti Teile\"},\"image\":{\"@id\":\"https:\\\/\\\/nauti-parts.com\\\/de\\\/#\\\/schema\\\/logo\\\/image\\\/\"},\"sameAs\":[\"https:\\\/\\\/www.facebook.com\\\/nautipartsspain\\\/\",\"https:\\\/\\\/www.instagram.com\\\/nautiparts\\\/\"]}]}<\/script>\n<!-- \/ Yoast SEO plugin. -->","yoast_head_json":{"title":"YachtBeach Toy Dock 6.16m x 4.1m | Nauti Parts","robots":{"index":"index","follow":"follow","max-snippet":"max-snippet:-1","max-image-preview":"max-image-preview:large","max-video-preview":"max-video-preview:-1"},"canonical":"https:\/\/nauti-parts.com\/de\/shop\/aufblasbare-waren\/yacht-strand\/yachtbeach-toy-dock-6-16m-x-4-1m\/","og_locale":"de_DE","og_type":"article","og_title":"YachtBeach Toy Dock 6.16m x 4.1m | Nauti Parts","og_description":"Gen\u00fcgend Platz f\u00fcr 2 Jet Skis und 2 Seabobs gleichzeitig. Aber das ist noch nicht alles - das Besondere an diesem Dock ist seine nahtlose Kompatibilit\u00e4t mit allen anderen Yachtbeach-Plattformen","og_url":"https:\/\/nauti-parts.com\/de\/shop\/aufblasbare-waren\/yacht-strand\/yachtbeach-toy-dock-6-16m-x-4-1m\/","og_site_name":"Nauti Parts","article_publisher":"https:\/\/www.facebook.com\/nautipartsspain\/","og_image":[{"width":1199,"height":1200,"url":"https:\/\/nauti-parts.com\/wp-content\/uploads\/2024\/01\/w24285-00-yachtbeach-toy-dock-616.webp","type":"image\/webp"}],"twitter_card":"summary_large_image","twitter_misc":{"Gesch\u00e4tzte Lesezeit":"1\u00a0Minute"},"schema":{"@context":"https:\/\/schema.org","@graph":[{"@type":"WebPage","@id":"https:\/\/nauti-parts.com\/de\/shop\/aufblasbare-waren\/yacht-strand\/yachtbeach-toy-dock-6-16m-x-4-1m\/","url":"https:\/\/nauti-parts.com\/de\/shop\/aufblasbare-waren\/yacht-strand\/yachtbeach-toy-dock-6-16m-x-4-1m\/","name":"YachtBeach Toy Dock 6.16m x 4.1m | Nauti Parts","isPartOf":{"@id":"https:\/\/nauti-parts.com\/de\/#website"},"primaryImageOfPage":{"@id":"https:\/\/nauti-parts.com\/de\/shop\/aufblasbare-waren\/yacht-strand\/yachtbeach-toy-dock-6-16m-x-4-1m\/#primaryimage"},"image":{"@id":"https:\/\/nauti-parts.com\/de\/shop\/aufblasbare-waren\/yacht-strand\/yachtbeach-toy-dock-6-16m-x-4-1m\/#primaryimage"},"thumbnailUrl":"https:\/\/nauti-parts.com\/wp-content\/uploads\/2024\/01\/w24285-00-yachtbeach-toy-dock-616.webp","datePublished":"2024-01-31T11:18:45+00:00","breadcrumb":{"@id":"https:\/\/nauti-parts.com\/de\/shop\/aufblasbare-waren\/yacht-strand\/yachtbeach-toy-dock-6-16m-x-4-1m\/#breadcrumb"},"inLanguage":"de","potentialAction":[{"@type":"ReadAction","target":["https:\/\/nauti-parts.com\/de\/shop\/aufblasbare-waren\/yacht-strand\/yachtbeach-toy-dock-6-16m-x-4-1m\/"]}]},{"@type":"ImageObject","inLanguage":"de","@id":"https:\/\/nauti-parts.com\/de\/shop\/aufblasbare-waren\/yacht-strand\/yachtbeach-toy-dock-6-16m-x-4-1m\/#primaryimage","url":"https:\/\/nauti-parts.com\/wp-content\/uploads\/2024\/01\/w24285-00-yachtbeach-toy-dock-616.webp","contentUrl":"https:\/\/nauti-parts.com\/wp-content\/uploads\/2024\/01\/w24285-00-yachtbeach-toy-dock-616.webp","width":1199,"height":1200},{"@type":"BreadcrumbList","@id":"https:\/\/nauti-parts.com\/de\/shop\/aufblasbare-waren\/yacht-strand\/yachtbeach-toy-dock-6-16m-x-4-1m\/#breadcrumb","itemListElement":[{"@type":"ListItem","position":1,"name":"Shop","item":"https:\/\/nauti-parts.com\/de\/shop\/"},{"@type":"ListItem","position":2,"name":"YachtBeach Toy Dock 6.16m x 4.1m"}]},{"@type":"WebSite","@id":"https:\/\/nauti-parts.com\/de\/#website","url":"https:\/\/nauti-parts.com\/de\/","name":"Nauti Parts","description":"Sea-Doo Jet Ski - Seabob Dealer and Rentals | Water Toys Mallorca","publisher":{"@id":"https:\/\/nauti-parts.com\/de\/#organization"},"potentialAction":[{"@type":"SearchAction","target":{"@type":"EntryPoint","urlTemplate":"https:\/\/nauti-parts.com\/de\/?s={search_term_string}"},"query-input":{"@type":"PropertyValueSpecification","valueRequired":true,"valueName":"search_term_string"}}],"inLanguage":"de"},{"@type":"Organization","@id":"https:\/\/nauti-parts.com\/de\/#organization","name":"Nauti Teile","url":"https:\/\/nauti-parts.com\/de\/","logo":{"@type":"ImageObject","inLanguage":"de","@id":"https:\/\/nauti-parts.com\/de\/#\/schema\/logo\/image\/","url":"https:\/\/nauti-parts.com\/wp-content\/uploads\/2023\/10\/np-logo-black.png","contentUrl":"https:\/\/nauti-parts.com\/wp-content\/uploads\/2023\/10\/np-logo-black.png","width":253,"height":100,"caption":"Nauti Teile"},"image":{"@id":"https:\/\/nauti-parts.com\/de\/#\/schema\/logo\/image\/"},"sameAs":["https:\/\/www.facebook.com\/nautipartsspain\/","https:\/\/www.instagram.com\/nautiparts\/"]}]}},"_links":{"self":[{"href":"https:\/\/nauti-parts.com\/de\/wp-json\/wp\/v2\/product\/21447","targetHints":{"allow":["GET"]}}],"collection":[{"href":"https:\/\/nauti-parts.com\/de\/wp-json\/wp\/v2\/product"}],"about":[{"href":"https:\/\/nauti-parts.com\/de\/wp-json\/wp\/v2\/types\/product"}],"replies":[{"embeddable":true,"href":"https:\/\/nauti-parts.com\/de\/wp-json\/wp\/v2\/comments?post=21447"}],"wp:featuredmedia":[{"embeddable":true,"href":"https:\/\/nauti-parts.com\/de\/wp-json\/wp\/v2\/media\/17651"}],"wp:attachment":[{"href":"https:\/\/nauti-parts.com\/de\/wp-json\/wp\/v2\/media?parent=21447"}],"wp:term":[{"taxonomy":"product_brand","embeddable":true,"href":"https:\/\/nauti-parts.com\/de\/wp-json\/wp\/v2\/product_brand?post=21447"},{"taxonomy":"product_cat","embeddable":true,"href":"https:\/\/nauti-parts.com\/de\/wp-json\/wp\/v2\/product_cat?post=21447"},{"taxonomy":"product_tag","embeddable":true,"href":"https:\/\/nauti-parts.com\/de\/wp-json\/wp\/v2\/product_tag?post=21447"}],"curies":[{"name":"wp","href":"https:\/\/api.w.org\/{rel}","templated":true}]}}