{"id":21301,"date":"2024-03-15T09:10:59","date_gmt":"2024-03-15T09:10:59","guid":{"rendered":"https:\/\/nauti-parts.com\/shop\/unkategorisiert\/jobe-croft-aufblasbares-kajak\/"},"modified":"2026-03-30T10:22:34","modified_gmt":"2026-03-30T10:22:34","slug":"jobe-croft-aufblasbares-kajak","status":"publish","type":"product","link":"https:\/\/nauti-parts.com\/de\/shop\/wasserspielzeug\/kajaks\/jobe-croft-aufblasbares-kajak\/","title":{"rendered":"Jobe Croft Aufblasbares Kajak"},"content":{"rendered":"<div class=\"wpb-content-wrapper\"><p>[vc_row][vc_column][vc_column_text]<\/p>\n<h2 class=\"title-3 fs24 mt20 boldTitleFont grey normal np\">Jobe Croft Aufblasbares Kajak<\/h2>\n<div class=\"col-12 paragraph\">\n<p>Der PVC-Schlauch ist in eine strapazierf\u00e4hige 600D-Polyesterh\u00fclle geh\u00fcllt und garantiert Zuverl\u00e4ssigkeit. Mit dem stabilen Planenboden und den kratzfesten Neoprenplatten gleiten Sie sanft dahin. Mit 3 Boston-Ventilen, einer EZ-Lock-Klickflosse und zwei Aluminium-Paddeln ist das Croft 340 bereit f\u00fcr Abenteuer. Es ist einfach, vielseitig und eignet sich f\u00fcr Solo- oder Tandemfahrten. Es ist Ihr idealer Begleiter f\u00fcr unbeschwerte Ausfl\u00fcge aufs Wasser. Tauchen Sie ein in die Freude am Kajakfahren mit dem unkomplizierten und robusten Croft 340.    <\/p>\n<\/div>\n<p>[\/vc_column_text][vc_row_inner][vc_column_inner width=&#8221;1\/2&#8243;][vc_column_text]<\/p>\n<ul class=\"autoColumn checkListSmall blackCheck\">\n<li>1 Bungee-Seile<\/li>\n<li>2 -Schloss klicken Flosse<\/li>\n<li>2 bequeme Sitze mit Klettverschlusssystem<\/li>\n<li>2 Paddel 4 St\u00fcck Aluminiumpaddel mit Nylonblatt<\/li>\n<li>3 Boston-Ventile<\/li>\n<li>4 Bequemer Griff<\/li>\n<li>Hintere und vordere Nylon-Spritzschutzw\u00e4nde<\/li>\n<li>Ablassschraube<\/li>\n<li>Vordere Traktionsschiene<\/li>\n<\/ul>\n<p>[\/vc_column_text][\/vc_column_inner][vc_column_inner width=&#8221;1\/2&#8243;][vc_column_text]<\/p>\n<ul class=\"autoColumn checkListSmall blackCheck\">\n<li>Handpumpe zum Aufpumpen des Kajaks.<\/li>\n<li>Max. 2 Personen <\/li>\n<li>Anti-Kratz-Paneele aus Neopren<\/li>\n<li>Der Pvc-Schlauch ist mit einer 600D-Polyesterh\u00fclle \u00fcberzogen<\/li>\n<li>Reparatursatz<\/li>\n<li>Gr\u00f6\u00dfe: 340x90cm (11 ft 2inch) L\u00e4nge X 35 inch Breite<\/li>\n<li>Plane Basis<\/li>\n<li>Transporttasche aus Nylon<\/li>\n<\/ul>\n<p>[\/vc_column_text][\/vc_column_inner][\/vc_row_inner][\/vc_column][\/vc_row]<\/p>\n<\/div>","protected":false},"excerpt":{"rendered":"<p>Lernen Sie das Jobe Croft 340 aufblasbare Kajak kennen &#8211; Ihr Reisepass f\u00fcr unkomplizierten Kajakspa\u00df. Mit seinen kompakten Ma\u00dfen von 340x90cm ist dieses 11ft 2-inch Juwel perfekt f\u00fcr Anf\u00e4nger. <\/p>\n","protected":false},"featured_media":17950,"comment_status":"open","ping_status":"closed","template":"","meta":{"_acf_changed":false},"product_brand":[],"product_cat":[252,205],"product_tag":[],"class_list":{"0":"post-21301","1":"product","2":"type-product","3":"status-publish","4":"has-post-thumbnail","6":"product_cat-kajaks","7":"product_cat-wasserspielzeug","8":"repupress_customize_woocommerce_productom_class","10":"first","11":"instock","12":"taxable","13":"shipping-taxable","14":"purchasable","15":"product-type-simple"},"acf":[],"yoast_head":"<!-- This site is optimized with the Yoast SEO plugin v27.5 - https:\/\/yoast.com\/product\/yoast-seo-wordpress\/ -->\n<title>Jobe Croft Aufblasbares Kajak | Nauti Parts<\/title>\n<meta name=\"robots\" content=\"index, follow, max-snippet:-1, max-image-preview:large, max-video-preview:-1\" \/>\n<link rel=\"canonical\" href=\"https:\/\/nauti-parts.com\/de\/shop\/wasserspielzeug\/kajaks\/jobe-croft-aufblasbares-kajak\/\" \/>\n<meta property=\"og:locale\" content=\"de_DE\" \/>\n<meta property=\"og:type\" content=\"article\" \/>\n<meta property=\"og:title\" content=\"Jobe Croft Aufblasbares Kajak | Nauti Parts\" \/>\n<meta property=\"og:description\" content=\"Lernen Sie das Jobe Croft 340 aufblasbare Kajak kennen - Ihr Reisepass f\u00fcr unkomplizierten Kajakspa\u00df. Mit seinen kompakten Ma\u00dfen von 340x90cm ist dieses 11ft 2-inch Juwel perfekt f\u00fcr Anf\u00e4nger.\" \/>\n<meta property=\"og:url\" content=\"https:\/\/nauti-parts.com\/de\/shop\/wasserspielzeug\/kajaks\/jobe-croft-aufblasbares-kajak\/\" \/>\n<meta property=\"og:site_name\" content=\"Nauti Parts\" \/>\n<meta property=\"article:publisher\" content=\"https:\/\/www.facebook.com\/nautipartsspain\/\" \/>\n<meta property=\"article:modified_time\" content=\"2026-03-30T10:22:34+00:00\" \/>\n<meta property=\"og:image\" content=\"https:\/\/nauti-parts.com\/wp-content\/uploads\/2024\/03\/600024001-zoom.jpg\" \/>\n\t<meta property=\"og:image:width\" content=\"1500\" \/>\n\t<meta property=\"og:image:height\" content=\"1500\" \/>\n\t<meta property=\"og:image:type\" content=\"image\/jpeg\" \/>\n<meta name=\"twitter:card\" content=\"summary_large_image\" \/>\n<meta name=\"twitter:label1\" content=\"Gesch\u00e4tzte Lesezeit\" \/>\n\t<meta name=\"twitter:data1\" content=\"1\u00a0Minute\" \/>\n<script type=\"application\/ld+json\" class=\"yoast-schema-graph\">{\"@context\":\"https:\\\/\\\/schema.org\",\"@graph\":[{\"@type\":\"WebPage\",\"@id\":\"https:\\\/\\\/nauti-parts.com\\\/de\\\/shop\\\/wasserspielzeug\\\/kajaks\\\/jobe-croft-aufblasbares-kajak\\\/\",\"url\":\"https:\\\/\\\/nauti-parts.com\\\/de\\\/shop\\\/wasserspielzeug\\\/kajaks\\\/jobe-croft-aufblasbares-kajak\\\/\",\"name\":\"Jobe Croft Aufblasbares Kajak | Nauti Parts\",\"isPartOf\":{\"@id\":\"https:\\\/\\\/nauti-parts.com\\\/de\\\/#website\"},\"primaryImageOfPage\":{\"@id\":\"https:\\\/\\\/nauti-parts.com\\\/de\\\/shop\\\/wasserspielzeug\\\/kajaks\\\/jobe-croft-aufblasbares-kajak\\\/#primaryimage\"},\"image\":{\"@id\":\"https:\\\/\\\/nauti-parts.com\\\/de\\\/shop\\\/wasserspielzeug\\\/kajaks\\\/jobe-croft-aufblasbares-kajak\\\/#primaryimage\"},\"thumbnailUrl\":\"https:\\\/\\\/nauti-parts.com\\\/wp-content\\\/uploads\\\/2024\\\/03\\\/600024001-zoom.jpg\",\"datePublished\":\"2024-03-15T09:10:59+00:00\",\"dateModified\":\"2026-03-30T10:22:34+00:00\",\"breadcrumb\":{\"@id\":\"https:\\\/\\\/nauti-parts.com\\\/de\\\/shop\\\/wasserspielzeug\\\/kajaks\\\/jobe-croft-aufblasbares-kajak\\\/#breadcrumb\"},\"inLanguage\":\"de\",\"potentialAction\":[{\"@type\":\"ReadAction\",\"target\":[\"https:\\\/\\\/nauti-parts.com\\\/de\\\/shop\\\/wasserspielzeug\\\/kajaks\\\/jobe-croft-aufblasbares-kajak\\\/\"]}]},{\"@type\":\"ImageObject\",\"inLanguage\":\"de\",\"@id\":\"https:\\\/\\\/nauti-parts.com\\\/de\\\/shop\\\/wasserspielzeug\\\/kajaks\\\/jobe-croft-aufblasbares-kajak\\\/#primaryimage\",\"url\":\"https:\\\/\\\/nauti-parts.com\\\/wp-content\\\/uploads\\\/2024\\\/03\\\/600024001-zoom.jpg\",\"contentUrl\":\"https:\\\/\\\/nauti-parts.com\\\/wp-content\\\/uploads\\\/2024\\\/03\\\/600024001-zoom.jpg\",\"width\":1500,\"height\":1500},{\"@type\":\"BreadcrumbList\",\"@id\":\"https:\\\/\\\/nauti-parts.com\\\/de\\\/shop\\\/wasserspielzeug\\\/kajaks\\\/jobe-croft-aufblasbares-kajak\\\/#breadcrumb\",\"itemListElement\":[{\"@type\":\"ListItem\",\"position\":1,\"name\":\"Shop\",\"item\":\"https:\\\/\\\/nauti-parts.com\\\/de\\\/shop\\\/\"},{\"@type\":\"ListItem\",\"position\":2,\"name\":\"Jobe Croft Aufblasbares Kajak\"}]},{\"@type\":\"WebSite\",\"@id\":\"https:\\\/\\\/nauti-parts.com\\\/de\\\/#website\",\"url\":\"https:\\\/\\\/nauti-parts.com\\\/de\\\/\",\"name\":\"Nauti Parts\",\"description\":\"Sea-Doo Jet Ski - Seabob Dealer and Rentals | Water Toys Mallorca\",\"publisher\":{\"@id\":\"https:\\\/\\\/nauti-parts.com\\\/de\\\/#organization\"},\"potentialAction\":[{\"@type\":\"SearchAction\",\"target\":{\"@type\":\"EntryPoint\",\"urlTemplate\":\"https:\\\/\\\/nauti-parts.com\\\/de\\\/?s={search_term_string}\"},\"query-input\":{\"@type\":\"PropertyValueSpecification\",\"valueRequired\":true,\"valueName\":\"search_term_string\"}}],\"inLanguage\":\"de\"},{\"@type\":\"Organization\",\"@id\":\"https:\\\/\\\/nauti-parts.com\\\/de\\\/#organization\",\"name\":\"Nauti Teile\",\"url\":\"https:\\\/\\\/nauti-parts.com\\\/de\\\/\",\"logo\":{\"@type\":\"ImageObject\",\"inLanguage\":\"de\",\"@id\":\"https:\\\/\\\/nauti-parts.com\\\/de\\\/#\\\/schema\\\/logo\\\/image\\\/\",\"url\":\"https:\\\/\\\/nauti-parts.com\\\/wp-content\\\/uploads\\\/2023\\\/10\\\/np-logo-black.png\",\"contentUrl\":\"https:\\\/\\\/nauti-parts.com\\\/wp-content\\\/uploads\\\/2023\\\/10\\\/np-logo-black.png\",\"width\":253,\"height\":100,\"caption\":\"Nauti Teile\"},\"image\":{\"@id\":\"https:\\\/\\\/nauti-parts.com\\\/de\\\/#\\\/schema\\\/logo\\\/image\\\/\"},\"sameAs\":[\"https:\\\/\\\/www.facebook.com\\\/nautipartsspain\\\/\",\"https:\\\/\\\/www.instagram.com\\\/nautiparts\\\/\"]}]}<\/script>\n<!-- \/ Yoast SEO plugin. -->","yoast_head_json":{"title":"Jobe Croft Aufblasbares Kajak | Nauti Parts","robots":{"index":"index","follow":"follow","max-snippet":"max-snippet:-1","max-image-preview":"max-image-preview:large","max-video-preview":"max-video-preview:-1"},"canonical":"https:\/\/nauti-parts.com\/de\/shop\/wasserspielzeug\/kajaks\/jobe-croft-aufblasbares-kajak\/","og_locale":"de_DE","og_type":"article","og_title":"Jobe Croft Aufblasbares Kajak | Nauti Parts","og_description":"Lernen Sie das Jobe Croft 340 aufblasbare Kajak kennen - Ihr Reisepass f\u00fcr unkomplizierten Kajakspa\u00df. Mit seinen kompakten Ma\u00dfen von 340x90cm ist dieses 11ft 2-inch Juwel perfekt f\u00fcr Anf\u00e4nger.","og_url":"https:\/\/nauti-parts.com\/de\/shop\/wasserspielzeug\/kajaks\/jobe-croft-aufblasbares-kajak\/","og_site_name":"Nauti Parts","article_publisher":"https:\/\/www.facebook.com\/nautipartsspain\/","article_modified_time":"2026-03-30T10:22:34+00:00","og_image":[{"width":1500,"height":1500,"url":"https:\/\/nauti-parts.com\/wp-content\/uploads\/2024\/03\/600024001-zoom.jpg","type":"image\/jpeg"}],"twitter_card":"summary_large_image","twitter_misc":{"Gesch\u00e4tzte Lesezeit":"1\u00a0Minute"},"schema":{"@context":"https:\/\/schema.org","@graph":[{"@type":"WebPage","@id":"https:\/\/nauti-parts.com\/de\/shop\/wasserspielzeug\/kajaks\/jobe-croft-aufblasbares-kajak\/","url":"https:\/\/nauti-parts.com\/de\/shop\/wasserspielzeug\/kajaks\/jobe-croft-aufblasbares-kajak\/","name":"Jobe Croft Aufblasbares Kajak | Nauti Parts","isPartOf":{"@id":"https:\/\/nauti-parts.com\/de\/#website"},"primaryImageOfPage":{"@id":"https:\/\/nauti-parts.com\/de\/shop\/wasserspielzeug\/kajaks\/jobe-croft-aufblasbares-kajak\/#primaryimage"},"image":{"@id":"https:\/\/nauti-parts.com\/de\/shop\/wasserspielzeug\/kajaks\/jobe-croft-aufblasbares-kajak\/#primaryimage"},"thumbnailUrl":"https:\/\/nauti-parts.com\/wp-content\/uploads\/2024\/03\/600024001-zoom.jpg","datePublished":"2024-03-15T09:10:59+00:00","dateModified":"2026-03-30T10:22:34+00:00","breadcrumb":{"@id":"https:\/\/nauti-parts.com\/de\/shop\/wasserspielzeug\/kajaks\/jobe-croft-aufblasbares-kajak\/#breadcrumb"},"inLanguage":"de","potentialAction":[{"@type":"ReadAction","target":["https:\/\/nauti-parts.com\/de\/shop\/wasserspielzeug\/kajaks\/jobe-croft-aufblasbares-kajak\/"]}]},{"@type":"ImageObject","inLanguage":"de","@id":"https:\/\/nauti-parts.com\/de\/shop\/wasserspielzeug\/kajaks\/jobe-croft-aufblasbares-kajak\/#primaryimage","url":"https:\/\/nauti-parts.com\/wp-content\/uploads\/2024\/03\/600024001-zoom.jpg","contentUrl":"https:\/\/nauti-parts.com\/wp-content\/uploads\/2024\/03\/600024001-zoom.jpg","width":1500,"height":1500},{"@type":"BreadcrumbList","@id":"https:\/\/nauti-parts.com\/de\/shop\/wasserspielzeug\/kajaks\/jobe-croft-aufblasbares-kajak\/#breadcrumb","itemListElement":[{"@type":"ListItem","position":1,"name":"Shop","item":"https:\/\/nauti-parts.com\/de\/shop\/"},{"@type":"ListItem","position":2,"name":"Jobe Croft Aufblasbares Kajak"}]},{"@type":"WebSite","@id":"https:\/\/nauti-parts.com\/de\/#website","url":"https:\/\/nauti-parts.com\/de\/","name":"Nauti Parts","description":"Sea-Doo Jet Ski - Seabob Dealer and Rentals | Water Toys Mallorca","publisher":{"@id":"https:\/\/nauti-parts.com\/de\/#organization"},"potentialAction":[{"@type":"SearchAction","target":{"@type":"EntryPoint","urlTemplate":"https:\/\/nauti-parts.com\/de\/?s={search_term_string}"},"query-input":{"@type":"PropertyValueSpecification","valueRequired":true,"valueName":"search_term_string"}}],"inLanguage":"de"},{"@type":"Organization","@id":"https:\/\/nauti-parts.com\/de\/#organization","name":"Nauti Teile","url":"https:\/\/nauti-parts.com\/de\/","logo":{"@type":"ImageObject","inLanguage":"de","@id":"https:\/\/nauti-parts.com\/de\/#\/schema\/logo\/image\/","url":"https:\/\/nauti-parts.com\/wp-content\/uploads\/2023\/10\/np-logo-black.png","contentUrl":"https:\/\/nauti-parts.com\/wp-content\/uploads\/2023\/10\/np-logo-black.png","width":253,"height":100,"caption":"Nauti Teile"},"image":{"@id":"https:\/\/nauti-parts.com\/de\/#\/schema\/logo\/image\/"},"sameAs":["https:\/\/www.facebook.com\/nautipartsspain\/","https:\/\/www.instagram.com\/nautiparts\/"]}]}},"_links":{"self":[{"href":"https:\/\/nauti-parts.com\/de\/wp-json\/wp\/v2\/product\/21301","targetHints":{"allow":["GET"]}}],"collection":[{"href":"https:\/\/nauti-parts.com\/de\/wp-json\/wp\/v2\/product"}],"about":[{"href":"https:\/\/nauti-parts.com\/de\/wp-json\/wp\/v2\/types\/product"}],"replies":[{"embeddable":true,"href":"https:\/\/nauti-parts.com\/de\/wp-json\/wp\/v2\/comments?post=21301"}],"wp:featuredmedia":[{"embeddable":true,"href":"https:\/\/nauti-parts.com\/de\/wp-json\/wp\/v2\/media\/17950"}],"wp:attachment":[{"href":"https:\/\/nauti-parts.com\/de\/wp-json\/wp\/v2\/media?parent=21301"}],"wp:term":[{"taxonomy":"product_brand","embeddable":true,"href":"https:\/\/nauti-parts.com\/de\/wp-json\/wp\/v2\/product_brand?post=21301"},{"taxonomy":"product_cat","embeddable":true,"href":"https:\/\/nauti-parts.com\/de\/wp-json\/wp\/v2\/product_cat?post=21301"},{"taxonomy":"product_tag","embeddable":true,"href":"https:\/\/nauti-parts.com\/de\/wp-json\/wp\/v2\/product_tag?post=21301"}],"curies":[{"name":"wp","href":"https:\/\/api.w.org\/{rel}","templated":true}]}}