{"id":21278,"date":"2024-03-15T09:11:18","date_gmt":"2024-03-15T09:11:18","guid":{"rendered":"https:\/\/nauti-parts.com\/shop\/unkategorisiert\/jobe-gama-aufblasbares-kajak\/"},"modified":"2026-03-30T10:22:34","modified_gmt":"2026-03-30T10:22:34","slug":"jobe-gama-aufblasbares-kajak","status":"publish","type":"product","link":"https:\/\/nauti-parts.com\/de\/shop\/wasserspielzeug\/kajaks\/jobe-gama-aufblasbares-kajak\/","title":{"rendered":"Jobe Gama Aufblasbares Kajak"},"content":{"rendered":"<div class=\"wpb-content-wrapper\"><p>[vc_row][vc_column][vc_column_text]<\/p>\n<h2 class=\"title-3 fs24 mt20 boldTitleFont grey normal np\">Jobe Gama Aufblasbares Kajak<\/h2>\n<div class=\"col-12 paragraph\">Stellen Sie sich vor, wie Sie durch unber\u00fchrte Gew\u00e4sser gleiten, gef\u00fchrt von der Pr\u00e4zision des abgesenkten Bodens und dem Komfort des 3 mm starken EVA-Decks. Das Gama zeichnet sich durch kratzfeste Neoprenplatten aus, die f\u00fcr Haltbarkeit und Anmut sorgen. Ausgestattet mit 3 Bravo-Hochdruckventilen, einer EZ-Lock-Klickflosse und zwei Fiberglas-Paddeln ist es eine Symphonie aus Leistung und Stil. Kommen Sie mit auf die Reise, auf der das Gama die Kunst des Kajakfahrens neu definiert.   <\/div>\n<p>[\/vc_column_text][vc_row_inner][vc_column_inner width=&#8221;1\/2&#8243;][vc_column_text]<\/p>\n<ul class=\"autoColumn checkListSmall blackCheck\">\n<li>0,9mm PVC Seitenwand und Boden<\/li>\n<li>1 ez-lock Klickflosse<\/li>\n<li>1 Bungee-Seile<\/li>\n<li>2 bequeme Sitze mit Klettverschlusssystem<\/li>\n<li>2 Paddel 4 St\u00fcck Fiberglaspaddel mit Nylonblatt<\/li>\n<li>2 Druckablassventile<\/li>\n<li>3 Bravohochdruckventile<\/li>\n<li>4 Bequemer Griff<\/li>\n<li>Hintere und vordere PVC-Spritzschutzplatten<\/li>\n<li>\n<\/li>\n<\/ul>\n<p>[\/vc_column_text][\/vc_column_inner][vc_column_inner width=&#8221;1\/2&#8243;][vc_column_text]<\/p>\n<ul class=\"autoColumn checkListSmall blackCheck\">\n<li>Ablassschraube<\/li>\n<li>Abgen\u00e4hter Boden mit komfortablem eva 3mm Deck<\/li>\n<li>Handpumpe zum Aufpumpen des Kajaks.<\/li>\n<li>Max. 2 Personen <\/li>\n<li>Anti-Kratz-Paneele aus Neopren<\/li>\n<li>Reparatursatz<\/li>\n<li>Gr\u00f6\u00dfe: 365&#215;95,5cm (11ft11inch) L\u00e4nge x 37 inch Breite<\/li>\n<li>Boden aus Plane<\/li>\n<li>Transporttasche aus Nylon<\/li>\n<li>\n<\/li>\n<\/ul>\n<p>[\/vc_column_text][\/vc_column_inner][\/vc_row_inner][\/vc_column][\/vc_row]<\/p>\n<\/div>","protected":false},"excerpt":{"rendered":"<p>Begeben Sie sich auf eine neue Welle von Abenteuern mit dem Jobe Gama 365 aufblasbaren Kajak &#8211; ein einzigartiges Wunderwerk der Erkundung. Mit einer Gr\u00f6\u00dfe von 365 x 95,5 cm ist dieses 11-Fu\u00df-11-Zoll-Wunder nicht nur eine Gr\u00f6\u00dfe, sondern eine Geschichte, die darauf wartet, sich zu entfalten. <\/p>\n","protected":false},"featured_media":17959,"comment_status":"open","ping_status":"closed","template":"","meta":{"_acf_changed":false},"product_brand":[],"product_cat":[252,205],"product_tag":[],"class_list":{"0":"post-21278","1":"product","2":"type-product","3":"status-publish","4":"has-post-thumbnail","6":"product_cat-kajaks","7":"product_cat-wasserspielzeug","8":"repupress_customize_woocommerce_productom_class","10":"first","11":"instock","12":"taxable","13":"shipping-taxable","14":"purchasable","15":"product-type-simple"},"acf":[],"yoast_head":"<!-- This site is optimized with the Yoast SEO plugin v27.2 - https:\/\/yoast.com\/product\/yoast-seo-wordpress\/ -->\n<title>Jobe Gama Aufblasbares Kajak | Nauti Parts<\/title>\n<meta name=\"robots\" content=\"index, follow, max-snippet:-1, max-image-preview:large, max-video-preview:-1\" \/>\n<link rel=\"canonical\" href=\"https:\/\/nauti-parts.com\/de\/shop\/wasserspielzeug\/kajaks\/jobe-gama-aufblasbares-kajak\/\" \/>\n<meta property=\"og:locale\" content=\"de_DE\" \/>\n<meta property=\"og:type\" content=\"article\" \/>\n<meta property=\"og:title\" content=\"Jobe Gama Aufblasbares Kajak | Nauti Parts\" \/>\n<meta property=\"og:description\" content=\"Begeben Sie sich auf eine neue Welle von Abenteuern mit dem Jobe Gama 365 aufblasbaren Kajak - ein einzigartiges Wunderwerk der Erkundung. Mit einer Gr\u00f6\u00dfe von 365 x 95,5 cm ist dieses 11-Fu\u00df-11-Zoll-Wunder nicht nur eine Gr\u00f6\u00dfe, sondern eine Geschichte, die darauf wartet, sich zu entfalten.\" \/>\n<meta property=\"og:url\" content=\"https:\/\/nauti-parts.com\/de\/shop\/wasserspielzeug\/kajaks\/jobe-gama-aufblasbares-kajak\/\" \/>\n<meta property=\"og:site_name\" content=\"Nauti Parts\" \/>\n<meta property=\"article:publisher\" content=\"https:\/\/www.facebook.com\/nautipartsspain\/\" \/>\n<meta property=\"article:modified_time\" content=\"2026-03-30T10:22:34+00:00\" \/>\n<meta property=\"og:image\" content=\"https:\/\/nauti-parts.com\/wp-content\/uploads\/2024\/03\/600024002-zoom.jpg\" \/>\n\t<meta property=\"og:image:width\" content=\"1500\" \/>\n\t<meta property=\"og:image:height\" content=\"1500\" \/>\n\t<meta property=\"og:image:type\" content=\"image\/jpeg\" \/>\n<meta name=\"twitter:card\" content=\"summary_large_image\" \/>\n<meta name=\"twitter:label1\" content=\"Gesch\u00e4tzte Lesezeit\" \/>\n\t<meta name=\"twitter:data1\" content=\"1\u00a0Minute\" \/>\n<script type=\"application\/ld+json\" class=\"yoast-schema-graph\">{\"@context\":\"https:\/\/schema.org\",\"@graph\":[{\"@type\":\"WebPage\",\"@id\":\"https:\/\/nauti-parts.com\/de\/shop\/wasserspielzeug\/kajaks\/jobe-gama-aufblasbares-kajak\/\",\"url\":\"https:\/\/nauti-parts.com\/de\/shop\/wasserspielzeug\/kajaks\/jobe-gama-aufblasbares-kajak\/\",\"name\":\"Jobe Gama Aufblasbares Kajak | Nauti Parts\",\"isPartOf\":{\"@id\":\"https:\/\/nauti-parts.com\/de\/#website\"},\"primaryImageOfPage\":{\"@id\":\"https:\/\/nauti-parts.com\/de\/shop\/wasserspielzeug\/kajaks\/jobe-gama-aufblasbares-kajak\/#primaryimage\"},\"image\":{\"@id\":\"https:\/\/nauti-parts.com\/de\/shop\/wasserspielzeug\/kajaks\/jobe-gama-aufblasbares-kajak\/#primaryimage\"},\"thumbnailUrl\":\"https:\/\/nauti-parts.com\/wp-content\/uploads\/2024\/03\/600024002-zoom.jpg\",\"datePublished\":\"2024-03-15T09:11:18+00:00\",\"dateModified\":\"2026-03-30T10:22:34+00:00\",\"breadcrumb\":{\"@id\":\"https:\/\/nauti-parts.com\/de\/shop\/wasserspielzeug\/kajaks\/jobe-gama-aufblasbares-kajak\/#breadcrumb\"},\"inLanguage\":\"de\",\"potentialAction\":[{\"@type\":\"ReadAction\",\"target\":[\"https:\/\/nauti-parts.com\/de\/shop\/wasserspielzeug\/kajaks\/jobe-gama-aufblasbares-kajak\/\"]}]},{\"@type\":\"ImageObject\",\"inLanguage\":\"de\",\"@id\":\"https:\/\/nauti-parts.com\/de\/shop\/wasserspielzeug\/kajaks\/jobe-gama-aufblasbares-kajak\/#primaryimage\",\"url\":\"https:\/\/nauti-parts.com\/wp-content\/uploads\/2024\/03\/600024002-zoom.jpg\",\"contentUrl\":\"https:\/\/nauti-parts.com\/wp-content\/uploads\/2024\/03\/600024002-zoom.jpg\",\"width\":1500,\"height\":1500},{\"@type\":\"BreadcrumbList\",\"@id\":\"https:\/\/nauti-parts.com\/de\/shop\/wasserspielzeug\/kajaks\/jobe-gama-aufblasbares-kajak\/#breadcrumb\",\"itemListElement\":[{\"@type\":\"ListItem\",\"position\":1,\"name\":\"Shop\",\"item\":\"https:\/\/nauti-parts.com\/de\/shop\/\"},{\"@type\":\"ListItem\",\"position\":2,\"name\":\"Jobe Gama Aufblasbares Kajak\"}]},{\"@type\":\"WebSite\",\"@id\":\"https:\/\/nauti-parts.com\/de\/#website\",\"url\":\"https:\/\/nauti-parts.com\/de\/\",\"name\":\"Nauti Parts\",\"description\":\"Sea-Doo Jet Ski - Seabob Dealer and Rentals | Water Toys Mallorca\",\"publisher\":{\"@id\":\"https:\/\/nauti-parts.com\/de\/#organization\"},\"potentialAction\":[{\"@type\":\"SearchAction\",\"target\":{\"@type\":\"EntryPoint\",\"urlTemplate\":\"https:\/\/nauti-parts.com\/de\/?s={search_term_string}\"},\"query-input\":{\"@type\":\"PropertyValueSpecification\",\"valueRequired\":true,\"valueName\":\"search_term_string\"}}],\"inLanguage\":\"de\"},{\"@type\":\"Organization\",\"@id\":\"https:\/\/nauti-parts.com\/de\/#organization\",\"name\":\"Nauti Teile\",\"url\":\"https:\/\/nauti-parts.com\/de\/\",\"logo\":{\"@type\":\"ImageObject\",\"inLanguage\":\"de\",\"@id\":\"https:\/\/nauti-parts.com\/de\/#\/schema\/logo\/image\/\",\"url\":\"https:\/\/nauti-parts.com\/wp-content\/uploads\/2023\/10\/np-logo-black.png\",\"contentUrl\":\"https:\/\/nauti-parts.com\/wp-content\/uploads\/2023\/10\/np-logo-black.png\",\"width\":253,\"height\":100,\"caption\":\"Nauti Teile\"},\"image\":{\"@id\":\"https:\/\/nauti-parts.com\/de\/#\/schema\/logo\/image\/\"},\"sameAs\":[\"https:\/\/www.facebook.com\/nautipartsspain\/\",\"https:\/\/www.instagram.com\/nautiparts\/\"]}]}<\/script>\n<!-- \/ Yoast SEO plugin. -->","yoast_head_json":{"title":"Jobe Gama Aufblasbares Kajak | Nauti Parts","robots":{"index":"index","follow":"follow","max-snippet":"max-snippet:-1","max-image-preview":"max-image-preview:large","max-video-preview":"max-video-preview:-1"},"canonical":"https:\/\/nauti-parts.com\/de\/shop\/wasserspielzeug\/kajaks\/jobe-gama-aufblasbares-kajak\/","og_locale":"de_DE","og_type":"article","og_title":"Jobe Gama Aufblasbares Kajak | Nauti Parts","og_description":"Begeben Sie sich auf eine neue Welle von Abenteuern mit dem Jobe Gama 365 aufblasbaren Kajak - ein einzigartiges Wunderwerk der Erkundung. Mit einer Gr\u00f6\u00dfe von 365 x 95,5 cm ist dieses 11-Fu\u00df-11-Zoll-Wunder nicht nur eine Gr\u00f6\u00dfe, sondern eine Geschichte, die darauf wartet, sich zu entfalten.","og_url":"https:\/\/nauti-parts.com\/de\/shop\/wasserspielzeug\/kajaks\/jobe-gama-aufblasbares-kajak\/","og_site_name":"Nauti Parts","article_publisher":"https:\/\/www.facebook.com\/nautipartsspain\/","article_modified_time":"2026-03-30T10:22:34+00:00","og_image":[{"width":1500,"height":1500,"url":"https:\/\/nauti-parts.com\/wp-content\/uploads\/2024\/03\/600024002-zoom.jpg","type":"image\/jpeg"}],"twitter_card":"summary_large_image","twitter_misc":{"Gesch\u00e4tzte Lesezeit":"1\u00a0Minute"},"schema":{"@context":"https:\/\/schema.org","@graph":[{"@type":"WebPage","@id":"https:\/\/nauti-parts.com\/de\/shop\/wasserspielzeug\/kajaks\/jobe-gama-aufblasbares-kajak\/","url":"https:\/\/nauti-parts.com\/de\/shop\/wasserspielzeug\/kajaks\/jobe-gama-aufblasbares-kajak\/","name":"Jobe Gama Aufblasbares Kajak | Nauti Parts","isPartOf":{"@id":"https:\/\/nauti-parts.com\/de\/#website"},"primaryImageOfPage":{"@id":"https:\/\/nauti-parts.com\/de\/shop\/wasserspielzeug\/kajaks\/jobe-gama-aufblasbares-kajak\/#primaryimage"},"image":{"@id":"https:\/\/nauti-parts.com\/de\/shop\/wasserspielzeug\/kajaks\/jobe-gama-aufblasbares-kajak\/#primaryimage"},"thumbnailUrl":"https:\/\/nauti-parts.com\/wp-content\/uploads\/2024\/03\/600024002-zoom.jpg","datePublished":"2024-03-15T09:11:18+00:00","dateModified":"2026-03-30T10:22:34+00:00","breadcrumb":{"@id":"https:\/\/nauti-parts.com\/de\/shop\/wasserspielzeug\/kajaks\/jobe-gama-aufblasbares-kajak\/#breadcrumb"},"inLanguage":"de","potentialAction":[{"@type":"ReadAction","target":["https:\/\/nauti-parts.com\/de\/shop\/wasserspielzeug\/kajaks\/jobe-gama-aufblasbares-kajak\/"]}]},{"@type":"ImageObject","inLanguage":"de","@id":"https:\/\/nauti-parts.com\/de\/shop\/wasserspielzeug\/kajaks\/jobe-gama-aufblasbares-kajak\/#primaryimage","url":"https:\/\/nauti-parts.com\/wp-content\/uploads\/2024\/03\/600024002-zoom.jpg","contentUrl":"https:\/\/nauti-parts.com\/wp-content\/uploads\/2024\/03\/600024002-zoom.jpg","width":1500,"height":1500},{"@type":"BreadcrumbList","@id":"https:\/\/nauti-parts.com\/de\/shop\/wasserspielzeug\/kajaks\/jobe-gama-aufblasbares-kajak\/#breadcrumb","itemListElement":[{"@type":"ListItem","position":1,"name":"Shop","item":"https:\/\/nauti-parts.com\/de\/shop\/"},{"@type":"ListItem","position":2,"name":"Jobe Gama Aufblasbares Kajak"}]},{"@type":"WebSite","@id":"https:\/\/nauti-parts.com\/de\/#website","url":"https:\/\/nauti-parts.com\/de\/","name":"Nauti Parts","description":"Sea-Doo Jet Ski - Seabob Dealer and Rentals | Water Toys Mallorca","publisher":{"@id":"https:\/\/nauti-parts.com\/de\/#organization"},"potentialAction":[{"@type":"SearchAction","target":{"@type":"EntryPoint","urlTemplate":"https:\/\/nauti-parts.com\/de\/?s={search_term_string}"},"query-input":{"@type":"PropertyValueSpecification","valueRequired":true,"valueName":"search_term_string"}}],"inLanguage":"de"},{"@type":"Organization","@id":"https:\/\/nauti-parts.com\/de\/#organization","name":"Nauti Teile","url":"https:\/\/nauti-parts.com\/de\/","logo":{"@type":"ImageObject","inLanguage":"de","@id":"https:\/\/nauti-parts.com\/de\/#\/schema\/logo\/image\/","url":"https:\/\/nauti-parts.com\/wp-content\/uploads\/2023\/10\/np-logo-black.png","contentUrl":"https:\/\/nauti-parts.com\/wp-content\/uploads\/2023\/10\/np-logo-black.png","width":253,"height":100,"caption":"Nauti Teile"},"image":{"@id":"https:\/\/nauti-parts.com\/de\/#\/schema\/logo\/image\/"},"sameAs":["https:\/\/www.facebook.com\/nautipartsspain\/","https:\/\/www.instagram.com\/nautiparts\/"]}]}},"_links":{"self":[{"href":"https:\/\/nauti-parts.com\/de\/wp-json\/wp\/v2\/product\/21278","targetHints":{"allow":["GET"]}}],"collection":[{"href":"https:\/\/nauti-parts.com\/de\/wp-json\/wp\/v2\/product"}],"about":[{"href":"https:\/\/nauti-parts.com\/de\/wp-json\/wp\/v2\/types\/product"}],"replies":[{"embeddable":true,"href":"https:\/\/nauti-parts.com\/de\/wp-json\/wp\/v2\/comments?post=21278"}],"wp:featuredmedia":[{"embeddable":true,"href":"https:\/\/nauti-parts.com\/de\/wp-json\/wp\/v2\/media\/17959"}],"wp:attachment":[{"href":"https:\/\/nauti-parts.com\/de\/wp-json\/wp\/v2\/media?parent=21278"}],"wp:term":[{"taxonomy":"product_brand","embeddable":true,"href":"https:\/\/nauti-parts.com\/de\/wp-json\/wp\/v2\/product_brand?post=21278"},{"taxonomy":"product_cat","embeddable":true,"href":"https:\/\/nauti-parts.com\/de\/wp-json\/wp\/v2\/product_cat?post=21278"},{"taxonomy":"product_tag","embeddable":true,"href":"https:\/\/nauti-parts.com\/de\/wp-json\/wp\/v2\/product_tag?post=21278"}],"curies":[{"name":"wp","href":"https:\/\/api.w.org\/{rel}","templated":true}]}}