{"id":21240,"date":"2021-03-30T07:37:16","date_gmt":"2021-03-30T07:37:16","guid":{"rendered":"https:\/\/nauti-parts.com\/shop\/unkategorisiert\/jobe-jinx-wakeboard-paket-128\/"},"modified":"2021-03-30T07:37:16","modified_gmt":"2021-03-30T07:37:16","slug":"jobe-jinx-wakeboard-paket-128","status":"publish","type":"product","link":"https:\/\/nauti-parts.com\/de\/shop\/bretter-skier\/wakeboards\/jobe-jinx-wakeboard-paket-128\/","title":{"rendered":"Jobe Jinx Wakeboard Paket 128"},"content":{"rendered":"<p>Ein 3-stufiger Rocker treibt Sie hoch hinauf und l\u00e4sst Sie sanft mit unglaublicher Kontrolle und Stabilit\u00e4t wieder herunter. Das Jobe Jinx eignet sich hervorragend f\u00fcr Anf\u00e4nger, die lernen wollen, und ist sehr fehlerverzeihend, wenn Sie Ihre Tricks auf dem Wasser \u00fcben! <\/p>\n<ul class=\"checkListSmall\">\n<li>Kontinuierliche Wippe<\/li>\n<li>2 abnehmbare Nylonflossen<\/li>\n<li>Tief gerillte Kan\u00e4le f\u00fcr Traktion und Kontrolle<\/li>\n<li>Doppelt konkaves Bodendesign f\u00fcr sanfte Landungen<\/li>\n<li>Kern mit hohem Druck<\/li>\n<li>Hochdruck-Lamellen<\/li>\n<li>Das Paket enth\u00e4lt: Jinx Wakeboard, transparente Wakeboardtasche, Junior Bindungen und Jinx Seil<\/li>\n<li>Brett: 128 cm | 50,4&#8243;<\/li>\n<\/ul>\n","protected":false},"excerpt":{"rendered":"<p>Sie kennen Jobe, also kennen Sie auch schon das Jobe Jinx Wakeboard Package 128. Dieser einzigartige Shape hat den Test der Zeit bestanden und ist schwer zu \u00fcbertreffen. Das Jinx Wakeboard Package verf\u00fcgt \u00fcber einen High-Press-Kern mit doppeltem konkavem Boden f\u00fcr sanfte Landungen und gibt Ihnen die Kontrolle \u00fcber jeden Trick, den Sie hinlegen wollen.  <\/p>\n","protected":false},"featured_media":16286,"comment_status":"open","ping_status":"closed","template":"","meta":{"_acf_changed":false},"product_brand":[],"product_cat":[214,218],"product_tag":[],"class_list":{"0":"post-21240","1":"product","2":"type-product","3":"status-publish","4":"has-post-thumbnail","6":"product_cat-bretter-skier","7":"product_cat-wakeboards","8":"repupress_customize_woocommerce_productom_class","10":"first","11":"instock","12":"taxable","13":"shipping-taxable","14":"purchasable","15":"product-type-simple"},"acf":[],"yoast_head":"<!-- This site is optimized with the Yoast SEO plugin v27.2 - https:\/\/yoast.com\/product\/yoast-seo-wordpress\/ -->\n<title>Jobe Jinx Wakeboard Paket 128 | Nauti Parts<\/title>\n<meta name=\"robots\" content=\"index, follow, max-snippet:-1, max-image-preview:large, max-video-preview:-1\" \/>\n<link rel=\"canonical\" href=\"https:\/\/nauti-parts.com\/de\/shop\/bretter-skier\/wakeboards\/jobe-jinx-wakeboard-paket-128\/\" \/>\n<meta property=\"og:locale\" content=\"de_DE\" \/>\n<meta property=\"og:type\" content=\"article\" \/>\n<meta property=\"og:title\" content=\"Jobe Jinx Wakeboard Paket 128 | Nauti Parts\" \/>\n<meta property=\"og:description\" content=\"Sie kennen Jobe, also kennen Sie auch schon das Jobe Jinx Wakeboard Package 128. Dieser einzigartige Shape hat den Test der Zeit bestanden und ist schwer zu \u00fcbertreffen. Das Jinx Wakeboard Package verf\u00fcgt \u00fcber einen High-Press-Kern mit doppeltem konkavem Boden f\u00fcr sanfte Landungen und gibt Ihnen die Kontrolle \u00fcber jeden Trick, den Sie hinlegen wollen.\" \/>\n<meta property=\"og:url\" content=\"https:\/\/nauti-parts.com\/de\/shop\/bretter-skier\/wakeboards\/jobe-jinx-wakeboard-paket-128\/\" \/>\n<meta property=\"og:site_name\" content=\"Nauti Parts\" \/>\n<meta property=\"article:publisher\" content=\"https:\/\/www.facebook.com\/nautipartsspain\/\" \/>\n<meta property=\"og:image\" content=\"https:\/\/nauti-parts.com\/wp-content\/uploads\/2021\/03\/jobe-jonx-wakeboard.jpeg\" \/>\n\t<meta property=\"og:image:width\" content=\"960\" \/>\n\t<meta property=\"og:image:height\" content=\"1200\" \/>\n\t<meta property=\"og:image:type\" content=\"image\/jpeg\" \/>\n<meta name=\"twitter:card\" content=\"summary_large_image\" \/>\n<script type=\"application\/ld+json\" class=\"yoast-schema-graph\">{\"@context\":\"https:\/\/schema.org\",\"@graph\":[{\"@type\":\"WebPage\",\"@id\":\"https:\/\/nauti-parts.com\/de\/shop\/bretter-skier\/wakeboards\/jobe-jinx-wakeboard-paket-128\/\",\"url\":\"https:\/\/nauti-parts.com\/de\/shop\/bretter-skier\/wakeboards\/jobe-jinx-wakeboard-paket-128\/\",\"name\":\"Jobe Jinx Wakeboard Paket 128 | Nauti Parts\",\"isPartOf\":{\"@id\":\"https:\/\/nauti-parts.com\/de\/#website\"},\"primaryImageOfPage\":{\"@id\":\"https:\/\/nauti-parts.com\/de\/shop\/bretter-skier\/wakeboards\/jobe-jinx-wakeboard-paket-128\/#primaryimage\"},\"image\":{\"@id\":\"https:\/\/nauti-parts.com\/de\/shop\/bretter-skier\/wakeboards\/jobe-jinx-wakeboard-paket-128\/#primaryimage\"},\"thumbnailUrl\":\"https:\/\/nauti-parts.com\/wp-content\/uploads\/2021\/03\/jobe-jonx-wakeboard.jpeg\",\"datePublished\":\"2021-03-30T07:37:16+00:00\",\"breadcrumb\":{\"@id\":\"https:\/\/nauti-parts.com\/de\/shop\/bretter-skier\/wakeboards\/jobe-jinx-wakeboard-paket-128\/#breadcrumb\"},\"inLanguage\":\"de\",\"potentialAction\":[{\"@type\":\"ReadAction\",\"target\":[\"https:\/\/nauti-parts.com\/de\/shop\/bretter-skier\/wakeboards\/jobe-jinx-wakeboard-paket-128\/\"]}]},{\"@type\":\"ImageObject\",\"inLanguage\":\"de\",\"@id\":\"https:\/\/nauti-parts.com\/de\/shop\/bretter-skier\/wakeboards\/jobe-jinx-wakeboard-paket-128\/#primaryimage\",\"url\":\"https:\/\/nauti-parts.com\/wp-content\/uploads\/2021\/03\/jobe-jonx-wakeboard.jpeg\",\"contentUrl\":\"https:\/\/nauti-parts.com\/wp-content\/uploads\/2021\/03\/jobe-jonx-wakeboard.jpeg\",\"width\":960,\"height\":1200,\"caption\":\"Jobe Jinx Wakeboard 128\"},{\"@type\":\"BreadcrumbList\",\"@id\":\"https:\/\/nauti-parts.com\/de\/shop\/bretter-skier\/wakeboards\/jobe-jinx-wakeboard-paket-128\/#breadcrumb\",\"itemListElement\":[{\"@type\":\"ListItem\",\"position\":1,\"name\":\"Shop\",\"item\":\"https:\/\/nauti-parts.com\/de\/shop\/\"},{\"@type\":\"ListItem\",\"position\":2,\"name\":\"Jobe Jinx Wakeboard Paket 128\"}]},{\"@type\":\"WebSite\",\"@id\":\"https:\/\/nauti-parts.com\/de\/#website\",\"url\":\"https:\/\/nauti-parts.com\/de\/\",\"name\":\"Nauti Parts\",\"description\":\"Sea-Doo Jet Ski - Seabob Dealer and Rentals | Water Toys Mallorca\",\"publisher\":{\"@id\":\"https:\/\/nauti-parts.com\/de\/#organization\"},\"potentialAction\":[{\"@type\":\"SearchAction\",\"target\":{\"@type\":\"EntryPoint\",\"urlTemplate\":\"https:\/\/nauti-parts.com\/de\/?s={search_term_string}\"},\"query-input\":{\"@type\":\"PropertyValueSpecification\",\"valueRequired\":true,\"valueName\":\"search_term_string\"}}],\"inLanguage\":\"de\"},{\"@type\":\"Organization\",\"@id\":\"https:\/\/nauti-parts.com\/de\/#organization\",\"name\":\"Nauti Teile\",\"url\":\"https:\/\/nauti-parts.com\/de\/\",\"logo\":{\"@type\":\"ImageObject\",\"inLanguage\":\"de\",\"@id\":\"https:\/\/nauti-parts.com\/de\/#\/schema\/logo\/image\/\",\"url\":\"https:\/\/nauti-parts.com\/wp-content\/uploads\/2023\/10\/np-logo-black.png\",\"contentUrl\":\"https:\/\/nauti-parts.com\/wp-content\/uploads\/2023\/10\/np-logo-black.png\",\"width\":253,\"height\":100,\"caption\":\"Nauti Teile\"},\"image\":{\"@id\":\"https:\/\/nauti-parts.com\/de\/#\/schema\/logo\/image\/\"},\"sameAs\":[\"https:\/\/www.facebook.com\/nautipartsspain\/\",\"https:\/\/www.instagram.com\/nautiparts\/\"]}]}<\/script>\n<!-- \/ Yoast SEO plugin. -->","yoast_head_json":{"title":"Jobe Jinx Wakeboard Paket 128 | Nauti Parts","robots":{"index":"index","follow":"follow","max-snippet":"max-snippet:-1","max-image-preview":"max-image-preview:large","max-video-preview":"max-video-preview:-1"},"canonical":"https:\/\/nauti-parts.com\/de\/shop\/bretter-skier\/wakeboards\/jobe-jinx-wakeboard-paket-128\/","og_locale":"de_DE","og_type":"article","og_title":"Jobe Jinx Wakeboard Paket 128 | Nauti Parts","og_description":"Sie kennen Jobe, also kennen Sie auch schon das Jobe Jinx Wakeboard Package 128. Dieser einzigartige Shape hat den Test der Zeit bestanden und ist schwer zu \u00fcbertreffen. Das Jinx Wakeboard Package verf\u00fcgt \u00fcber einen High-Press-Kern mit doppeltem konkavem Boden f\u00fcr sanfte Landungen und gibt Ihnen die Kontrolle \u00fcber jeden Trick, den Sie hinlegen wollen.","og_url":"https:\/\/nauti-parts.com\/de\/shop\/bretter-skier\/wakeboards\/jobe-jinx-wakeboard-paket-128\/","og_site_name":"Nauti Parts","article_publisher":"https:\/\/www.facebook.com\/nautipartsspain\/","og_image":[{"width":960,"height":1200,"url":"https:\/\/nauti-parts.com\/wp-content\/uploads\/2021\/03\/jobe-jonx-wakeboard.jpeg","type":"image\/jpeg"}],"twitter_card":"summary_large_image","schema":{"@context":"https:\/\/schema.org","@graph":[{"@type":"WebPage","@id":"https:\/\/nauti-parts.com\/de\/shop\/bretter-skier\/wakeboards\/jobe-jinx-wakeboard-paket-128\/","url":"https:\/\/nauti-parts.com\/de\/shop\/bretter-skier\/wakeboards\/jobe-jinx-wakeboard-paket-128\/","name":"Jobe Jinx Wakeboard Paket 128 | Nauti Parts","isPartOf":{"@id":"https:\/\/nauti-parts.com\/de\/#website"},"primaryImageOfPage":{"@id":"https:\/\/nauti-parts.com\/de\/shop\/bretter-skier\/wakeboards\/jobe-jinx-wakeboard-paket-128\/#primaryimage"},"image":{"@id":"https:\/\/nauti-parts.com\/de\/shop\/bretter-skier\/wakeboards\/jobe-jinx-wakeboard-paket-128\/#primaryimage"},"thumbnailUrl":"https:\/\/nauti-parts.com\/wp-content\/uploads\/2021\/03\/jobe-jonx-wakeboard.jpeg","datePublished":"2021-03-30T07:37:16+00:00","breadcrumb":{"@id":"https:\/\/nauti-parts.com\/de\/shop\/bretter-skier\/wakeboards\/jobe-jinx-wakeboard-paket-128\/#breadcrumb"},"inLanguage":"de","potentialAction":[{"@type":"ReadAction","target":["https:\/\/nauti-parts.com\/de\/shop\/bretter-skier\/wakeboards\/jobe-jinx-wakeboard-paket-128\/"]}]},{"@type":"ImageObject","inLanguage":"de","@id":"https:\/\/nauti-parts.com\/de\/shop\/bretter-skier\/wakeboards\/jobe-jinx-wakeboard-paket-128\/#primaryimage","url":"https:\/\/nauti-parts.com\/wp-content\/uploads\/2021\/03\/jobe-jonx-wakeboard.jpeg","contentUrl":"https:\/\/nauti-parts.com\/wp-content\/uploads\/2021\/03\/jobe-jonx-wakeboard.jpeg","width":960,"height":1200,"caption":"Jobe Jinx Wakeboard 128"},{"@type":"BreadcrumbList","@id":"https:\/\/nauti-parts.com\/de\/shop\/bretter-skier\/wakeboards\/jobe-jinx-wakeboard-paket-128\/#breadcrumb","itemListElement":[{"@type":"ListItem","position":1,"name":"Shop","item":"https:\/\/nauti-parts.com\/de\/shop\/"},{"@type":"ListItem","position":2,"name":"Jobe Jinx Wakeboard Paket 128"}]},{"@type":"WebSite","@id":"https:\/\/nauti-parts.com\/de\/#website","url":"https:\/\/nauti-parts.com\/de\/","name":"Nauti Parts","description":"Sea-Doo Jet Ski - Seabob Dealer and Rentals | Water Toys Mallorca","publisher":{"@id":"https:\/\/nauti-parts.com\/de\/#organization"},"potentialAction":[{"@type":"SearchAction","target":{"@type":"EntryPoint","urlTemplate":"https:\/\/nauti-parts.com\/de\/?s={search_term_string}"},"query-input":{"@type":"PropertyValueSpecification","valueRequired":true,"valueName":"search_term_string"}}],"inLanguage":"de"},{"@type":"Organization","@id":"https:\/\/nauti-parts.com\/de\/#organization","name":"Nauti Teile","url":"https:\/\/nauti-parts.com\/de\/","logo":{"@type":"ImageObject","inLanguage":"de","@id":"https:\/\/nauti-parts.com\/de\/#\/schema\/logo\/image\/","url":"https:\/\/nauti-parts.com\/wp-content\/uploads\/2023\/10\/np-logo-black.png","contentUrl":"https:\/\/nauti-parts.com\/wp-content\/uploads\/2023\/10\/np-logo-black.png","width":253,"height":100,"caption":"Nauti Teile"},"image":{"@id":"https:\/\/nauti-parts.com\/de\/#\/schema\/logo\/image\/"},"sameAs":["https:\/\/www.facebook.com\/nautipartsspain\/","https:\/\/www.instagram.com\/nautiparts\/"]}]}},"_links":{"self":[{"href":"https:\/\/nauti-parts.com\/de\/wp-json\/wp\/v2\/product\/21240","targetHints":{"allow":["GET"]}}],"collection":[{"href":"https:\/\/nauti-parts.com\/de\/wp-json\/wp\/v2\/product"}],"about":[{"href":"https:\/\/nauti-parts.com\/de\/wp-json\/wp\/v2\/types\/product"}],"replies":[{"embeddable":true,"href":"https:\/\/nauti-parts.com\/de\/wp-json\/wp\/v2\/comments?post=21240"}],"wp:featuredmedia":[{"embeddable":true,"href":"https:\/\/nauti-parts.com\/de\/wp-json\/wp\/v2\/media\/16286"}],"wp:attachment":[{"href":"https:\/\/nauti-parts.com\/de\/wp-json\/wp\/v2\/media?parent=21240"}],"wp:term":[{"taxonomy":"product_brand","embeddable":true,"href":"https:\/\/nauti-parts.com\/de\/wp-json\/wp\/v2\/product_brand?post=21240"},{"taxonomy":"product_cat","embeddable":true,"href":"https:\/\/nauti-parts.com\/de\/wp-json\/wp\/v2\/product_cat?post=21240"},{"taxonomy":"product_tag","embeddable":true,"href":"https:\/\/nauti-parts.com\/de\/wp-json\/wp\/v2\/product_tag?post=21240"}],"curies":[{"name":"wp","href":"https:\/\/api.w.org\/{rel}","templated":true}]}}