{"id":21207,"date":"2023-04-19T10:04:00","date_gmt":"2023-04-19T10:04:00","guid":{"rendered":"https:\/\/nauti-parts.com\/shop\/unkategorisiert\/sifly-rider\/"},"modified":"2023-04-19T10:04:00","modified_gmt":"2023-04-19T10:04:00","slug":"sifly-rider","status":"publish","type":"product","link":"https:\/\/nauti-parts.com\/de\/shop\/unkategorisiert\/sifly-rider\/","title":{"rendered":"SiFly Rider"},"content":{"rendered":"<div class=\"heading gen-heading-40\" data-name=\"gen-heading-40\" data-class=\"Shoptico.Editor.Frontend.Components.Basic.Heading\">\n<h2 class=\"h\" data-contenteditable-key=\"text\">Spezifikationen<\/h2>\n<\/div>\n<div class=\"product-characteristic-list gen-productcharacteristiclist-1\" data-name=\"gen-productcharacteristiclist-1\" data-class=\"Shoptico.Editor.Frontend.Components.Store.ProductCharacteristicList\">\n<div class=\"product-characteristic-view\" data-class=\"Shoptico.Editor.Frontend.Components.Store.ProductCharacteristicView_9\">\n<div class=\"block gen-block-63\" data-name=\"gen-block-63\" data-class=\"Shoptico.Editor.Frontend.Components.Block\">\n<ul>\n<li class=\"paragraph gen-paragraph-103\" data-name=\"gen-paragraph-103\" data-class=\"Shoptico.Editor.Frontend.Components.Basic.Paragraph\"><span class=\"paragraph\" data-name=\"span\" data-contenteditable-key=\"text\">Gewicht<\/span><span class=\"paragraph\" data-name=\"span\" data-contenteditable-key=\"text\">: <\/span><span class=\"paragraph\" data-name=\"span\" data-contenteditable-key=\"text\">33 kg<\/span><\/li>\n<li class=\"paragraph gen-paragraph-103\" data-name=\"gen-paragraph-103\" data-class=\"Shoptico.Editor.Frontend.Components.Basic.Paragraph\">Abmessungen (LxB)<span class=\"paragraph\" data-name=\"span\" data-contenteditable-key=\"text\">: 161 x 66 cm<\/span><\/li>\n<li class=\"paragraph gen-paragraph-103\" data-name=\"gen-paragraph-103\" data-class=\"Shoptico.Editor.Frontend.Components.Basic.Paragraph\">L\u00e4nge Brett<span class=\"paragraph\" data-name=\"span\" data-contenteditable-key=\"text\">: 5&#8217;4&#8243;<\/span><\/li>\n<li class=\"paragraph gen-paragraph-103\" data-name=\"gen-paragraph-103\" data-class=\"Shoptico.Editor.Frontend.Components.Basic.Paragraph\">Volumen<span class=\"paragraph\" data-name=\"span\" data-contenteditable-key=\"text\">: <\/span><span class=\"paragraph\" data-name=\"span\" data-contenteditable-key=\"text\">110 Liter<\/span><\/li>\n<li class=\"paragraph gen-paragraph-103\" data-name=\"gen-paragraph-103\" data-class=\"Shoptico.Editor.Frontend.Components.Basic.Paragraph\">Geschwindigkeit<span class=\"paragraph\" data-name=\"span\" data-contenteditable-key=\"text\">: <\/span><span class=\"paragraph\" data-name=\"span\" data-contenteditable-key=\"text\">bis zu 45 km\/h<\/span><\/li>\n<li class=\"paragraph gen-paragraph-103\" data-name=\"gen-paragraph-103\" data-class=\"Shoptico.Editor.Frontend.Components.Basic.Paragraph\">Akku<span class=\"paragraph\" data-name=\"span\" data-contenteditable-key=\"text\">: Wiederaufladbarer Lithium-Ionen-Akku 44,8 Ah \/ 58,8 V \/ 30 km Reichweite<\/span><\/li>\n<li data-name=\"gen-paragraph-103\" data-class=\"Shoptico.Editor.Frontend.Components.Basic.Paragraph\"><span class=\"paragraph\" data-name=\"span\" data-contenteditable-key=\"text\">Material<\/span><span class=\"paragraph\" data-name=\"span\" data-contenteditable-key=\"text\">: Verbundplatte aus Kohlefaser und Glasfaser mit einem leichten EPS-Kern<\/span><\/li>\n<li data-name=\"gen-paragraph-103\" data-class=\"Shoptico.Editor.Frontend.Components.Basic.Paragraph\">Lebensdauer der Batterie<span class=\"paragraph\" data-name=\"span\" data-contenteditable-key=\"text\">: <\/span><span class=\"paragraph\" data-name=\"span\" data-contenteditable-key=\"text\">120 min<\/span><\/li>\n<li data-name=\"gen-paragraph-103\" data-class=\"Shoptico.Editor.Frontend.Components.Basic.Paragraph\">Aufladezeit<span class=\"paragraph\" data-name=\"span\" data-contenteditable-key=\"text\">: <\/span><span class=\"paragraph\" data-name=\"span\" data-contenteditable-key=\"text\">2,5 h<\/span><\/li>\n<\/ul>\n<\/div>\n<\/div>\n<\/div>\n","protected":false},"excerpt":{"rendered":"<h3 class=\"paragraph gen-paragraph-100\" data-name=\"gen-paragraph-100\" data-class=\"Shoptico.Editor.Frontend.Components.Basic.Paragraph\"><span class=\"paragraph\" data-name=\"span\" data-contenteditable-key=\"text\">Zug\u00e4ngliche Leistung.<\/span><\/h3>\n<p>W\u00fcnschen Sie sich ein vielseitiges und leicht zu transportierendes Board, das leichtf\u00fc\u00dfig ist und dennoch au\u00dfergew\u00f6hnlich stabil im Flug und auf dem Wasser? Wenn die Antwort auf diese Frage &#8220;Ja&#8221; lautet, dann ist das 110 L Softop &#8211; SiFly Rider Board genau das Richtige f\u00fcr Sie! Das mittlere Volumen von 110 l sorgt f\u00fcr einen guten Auftrieb, der Personen bis zu 80 kg im Stand \u00fcber der Wasseroberfl\u00e4che h\u00e4lt, w\u00e4hrend die kleinere Outline aggressive Kurven und Bewegungsfreiheit erm\u00f6glicht. Das Herzst\u00fcck des Boards ist eine extrem robuste Innenkonstruktion. Die sch\u00f6ne \u00e4u\u00dfere Form ist aus sto\u00dffestem und sto\u00dfabsorbierendem, geschlossenzelligem Schaumstoff gefertigt. Das Board wird in einer Stahlform geformt, um die Perfektion jeder einzelnen Einheit zu gew\u00e4hrleisten und Abfall und Umweltbelastung auf ein Minimum zu reduzieren. Das weiche Deck ist sicher und verzeihend, wenn Sie darauf fallen, aber dennoch steif genug, um das Board mit Leichtigkeit zu kontrollieren.      <\/p>\n<p>Gewichtsbereich des Fahrers: 40 &#8211; 110kg<\/p>\n","protected":false},"featured_media":0,"comment_status":"open","ping_status":"closed","template":"","meta":{"_acf_changed":false},"product_brand":[],"product_cat":[79],"product_tag":[],"class_list":{"0":"post-21207","1":"product","2":"type-product","3":"status-publish","5":"product_cat-uncategorized","6":"repupress_customize_woocommerce_productom_class","8":"first","9":"instock","10":"taxable","11":"shipping-taxable","12":"purchasable","13":"product-type-simple"},"acf":[],"yoast_head":"<!-- This site is optimized with the Yoast SEO plugin v27.5 - https:\/\/yoast.com\/product\/yoast-seo-wordpress\/ -->\n<title>SiFly Rider | Nauti Parts<\/title>\n<meta name=\"robots\" content=\"index, follow, max-snippet:-1, max-image-preview:large, max-video-preview:-1\" \/>\n<link rel=\"canonical\" href=\"https:\/\/nauti-parts.com\/de\/shop\/unkategorisiert\/sifly-rider\/\" \/>\n<meta property=\"og:locale\" content=\"de_DE\" \/>\n<meta property=\"og:type\" content=\"article\" \/>\n<meta property=\"og:title\" content=\"SiFly Rider | Nauti Parts\" \/>\n<meta property=\"og:description\" content=\"Zug\u00e4ngliche Leistung. W\u00fcnschen Sie sich ein vielseitiges und leicht zu transportierendes Board, das leichtf\u00fc\u00dfig ist und dennoch au\u00dfergew\u00f6hnlich stabil im Flug und auf dem Wasser? Wenn die Antwort auf diese Frage &quot;Ja&quot; lautet, dann ist das 110 L Softop - SiFly Rider Board genau das Richtige f\u00fcr Sie! Das mittlere Volumen von 110 l sorgt f\u00fcr einen guten Auftrieb, der Personen bis zu 80 kg im Stand \u00fcber der Wasseroberfl\u00e4che h\u00e4lt, w\u00e4hrend die kleinere Outline aggressive Kurven und Bewegungsfreiheit erm\u00f6glicht. Das Herzst\u00fcck des Boards ist eine extrem robuste Innenkonstruktion. Die sch\u00f6ne \u00e4u\u00dfere Form ist aus sto\u00dffestem und sto\u00dfabsorbierendem, geschlossenzelligem Schaumstoff gefertigt. Das Board wird in einer Stahlform geformt, um die Perfektion jeder einzelnen Einheit zu gew\u00e4hrleisten und Abfall und Umweltbelastung auf ein Minimum zu reduzieren. Das weiche Deck ist sicher und verzeihend, wenn Sie darauf fallen, aber dennoch steif genug, um das Board mit Leichtigkeit zu kontrollieren.    Gewichtsbereich des Fahrers: 40 - 110kg\" \/>\n<meta property=\"og:url\" content=\"https:\/\/nauti-parts.com\/de\/shop\/unkategorisiert\/sifly-rider\/\" \/>\n<meta property=\"og:site_name\" content=\"Nauti Parts\" \/>\n<meta property=\"article:publisher\" content=\"https:\/\/www.facebook.com\/nautipartsspain\/\" \/>\n<meta property=\"og:image\" content=\"https:\/\/nauti-parts.com\/wp-content\/uploads\/2019\/05\/Sea-Doo-jetskis-mallorca.jpg\" \/>\n\t<meta property=\"og:image:width\" content=\"900\" \/>\n\t<meta property=\"og:image:height\" content=\"500\" \/>\n\t<meta property=\"og:image:type\" content=\"image\/jpeg\" \/>\n<meta name=\"twitter:card\" content=\"summary_large_image\" \/>\n<script type=\"application\/ld+json\" class=\"yoast-schema-graph\">{\"@context\":\"https:\\\/\\\/schema.org\",\"@graph\":[{\"@type\":\"WebPage\",\"@id\":\"https:\\\/\\\/nauti-parts.com\\\/de\\\/shop\\\/unkategorisiert\\\/sifly-rider\\\/\",\"url\":\"https:\\\/\\\/nauti-parts.com\\\/de\\\/shop\\\/unkategorisiert\\\/sifly-rider\\\/\",\"name\":\"SiFly Rider | Nauti Parts\",\"isPartOf\":{\"@id\":\"https:\\\/\\\/nauti-parts.com\\\/de\\\/#website\"},\"datePublished\":\"2023-04-19T10:04:00+00:00\",\"breadcrumb\":{\"@id\":\"https:\\\/\\\/nauti-parts.com\\\/de\\\/shop\\\/unkategorisiert\\\/sifly-rider\\\/#breadcrumb\"},\"inLanguage\":\"de\",\"potentialAction\":[{\"@type\":\"ReadAction\",\"target\":[\"https:\\\/\\\/nauti-parts.com\\\/de\\\/shop\\\/unkategorisiert\\\/sifly-rider\\\/\"]}]},{\"@type\":\"BreadcrumbList\",\"@id\":\"https:\\\/\\\/nauti-parts.com\\\/de\\\/shop\\\/unkategorisiert\\\/sifly-rider\\\/#breadcrumb\",\"itemListElement\":[{\"@type\":\"ListItem\",\"position\":1,\"name\":\"Shop\",\"item\":\"https:\\\/\\\/nauti-parts.com\\\/de\\\/shop\\\/\"},{\"@type\":\"ListItem\",\"position\":2,\"name\":\"SiFly Rider\"}]},{\"@type\":\"WebSite\",\"@id\":\"https:\\\/\\\/nauti-parts.com\\\/de\\\/#website\",\"url\":\"https:\\\/\\\/nauti-parts.com\\\/de\\\/\",\"name\":\"Nauti Parts\",\"description\":\"Sea-Doo Jet Ski - Seabob Dealer and Rentals | Water Toys Mallorca\",\"publisher\":{\"@id\":\"https:\\\/\\\/nauti-parts.com\\\/de\\\/#organization\"},\"potentialAction\":[{\"@type\":\"SearchAction\",\"target\":{\"@type\":\"EntryPoint\",\"urlTemplate\":\"https:\\\/\\\/nauti-parts.com\\\/de\\\/?s={search_term_string}\"},\"query-input\":{\"@type\":\"PropertyValueSpecification\",\"valueRequired\":true,\"valueName\":\"search_term_string\"}}],\"inLanguage\":\"de\"},{\"@type\":\"Organization\",\"@id\":\"https:\\\/\\\/nauti-parts.com\\\/de\\\/#organization\",\"name\":\"Nauti Teile\",\"url\":\"https:\\\/\\\/nauti-parts.com\\\/de\\\/\",\"logo\":{\"@type\":\"ImageObject\",\"inLanguage\":\"de\",\"@id\":\"https:\\\/\\\/nauti-parts.com\\\/de\\\/#\\\/schema\\\/logo\\\/image\\\/\",\"url\":\"https:\\\/\\\/nauti-parts.com\\\/wp-content\\\/uploads\\\/2023\\\/10\\\/np-logo-black.png\",\"contentUrl\":\"https:\\\/\\\/nauti-parts.com\\\/wp-content\\\/uploads\\\/2023\\\/10\\\/np-logo-black.png\",\"width\":253,\"height\":100,\"caption\":\"Nauti Teile\"},\"image\":{\"@id\":\"https:\\\/\\\/nauti-parts.com\\\/de\\\/#\\\/schema\\\/logo\\\/image\\\/\"},\"sameAs\":[\"https:\\\/\\\/www.facebook.com\\\/nautipartsspain\\\/\",\"https:\\\/\\\/www.instagram.com\\\/nautiparts\\\/\"]}]}<\/script>\n<!-- \/ Yoast SEO plugin. -->","yoast_head_json":{"title":"SiFly Rider | Nauti Parts","robots":{"index":"index","follow":"follow","max-snippet":"max-snippet:-1","max-image-preview":"max-image-preview:large","max-video-preview":"max-video-preview:-1"},"canonical":"https:\/\/nauti-parts.com\/de\/shop\/unkategorisiert\/sifly-rider\/","og_locale":"de_DE","og_type":"article","og_title":"SiFly Rider | Nauti Parts","og_description":"Zug\u00e4ngliche Leistung. W\u00fcnschen Sie sich ein vielseitiges und leicht zu transportierendes Board, das leichtf\u00fc\u00dfig ist und dennoch au\u00dfergew\u00f6hnlich stabil im Flug und auf dem Wasser? Wenn die Antwort auf diese Frage \"Ja\" lautet, dann ist das 110 L Softop - SiFly Rider Board genau das Richtige f\u00fcr Sie! Das mittlere Volumen von 110 l sorgt f\u00fcr einen guten Auftrieb, der Personen bis zu 80 kg im Stand \u00fcber der Wasseroberfl\u00e4che h\u00e4lt, w\u00e4hrend die kleinere Outline aggressive Kurven und Bewegungsfreiheit erm\u00f6glicht. Das Herzst\u00fcck des Boards ist eine extrem robuste Innenkonstruktion. Die sch\u00f6ne \u00e4u\u00dfere Form ist aus sto\u00dffestem und sto\u00dfabsorbierendem, geschlossenzelligem Schaumstoff gefertigt. Das Board wird in einer Stahlform geformt, um die Perfektion jeder einzelnen Einheit zu gew\u00e4hrleisten und Abfall und Umweltbelastung auf ein Minimum zu reduzieren. Das weiche Deck ist sicher und verzeihend, wenn Sie darauf fallen, aber dennoch steif genug, um das Board mit Leichtigkeit zu kontrollieren.    Gewichtsbereich des Fahrers: 40 - 110kg","og_url":"https:\/\/nauti-parts.com\/de\/shop\/unkategorisiert\/sifly-rider\/","og_site_name":"Nauti Parts","article_publisher":"https:\/\/www.facebook.com\/nautipartsspain\/","og_image":[{"width":900,"height":500,"url":"https:\/\/nauti-parts.com\/wp-content\/uploads\/2019\/05\/Sea-Doo-jetskis-mallorca.jpg","type":"image\/jpeg"}],"twitter_card":"summary_large_image","schema":{"@context":"https:\/\/schema.org","@graph":[{"@type":"WebPage","@id":"https:\/\/nauti-parts.com\/de\/shop\/unkategorisiert\/sifly-rider\/","url":"https:\/\/nauti-parts.com\/de\/shop\/unkategorisiert\/sifly-rider\/","name":"SiFly Rider | Nauti Parts","isPartOf":{"@id":"https:\/\/nauti-parts.com\/de\/#website"},"datePublished":"2023-04-19T10:04:00+00:00","breadcrumb":{"@id":"https:\/\/nauti-parts.com\/de\/shop\/unkategorisiert\/sifly-rider\/#breadcrumb"},"inLanguage":"de","potentialAction":[{"@type":"ReadAction","target":["https:\/\/nauti-parts.com\/de\/shop\/unkategorisiert\/sifly-rider\/"]}]},{"@type":"BreadcrumbList","@id":"https:\/\/nauti-parts.com\/de\/shop\/unkategorisiert\/sifly-rider\/#breadcrumb","itemListElement":[{"@type":"ListItem","position":1,"name":"Shop","item":"https:\/\/nauti-parts.com\/de\/shop\/"},{"@type":"ListItem","position":2,"name":"SiFly Rider"}]},{"@type":"WebSite","@id":"https:\/\/nauti-parts.com\/de\/#website","url":"https:\/\/nauti-parts.com\/de\/","name":"Nauti Parts","description":"Sea-Doo Jet Ski - Seabob Dealer and Rentals | Water Toys Mallorca","publisher":{"@id":"https:\/\/nauti-parts.com\/de\/#organization"},"potentialAction":[{"@type":"SearchAction","target":{"@type":"EntryPoint","urlTemplate":"https:\/\/nauti-parts.com\/de\/?s={search_term_string}"},"query-input":{"@type":"PropertyValueSpecification","valueRequired":true,"valueName":"search_term_string"}}],"inLanguage":"de"},{"@type":"Organization","@id":"https:\/\/nauti-parts.com\/de\/#organization","name":"Nauti Teile","url":"https:\/\/nauti-parts.com\/de\/","logo":{"@type":"ImageObject","inLanguage":"de","@id":"https:\/\/nauti-parts.com\/de\/#\/schema\/logo\/image\/","url":"https:\/\/nauti-parts.com\/wp-content\/uploads\/2023\/10\/np-logo-black.png","contentUrl":"https:\/\/nauti-parts.com\/wp-content\/uploads\/2023\/10\/np-logo-black.png","width":253,"height":100,"caption":"Nauti Teile"},"image":{"@id":"https:\/\/nauti-parts.com\/de\/#\/schema\/logo\/image\/"},"sameAs":["https:\/\/www.facebook.com\/nautipartsspain\/","https:\/\/www.instagram.com\/nautiparts\/"]}]}},"_links":{"self":[{"href":"https:\/\/nauti-parts.com\/de\/wp-json\/wp\/v2\/product\/21207","targetHints":{"allow":["GET"]}}],"collection":[{"href":"https:\/\/nauti-parts.com\/de\/wp-json\/wp\/v2\/product"}],"about":[{"href":"https:\/\/nauti-parts.com\/de\/wp-json\/wp\/v2\/types\/product"}],"replies":[{"embeddable":true,"href":"https:\/\/nauti-parts.com\/de\/wp-json\/wp\/v2\/comments?post=21207"}],"wp:attachment":[{"href":"https:\/\/nauti-parts.com\/de\/wp-json\/wp\/v2\/media?parent=21207"}],"wp:term":[{"taxonomy":"product_brand","embeddable":true,"href":"https:\/\/nauti-parts.com\/de\/wp-json\/wp\/v2\/product_brand?post=21207"},{"taxonomy":"product_cat","embeddable":true,"href":"https:\/\/nauti-parts.com\/de\/wp-json\/wp\/v2\/product_cat?post=21207"},{"taxonomy":"product_tag","embeddable":true,"href":"https:\/\/nauti-parts.com\/de\/wp-json\/wp\/v2\/product_tag?post=21207"}],"curies":[{"name":"wp","href":"https:\/\/api.w.org\/{rel}","templated":true}]}}