{"id":21173,"date":"2024-05-29T10:16:09","date_gmt":"2024-05-29T10:16:09","guid":{"rendered":"https:\/\/nauti-parts.com\/shop\/unkategorisiert\/flitescooter\/"},"modified":"2024-05-29T10:16:09","modified_gmt":"2024-05-29T10:16:09","slug":"flitescooter","status":"publish","type":"product","link":"https:\/\/nauti-parts.com\/de\/shop\/bretter-skier\/e-folien\/fliteboard\/flitescooter\/","title":{"rendered":"FliteScooter"},"content":{"rendered":"<p class=\"p1\">Fliteboard Scooter ist fantastisch f\u00fcr jedermann &#8211; ein schwimmf\u00e4higes, stabiles und haltbares Brett. Perfekt f\u00fcr Yachten mit Charterg\u00e4sten, denn der abnehmbare Griff sorgt f\u00fcr ein gutes Gleichgewicht und Stabilit\u00e4t f\u00fcr alle Fahrer! <\/p>\n<hr>\n<div class=\"Grid__Cell 1\/2--phone 1\/3--tablet-and-up 1\/3--desk\">\n<div class=\"details-block pb-1\">\n<div class=\"details-block-content-air-info-grid-text\">\n<p class=\"p1\">Lernen Sie das eFoil in wenigen Minuten. Abnehmbare Lenker und ein aufblasbares Brett bieten so viel Stabilit\u00e4t, dass Sie einfach aufsteigen und losfahren k\u00f6nnen. <\/p>\n<p class=\"p1\"><strong>Gewicht:* 84.0lbs \/ 38kg <\/strong><br \/>\n<strong>L\u00e4nge: 7&#8217;0&#8243; \/ 213.4 cm <\/strong><br \/>\n<strong>Breite: 35&#8243; \/ 88.9 cm<\/strong><\/p>\n<p>*Gewicht = Brett + Fl\u00fcgel + eFoil + Nano Flitecell<\/p>\n<hr>\n<p class=\"block-heading-air-info-grid-text\">Das <b>aufblasbare<br \/>\n<\/b>Fliteboard AIR hat ein aufblasbares \u00c4u\u00dferes, wodurch es leichter zu benutzen und f\u00fcr den Transport und die Aufbewahrung einfach zusammenzurollen ist.<\/p>\n<\/div>\n<\/div>\n<\/div>\n<div class=\"details-block pb-1\">\n<div class=\"details-block-content-air-info-grid-text\">\n<p class=\"block-heading-air-info-grid-text\">Der <b>robuste<br \/>\n<\/b>Fliteboard Scooter ist daf\u00fcr gemacht, benutzt zu werden! Ob in der Flugschule oder auf der Yacht, er ist robust genug, um immer wieder Spa\u00df zu machen. <\/p>\n<\/div>\n<\/div>\n<div class=\"details-block pb-1\">\n<div class=\"details-block-content-air-info-grid-text\">\n<p class=\"block-heading-air-info-grid-text\"><b>Schwimmf\u00e4hig<br \/>\n<\/b>Mit einer Gewichtskapazit\u00e4t von 100 kg und 150 Litern Volumen k\u00f6nnen schwerere Fahrer m\u00fchelos liegen, knien und stehen<\/p>\n<\/div>\n<\/div>\n<div class=\"details-block pb-1\">\n<div class=\"details-block-content-air-info-grid-text\">\n<p class=\"block-heading-air-info-grid-text\"><b>Stabil<br \/>\n<\/b>Die zus\u00e4tzliche Breite und L\u00e4nge bedeutet, dass es eine sichere und stabile Plattform ist, um die Kunst des eFoiling zu erlernen.<\/p>\n<\/div>\n<\/div>\n<div class=\"details-block pb-1\">\n<div class=\"details-block-content-air-info-grid-text\">\n<p class=\"block-heading-air-info-grid-text\"><b>Leichtg\u00e4ngig<br \/>\n<\/b>Das Fliteboard AIR hat einen k\u00fcrzeren Mast. Mit einer L\u00e4nge von 60 cm erm\u00f6glicht er ein fehlerverzeihendes und entspanntes Fahren. <\/p>\n<\/div>\n<\/div>\n<div class=\"Grid__Cell 1\/2--phone 1\/3--tablet-and-up 1\/3--desk\">\n<div class=\"details-block pb-1\">\n<div class=\"details-block-content-air-info-grid-text\">\n<p class=\"block-heading-air-info-grid-text\"><b>Teilen Sie die Freude<br \/>\n<\/b>Wenn Sie zum ersten Mal auf einem eFoil sind, macht Fliteboard AIR es Freunden und Familie leicht, es zu lernen.<\/p>\n<\/div>\n<\/div>\n<\/div>\n<hr>\n<p>DER ANGEGEBENE PREIS BEINHALTET DATEIZELLE, FOLIE UND FL\u00dcGEL, FLITE JET, STANDARD-LADEGER\u00c4T, FLITE CONTROLLER + EINFUHRGEB\u00dcHREN, Z\u00d6LLE &amp; STEUERN, VERSAND &amp; SCHULUNG<\/p>\n","protected":false},"excerpt":{"rendered":"<h3 class=\"p1\">Die Leichtigkeit eines Rollers, die Freude von Flite<\/h3>\n<p class=\"p1\">F\u00fchlen Sie die Freiheit des Fliegens \u00fcber Wasser, mit Lenkstangen f\u00fcr Gleichgewicht und Stabilit\u00e4t.<\/p>\n","protected":false},"featured_media":18273,"comment_status":"open","ping_status":"closed","template":"","meta":{"_acf_changed":false},"product_brand":[],"product_cat":[214,222,223],"product_tag":[],"class_list":{"0":"post-21173","1":"product","2":"type-product","3":"status-publish","4":"has-post-thumbnail","6":"product_cat-bretter-skier","7":"product_cat-e-folien","8":"product_cat-fliteboard","9":"repupress_customize_woocommerce_productom_class","11":"first","12":"instock","13":"featured","14":"taxable","15":"shipping-taxable","16":"purchasable","17":"product-type-variable"},"acf":[],"yoast_head":"<!-- This site is optimized with the Yoast SEO plugin v27.5 - https:\/\/yoast.com\/product\/yoast-seo-wordpress\/ -->\n<title>FliteScooter | Nauti Parts<\/title>\n<meta name=\"robots\" content=\"index, follow, max-snippet:-1, max-image-preview:large, max-video-preview:-1\" \/>\n<link rel=\"canonical\" href=\"https:\/\/nauti-parts.com\/de\/shop\/bretter-skier\/e-folien\/fliteboard\/flitescooter\/\" \/>\n<meta property=\"og:locale\" content=\"de_DE\" \/>\n<meta property=\"og:type\" content=\"article\" \/>\n<meta property=\"og:title\" content=\"FliteScooter | Nauti Parts\" \/>\n<meta property=\"og:description\" content=\"Die Leichtigkeit eines Rollers, die Freude von Flite F\u00fchlen Sie die Freiheit des Fliegens \u00fcber Wasser, mit Lenkstangen f\u00fcr Gleichgewicht und Stabilit\u00e4t.\" \/>\n<meta property=\"og:url\" content=\"https:\/\/nauti-parts.com\/de\/shop\/bretter-skier\/e-folien\/fliteboard\/flitescooter\/\" \/>\n<meta property=\"og:site_name\" content=\"Nauti Parts\" \/>\n<meta property=\"article:publisher\" content=\"https:\/\/www.facebook.com\/nautipartsspain\/\" \/>\n<meta property=\"og:image\" content=\"https:\/\/nauti-parts.com\/wp-content\/uploads\/2024\/05\/flitescooter-silver.png\" \/>\n\t<meta property=\"og:image:width\" content=\"1024\" \/>\n\t<meta property=\"og:image:height\" content=\"1024\" \/>\n\t<meta property=\"og:image:type\" content=\"image\/png\" \/>\n<meta name=\"twitter:card\" content=\"summary_large_image\" \/>\n<meta name=\"twitter:label1\" content=\"Gesch\u00e4tzte Lesezeit\" \/>\n\t<meta name=\"twitter:data1\" content=\"1\u00a0Minute\" \/>\n<script type=\"application\/ld+json\" class=\"yoast-schema-graph\">{\"@context\":\"https:\\\/\\\/schema.org\",\"@graph\":[{\"@type\":\"WebPage\",\"@id\":\"https:\\\/\\\/nauti-parts.com\\\/de\\\/shop\\\/bretter-skier\\\/e-folien\\\/fliteboard\\\/flitescooter\\\/\",\"url\":\"https:\\\/\\\/nauti-parts.com\\\/de\\\/shop\\\/bretter-skier\\\/e-folien\\\/fliteboard\\\/flitescooter\\\/\",\"name\":\"FliteScooter | Nauti Parts\",\"isPartOf\":{\"@id\":\"https:\\\/\\\/nauti-parts.com\\\/de\\\/#website\"},\"primaryImageOfPage\":{\"@id\":\"https:\\\/\\\/nauti-parts.com\\\/de\\\/shop\\\/bretter-skier\\\/e-folien\\\/fliteboard\\\/flitescooter\\\/#primaryimage\"},\"image\":{\"@id\":\"https:\\\/\\\/nauti-parts.com\\\/de\\\/shop\\\/bretter-skier\\\/e-folien\\\/fliteboard\\\/flitescooter\\\/#primaryimage\"},\"thumbnailUrl\":\"https:\\\/\\\/nauti-parts.com\\\/wp-content\\\/uploads\\\/2024\\\/05\\\/flitescooter-silver.png\",\"datePublished\":\"2024-05-29T10:16:09+00:00\",\"breadcrumb\":{\"@id\":\"https:\\\/\\\/nauti-parts.com\\\/de\\\/shop\\\/bretter-skier\\\/e-folien\\\/fliteboard\\\/flitescooter\\\/#breadcrumb\"},\"inLanguage\":\"de\",\"potentialAction\":[{\"@type\":\"ReadAction\",\"target\":[\"https:\\\/\\\/nauti-parts.com\\\/de\\\/shop\\\/bretter-skier\\\/e-folien\\\/fliteboard\\\/flitescooter\\\/\"]}]},{\"@type\":\"ImageObject\",\"inLanguage\":\"de\",\"@id\":\"https:\\\/\\\/nauti-parts.com\\\/de\\\/shop\\\/bretter-skier\\\/e-folien\\\/fliteboard\\\/flitescooter\\\/#primaryimage\",\"url\":\"https:\\\/\\\/nauti-parts.com\\\/wp-content\\\/uploads\\\/2024\\\/05\\\/flitescooter-silver.png\",\"contentUrl\":\"https:\\\/\\\/nauti-parts.com\\\/wp-content\\\/uploads\\\/2024\\\/05\\\/flitescooter-silver.png\",\"width\":1024,\"height\":1024},{\"@type\":\"BreadcrumbList\",\"@id\":\"https:\\\/\\\/nauti-parts.com\\\/de\\\/shop\\\/bretter-skier\\\/e-folien\\\/fliteboard\\\/flitescooter\\\/#breadcrumb\",\"itemListElement\":[{\"@type\":\"ListItem\",\"position\":1,\"name\":\"Shop\",\"item\":\"https:\\\/\\\/nauti-parts.com\\\/de\\\/shop\\\/\"},{\"@type\":\"ListItem\",\"position\":2,\"name\":\"FliteScooter\"}]},{\"@type\":\"WebSite\",\"@id\":\"https:\\\/\\\/nauti-parts.com\\\/de\\\/#website\",\"url\":\"https:\\\/\\\/nauti-parts.com\\\/de\\\/\",\"name\":\"Nauti Parts\",\"description\":\"Sea-Doo Jet Ski - Seabob Dealer and Rentals | Water Toys Mallorca\",\"publisher\":{\"@id\":\"https:\\\/\\\/nauti-parts.com\\\/de\\\/#organization\"},\"potentialAction\":[{\"@type\":\"SearchAction\",\"target\":{\"@type\":\"EntryPoint\",\"urlTemplate\":\"https:\\\/\\\/nauti-parts.com\\\/de\\\/?s={search_term_string}\"},\"query-input\":{\"@type\":\"PropertyValueSpecification\",\"valueRequired\":true,\"valueName\":\"search_term_string\"}}],\"inLanguage\":\"de\"},{\"@type\":\"Organization\",\"@id\":\"https:\\\/\\\/nauti-parts.com\\\/de\\\/#organization\",\"name\":\"Nauti Teile\",\"url\":\"https:\\\/\\\/nauti-parts.com\\\/de\\\/\",\"logo\":{\"@type\":\"ImageObject\",\"inLanguage\":\"de\",\"@id\":\"https:\\\/\\\/nauti-parts.com\\\/de\\\/#\\\/schema\\\/logo\\\/image\\\/\",\"url\":\"https:\\\/\\\/nauti-parts.com\\\/wp-content\\\/uploads\\\/2023\\\/10\\\/np-logo-black.png\",\"contentUrl\":\"https:\\\/\\\/nauti-parts.com\\\/wp-content\\\/uploads\\\/2023\\\/10\\\/np-logo-black.png\",\"width\":253,\"height\":100,\"caption\":\"Nauti Teile\"},\"image\":{\"@id\":\"https:\\\/\\\/nauti-parts.com\\\/de\\\/#\\\/schema\\\/logo\\\/image\\\/\"},\"sameAs\":[\"https:\\\/\\\/www.facebook.com\\\/nautipartsspain\\\/\",\"https:\\\/\\\/www.instagram.com\\\/nautiparts\\\/\"]}]}<\/script>\n<!-- \/ Yoast SEO plugin. -->","yoast_head_json":{"title":"FliteScooter | Nauti Parts","robots":{"index":"index","follow":"follow","max-snippet":"max-snippet:-1","max-image-preview":"max-image-preview:large","max-video-preview":"max-video-preview:-1"},"canonical":"https:\/\/nauti-parts.com\/de\/shop\/bretter-skier\/e-folien\/fliteboard\/flitescooter\/","og_locale":"de_DE","og_type":"article","og_title":"FliteScooter | Nauti Parts","og_description":"Die Leichtigkeit eines Rollers, die Freude von Flite F\u00fchlen Sie die Freiheit des Fliegens \u00fcber Wasser, mit Lenkstangen f\u00fcr Gleichgewicht und Stabilit\u00e4t.","og_url":"https:\/\/nauti-parts.com\/de\/shop\/bretter-skier\/e-folien\/fliteboard\/flitescooter\/","og_site_name":"Nauti Parts","article_publisher":"https:\/\/www.facebook.com\/nautipartsspain\/","og_image":[{"width":1024,"height":1024,"url":"https:\/\/nauti-parts.com\/wp-content\/uploads\/2024\/05\/flitescooter-silver.png","type":"image\/png"}],"twitter_card":"summary_large_image","twitter_misc":{"Gesch\u00e4tzte Lesezeit":"1\u00a0Minute"},"schema":{"@context":"https:\/\/schema.org","@graph":[{"@type":"WebPage","@id":"https:\/\/nauti-parts.com\/de\/shop\/bretter-skier\/e-folien\/fliteboard\/flitescooter\/","url":"https:\/\/nauti-parts.com\/de\/shop\/bretter-skier\/e-folien\/fliteboard\/flitescooter\/","name":"FliteScooter | Nauti Parts","isPartOf":{"@id":"https:\/\/nauti-parts.com\/de\/#website"},"primaryImageOfPage":{"@id":"https:\/\/nauti-parts.com\/de\/shop\/bretter-skier\/e-folien\/fliteboard\/flitescooter\/#primaryimage"},"image":{"@id":"https:\/\/nauti-parts.com\/de\/shop\/bretter-skier\/e-folien\/fliteboard\/flitescooter\/#primaryimage"},"thumbnailUrl":"https:\/\/nauti-parts.com\/wp-content\/uploads\/2024\/05\/flitescooter-silver.png","datePublished":"2024-05-29T10:16:09+00:00","breadcrumb":{"@id":"https:\/\/nauti-parts.com\/de\/shop\/bretter-skier\/e-folien\/fliteboard\/flitescooter\/#breadcrumb"},"inLanguage":"de","potentialAction":[{"@type":"ReadAction","target":["https:\/\/nauti-parts.com\/de\/shop\/bretter-skier\/e-folien\/fliteboard\/flitescooter\/"]}]},{"@type":"ImageObject","inLanguage":"de","@id":"https:\/\/nauti-parts.com\/de\/shop\/bretter-skier\/e-folien\/fliteboard\/flitescooter\/#primaryimage","url":"https:\/\/nauti-parts.com\/wp-content\/uploads\/2024\/05\/flitescooter-silver.png","contentUrl":"https:\/\/nauti-parts.com\/wp-content\/uploads\/2024\/05\/flitescooter-silver.png","width":1024,"height":1024},{"@type":"BreadcrumbList","@id":"https:\/\/nauti-parts.com\/de\/shop\/bretter-skier\/e-folien\/fliteboard\/flitescooter\/#breadcrumb","itemListElement":[{"@type":"ListItem","position":1,"name":"Shop","item":"https:\/\/nauti-parts.com\/de\/shop\/"},{"@type":"ListItem","position":2,"name":"FliteScooter"}]},{"@type":"WebSite","@id":"https:\/\/nauti-parts.com\/de\/#website","url":"https:\/\/nauti-parts.com\/de\/","name":"Nauti Parts","description":"Sea-Doo Jet Ski - Seabob Dealer and Rentals | Water Toys Mallorca","publisher":{"@id":"https:\/\/nauti-parts.com\/de\/#organization"},"potentialAction":[{"@type":"SearchAction","target":{"@type":"EntryPoint","urlTemplate":"https:\/\/nauti-parts.com\/de\/?s={search_term_string}"},"query-input":{"@type":"PropertyValueSpecification","valueRequired":true,"valueName":"search_term_string"}}],"inLanguage":"de"},{"@type":"Organization","@id":"https:\/\/nauti-parts.com\/de\/#organization","name":"Nauti Teile","url":"https:\/\/nauti-parts.com\/de\/","logo":{"@type":"ImageObject","inLanguage":"de","@id":"https:\/\/nauti-parts.com\/de\/#\/schema\/logo\/image\/","url":"https:\/\/nauti-parts.com\/wp-content\/uploads\/2023\/10\/np-logo-black.png","contentUrl":"https:\/\/nauti-parts.com\/wp-content\/uploads\/2023\/10\/np-logo-black.png","width":253,"height":100,"caption":"Nauti Teile"},"image":{"@id":"https:\/\/nauti-parts.com\/de\/#\/schema\/logo\/image\/"},"sameAs":["https:\/\/www.facebook.com\/nautipartsspain\/","https:\/\/www.instagram.com\/nautiparts\/"]}]}},"_links":{"self":[{"href":"https:\/\/nauti-parts.com\/de\/wp-json\/wp\/v2\/product\/21173","targetHints":{"allow":["GET"]}}],"collection":[{"href":"https:\/\/nauti-parts.com\/de\/wp-json\/wp\/v2\/product"}],"about":[{"href":"https:\/\/nauti-parts.com\/de\/wp-json\/wp\/v2\/types\/product"}],"replies":[{"embeddable":true,"href":"https:\/\/nauti-parts.com\/de\/wp-json\/wp\/v2\/comments?post=21173"}],"wp:featuredmedia":[{"embeddable":true,"href":"https:\/\/nauti-parts.com\/de\/wp-json\/wp\/v2\/media\/18273"}],"wp:attachment":[{"href":"https:\/\/nauti-parts.com\/de\/wp-json\/wp\/v2\/media?parent=21173"}],"wp:term":[{"taxonomy":"product_brand","embeddable":true,"href":"https:\/\/nauti-parts.com\/de\/wp-json\/wp\/v2\/product_brand?post=21173"},{"taxonomy":"product_cat","embeddable":true,"href":"https:\/\/nauti-parts.com\/de\/wp-json\/wp\/v2\/product_cat?post=21173"},{"taxonomy":"product_tag","embeddable":true,"href":"https:\/\/nauti-parts.com\/de\/wp-json\/wp\/v2\/product_tag?post=21173"}],"curies":[{"name":"wp","href":"https:\/\/api.w.org\/{rel}","templated":true}]}}