{"id":21006,"date":"2024-01-31T10:59:37","date_gmt":"2024-01-31T10:59:37","guid":{"rendered":"https:\/\/nauti-parts.com\/shop\/unkategorisiert\/yachtbeach-luxury-pool-4-1x4-1-meter\/"},"modified":"2024-01-31T10:59:37","modified_gmt":"2024-01-31T10:59:37","slug":"yachtbeach-luxury-pool-4-1x4-1-meter","status":"publish","type":"product","link":"https:\/\/nauti-parts.com\/de\/shop\/aufblasbare-waren\/yacht-strand\/yachtbeach-luxury-pool-4-1x4-1-meter\/","title":{"rendered":"YachtBeach Luxury Pool 4.1&#215;4.1 Meter"},"content":{"rendered":"<p><strong>Genie\u00dfen Sie<\/strong> eine unbeschwerte Zeit hinter Ihrer Yacht mit Ihren Liebsten. Auf dem neuen <strong>Luxury<\/strong> Pool von Yachtbeach haben Sie gen\u00fcgend Platz zum Baden und Schwimmen sowie einen integrierten Badebereich, der zum Sonnenbaden einl\u00e4dt. Sie liegen \u00e4u\u00dferst sanft und bequem auf der angenehmen Schaumstoffoberfl\u00e4che. Die Teakholz-Optik ist ein echter Blickfang. Bemerkenswert ist, dass der Luxury Pool problemlos mit allen anderen Yachtbeach-Plattformen und Docks kombiniert werden kann. Wie geschaffen f\u00fcr <strong>sicheres Schwimmen<\/strong> im Meer und f\u00fcr herrliche Pooltage hinter Ihrer Yacht. Baden Sie im Meer, ohne durch unangenehme Begegnungen mit Quallen und anderen Meeresbewohnern oder Schwebeteilchen gest\u00f6rt zu werden. Dank des feinmaschigen PVC-Innenschutznetzes sind Sie davor<strong> perfekt gesch\u00fctzt<\/strong>.       <\/p>\n<hr>\n<p><strong>Ma\u00dfe:  <\/strong><\/p>\n<p>\u00c4u\u00dfere Abmessungen: 410x410cm &#8211; 13,5&#8217;x13,5&#8242;<br \/>\nTiefe: 220cm &#8211; 7&#8242;<br \/>\nGewicht ca.: 45kg &#8211; 99lbs<br \/>\nRohrdurchmesser: 25cm &#8211; 10&#8243;<br \/>\nPackma\u00df: 120x73x31cm &#8211; 47 &#8220;x28,7 &#8220;x12,2&#8221;<\/p>\n<p>&#8216; 16 hochwertige Montage- und Tragegriffe, die<br \/>\neinfach mit allen anderen Yacht Beach Produkten kombinieren lassen.<\/p>\n<p>&#8216; 8 Griffe, um leicht wieder in den Ocean Pool zu gelangen<\/p>\n<p>&#8216; verst\u00e4rktes PVC mit 0,9mm Dicke<\/p>\n","protected":false},"excerpt":{"rendered":"<h3>Anti-Quallen-Pool 4,1 x 4,1 Meter<\/h3>\n<p>1x Tragetasche und 1x Reparaturset ohne Klebstoff enthalten<\/p>\n","protected":false},"featured_media":17626,"comment_status":"open","ping_status":"closed","template":"","meta":{"_acf_changed":false},"product_brand":[],"product_cat":[250,239,243,240],"product_tag":[],"class_list":{"0":"post-21006","1":"product","2":"type-product","3":"status-publish","4":"has-post-thumbnail","6":"product_cat-anti-quallen-pool","7":"product_cat-aufblasbare-waren","8":"product_cat-plattformen","9":"product_cat-yacht-strand","10":"repupress_customize_woocommerce_productom_class","12":"first","13":"instock","14":"taxable","15":"shipping-taxable","16":"purchasable","17":"product-type-simple"},"acf":[],"yoast_head":"<!-- This site is optimized with the Yoast SEO plugin v27.2 - https:\/\/yoast.com\/product\/yoast-seo-wordpress\/ -->\n<title>YachtBeach Luxury Pool 4.1x4.1 Meter | Nauti Parts<\/title>\n<meta name=\"robots\" content=\"index, follow, max-snippet:-1, max-image-preview:large, max-video-preview:-1\" \/>\n<link rel=\"canonical\" href=\"https:\/\/nauti-parts.com\/de\/shop\/aufblasbare-waren\/yacht-strand\/yachtbeach-luxury-pool-4-1x4-1-meter\/\" \/>\n<meta property=\"og:locale\" content=\"de_DE\" \/>\n<meta property=\"og:type\" content=\"article\" \/>\n<meta property=\"og:title\" content=\"YachtBeach Luxury Pool 4.1x4.1 Meter | Nauti Parts\" \/>\n<meta property=\"og:description\" content=\"Anti-Quallen-Pool 4,1 x 4,1 Meter 1x Tragetasche und 1x Reparaturset ohne Klebstoff enthalten\" \/>\n<meta property=\"og:url\" content=\"https:\/\/nauti-parts.com\/de\/shop\/aufblasbare-waren\/yacht-strand\/yachtbeach-luxury-pool-4-1x4-1-meter\/\" \/>\n<meta property=\"og:site_name\" content=\"Nauti Parts\" \/>\n<meta property=\"article:publisher\" content=\"https:\/\/www.facebook.com\/nautipartsspain\/\" \/>\n<meta property=\"og:image\" content=\"https:\/\/nauti-parts.com\/wp-content\/uploads\/2024\/01\/20394-01-yachtbeach-luxury-pool-4x4-1920x1080-1.png\" \/>\n\t<meta property=\"og:image:width\" content=\"1920\" \/>\n\t<meta property=\"og:image:height\" content=\"1080\" \/>\n\t<meta property=\"og:image:type\" content=\"image\/png\" \/>\n<meta name=\"twitter:card\" content=\"summary_large_image\" \/>\n<meta name=\"twitter:label1\" content=\"Gesch\u00e4tzte Lesezeit\" \/>\n\t<meta name=\"twitter:data1\" content=\"1\u00a0Minute\" \/>\n<script type=\"application\/ld+json\" class=\"yoast-schema-graph\">{\"@context\":\"https:\/\/schema.org\",\"@graph\":[{\"@type\":\"WebPage\",\"@id\":\"https:\/\/nauti-parts.com\/de\/shop\/aufblasbare-waren\/yacht-strand\/yachtbeach-luxury-pool-4-1x4-1-meter\/\",\"url\":\"https:\/\/nauti-parts.com\/de\/shop\/aufblasbare-waren\/yacht-strand\/yachtbeach-luxury-pool-4-1x4-1-meter\/\",\"name\":\"YachtBeach Luxury Pool 4.1x4.1 Meter | Nauti Parts\",\"isPartOf\":{\"@id\":\"https:\/\/nauti-parts.com\/de\/#website\"},\"primaryImageOfPage\":{\"@id\":\"https:\/\/nauti-parts.com\/de\/shop\/aufblasbare-waren\/yacht-strand\/yachtbeach-luxury-pool-4-1x4-1-meter\/#primaryimage\"},\"image\":{\"@id\":\"https:\/\/nauti-parts.com\/de\/shop\/aufblasbare-waren\/yacht-strand\/yachtbeach-luxury-pool-4-1x4-1-meter\/#primaryimage\"},\"thumbnailUrl\":\"https:\/\/nauti-parts.com\/wp-content\/uploads\/2024\/01\/20394-01-yachtbeach-luxury-pool-4x4-1920x1080-1.png\",\"datePublished\":\"2024-01-31T10:59:37+00:00\",\"breadcrumb\":{\"@id\":\"https:\/\/nauti-parts.com\/de\/shop\/aufblasbare-waren\/yacht-strand\/yachtbeach-luxury-pool-4-1x4-1-meter\/#breadcrumb\"},\"inLanguage\":\"de\",\"potentialAction\":[{\"@type\":\"ReadAction\",\"target\":[\"https:\/\/nauti-parts.com\/de\/shop\/aufblasbare-waren\/yacht-strand\/yachtbeach-luxury-pool-4-1x4-1-meter\/\"]}]},{\"@type\":\"ImageObject\",\"inLanguage\":\"de\",\"@id\":\"https:\/\/nauti-parts.com\/de\/shop\/aufblasbare-waren\/yacht-strand\/yachtbeach-luxury-pool-4-1x4-1-meter\/#primaryimage\",\"url\":\"https:\/\/nauti-parts.com\/wp-content\/uploads\/2024\/01\/20394-01-yachtbeach-luxury-pool-4x4-1920x1080-1.png\",\"contentUrl\":\"https:\/\/nauti-parts.com\/wp-content\/uploads\/2024\/01\/20394-01-yachtbeach-luxury-pool-4x4-1920x1080-1.png\",\"width\":1920,\"height\":1080},{\"@type\":\"BreadcrumbList\",\"@id\":\"https:\/\/nauti-parts.com\/de\/shop\/aufblasbare-waren\/yacht-strand\/yachtbeach-luxury-pool-4-1x4-1-meter\/#breadcrumb\",\"itemListElement\":[{\"@type\":\"ListItem\",\"position\":1,\"name\":\"Shop\",\"item\":\"https:\/\/nauti-parts.com\/de\/shop\/\"},{\"@type\":\"ListItem\",\"position\":2,\"name\":\"YachtBeach Luxury Pool 4.1&#215;4.1 Meter\"}]},{\"@type\":\"WebSite\",\"@id\":\"https:\/\/nauti-parts.com\/de\/#website\",\"url\":\"https:\/\/nauti-parts.com\/de\/\",\"name\":\"Nauti Parts\",\"description\":\"Sea-Doo Jet Ski - Seabob Dealer and Rentals | Water Toys Mallorca\",\"publisher\":{\"@id\":\"https:\/\/nauti-parts.com\/de\/#organization\"},\"potentialAction\":[{\"@type\":\"SearchAction\",\"target\":{\"@type\":\"EntryPoint\",\"urlTemplate\":\"https:\/\/nauti-parts.com\/de\/?s={search_term_string}\"},\"query-input\":{\"@type\":\"PropertyValueSpecification\",\"valueRequired\":true,\"valueName\":\"search_term_string\"}}],\"inLanguage\":\"de\"},{\"@type\":\"Organization\",\"@id\":\"https:\/\/nauti-parts.com\/de\/#organization\",\"name\":\"Nauti Teile\",\"url\":\"https:\/\/nauti-parts.com\/de\/\",\"logo\":{\"@type\":\"ImageObject\",\"inLanguage\":\"de\",\"@id\":\"https:\/\/nauti-parts.com\/de\/#\/schema\/logo\/image\/\",\"url\":\"https:\/\/nauti-parts.com\/wp-content\/uploads\/2023\/10\/np-logo-black.png\",\"contentUrl\":\"https:\/\/nauti-parts.com\/wp-content\/uploads\/2023\/10\/np-logo-black.png\",\"width\":253,\"height\":100,\"caption\":\"Nauti Teile\"},\"image\":{\"@id\":\"https:\/\/nauti-parts.com\/de\/#\/schema\/logo\/image\/\"},\"sameAs\":[\"https:\/\/www.facebook.com\/nautipartsspain\/\",\"https:\/\/www.instagram.com\/nautiparts\/\"]}]}<\/script>\n<!-- \/ Yoast SEO plugin. -->","yoast_head_json":{"title":"YachtBeach Luxury Pool 4.1x4.1 Meter | Nauti Parts","robots":{"index":"index","follow":"follow","max-snippet":"max-snippet:-1","max-image-preview":"max-image-preview:large","max-video-preview":"max-video-preview:-1"},"canonical":"https:\/\/nauti-parts.com\/de\/shop\/aufblasbare-waren\/yacht-strand\/yachtbeach-luxury-pool-4-1x4-1-meter\/","og_locale":"de_DE","og_type":"article","og_title":"YachtBeach Luxury Pool 4.1x4.1 Meter | Nauti Parts","og_description":"Anti-Quallen-Pool 4,1 x 4,1 Meter 1x Tragetasche und 1x Reparaturset ohne Klebstoff enthalten","og_url":"https:\/\/nauti-parts.com\/de\/shop\/aufblasbare-waren\/yacht-strand\/yachtbeach-luxury-pool-4-1x4-1-meter\/","og_site_name":"Nauti Parts","article_publisher":"https:\/\/www.facebook.com\/nautipartsspain\/","og_image":[{"width":1920,"height":1080,"url":"https:\/\/nauti-parts.com\/wp-content\/uploads\/2024\/01\/20394-01-yachtbeach-luxury-pool-4x4-1920x1080-1.png","type":"image\/png"}],"twitter_card":"summary_large_image","twitter_misc":{"Gesch\u00e4tzte Lesezeit":"1\u00a0Minute"},"schema":{"@context":"https:\/\/schema.org","@graph":[{"@type":"WebPage","@id":"https:\/\/nauti-parts.com\/de\/shop\/aufblasbare-waren\/yacht-strand\/yachtbeach-luxury-pool-4-1x4-1-meter\/","url":"https:\/\/nauti-parts.com\/de\/shop\/aufblasbare-waren\/yacht-strand\/yachtbeach-luxury-pool-4-1x4-1-meter\/","name":"YachtBeach Luxury Pool 4.1x4.1 Meter | Nauti Parts","isPartOf":{"@id":"https:\/\/nauti-parts.com\/de\/#website"},"primaryImageOfPage":{"@id":"https:\/\/nauti-parts.com\/de\/shop\/aufblasbare-waren\/yacht-strand\/yachtbeach-luxury-pool-4-1x4-1-meter\/#primaryimage"},"image":{"@id":"https:\/\/nauti-parts.com\/de\/shop\/aufblasbare-waren\/yacht-strand\/yachtbeach-luxury-pool-4-1x4-1-meter\/#primaryimage"},"thumbnailUrl":"https:\/\/nauti-parts.com\/wp-content\/uploads\/2024\/01\/20394-01-yachtbeach-luxury-pool-4x4-1920x1080-1.png","datePublished":"2024-01-31T10:59:37+00:00","breadcrumb":{"@id":"https:\/\/nauti-parts.com\/de\/shop\/aufblasbare-waren\/yacht-strand\/yachtbeach-luxury-pool-4-1x4-1-meter\/#breadcrumb"},"inLanguage":"de","potentialAction":[{"@type":"ReadAction","target":["https:\/\/nauti-parts.com\/de\/shop\/aufblasbare-waren\/yacht-strand\/yachtbeach-luxury-pool-4-1x4-1-meter\/"]}]},{"@type":"ImageObject","inLanguage":"de","@id":"https:\/\/nauti-parts.com\/de\/shop\/aufblasbare-waren\/yacht-strand\/yachtbeach-luxury-pool-4-1x4-1-meter\/#primaryimage","url":"https:\/\/nauti-parts.com\/wp-content\/uploads\/2024\/01\/20394-01-yachtbeach-luxury-pool-4x4-1920x1080-1.png","contentUrl":"https:\/\/nauti-parts.com\/wp-content\/uploads\/2024\/01\/20394-01-yachtbeach-luxury-pool-4x4-1920x1080-1.png","width":1920,"height":1080},{"@type":"BreadcrumbList","@id":"https:\/\/nauti-parts.com\/de\/shop\/aufblasbare-waren\/yacht-strand\/yachtbeach-luxury-pool-4-1x4-1-meter\/#breadcrumb","itemListElement":[{"@type":"ListItem","position":1,"name":"Shop","item":"https:\/\/nauti-parts.com\/de\/shop\/"},{"@type":"ListItem","position":2,"name":"YachtBeach Luxury Pool 4.1&#215;4.1 Meter"}]},{"@type":"WebSite","@id":"https:\/\/nauti-parts.com\/de\/#website","url":"https:\/\/nauti-parts.com\/de\/","name":"Nauti Parts","description":"Sea-Doo Jet Ski - Seabob Dealer and Rentals | Water Toys Mallorca","publisher":{"@id":"https:\/\/nauti-parts.com\/de\/#organization"},"potentialAction":[{"@type":"SearchAction","target":{"@type":"EntryPoint","urlTemplate":"https:\/\/nauti-parts.com\/de\/?s={search_term_string}"},"query-input":{"@type":"PropertyValueSpecification","valueRequired":true,"valueName":"search_term_string"}}],"inLanguage":"de"},{"@type":"Organization","@id":"https:\/\/nauti-parts.com\/de\/#organization","name":"Nauti Teile","url":"https:\/\/nauti-parts.com\/de\/","logo":{"@type":"ImageObject","inLanguage":"de","@id":"https:\/\/nauti-parts.com\/de\/#\/schema\/logo\/image\/","url":"https:\/\/nauti-parts.com\/wp-content\/uploads\/2023\/10\/np-logo-black.png","contentUrl":"https:\/\/nauti-parts.com\/wp-content\/uploads\/2023\/10\/np-logo-black.png","width":253,"height":100,"caption":"Nauti Teile"},"image":{"@id":"https:\/\/nauti-parts.com\/de\/#\/schema\/logo\/image\/"},"sameAs":["https:\/\/www.facebook.com\/nautipartsspain\/","https:\/\/www.instagram.com\/nautiparts\/"]}]}},"_links":{"self":[{"href":"https:\/\/nauti-parts.com\/de\/wp-json\/wp\/v2\/product\/21006","targetHints":{"allow":["GET"]}}],"collection":[{"href":"https:\/\/nauti-parts.com\/de\/wp-json\/wp\/v2\/product"}],"about":[{"href":"https:\/\/nauti-parts.com\/de\/wp-json\/wp\/v2\/types\/product"}],"replies":[{"embeddable":true,"href":"https:\/\/nauti-parts.com\/de\/wp-json\/wp\/v2\/comments?post=21006"}],"wp:featuredmedia":[{"embeddable":true,"href":"https:\/\/nauti-parts.com\/de\/wp-json\/wp\/v2\/media\/17626"}],"wp:attachment":[{"href":"https:\/\/nauti-parts.com\/de\/wp-json\/wp\/v2\/media?parent=21006"}],"wp:term":[{"taxonomy":"product_brand","embeddable":true,"href":"https:\/\/nauti-parts.com\/de\/wp-json\/wp\/v2\/product_brand?post=21006"},{"taxonomy":"product_cat","embeddable":true,"href":"https:\/\/nauti-parts.com\/de\/wp-json\/wp\/v2\/product_cat?post=21006"},{"taxonomy":"product_tag","embeddable":true,"href":"https:\/\/nauti-parts.com\/de\/wp-json\/wp\/v2\/product_tag?post=21006"}],"curies":[{"name":"wp","href":"https:\/\/api.w.org\/{rel}","templated":true}]}}