{"id":20996,"date":"2024-01-31T11:35:02","date_gmt":"2024-01-31T11:35:02","guid":{"rendered":"https:\/\/nauti-parts.com\/shop\/unkategorisiert\/yachtbeach-teak-jetski-combo-dock-8-08-x-4-10\/"},"modified":"2024-01-31T11:35:02","modified_gmt":"2024-01-31T11:35:02","slug":"yachtbeach-teak-jetski-combo-dock-8-08-x-4-10","status":"publish","type":"product","link":"https:\/\/nauti-parts.com\/de\/shop\/aufblasbare-waren\/yacht-strand\/yachtbeach-teak-jetski-combo-dock-8-08-x-4-10\/","title":{"rendered":"YachtBeach Teak Jetski Combo Dock 8.08 x 4.10"},"content":{"rendered":"<p>Im Premium-Segment bringt Yachtbeach das brandneue Luxus-Jetski-Dock auf den Markt. Auf dem Jet Ski Dock k\u00f6nnen Sie bequem bis zu 2 gro\u00dfe Jetskis mit ihrer \u00fcbrigen Wassersportausr\u00fcstung parken. Die Oberfl\u00e4che aus geh\u00e4rtetem EVA in Teakholz-Optik ist selbst ein Blickfang und l\u00e4dt zum Baden oder Faulenzen ein. Bemerkenswert ist, dass Sie das Yachtbeach Jet Ski Dock problemlos mit allen g\u00e4ngigen Yachtbeach 4.1 &amp; 3.1 Plattformen kombinieren k\u00f6nnen und somit eine Vielzahl von Kombinationen m\u00f6glich ist. Detaillierte Informationen: -Das Jet Ski Dock hat l\u00e4ngere geteilte Arme, damit die Jetskis nicht kollidieren k\u00f6nnen und besser gesch\u00fctzt sind. Die geteilten Arme sind jeweils 200cm lang und 55cm breit &#8211; der mittlere Abteilungsarm hat eine Breite von 40cm -Materialst\u00e4rke: 20cm verst\u00e4rkter Fallstich &#8211; sorgt f\u00fcr eine unglaubliche Stabilit\u00e4t, die es noch sicherer macht, wenn sich mehrere Personen auf dem Yachtbeach Jet Ski Dock befinden, auch wenn der Wellengang kommt. Ventil: 2-Kammer-Sicherheitssystem &#8211; ausgestattet mit 2 Hochdruckventilen, die eine schnelle und einfache Bef\u00fcllung erm\u00f6glichen. Das hochwertige Druckbegrenzungsventil sorgt immer f\u00fcr den richtigen Druck am Jet Ski Dock. Durch die 2 Ventile sparen sie au\u00dferdem 50% der Zeit beim Entleeren. -Schaumstoffoberteil: aus geh\u00e4rtetem EVA -Ringe: 4 D-Ringe an der Unterseite &#8211; 12 D-Ringe an der Oberseite f\u00fcr zahlreiche Befestigungsm\u00f6glichkeiten -3 Ballasts\u00e4cke inklusive &#8211; f\u00fcr ein perfektes Gleichgewicht bei Wellengang Au\u00dfenma\u00dfe: 410cm x 300cm Griffe: 10 hochwertige Befestigungs- und Tragegriffe Packma\u00df ca.: 111x68x23cm Gewicht ca. 38kg Lieferumfang: Tragetasche und Reparaturset ohne Kleber. Die Pumpe ist nicht enthalten. Als Pumpe empfehlen wir optional den Artikel: 13267 Spinera Resort Elektrische Pumpe 230V Platinum, die dank ihrer hohen Leistung sehr schnell den empfohlenen Druck bringt.<\/p>\n<p><strong>Ma\u00dfe:<br \/>\n<\/strong>Gr\u00f6\u00dfe: 308x155cm &#8211; 10,1&#8217;x5?<br \/>\nGewicht inkl. Tasche: ca. 28 kg &#8211; 55,55lbs<br \/>\nPackma\u00df: ca. 166x38x26cm &#8211; 65?x15?x10?  <\/p>\n<p><strong>Verfassung von YB 4.10 Teak<\/strong><\/p>\n<p>Gr\u00f6\u00dfe: 410x205cm &#8211; 13&#8217;x6,7?<br \/>\nGewicht inkl. Tasche: ca. 38 kg &#8211; 83lbs<br \/>\nPackma\u00df: 210x48x38cm  <\/p>\n<p><strong>Eigenschaften:<\/strong><br \/>\n&#8211; aus 20 cm langem Fallstich<br \/>\n&#8211; 4 Ballasts\u00e4cke<br \/>\n&#8211; 12 metallfreie Yachtbeach-Griffe<br \/>\n&#8211; sehr komfortable EVA-Teakholz-Oberfl\u00e4che<br \/>\n&#8211; inkl. Badeleiterhalter<br \/>\n&#8211; inkl. 4 Ringe an der Oberseite f\u00fcr zahlreiche Anschlussm\u00f6glichkeiten von oben<br \/>\n&#8211; inkl. 4 Ringe an der Unterseite f\u00fcr Ankerplattform oder Anschluss an andere aufblasbare Produkte und Marken   <\/p>\n","protected":false},"excerpt":{"rendered":"<p>Bauen Sie ganz einfach Ihre ideale Dockingstation f\u00fcr Ihren Jet Ski, Ihr Beiboot, Ihren Seabob, Ihr SUP und vieles mehr!<\/p>\n","protected":false},"featured_media":17667,"comment_status":"open","ping_status":"closed","template":"","meta":{"_acf_changed":false},"product_brand":[],"product_cat":[239,243,240],"product_tag":[],"class_list":{"0":"post-20996","1":"product","2":"type-product","3":"status-publish","4":"has-post-thumbnail","6":"product_cat-aufblasbare-waren","7":"product_cat-plattformen","8":"product_cat-yacht-strand","9":"repupress_customize_woocommerce_productom_class","11":"first","12":"instock","13":"taxable","14":"shipping-taxable","15":"product-type-simple"},"acf":[],"yoast_head":"<!-- This site is optimized with the Yoast SEO plugin v27.5 - https:\/\/yoast.com\/product\/yoast-seo-wordpress\/ -->\n<title>YachtBeach Teak Jetski Combo Dock 8.08 x 4.10 | Nauti Parts<\/title>\n<meta name=\"robots\" content=\"index, follow, max-snippet:-1, max-image-preview:large, max-video-preview:-1\" \/>\n<link rel=\"canonical\" href=\"https:\/\/nauti-parts.com\/de\/shop\/aufblasbare-waren\/yacht-strand\/yachtbeach-teak-jetski-combo-dock-8-08-x-4-10\/\" \/>\n<meta property=\"og:locale\" content=\"de_DE\" \/>\n<meta property=\"og:type\" content=\"article\" \/>\n<meta property=\"og:title\" content=\"YachtBeach Teak Jetski Combo Dock 8.08 x 4.10 | Nauti Parts\" \/>\n<meta property=\"og:description\" content=\"Bauen Sie ganz einfach Ihre ideale Dockingstation f\u00fcr Ihren Jet Ski, Ihr Beiboot, Ihren Seabob, Ihr SUP und vieles mehr!\" \/>\n<meta property=\"og:url\" content=\"https:\/\/nauti-parts.com\/de\/shop\/aufblasbare-waren\/yacht-strand\/yachtbeach-teak-jetski-combo-dock-8-08-x-4-10\/\" \/>\n<meta property=\"og:site_name\" content=\"Nauti Parts\" \/>\n<meta property=\"article:publisher\" content=\"https:\/\/www.facebook.com\/nautipartsspain\/\" \/>\n<meta property=\"og:image\" content=\"https:\/\/nauti-parts.com\/wp-content\/uploads\/2024\/01\/jetskidock01.webp\" \/>\n\t<meta property=\"og:image:width\" content=\"1199\" \/>\n\t<meta property=\"og:image:height\" content=\"1200\" \/>\n\t<meta property=\"og:image:type\" content=\"image\/webp\" \/>\n<meta name=\"twitter:card\" content=\"summary_large_image\" \/>\n<meta name=\"twitter:label1\" content=\"Gesch\u00e4tzte Lesezeit\" \/>\n\t<meta name=\"twitter:data1\" content=\"2\u00a0Minuten\" \/>\n<script type=\"application\/ld+json\" class=\"yoast-schema-graph\">{\"@context\":\"https:\\\/\\\/schema.org\",\"@graph\":[{\"@type\":\"WebPage\",\"@id\":\"https:\\\/\\\/nauti-parts.com\\\/de\\\/shop\\\/aufblasbare-waren\\\/yacht-strand\\\/yachtbeach-teak-jetski-combo-dock-8-08-x-4-10\\\/\",\"url\":\"https:\\\/\\\/nauti-parts.com\\\/de\\\/shop\\\/aufblasbare-waren\\\/yacht-strand\\\/yachtbeach-teak-jetski-combo-dock-8-08-x-4-10\\\/\",\"name\":\"YachtBeach Teak Jetski Combo Dock 8.08 x 4.10 | Nauti Parts\",\"isPartOf\":{\"@id\":\"https:\\\/\\\/nauti-parts.com\\\/de\\\/#website\"},\"primaryImageOfPage\":{\"@id\":\"https:\\\/\\\/nauti-parts.com\\\/de\\\/shop\\\/aufblasbare-waren\\\/yacht-strand\\\/yachtbeach-teak-jetski-combo-dock-8-08-x-4-10\\\/#primaryimage\"},\"image\":{\"@id\":\"https:\\\/\\\/nauti-parts.com\\\/de\\\/shop\\\/aufblasbare-waren\\\/yacht-strand\\\/yachtbeach-teak-jetski-combo-dock-8-08-x-4-10\\\/#primaryimage\"},\"thumbnailUrl\":\"https:\\\/\\\/nauti-parts.com\\\/wp-content\\\/uploads\\\/2024\\\/01\\\/jetskidock01.webp\",\"datePublished\":\"2024-01-31T11:35:02+00:00\",\"breadcrumb\":{\"@id\":\"https:\\\/\\\/nauti-parts.com\\\/de\\\/shop\\\/aufblasbare-waren\\\/yacht-strand\\\/yachtbeach-teak-jetski-combo-dock-8-08-x-4-10\\\/#breadcrumb\"},\"inLanguage\":\"de\",\"potentialAction\":[{\"@type\":\"ReadAction\",\"target\":[\"https:\\\/\\\/nauti-parts.com\\\/de\\\/shop\\\/aufblasbare-waren\\\/yacht-strand\\\/yachtbeach-teak-jetski-combo-dock-8-08-x-4-10\\\/\"]}]},{\"@type\":\"ImageObject\",\"inLanguage\":\"de\",\"@id\":\"https:\\\/\\\/nauti-parts.com\\\/de\\\/shop\\\/aufblasbare-waren\\\/yacht-strand\\\/yachtbeach-teak-jetski-combo-dock-8-08-x-4-10\\\/#primaryimage\",\"url\":\"https:\\\/\\\/nauti-parts.com\\\/wp-content\\\/uploads\\\/2024\\\/01\\\/jetskidock01.webp\",\"contentUrl\":\"https:\\\/\\\/nauti-parts.com\\\/wp-content\\\/uploads\\\/2024\\\/01\\\/jetskidock01.webp\",\"width\":1199,\"height\":1200},{\"@type\":\"BreadcrumbList\",\"@id\":\"https:\\\/\\\/nauti-parts.com\\\/de\\\/shop\\\/aufblasbare-waren\\\/yacht-strand\\\/yachtbeach-teak-jetski-combo-dock-8-08-x-4-10\\\/#breadcrumb\",\"itemListElement\":[{\"@type\":\"ListItem\",\"position\":1,\"name\":\"Shop\",\"item\":\"https:\\\/\\\/nauti-parts.com\\\/de\\\/shop\\\/\"},{\"@type\":\"ListItem\",\"position\":2,\"name\":\"YachtBeach Teak Jetski Combo Dock 8.08 x 4.10\"}]},{\"@type\":\"WebSite\",\"@id\":\"https:\\\/\\\/nauti-parts.com\\\/de\\\/#website\",\"url\":\"https:\\\/\\\/nauti-parts.com\\\/de\\\/\",\"name\":\"Nauti Parts\",\"description\":\"Sea-Doo Jet Ski - Seabob Dealer and Rentals | Water Toys Mallorca\",\"publisher\":{\"@id\":\"https:\\\/\\\/nauti-parts.com\\\/de\\\/#organization\"},\"potentialAction\":[{\"@type\":\"SearchAction\",\"target\":{\"@type\":\"EntryPoint\",\"urlTemplate\":\"https:\\\/\\\/nauti-parts.com\\\/de\\\/?s={search_term_string}\"},\"query-input\":{\"@type\":\"PropertyValueSpecification\",\"valueRequired\":true,\"valueName\":\"search_term_string\"}}],\"inLanguage\":\"de\"},{\"@type\":\"Organization\",\"@id\":\"https:\\\/\\\/nauti-parts.com\\\/de\\\/#organization\",\"name\":\"Nauti Teile\",\"url\":\"https:\\\/\\\/nauti-parts.com\\\/de\\\/\",\"logo\":{\"@type\":\"ImageObject\",\"inLanguage\":\"de\",\"@id\":\"https:\\\/\\\/nauti-parts.com\\\/de\\\/#\\\/schema\\\/logo\\\/image\\\/\",\"url\":\"https:\\\/\\\/nauti-parts.com\\\/wp-content\\\/uploads\\\/2023\\\/10\\\/np-logo-black.png\",\"contentUrl\":\"https:\\\/\\\/nauti-parts.com\\\/wp-content\\\/uploads\\\/2023\\\/10\\\/np-logo-black.png\",\"width\":253,\"height\":100,\"caption\":\"Nauti Teile\"},\"image\":{\"@id\":\"https:\\\/\\\/nauti-parts.com\\\/de\\\/#\\\/schema\\\/logo\\\/image\\\/\"},\"sameAs\":[\"https:\\\/\\\/www.facebook.com\\\/nautipartsspain\\\/\",\"https:\\\/\\\/www.instagram.com\\\/nautiparts\\\/\"]}]}<\/script>\n<!-- \/ Yoast SEO plugin. -->","yoast_head_json":{"title":"YachtBeach Teak Jetski Combo Dock 8.08 x 4.10 | Nauti Parts","robots":{"index":"index","follow":"follow","max-snippet":"max-snippet:-1","max-image-preview":"max-image-preview:large","max-video-preview":"max-video-preview:-1"},"canonical":"https:\/\/nauti-parts.com\/de\/shop\/aufblasbare-waren\/yacht-strand\/yachtbeach-teak-jetski-combo-dock-8-08-x-4-10\/","og_locale":"de_DE","og_type":"article","og_title":"YachtBeach Teak Jetski Combo Dock 8.08 x 4.10 | Nauti Parts","og_description":"Bauen Sie ganz einfach Ihre ideale Dockingstation f\u00fcr Ihren Jet Ski, Ihr Beiboot, Ihren Seabob, Ihr SUP und vieles mehr!","og_url":"https:\/\/nauti-parts.com\/de\/shop\/aufblasbare-waren\/yacht-strand\/yachtbeach-teak-jetski-combo-dock-8-08-x-4-10\/","og_site_name":"Nauti Parts","article_publisher":"https:\/\/www.facebook.com\/nautipartsspain\/","og_image":[{"width":1199,"height":1200,"url":"https:\/\/nauti-parts.com\/wp-content\/uploads\/2024\/01\/jetskidock01.webp","type":"image\/webp"}],"twitter_card":"summary_large_image","twitter_misc":{"Gesch\u00e4tzte Lesezeit":"2\u00a0Minuten"},"schema":{"@context":"https:\/\/schema.org","@graph":[{"@type":"WebPage","@id":"https:\/\/nauti-parts.com\/de\/shop\/aufblasbare-waren\/yacht-strand\/yachtbeach-teak-jetski-combo-dock-8-08-x-4-10\/","url":"https:\/\/nauti-parts.com\/de\/shop\/aufblasbare-waren\/yacht-strand\/yachtbeach-teak-jetski-combo-dock-8-08-x-4-10\/","name":"YachtBeach Teak Jetski Combo Dock 8.08 x 4.10 | Nauti Parts","isPartOf":{"@id":"https:\/\/nauti-parts.com\/de\/#website"},"primaryImageOfPage":{"@id":"https:\/\/nauti-parts.com\/de\/shop\/aufblasbare-waren\/yacht-strand\/yachtbeach-teak-jetski-combo-dock-8-08-x-4-10\/#primaryimage"},"image":{"@id":"https:\/\/nauti-parts.com\/de\/shop\/aufblasbare-waren\/yacht-strand\/yachtbeach-teak-jetski-combo-dock-8-08-x-4-10\/#primaryimage"},"thumbnailUrl":"https:\/\/nauti-parts.com\/wp-content\/uploads\/2024\/01\/jetskidock01.webp","datePublished":"2024-01-31T11:35:02+00:00","breadcrumb":{"@id":"https:\/\/nauti-parts.com\/de\/shop\/aufblasbare-waren\/yacht-strand\/yachtbeach-teak-jetski-combo-dock-8-08-x-4-10\/#breadcrumb"},"inLanguage":"de","potentialAction":[{"@type":"ReadAction","target":["https:\/\/nauti-parts.com\/de\/shop\/aufblasbare-waren\/yacht-strand\/yachtbeach-teak-jetski-combo-dock-8-08-x-4-10\/"]}]},{"@type":"ImageObject","inLanguage":"de","@id":"https:\/\/nauti-parts.com\/de\/shop\/aufblasbare-waren\/yacht-strand\/yachtbeach-teak-jetski-combo-dock-8-08-x-4-10\/#primaryimage","url":"https:\/\/nauti-parts.com\/wp-content\/uploads\/2024\/01\/jetskidock01.webp","contentUrl":"https:\/\/nauti-parts.com\/wp-content\/uploads\/2024\/01\/jetskidock01.webp","width":1199,"height":1200},{"@type":"BreadcrumbList","@id":"https:\/\/nauti-parts.com\/de\/shop\/aufblasbare-waren\/yacht-strand\/yachtbeach-teak-jetski-combo-dock-8-08-x-4-10\/#breadcrumb","itemListElement":[{"@type":"ListItem","position":1,"name":"Shop","item":"https:\/\/nauti-parts.com\/de\/shop\/"},{"@type":"ListItem","position":2,"name":"YachtBeach Teak Jetski Combo Dock 8.08 x 4.10"}]},{"@type":"WebSite","@id":"https:\/\/nauti-parts.com\/de\/#website","url":"https:\/\/nauti-parts.com\/de\/","name":"Nauti Parts","description":"Sea-Doo Jet Ski - Seabob Dealer and Rentals | Water Toys Mallorca","publisher":{"@id":"https:\/\/nauti-parts.com\/de\/#organization"},"potentialAction":[{"@type":"SearchAction","target":{"@type":"EntryPoint","urlTemplate":"https:\/\/nauti-parts.com\/de\/?s={search_term_string}"},"query-input":{"@type":"PropertyValueSpecification","valueRequired":true,"valueName":"search_term_string"}}],"inLanguage":"de"},{"@type":"Organization","@id":"https:\/\/nauti-parts.com\/de\/#organization","name":"Nauti Teile","url":"https:\/\/nauti-parts.com\/de\/","logo":{"@type":"ImageObject","inLanguage":"de","@id":"https:\/\/nauti-parts.com\/de\/#\/schema\/logo\/image\/","url":"https:\/\/nauti-parts.com\/wp-content\/uploads\/2023\/10\/np-logo-black.png","contentUrl":"https:\/\/nauti-parts.com\/wp-content\/uploads\/2023\/10\/np-logo-black.png","width":253,"height":100,"caption":"Nauti Teile"},"image":{"@id":"https:\/\/nauti-parts.com\/de\/#\/schema\/logo\/image\/"},"sameAs":["https:\/\/www.facebook.com\/nautipartsspain\/","https:\/\/www.instagram.com\/nautiparts\/"]}]}},"_links":{"self":[{"href":"https:\/\/nauti-parts.com\/de\/wp-json\/wp\/v2\/product\/20996","targetHints":{"allow":["GET"]}}],"collection":[{"href":"https:\/\/nauti-parts.com\/de\/wp-json\/wp\/v2\/product"}],"about":[{"href":"https:\/\/nauti-parts.com\/de\/wp-json\/wp\/v2\/types\/product"}],"replies":[{"embeddable":true,"href":"https:\/\/nauti-parts.com\/de\/wp-json\/wp\/v2\/comments?post=20996"}],"wp:featuredmedia":[{"embeddable":true,"href":"https:\/\/nauti-parts.com\/de\/wp-json\/wp\/v2\/media\/17667"}],"wp:attachment":[{"href":"https:\/\/nauti-parts.com\/de\/wp-json\/wp\/v2\/media?parent=20996"}],"wp:term":[{"taxonomy":"product_brand","embeddable":true,"href":"https:\/\/nauti-parts.com\/de\/wp-json\/wp\/v2\/product_brand?post=20996"},{"taxonomy":"product_cat","embeddable":true,"href":"https:\/\/nauti-parts.com\/de\/wp-json\/wp\/v2\/product_cat?post=20996"},{"taxonomy":"product_tag","embeddable":true,"href":"https:\/\/nauti-parts.com\/de\/wp-json\/wp\/v2\/product_tag?post=20996"}],"curies":[{"name":"wp","href":"https:\/\/api.w.org\/{rel}","templated":true}]}}