{"id":20980,"date":"2024-01-31T11:55:59","date_gmt":"2024-01-31T11:55:59","guid":{"rendered":"https:\/\/nauti-parts.com\/shop\/unkategorisiert\/yachtbeach-magic-rutsche-540-620-cm\/"},"modified":"2024-01-31T11:55:59","modified_gmt":"2024-01-31T11:55:59","slug":"yachtbeach-magic-rutsche-540-620-cm","status":"publish","type":"product","link":"https:\/\/nauti-parts.com\/de\/shop\/aufblasbare-waren\/yacht-strand\/yachtbeach-magic-rutsche-540-620-cm\/","title":{"rendered":"YachtBeach Magic Rutsche 540-620 cm"},"content":{"rendered":"<p>Die Yachtbeach Magic Yachtslides sind die <strong>perfekte<\/strong> <strong>Erg\u00e4nzung<\/strong> f\u00fcr Ihre Yacht oder Ihr Boot und bieten stundenlangen Wasserspa\u00df f\u00fcr Sie, Ihre Familie und Ihre Freunde. Mit ihrem <strong>hochwertigen Design<\/strong> und ihren beeindruckenden Funktionen sorgen sie f\u00fcr unvergessliche Momente auf dem Wasser. Gr\u00f6\u00dfenoptionen: Wir bieten die Yachtbeach Magic Yachtslides in drei verschiedenen Gr\u00f6\u00dfen an, um Ihren individuellen Bed\u00fcrfnissen gerecht zu werden.  <\/p>\n<p>W\u00e4hlen Sie aus den Optionen 460-540 cm oder 540-620 cm f\u00fcr kompaktere Yachten oder Boote, 620-700 cm f\u00fcr mittelgro\u00dfe Wasserfahrzeuge oder 700-780 cm f\u00fcr gr\u00f6\u00dfere Luxusyachten. Ganz gleich, f\u00fcr welche Gr\u00f6\u00dfe Sie sich entscheiden, Wasserspa\u00df f\u00fcr die ganze Familie und Freunde ist <strong>garantiert<\/strong>! Erleben Sie den Nervenkitzel des Gleitens auf dem Wasser und schaffen Sie unvergessliche Erinnerungen mit Ihren Liebsten. Hochwertige Materialien: Jede Yachtslide ist aus haltbarem und hochwertigem Material gefertigt, das eine lange Lebensdauer und Zuverl\u00e4ssigkeit gew\u00e4hrleistet. Die stabilen N\u00e4hte und verst\u00e4rkten Verbindungen sorgen daf\u00fcr, dass die Yachtslide den Strapazen des Wassers und des Gebrauchs standh\u00e4lt. Einfach zu installieren: Yachtbeach Magic Yachtslides sind einfach aufzublasen und zu installieren.    <\/p>\n<p>Mit Hilfe einer leistungsstarken elektrischen Pumpe ist die Rutsche im Handumdrehen einsatzbereit. Die Rutsche wird sicher an der Seite Ihrer Yacht befestigt und bietet einen einfachen Zugang zum Wasser. <\/p>\n<hr>\n<p><strong>Ma\u00dfe<\/strong>:<\/p>\n<p>Gewicht: 120 kg &#8211; 264lbs<br \/>\nPackma\u00df: 110x80x75cm<\/p>\n","protected":false},"excerpt":{"rendered":"<p>Speziell entwickelt, um ein aufregendes Rutscherlebnis zu bieten. Mit ihren sanften Kurven und rutschfesten Oberfl\u00e4chen garantieren sie eine sichere und lustige Fahrt ins k\u00fchle Nass. Ob jung oder alt, jeder wird den Nervenkitzel und die Freude am Rutschen auf dem Wasser lieben.  <\/p>\n","protected":false},"featured_media":17686,"comment_status":"open","ping_status":"closed","template":"","meta":{"_acf_changed":false},"product_brand":[],"product_cat":[239,247,243,240],"product_tag":[],"class_list":{"0":"post-20980","1":"product","2":"type-product","3":"status-publish","4":"has-post-thumbnail","6":"product_cat-aufblasbare-waren","7":"product_cat-dias","8":"product_cat-plattformen","9":"product_cat-yacht-strand","10":"repupress_customize_woocommerce_productom_class","12":"first","13":"instock","14":"taxable","15":"shipping-taxable","16":"purchasable","17":"product-type-simple"},"acf":[],"yoast_head":"<!-- This site is optimized with the Yoast SEO plugin v27.2 - https:\/\/yoast.com\/product\/yoast-seo-wordpress\/ -->\n<title>YachtBeach Magic Rutsche 540-620 cm | Nauti Parts<\/title>\n<meta name=\"robots\" content=\"index, follow, max-snippet:-1, max-image-preview:large, max-video-preview:-1\" \/>\n<link rel=\"canonical\" href=\"https:\/\/nauti-parts.com\/de\/shop\/aufblasbare-waren\/yacht-strand\/yachtbeach-magic-rutsche-540-620-cm\/\" \/>\n<meta property=\"og:locale\" content=\"de_DE\" \/>\n<meta property=\"og:type\" content=\"article\" \/>\n<meta property=\"og:title\" content=\"YachtBeach Magic Rutsche 540-620 cm | Nauti Parts\" \/>\n<meta property=\"og:description\" content=\"Speziell entwickelt, um ein aufregendes Rutscherlebnis zu bieten. Mit ihren sanften Kurven und rutschfesten Oberfl\u00e4chen garantieren sie eine sichere und lustige Fahrt ins k\u00fchle Nass. Ob jung oder alt, jeder wird den Nervenkitzel und die Freude am Rutschen auf dem Wasser lieben.\" \/>\n<meta property=\"og:url\" content=\"https:\/\/nauti-parts.com\/de\/shop\/aufblasbare-waren\/yacht-strand\/yachtbeach-magic-rutsche-540-620-cm\/\" \/>\n<meta property=\"og:site_name\" content=\"Nauti Parts\" \/>\n<meta property=\"article:publisher\" content=\"https:\/\/www.facebook.com\/nautipartsspain\/\" \/>\n<meta property=\"og:image\" content=\"https:\/\/nauti-parts.com\/wp-content\/uploads\/2024\/01\/w23237-02-yachtbeach-magic-slide-540-620.jpg\" \/>\n\t<meta property=\"og:image:width\" content=\"2000\" \/>\n\t<meta property=\"og:image:height\" content=\"2000\" \/>\n\t<meta property=\"og:image:type\" content=\"image\/jpeg\" \/>\n<meta name=\"twitter:card\" content=\"summary_large_image\" \/>\n<meta name=\"twitter:label1\" content=\"Gesch\u00e4tzte Lesezeit\" \/>\n\t<meta name=\"twitter:data1\" content=\"1\u00a0Minute\" \/>\n<script type=\"application\/ld+json\" class=\"yoast-schema-graph\">{\"@context\":\"https:\/\/schema.org\",\"@graph\":[{\"@type\":\"WebPage\",\"@id\":\"https:\/\/nauti-parts.com\/de\/shop\/aufblasbare-waren\/yacht-strand\/yachtbeach-magic-rutsche-540-620-cm\/\",\"url\":\"https:\/\/nauti-parts.com\/de\/shop\/aufblasbare-waren\/yacht-strand\/yachtbeach-magic-rutsche-540-620-cm\/\",\"name\":\"YachtBeach Magic Rutsche 540-620 cm | Nauti Parts\",\"isPartOf\":{\"@id\":\"https:\/\/nauti-parts.com\/de\/#website\"},\"primaryImageOfPage\":{\"@id\":\"https:\/\/nauti-parts.com\/de\/shop\/aufblasbare-waren\/yacht-strand\/yachtbeach-magic-rutsche-540-620-cm\/#primaryimage\"},\"image\":{\"@id\":\"https:\/\/nauti-parts.com\/de\/shop\/aufblasbare-waren\/yacht-strand\/yachtbeach-magic-rutsche-540-620-cm\/#primaryimage\"},\"thumbnailUrl\":\"https:\/\/nauti-parts.com\/wp-content\/uploads\/2024\/01\/w23237-02-yachtbeach-magic-slide-540-620.jpg\",\"datePublished\":\"2024-01-31T11:55:59+00:00\",\"breadcrumb\":{\"@id\":\"https:\/\/nauti-parts.com\/de\/shop\/aufblasbare-waren\/yacht-strand\/yachtbeach-magic-rutsche-540-620-cm\/#breadcrumb\"},\"inLanguage\":\"de\",\"potentialAction\":[{\"@type\":\"ReadAction\",\"target\":[\"https:\/\/nauti-parts.com\/de\/shop\/aufblasbare-waren\/yacht-strand\/yachtbeach-magic-rutsche-540-620-cm\/\"]}]},{\"@type\":\"ImageObject\",\"inLanguage\":\"de\",\"@id\":\"https:\/\/nauti-parts.com\/de\/shop\/aufblasbare-waren\/yacht-strand\/yachtbeach-magic-rutsche-540-620-cm\/#primaryimage\",\"url\":\"https:\/\/nauti-parts.com\/wp-content\/uploads\/2024\/01\/w23237-02-yachtbeach-magic-slide-540-620.jpg\",\"contentUrl\":\"https:\/\/nauti-parts.com\/wp-content\/uploads\/2024\/01\/w23237-02-yachtbeach-magic-slide-540-620.jpg\",\"width\":2000,\"height\":2000},{\"@type\":\"BreadcrumbList\",\"@id\":\"https:\/\/nauti-parts.com\/de\/shop\/aufblasbare-waren\/yacht-strand\/yachtbeach-magic-rutsche-540-620-cm\/#breadcrumb\",\"itemListElement\":[{\"@type\":\"ListItem\",\"position\":1,\"name\":\"Shop\",\"item\":\"https:\/\/nauti-parts.com\/de\/shop\/\"},{\"@type\":\"ListItem\",\"position\":2,\"name\":\"YachtBeach Magic Rutsche 540-620 cm\"}]},{\"@type\":\"WebSite\",\"@id\":\"https:\/\/nauti-parts.com\/de\/#website\",\"url\":\"https:\/\/nauti-parts.com\/de\/\",\"name\":\"Nauti Parts\",\"description\":\"Sea-Doo Jet Ski - Seabob Dealer and Rentals | Water Toys Mallorca\",\"publisher\":{\"@id\":\"https:\/\/nauti-parts.com\/de\/#organization\"},\"potentialAction\":[{\"@type\":\"SearchAction\",\"target\":{\"@type\":\"EntryPoint\",\"urlTemplate\":\"https:\/\/nauti-parts.com\/de\/?s={search_term_string}\"},\"query-input\":{\"@type\":\"PropertyValueSpecification\",\"valueRequired\":true,\"valueName\":\"search_term_string\"}}],\"inLanguage\":\"de\"},{\"@type\":\"Organization\",\"@id\":\"https:\/\/nauti-parts.com\/de\/#organization\",\"name\":\"Nauti Teile\",\"url\":\"https:\/\/nauti-parts.com\/de\/\",\"logo\":{\"@type\":\"ImageObject\",\"inLanguage\":\"de\",\"@id\":\"https:\/\/nauti-parts.com\/de\/#\/schema\/logo\/image\/\",\"url\":\"https:\/\/nauti-parts.com\/wp-content\/uploads\/2023\/10\/np-logo-black.png\",\"contentUrl\":\"https:\/\/nauti-parts.com\/wp-content\/uploads\/2023\/10\/np-logo-black.png\",\"width\":253,\"height\":100,\"caption\":\"Nauti Teile\"},\"image\":{\"@id\":\"https:\/\/nauti-parts.com\/de\/#\/schema\/logo\/image\/\"},\"sameAs\":[\"https:\/\/www.facebook.com\/nautipartsspain\/\",\"https:\/\/www.instagram.com\/nautiparts\/\"]}]}<\/script>\n<!-- \/ Yoast SEO plugin. -->","yoast_head_json":{"title":"YachtBeach Magic Rutsche 540-620 cm | Nauti Parts","robots":{"index":"index","follow":"follow","max-snippet":"max-snippet:-1","max-image-preview":"max-image-preview:large","max-video-preview":"max-video-preview:-1"},"canonical":"https:\/\/nauti-parts.com\/de\/shop\/aufblasbare-waren\/yacht-strand\/yachtbeach-magic-rutsche-540-620-cm\/","og_locale":"de_DE","og_type":"article","og_title":"YachtBeach Magic Rutsche 540-620 cm | Nauti Parts","og_description":"Speziell entwickelt, um ein aufregendes Rutscherlebnis zu bieten. Mit ihren sanften Kurven und rutschfesten Oberfl\u00e4chen garantieren sie eine sichere und lustige Fahrt ins k\u00fchle Nass. Ob jung oder alt, jeder wird den Nervenkitzel und die Freude am Rutschen auf dem Wasser lieben.","og_url":"https:\/\/nauti-parts.com\/de\/shop\/aufblasbare-waren\/yacht-strand\/yachtbeach-magic-rutsche-540-620-cm\/","og_site_name":"Nauti Parts","article_publisher":"https:\/\/www.facebook.com\/nautipartsspain\/","og_image":[{"width":2000,"height":2000,"url":"https:\/\/nauti-parts.com\/wp-content\/uploads\/2024\/01\/w23237-02-yachtbeach-magic-slide-540-620.jpg","type":"image\/jpeg"}],"twitter_card":"summary_large_image","twitter_misc":{"Gesch\u00e4tzte Lesezeit":"1\u00a0Minute"},"schema":{"@context":"https:\/\/schema.org","@graph":[{"@type":"WebPage","@id":"https:\/\/nauti-parts.com\/de\/shop\/aufblasbare-waren\/yacht-strand\/yachtbeach-magic-rutsche-540-620-cm\/","url":"https:\/\/nauti-parts.com\/de\/shop\/aufblasbare-waren\/yacht-strand\/yachtbeach-magic-rutsche-540-620-cm\/","name":"YachtBeach Magic Rutsche 540-620 cm | Nauti Parts","isPartOf":{"@id":"https:\/\/nauti-parts.com\/de\/#website"},"primaryImageOfPage":{"@id":"https:\/\/nauti-parts.com\/de\/shop\/aufblasbare-waren\/yacht-strand\/yachtbeach-magic-rutsche-540-620-cm\/#primaryimage"},"image":{"@id":"https:\/\/nauti-parts.com\/de\/shop\/aufblasbare-waren\/yacht-strand\/yachtbeach-magic-rutsche-540-620-cm\/#primaryimage"},"thumbnailUrl":"https:\/\/nauti-parts.com\/wp-content\/uploads\/2024\/01\/w23237-02-yachtbeach-magic-slide-540-620.jpg","datePublished":"2024-01-31T11:55:59+00:00","breadcrumb":{"@id":"https:\/\/nauti-parts.com\/de\/shop\/aufblasbare-waren\/yacht-strand\/yachtbeach-magic-rutsche-540-620-cm\/#breadcrumb"},"inLanguage":"de","potentialAction":[{"@type":"ReadAction","target":["https:\/\/nauti-parts.com\/de\/shop\/aufblasbare-waren\/yacht-strand\/yachtbeach-magic-rutsche-540-620-cm\/"]}]},{"@type":"ImageObject","inLanguage":"de","@id":"https:\/\/nauti-parts.com\/de\/shop\/aufblasbare-waren\/yacht-strand\/yachtbeach-magic-rutsche-540-620-cm\/#primaryimage","url":"https:\/\/nauti-parts.com\/wp-content\/uploads\/2024\/01\/w23237-02-yachtbeach-magic-slide-540-620.jpg","contentUrl":"https:\/\/nauti-parts.com\/wp-content\/uploads\/2024\/01\/w23237-02-yachtbeach-magic-slide-540-620.jpg","width":2000,"height":2000},{"@type":"BreadcrumbList","@id":"https:\/\/nauti-parts.com\/de\/shop\/aufblasbare-waren\/yacht-strand\/yachtbeach-magic-rutsche-540-620-cm\/#breadcrumb","itemListElement":[{"@type":"ListItem","position":1,"name":"Shop","item":"https:\/\/nauti-parts.com\/de\/shop\/"},{"@type":"ListItem","position":2,"name":"YachtBeach Magic Rutsche 540-620 cm"}]},{"@type":"WebSite","@id":"https:\/\/nauti-parts.com\/de\/#website","url":"https:\/\/nauti-parts.com\/de\/","name":"Nauti Parts","description":"Sea-Doo Jet Ski - Seabob Dealer and Rentals | Water Toys Mallorca","publisher":{"@id":"https:\/\/nauti-parts.com\/de\/#organization"},"potentialAction":[{"@type":"SearchAction","target":{"@type":"EntryPoint","urlTemplate":"https:\/\/nauti-parts.com\/de\/?s={search_term_string}"},"query-input":{"@type":"PropertyValueSpecification","valueRequired":true,"valueName":"search_term_string"}}],"inLanguage":"de"},{"@type":"Organization","@id":"https:\/\/nauti-parts.com\/de\/#organization","name":"Nauti Teile","url":"https:\/\/nauti-parts.com\/de\/","logo":{"@type":"ImageObject","inLanguage":"de","@id":"https:\/\/nauti-parts.com\/de\/#\/schema\/logo\/image\/","url":"https:\/\/nauti-parts.com\/wp-content\/uploads\/2023\/10\/np-logo-black.png","contentUrl":"https:\/\/nauti-parts.com\/wp-content\/uploads\/2023\/10\/np-logo-black.png","width":253,"height":100,"caption":"Nauti Teile"},"image":{"@id":"https:\/\/nauti-parts.com\/de\/#\/schema\/logo\/image\/"},"sameAs":["https:\/\/www.facebook.com\/nautipartsspain\/","https:\/\/www.instagram.com\/nautiparts\/"]}]}},"_links":{"self":[{"href":"https:\/\/nauti-parts.com\/de\/wp-json\/wp\/v2\/product\/20980","targetHints":{"allow":["GET"]}}],"collection":[{"href":"https:\/\/nauti-parts.com\/de\/wp-json\/wp\/v2\/product"}],"about":[{"href":"https:\/\/nauti-parts.com\/de\/wp-json\/wp\/v2\/types\/product"}],"replies":[{"embeddable":true,"href":"https:\/\/nauti-parts.com\/de\/wp-json\/wp\/v2\/comments?post=20980"}],"wp:featuredmedia":[{"embeddable":true,"href":"https:\/\/nauti-parts.com\/de\/wp-json\/wp\/v2\/media\/17686"}],"wp:attachment":[{"href":"https:\/\/nauti-parts.com\/de\/wp-json\/wp\/v2\/media?parent=20980"}],"wp:term":[{"taxonomy":"product_brand","embeddable":true,"href":"https:\/\/nauti-parts.com\/de\/wp-json\/wp\/v2\/product_brand?post=20980"},{"taxonomy":"product_cat","embeddable":true,"href":"https:\/\/nauti-parts.com\/de\/wp-json\/wp\/v2\/product_cat?post=20980"},{"taxonomy":"product_tag","embeddable":true,"href":"https:\/\/nauti-parts.com\/de\/wp-json\/wp\/v2\/product_tag?post=20980"}],"curies":[{"name":"wp","href":"https:\/\/api.w.org\/{rel}","templated":true}]}}