{"id":20941,"date":"2024-01-31T12:11:15","date_gmt":"2024-01-31T12:11:15","guid":{"rendered":"https:\/\/nauti-parts.com\/shop\/unkategorisiert\/sublue-vapor\/"},"modified":"2024-01-31T12:11:15","modified_gmt":"2024-01-31T12:11:15","slug":"sublue-vapor","status":"publish","type":"product","link":"https:\/\/nauti-parts.com\/de\/shop\/wasserspielzeug\/seascooter\/sublue\/sublue-vapor\/","title":{"rendered":"Sublue Vapor"},"content":{"rendered":"<p>Entdecken Sie den <strong>Vapor<\/strong> von Sublue, den revolution\u00e4ren Unterwasser-Scooter, der die Erkundung der Unterwasserwelt neu definiert. Mit seinem leistungsstarken einmotorigen Motor, der eine Geschwindigkeit von bis zu <strong>9 km\/h<\/strong> und eine Tauchtiefe von bis zu <strong>40 Metern<\/strong> erreicht, bietet der Vapor ein unvergleichliches Taucherlebnis. Er wurde f\u00fcr Wassersportler entwickelt und verbindet dank seines <strong>ergonomischen Designs<\/strong> Leistung und Komfort. Mit drei einstellbaren Geschwindigkeiten und einem Display, das wichtige Informationen in Echtzeit anzeigt, ist der Vapor das perfekte Ger\u00e4t f\u00fcr Unterwasserabenteurer auf der Suche nach spannenden und sicheren Erkundungen.   <\/p>\n<div style=\"width: 900px;\" class=\"wp-video\"><video class=\"wp-video-shortcode\" id=\"video-20941-1\" width=\"900\" height=\"506\" preload=\"metadata\" controls=\"controls\"><source type=\"video\/mp4\" src=\"https:\/\/nauti-parts.com\/wp-content\/uploads\/2024\/01\/vapor-video6.mp4?_=1\" \/><a href=\"https:\/\/nauti-parts.com\/wp-content\/uploads\/2024\/01\/vapor-video6.mp4\">https:\/\/nauti-parts.com\/wp-content\/uploads\/2024\/01\/vapor-video6.mp4<\/a><\/video><\/div>\n<h3>Spezifikationen:<\/h3>\n<ul>\n<li>Abmessungen: 58 x 38 x 27cm \/ 22.79 x 14.92 x 10.75<\/li>\n<li>Gewicht: 8kg \/ 17.64 lbs<\/li>\n<li>Maximale Schubkraft: 210 Newton<\/li>\n<li>Tiefe: 40m<\/li>\n<li>Lebensdauer der Batterie: 1 Stunde<\/li>\n<li>Geschwindigkeit: Bis zu 10 kph \/ 6.22 mph<\/li>\n<li>Akku-Leistung: 384.8Wh<\/li>\n<li>Aufladezeit Standard: 4h<\/li>\n<li>Ladezeit Schnell: 1,5h (85% &#8211; 1h)<\/li>\n<li>G\u00e4nge: 3<\/li>\n<\/ul>\n<hr>\n<p><strong>Unerreichte Leistung<\/strong><br \/>\nDie Vapor ist mit einer leistungsstarken Einzelturbine ausgestattet, die Sie mit einer Geschwindigkeit von bis zu 9 km\/h antreibt, so dass Sie nahtlos in der Tiefsee navigieren k\u00f6nnen. Tauchen Sie mit Zuversicht in Tiefen von 40 Metern und entdecken Sie eine faszinierende Unterwasserwelt. <\/p>\n<hr>\n<p><strong>Vielseitigkeit mit drei Geschwindigkeiten<\/strong><br \/>\nDer Vapor bietet dank seiner drei einstellbaren Geschwindigkeiten au\u00dfergew\u00f6hnliche Vielseitigkeit. W\u00e4hlen Sie die Geschwindigkeit, die am besten zu Ihrem Tauchstil passt, sei es f\u00fcr langsame, entspannte Erkundungen oder ein dynamischeres Abenteuer. <\/p>\n<hr>\n<p><strong>Informationen auf einen Blick<\/strong><br \/>\nDas integrierte Display des Vapor liefert Ihnen wichtige Echtzeitinformationen, die Ihre Tauchg\u00e4nge noch sicherer und angenehmer machen. Verfolgen Sie Tiefe, Geschwindigkeit und verbleibende Batterieleistung auf einen Blick, damit Sie sich auf die Erkundung konzentrieren k\u00f6nnen. <\/p>\n","protected":false},"excerpt":{"rendered":"<div class=\"product__head\">\n<div class=\"product__meta\">\n<div class=\"elementor-element elementor-element-c2b8674 elementor-widget elementor-widget-spacer\" data-id=\"c2b8674\" data-element_type=\"widget\" data-settings=\"{\"ekit_we_effect_on\":\"none\"}\" data-widget_type=\"spacer.default\">\n<div class=\"elementor-widget-container\">\n<div class=\"elementor-spacer\">\n<h3 class=\"elementor-spacer-inner\"><strong>Der schnellste Mini-Unterwasserscooter<\/strong><\/h3>\n<\/div>\n<\/div>\n<\/div>\n<div class=\"elementor-element elementor-element-8d6f907 elementor-widget elementor-widget-text-editor\" data-id=\"8d6f907\" data-element_type=\"widget\" data-settings=\"{\"ekit_we_effect_on\":\"none\"}\" data-widget_type=\"text-editor.default\">\n<div class=\"elementor-widget-container\">\n<p>Entdecken Sie die Zukunft der Unterwassererkundung mit dem brandneuen Vapor Unterwasserscooter von Sublue. Der Vapor ist leistungsf\u00e4higer als je zuvor und wurde entwickelt, um die Grenzen Ihrer Unterwasserabenteuer zu erweitern. <\/p>\n<\/div>\n<\/div>\n<\/div>\n<\/div>\n","protected":false},"featured_media":17719,"comment_status":"open","ping_status":"closed","template":"","meta":{"_acf_changed":false},"product_brand":[],"product_cat":[245,246],"product_tag":[],"class_list":{"0":"post-20941","1":"product","2":"type-product","3":"status-publish","4":"has-post-thumbnail","6":"product_cat-seascooter","7":"product_cat-sublue","8":"repupress_customize_woocommerce_productom_class","10":"first","11":"instock","12":"taxable","13":"shipping-taxable","14":"purchasable","15":"product-type-simple"},"acf":[],"yoast_head":"<!-- This site is optimized with the Yoast SEO plugin v27.5 - https:\/\/yoast.com\/product\/yoast-seo-wordpress\/ -->\n<title>Unterwasser-Scooter<\/title>\n<meta name=\"description\" content=\"Sublue&#039;s Vapor Unterwasser-Scooter mit einem leistungsstarken Einmotoren-Motor, der Geschwindigkeiten von bis zu 9 km\/h und Tauchtiefen von bis zu 40 Metern erm\u00f6glicht\" \/>\n<meta name=\"robots\" content=\"index, follow, max-snippet:-1, max-image-preview:large, max-video-preview:-1\" \/>\n<link rel=\"canonical\" href=\"https:\/\/nauti-parts.com\/de\/shop\/wasserspielzeug\/seascooter\/sublue\/sublue-vapor\/\" \/>\n<meta property=\"og:locale\" content=\"de_DE\" \/>\n<meta property=\"og:type\" content=\"article\" \/>\n<meta property=\"og:title\" content=\"Unterwasser-Scooter\" \/>\n<meta property=\"og:description\" content=\"Sublue&#039;s Vapor Unterwasser-Scooter mit einem leistungsstarken Einmotoren-Motor, der Geschwindigkeiten von bis zu 9 km\/h und Tauchtiefen von bis zu 40 Metern erm\u00f6glicht\" \/>\n<meta property=\"og:url\" content=\"https:\/\/nauti-parts.com\/de\/shop\/wasserspielzeug\/seascooter\/sublue\/sublue-vapor\/\" \/>\n<meta property=\"og:site_name\" content=\"Nauti Parts\" \/>\n<meta property=\"article:publisher\" content=\"https:\/\/www.facebook.com\/nautipartsspain\/\" \/>\n<meta property=\"og:image\" content=\"https:\/\/nauti-parts.com\/wp-content\/uploads\/2024\/01\/vapor-face.webp\" \/>\n\t<meta property=\"og:image:width\" content=\"1599\" \/>\n\t<meta property=\"og:image:height\" content=\"703\" \/>\n\t<meta property=\"og:image:type\" content=\"image\/webp\" \/>\n<meta name=\"twitter:card\" content=\"summary_large_image\" \/>\n<meta name=\"twitter:label1\" content=\"Gesch\u00e4tzte Lesezeit\" \/>\n\t<meta name=\"twitter:data1\" content=\"1\u00a0Minute\" \/>\n<script type=\"application\/ld+json\" class=\"yoast-schema-graph\">{\"@context\":\"https:\\\/\\\/schema.org\",\"@graph\":[{\"@type\":\"WebPage\",\"@id\":\"https:\\\/\\\/nauti-parts.com\\\/de\\\/shop\\\/wasserspielzeug\\\/seascooter\\\/sublue\\\/sublue-vapor\\\/\",\"url\":\"https:\\\/\\\/nauti-parts.com\\\/de\\\/shop\\\/wasserspielzeug\\\/seascooter\\\/sublue\\\/sublue-vapor\\\/\",\"name\":\"Unterwasser-Scooter\",\"isPartOf\":{\"@id\":\"https:\\\/\\\/nauti-parts.com\\\/de\\\/#website\"},\"primaryImageOfPage\":{\"@id\":\"https:\\\/\\\/nauti-parts.com\\\/de\\\/shop\\\/wasserspielzeug\\\/seascooter\\\/sublue\\\/sublue-vapor\\\/#primaryimage\"},\"image\":{\"@id\":\"https:\\\/\\\/nauti-parts.com\\\/de\\\/shop\\\/wasserspielzeug\\\/seascooter\\\/sublue\\\/sublue-vapor\\\/#primaryimage\"},\"thumbnailUrl\":\"https:\\\/\\\/nauti-parts.com\\\/wp-content\\\/uploads\\\/2024\\\/01\\\/vapor-face.webp\",\"datePublished\":\"2024-01-31T12:11:15+00:00\",\"description\":\"Sublue's Vapor Unterwasser-Scooter mit einem leistungsstarken Einmotoren-Motor, der Geschwindigkeiten von bis zu 9 km\\\/h und Tauchtiefen von bis zu 40 Metern erm\u00f6glicht\",\"breadcrumb\":{\"@id\":\"https:\\\/\\\/nauti-parts.com\\\/de\\\/shop\\\/wasserspielzeug\\\/seascooter\\\/sublue\\\/sublue-vapor\\\/#breadcrumb\"},\"inLanguage\":\"de\",\"potentialAction\":[{\"@type\":\"ReadAction\",\"target\":[\"https:\\\/\\\/nauti-parts.com\\\/de\\\/shop\\\/wasserspielzeug\\\/seascooter\\\/sublue\\\/sublue-vapor\\\/\"]}]},{\"@type\":\"ImageObject\",\"inLanguage\":\"de\",\"@id\":\"https:\\\/\\\/nauti-parts.com\\\/de\\\/shop\\\/wasserspielzeug\\\/seascooter\\\/sublue\\\/sublue-vapor\\\/#primaryimage\",\"url\":\"https:\\\/\\\/nauti-parts.com\\\/wp-content\\\/uploads\\\/2024\\\/01\\\/vapor-face.webp\",\"contentUrl\":\"https:\\\/\\\/nauti-parts.com\\\/wp-content\\\/uploads\\\/2024\\\/01\\\/vapor-face.webp\",\"width\":1599,\"height\":703},{\"@type\":\"BreadcrumbList\",\"@id\":\"https:\\\/\\\/nauti-parts.com\\\/de\\\/shop\\\/wasserspielzeug\\\/seascooter\\\/sublue\\\/sublue-vapor\\\/#breadcrumb\",\"itemListElement\":[{\"@type\":\"ListItem\",\"position\":1,\"name\":\"Shop\",\"item\":\"https:\\\/\\\/nauti-parts.com\\\/de\\\/shop\\\/\"},{\"@type\":\"ListItem\",\"position\":2,\"name\":\"Sublue Vapor\"}]},{\"@type\":\"WebSite\",\"@id\":\"https:\\\/\\\/nauti-parts.com\\\/de\\\/#website\",\"url\":\"https:\\\/\\\/nauti-parts.com\\\/de\\\/\",\"name\":\"Nauti Parts\",\"description\":\"Sea-Doo Jet Ski - Seabob Dealer and Rentals | Water Toys Mallorca\",\"publisher\":{\"@id\":\"https:\\\/\\\/nauti-parts.com\\\/de\\\/#organization\"},\"potentialAction\":[{\"@type\":\"SearchAction\",\"target\":{\"@type\":\"EntryPoint\",\"urlTemplate\":\"https:\\\/\\\/nauti-parts.com\\\/de\\\/?s={search_term_string}\"},\"query-input\":{\"@type\":\"PropertyValueSpecification\",\"valueRequired\":true,\"valueName\":\"search_term_string\"}}],\"inLanguage\":\"de\"},{\"@type\":\"Organization\",\"@id\":\"https:\\\/\\\/nauti-parts.com\\\/de\\\/#organization\",\"name\":\"Nauti Teile\",\"url\":\"https:\\\/\\\/nauti-parts.com\\\/de\\\/\",\"logo\":{\"@type\":\"ImageObject\",\"inLanguage\":\"de\",\"@id\":\"https:\\\/\\\/nauti-parts.com\\\/de\\\/#\\\/schema\\\/logo\\\/image\\\/\",\"url\":\"https:\\\/\\\/nauti-parts.com\\\/wp-content\\\/uploads\\\/2023\\\/10\\\/np-logo-black.png\",\"contentUrl\":\"https:\\\/\\\/nauti-parts.com\\\/wp-content\\\/uploads\\\/2023\\\/10\\\/np-logo-black.png\",\"width\":253,\"height\":100,\"caption\":\"Nauti Teile\"},\"image\":{\"@id\":\"https:\\\/\\\/nauti-parts.com\\\/de\\\/#\\\/schema\\\/logo\\\/image\\\/\"},\"sameAs\":[\"https:\\\/\\\/www.facebook.com\\\/nautipartsspain\\\/\",\"https:\\\/\\\/www.instagram.com\\\/nautiparts\\\/\"]}]}<\/script>\n<!-- \/ Yoast SEO plugin. -->","yoast_head_json":{"title":"Unterwasser-Scooter","description":"Sublue's Vapor Unterwasser-Scooter mit einem leistungsstarken Einmotoren-Motor, der Geschwindigkeiten von bis zu 9 km\/h und Tauchtiefen von bis zu 40 Metern erm\u00f6glicht","robots":{"index":"index","follow":"follow","max-snippet":"max-snippet:-1","max-image-preview":"max-image-preview:large","max-video-preview":"max-video-preview:-1"},"canonical":"https:\/\/nauti-parts.com\/de\/shop\/wasserspielzeug\/seascooter\/sublue\/sublue-vapor\/","og_locale":"de_DE","og_type":"article","og_title":"Unterwasser-Scooter","og_description":"Sublue's Vapor Unterwasser-Scooter mit einem leistungsstarken Einmotoren-Motor, der Geschwindigkeiten von bis zu 9 km\/h und Tauchtiefen von bis zu 40 Metern erm\u00f6glicht","og_url":"https:\/\/nauti-parts.com\/de\/shop\/wasserspielzeug\/seascooter\/sublue\/sublue-vapor\/","og_site_name":"Nauti Parts","article_publisher":"https:\/\/www.facebook.com\/nautipartsspain\/","og_image":[{"width":1599,"height":703,"url":"https:\/\/nauti-parts.com\/wp-content\/uploads\/2024\/01\/vapor-face.webp","type":"image\/webp"}],"twitter_card":"summary_large_image","twitter_misc":{"Gesch\u00e4tzte Lesezeit":"1\u00a0Minute"},"schema":{"@context":"https:\/\/schema.org","@graph":[{"@type":"WebPage","@id":"https:\/\/nauti-parts.com\/de\/shop\/wasserspielzeug\/seascooter\/sublue\/sublue-vapor\/","url":"https:\/\/nauti-parts.com\/de\/shop\/wasserspielzeug\/seascooter\/sublue\/sublue-vapor\/","name":"Unterwasser-Scooter","isPartOf":{"@id":"https:\/\/nauti-parts.com\/de\/#website"},"primaryImageOfPage":{"@id":"https:\/\/nauti-parts.com\/de\/shop\/wasserspielzeug\/seascooter\/sublue\/sublue-vapor\/#primaryimage"},"image":{"@id":"https:\/\/nauti-parts.com\/de\/shop\/wasserspielzeug\/seascooter\/sublue\/sublue-vapor\/#primaryimage"},"thumbnailUrl":"https:\/\/nauti-parts.com\/wp-content\/uploads\/2024\/01\/vapor-face.webp","datePublished":"2024-01-31T12:11:15+00:00","description":"Sublue's Vapor Unterwasser-Scooter mit einem leistungsstarken Einmotoren-Motor, der Geschwindigkeiten von bis zu 9 km\/h und Tauchtiefen von bis zu 40 Metern erm\u00f6glicht","breadcrumb":{"@id":"https:\/\/nauti-parts.com\/de\/shop\/wasserspielzeug\/seascooter\/sublue\/sublue-vapor\/#breadcrumb"},"inLanguage":"de","potentialAction":[{"@type":"ReadAction","target":["https:\/\/nauti-parts.com\/de\/shop\/wasserspielzeug\/seascooter\/sublue\/sublue-vapor\/"]}]},{"@type":"ImageObject","inLanguage":"de","@id":"https:\/\/nauti-parts.com\/de\/shop\/wasserspielzeug\/seascooter\/sublue\/sublue-vapor\/#primaryimage","url":"https:\/\/nauti-parts.com\/wp-content\/uploads\/2024\/01\/vapor-face.webp","contentUrl":"https:\/\/nauti-parts.com\/wp-content\/uploads\/2024\/01\/vapor-face.webp","width":1599,"height":703},{"@type":"BreadcrumbList","@id":"https:\/\/nauti-parts.com\/de\/shop\/wasserspielzeug\/seascooter\/sublue\/sublue-vapor\/#breadcrumb","itemListElement":[{"@type":"ListItem","position":1,"name":"Shop","item":"https:\/\/nauti-parts.com\/de\/shop\/"},{"@type":"ListItem","position":2,"name":"Sublue Vapor"}]},{"@type":"WebSite","@id":"https:\/\/nauti-parts.com\/de\/#website","url":"https:\/\/nauti-parts.com\/de\/","name":"Nauti Parts","description":"Sea-Doo Jet Ski - Seabob Dealer and Rentals | Water Toys Mallorca","publisher":{"@id":"https:\/\/nauti-parts.com\/de\/#organization"},"potentialAction":[{"@type":"SearchAction","target":{"@type":"EntryPoint","urlTemplate":"https:\/\/nauti-parts.com\/de\/?s={search_term_string}"},"query-input":{"@type":"PropertyValueSpecification","valueRequired":true,"valueName":"search_term_string"}}],"inLanguage":"de"},{"@type":"Organization","@id":"https:\/\/nauti-parts.com\/de\/#organization","name":"Nauti Teile","url":"https:\/\/nauti-parts.com\/de\/","logo":{"@type":"ImageObject","inLanguage":"de","@id":"https:\/\/nauti-parts.com\/de\/#\/schema\/logo\/image\/","url":"https:\/\/nauti-parts.com\/wp-content\/uploads\/2023\/10\/np-logo-black.png","contentUrl":"https:\/\/nauti-parts.com\/wp-content\/uploads\/2023\/10\/np-logo-black.png","width":253,"height":100,"caption":"Nauti Teile"},"image":{"@id":"https:\/\/nauti-parts.com\/de\/#\/schema\/logo\/image\/"},"sameAs":["https:\/\/www.facebook.com\/nautipartsspain\/","https:\/\/www.instagram.com\/nautiparts\/"]}]}},"_links":{"self":[{"href":"https:\/\/nauti-parts.com\/de\/wp-json\/wp\/v2\/product\/20941","targetHints":{"allow":["GET"]}}],"collection":[{"href":"https:\/\/nauti-parts.com\/de\/wp-json\/wp\/v2\/product"}],"about":[{"href":"https:\/\/nauti-parts.com\/de\/wp-json\/wp\/v2\/types\/product"}],"replies":[{"embeddable":true,"href":"https:\/\/nauti-parts.com\/de\/wp-json\/wp\/v2\/comments?post=20941"}],"wp:featuredmedia":[{"embeddable":true,"href":"https:\/\/nauti-parts.com\/de\/wp-json\/wp\/v2\/media\/17719"}],"wp:attachment":[{"href":"https:\/\/nauti-parts.com\/de\/wp-json\/wp\/v2\/media?parent=20941"}],"wp:term":[{"taxonomy":"product_brand","embeddable":true,"href":"https:\/\/nauti-parts.com\/de\/wp-json\/wp\/v2\/product_brand?post=20941"},{"taxonomy":"product_cat","embeddable":true,"href":"https:\/\/nauti-parts.com\/de\/wp-json\/wp\/v2\/product_cat?post=20941"},{"taxonomy":"product_tag","embeddable":true,"href":"https:\/\/nauti-parts.com\/de\/wp-json\/wp\/v2\/product_tag?post=20941"}],"curies":[{"name":"wp","href":"https:\/\/api.w.org\/{rel}","templated":true}]}}