{"id":20861,"date":"2023-03-10T15:15:50","date_gmt":"2023-03-10T15:15:50","guid":{"rendered":"https:\/\/nauti-parts.com\/shop\/unkategorisiert\/yachtbeach-multi-dock-und-liege-2m-x-2m-x-20cm\/"},"modified":"2023-03-10T15:15:50","modified_gmt":"2023-03-10T15:15:50","slug":"yachtbeach-multi-dock-und-liege-2m-x-2m-x-20cm","status":"publish","type":"product","link":"https:\/\/nauti-parts.com\/de\/shop\/aufblasbare-waren\/yacht-strand\/yachtbeach-multi-dock-und-liege-2m-x-2m-x-20cm\/","title":{"rendered":"YachtBeach Multi Dock und Liege 2m x 2m x 20cm"},"content":{"rendered":"<p>Das Multi Dock kann auch am YachtBeach Luxus-Pool verwendet und befestigt werden. Das Yachtbeach Multi Dock und die Liege lassen sich mit Hilfe des Griffverbindungssystems <strong>problemlos<\/strong> mit allen Yachtbeach 4.1 &amp; 3.0 Plattformen und Luxus-Pools <strong>kombinieren<\/strong> und variieren. Sch\u00f6ne, angenehme, rutschfeste und strapazierf\u00e4hige Schaumstoffoberfl\u00e4che aus <strong>EVA in Teakholz-Optik.<\/strong> <\/p>\n<p><strong>Multi Dock und Liege 2.05<\/strong><\/p>\n<ul>\n<li>Ma\u00dfe: Gr\u00f6\u00dfe: 205 x 205cm x 20cm<\/li>\n<li>Gewicht: 16,4 kg &#8211; 36lbs<\/li>\n<li>Packma\u00df: 70 x 40 x 30cm<\/li>\n<\/ul>\n<p><strong>Material<\/strong><\/p>\n<ul>\n<li>Fallstich mit 20 cm Dicke &#8211; bietet unglaubliche Stabilit\u00e4t und noch mehr Sicherheit<\/li>\n<\/ul>\n","protected":false},"excerpt":{"rendered":"<p>Doppeldock und Liege &#8211; geeignet zum einfachen Abstellen von Seabobs, iAqua, Jetsurf Boards, Awake Boards, Radinn Boards, Fliteboards, Lift Boards, Magicsurf Boards, Onean Boards, esurf Boards oder Lampuga Boards. Zus\u00e4tzlich zum Andocken &#8211; w\u00e4hrend die Spielzeuge in Gebrauch sind &#8211; bietet er eine superbequeme Lounge f\u00fcr 2 Personen. <\/p>\n","protected":false},"featured_media":16752,"comment_status":"open","ping_status":"closed","template":"","meta":{"_acf_changed":false},"product_brand":[],"product_cat":[239,243,240],"product_tag":[],"class_list":{"0":"post-20861","1":"product","2":"type-product","3":"status-publish","4":"has-post-thumbnail","6":"product_cat-aufblasbare-waren","7":"product_cat-plattformen","8":"product_cat-yacht-strand","9":"repupress_customize_woocommerce_productom_class","11":"first","12":"instock","13":"taxable","14":"shipping-taxable","15":"purchasable","16":"product-type-simple"},"acf":[],"yoast_head":"<!-- This site is optimized with the Yoast SEO plugin v27.5 - https:\/\/yoast.com\/product\/yoast-seo-wordpress\/ -->\n<title>YachtBeach Multi Dock und Liege 2m x 2m x 20cm | Nauti Parts<\/title>\n<meta name=\"robots\" content=\"index, follow, max-snippet:-1, max-image-preview:large, max-video-preview:-1\" \/>\n<link rel=\"canonical\" href=\"https:\/\/nauti-parts.com\/de\/shop\/aufblasbare-waren\/yacht-strand\/yachtbeach-multi-dock-und-liege-2m-x-2m-x-20cm\/\" \/>\n<meta property=\"og:locale\" content=\"de_DE\" \/>\n<meta property=\"og:type\" content=\"article\" \/>\n<meta property=\"og:title\" content=\"YachtBeach Multi Dock und Liege 2m x 2m x 20cm | Nauti Parts\" \/>\n<meta property=\"og:description\" content=\"Doppeldock und Liege - geeignet zum einfachen Abstellen von Seabobs, iAqua, Jetsurf Boards, Awake Boards, Radinn Boards, Fliteboards, Lift Boards, Magicsurf Boards, Onean Boards, esurf Boards oder Lampuga Boards. Zus\u00e4tzlich zum Andocken - w\u00e4hrend die Spielzeuge in Gebrauch sind - bietet er eine superbequeme Lounge f\u00fcr 2 Personen.\" \/>\n<meta property=\"og:url\" content=\"https:\/\/nauti-parts.com\/de\/shop\/aufblasbare-waren\/yacht-strand\/yachtbeach-multi-dock-und-liege-2m-x-2m-x-20cm\/\" \/>\n<meta property=\"og:site_name\" content=\"Nauti Parts\" \/>\n<meta property=\"article:publisher\" content=\"https:\/\/www.facebook.com\/nautipartsspain\/\" \/>\n<meta property=\"og:image\" content=\"https:\/\/nauti-parts.com\/wp-content\/uploads\/2023\/03\/20397-01-yachtbeach-multi-dock-1920x1080-1.png\" \/>\n\t<meta property=\"og:image:width\" content=\"1920\" \/>\n\t<meta property=\"og:image:height\" content=\"1080\" \/>\n\t<meta property=\"og:image:type\" content=\"image\/png\" \/>\n<meta name=\"twitter:card\" content=\"summary_large_image\" \/>\n<script type=\"application\/ld+json\" class=\"yoast-schema-graph\">{\"@context\":\"https:\\\/\\\/schema.org\",\"@graph\":[{\"@type\":\"WebPage\",\"@id\":\"https:\\\/\\\/nauti-parts.com\\\/de\\\/shop\\\/aufblasbare-waren\\\/yacht-strand\\\/yachtbeach-multi-dock-und-liege-2m-x-2m-x-20cm\\\/\",\"url\":\"https:\\\/\\\/nauti-parts.com\\\/de\\\/shop\\\/aufblasbare-waren\\\/yacht-strand\\\/yachtbeach-multi-dock-und-liege-2m-x-2m-x-20cm\\\/\",\"name\":\"YachtBeach Multi Dock und Liege 2m x 2m x 20cm | Nauti Parts\",\"isPartOf\":{\"@id\":\"https:\\\/\\\/nauti-parts.com\\\/de\\\/#website\"},\"primaryImageOfPage\":{\"@id\":\"https:\\\/\\\/nauti-parts.com\\\/de\\\/shop\\\/aufblasbare-waren\\\/yacht-strand\\\/yachtbeach-multi-dock-und-liege-2m-x-2m-x-20cm\\\/#primaryimage\"},\"image\":{\"@id\":\"https:\\\/\\\/nauti-parts.com\\\/de\\\/shop\\\/aufblasbare-waren\\\/yacht-strand\\\/yachtbeach-multi-dock-und-liege-2m-x-2m-x-20cm\\\/#primaryimage\"},\"thumbnailUrl\":\"https:\\\/\\\/nauti-parts.com\\\/wp-content\\\/uploads\\\/2023\\\/03\\\/20397-01-yachtbeach-multi-dock-1920x1080-1.png\",\"datePublished\":\"2023-03-10T15:15:50+00:00\",\"breadcrumb\":{\"@id\":\"https:\\\/\\\/nauti-parts.com\\\/de\\\/shop\\\/aufblasbare-waren\\\/yacht-strand\\\/yachtbeach-multi-dock-und-liege-2m-x-2m-x-20cm\\\/#breadcrumb\"},\"inLanguage\":\"de\",\"potentialAction\":[{\"@type\":\"ReadAction\",\"target\":[\"https:\\\/\\\/nauti-parts.com\\\/de\\\/shop\\\/aufblasbare-waren\\\/yacht-strand\\\/yachtbeach-multi-dock-und-liege-2m-x-2m-x-20cm\\\/\"]}]},{\"@type\":\"ImageObject\",\"inLanguage\":\"de\",\"@id\":\"https:\\\/\\\/nauti-parts.com\\\/de\\\/shop\\\/aufblasbare-waren\\\/yacht-strand\\\/yachtbeach-multi-dock-und-liege-2m-x-2m-x-20cm\\\/#primaryimage\",\"url\":\"https:\\\/\\\/nauti-parts.com\\\/wp-content\\\/uploads\\\/2023\\\/03\\\/20397-01-yachtbeach-multi-dock-1920x1080-1.png\",\"contentUrl\":\"https:\\\/\\\/nauti-parts.com\\\/wp-content\\\/uploads\\\/2023\\\/03\\\/20397-01-yachtbeach-multi-dock-1920x1080-1.png\",\"width\":1920,\"height\":1080},{\"@type\":\"BreadcrumbList\",\"@id\":\"https:\\\/\\\/nauti-parts.com\\\/de\\\/shop\\\/aufblasbare-waren\\\/yacht-strand\\\/yachtbeach-multi-dock-und-liege-2m-x-2m-x-20cm\\\/#breadcrumb\",\"itemListElement\":[{\"@type\":\"ListItem\",\"position\":1,\"name\":\"Shop\",\"item\":\"https:\\\/\\\/nauti-parts.com\\\/de\\\/shop\\\/\"},{\"@type\":\"ListItem\",\"position\":2,\"name\":\"YachtBeach Multi Dock und Liege 2m x 2m x 20cm\"}]},{\"@type\":\"WebSite\",\"@id\":\"https:\\\/\\\/nauti-parts.com\\\/de\\\/#website\",\"url\":\"https:\\\/\\\/nauti-parts.com\\\/de\\\/\",\"name\":\"Nauti Parts\",\"description\":\"Sea-Doo Jet Ski - Seabob Dealer and Rentals | Water Toys Mallorca\",\"publisher\":{\"@id\":\"https:\\\/\\\/nauti-parts.com\\\/de\\\/#organization\"},\"potentialAction\":[{\"@type\":\"SearchAction\",\"target\":{\"@type\":\"EntryPoint\",\"urlTemplate\":\"https:\\\/\\\/nauti-parts.com\\\/de\\\/?s={search_term_string}\"},\"query-input\":{\"@type\":\"PropertyValueSpecification\",\"valueRequired\":true,\"valueName\":\"search_term_string\"}}],\"inLanguage\":\"de\"},{\"@type\":\"Organization\",\"@id\":\"https:\\\/\\\/nauti-parts.com\\\/de\\\/#organization\",\"name\":\"Nauti Teile\",\"url\":\"https:\\\/\\\/nauti-parts.com\\\/de\\\/\",\"logo\":{\"@type\":\"ImageObject\",\"inLanguage\":\"de\",\"@id\":\"https:\\\/\\\/nauti-parts.com\\\/de\\\/#\\\/schema\\\/logo\\\/image\\\/\",\"url\":\"https:\\\/\\\/nauti-parts.com\\\/wp-content\\\/uploads\\\/2023\\\/10\\\/np-logo-black.png\",\"contentUrl\":\"https:\\\/\\\/nauti-parts.com\\\/wp-content\\\/uploads\\\/2023\\\/10\\\/np-logo-black.png\",\"width\":253,\"height\":100,\"caption\":\"Nauti Teile\"},\"image\":{\"@id\":\"https:\\\/\\\/nauti-parts.com\\\/de\\\/#\\\/schema\\\/logo\\\/image\\\/\"},\"sameAs\":[\"https:\\\/\\\/www.facebook.com\\\/nautipartsspain\\\/\",\"https:\\\/\\\/www.instagram.com\\\/nautiparts\\\/\"]}]}<\/script>\n<!-- \/ Yoast SEO plugin. -->","yoast_head_json":{"title":"YachtBeach Multi Dock und Liege 2m x 2m x 20cm | Nauti Parts","robots":{"index":"index","follow":"follow","max-snippet":"max-snippet:-1","max-image-preview":"max-image-preview:large","max-video-preview":"max-video-preview:-1"},"canonical":"https:\/\/nauti-parts.com\/de\/shop\/aufblasbare-waren\/yacht-strand\/yachtbeach-multi-dock-und-liege-2m-x-2m-x-20cm\/","og_locale":"de_DE","og_type":"article","og_title":"YachtBeach Multi Dock und Liege 2m x 2m x 20cm | Nauti Parts","og_description":"Doppeldock und Liege - geeignet zum einfachen Abstellen von Seabobs, iAqua, Jetsurf Boards, Awake Boards, Radinn Boards, Fliteboards, Lift Boards, Magicsurf Boards, Onean Boards, esurf Boards oder Lampuga Boards. Zus\u00e4tzlich zum Andocken - w\u00e4hrend die Spielzeuge in Gebrauch sind - bietet er eine superbequeme Lounge f\u00fcr 2 Personen.","og_url":"https:\/\/nauti-parts.com\/de\/shop\/aufblasbare-waren\/yacht-strand\/yachtbeach-multi-dock-und-liege-2m-x-2m-x-20cm\/","og_site_name":"Nauti Parts","article_publisher":"https:\/\/www.facebook.com\/nautipartsspain\/","og_image":[{"width":1920,"height":1080,"url":"https:\/\/nauti-parts.com\/wp-content\/uploads\/2023\/03\/20397-01-yachtbeach-multi-dock-1920x1080-1.png","type":"image\/png"}],"twitter_card":"summary_large_image","schema":{"@context":"https:\/\/schema.org","@graph":[{"@type":"WebPage","@id":"https:\/\/nauti-parts.com\/de\/shop\/aufblasbare-waren\/yacht-strand\/yachtbeach-multi-dock-und-liege-2m-x-2m-x-20cm\/","url":"https:\/\/nauti-parts.com\/de\/shop\/aufblasbare-waren\/yacht-strand\/yachtbeach-multi-dock-und-liege-2m-x-2m-x-20cm\/","name":"YachtBeach Multi Dock und Liege 2m x 2m x 20cm | Nauti Parts","isPartOf":{"@id":"https:\/\/nauti-parts.com\/de\/#website"},"primaryImageOfPage":{"@id":"https:\/\/nauti-parts.com\/de\/shop\/aufblasbare-waren\/yacht-strand\/yachtbeach-multi-dock-und-liege-2m-x-2m-x-20cm\/#primaryimage"},"image":{"@id":"https:\/\/nauti-parts.com\/de\/shop\/aufblasbare-waren\/yacht-strand\/yachtbeach-multi-dock-und-liege-2m-x-2m-x-20cm\/#primaryimage"},"thumbnailUrl":"https:\/\/nauti-parts.com\/wp-content\/uploads\/2023\/03\/20397-01-yachtbeach-multi-dock-1920x1080-1.png","datePublished":"2023-03-10T15:15:50+00:00","breadcrumb":{"@id":"https:\/\/nauti-parts.com\/de\/shop\/aufblasbare-waren\/yacht-strand\/yachtbeach-multi-dock-und-liege-2m-x-2m-x-20cm\/#breadcrumb"},"inLanguage":"de","potentialAction":[{"@type":"ReadAction","target":["https:\/\/nauti-parts.com\/de\/shop\/aufblasbare-waren\/yacht-strand\/yachtbeach-multi-dock-und-liege-2m-x-2m-x-20cm\/"]}]},{"@type":"ImageObject","inLanguage":"de","@id":"https:\/\/nauti-parts.com\/de\/shop\/aufblasbare-waren\/yacht-strand\/yachtbeach-multi-dock-und-liege-2m-x-2m-x-20cm\/#primaryimage","url":"https:\/\/nauti-parts.com\/wp-content\/uploads\/2023\/03\/20397-01-yachtbeach-multi-dock-1920x1080-1.png","contentUrl":"https:\/\/nauti-parts.com\/wp-content\/uploads\/2023\/03\/20397-01-yachtbeach-multi-dock-1920x1080-1.png","width":1920,"height":1080},{"@type":"BreadcrumbList","@id":"https:\/\/nauti-parts.com\/de\/shop\/aufblasbare-waren\/yacht-strand\/yachtbeach-multi-dock-und-liege-2m-x-2m-x-20cm\/#breadcrumb","itemListElement":[{"@type":"ListItem","position":1,"name":"Shop","item":"https:\/\/nauti-parts.com\/de\/shop\/"},{"@type":"ListItem","position":2,"name":"YachtBeach Multi Dock und Liege 2m x 2m x 20cm"}]},{"@type":"WebSite","@id":"https:\/\/nauti-parts.com\/de\/#website","url":"https:\/\/nauti-parts.com\/de\/","name":"Nauti Parts","description":"Sea-Doo Jet Ski - Seabob Dealer and Rentals | Water Toys Mallorca","publisher":{"@id":"https:\/\/nauti-parts.com\/de\/#organization"},"potentialAction":[{"@type":"SearchAction","target":{"@type":"EntryPoint","urlTemplate":"https:\/\/nauti-parts.com\/de\/?s={search_term_string}"},"query-input":{"@type":"PropertyValueSpecification","valueRequired":true,"valueName":"search_term_string"}}],"inLanguage":"de"},{"@type":"Organization","@id":"https:\/\/nauti-parts.com\/de\/#organization","name":"Nauti Teile","url":"https:\/\/nauti-parts.com\/de\/","logo":{"@type":"ImageObject","inLanguage":"de","@id":"https:\/\/nauti-parts.com\/de\/#\/schema\/logo\/image\/","url":"https:\/\/nauti-parts.com\/wp-content\/uploads\/2023\/10\/np-logo-black.png","contentUrl":"https:\/\/nauti-parts.com\/wp-content\/uploads\/2023\/10\/np-logo-black.png","width":253,"height":100,"caption":"Nauti Teile"},"image":{"@id":"https:\/\/nauti-parts.com\/de\/#\/schema\/logo\/image\/"},"sameAs":["https:\/\/www.facebook.com\/nautipartsspain\/","https:\/\/www.instagram.com\/nautiparts\/"]}]}},"_links":{"self":[{"href":"https:\/\/nauti-parts.com\/de\/wp-json\/wp\/v2\/product\/20861","targetHints":{"allow":["GET"]}}],"collection":[{"href":"https:\/\/nauti-parts.com\/de\/wp-json\/wp\/v2\/product"}],"about":[{"href":"https:\/\/nauti-parts.com\/de\/wp-json\/wp\/v2\/types\/product"}],"replies":[{"embeddable":true,"href":"https:\/\/nauti-parts.com\/de\/wp-json\/wp\/v2\/comments?post=20861"}],"wp:featuredmedia":[{"embeddable":true,"href":"https:\/\/nauti-parts.com\/de\/wp-json\/wp\/v2\/media\/16752"}],"wp:attachment":[{"href":"https:\/\/nauti-parts.com\/de\/wp-json\/wp\/v2\/media?parent=20861"}],"wp:term":[{"taxonomy":"product_brand","embeddable":true,"href":"https:\/\/nauti-parts.com\/de\/wp-json\/wp\/v2\/product_brand?post=20861"},{"taxonomy":"product_cat","embeddable":true,"href":"https:\/\/nauti-parts.com\/de\/wp-json\/wp\/v2\/product_cat?post=20861"},{"taxonomy":"product_tag","embeddable":true,"href":"https:\/\/nauti-parts.com\/de\/wp-json\/wp\/v2\/product_tag?post=20861"}],"curies":[{"name":"wp","href":"https:\/\/api.w.org\/{rel}","templated":true}]}}