{"id":20794,"date":"2020-01-20T10:44:23","date_gmt":"2020-01-20T10:44:23","guid":{"rendered":"https:\/\/nauti-parts.com\/shop\/unkategorisiert\/fliteboard-tasche\/"},"modified":"2020-01-20T10:44:23","modified_gmt":"2020-01-20T10:44:23","slug":"fliteboard-tasche","status":"publish","type":"product","link":"https:\/\/nauti-parts.com\/de\/shop\/bretter-skier\/e-folien\/fliteboard\/fliteboard-tasche\/","title":{"rendered":"Fliteboard Tasche"},"content":{"rendered":"<p>Entwickelt, um Ihr Board auf Reisen und bei der Aufbewahrung zu sch\u00fctzen.<\/p>\n<p>&#8211; Hergestellt aus hochwertigen Materialien<br \/>\n&#8211; Verst\u00e4rkte gepolsterte Konstruktion<br \/>\n&#8211; Strapazierf\u00e4hige Rei\u00dfverschl\u00fcsse<br \/>\n&#8211; Kompressionsriemen<br \/>\n&#8211; Hochfeste Tragegriffe<\/p>\n<p>W\u00e4hlen Sie zwischen Standard, Pro oder Air<\/p>\n","protected":false},"excerpt":{"rendered":"<p>Entwickelt, um Ihr Board auf Reisen und bei der Aufbewahrung zu sch\u00fctzen. &#8211; Hergestellt aus hochwertigen Materialien &#8211; Verst\u00e4rkte gepolsterte Konstruktion &#8211; Strapazierf\u00e4hige Rei\u00dfverschl\u00fcsse &#8211; Kompressionsriemen &#8211; Hochfeste Tragegriffe W\u00e4hlen Sie zwischen Standard, Pro oder Air<\/p>\n","protected":false},"featured_media":13339,"comment_status":"open","ping_status":"closed","template":"","meta":{"_acf_changed":false},"product_brand":[],"product_cat":[214,222,223],"product_tag":[],"class_list":{"0":"post-20794","1":"product","2":"type-product","3":"status-publish","4":"has-post-thumbnail","6":"product_cat-bretter-skier","7":"product_cat-e-folien","8":"product_cat-fliteboard","9":"repupress_customize_woocommerce_productom_class","11":"first","12":"instock","13":"taxable","14":"shipping-taxable","15":"purchasable","16":"product-type-variable"},"acf":[],"yoast_head":"<!-- This site is optimized with the Yoast SEO plugin v27.2 - https:\/\/yoast.com\/product\/yoast-seo-wordpress\/ -->\n<title>Fliteboard Tasche | Nauti Parts<\/title>\n<meta name=\"robots\" content=\"index, follow, max-snippet:-1, max-image-preview:large, max-video-preview:-1\" \/>\n<link rel=\"canonical\" href=\"https:\/\/nauti-parts.com\/de\/shop\/bretter-skier\/e-folien\/fliteboard\/fliteboard-tasche\/\" \/>\n<meta property=\"og:locale\" content=\"de_DE\" \/>\n<meta property=\"og:type\" content=\"article\" \/>\n<meta property=\"og:title\" content=\"Fliteboard Tasche | Nauti Parts\" \/>\n<meta property=\"og:description\" content=\"Entwickelt, um Ihr Board auf Reisen und bei der Aufbewahrung zu sch\u00fctzen. &#8211; Hergestellt aus hochwertigen Materialien &#8211; Verst\u00e4rkte gepolsterte Konstruktion &#8211; Strapazierf\u00e4hige Rei\u00dfverschl\u00fcsse &#8211; Kompressionsriemen &#8211; Hochfeste Tragegriffe W\u00e4hlen Sie zwischen Standard, Pro oder Air\" \/>\n<meta property=\"og:url\" content=\"https:\/\/nauti-parts.com\/de\/shop\/bretter-skier\/e-folien\/fliteboard\/fliteboard-tasche\/\" \/>\n<meta property=\"og:site_name\" content=\"Nauti Parts\" \/>\n<meta property=\"article:publisher\" content=\"https:\/\/www.facebook.com\/nautipartsspain\/\" \/>\n<meta property=\"og:image\" content=\"https:\/\/nauti-parts.com\/wp-content\/uploads\/2020\/01\/board-bag.png\" \/>\n\t<meta property=\"og:image:width\" content=\"1920\" \/>\n\t<meta property=\"og:image:height\" content=\"2880\" \/>\n\t<meta property=\"og:image:type\" content=\"image\/png\" \/>\n<meta name=\"twitter:card\" content=\"summary_large_image\" \/>\n<script type=\"application\/ld+json\" class=\"yoast-schema-graph\">{\"@context\":\"https:\/\/schema.org\",\"@graph\":[{\"@type\":\"WebPage\",\"@id\":\"https:\/\/nauti-parts.com\/de\/shop\/bretter-skier\/e-folien\/fliteboard\/fliteboard-tasche\/\",\"url\":\"https:\/\/nauti-parts.com\/de\/shop\/bretter-skier\/e-folien\/fliteboard\/fliteboard-tasche\/\",\"name\":\"Fliteboard Tasche | Nauti Parts\",\"isPartOf\":{\"@id\":\"https:\/\/nauti-parts.com\/de\/#website\"},\"primaryImageOfPage\":{\"@id\":\"https:\/\/nauti-parts.com\/de\/shop\/bretter-skier\/e-folien\/fliteboard\/fliteboard-tasche\/#primaryimage\"},\"image\":{\"@id\":\"https:\/\/nauti-parts.com\/de\/shop\/bretter-skier\/e-folien\/fliteboard\/fliteboard-tasche\/#primaryimage\"},\"thumbnailUrl\":\"https:\/\/nauti-parts.com\/wp-content\/uploads\/2020\/01\/board-bag.png\",\"datePublished\":\"2020-01-20T10:44:23+00:00\",\"breadcrumb\":{\"@id\":\"https:\/\/nauti-parts.com\/de\/shop\/bretter-skier\/e-folien\/fliteboard\/fliteboard-tasche\/#breadcrumb\"},\"inLanguage\":\"de\",\"potentialAction\":[{\"@type\":\"ReadAction\",\"target\":[\"https:\/\/nauti-parts.com\/de\/shop\/bretter-skier\/e-folien\/fliteboard\/fliteboard-tasche\/\"]}]},{\"@type\":\"ImageObject\",\"inLanguage\":\"de\",\"@id\":\"https:\/\/nauti-parts.com\/de\/shop\/bretter-skier\/e-folien\/fliteboard\/fliteboard-tasche\/#primaryimage\",\"url\":\"https:\/\/nauti-parts.com\/wp-content\/uploads\/2020\/01\/board-bag.png\",\"contentUrl\":\"https:\/\/nauti-parts.com\/wp-content\/uploads\/2020\/01\/board-bag.png\",\"width\":1920,\"height\":2880},{\"@type\":\"BreadcrumbList\",\"@id\":\"https:\/\/nauti-parts.com\/de\/shop\/bretter-skier\/e-folien\/fliteboard\/fliteboard-tasche\/#breadcrumb\",\"itemListElement\":[{\"@type\":\"ListItem\",\"position\":1,\"name\":\"Shop\",\"item\":\"https:\/\/nauti-parts.com\/de\/shop\/\"},{\"@type\":\"ListItem\",\"position\":2,\"name\":\"Fliteboard Tasche\"}]},{\"@type\":\"WebSite\",\"@id\":\"https:\/\/nauti-parts.com\/de\/#website\",\"url\":\"https:\/\/nauti-parts.com\/de\/\",\"name\":\"Nauti Parts\",\"description\":\"Sea-Doo Jet Ski - Seabob Dealer and Rentals | Water Toys Mallorca\",\"publisher\":{\"@id\":\"https:\/\/nauti-parts.com\/de\/#organization\"},\"potentialAction\":[{\"@type\":\"SearchAction\",\"target\":{\"@type\":\"EntryPoint\",\"urlTemplate\":\"https:\/\/nauti-parts.com\/de\/?s={search_term_string}\"},\"query-input\":{\"@type\":\"PropertyValueSpecification\",\"valueRequired\":true,\"valueName\":\"search_term_string\"}}],\"inLanguage\":\"de\"},{\"@type\":\"Organization\",\"@id\":\"https:\/\/nauti-parts.com\/de\/#organization\",\"name\":\"Nauti Teile\",\"url\":\"https:\/\/nauti-parts.com\/de\/\",\"logo\":{\"@type\":\"ImageObject\",\"inLanguage\":\"de\",\"@id\":\"https:\/\/nauti-parts.com\/de\/#\/schema\/logo\/image\/\",\"url\":\"https:\/\/nauti-parts.com\/wp-content\/uploads\/2023\/10\/np-logo-black.png\",\"contentUrl\":\"https:\/\/nauti-parts.com\/wp-content\/uploads\/2023\/10\/np-logo-black.png\",\"width\":253,\"height\":100,\"caption\":\"Nauti Teile\"},\"image\":{\"@id\":\"https:\/\/nauti-parts.com\/de\/#\/schema\/logo\/image\/\"},\"sameAs\":[\"https:\/\/www.facebook.com\/nautipartsspain\/\",\"https:\/\/www.instagram.com\/nautiparts\/\"]}]}<\/script>\n<!-- \/ Yoast SEO plugin. -->","yoast_head_json":{"title":"Fliteboard Tasche | Nauti Parts","robots":{"index":"index","follow":"follow","max-snippet":"max-snippet:-1","max-image-preview":"max-image-preview:large","max-video-preview":"max-video-preview:-1"},"canonical":"https:\/\/nauti-parts.com\/de\/shop\/bretter-skier\/e-folien\/fliteboard\/fliteboard-tasche\/","og_locale":"de_DE","og_type":"article","og_title":"Fliteboard Tasche | Nauti Parts","og_description":"Entwickelt, um Ihr Board auf Reisen und bei der Aufbewahrung zu sch\u00fctzen. &#8211; Hergestellt aus hochwertigen Materialien &#8211; Verst\u00e4rkte gepolsterte Konstruktion &#8211; Strapazierf\u00e4hige Rei\u00dfverschl\u00fcsse &#8211; Kompressionsriemen &#8211; Hochfeste Tragegriffe W\u00e4hlen Sie zwischen Standard, Pro oder Air","og_url":"https:\/\/nauti-parts.com\/de\/shop\/bretter-skier\/e-folien\/fliteboard\/fliteboard-tasche\/","og_site_name":"Nauti Parts","article_publisher":"https:\/\/www.facebook.com\/nautipartsspain\/","og_image":[{"width":1920,"height":2880,"url":"https:\/\/nauti-parts.com\/wp-content\/uploads\/2020\/01\/board-bag.png","type":"image\/png"}],"twitter_card":"summary_large_image","schema":{"@context":"https:\/\/schema.org","@graph":[{"@type":"WebPage","@id":"https:\/\/nauti-parts.com\/de\/shop\/bretter-skier\/e-folien\/fliteboard\/fliteboard-tasche\/","url":"https:\/\/nauti-parts.com\/de\/shop\/bretter-skier\/e-folien\/fliteboard\/fliteboard-tasche\/","name":"Fliteboard Tasche | Nauti Parts","isPartOf":{"@id":"https:\/\/nauti-parts.com\/de\/#website"},"primaryImageOfPage":{"@id":"https:\/\/nauti-parts.com\/de\/shop\/bretter-skier\/e-folien\/fliteboard\/fliteboard-tasche\/#primaryimage"},"image":{"@id":"https:\/\/nauti-parts.com\/de\/shop\/bretter-skier\/e-folien\/fliteboard\/fliteboard-tasche\/#primaryimage"},"thumbnailUrl":"https:\/\/nauti-parts.com\/wp-content\/uploads\/2020\/01\/board-bag.png","datePublished":"2020-01-20T10:44:23+00:00","breadcrumb":{"@id":"https:\/\/nauti-parts.com\/de\/shop\/bretter-skier\/e-folien\/fliteboard\/fliteboard-tasche\/#breadcrumb"},"inLanguage":"de","potentialAction":[{"@type":"ReadAction","target":["https:\/\/nauti-parts.com\/de\/shop\/bretter-skier\/e-folien\/fliteboard\/fliteboard-tasche\/"]}]},{"@type":"ImageObject","inLanguage":"de","@id":"https:\/\/nauti-parts.com\/de\/shop\/bretter-skier\/e-folien\/fliteboard\/fliteboard-tasche\/#primaryimage","url":"https:\/\/nauti-parts.com\/wp-content\/uploads\/2020\/01\/board-bag.png","contentUrl":"https:\/\/nauti-parts.com\/wp-content\/uploads\/2020\/01\/board-bag.png","width":1920,"height":2880},{"@type":"BreadcrumbList","@id":"https:\/\/nauti-parts.com\/de\/shop\/bretter-skier\/e-folien\/fliteboard\/fliteboard-tasche\/#breadcrumb","itemListElement":[{"@type":"ListItem","position":1,"name":"Shop","item":"https:\/\/nauti-parts.com\/de\/shop\/"},{"@type":"ListItem","position":2,"name":"Fliteboard Tasche"}]},{"@type":"WebSite","@id":"https:\/\/nauti-parts.com\/de\/#website","url":"https:\/\/nauti-parts.com\/de\/","name":"Nauti Parts","description":"Sea-Doo Jet Ski - Seabob Dealer and Rentals | Water Toys Mallorca","publisher":{"@id":"https:\/\/nauti-parts.com\/de\/#organization"},"potentialAction":[{"@type":"SearchAction","target":{"@type":"EntryPoint","urlTemplate":"https:\/\/nauti-parts.com\/de\/?s={search_term_string}"},"query-input":{"@type":"PropertyValueSpecification","valueRequired":true,"valueName":"search_term_string"}}],"inLanguage":"de"},{"@type":"Organization","@id":"https:\/\/nauti-parts.com\/de\/#organization","name":"Nauti Teile","url":"https:\/\/nauti-parts.com\/de\/","logo":{"@type":"ImageObject","inLanguage":"de","@id":"https:\/\/nauti-parts.com\/de\/#\/schema\/logo\/image\/","url":"https:\/\/nauti-parts.com\/wp-content\/uploads\/2023\/10\/np-logo-black.png","contentUrl":"https:\/\/nauti-parts.com\/wp-content\/uploads\/2023\/10\/np-logo-black.png","width":253,"height":100,"caption":"Nauti Teile"},"image":{"@id":"https:\/\/nauti-parts.com\/de\/#\/schema\/logo\/image\/"},"sameAs":["https:\/\/www.facebook.com\/nautipartsspain\/","https:\/\/www.instagram.com\/nautiparts\/"]}]}},"_links":{"self":[{"href":"https:\/\/nauti-parts.com\/de\/wp-json\/wp\/v2\/product\/20794","targetHints":{"allow":["GET"]}}],"collection":[{"href":"https:\/\/nauti-parts.com\/de\/wp-json\/wp\/v2\/product"}],"about":[{"href":"https:\/\/nauti-parts.com\/de\/wp-json\/wp\/v2\/types\/product"}],"replies":[{"embeddable":true,"href":"https:\/\/nauti-parts.com\/de\/wp-json\/wp\/v2\/comments?post=20794"}],"wp:featuredmedia":[{"embeddable":true,"href":"https:\/\/nauti-parts.com\/de\/wp-json\/wp\/v2\/media\/13339"}],"wp:attachment":[{"href":"https:\/\/nauti-parts.com\/de\/wp-json\/wp\/v2\/media?parent=20794"}],"wp:term":[{"taxonomy":"product_brand","embeddable":true,"href":"https:\/\/nauti-parts.com\/de\/wp-json\/wp\/v2\/product_brand?post=20794"},{"taxonomy":"product_cat","embeddable":true,"href":"https:\/\/nauti-parts.com\/de\/wp-json\/wp\/v2\/product_cat?post=20794"},{"taxonomy":"product_tag","embeddable":true,"href":"https:\/\/nauti-parts.com\/de\/wp-json\/wp\/v2\/product_tag?post=20794"}],"curies":[{"name":"wp","href":"https:\/\/api.w.org\/{rel}","templated":true}]}}