{"id":20662,"date":"2018-03-30T09:50:09","date_gmt":"2018-03-30T09:50:09","guid":{"rendered":"https:\/\/nauti-parts.com\/shop\/unkategorisiert\/jobe-meer-esta-3p\/"},"modified":"2018-03-30T09:50:09","modified_gmt":"2018-03-30T09:50:09","slug":"jobe-meer-esta-3p","status":"publish","type":"product","link":"https:\/\/nauti-parts.com\/de\/shop\/wasserspielzeug\/abschleppwagen\/jobe\/jobe-meer-esta-3p\/","title":{"rendered":"Jobe Meer-Esta 3P"},"content":{"rendered":"<p>Ausgestattet mit 12 luxuri\u00f6sen, schaumstoffgef\u00fcllten Griffen mit Kn\u00f6chelschutz aus Neopren k\u00f6nnen unsere Abenteuerlustigen auf dem Bauch auf dem Neopren-Sitzpolster fahren oder sich entspannt zur\u00fccklehnen, indem sie die bequeme R\u00fcckenlehne und die bequemen Griffe an den Seiten nutzen. Lassen Sie einfach die Luft ab und blasen Sie die weiche R\u00fcckenlehne des Sea-esta auf und <strong>verwandeln Sie den Sea-esta von einem chilligen Sofa in eine Deck-R\u00f6hre<\/strong>. Der Sea-esta ist mit robustem, doppelt gen\u00e4htem 840 Denier-Nylon um eine 28-Gauge-PVC-Blase herum ausgestattet. Nach all der R\u00f6hren-Action k\u00f6nnen Freunde und Familie an der Tradition festhalten und f\u00fcr eine geliebte Siesta an die K\u00fcste fahren. Setzen Sie das faltbare Sonnendach auf, um die Sonne an der K\u00fcste zu k\u00fcssen. Verstauen Sie ein eiskaltes Getr\u00e4nk in den geformten Getr\u00e4nkehaltern und entspannen Sie sich in der weichen und bequemen aufblasbaren R\u00fcckenlehne. Das ist Ihre Siesta!      <\/p>\n<ul>\n<li>H\u00fclle aus 840 Denier-Nylon<\/li>\n<li>28 Gauge PVC<\/li>\n<li>Maximal 3 Personen abschleppbar<\/li>\n<li>Einwegventil Boston<\/li>\n<li>12 Griffe mit Kn\u00f6chelschutz aus Neopren<\/li>\n<li>Multi-Position abschleppbar<\/li>\n<li>Multifunktionales Zugfahrzeug<\/li>\n<li>Faltbares Schiebedach<\/li>\n<li>4 Getr\u00e4nkehalter<\/li>\n<li>Aufblasbare R\u00fcckenlehne<\/li>\n<li>Sitzpolster aus Neopren<\/li>\n<li>Doppelt gen\u00e4htes Nylon<\/li>\n<li>Gr\u00f6\u00dfe ohne Luft : 112&#8243; x 98&#8243;, 285 x 250 CM<\/li>\n<\/ul>\n","protected":false},"excerpt":{"rendered":"<h3>Ai caramba, halten Sie sich fest! Der sea-esta kann bis zu drei Personen aufnehmen und ist die perfekte Erg\u00e4nzung f\u00fcr alle sonnenhungrigen Familien und Freunde. Ein einzigartiges 3-in-1-Schleppboot mit Sonnenliege und Schatten f\u00fcr 3 Personen!  <\/h3>\n","protected":false},"featured_media":16915,"comment_status":"open","ping_status":"closed","template":"","meta":{"_acf_changed":false},"product_brand":[],"product_cat":[206,207,205],"product_tag":[],"class_list":{"0":"post-20662","1":"product","2":"type-product","3":"status-publish","4":"has-post-thumbnail","6":"product_cat-abschleppwagen","7":"product_cat-jobe","8":"product_cat-wasserspielzeug","9":"repupress_customize_woocommerce_productom_class","11":"first","12":"instock","13":"taxable","14":"shipping-taxable","15":"purchasable","16":"product-type-simple"},"acf":[],"yoast_head":"<!-- This site is optimized with the Yoast SEO plugin v27.5 - https:\/\/yoast.com\/product\/yoast-seo-wordpress\/ -->\n<title>Jobe Meer-Esta 3P | Nauti Parts<\/title>\n<meta name=\"robots\" content=\"index, follow, max-snippet:-1, max-image-preview:large, max-video-preview:-1\" \/>\n<link rel=\"canonical\" href=\"https:\/\/nauti-parts.com\/de\/shop\/wasserspielzeug\/abschleppwagen\/jobe\/jobe-meer-esta-3p\/\" \/>\n<meta property=\"og:locale\" content=\"de_DE\" \/>\n<meta property=\"og:type\" content=\"article\" \/>\n<meta property=\"og:title\" content=\"Jobe Meer-Esta 3P | Nauti Parts\" \/>\n<meta property=\"og:description\" content=\"Ai caramba, halten Sie sich fest! Der sea-esta kann bis zu drei Personen aufnehmen und ist die perfekte Erg\u00e4nzung f\u00fcr alle sonnenhungrigen Familien und Freunde. Ein einzigartiges 3-in-1-Schleppboot mit Sonnenliege und Schatten f\u00fcr 3 Personen!\" \/>\n<meta property=\"og:url\" content=\"https:\/\/nauti-parts.com\/de\/shop\/wasserspielzeug\/abschleppwagen\/jobe\/jobe-meer-esta-3p\/\" \/>\n<meta property=\"og:site_name\" content=\"Nauti Parts\" \/>\n<meta property=\"article:publisher\" content=\"https:\/\/www.facebook.com\/nautipartsspain\/\" \/>\n<meta property=\"og:image\" content=\"https:\/\/nauti-parts.com\/wp-content\/uploads\/2018\/03\/sea-esta.jpeg\" \/>\n\t<meta property=\"og:image:width\" content=\"800\" \/>\n\t<meta property=\"og:image:height\" content=\"800\" \/>\n\t<meta property=\"og:image:type\" content=\"image\/jpeg\" \/>\n<meta name=\"twitter:card\" content=\"summary_large_image\" \/>\n<meta name=\"twitter:label1\" content=\"Gesch\u00e4tzte Lesezeit\" \/>\n\t<meta name=\"twitter:data1\" content=\"1\u00a0Minute\" \/>\n<script type=\"application\/ld+json\" class=\"yoast-schema-graph\">{\"@context\":\"https:\\\/\\\/schema.org\",\"@graph\":[{\"@type\":\"WebPage\",\"@id\":\"https:\\\/\\\/nauti-parts.com\\\/de\\\/shop\\\/wasserspielzeug\\\/abschleppwagen\\\/jobe\\\/jobe-meer-esta-3p\\\/\",\"url\":\"https:\\\/\\\/nauti-parts.com\\\/de\\\/shop\\\/wasserspielzeug\\\/abschleppwagen\\\/jobe\\\/jobe-meer-esta-3p\\\/\",\"name\":\"Jobe Meer-Esta 3P | Nauti Parts\",\"isPartOf\":{\"@id\":\"https:\\\/\\\/nauti-parts.com\\\/de\\\/#website\"},\"primaryImageOfPage\":{\"@id\":\"https:\\\/\\\/nauti-parts.com\\\/de\\\/shop\\\/wasserspielzeug\\\/abschleppwagen\\\/jobe\\\/jobe-meer-esta-3p\\\/#primaryimage\"},\"image\":{\"@id\":\"https:\\\/\\\/nauti-parts.com\\\/de\\\/shop\\\/wasserspielzeug\\\/abschleppwagen\\\/jobe\\\/jobe-meer-esta-3p\\\/#primaryimage\"},\"thumbnailUrl\":\"https:\\\/\\\/nauti-parts.com\\\/wp-content\\\/uploads\\\/2018\\\/03\\\/sea-esta.jpeg\",\"datePublished\":\"2018-03-30T09:50:09+00:00\",\"breadcrumb\":{\"@id\":\"https:\\\/\\\/nauti-parts.com\\\/de\\\/shop\\\/wasserspielzeug\\\/abschleppwagen\\\/jobe\\\/jobe-meer-esta-3p\\\/#breadcrumb\"},\"inLanguage\":\"de\",\"potentialAction\":[{\"@type\":\"ReadAction\",\"target\":[\"https:\\\/\\\/nauti-parts.com\\\/de\\\/shop\\\/wasserspielzeug\\\/abschleppwagen\\\/jobe\\\/jobe-meer-esta-3p\\\/\"]}]},{\"@type\":\"ImageObject\",\"inLanguage\":\"de\",\"@id\":\"https:\\\/\\\/nauti-parts.com\\\/de\\\/shop\\\/wasserspielzeug\\\/abschleppwagen\\\/jobe\\\/jobe-meer-esta-3p\\\/#primaryimage\",\"url\":\"https:\\\/\\\/nauti-parts.com\\\/wp-content\\\/uploads\\\/2018\\\/03\\\/sea-esta.jpeg\",\"contentUrl\":\"https:\\\/\\\/nauti-parts.com\\\/wp-content\\\/uploads\\\/2018\\\/03\\\/sea-esta.jpeg\",\"width\":800,\"height\":800},{\"@type\":\"BreadcrumbList\",\"@id\":\"https:\\\/\\\/nauti-parts.com\\\/de\\\/shop\\\/wasserspielzeug\\\/abschleppwagen\\\/jobe\\\/jobe-meer-esta-3p\\\/#breadcrumb\",\"itemListElement\":[{\"@type\":\"ListItem\",\"position\":1,\"name\":\"Shop\",\"item\":\"https:\\\/\\\/nauti-parts.com\\\/de\\\/shop\\\/\"},{\"@type\":\"ListItem\",\"position\":2,\"name\":\"Jobe Meer-Esta 3P\"}]},{\"@type\":\"WebSite\",\"@id\":\"https:\\\/\\\/nauti-parts.com\\\/de\\\/#website\",\"url\":\"https:\\\/\\\/nauti-parts.com\\\/de\\\/\",\"name\":\"Nauti Parts\",\"description\":\"Sea-Doo Jet Ski - Seabob Dealer and Rentals | Water Toys Mallorca\",\"publisher\":{\"@id\":\"https:\\\/\\\/nauti-parts.com\\\/de\\\/#organization\"},\"potentialAction\":[{\"@type\":\"SearchAction\",\"target\":{\"@type\":\"EntryPoint\",\"urlTemplate\":\"https:\\\/\\\/nauti-parts.com\\\/de\\\/?s={search_term_string}\"},\"query-input\":{\"@type\":\"PropertyValueSpecification\",\"valueRequired\":true,\"valueName\":\"search_term_string\"}}],\"inLanguage\":\"de\"},{\"@type\":\"Organization\",\"@id\":\"https:\\\/\\\/nauti-parts.com\\\/de\\\/#organization\",\"name\":\"Nauti Teile\",\"url\":\"https:\\\/\\\/nauti-parts.com\\\/de\\\/\",\"logo\":{\"@type\":\"ImageObject\",\"inLanguage\":\"de\",\"@id\":\"https:\\\/\\\/nauti-parts.com\\\/de\\\/#\\\/schema\\\/logo\\\/image\\\/\",\"url\":\"https:\\\/\\\/nauti-parts.com\\\/wp-content\\\/uploads\\\/2023\\\/10\\\/np-logo-black.png\",\"contentUrl\":\"https:\\\/\\\/nauti-parts.com\\\/wp-content\\\/uploads\\\/2023\\\/10\\\/np-logo-black.png\",\"width\":253,\"height\":100,\"caption\":\"Nauti Teile\"},\"image\":{\"@id\":\"https:\\\/\\\/nauti-parts.com\\\/de\\\/#\\\/schema\\\/logo\\\/image\\\/\"},\"sameAs\":[\"https:\\\/\\\/www.facebook.com\\\/nautipartsspain\\\/\",\"https:\\\/\\\/www.instagram.com\\\/nautiparts\\\/\"]}]}<\/script>\n<!-- \/ Yoast SEO plugin. -->","yoast_head_json":{"title":"Jobe Meer-Esta 3P | Nauti Parts","robots":{"index":"index","follow":"follow","max-snippet":"max-snippet:-1","max-image-preview":"max-image-preview:large","max-video-preview":"max-video-preview:-1"},"canonical":"https:\/\/nauti-parts.com\/de\/shop\/wasserspielzeug\/abschleppwagen\/jobe\/jobe-meer-esta-3p\/","og_locale":"de_DE","og_type":"article","og_title":"Jobe Meer-Esta 3P | Nauti Parts","og_description":"Ai caramba, halten Sie sich fest! Der sea-esta kann bis zu drei Personen aufnehmen und ist die perfekte Erg\u00e4nzung f\u00fcr alle sonnenhungrigen Familien und Freunde. Ein einzigartiges 3-in-1-Schleppboot mit Sonnenliege und Schatten f\u00fcr 3 Personen!","og_url":"https:\/\/nauti-parts.com\/de\/shop\/wasserspielzeug\/abschleppwagen\/jobe\/jobe-meer-esta-3p\/","og_site_name":"Nauti Parts","article_publisher":"https:\/\/www.facebook.com\/nautipartsspain\/","og_image":[{"width":800,"height":800,"url":"https:\/\/nauti-parts.com\/wp-content\/uploads\/2018\/03\/sea-esta.jpeg","type":"image\/jpeg"}],"twitter_card":"summary_large_image","twitter_misc":{"Gesch\u00e4tzte Lesezeit":"1\u00a0Minute"},"schema":{"@context":"https:\/\/schema.org","@graph":[{"@type":"WebPage","@id":"https:\/\/nauti-parts.com\/de\/shop\/wasserspielzeug\/abschleppwagen\/jobe\/jobe-meer-esta-3p\/","url":"https:\/\/nauti-parts.com\/de\/shop\/wasserspielzeug\/abschleppwagen\/jobe\/jobe-meer-esta-3p\/","name":"Jobe Meer-Esta 3P | Nauti Parts","isPartOf":{"@id":"https:\/\/nauti-parts.com\/de\/#website"},"primaryImageOfPage":{"@id":"https:\/\/nauti-parts.com\/de\/shop\/wasserspielzeug\/abschleppwagen\/jobe\/jobe-meer-esta-3p\/#primaryimage"},"image":{"@id":"https:\/\/nauti-parts.com\/de\/shop\/wasserspielzeug\/abschleppwagen\/jobe\/jobe-meer-esta-3p\/#primaryimage"},"thumbnailUrl":"https:\/\/nauti-parts.com\/wp-content\/uploads\/2018\/03\/sea-esta.jpeg","datePublished":"2018-03-30T09:50:09+00:00","breadcrumb":{"@id":"https:\/\/nauti-parts.com\/de\/shop\/wasserspielzeug\/abschleppwagen\/jobe\/jobe-meer-esta-3p\/#breadcrumb"},"inLanguage":"de","potentialAction":[{"@type":"ReadAction","target":["https:\/\/nauti-parts.com\/de\/shop\/wasserspielzeug\/abschleppwagen\/jobe\/jobe-meer-esta-3p\/"]}]},{"@type":"ImageObject","inLanguage":"de","@id":"https:\/\/nauti-parts.com\/de\/shop\/wasserspielzeug\/abschleppwagen\/jobe\/jobe-meer-esta-3p\/#primaryimage","url":"https:\/\/nauti-parts.com\/wp-content\/uploads\/2018\/03\/sea-esta.jpeg","contentUrl":"https:\/\/nauti-parts.com\/wp-content\/uploads\/2018\/03\/sea-esta.jpeg","width":800,"height":800},{"@type":"BreadcrumbList","@id":"https:\/\/nauti-parts.com\/de\/shop\/wasserspielzeug\/abschleppwagen\/jobe\/jobe-meer-esta-3p\/#breadcrumb","itemListElement":[{"@type":"ListItem","position":1,"name":"Shop","item":"https:\/\/nauti-parts.com\/de\/shop\/"},{"@type":"ListItem","position":2,"name":"Jobe Meer-Esta 3P"}]},{"@type":"WebSite","@id":"https:\/\/nauti-parts.com\/de\/#website","url":"https:\/\/nauti-parts.com\/de\/","name":"Nauti Parts","description":"Sea-Doo Jet Ski - Seabob Dealer and Rentals | Water Toys Mallorca","publisher":{"@id":"https:\/\/nauti-parts.com\/de\/#organization"},"potentialAction":[{"@type":"SearchAction","target":{"@type":"EntryPoint","urlTemplate":"https:\/\/nauti-parts.com\/de\/?s={search_term_string}"},"query-input":{"@type":"PropertyValueSpecification","valueRequired":true,"valueName":"search_term_string"}}],"inLanguage":"de"},{"@type":"Organization","@id":"https:\/\/nauti-parts.com\/de\/#organization","name":"Nauti Teile","url":"https:\/\/nauti-parts.com\/de\/","logo":{"@type":"ImageObject","inLanguage":"de","@id":"https:\/\/nauti-parts.com\/de\/#\/schema\/logo\/image\/","url":"https:\/\/nauti-parts.com\/wp-content\/uploads\/2023\/10\/np-logo-black.png","contentUrl":"https:\/\/nauti-parts.com\/wp-content\/uploads\/2023\/10\/np-logo-black.png","width":253,"height":100,"caption":"Nauti Teile"},"image":{"@id":"https:\/\/nauti-parts.com\/de\/#\/schema\/logo\/image\/"},"sameAs":["https:\/\/www.facebook.com\/nautipartsspain\/","https:\/\/www.instagram.com\/nautiparts\/"]}]}},"_links":{"self":[{"href":"https:\/\/nauti-parts.com\/de\/wp-json\/wp\/v2\/product\/20662","targetHints":{"allow":["GET"]}}],"collection":[{"href":"https:\/\/nauti-parts.com\/de\/wp-json\/wp\/v2\/product"}],"about":[{"href":"https:\/\/nauti-parts.com\/de\/wp-json\/wp\/v2\/types\/product"}],"replies":[{"embeddable":true,"href":"https:\/\/nauti-parts.com\/de\/wp-json\/wp\/v2\/comments?post=20662"}],"wp:featuredmedia":[{"embeddable":true,"href":"https:\/\/nauti-parts.com\/de\/wp-json\/wp\/v2\/media\/16915"}],"wp:attachment":[{"href":"https:\/\/nauti-parts.com\/de\/wp-json\/wp\/v2\/media?parent=20662"}],"wp:term":[{"taxonomy":"product_brand","embeddable":true,"href":"https:\/\/nauti-parts.com\/de\/wp-json\/wp\/v2\/product_brand?post=20662"},{"taxonomy":"product_cat","embeddable":true,"href":"https:\/\/nauti-parts.com\/de\/wp-json\/wp\/v2\/product_cat?post=20662"},{"taxonomy":"product_tag","embeddable":true,"href":"https:\/\/nauti-parts.com\/de\/wp-json\/wp\/v2\/product_tag?post=20662"}],"curies":[{"name":"wp","href":"https:\/\/api.w.org\/{rel}","templated":true}]}}