{"id":24229,"date":"2015-09-23T10:58:15","date_gmt":"2015-09-23T10:58:15","guid":{"rendered":"https:\/\/nauti-parts.com\/service\/"},"modified":"2026-03-30T13:38:52","modified_gmt":"2026-03-30T13:38:52","slug":"service","status":"publish","type":"page","link":"https:\/\/nauti-parts.com\/de\/service\/","title":{"rendered":"Service"},"content":{"rendered":"<div class=\"wpb-content-wrapper\"><p>[vc_row content_placement=&#8221;middle&#8221; height=&#8221;550&#8243; font_color=&#8221;#000000&#8243; css=&#8221;.vc_custom_1725712971996{background: #000000 url(https:\/\/nauti-parts.com\/wp-content\/uploads\/2017\/10\/rotax-engine.jpeg?id=2071) !important;background-position: center !important;background-repeat: no-repeat !important;background-size: cover !important;}&#8221; background_style=&#8221;parallax&#8221; el_class=&#8221;main&#8221;][vc_column css=&#8221;.vc_custom_1479830058137{padding-bottom: 50px !important;}&#8221;][vc_row_inner content_placement=&#8221;middle&#8221; font_color=&#8221;#ffffff&#8221; el_id=&#8221;intro&#8221; css=&#8221;.vc_custom_1725712966256{background-position: center !important;background-repeat: no-repeat !important;background-size: cover !important;}&#8221;][vc_column_inner width=&#8221;1\/6&#8243;][\/vc_column_inner][vc_column_inner el_class=&#8221;hide-mobile&#8221; width=&#8221;2\/3&#8243; css=&#8221;.vc_custom_1725717120303{margin-top: 80px !important;margin-bottom: 0px !important;}&#8221;][vc_column_text css=&#8221;.vc_custom_1693906939801{margin-top: 0px !important;border-top-width: 0px !important;padding-top: 0px !important;}&#8221;]<\/p>\n<h1 style=\"text-align: center; line-height: 1em !important;\"><span style=\"color: #ffffff; text-shadow: 0 0 10px rgba(0, 0, 0, 0.35);\"><strong>Service<\/strong><\/span><\/h1>\n<h3 style=\"text-align: center; line-height: 1em !important;\"><span style=\"color: #ffffff; text-shadow: 0 0 10px rgba(0, 0, 0, 0.35);\"><strong>Wir bieten einen kompletten Service f\u00fcr Sea-Doo, Seabobs, E-Foil Boards und Wasserspielzeug. Alles in unserem voll ausgestatteten Servicezentrum in Son Bugadellas , Calvia, Mallorca.<br \/>\n<\/strong><\/span><\/h3>\n<p style=\"text-align: center;\"><a href=\"#featured\">Finden Sie mehr heraus<\/a><\/p>\n<p>[\/vc_column_text][\/vc_column_inner][vc_column_inner width=&#8221;1\/6&#8243;][\/vc_column_inner][\/vc_row_inner][\/vc_column][\/vc_row][vc_row][vc_column][vc_empty_space height=&#8221;30px&#8221;][\/vc_column][\/vc_row][vc_section full_width=&#8221;stretch_row&#8221;][vc_row][vc_column width=&#8221;1\/6&#8243;][\/vc_column][vc_column width=&#8221;2\/3&#8243; css=&#8221;.vc_custom_1725717146852{padding-right: 60px !important;padding-left: 60px !important;}&#8221;][vc_column_text css=&#8221;&#8221;]<\/p>\n<h2 style=\"text-align: center;\">Wartung und Reparaturen<\/h2>\n<p>[\/vc_column_text][vc_single_image image=&#8221;24239&#8243; img_size=&#8221;full&#8221; alignment=&#8221;center&#8221;][vc_column_text]<strong>Ob es sich um ein neues Steuerkabel f\u00fcr einen Jetski, einen kompletten Motorumbau oder einen Seabob-Service handelt &#8211; wir k\u00f6nnen Ihnen helfen.<\/strong><\/p>\n<p>Wir haben viele Artikel und Teile auf Lager und bieten Ihnen mit unserem Team von Technikern einen schnellen und effizienten Service. Gelcoat, Lackierung, Reparaturen von Polstern und Antifouling werden ebenfalls angeboten. Wir k\u00f6nnen Ihnen auch eine gro\u00dfe Auswahl an Ersatzteilen, \u00d6len und Zubeh\u00f6r liefern.[\/vc_column_text][\/vc_column][vc_column width=&#8221;1\/6&#8243;][\/vc_column][\/vc_row][vc_row type=&#8221;boxed&#8221; css=&#8221;.vc_custom_1725713194929{padding-right: 40px !important;padding-left: 40px !important;background-position: center !important;background-repeat: no-repeat !important;background-size: cover !important;}&#8221; background_style=&#8221;normal&#8221;][vc_column][vc_empty_space height=&#8221;30px&#8221;][vc_row_inner type=&#8221;boxed&#8221; el_id=&#8221;seabob&#8221;][vc_column_inner][vc_column_text]<\/p>\n<h2>Lagerung und \u00dcberwinterung<\/h2>\n<p>[\/vc_column_text][vc_separator][\/vc_column_inner][\/vc_row_inner][vc_row_inner type=&#8221;boxed&#8221;][vc_column_inner width=&#8221;1\/2&#8243; css=&#8221;.vc_custom_1415876422803{margin-bottom: 35px !important;}&#8221;][vc_column_text]<strong>Wir bieten Ihnen eine breite Palette an Lagerungsm\u00f6glichkeiten, die allen Ihren Bed\u00fcrfnissen und Budgets gerecht werden.<\/strong><\/p>\n<p>Kurz- oder langfristige Lagerung ist das ganze Jahr \u00fcber in unserer <a href=\"https:\/\/www.google.es\/maps\/place\/Nauti+Parts+Jet+Centre\/@39.5282399,2.5105093,17z\/data=!4m12!1m6!3m5!1s0x12978e9980b7b797:0xc4113de6c9bf0e9c!2sNauti+Parts!8m2!3d39.5332679!4d2.5671404!3m4!1s0x0:0xc4de77cc7a632f27!8m2!3d39.5284932!4d2.5068516\" target=\"_blank\" rel=\"noopener noreferrer\">speziell angepassten Einheit<\/a> auf der Son Bugadelles Poligono m\u00f6glich. Ganz gleich, ob Sie nur f\u00fcr den Winter oder f\u00fcr die Zeit, in der die Arbeiten am Hauptboot abgeschlossen sind, einen Platz brauchen, wir k\u00f6nnen Ihnen helfen. Wir lagern derzeit eine Vielzahl von Stand Up Jet Bikes, Jetskis, Rippen, Beibooten und sogar Sportbooten. Alle Lagerr\u00e4ume sind \u00fcberdacht, sicher und gut zug\u00e4nglich. Die Einheit ist voll versichert.    <\/p>\n<p>Normalerweise wird die Geb\u00fchr monatlich erhoben und ist monatlich zahlbar. Bitte erkundigen Sie sich jedoch nach eventuellen Vorauszahlungsangeboten.[\/vc_column_text][\/vc_column_inner][vc_column_inner width=&#8221;1\/2&#8243; css=&#8221;.vc_custom_1415876435066{margin-bottom: 35px !important;}&#8221;][vc_column_text css=&#8221;.vc_custom_1492695244265{padding-right: 20px !important;}&#8221;]<strong>Wir empfehlen dringend, alle Jetskis und Au\u00dfenbordmotoren am Ende der Saison winterfest zu machen.<\/strong><\/p>\n<p>Wir bieten diesen Service an, bevor Sie Ihren Jetski oder Au\u00dfenbordmotor einlagern.<\/p>\n<p>Wir k\u00f6nnen Ihnen auch einen Check am Ende der Saison anbieten, bei dem wir Sie \u00fcber alle Arbeiten informieren, die erforderlich sind, um die Leistung Ihres Jetskis oder Au\u00dfenbordmotors zu erhalten.[\/vc_column_text][\/vc_column_inner][\/vc_row_inner][\/vc_column][\/vc_row][\/vc_section][vc_row css=&#8221;.vc_custom_1725712669308{padding-right: 40px !important;padding-left: 40px !important;background-color: #1ebbb0 !important;}&#8221; el_id=&#8221;seabob&#8221;][vc_column][vc_row_inner][vc_column_inner width=&#8221;1\/4&#8243;][\/vc_column_inner][vc_column_inner width=&#8221;1\/2&#8243;][vc_single_image image=&#8221;24240&#8243; img_size=&#8221;full&#8221; alignment=&#8221;center&#8221;][\/vc_column_inner][vc_column_inner width=&#8221;1\/4&#8243;][\/vc_column_inner][\/vc_row_inner][vc_row_inner type=&#8221;boxed&#8221;][vc_column_inner width=&#8221;1\/2&#8243;][vc_column_text]<\/p>\n<h3>Als offizieller Seabob-H\u00e4ndler und Servicepartner bieten wir einen 24- und 48-Stunden-Service f\u00fcr alle Seabob-Reparaturen und -Wartungen.<\/h3>\n<hr>\n<p>In unserem Servicezentrum verf\u00fcgen wir \u00fcber einen umfassenden Vorrat an Ersatzteilen und Ausr\u00fcstung. So k\u00f6nnen wir sicherstellen, dass wir Ihre Seabob im Falle einer Panne reparieren und wieder zu Wasser lassen k\u00f6nnen, ohne dass es zu Verz\u00f6gerungen oder Unannehmlichkeiten f\u00fcr Ihre Yacht, die Eigner und G\u00e4ste kommt.<\/p>\n<hr>\n<p><strong>F\u00fcr weitere Informationen oder um eine Reparatur oder einen Service zu vereinbaren, kontaktieren Sie uns bitte noch heute &#8211; per E-Mail an <a href=\"mailto:nautiparts@yahoo.com\">nautiparts@yahoo.com<\/a> oder telefonisch unter (+34) 971 677 730<\/strong>[\/vc_column_text][\/vc_column_inner][vc_column_inner width=&#8221;1\/2&#8243;][vc_column_text]<\/p>\n<h3>Unser Service umfasst:<\/h3>\n<hr>\n<p><strong>24 \/ 48 Stunden Abfertigungsservice.  <\/strong><strong>Vollst\u00e4ndig ausgestattetes Ersatzteilzentrum<\/strong><\/p>\n<hr>\n<p><strong>Winterdienst 99\u20ac<\/strong><br \/>\nInklusive komplettem Service und \u00dcberwinterung<\/p>\n<hr>\n<p><strong>Winterlagerung 29\u20ac \/ Monat<\/strong><br \/>\nSichere und gesch\u00fctzte Lagerung mit regelm\u00e4\u00dfiger \u00dcberpr\u00fcfung und Aufladung Ihres Seabob &#8211; damit er f\u00fcr die n\u00e4chste Saison einsatzbereit ist.[\/vc_column_text][\/vc_column_inner][\/vc_row_inner][\/vc_column][\/vc_row][vc_row type=&#8221;boxed&#8221; css=&#8221;.vc_custom_1492695476123{border-bottom-width: 1px !important;padding-top: 6% !important;padding-bottom: 4% !important;background-position: center !important;background-repeat: no-repeat !important;background-size: cover !important;border-bottom-color: #dddddd !important;border-bottom-style: solid !important;}&#8221; background_style=&#8221;normal&#8221;][vc_column][vc_column_text css=&#8221;.vc_custom_1479828377370{margin-bottom: 20px !important;}&#8221;]<\/p>\n<h2 style=\"text-align: center;\"><strong>M\u00f6chten Sie mehr erfahren?<\/strong><\/h2>\n<p>[\/vc_column_text][vc_column_text]<\/p>\n<p style=\"text-align: center;\">Nehmen Sie noch heute Kontakt mit uns auf, wenn Sie weitere Informationen zu unseren Produkten oder Dienstleistungen w\u00fcnschen!<\/p>\n<p>[\/vc_column_text][vc_btn title=&#8221;Nehmen Sie Kontakt mit uns auf&#8221; style=&#8221;flat&#8221; shape=&#8221;square&#8221; color=&#8221;black&#8221; size=&#8221;lg&#8221; align=&#8221;center&#8221; link=&#8221;url:https%3A%2F%2Fnauti-parts.com%2Fde%2Fkontakt%2F|&#8221;][vc_empty_space height=&#8221;30px&#8221;][\/vc_column][\/vc_row]<\/p>\n<\/div>","protected":false},"excerpt":{"rendered":"<p>[vc_row content_placement=&#8221;middle&#8221; height=&#8221;550&#8243; font_color=&#8221;#000000&#8243; css=&#8221;.vc_custom_1725712971996{background: #000000 url(https:\/\/nauti-parts.com\/wp-content\/uploads\/2017\/10\/rotax-engine.jpeg?id=2071) !important;background-position: center !important;background-repeat: no-repeat !important;background-size: cover !important;}&#8221; background_style=&#8221;parallax&#8221; el_class=&#8221;main&#8221;][vc_column css=&#8221;.vc_custom_1479830058137{padding-bottom: 50px !important;}&#8221;][vc_row_inner content_placement=&#8221;middle&#8221; font_color=&#8221;#ffffff&#8221; el_id=&#8221;intro&#8221; css=&#8221;.vc_custom_1725712966256{background-position: center !important;background-repeat: no-repeat !important;background-size: cover !important;}&#8221;][vc_column_inner width=&#8221;1\/6&#8243;][\/vc_column_inner][vc_column_inner el_class=&#8221;hide-mobile&#8221; width=&#8221;2\/3&#8243; css=&#8221;.vc_custom_1725717120303{margin-top: 80px !important;margin-bottom: 0px !important;}&#8221;][vc_column_text css=&#8221;.vc_custom_1693906939801{margin-top: 0px !important;border-top-width: 0px !important;padding-top: 0px !important;}&#8221;] Service Wir bieten einen kompletten Service f\u00fcr Sea-Doo, Seabobs, E-Foil Boards [&hellip;]<\/p>\n","protected":false},"author":1,"featured_media":0,"parent":0,"menu_order":0,"comment_status":"closed","ping_status":"closed","template":"page-full-width.php","meta":{"_acf_changed":false,"footnotes":""},"class_list":["post-24229","page","type-page","status-publish","hentry","repupress_customize_woocommerce_productom_class"],"acf":[],"yoast_head":"<!-- This site is optimized with the Yoast SEO plugin v27.5 - https:\/\/yoast.com\/product\/yoast-seo-wordpress\/ -->\n<title>Service und Wartung f\u00fcr Jet Ski und Seabob | Nauti Parts | Mallorca<\/title>\n<meta name=\"description\" content=\"Vollst\u00e4ndig ausgestattetes Service- und Lagerzentrum auf Mallorca. Wir bieten eine sichere Lagerung sowie Reparaturen und \u00dcberwinterung an.\" \/>\n<meta name=\"robots\" content=\"index, follow, max-snippet:-1, max-image-preview:large, max-video-preview:-1\" \/>\n<link rel=\"canonical\" href=\"https:\/\/nauti-parts.com\/de\/service\/\" \/>\n<meta property=\"og:locale\" content=\"de_DE\" \/>\n<meta property=\"og:type\" content=\"article\" \/>\n<meta property=\"og:title\" content=\"Service und Wartung f\u00fcr Jet Ski und Seabob | Nauti Parts | Mallorca\" \/>\n<meta property=\"og:description\" content=\"Vollst\u00e4ndig ausgestattetes Service- und Lagerzentrum auf Mallorca. Wir bieten eine sichere Lagerung sowie Reparaturen und \u00dcberwinterung an.\" \/>\n<meta property=\"og:url\" content=\"https:\/\/nauti-parts.com\/de\/service\/\" \/>\n<meta property=\"og:site_name\" content=\"Nauti Parts\" \/>\n<meta property=\"article:publisher\" content=\"https:\/\/www.facebook.com\/nautipartsspain\/\" \/>\n<meta property=\"article:modified_time\" content=\"2026-03-30T13:38:52+00:00\" \/>\n<meta property=\"og:image\" content=\"https:\/\/nauti-parts.com\/wp-content\/uploads\/2019\/05\/Sea-Doo-jetskis-mallorca.jpg\" \/>\n\t<meta property=\"og:image:width\" content=\"900\" \/>\n\t<meta property=\"og:image:height\" content=\"500\" \/>\n\t<meta property=\"og:image:type\" content=\"image\/jpeg\" \/>\n<meta name=\"twitter:card\" content=\"summary_large_image\" \/>\n<meta name=\"twitter:label1\" content=\"Gesch\u00e4tzte Lesezeit\" \/>\n\t<meta name=\"twitter:data1\" content=\"5\u00a0Minuten\" \/>\n<script type=\"application\/ld+json\" class=\"yoast-schema-graph\">{\"@context\":\"https:\\\/\\\/schema.org\",\"@graph\":[{\"@type\":\"WebPage\",\"@id\":\"https:\\\/\\\/nauti-parts.com\\\/de\\\/service\\\/\",\"url\":\"https:\\\/\\\/nauti-parts.com\\\/de\\\/service\\\/\",\"name\":\"Service und Wartung f\u00fcr Jet Ski und Seabob | Nauti Parts | Mallorca\",\"isPartOf\":{\"@id\":\"https:\\\/\\\/nauti-parts.com\\\/de\\\/#website\"},\"datePublished\":\"2015-09-23T10:58:15+00:00\",\"dateModified\":\"2026-03-30T13:38:52+00:00\",\"description\":\"Vollst\u00e4ndig ausgestattetes Service- und Lagerzentrum auf Mallorca. Wir bieten eine sichere Lagerung sowie Reparaturen und \u00dcberwinterung an.\",\"inLanguage\":\"de\",\"potentialAction\":[{\"@type\":\"ReadAction\",\"target\":[\"https:\\\/\\\/nauti-parts.com\\\/de\\\/service\\\/\"]}]},{\"@type\":\"WebSite\",\"@id\":\"https:\\\/\\\/nauti-parts.com\\\/de\\\/#website\",\"url\":\"https:\\\/\\\/nauti-parts.com\\\/de\\\/\",\"name\":\"Nauti Parts\",\"description\":\"Sea-Doo Jet Ski - Seabob Dealer and Rentals | Water Toys Mallorca\",\"publisher\":{\"@id\":\"https:\\\/\\\/nauti-parts.com\\\/de\\\/#organization\"},\"potentialAction\":[{\"@type\":\"SearchAction\",\"target\":{\"@type\":\"EntryPoint\",\"urlTemplate\":\"https:\\\/\\\/nauti-parts.com\\\/de\\\/?s={search_term_string}\"},\"query-input\":{\"@type\":\"PropertyValueSpecification\",\"valueRequired\":true,\"valueName\":\"search_term_string\"}}],\"inLanguage\":\"de\"},{\"@type\":\"Organization\",\"@id\":\"https:\\\/\\\/nauti-parts.com\\\/de\\\/#organization\",\"name\":\"Nauti Teile\",\"url\":\"https:\\\/\\\/nauti-parts.com\\\/de\\\/\",\"logo\":{\"@type\":\"ImageObject\",\"inLanguage\":\"de\",\"@id\":\"https:\\\/\\\/nauti-parts.com\\\/de\\\/#\\\/schema\\\/logo\\\/image\\\/\",\"url\":\"https:\\\/\\\/nauti-parts.com\\\/wp-content\\\/uploads\\\/2023\\\/10\\\/np-logo-black.png\",\"contentUrl\":\"https:\\\/\\\/nauti-parts.com\\\/wp-content\\\/uploads\\\/2023\\\/10\\\/np-logo-black.png\",\"width\":253,\"height\":100,\"caption\":\"Nauti Teile\"},\"image\":{\"@id\":\"https:\\\/\\\/nauti-parts.com\\\/de\\\/#\\\/schema\\\/logo\\\/image\\\/\"},\"sameAs\":[\"https:\\\/\\\/www.facebook.com\\\/nautipartsspain\\\/\",\"https:\\\/\\\/www.instagram.com\\\/nautiparts\\\/\"]}]}<\/script>\n<!-- \/ Yoast SEO plugin. -->","yoast_head_json":{"title":"Service und Wartung f\u00fcr Jet Ski und Seabob | Nauti Parts | Mallorca","description":"Vollst\u00e4ndig ausgestattetes Service- und Lagerzentrum auf Mallorca. Wir bieten eine sichere Lagerung sowie Reparaturen und \u00dcberwinterung an.","robots":{"index":"index","follow":"follow","max-snippet":"max-snippet:-1","max-image-preview":"max-image-preview:large","max-video-preview":"max-video-preview:-1"},"canonical":"https:\/\/nauti-parts.com\/de\/service\/","og_locale":"de_DE","og_type":"article","og_title":"Service und Wartung f\u00fcr Jet Ski und Seabob | Nauti Parts | Mallorca","og_description":"Vollst\u00e4ndig ausgestattetes Service- und Lagerzentrum auf Mallorca. Wir bieten eine sichere Lagerung sowie Reparaturen und \u00dcberwinterung an.","og_url":"https:\/\/nauti-parts.com\/de\/service\/","og_site_name":"Nauti Parts","article_publisher":"https:\/\/www.facebook.com\/nautipartsspain\/","article_modified_time":"2026-03-30T13:38:52+00:00","og_image":[{"width":900,"height":500,"url":"https:\/\/nauti-parts.com\/wp-content\/uploads\/2019\/05\/Sea-Doo-jetskis-mallorca.jpg","type":"image\/jpeg"}],"twitter_card":"summary_large_image","twitter_misc":{"Gesch\u00e4tzte Lesezeit":"5\u00a0Minuten"},"schema":{"@context":"https:\/\/schema.org","@graph":[{"@type":"WebPage","@id":"https:\/\/nauti-parts.com\/de\/service\/","url":"https:\/\/nauti-parts.com\/de\/service\/","name":"Service und Wartung f\u00fcr Jet Ski und Seabob | Nauti Parts | Mallorca","isPartOf":{"@id":"https:\/\/nauti-parts.com\/de\/#website"},"datePublished":"2015-09-23T10:58:15+00:00","dateModified":"2026-03-30T13:38:52+00:00","description":"Vollst\u00e4ndig ausgestattetes Service- und Lagerzentrum auf Mallorca. Wir bieten eine sichere Lagerung sowie Reparaturen und \u00dcberwinterung an.","inLanguage":"de","potentialAction":[{"@type":"ReadAction","target":["https:\/\/nauti-parts.com\/de\/service\/"]}]},{"@type":"WebSite","@id":"https:\/\/nauti-parts.com\/de\/#website","url":"https:\/\/nauti-parts.com\/de\/","name":"Nauti Parts","description":"Sea-Doo Jet Ski - Seabob Dealer and Rentals | Water Toys Mallorca","publisher":{"@id":"https:\/\/nauti-parts.com\/de\/#organization"},"potentialAction":[{"@type":"SearchAction","target":{"@type":"EntryPoint","urlTemplate":"https:\/\/nauti-parts.com\/de\/?s={search_term_string}"},"query-input":{"@type":"PropertyValueSpecification","valueRequired":true,"valueName":"search_term_string"}}],"inLanguage":"de"},{"@type":"Organization","@id":"https:\/\/nauti-parts.com\/de\/#organization","name":"Nauti Teile","url":"https:\/\/nauti-parts.com\/de\/","logo":{"@type":"ImageObject","inLanguage":"de","@id":"https:\/\/nauti-parts.com\/de\/#\/schema\/logo\/image\/","url":"https:\/\/nauti-parts.com\/wp-content\/uploads\/2023\/10\/np-logo-black.png","contentUrl":"https:\/\/nauti-parts.com\/wp-content\/uploads\/2023\/10\/np-logo-black.png","width":253,"height":100,"caption":"Nauti Teile"},"image":{"@id":"https:\/\/nauti-parts.com\/de\/#\/schema\/logo\/image\/"},"sameAs":["https:\/\/www.facebook.com\/nautipartsspain\/","https:\/\/www.instagram.com\/nautiparts\/"]}]}},"_links":{"self":[{"href":"https:\/\/nauti-parts.com\/de\/wp-json\/wp\/v2\/pages\/24229","targetHints":{"allow":["GET"]}}],"collection":[{"href":"https:\/\/nauti-parts.com\/de\/wp-json\/wp\/v2\/pages"}],"about":[{"href":"https:\/\/nauti-parts.com\/de\/wp-json\/wp\/v2\/types\/page"}],"author":[{"embeddable":true,"href":"https:\/\/nauti-parts.com\/de\/wp-json\/wp\/v2\/users\/1"}],"replies":[{"embeddable":true,"href":"https:\/\/nauti-parts.com\/de\/wp-json\/wp\/v2\/comments?post=24229"}],"version-history":[{"count":0,"href":"https:\/\/nauti-parts.com\/de\/wp-json\/wp\/v2\/pages\/24229\/revisions"}],"wp:attachment":[{"href":"https:\/\/nauti-parts.com\/de\/wp-json\/wp\/v2\/media?parent=24229"}],"curies":[{"name":"wp","href":"https:\/\/api.w.org\/{rel}","templated":true}]}}