{"id":24078,"date":"2024-09-13T08:56:02","date_gmt":"2024-09-13T08:56:02","guid":{"rendered":"https:\/\/nauti-parts.com\/seabob-f9\/"},"modified":"2026-03-30T13:38:31","modified_gmt":"2026-03-30T13:38:31","slug":"seabob-f9","status":"publish","type":"page","link":"https:\/\/nauti-parts.com\/de\/seabob\/seabob-f9\/","title":{"rendered":"Seabob F9"},"content":{"rendered":"<div class=\"wpb-content-wrapper\"><p>[vc_row full_width=&#8221;stretch_row_content_no_spaces&#8221; content_placement=&#8221;middle&#8221; min_height=&#8221;75vh&#8221; css=&#8221;.vc_custom_1726232419624{background-image: url(https:\/\/nauti-parts.com\/wp-content\/uploads\/2024\/09\/serabob-f9-mallorca-1.jpeg?id=18564) !important;background-position: center !important;background-repeat: no-repeat !important;background-size: cover !important;}&#8221; el_class=&#8221;mob-height&#8221;][vc_column][\/vc_column][\/vc_row][vc_row][vc_column width=&#8221;1\/4&#8243;][\/vc_column][vc_column width=&#8221;1\/2&#8243;][vc_column_text css=&#8221;&#8221;]<\/p>\n<h1 style=\"text-align: center;\">SEABOB F9<\/h1>\n<h2 style=\"text-align: center;\">JETZT ERH\u00c4LTLICH &#8211; DIE SEABOB F9 &amp; F9 S<\/h2>\n<hr>\n<p style=\"text-align: center;\" data-sourcepos=\"3:1-3:254\">Der Seabob F9 ist ein revolution\u00e4rer Unterwasserscooter, der den Wassersport neu definiert.  <span class=\"citation-0 recitation citation-end-0\">Mit ihrem schlanken Design, der starken Leistung und den innovativen Funktionen bietet die F9 ein unvergleichliches Erlebnis f\u00fcr Taucher, Schnorchler und Abenteurer gleicherma\u00dfen.<\/span><\/p>\n<p style=\"text-align: center;\" data-sourcepos=\"15:1-15:224\">Ganz gleich, ob Sie Privat- oder Charteryachtbesitzer, erfahrener Taucher oder gelegentlicher Wasserenthusiast sind, die Seabob F9 bietet Ihnen ein unvergessliches Erlebnis. Erforschen Sie verborgene Unterwasserwelten, entdecken Sie Meereslebewesen oder genie\u00dfen Sie einfach den Nervenkitzel, durch das Wasser zu gleiten. <\/p>\n<p style=\"text-align: center;\" data-sourcepos=\"17:1-17:68\"><strong>Erleben Sie die Zukunft der Unterwasserforschung mit der Seabob F9.<\/strong><\/p>\n<p>[\/vc_column_text][\/vc_column][vc_column width=&#8221;1\/4&#8243;][\/vc_column][\/vc_row][vc_row][vc_column width=&#8221;1\/6&#8243;][\/vc_column][vc_column width=&#8221;2\/3&#8243; el_id=&#8221;models&#8221; css=&#8221;.vc_custom_1726221192762{margin-bottom: 30px !important;}&#8221;][vc_row_inner][vc_column_inner el_class=&#8221;border&#8221; width=&#8221;1\/2&#8243;][vc_single_image image=&#8221;24084&#8243; img_size=&#8221;FULL&#8221; alignment=&#8221;center&#8221; css=&#8221;&#8221;][vc_column_text css=&#8221;&#8221;]<\/p>\n<h2>SEABOB F9<\/h2>\n<h3>Leicht und stark.<\/h3>\n<h3>11.125\u20ac IVA einschl.<\/h3>\n<hr>\n<p>Mit einem Gewicht von knapp \u00fcber 20 kg bietet der SEABOB F9 eine optimale Handhabung. Gebaut f\u00fcr vielseitige Anwendungen. Der SEABOB F9 beeindruckt durch seine ph\u00e4nomenale Wendigkeit, selbst in kleineren Poolanlagen.[\/vc_column_text][vc_raw_html css=&#8221;&#8221;]PHRhYmxlIHdpZHRoPSIxMDAlIiBib3JkZXI9IjEiIGNlbGxzcGFjaW5nPSIwIiBjZWxscGFkZGluZz0iNSI+CiAgPHRib2R5PgogICAgPHRyPgogICAgICA8dGQ+QmV0cmllYnNkYXVlcjwvdGQ+CiAgICAgIDx0ZD40MCBtaW4gLyA2MCBtaW4qPC90ZD4KICAgIDwvdHI+CiAgICA8dHI+CiAgICAgIDx0ZD5BdWZsYWRlemVpdCAoU3RhbmRhcmQpPC90ZD4KICAgICAgPHRkPjQgaCAvIDYgaCo8L3RkPgogICAgPC90cj4KICAgIDx0cj4KICAgICAgPHRkPkF1ZmxhZGV6ZWl0IChTY2huZWxsKTwvdGQ+CiAgICAgIDx0ZD4xIGggLyAxLDUgaCo8L3RkPgogICAgPC90cj4KICAgIDx0cj4KICAgICAgPHRkPk1vdG9yPC90ZD4KICAgICAgPHRkPjIsNiBLVzwvdGQ+CiAgICA8L3RyPgogICAgPHRyPgogICAgICA8dGQ+TGVpc3R1bmc8L3RkPgogICAgICA8dGQ+NjAgVFA8L3RkPgogICAgPC90cj4KICAgIDx0cj4KICAgICAgPHRkPlRhdWNodGllZmUgKFNpY2hlcmhlaXQpPC90ZD4KICAgICAgPHRkPjNtPC90ZD4KICAgIDwvdHI+CiAgICA8dHI+CiAgICAgIDx0ZD5UYXVjaHRpZWZlIChNYXhpbXVtKTwvdGQ+CiAgICAgIDx0ZD4zMG08L3RkPgogICAgPC90cj4KICAgIDx0cj4KICAgICAgPHRkPkFibWVzc3VuZ2VuIEwgeCBCIHggSCAoaW4gbW0pPC90ZD4KICAgICAgPHRkPjEuMDIzIHggNTI2IHggMzQzPC90ZD4KICAgIDwvdHI+CiAgICA8dHI+CiAgICAgIDx0ZD5HZXdpY2h0PC90ZD4KICAgICAgPHRkPjIwLDkga2cgLyAyMiw4IGtnKjwvdGQ+CiAgICA8L3RyPgogICAgPHRyPgogICAgICA8dGQ+RmFocnN0YWJpbGl0w6R0c3N5c3RlbTwvdGQ+CiAgICAgIDx0ZD5BdXN6aWVoYmFyZXIgSGVja3N0YWJpbGlzYXRvciBsaW5rcyB1bmQgcmVjaHRzIHVuZCB6d2VpIEZvbGllbiBhbSBVbnRlcmvDtnJwZXI8L3RkPgogICAgPC90cj4KICA8L3Rib2R5Pgo8L3RhYmxlPgo8c3BhbiBjbGFzcz0ic21hbGwiPiogQmF0dGVyaWVrYXBheml0w6R0IHBsdXM8L3NwYW4+[\/vc_raw_html][vc_btn title=&#8221;Jetzt bestellen&#8221; size=&#8221;lg&#8221; css=&#8221;&#8221; link=&#8221;url:https%3A%2F%2Fnauti-parts.com%2Fde%2Fshop%2Fwasserspielzeug%2Fseascooter%2Fseabob-f9%2F|title:Seabob%20F9|&#8221;][\/vc_column_inner][vc_column_inner el_class=&#8221;border&#8221; width=&#8221;1\/2&#8243;][vc_single_image image=&#8221;24085&#8243; img_size=&#8221;FULL&#8221; css=&#8221;&#8221;][vc_column_text css=&#8221;&#8221;]<\/p>\n<div class=\"column mcb-column one column_column txt-block-head column-margin-\">\n<div class=\"column_attr clearfix\">\n<h2>SEABOB F9 S<\/h2>\n<h3>Sportlichkeit pur.<\/h3>\n<h3>14.785\u20ac IVA einschl.<\/h3>\n<\/div>\n<\/div>\n<div class=\"column mcb-column one-second column_column column-margin-\">\n<div class=\"column_attr clearfix\">\n<hr>\n<p>Das Fahrvergn\u00fcgen ist unbeschreiblich. Das muss man einfach erlebt haben, und mit einem Gewicht von nur 23 kg ist die F9 S immer ein gro\u00dfer Spa\u00df f\u00fcr Tage auf und unter Wasser! <\/p>\n<\/div>\n<\/div>\n<p>[\/vc_column_text][vc_raw_html css=&#8221;&#8221;]PHRhYmxlIHdpZHRoPSIxMDAlIiBib3JkZXI9IjEiIGNlbGxzcGFjaW5nPSIwIiBjZWxscGFkZGluZz0iNSI+CiAgPHRib2R5PgogICAgPHRyPgogICAgICA8dGQ+QmV0cmllYnNkYXVlcjwvdGQ+CiAgICAgIDx0ZD41MCBtaW48L3RkPgogICAgPC90cj4KICAgIDx0cj4KICAgICAgPHRkPkF1ZmxhZGV6ZWl0IChTdGFuZGFyZCk8L3RkPgogICAgICA8dGQ+NiBoPC90ZD4KICAgIDwvdHI+CiAgICA8dHI+CiAgICAgIDx0ZD5BdWZsYWRlemVpdCAoU2NobmVsbCk8L3RkPgogICAgICA8dGQ+MSw1IGg8L3RkPgogICAgPC90cj4KICAgIDx0cj4KICAgICAgPHRkPk1vdG9yPC90ZD4KICAgICAgPHRkPjMsNiBLVzwvdGQ+CiAgICA8L3RyPgogICAgPHRyPgogICAgICA8dGQ+TGVpc3R1bmc8L3RkPgogICAgICA8dGQ+ODQgVFA8L3RkPgogICAgPC90cj4KICAgIDx0cj4KICAgICAgPHRkPlRhdWNodGllZmUgKFNpY2hlcmhlaXQpPC90ZD4KICAgICAgPHRkPjNtPC90ZD4KICAgIDwvdHI+CiAgICA8dHI+CiAgICAgIDx0ZD5UYXVjaHRpZWZlIChNYXhpbXVtKTwvdGQ+CiAgICAgIDx0ZD4zMG08L3RkPgogICAgPC90cj4KICAgIDx0cj4KICAgICAgPHRkPkFibWVzc3VuZ2VuIEwgeCBCIHggSCAoaW4gbW0pPC90ZD4KICAgICAgPHRkPjEuMDIzIHggNTI2IHggMzQzPC90ZD4KICAgIDwvdHI+CiAgICA8dHI+CiAgICAgIDx0ZD5HZXdpY2h0PC90ZD4KICAgICAgPHRkPjIzLDkga2cgPC90ZD4gCiAgICA8L3RyPgogICAgPHRyPgogICAgICA8dGQ+RmFocnN0YWJpbGl0w6R0c3N5c3RlbTwvdGQ+CiAgICAgIDx0ZD5BdXN6aWVoYmFyZXIgSGVja3N0YWJpbGlzYXRvciBsaW5rcyB1bmQgcmVjaHRzIHVuZCB6d2VpIEZvbGllbiBhbSBVbnRlcmvDtnJwZXI8L3RkPgogICAgPC90cj4KICA8L3Rib2R5Pgo8L3RhYmxlPgo8c3BhbiBjbGFzcz0ic21hbGwiPlRlY2huaXNjaGUgw4RuZGVydW5nZW4gdW5kIFRvbGVyYW56ZW4gdm9yYmVoYWx0ZW4uPC9zcGFuPg==[\/vc_raw_html][vc_btn title=&#8221;Jetzt bestellen&#8221; size=&#8221;lg&#8221; css=&#8221;&#8221; link=&#8221;url:https%3A%2F%2Fnauti-parts.com%2Fde%2Fshop%2Fwasserspielzeug%2Fseascooter%2Fseabob-f9s%2F|title:Seabob%20F9S|&#8221;][\/vc_column_inner][\/vc_row_inner][\/vc_column][vc_column width=&#8221;1\/6&#8243;][\/vc_column][\/vc_row][vc_row full_width=&#8221;stretch_row_content_no_spaces&#8221; min_height=&#8221;60vh&#8221; css=&#8221;.vc_custom_1726232411992{background-image: url(https:\/\/nauti-parts.com\/wp-content\/uploads\/2024\/09\/seabob-f9-underwater.png?id=18565) !important;background-position: center !important;background-repeat: no-repeat !important;background-size: cover !important;}&#8221; el_class=&#8221;mob-height&#8221;][vc_column][\/vc_column][\/vc_row][vc_row][vc_column width=&#8221;1\/4&#8243;][\/vc_column][vc_column width=&#8221;1\/2&#8243;][vc_column_text css=&#8221;&#8221;]<\/p>\n<h2 style=\"text-align: center;\">VERF\u00dcGBARE FARBEN<\/h2>\n<hr>\n<p style=\"text-align: center;\">Mit 6 verf\u00fcgbaren Farben (3 Standard- und 3 Sonderfarben) k\u00f6nnen Sie Ihren pers\u00f6nlichen Stil mit einer Seabob F9 in Ihrer bevorzugten Farbe zum Ausdruck bringen.<\/p>\n<p>[\/vc_column_text][\/vc_column][vc_column width=&#8221;1\/4&#8243;][\/vc_column][\/vc_row][vc_row][vc_column width=&#8221;1\/6&#8243;][\/vc_column][vc_column width=&#8221;2\/3&#8243; el_id=&#8221;no-margin&#8221; css=&#8221;.vc_custom_1726221353046{margin-bottom: 30px !important;}&#8221;][vc_row_inner][vc_column_inner el_class=&#8221;border-top&#8221; width=&#8221;1\/2&#8243;][vc_column_text css=&#8221;&#8221;]<\/p>\n<h3 style=\"text-align: center;\">SERIENFARBEN<\/h3>\n<p>[\/vc_column_text][vc_single_image image=&#8221;24085&#8243; img_size=&#8221;full&#8221; css=&#8221;&#8221;][vc_raw_html css=&#8221;&#8221;]PHNwYW4+Q0FSRVggR0VMQjwvc3Bhbj4=[\/vc_raw_html][vc_separator css=&#8221;&#8221;][vc_single_image image=&#8221;24086&#8243; img_size=&#8221;full&#8221; css=&#8221;&#8221;][vc_raw_html css=&#8221;&#8221;]PHNwYW4+U0lHTlVNIFJPVDwvc3Bhbj4=[\/vc_raw_html][vc_separator css=&#8221;&#8221;][vc_single_image image=&#8221;24084&#8243; img_size=&#8221;full&#8221; css=&#8221;&#8221;][vc_raw_html css=&#8221;&#8221;]PHNwYW4+U1RFUk5XRUlTUzwvc3Bhbj4=[\/vc_raw_html][\/vc_column_inner][vc_column_inner el_class=&#8221;border-top&#8221; width=&#8221;1\/2&#8243;][vc_column_text css=&#8221;&#8221;]<\/p>\n<h3 style=\"text-align: center;\">BESONDERE FARBEN<\/h3>\n<p>[\/vc_column_text][vc_single_image image=&#8221;24087&#8243; img_size=&#8221;full&#8221; css=&#8221;&#8221;][vc_raw_html css=&#8221;&#8221;]PHNwYW4+TkFWRUwgT1JBTkdFPC9zcGFuPg==[\/vc_raw_html][vc_separator css=&#8221;&#8221;][vc_single_image image=&#8221;24088&#8243; img_size=&#8221;full&#8221; css=&#8221;&#8221;][vc_raw_html css=&#8221;&#8221;]PHNwYW4+VElUQU48L3NwYW4+[\/vc_raw_html][vc_separator css=&#8221;&#8221;][vc_single_image image=&#8221;24089&#8243; img_size=&#8221;full&#8221; css=&#8221;&#8221;][vc_raw_html css=&#8221;&#8221;]PHNwYW4+TUVURU8gU0lMQkVSPC9zcGFuPg==[\/vc_raw_html][\/vc_column_inner][\/vc_row_inner][\/vc_column][vc_column width=&#8221;1\/6&#8243;][\/vc_column][\/vc_row][vc_row full_width=&#8221;stretch_row_content_no_spaces&#8221; min_height=&#8221;60vh&#8221; css=&#8221;.vc_custom_1726232404261{background-image: url(https:\/\/nauti-parts.com\/wp-content\/uploads\/2024\/09\/seabob-f9-20kilos.jpeg?id=18561) !important;background-position: center !important;background-repeat: no-repeat !important;background-size: cover !important;}&#8221; el_class=&#8221;mob-height&#8221;][vc_column width=&#8221;1\/6&#8243;][\/vc_column][vc_column width=&#8221;2\/3&#8243;][\/vc_column][vc_column width=&#8221;1\/6&#8243;][\/vc_column][\/vc_row][vc_row][vc_column width=&#8221;1\/4&#8243;][\/vc_column][vc_column width=&#8221;1\/2&#8243;][vc_column_text css=&#8221;&#8221;]<\/p>\n<h2 style=\"text-align: center;\">ZUBEH\u00d6R<\/h2>\n<hr>\n<p style=\"text-align: center;\">Erweitern Sie Ihre Unterwasserabenteuer mit einer Reihe von hochwertigem Seabob-Zubeh\u00f6r, das Ihren Komfort, Ihre Sicherheit und Ihre Leistung verbessert. Von Schutzh\u00fcllen und Ladestationen bis hin zu stilvollen Anpassungsm\u00f6glichkeiten &#8211; unser Zubeh\u00f6r ist auf die Bed\u00fcrfnisse jedes Seabob-Liebhabers zugeschnitten. <\/p>\n<p>[\/vc_column_text][\/vc_column][vc_column width=&#8221;1\/4&#8243;][\/vc_column][\/vc_row][vc_row][vc_column width=&#8221;1\/6&#8243;][\/vc_column][vc_column width=&#8221;2\/3&#8243; css=&#8221;.vc_custom_1726221353046{margin-bottom: 30px !important;}&#8221;][vc_row_inner][vc_column_inner el_class=&#8221;border-top no-bottom-mob&#8221; width=&#8221;1\/2&#8243;][vc_single_image image=&#8221;24090&#8243; img_size=&#8221;full&#8221; css=&#8221;&#8221;][vc_raw_html css=&#8221;&#8221;]PHNwYW4+RkFTVCBDSEFSR0VSPC9zcGFuPg==[\/vc_raw_html][vc_separator css=&#8221;&#8221;][vc_single_image image=&#8221;24091&#8243; img_size=&#8221;full&#8221; css=&#8221;&#8221;][vc_raw_html css=&#8221;&#8221;]PHNwYW4+U0VBQk9CLURFQ0tFTDwvc3Bhbj4=[\/vc_raw_html][vc_separator css=&#8221;&#8221;][vc_single_image image=&#8221;24092&#8243; img_size=&#8221;full&#8221; css=&#8221;&#8221;][vc_raw_html css=&#8221;&#8221;]PHNwYW4+U0VBQk9CIEJBRzwvc3Bhbj4=[\/vc_raw_html][vc_separator css=&#8221;&#8221; el_class=&#8221;show-mobile&#8221;][\/vc_column_inner][vc_column_inner el_class=&#8221;border-top no-top-mob&#8221; width=&#8221;1\/2&#8243;][vc_single_image image=&#8221;24083&#8243; img_size=&#8221;full&#8221; css=&#8221;&#8221;][vc_raw_html css=&#8221;&#8221;]PHNwYW4+SFVCRE9DSzwvc3Bhbj4=[\/vc_raw_html][vc_separator css=&#8221;&#8221;][vc_single_image image=&#8221;24093&#8243; img_size=&#8221;full&#8221; css=&#8221;&#8221;][vc_raw_html css=&#8221;&#8221;]PHNwYW4+UElMT1QtR1VSVFNZU1RFTTwvc3Bhbj4=[\/vc_raw_html][vc_separator css=&#8221;&#8221;][vc_single_image image=&#8221;24082&#8243; img_size=&#8221;full&#8221; css=&#8221;&#8221;][vc_raw_html css=&#8221;&#8221;]PHNwYW4+U0VBQk9CIEdFV0lDSFRFPC9zcGFuPg==[\/vc_raw_html][\/vc_column_inner][\/vc_row_inner][\/vc_column][vc_column width=&#8221;1\/6&#8243;][\/vc_column][\/vc_row][vc_row full_width=&#8221;stretch_row_content_no_spaces&#8221; min_height=&#8221;60vh&#8221; css=&#8221;.vc_custom_1726233319047{background-image: url(https:\/\/nauti-parts.com\/wp-content\/uploads\/2024\/09\/seabob-f9-custom-colours.png?id=18563) !important;background-position: center !important;background-repeat: no-repeat !important;background-size: cover !important;}&#8221; el_class=&#8221;mob-height&#8221;][vc_column width=&#8221;1\/6&#8243;][\/vc_column][vc_column width=&#8221;2\/3&#8243;][\/vc_column][vc_column width=&#8221;1\/6&#8243;][\/vc_column][\/vc_row][vc_row][vc_column width=&#8221;1\/4&#8243;][\/vc_column][vc_column width=&#8221;1\/2&#8243;][vc_single_image image=&#8221;23813&#8243; img_size=&#8221;full&#8221; css=&#8221;.vc_custom_1726242234300{margin-right: 40px !important;margin-left: 40px !important;padding-right: 40px !important;padding-left: 40px !important;}&#8221;][vc_column_text css=&#8221;&#8221;]<\/p>\n<p style=\"text-align: center;\" data-sourcepos=\"17:1-17:68\"><strong>Nauti-Parts ist der einzige offizielle Seabob-H\u00e4ndler und Service-Center auf Mallorca.<br \/>\n<\/strong><\/p>\n<p style=\"text-align: center;\" data-sourcepos=\"17:1-17:68\">F\u00fcr weitere Informationen \u00fcber Seabob und Cayago Modelle, Zubeh\u00f6r und Dienstleistungen, einschlie\u00dflich gebrauchter Modelle, kontaktieren Sie uns bitte.<\/p>\n<p>[\/vc_column_text][vc_btn title=&#8221;Kontaktieren Sie uns heute&#8221; style=&#8221;flat&#8221; shape=&#8221;square&#8221; color=&#8221;danger&#8221; size=&#8221;lg&#8221; align=&#8221;center&#8221; css=&#8221;&#8221; link=&#8221;url:https%3A%2F%2Fnauti-parts.com%2Fcontact%2F|title:Contact|&#8221;][\/vc_column][vc_column width=&#8221;1\/4&#8243;][\/vc_column][\/vc_row]<\/p>\n<\/div>","protected":false},"excerpt":{"rendered":"<p>[vc_row full_width=&#8221;stretch_row_content_no_spaces&#8221; content_placement=&#8221;middle&#8221; min_height=&#8221;75vh&#8221; css=&#8221;.vc_custom_1726232419624{background-image: url(https:\/\/nauti-parts.com\/wp-content\/uploads\/2024\/09\/serabob-f9-mallorca-1.jpeg?id=18564) !important;background-position: center !important;background-repeat: no-repeat !important;background-size: cover !important;}&#8221; el_class=&#8221;mob-height&#8221;][vc_column][\/vc_column][\/vc_row][vc_row][vc_column width=&#8221;1\/4&#8243;][\/vc_column][vc_column width=&#8221;1\/2&#8243;][vc_column_text css=&#8221;&#8221;] SEABOB F9 JETZT ERH\u00c4LTLICH &#8211; DIE SEABOB F9 &amp; F9 S Der Seabob F9 ist ein revolution\u00e4rer Unterwasserscooter, der den Wassersport neu definiert. Mit ihrem schlanken Design, der starken Leistung und den innovativen Funktionen bietet die F9 ein [&hellip;]<\/p>\n","protected":false},"author":1,"featured_media":0,"parent":24188,"menu_order":0,"comment_status":"closed","ping_status":"closed","template":"","meta":{"_acf_changed":false,"footnotes":""},"class_list":["post-24078","page","type-page","status-publish","hentry","repupress_customize_woocommerce_productom_class"],"acf":[],"yoast_head":"<!-- This site is optimized with the Yoast SEO plugin v27.5 - https:\/\/yoast.com\/product\/yoast-seo-wordpress\/ -->\n<title>Seabob F9 | Nauti Parts<\/title>\n<meta name=\"robots\" content=\"index, follow, max-snippet:-1, max-image-preview:large, max-video-preview:-1\" \/>\n<link rel=\"canonical\" href=\"https:\/\/nauti-parts.com\/de\/seabob\/seabob-f9\/\" \/>\n<meta property=\"og:locale\" content=\"de_DE\" \/>\n<meta property=\"og:type\" content=\"article\" \/>\n<meta property=\"og:title\" content=\"Seabob F9 | Nauti Parts\" \/>\n<meta property=\"og:description\" content=\"[vc_row full_width=&#8221;stretch_row_content_no_spaces&#8221; content_placement=&#8221;middle&#8221; min_height=&#8221;75vh&#8221; css=&#8221;.vc_custom_1726232419624{background-image: url(https:\/\/nauti-parts.com\/wp-content\/uploads\/2024\/09\/serabob-f9-mallorca-1.jpeg?id=18564) !important;background-position: center !important;background-repeat: no-repeat !important;background-size: cover !important;}&#8221; el_class=&#8221;mob-height&#8221;][vc_column][\/vc_column][\/vc_row][vc_row][vc_column width=&#8221;1\/4&#8243;][\/vc_column][vc_column width=&#8221;1\/2&#8243;][vc_column_text css=&#8221;&#8221;] SEABOB F9 JETZT ERH\u00c4LTLICH &#8211; DIE SEABOB F9 &amp; F9 S Der Seabob F9 ist ein revolution\u00e4rer Unterwasserscooter, der den Wassersport neu definiert. Mit ihrem schlanken Design, der starken Leistung und den innovativen Funktionen bietet die F9 ein [&hellip;]\" \/>\n<meta property=\"og:url\" content=\"https:\/\/nauti-parts.com\/de\/seabob\/seabob-f9\/\" \/>\n<meta property=\"og:site_name\" content=\"Nauti Parts\" \/>\n<meta property=\"article:publisher\" content=\"https:\/\/www.facebook.com\/nautipartsspain\/\" \/>\n<meta property=\"article:modified_time\" content=\"2026-03-30T13:38:31+00:00\" \/>\n<meta property=\"og:image\" content=\"https:\/\/nauti-parts.com\/wp-content\/uploads\/2019\/05\/Sea-Doo-jetskis-mallorca.jpg\" \/>\n\t<meta property=\"og:image:width\" content=\"900\" \/>\n\t<meta property=\"og:image:height\" content=\"500\" \/>\n\t<meta property=\"og:image:type\" content=\"image\/jpeg\" \/>\n<meta name=\"twitter:card\" content=\"summary_large_image\" \/>\n<meta name=\"twitter:label1\" content=\"Gesch\u00e4tzte Lesezeit\" \/>\n\t<meta name=\"twitter:data1\" content=\"7\u00a0Minuten\" \/>\n<script type=\"application\/ld+json\" class=\"yoast-schema-graph\">{\"@context\":\"https:\\\/\\\/schema.org\",\"@graph\":[{\"@type\":\"WebPage\",\"@id\":\"https:\\\/\\\/nauti-parts.com\\\/de\\\/seabob\\\/seabob-f9\\\/\",\"url\":\"https:\\\/\\\/nauti-parts.com\\\/de\\\/seabob\\\/seabob-f9\\\/\",\"name\":\"Seabob F9 | Nauti Parts\",\"isPartOf\":{\"@id\":\"https:\\\/\\\/nauti-parts.com\\\/de\\\/#website\"},\"datePublished\":\"2024-09-13T08:56:02+00:00\",\"dateModified\":\"2026-03-30T13:38:31+00:00\",\"breadcrumb\":{\"@id\":\"https:\\\/\\\/nauti-parts.com\\\/de\\\/seabob\\\/seabob-f9\\\/#breadcrumb\"},\"inLanguage\":\"de\",\"potentialAction\":[{\"@type\":\"ReadAction\",\"target\":[\"https:\\\/\\\/nauti-parts.com\\\/de\\\/seabob\\\/seabob-f9\\\/\"]}]},{\"@type\":\"BreadcrumbList\",\"@id\":\"https:\\\/\\\/nauti-parts.com\\\/de\\\/seabob\\\/seabob-f9\\\/#breadcrumb\",\"itemListElement\":[{\"@type\":\"ListItem\",\"position\":1,\"name\":\"Seabob\",\"item\":\"https:\\\/\\\/nauti-parts.com\\\/de\\\/seabob\\\/\"},{\"@type\":\"ListItem\",\"position\":2,\"name\":\"Seabob F9\"}]},{\"@type\":\"WebSite\",\"@id\":\"https:\\\/\\\/nauti-parts.com\\\/de\\\/#website\",\"url\":\"https:\\\/\\\/nauti-parts.com\\\/de\\\/\",\"name\":\"Nauti Parts\",\"description\":\"Sea-Doo Jet Ski - Seabob Dealer and Rentals | Water Toys Mallorca\",\"publisher\":{\"@id\":\"https:\\\/\\\/nauti-parts.com\\\/de\\\/#organization\"},\"potentialAction\":[{\"@type\":\"SearchAction\",\"target\":{\"@type\":\"EntryPoint\",\"urlTemplate\":\"https:\\\/\\\/nauti-parts.com\\\/de\\\/?s={search_term_string}\"},\"query-input\":{\"@type\":\"PropertyValueSpecification\",\"valueRequired\":true,\"valueName\":\"search_term_string\"}}],\"inLanguage\":\"de\"},{\"@type\":\"Organization\",\"@id\":\"https:\\\/\\\/nauti-parts.com\\\/de\\\/#organization\",\"name\":\"Nauti Teile\",\"url\":\"https:\\\/\\\/nauti-parts.com\\\/de\\\/\",\"logo\":{\"@type\":\"ImageObject\",\"inLanguage\":\"de\",\"@id\":\"https:\\\/\\\/nauti-parts.com\\\/de\\\/#\\\/schema\\\/logo\\\/image\\\/\",\"url\":\"https:\\\/\\\/nauti-parts.com\\\/wp-content\\\/uploads\\\/2023\\\/10\\\/np-logo-black.png\",\"contentUrl\":\"https:\\\/\\\/nauti-parts.com\\\/wp-content\\\/uploads\\\/2023\\\/10\\\/np-logo-black.png\",\"width\":253,\"height\":100,\"caption\":\"Nauti Teile\"},\"image\":{\"@id\":\"https:\\\/\\\/nauti-parts.com\\\/de\\\/#\\\/schema\\\/logo\\\/image\\\/\"},\"sameAs\":[\"https:\\\/\\\/www.facebook.com\\\/nautipartsspain\\\/\",\"https:\\\/\\\/www.instagram.com\\\/nautiparts\\\/\"]}]}<\/script>\n<!-- \/ Yoast SEO plugin. -->","yoast_head_json":{"title":"Seabob F9 | Nauti Parts","robots":{"index":"index","follow":"follow","max-snippet":"max-snippet:-1","max-image-preview":"max-image-preview:large","max-video-preview":"max-video-preview:-1"},"canonical":"https:\/\/nauti-parts.com\/de\/seabob\/seabob-f9\/","og_locale":"de_DE","og_type":"article","og_title":"Seabob F9 | Nauti Parts","og_description":"[vc_row full_width=&#8221;stretch_row_content_no_spaces&#8221; content_placement=&#8221;middle&#8221; min_height=&#8221;75vh&#8221; css=&#8221;.vc_custom_1726232419624{background-image: url(https:\/\/nauti-parts.com\/wp-content\/uploads\/2024\/09\/serabob-f9-mallorca-1.jpeg?id=18564) !important;background-position: center !important;background-repeat: no-repeat !important;background-size: cover !important;}&#8221; el_class=&#8221;mob-height&#8221;][vc_column][\/vc_column][\/vc_row][vc_row][vc_column width=&#8221;1\/4&#8243;][\/vc_column][vc_column width=&#8221;1\/2&#8243;][vc_column_text css=&#8221;&#8221;] SEABOB F9 JETZT ERH\u00c4LTLICH &#8211; DIE SEABOB F9 &amp; F9 S Der Seabob F9 ist ein revolution\u00e4rer Unterwasserscooter, der den Wassersport neu definiert. Mit ihrem schlanken Design, der starken Leistung und den innovativen Funktionen bietet die F9 ein [&hellip;]","og_url":"https:\/\/nauti-parts.com\/de\/seabob\/seabob-f9\/","og_site_name":"Nauti Parts","article_publisher":"https:\/\/www.facebook.com\/nautipartsspain\/","article_modified_time":"2026-03-30T13:38:31+00:00","og_image":[{"width":900,"height":500,"url":"https:\/\/nauti-parts.com\/wp-content\/uploads\/2019\/05\/Sea-Doo-jetskis-mallorca.jpg","type":"image\/jpeg"}],"twitter_card":"summary_large_image","twitter_misc":{"Gesch\u00e4tzte Lesezeit":"7\u00a0Minuten"},"schema":{"@context":"https:\/\/schema.org","@graph":[{"@type":"WebPage","@id":"https:\/\/nauti-parts.com\/de\/seabob\/seabob-f9\/","url":"https:\/\/nauti-parts.com\/de\/seabob\/seabob-f9\/","name":"Seabob F9 | Nauti Parts","isPartOf":{"@id":"https:\/\/nauti-parts.com\/de\/#website"},"datePublished":"2024-09-13T08:56:02+00:00","dateModified":"2026-03-30T13:38:31+00:00","breadcrumb":{"@id":"https:\/\/nauti-parts.com\/de\/seabob\/seabob-f9\/#breadcrumb"},"inLanguage":"de","potentialAction":[{"@type":"ReadAction","target":["https:\/\/nauti-parts.com\/de\/seabob\/seabob-f9\/"]}]},{"@type":"BreadcrumbList","@id":"https:\/\/nauti-parts.com\/de\/seabob\/seabob-f9\/#breadcrumb","itemListElement":[{"@type":"ListItem","position":1,"name":"Seabob","item":"https:\/\/nauti-parts.com\/de\/seabob\/"},{"@type":"ListItem","position":2,"name":"Seabob F9"}]},{"@type":"WebSite","@id":"https:\/\/nauti-parts.com\/de\/#website","url":"https:\/\/nauti-parts.com\/de\/","name":"Nauti Parts","description":"Sea-Doo Jet Ski - Seabob Dealer and Rentals | Water Toys Mallorca","publisher":{"@id":"https:\/\/nauti-parts.com\/de\/#organization"},"potentialAction":[{"@type":"SearchAction","target":{"@type":"EntryPoint","urlTemplate":"https:\/\/nauti-parts.com\/de\/?s={search_term_string}"},"query-input":{"@type":"PropertyValueSpecification","valueRequired":true,"valueName":"search_term_string"}}],"inLanguage":"de"},{"@type":"Organization","@id":"https:\/\/nauti-parts.com\/de\/#organization","name":"Nauti Teile","url":"https:\/\/nauti-parts.com\/de\/","logo":{"@type":"ImageObject","inLanguage":"de","@id":"https:\/\/nauti-parts.com\/de\/#\/schema\/logo\/image\/","url":"https:\/\/nauti-parts.com\/wp-content\/uploads\/2023\/10\/np-logo-black.png","contentUrl":"https:\/\/nauti-parts.com\/wp-content\/uploads\/2023\/10\/np-logo-black.png","width":253,"height":100,"caption":"Nauti Teile"},"image":{"@id":"https:\/\/nauti-parts.com\/de\/#\/schema\/logo\/image\/"},"sameAs":["https:\/\/www.facebook.com\/nautipartsspain\/","https:\/\/www.instagram.com\/nautiparts\/"]}]}},"_links":{"self":[{"href":"https:\/\/nauti-parts.com\/de\/wp-json\/wp\/v2\/pages\/24078","targetHints":{"allow":["GET"]}}],"collection":[{"href":"https:\/\/nauti-parts.com\/de\/wp-json\/wp\/v2\/pages"}],"about":[{"href":"https:\/\/nauti-parts.com\/de\/wp-json\/wp\/v2\/types\/page"}],"author":[{"embeddable":true,"href":"https:\/\/nauti-parts.com\/de\/wp-json\/wp\/v2\/users\/1"}],"replies":[{"embeddable":true,"href":"https:\/\/nauti-parts.com\/de\/wp-json\/wp\/v2\/comments?post=24078"}],"version-history":[{"count":0,"href":"https:\/\/nauti-parts.com\/de\/wp-json\/wp\/v2\/pages\/24078\/revisions"}],"up":[{"embeddable":true,"href":"https:\/\/nauti-parts.com\/de\/wp-json\/wp\/v2\/pages\/24188"}],"wp:attachment":[{"href":"https:\/\/nauti-parts.com\/de\/wp-json\/wp\/v2\/media?parent=24078"}],"curies":[{"name":"wp","href":"https:\/\/api.w.org\/{rel}","templated":true}]}}