{"id":23952,"date":"2017-11-09T13:23:24","date_gmt":"2017-11-09T13:23:24","guid":{"rendered":"https:\/\/nauti-parts.com\/funke\/"},"modified":"2026-03-30T13:38:27","modified_gmt":"2026-03-30T13:38:27","slug":"funke","status":"publish","type":"page","link":"https:\/\/nauti-parts.com\/de\/sea-doo\/funke\/","title":{"rendered":"Funke"},"content":{"rendered":"<div class=\"wpb-content-wrapper\"><p>[vc_section full_width=&#8221;stretch_row&#8221; css=&#8221;.vc_custom_1508423743578{background-color: #1ebbb0 !important;}&#8221; el_id=&#8221;intro&#8221;][vc_row][vc_column width=&#8221;1\/6&#8243;][\/vc_column][vc_column width=&#8221;2\/3&#8243;][vc_column_text]<\/p>\n<h2 style=\"text-align: center;\">EINZIGARTIGER SPASS!<\/h2>\n<p>[\/vc_column_text][vc_separator color=&#8221;white&#8221;][vc_row_inner el_id=&#8221;price&#8221;][vc_column_inner width=&#8221;2\/3&#8243;][vc_column_text]<\/p>\n<p style=\"text-align: center;\">Die Spark von Sea-Doo ist das erschwinglichste Wasserfahrzeug, das derzeit auf dem Markt ist. Es l\u00e4sst die Tr\u00e4ume jeder Familie von tollen Tagen auf dem Wasser wahr werden! Es ist spielerisch, leicht zu fahren und unglaublich einfach mit einem kleinen Auto zu ziehen.  <\/p>\n<p>[\/vc_column_text][\/vc_column_inner][vc_column_inner width=&#8221;1\/3&#8243;][vc_column_text css=&#8221;&#8221;]<\/p>\n<p style=\"text-align: center;\">Von<\/p>\n<h3 style=\"text-align: center;\"><strong>11.995\u20ac<\/strong><\/h3>\n<p>[\/vc_column_text][\/vc_column_inner][\/vc_row_inner][vc_separator color=&#8221;white&#8221;][vc_btn title=&#8221;Spezifikationen herunterladen&#8221; style=&#8221;flat&#8221; shape=&#8221;square&#8221; color=&#8221;white&#8221; size=&#8221;lg&#8221; align=&#8221;center&#8221; link=&#8221;url:https%3A%2F%2Fnauti-parts.com%2Fwp-content%2Fuploads%2F2017%2F11%2FSPARK_EN.jpg|target:%20_blank|&#8221;][\/vc_column][vc_column width=&#8221;1\/6&#8243;][\/vc_column][\/vc_row][\/vc_section][vc_section css=&#8221;.vc_custom_1508424549906{padding-bottom: 30px !important;}&#8221;][vc_row][vc_column css_animation=&#8221;fadeInLeft&#8221; width=&#8221;1\/2&#8243; el_id=&#8221;info&#8221;][vc_single_image image=&#8221;23953&#8243; img_size=&#8221;full&#8221; alignment=&#8221;center&#8221; css=&#8221;&#8221;][vc_column_text css=&#8221;&#8221;]<\/p>\n<h4 style=\"text-align: center;\">Schillerndes Blau und Vapor Blue<\/h4>\n<p>[\/vc_column_text][\/vc_column][vc_column css_animation=&#8221;fadeInRight&#8221; width=&#8221;1\/2&#8243;][vc_single_image image=&#8221;23954&#8243; img_size=&#8221;full&#8221; alignment=&#8221;center&#8221; css=&#8221;&#8221;][vc_column_text css=&#8221;&#8221;]<\/p>\n<h4 style=\"text-align: center;\">Sonnenaufgang Orange und Drachenrot<\/h4>\n<p>[\/vc_column_text][\/vc_column][\/vc_row][\/vc_section][vc_section full_width=&#8221;stretch_row_content&#8221; el_id=&#8221;features&#8221;][vc_row equal_height=&#8221;yes&#8221; content_placement=&#8221;bottom&#8221;][vc_column css_animation=&#8221;slideInLeft&#8221; width=&#8221;1\/2&#8243; css=&#8221;.vc_custom_1508931850302{background-image: url(https:\/\/nauti-parts.com\/wp-content\/uploads\/2017\/10\/trim-system.jpg?id=2058) !important;}&#8221; el_class=&#8221;left&#8221;][vc_column_text]<\/p>\n<h3 style=\"text-align: center;\">BESSERE TRICKS<\/h3>\n<p style=\"text-align: center;\">Mit dem variablen Trimmsystem k\u00f6nnen Sie \u00fcbertreiben, wie hoch Sie die Nase anheben oder wie tief Sie sie im Wasser versenken k\u00f6nnen. Das bedeutet, dass Tricks noch nie so einfach waren &#8211; und so viel Spa\u00df gemacht haben. <\/p>\n<p>[\/vc_column_text][\/vc_column][vc_column css_animation=&#8221;slideInRight&#8221; width=&#8221;1\/2&#8243; css=&#8221;.vc_custom_1508931940092{background-image: url(https:\/\/nauti-parts.com\/wp-content\/uploads\/2017\/10\/step-wedges.jpg?id=2059) !important;}&#8221;][vc_column_text]<\/p>\n<h3 style=\"text-align: center;\">STEP WEDGES<\/h3>\n<p style=\"text-align: center;\">Nehmen Sie mit den Trittkeilen einen festen Stand ein. F\u00fcr mehr Stabilit\u00e4t und Selbstvertrauen in verschiedenen Stand-up-Fahrpositionen. Das macht es einfacher, Tricks wie ein Profi auszuf\u00fchren.  <\/p>\n<p>[\/vc_column_text][\/vc_column][\/vc_row][vc_row equal_height=&#8221;yes&#8221; content_placement=&#8221;bottom&#8221;][vc_column css_animation=&#8221;fadeInLeft&#8221; width=&#8221;1\/3&#8243; css=&#8221;.vc_custom_1510233750425{background-image: url(https:\/\/nauti-parts.com\/wp-content\/uploads\/2017\/10\/rotax-engine.jpeg?id=2071) !important;}&#8221;][vc_column_text]<\/p>\n<h3 style=\"text-align: center;\">ROTAX 900 MOTOR<\/h3>\n<p style=\"text-align: center;\">Der Rotax 900 ACE Motor ist der kraftstoffsparendste Motor auf dem Markt. W\u00e4hlen Sie zwischen dem Standardmotor und dem leistungsst\u00e4rkeren HO ACE.<\/p>\n<p>[\/vc_column_text][\/vc_column][vc_column css_animation=&#8221;fadeInUp&#8221; width=&#8221;1\/3&#8243; el_class=&#8221;center&#8221; css=&#8221;.vc_custom_1508932125686{background-image: url(https:\/\/nauti-parts.com\/wp-content\/uploads\/2017\/10\/seating.jpg?id=2060) !important;}&#8221;][vc_column_text]<\/p>\n<h3 style=\"text-align: center;\">SITZGELEGENHEITEN F\u00dcR 2 ODER 3<\/h3>\n<p style=\"text-align: center;\">Spa\u00df f\u00fcr alle! Ob Sie nun zu zweit oder zu dritt aufs Wasser gehen, der Sea-Doo SPARK ist als 2er- oder 3er-Konfiguration erh\u00e4ltlich. <\/p>\n<p>[\/vc_column_text][\/vc_column][vc_column css_animation=&#8221;fadeInRight&#8221; width=&#8221;1\/3&#8243; css=&#8221;.vc_custom_1508932702866{background-image: url(https:\/\/nauti-parts.com\/wp-content\/uploads\/2017\/10\/polytec-hull.jpg?id=2066) !important;}&#8221;][vc_column_text]<\/p>\n<h3 style=\"text-align: center;\">INTELLIGENTE BREMSE UND R\u00dcCKW\u00c4RTSGANG<\/h3>\n<p style=\"text-align: center;\">Das exklusiv von Sea-Doo angebotene iBR-System l\u00e4sst Sie fr\u00fcher anhalten und gibt Ihnen mehr Sicherheit. Und bietet mehr Kontrolle und Man\u00f6vrierf\u00e4higkeit. <\/p>\n<p>[\/vc_column_text][\/vc_column][\/vc_row][vc_row equal_height=&#8221;yes&#8221; content_placement=&#8221;bottom&#8221;][vc_column css_animation=&#8221;slideInLeft&#8221; width=&#8221;1\/2&#8243; css=&#8221;.vc_custom_1508932250642{background-image: url(https:\/\/nauti-parts.com\/wp-content\/uploads\/2017\/10\/ibr-1.jpg?id=2062) !important;}&#8221; el_class=&#8221;left&#8221;][vc_column_text]<\/p>\n<h3 style=\"text-align: center;\">POLYTEC-MATERIAL<\/h3>\n<p style=\"text-align: center;\">Dieses innovative und sto\u00dffeste Material reduziert das Gewicht des Sea-Doo SPARK und sorgt f\u00fcr Spitzenleistung. Au\u00dferdem ist es durch die eingef\u00e4rbte Formgebung kratzfester als Fiberglas. <\/p>\n<p>[\/vc_column_text][\/vc_column][vc_column css_animation=&#8221;slideInRight&#8221; width=&#8221;1\/2&#8243; css=&#8221;.vc_custom_1508932205033{background-image: url(https:\/\/nauti-parts.com\/wp-content\/uploads\/2017\/10\/eco-mode.jpg?id=2017) !important;}&#8221;][vc_column_text]<\/p>\n<h3 style=\"text-align: center;\">INTELLIGENTE DROSSELKLAPPENSTEUERUNG<\/h3>\n<p style=\"text-align: center;\">W\u00e4hlen Sie zwischen einer schnelleren oder sanfteren Beschleunigung dank des Sport-Modus, der mit dem Rotax 900 HO ACE Motor verf\u00fcgbar ist, und dem Touring-Modus, der f\u00fcr alle Modelle verf\u00fcgbar ist.<\/p>\n<p>[\/vc_column_text][\/vc_column][\/vc_row][\/vc_section][vc_section full_width=&#8221;stretch_row&#8221; css=&#8221;.vc_custom_1508424641954{padding-bottom: 50px !important;background-color: #f2f2f2 !important;}&#8221;][vc_row][vc_column][vc_custom_heading text=&#8221;Spezifikationen&#8221; font_container=&#8221;tag:h3|text_align:center|color:%231ebbb0&#8243; use_theme_fonts=&#8221;yes&#8221; css=&#8221;.vc_custom_1508496460939{margin-bottom: 30px !important;}&#8221;][vc_tta_accordion][vc_tta_section title=&#8221;RIDER-KAPAZIT\u00c4T&#8221; tab_id=&#8221;rider&#8221;][vc_column_text]<\/p>\n<ul>\n<li><strong>SITZEN<\/strong> 2 oder 3<\/li>\n<li><strong>GEWICHTSKAPAZIT\u00c4T352<\/strong>LB \/ 160 KG ODER 450 LB \/ 205 KG<\/li>\n<\/ul>\n<p>[\/vc_column_text][\/vc_tta_section][vc_tta_section title=&#8221;TRIEBWERK&#8221; tab_id=&#8221;engine&#8221;][vc_column_text]<\/p>\n<ul>\n<li><strong>TYPERotax\u00ae<\/strong>900 ACE\u2122<\/li>\n<li><strong>ANSAUGSYSTEMNat\u00fcrlich<\/strong>angesaugt<\/li>\n<li><strong>VERTEILUNG<\/strong> 899 cc<\/li>\n<li><strong>K\u00dcHLUNG<\/strong> Geschlossener K\u00fchlkreislauf (CLCS)<\/li>\n<li><strong>REVERSE SYSTEM<\/strong> Manueller R\u00fcckw\u00e4rtsgang (opt) oder elektronischer iBR (3up)<\/li>\n<li><strong>STARTER<\/strong> Elektrisch<\/li>\n<li><strong>KRAFTSTOFFTYP<\/strong> 87 Oktan<\/li>\n<\/ul>\n<p>[\/vc_column_text][\/vc_tta_section][vc_tta_section title=&#8221;ABMESSUNGEN&#8221; tab_id=&#8221;dimensions&#8221;][vc_column_text]<\/p>\n<ul>\n<li><strong>KRAFTSTOFFKAPAZIT\u00c4T7<\/strong>,9 US gal \/ 30 L<\/li>\n<li><strong>L\u00c4NGE<\/strong> 110&#8243; \/ 279 cm ODER 120&#8243; \/ 305 cm (3up)<\/li>\n<li><strong>BREITE<\/strong> 46&#8243; \/ 118 cm<\/li>\n<li><strong>H\u00d6HE<\/strong> 42.13&#8243; \/ 107 cm<\/li>\n<li><strong>GEWICHT (TROCKEN)<\/strong> 405 lb \/ 184 kg ODER 421 lb \/ 191 kg (3up)<\/li>\n<li><strong>SPEICHERKAPAZIT\u00c4T<\/strong> 0,42 gal\/ 1,6 L<\/li>\n<\/ul>\n<p>[\/vc_column_text][\/vc_tta_section][vc_tta_section title=&#8221;HULL&#8221; tab_id=&#8221;hull&#8221;][vc_column_text]<\/p>\n<ul>\n<li><strong>SPARK<\/strong><span class=\"spanText\">Kurze und leichte Plattform &#8211; Flacher V-Rumpf &#8211; Verspielt und leicht zu man\u00f6vrieren<\/span><\/li>\n<\/ul>\n<p>[\/vc_column_text][\/vc_tta_section][vc_tta_section title=&#8221;FEATURES&#8221; tab_id=&#8221;features&#8221;][vc_column_text]<\/p>\n<ul>\n<li><strong>EXOSKEL<\/strong><span class=\"spanText\">ist eine minimalistische Architektur, die nur die wesentlichen strukturellen Teile im vorderen Bereich enth\u00e4lt. Sie reduziert das Gewicht und schafft gleichzeitig ein starkes, modernes und hochmodernes Design, das den einzigartigen und spielerischen Charakter des Sea-Doo SPARK definiert.<\/span><\/li>\n<li><strong>POLYTEC<\/strong><span class=\"spanText\">ist ein recycelbares, kratzfestes Material mit geringer Dichte, das Polypropylen und lange Glasfaserverst\u00e4rkungen enth\u00e4lt. Es wurde f\u00fcr Rumpf- und Decksanwendungen entwickelt, um die strukturelle Integrit\u00e4t des Wasserfahrzeugs unter Belastung zu erhalten und gleichzeitig leichte, aber haltbare Teile f\u00fcr die Konstruktion des Produkts zu liefern.<\/span><\/li>\n<li><strong>iTC\u2122 (INTELLIGENT THROTTLE CONTROL) SYSTEM<\/strong><span class=\"spanText\">Fly-by-Wire-System, das elektronisch (ohne Kabel) arbeitet, um die Eingaben des Gashebels an den Motor zu \u00fcbertragen. Es handelt sich um eine reaktionsschnellere und pr\u00e4zisere Drosselklappensteuerung, die eine bessere Motorkalibrierung und einen geringeren Kraftstoffverbrauch erm\u00f6glicht. Es erm\u00f6glicht auch verschiedene Fahrmodi wie den Sportmodus, der mit dem Rotax 900 HO ACE Motor verf\u00fcgbar ist und durch 3 Sekunden langes Dr\u00fccken der Taste unter dem Kombiinstrument aktiviert wird.<\/span><\/li>\n<li><strong>D-SEA-BEL\u2122 SYSTEM<\/strong><span class=\"spanText\">Kombiniert eine Reihe von Resonatoren und vibrationsabsorbierenden Komponenten, um Sea-Doo Wasserfahrzeuge zu den leisesten auf dem Wasser zu machen.<\/span><\/li>\n<li><strong>GESCHLOSSENER K\u00dcHLKREISLAUF<\/strong><span class=\"spanText\">Verwendet K\u00fchlmittel, um den Motor auf der idealen Temperatur zu halten, \u00e4hnlich wie der K\u00fchler eines Autos. H\u00e4lt au\u00dferdem korrosives Salzwasser und Ablagerungen fern.<\/span><\/li>\n<li><strong>INTERAKTIVES DIGITALES MULTIFUNKTIONS-INFORMATIONSZENTRUM<\/strong><span class=\"spanText\">Touring-Modus, Sport-Modus, Kraftstoffstand, Drehzahlmesser, Geschwindigkeitsmesser, Betriebsstundenz\u00e4hler.<\/span><\/li>\n<\/ul>\n<p>[\/vc_column_text][\/vc_tta_section][vc_tta_section title=&#8221;ANDERE&#8221; tab_id=&#8221;other&#8221;][vc_column_text]<\/p>\n<ul>\n<li>Handgriffe mit Handballenauflage \/ St\u00fctzen \/ Wetgrip-Trittbrett \/ Kniepolster \/ Abschlepphaken \/ Hinterer Haltegriff \/ Sitzgurt \/ Einfacher Ablassstopfen \/ Sp\u00fclkit \/ Schwimmende Notleine \/ Bedienungsanleitung, Lehrvideo und Brosch\u00fcre<\/li>\n<\/ul>\n<p>[\/vc_column_text][\/vc_tta_section][\/vc_tta_accordion][\/vc_column][\/vc_row][\/vc_section][vc_section][vc_row][vc_column][vc_custom_heading text=&#8221;Galerie&#8221; font_container=&#8221;tag:h3|text_align:center|color:%231ebbb0&#8243; use_theme_fonts=&#8221;yes&#8221; css=&#8221;.vc_custom_1508496472181{margin-bottom: 30px !important;}&#8221;][vc_masonry_media_grid element_width=&#8221;3&#8243; gap=&#8221;10&#8243; grid_id=&#8221;vc_gid:1717774069312-b81fe6e8-d830-3&#8243; include=&#8221;23956,23955,23957,23958&#8243;][\/vc_column][\/vc_row][\/vc_section][vc_section][vc_row][vc_column width=&#8221;1\/4&#8243;][\/vc_column][vc_column width=&#8221;1\/2&#8243; css=&#8221;.vc_custom_1508498091641{padding-top: 20px !important;padding-bottom: 20px !important;}&#8221;][vc_column_text]<\/p>\n<h3 style=\"text-align: center;\">F\u00fcr weitere Informationen kontaktieren Sie uns bitte unter +34 971 67 77 30 oder per E-Mail an <a href=\"mailto:nautiparts@yahoo.com\">nautiparts@yahoo.com.<\/a><\/h3>\n<p>[\/vc_column_text][\/vc_column][vc_column width=&#8221;1\/4&#8243;][\/vc_column][\/vc_row][\/vc_section][vc_row][vc_column][vc_column_text]<\/p>\n<p>[\/vc_column_text][\/vc_column][\/vc_row][vc_section full_width=&#8221;stretch_row_content&#8221; content_placement=&#8221;middle&#8221; el_id=&#8221;related&#8221;][vc_row content_placement=&#8221;middle&#8221;][vc_column width=&#8221;1\/3&#8243; css=&#8221;.vc_custom_1717773899859{background-image: url(https:\/\/nauti-parts.com\/wp-content\/uploads\/2023\/08\/Sea-Doo-2024.jpg?id=17280) !important;background-position: center !important;background-repeat: no-repeat !important;background-size: cover !important;}&#8221;][vc_column_text css=&#8221;&#8221;]<\/p>\n<h4 style=\"text-align: center;\"><a href=\"https:\/\/nauti-parts.com\/?page_id=17245\">Die Sea-Doo Jet Ski 2024-Reihe ansehen<\/a><\/h4>\n<p>[\/vc_column_text][\/vc_column][vc_column width=&#8221;1\/3&#8243; css=&#8221;.vc_custom_1509099318629{background-image: url(https:\/\/nauti-parts.com\/wp-content\/uploads\/2017\/10\/rotax-engine.jpeg?id=2071) !important;background-position: center !important;background-repeat: no-repeat !important;background-size: cover !important;}&#8221; el_class=&#8221;center&#8221;][vc_column_text css=&#8221;&#8221;]<\/p>\n<h4 style=\"text-align: center;\"><a href=\"https:\/\/nauti-parts.com\/service\/\">Unser Service und unsere Aufbewahrungsoptionen<\/a><\/h4>\n<p>[\/vc_column_text][\/vc_column][vc_column width=&#8221;1\/3&#8243; css=&#8221;.vc_custom_1509098782295{background-image: url(https:\/\/nauti-parts.com\/wp-content\/uploads\/2015\/09\/nauti-parts-about-us.jpg?id=1851) !important;background-position: center !important;background-repeat: no-repeat !important;background-size: cover !important;}&#8221;][vc_column_text css=&#8221;&#8221;]<\/p>\n<h4 style=\"text-align: center;\"><a href=\"https:\/\/nauti-parts.com\/rental\/jet-skis\/\">Jet Ski Kurse, Lizenzen und Verleih<\/a><\/h4>\n<p>[\/vc_column_text][\/vc_column][\/vc_row][\/vc_section]<\/p>\n<\/div>","protected":false},"excerpt":{"rendered":"<p>[vc_section full_width=&#8221;stretch_row&#8221; css=&#8221;.vc_custom_1508423743578{background-color: #1ebbb0 !important;}&#8221; el_id=&#8221;intro&#8221;][vc_row][vc_column width=&#8221;1\/6&#8243;][\/vc_column][vc_column width=&#8221;2\/3&#8243;][vc_column_text] EINZIGARTIGER SPASS! [\/vc_column_text][vc_separator color=&#8221;white&#8221;][vc_row_inner el_id=&#8221;price&#8221;][vc_column_inner width=&#8221;2\/3&#8243;][vc_column_text] Die Spark von Sea-Doo ist das erschwinglichste Wasserfahrzeug, das derzeit auf dem Markt ist. Es l\u00e4sst die Tr\u00e4ume jeder Familie von tollen Tagen auf dem Wasser wahr werden! Es ist spielerisch, leicht zu fahren und unglaublich einfach mit einem kleinen Auto [&hellip;]<\/p>\n","protected":false},"author":1,"featured_media":23955,"parent":24158,"menu_order":0,"comment_status":"closed","ping_status":"closed","template":"","meta":{"_acf_changed":false,"footnotes":""},"class_list":["post-23952","page","type-page","status-publish","has-post-thumbnail","hentry","repupress_customize_woocommerce_productom_class"],"acf":[],"yoast_head":"<!-- This site is optimized with the Yoast SEO plugin v27.5 - https:\/\/yoast.com\/product\/yoast-seo-wordpress\/ -->\n<title>SPARK TRIXX Sea-Doo Jet Ski verf\u00fcgbar auf Mallorca bei Nauti Parts<\/title>\n<meta name=\"description\" content=\"Die haarstr\u00e4ubendste und umwerfendste Fahrt auf dem Wasser. Spielen Sie wie nie zuvor, denn noch nie war es so einfach und so lustig, Tricks zu machen!\" \/>\n<meta name=\"robots\" content=\"index, follow, max-snippet:-1, max-image-preview:large, max-video-preview:-1\" \/>\n<link rel=\"canonical\" href=\"https:\/\/nauti-parts.com\/de\/sea-doo\/funke\/\" \/>\n<meta property=\"og:locale\" content=\"de_DE\" \/>\n<meta property=\"og:type\" content=\"article\" \/>\n<meta property=\"og:title\" content=\"SPARK TRIXX Sea-Doo Jet Ski verf\u00fcgbar auf Mallorca bei Nauti Parts\" \/>\n<meta property=\"og:description\" content=\"Die haarstr\u00e4ubendste und umwerfendste Fahrt auf dem Wasser. Spielen Sie wie nie zuvor, denn noch nie war es so einfach und so lustig, Tricks zu machen!\" \/>\n<meta property=\"og:url\" content=\"https:\/\/nauti-parts.com\/de\/sea-doo\/funke\/\" \/>\n<meta property=\"og:site_name\" content=\"Nauti Parts\" \/>\n<meta property=\"article:publisher\" content=\"https:\/\/www.facebook.com\/nautipartsspain\/\" \/>\n<meta property=\"article:modified_time\" content=\"2026-03-30T13:38:27+00:00\" \/>\n<meta property=\"og:image\" content=\"https:\/\/nauti-parts.com\/wp-content\/uploads\/2017\/11\/sparks-water.jpeg\" \/>\n\t<meta property=\"og:image:width\" content=\"1322\" \/>\n\t<meta property=\"og:image:height\" content=\"660\" \/>\n\t<meta property=\"og:image:type\" content=\"image\/jpeg\" \/>\n<meta name=\"twitter:card\" content=\"summary_large_image\" \/>\n<meta name=\"twitter:label1\" content=\"Gesch\u00e4tzte Lesezeit\" \/>\n\t<meta name=\"twitter:data1\" content=\"7\u00a0Minuten\" \/>\n<script type=\"application\/ld+json\" class=\"yoast-schema-graph\">{\"@context\":\"https:\\\/\\\/schema.org\",\"@graph\":[{\"@type\":\"WebPage\",\"@id\":\"https:\\\/\\\/nauti-parts.com\\\/de\\\/sea-doo\\\/funke\\\/\",\"url\":\"https:\\\/\\\/nauti-parts.com\\\/de\\\/sea-doo\\\/funke\\\/\",\"name\":\"SPARK TRIXX Sea-Doo Jet Ski verf\u00fcgbar auf Mallorca bei Nauti Parts\",\"isPartOf\":{\"@id\":\"https:\\\/\\\/nauti-parts.com\\\/de\\\/#website\"},\"primaryImageOfPage\":{\"@id\":\"https:\\\/\\\/nauti-parts.com\\\/de\\\/sea-doo\\\/funke\\\/#primaryimage\"},\"image\":{\"@id\":\"https:\\\/\\\/nauti-parts.com\\\/de\\\/sea-doo\\\/funke\\\/#primaryimage\"},\"thumbnailUrl\":\"https:\\\/\\\/nauti-parts.com\\\/wp-content\\\/uploads\\\/2017\\\/11\\\/sparks-water.jpeg\",\"datePublished\":\"2017-11-09T13:23:24+00:00\",\"dateModified\":\"2026-03-30T13:38:27+00:00\",\"description\":\"Die haarstr\u00e4ubendste und umwerfendste Fahrt auf dem Wasser. Spielen Sie wie nie zuvor, denn noch nie war es so einfach und so lustig, Tricks zu machen!\",\"breadcrumb\":{\"@id\":\"https:\\\/\\\/nauti-parts.com\\\/de\\\/sea-doo\\\/funke\\\/#breadcrumb\"},\"inLanguage\":\"de\",\"potentialAction\":[{\"@type\":\"ReadAction\",\"target\":[\"https:\\\/\\\/nauti-parts.com\\\/de\\\/sea-doo\\\/funke\\\/\"]}]},{\"@type\":\"ImageObject\",\"inLanguage\":\"de\",\"@id\":\"https:\\\/\\\/nauti-parts.com\\\/de\\\/sea-doo\\\/funke\\\/#primaryimage\",\"url\":\"https:\\\/\\\/nauti-parts.com\\\/wp-content\\\/uploads\\\/2017\\\/11\\\/sparks-water.jpeg\",\"contentUrl\":\"https:\\\/\\\/nauti-parts.com\\\/wp-content\\\/uploads\\\/2017\\\/11\\\/sparks-water.jpeg\",\"width\":1322,\"height\":660,\"caption\":\"Gruppen-Jetskiausfl\u00fcge auf Mallorca\"},{\"@type\":\"BreadcrumbList\",\"@id\":\"https:\\\/\\\/nauti-parts.com\\\/de\\\/sea-doo\\\/funke\\\/#breadcrumb\",\"itemListElement\":[{\"@type\":\"ListItem\",\"position\":1,\"name\":\"Sea-Doo\",\"item\":\"https:\\\/\\\/nauti-parts.com\\\/de\\\/sea-doo\\\/\"},{\"@type\":\"ListItem\",\"position\":2,\"name\":\"Funke\"}]},{\"@type\":\"WebSite\",\"@id\":\"https:\\\/\\\/nauti-parts.com\\\/de\\\/#website\",\"url\":\"https:\\\/\\\/nauti-parts.com\\\/de\\\/\",\"name\":\"Nauti Parts\",\"description\":\"Sea-Doo Jet Ski - Seabob Dealer and Rentals | Water Toys Mallorca\",\"publisher\":{\"@id\":\"https:\\\/\\\/nauti-parts.com\\\/de\\\/#organization\"},\"potentialAction\":[{\"@type\":\"SearchAction\",\"target\":{\"@type\":\"EntryPoint\",\"urlTemplate\":\"https:\\\/\\\/nauti-parts.com\\\/de\\\/?s={search_term_string}\"},\"query-input\":{\"@type\":\"PropertyValueSpecification\",\"valueRequired\":true,\"valueName\":\"search_term_string\"}}],\"inLanguage\":\"de\"},{\"@type\":\"Organization\",\"@id\":\"https:\\\/\\\/nauti-parts.com\\\/de\\\/#organization\",\"name\":\"Nauti Teile\",\"url\":\"https:\\\/\\\/nauti-parts.com\\\/de\\\/\",\"logo\":{\"@type\":\"ImageObject\",\"inLanguage\":\"de\",\"@id\":\"https:\\\/\\\/nauti-parts.com\\\/de\\\/#\\\/schema\\\/logo\\\/image\\\/\",\"url\":\"https:\\\/\\\/nauti-parts.com\\\/wp-content\\\/uploads\\\/2023\\\/10\\\/np-logo-black.png\",\"contentUrl\":\"https:\\\/\\\/nauti-parts.com\\\/wp-content\\\/uploads\\\/2023\\\/10\\\/np-logo-black.png\",\"width\":253,\"height\":100,\"caption\":\"Nauti Teile\"},\"image\":{\"@id\":\"https:\\\/\\\/nauti-parts.com\\\/de\\\/#\\\/schema\\\/logo\\\/image\\\/\"},\"sameAs\":[\"https:\\\/\\\/www.facebook.com\\\/nautipartsspain\\\/\",\"https:\\\/\\\/www.instagram.com\\\/nautiparts\\\/\"]}]}<\/script>\n<!-- \/ Yoast SEO plugin. -->","yoast_head_json":{"title":"SPARK TRIXX Sea-Doo Jet Ski verf\u00fcgbar auf Mallorca bei Nauti Parts","description":"Die haarstr\u00e4ubendste und umwerfendste Fahrt auf dem Wasser. Spielen Sie wie nie zuvor, denn noch nie war es so einfach und so lustig, Tricks zu machen!","robots":{"index":"index","follow":"follow","max-snippet":"max-snippet:-1","max-image-preview":"max-image-preview:large","max-video-preview":"max-video-preview:-1"},"canonical":"https:\/\/nauti-parts.com\/de\/sea-doo\/funke\/","og_locale":"de_DE","og_type":"article","og_title":"SPARK TRIXX Sea-Doo Jet Ski verf\u00fcgbar auf Mallorca bei Nauti Parts","og_description":"Die haarstr\u00e4ubendste und umwerfendste Fahrt auf dem Wasser. Spielen Sie wie nie zuvor, denn noch nie war es so einfach und so lustig, Tricks zu machen!","og_url":"https:\/\/nauti-parts.com\/de\/sea-doo\/funke\/","og_site_name":"Nauti Parts","article_publisher":"https:\/\/www.facebook.com\/nautipartsspain\/","article_modified_time":"2026-03-30T13:38:27+00:00","og_image":[{"width":1322,"height":660,"url":"https:\/\/nauti-parts.com\/wp-content\/uploads\/2017\/11\/sparks-water.jpeg","type":"image\/jpeg"}],"twitter_card":"summary_large_image","twitter_misc":{"Gesch\u00e4tzte Lesezeit":"7\u00a0Minuten"},"schema":{"@context":"https:\/\/schema.org","@graph":[{"@type":"WebPage","@id":"https:\/\/nauti-parts.com\/de\/sea-doo\/funke\/","url":"https:\/\/nauti-parts.com\/de\/sea-doo\/funke\/","name":"SPARK TRIXX Sea-Doo Jet Ski verf\u00fcgbar auf Mallorca bei Nauti Parts","isPartOf":{"@id":"https:\/\/nauti-parts.com\/de\/#website"},"primaryImageOfPage":{"@id":"https:\/\/nauti-parts.com\/de\/sea-doo\/funke\/#primaryimage"},"image":{"@id":"https:\/\/nauti-parts.com\/de\/sea-doo\/funke\/#primaryimage"},"thumbnailUrl":"https:\/\/nauti-parts.com\/wp-content\/uploads\/2017\/11\/sparks-water.jpeg","datePublished":"2017-11-09T13:23:24+00:00","dateModified":"2026-03-30T13:38:27+00:00","description":"Die haarstr\u00e4ubendste und umwerfendste Fahrt auf dem Wasser. Spielen Sie wie nie zuvor, denn noch nie war es so einfach und so lustig, Tricks zu machen!","breadcrumb":{"@id":"https:\/\/nauti-parts.com\/de\/sea-doo\/funke\/#breadcrumb"},"inLanguage":"de","potentialAction":[{"@type":"ReadAction","target":["https:\/\/nauti-parts.com\/de\/sea-doo\/funke\/"]}]},{"@type":"ImageObject","inLanguage":"de","@id":"https:\/\/nauti-parts.com\/de\/sea-doo\/funke\/#primaryimage","url":"https:\/\/nauti-parts.com\/wp-content\/uploads\/2017\/11\/sparks-water.jpeg","contentUrl":"https:\/\/nauti-parts.com\/wp-content\/uploads\/2017\/11\/sparks-water.jpeg","width":1322,"height":660,"caption":"Gruppen-Jetskiausfl\u00fcge auf Mallorca"},{"@type":"BreadcrumbList","@id":"https:\/\/nauti-parts.com\/de\/sea-doo\/funke\/#breadcrumb","itemListElement":[{"@type":"ListItem","position":1,"name":"Sea-Doo","item":"https:\/\/nauti-parts.com\/de\/sea-doo\/"},{"@type":"ListItem","position":2,"name":"Funke"}]},{"@type":"WebSite","@id":"https:\/\/nauti-parts.com\/de\/#website","url":"https:\/\/nauti-parts.com\/de\/","name":"Nauti Parts","description":"Sea-Doo Jet Ski - Seabob Dealer and Rentals | Water Toys Mallorca","publisher":{"@id":"https:\/\/nauti-parts.com\/de\/#organization"},"potentialAction":[{"@type":"SearchAction","target":{"@type":"EntryPoint","urlTemplate":"https:\/\/nauti-parts.com\/de\/?s={search_term_string}"},"query-input":{"@type":"PropertyValueSpecification","valueRequired":true,"valueName":"search_term_string"}}],"inLanguage":"de"},{"@type":"Organization","@id":"https:\/\/nauti-parts.com\/de\/#organization","name":"Nauti Teile","url":"https:\/\/nauti-parts.com\/de\/","logo":{"@type":"ImageObject","inLanguage":"de","@id":"https:\/\/nauti-parts.com\/de\/#\/schema\/logo\/image\/","url":"https:\/\/nauti-parts.com\/wp-content\/uploads\/2023\/10\/np-logo-black.png","contentUrl":"https:\/\/nauti-parts.com\/wp-content\/uploads\/2023\/10\/np-logo-black.png","width":253,"height":100,"caption":"Nauti Teile"},"image":{"@id":"https:\/\/nauti-parts.com\/de\/#\/schema\/logo\/image\/"},"sameAs":["https:\/\/www.facebook.com\/nautipartsspain\/","https:\/\/www.instagram.com\/nautiparts\/"]}]}},"_links":{"self":[{"href":"https:\/\/nauti-parts.com\/de\/wp-json\/wp\/v2\/pages\/23952","targetHints":{"allow":["GET"]}}],"collection":[{"href":"https:\/\/nauti-parts.com\/de\/wp-json\/wp\/v2\/pages"}],"about":[{"href":"https:\/\/nauti-parts.com\/de\/wp-json\/wp\/v2\/types\/page"}],"author":[{"embeddable":true,"href":"https:\/\/nauti-parts.com\/de\/wp-json\/wp\/v2\/users\/1"}],"replies":[{"embeddable":true,"href":"https:\/\/nauti-parts.com\/de\/wp-json\/wp\/v2\/comments?post=23952"}],"version-history":[{"count":0,"href":"https:\/\/nauti-parts.com\/de\/wp-json\/wp\/v2\/pages\/23952\/revisions"}],"up":[{"embeddable":true,"href":"https:\/\/nauti-parts.com\/de\/wp-json\/wp\/v2\/pages\/24158"}],"wp:featuredmedia":[{"embeddable":true,"href":"https:\/\/nauti-parts.com\/de\/wp-json\/wp\/v2\/media\/23955"}],"wp:attachment":[{"href":"https:\/\/nauti-parts.com\/de\/wp-json\/wp\/v2\/media?parent=23952"}],"curies":[{"name":"wp","href":"https:\/\/api.w.org\/{rel}","templated":true}]}}