{"id":23901,"date":"2018-10-19T08:21:53","date_gmt":"2018-10-19T08:21:53","guid":{"rendered":"https:\/\/nauti-parts.com\/sea-doo-teile\/"},"modified":"2026-03-30T13:38:40","modified_gmt":"2026-03-30T13:38:40","slug":"sea-doo-teile","status":"publish","type":"page","link":"https:\/\/nauti-parts.com\/de\/service\/sea-doo-teile\/","title":{"rendered":"Sea-Doo Teile"},"content":{"rendered":"<div class=\"wpb-content-wrapper\"><p>[vc_section][vc_row][vc_column width=&#8221;1\/4&#8243;][\/vc_column][vc_column width=&#8221;1\/2&#8243; css=&#8221;.vc_custom_1539937951382{margin-top: 30px !important;}&#8221;][vc_column_text]<\/p>\n<h3 style=\"text-align: center;\">Bestellen Sie Ihre Sea-Doo Jet Ski Teile online bei Nauti Parts<\/h3>\n<p style=\"text-align: center;\">Um Ihnen die Beschaffung der ben\u00f6tigten Teile f\u00fcr Ihren Sea-Doo zu erleichtern, k\u00f6nnen Sie bei uns alle ben\u00f6tigten Teile online bestellen. Klicken Sie einfach auf den unten stehenden Link und folgen Sie den Anweisungen. W\u00e4hlen Sie das Jahr Ihres Skis, das Jetskimodell und dann die Teile, die Sie ben\u00f6tigen. Um zu bestellen, klicken Sie einfach auf das Einkaufswagen-Symbol neben dem Namen des Teils. Wenn Sie Ihre Bestellung abgeschlossen haben, k\u00f6nnen Sie oben rechts auf dem Bildschirm Ihre &#8216;Auswahlliste&#8217; ansehen und dann die Druckoption w\u00e4hlen und das Ziel in &#8216;Als pdf speichern&#8217; \u00e4ndern.   <\/p>\n<p style=\"text-align: center;\"><strong>Dann mailen Sie uns das pdf an <a href=\"mailto:nautiparts@yahoo.com\">nautiparts@yahoo.com<\/a> und wir werden die Bestellung gerne f\u00fcr Sie erledigen.<\/strong><\/p>\n<p>[\/vc_column_text][vc_btn title=&#8221;Bestellen Sie Ihre Sea-Doo Teile&#8221; style=&#8221;flat&#8221; shape=&#8221;square&#8221; color=&#8221;info&#8221; size=&#8221;lg&#8221; align=&#8221;center&#8221; link=&#8221;url:http%3A%2F%2Fepc.brp.com%2FIndex.aspx%3Flang%3DE%26s1%3Dacd9ab06-4691-427e-a43d-0483cea535bc|target:%20_blank|&#8221; el_id=&#8221;seebtn&#8221;][\/vc_column][vc_column width=&#8221;1\/4&#8243;][\/vc_column][\/vc_row][\/vc_section]<\/p>\n<\/div>","protected":false},"excerpt":{"rendered":"<p>[vc_section][vc_row][vc_column width=&#8221;1\/4&#8243;][\/vc_column][vc_column width=&#8221;1\/2&#8243; css=&#8221;.vc_custom_1539937951382{margin-top: 30px !important;}&#8221;][vc_column_text] Bestellen Sie Ihre Sea-Doo Jet Ski Teile online bei Nauti Parts Um Ihnen die Beschaffung der ben\u00f6tigten Teile f\u00fcr Ihren Sea-Doo zu erleichtern, k\u00f6nnen Sie bei uns alle ben\u00f6tigten Teile online bestellen. Klicken Sie einfach auf den unten stehenden Link und folgen Sie den Anweisungen. W\u00e4hlen Sie das Jahr [&hellip;]<\/p>\n","protected":false},"author":1,"featured_media":23903,"parent":24229,"menu_order":0,"comment_status":"closed","ping_status":"closed","template":"","meta":{"_acf_changed":false,"footnotes":""},"class_list":["post-23901","page","type-page","status-publish","has-post-thumbnail","hentry","repupress_customize_woocommerce_productom_class"],"acf":[],"yoast_head":"<!-- This site is optimized with the Yoast SEO plugin v27.5 - https:\/\/yoast.com\/product\/yoast-seo-wordpress\/ -->\n<title>Sea-Doo Teile | Nauti Parts<\/title>\n<meta name=\"robots\" content=\"index, follow, max-snippet:-1, max-image-preview:large, max-video-preview:-1\" \/>\n<link rel=\"canonical\" href=\"https:\/\/nauti-parts.com\/de\/service\/sea-doo-teile\/\" \/>\n<meta property=\"og:locale\" content=\"de_DE\" \/>\n<meta property=\"og:type\" content=\"article\" \/>\n<meta property=\"og:title\" content=\"Sea-Doo Teile | Nauti Parts\" \/>\n<meta property=\"og:description\" content=\"[vc_section][vc_row][vc_column width=&#8221;1\/4&#8243;][\/vc_column][vc_column width=&#8221;1\/2&#8243; css=&#8221;.vc_custom_1539937951382{margin-top: 30px !important;}&#8221;][vc_column_text] Bestellen Sie Ihre Sea-Doo Jet Ski Teile online bei Nauti Parts Um Ihnen die Beschaffung der ben\u00f6tigten Teile f\u00fcr Ihren Sea-Doo zu erleichtern, k\u00f6nnen Sie bei uns alle ben\u00f6tigten Teile online bestellen. Klicken Sie einfach auf den unten stehenden Link und folgen Sie den Anweisungen. W\u00e4hlen Sie das Jahr [&hellip;]\" \/>\n<meta property=\"og:url\" content=\"https:\/\/nauti-parts.com\/de\/service\/sea-doo-teile\/\" \/>\n<meta property=\"og:site_name\" content=\"Nauti Parts\" \/>\n<meta property=\"article:publisher\" content=\"https:\/\/www.facebook.com\/nautipartsspain\/\" \/>\n<meta property=\"article:modified_time\" content=\"2026-03-30T13:38:40+00:00\" \/>\n<meta property=\"og:image\" content=\"https:\/\/nauti-parts.com\/wp-content\/uploads\/2018\/10\/Sea-Doo-parts.jpg\" \/>\n\t<meta property=\"og:image:width\" content=\"2560\" \/>\n\t<meta property=\"og:image:height\" content=\"1708\" \/>\n\t<meta property=\"og:image:type\" content=\"image\/jpeg\" \/>\n<meta name=\"twitter:card\" content=\"summary_large_image\" \/>\n<meta name=\"twitter:label1\" content=\"Gesch\u00e4tzte Lesezeit\" \/>\n\t<meta name=\"twitter:data1\" content=\"1\u00a0Minute\" \/>\n<script type=\"application\/ld+json\" class=\"yoast-schema-graph\">{\"@context\":\"https:\\\/\\\/schema.org\",\"@graph\":[{\"@type\":\"WebPage\",\"@id\":\"https:\\\/\\\/nauti-parts.com\\\/de\\\/service\\\/sea-doo-teile\\\/\",\"url\":\"https:\\\/\\\/nauti-parts.com\\\/de\\\/service\\\/sea-doo-teile\\\/\",\"name\":\"Sea-Doo Teile | Nauti Parts\",\"isPartOf\":{\"@id\":\"https:\\\/\\\/nauti-parts.com\\\/de\\\/#website\"},\"primaryImageOfPage\":{\"@id\":\"https:\\\/\\\/nauti-parts.com\\\/de\\\/service\\\/sea-doo-teile\\\/#primaryimage\"},\"image\":{\"@id\":\"https:\\\/\\\/nauti-parts.com\\\/de\\\/service\\\/sea-doo-teile\\\/#primaryimage\"},\"thumbnailUrl\":\"https:\\\/\\\/nauti-parts.com\\\/wp-content\\\/uploads\\\/2018\\\/10\\\/Sea-Doo-parts.jpg\",\"datePublished\":\"2018-10-19T08:21:53+00:00\",\"dateModified\":\"2026-03-30T13:38:40+00:00\",\"breadcrumb\":{\"@id\":\"https:\\\/\\\/nauti-parts.com\\\/de\\\/service\\\/sea-doo-teile\\\/#breadcrumb\"},\"inLanguage\":\"de\",\"potentialAction\":[{\"@type\":\"ReadAction\",\"target\":[\"https:\\\/\\\/nauti-parts.com\\\/de\\\/service\\\/sea-doo-teile\\\/\"]}]},{\"@type\":\"ImageObject\",\"inLanguage\":\"de\",\"@id\":\"https:\\\/\\\/nauti-parts.com\\\/de\\\/service\\\/sea-doo-teile\\\/#primaryimage\",\"url\":\"https:\\\/\\\/nauti-parts.com\\\/wp-content\\\/uploads\\\/2018\\\/10\\\/Sea-Doo-parts.jpg\",\"contentUrl\":\"https:\\\/\\\/nauti-parts.com\\\/wp-content\\\/uploads\\\/2018\\\/10\\\/Sea-Doo-parts.jpg\",\"width\":2560,\"height\":1708,\"caption\":\"Sea-Doo Jet Ski Ersatzteile Mallorca\"},{\"@type\":\"BreadcrumbList\",\"@id\":\"https:\\\/\\\/nauti-parts.com\\\/de\\\/service\\\/sea-doo-teile\\\/#breadcrumb\",\"itemListElement\":[{\"@type\":\"ListItem\",\"position\":1,\"name\":\"Service\",\"item\":\"https:\\\/\\\/nauti-parts.com\\\/de\\\/service\\\/\"},{\"@type\":\"ListItem\",\"position\":2,\"name\":\"Sea-Doo Teile\"}]},{\"@type\":\"WebSite\",\"@id\":\"https:\\\/\\\/nauti-parts.com\\\/de\\\/#website\",\"url\":\"https:\\\/\\\/nauti-parts.com\\\/de\\\/\",\"name\":\"Nauti Parts\",\"description\":\"Sea-Doo Jet Ski - Seabob Dealer and Rentals | Water Toys Mallorca\",\"publisher\":{\"@id\":\"https:\\\/\\\/nauti-parts.com\\\/de\\\/#organization\"},\"potentialAction\":[{\"@type\":\"SearchAction\",\"target\":{\"@type\":\"EntryPoint\",\"urlTemplate\":\"https:\\\/\\\/nauti-parts.com\\\/de\\\/?s={search_term_string}\"},\"query-input\":{\"@type\":\"PropertyValueSpecification\",\"valueRequired\":true,\"valueName\":\"search_term_string\"}}],\"inLanguage\":\"de\"},{\"@type\":\"Organization\",\"@id\":\"https:\\\/\\\/nauti-parts.com\\\/de\\\/#organization\",\"name\":\"Nauti Teile\",\"url\":\"https:\\\/\\\/nauti-parts.com\\\/de\\\/\",\"logo\":{\"@type\":\"ImageObject\",\"inLanguage\":\"de\",\"@id\":\"https:\\\/\\\/nauti-parts.com\\\/de\\\/#\\\/schema\\\/logo\\\/image\\\/\",\"url\":\"https:\\\/\\\/nauti-parts.com\\\/wp-content\\\/uploads\\\/2023\\\/10\\\/np-logo-black.png\",\"contentUrl\":\"https:\\\/\\\/nauti-parts.com\\\/wp-content\\\/uploads\\\/2023\\\/10\\\/np-logo-black.png\",\"width\":253,\"height\":100,\"caption\":\"Nauti Teile\"},\"image\":{\"@id\":\"https:\\\/\\\/nauti-parts.com\\\/de\\\/#\\\/schema\\\/logo\\\/image\\\/\"},\"sameAs\":[\"https:\\\/\\\/www.facebook.com\\\/nautipartsspain\\\/\",\"https:\\\/\\\/www.instagram.com\\\/nautiparts\\\/\"]}]}<\/script>\n<!-- \/ Yoast SEO plugin. -->","yoast_head_json":{"title":"Sea-Doo Teile | Nauti Parts","robots":{"index":"index","follow":"follow","max-snippet":"max-snippet:-1","max-image-preview":"max-image-preview:large","max-video-preview":"max-video-preview:-1"},"canonical":"https:\/\/nauti-parts.com\/de\/service\/sea-doo-teile\/","og_locale":"de_DE","og_type":"article","og_title":"Sea-Doo Teile | Nauti Parts","og_description":"[vc_section][vc_row][vc_column width=&#8221;1\/4&#8243;][\/vc_column][vc_column width=&#8221;1\/2&#8243; css=&#8221;.vc_custom_1539937951382{margin-top: 30px !important;}&#8221;][vc_column_text] Bestellen Sie Ihre Sea-Doo Jet Ski Teile online bei Nauti Parts Um Ihnen die Beschaffung der ben\u00f6tigten Teile f\u00fcr Ihren Sea-Doo zu erleichtern, k\u00f6nnen Sie bei uns alle ben\u00f6tigten Teile online bestellen. Klicken Sie einfach auf den unten stehenden Link und folgen Sie den Anweisungen. W\u00e4hlen Sie das Jahr [&hellip;]","og_url":"https:\/\/nauti-parts.com\/de\/service\/sea-doo-teile\/","og_site_name":"Nauti Parts","article_publisher":"https:\/\/www.facebook.com\/nautipartsspain\/","article_modified_time":"2026-03-30T13:38:40+00:00","og_image":[{"width":2560,"height":1708,"url":"https:\/\/nauti-parts.com\/wp-content\/uploads\/2018\/10\/Sea-Doo-parts.jpg","type":"image\/jpeg"}],"twitter_card":"summary_large_image","twitter_misc":{"Gesch\u00e4tzte Lesezeit":"1\u00a0Minute"},"schema":{"@context":"https:\/\/schema.org","@graph":[{"@type":"WebPage","@id":"https:\/\/nauti-parts.com\/de\/service\/sea-doo-teile\/","url":"https:\/\/nauti-parts.com\/de\/service\/sea-doo-teile\/","name":"Sea-Doo Teile | Nauti Parts","isPartOf":{"@id":"https:\/\/nauti-parts.com\/de\/#website"},"primaryImageOfPage":{"@id":"https:\/\/nauti-parts.com\/de\/service\/sea-doo-teile\/#primaryimage"},"image":{"@id":"https:\/\/nauti-parts.com\/de\/service\/sea-doo-teile\/#primaryimage"},"thumbnailUrl":"https:\/\/nauti-parts.com\/wp-content\/uploads\/2018\/10\/Sea-Doo-parts.jpg","datePublished":"2018-10-19T08:21:53+00:00","dateModified":"2026-03-30T13:38:40+00:00","breadcrumb":{"@id":"https:\/\/nauti-parts.com\/de\/service\/sea-doo-teile\/#breadcrumb"},"inLanguage":"de","potentialAction":[{"@type":"ReadAction","target":["https:\/\/nauti-parts.com\/de\/service\/sea-doo-teile\/"]}]},{"@type":"ImageObject","inLanguage":"de","@id":"https:\/\/nauti-parts.com\/de\/service\/sea-doo-teile\/#primaryimage","url":"https:\/\/nauti-parts.com\/wp-content\/uploads\/2018\/10\/Sea-Doo-parts.jpg","contentUrl":"https:\/\/nauti-parts.com\/wp-content\/uploads\/2018\/10\/Sea-Doo-parts.jpg","width":2560,"height":1708,"caption":"Sea-Doo Jet Ski Ersatzteile Mallorca"},{"@type":"BreadcrumbList","@id":"https:\/\/nauti-parts.com\/de\/service\/sea-doo-teile\/#breadcrumb","itemListElement":[{"@type":"ListItem","position":1,"name":"Service","item":"https:\/\/nauti-parts.com\/de\/service\/"},{"@type":"ListItem","position":2,"name":"Sea-Doo Teile"}]},{"@type":"WebSite","@id":"https:\/\/nauti-parts.com\/de\/#website","url":"https:\/\/nauti-parts.com\/de\/","name":"Nauti Parts","description":"Sea-Doo Jet Ski - Seabob Dealer and Rentals | Water Toys Mallorca","publisher":{"@id":"https:\/\/nauti-parts.com\/de\/#organization"},"potentialAction":[{"@type":"SearchAction","target":{"@type":"EntryPoint","urlTemplate":"https:\/\/nauti-parts.com\/de\/?s={search_term_string}"},"query-input":{"@type":"PropertyValueSpecification","valueRequired":true,"valueName":"search_term_string"}}],"inLanguage":"de"},{"@type":"Organization","@id":"https:\/\/nauti-parts.com\/de\/#organization","name":"Nauti Teile","url":"https:\/\/nauti-parts.com\/de\/","logo":{"@type":"ImageObject","inLanguage":"de","@id":"https:\/\/nauti-parts.com\/de\/#\/schema\/logo\/image\/","url":"https:\/\/nauti-parts.com\/wp-content\/uploads\/2023\/10\/np-logo-black.png","contentUrl":"https:\/\/nauti-parts.com\/wp-content\/uploads\/2023\/10\/np-logo-black.png","width":253,"height":100,"caption":"Nauti Teile"},"image":{"@id":"https:\/\/nauti-parts.com\/de\/#\/schema\/logo\/image\/"},"sameAs":["https:\/\/www.facebook.com\/nautipartsspain\/","https:\/\/www.instagram.com\/nautiparts\/"]}]}},"_links":{"self":[{"href":"https:\/\/nauti-parts.com\/de\/wp-json\/wp\/v2\/pages\/23901","targetHints":{"allow":["GET"]}}],"collection":[{"href":"https:\/\/nauti-parts.com\/de\/wp-json\/wp\/v2\/pages"}],"about":[{"href":"https:\/\/nauti-parts.com\/de\/wp-json\/wp\/v2\/types\/page"}],"author":[{"embeddable":true,"href":"https:\/\/nauti-parts.com\/de\/wp-json\/wp\/v2\/users\/1"}],"replies":[{"embeddable":true,"href":"https:\/\/nauti-parts.com\/de\/wp-json\/wp\/v2\/comments?post=23901"}],"version-history":[{"count":0,"href":"https:\/\/nauti-parts.com\/de\/wp-json\/wp\/v2\/pages\/23901\/revisions"}],"up":[{"embeddable":true,"href":"https:\/\/nauti-parts.com\/de\/wp-json\/wp\/v2\/pages\/24229"}],"wp:featuredmedia":[{"embeddable":true,"href":"https:\/\/nauti-parts.com\/de\/wp-json\/wp\/v2\/media\/23903"}],"wp:attachment":[{"href":"https:\/\/nauti-parts.com\/de\/wp-json\/wp\/v2\/media?parent=23901"}],"curies":[{"name":"wp","href":"https:\/\/api.w.org\/{rel}","templated":true}]}}